{"id":9365,"date":"2024-03-18T13:30:29","date_gmt":"2024-03-18T13:30:29","guid":{"rendered":"https:\/\/ecoquimic.com\/?page_id=9365"},"modified":"2025-07-02T08:10:50","modified_gmt":"2025-07-02T08:10:50","slug":"gloval-523","status":"publish","type":"page","link":"https:\/\/ecoquimic.com\/ca\/productos\/lavanderia-gloval-2\/gloval-523\/","title":{"rendered":"Gloval 523"},"content":{"rendered":"<div data-colibri-id=\"9365-c1\" class=\"style-5251 style-local-9365-c1 position-relative\">\n  <!---->\n  <div data-colibri-component=\"section\" data-colibri-id=\"9365-c2\" id=\"reusable-sections-2\" class=\"h-section h-section-global-spacing d-flex align-items-lg-center align-items-md-center align-items-center style-12903 style-local-9365-c2 position-relative\">\n    <!---->\n    <!---->\n    <div class=\"h-section-grid-container h-section-fluid-container\">\n      <!---->\n      <div data-colibri-id=\"9365-c3\" class=\"h-row-container gutters-row-lg-0 gutters-row-md-0 gutters-row-2 gutters-row-v-lg-0 gutters-row-v-md-0 gutters-row-v-2 style-12904 style-local-9365-c3 position-relative\">\n        <!---->\n        <div class=\"h-row justify-content-lg-center justify-content-md-center justify-content-center align-items-lg-stretch align-items-md-stretch align-items-stretch gutters-col-lg-0 gutters-col-md-0 gutters-col-2 gutters-col-v-lg-0 gutters-col-v-md-0 gutters-col-v-2\">\n          <!---->\n          <div class=\"h-column h-column-container d-flex h-col-lg-auto h-col-md-auto h-col-auto style-12905-outer style-local-9365-c4-outer\">\n            <div data-colibri-id=\"9365-c4\" class=\"d-flex h-flex-basis h-column__inner h-px-lg-3 h-px-md-3 h-px-0 v-inner-lg-0 v-inner-md-3 v-inner-0 style-12905 style-local-9365-c4 position-relative\">\n              <!---->\n              <!---->\n              <div class=\"w-100 h-y-container h-column__content h-column__v-align flex-basis-100 align-self-lg-start align-self-md-start align-self-start\">\n                <!---->\n                <div data-colibri-id=\"9365-c5\" class=\"h-global-transition-all h-heading style-12906 style-local-9365-c5 position-relative h-element\">\n                  <!---->\n                  <div class=\"h-heading__outer style-12906 style-local-9365-c5\">\n                    <!---->\n                    <!---->\n                    <h4 class=\"\">GLOVAL 523<\/h4>\n                  <\/div>\n                <\/div>\n                <div data-colibri-id=\"9365-c6\" class=\"h-text h-text-component style-10350 style-local-9365-c6 position-relative h-element\">\n                  <!---->\n                  <!---->\n                  <div class=\"\">\n                    <p>Detergent humectant<\/p>\n                  <\/div>\n                <\/div>\n                <div data-colibri-id=\"9365-c7\" class=\"h-text h-text-component style-12907 style-local-9365-c7 position-relative h-element\">\n                  <!---->\n                  <!---->\n                  <div class=\"\">\n                    <p><span style=\"font-weight: 400; font-size: 16px; font-family: Montserrat; color: rgb(102, 102, 102);\">Detergent humectant d'alta concentraci\u00f3 de tensioactius per a la rentada de roba a nivell industrial<\/span><\/p>\n                  <\/div>\n                <\/div>\n                <div data-colibri-id=\"9365-c8\" class=\"h-divider style-12908 style-local-9365-c8 position-relative h-element\">\n                  <!----><span class=\"h-divider__line style-12908-line style-local-9365-c8-line style-12908-line style-local-9365-c8-line\"><\/span><\/div>\n                <div data-colibri-id=\"9365-c9\" class=\"h-row-container gutters-row-lg-2 gutters-row-md-2 gutters-row-0 gutters-row-v-lg-2 gutters-row-v-md-2 gutters-row-v-0 style-12909 style-local-9365-c9 position-relative\">\n                  <!---->\n                  <div class=\"h-row justify-content-lg-center justify-content-md-center justify-content-center align-items-lg-stretch align-items-md-stretch align-items-stretch gutters-col-lg-2 gutters-col-md-2 gutters-col-0 gutters-col-v-lg-2 gutters-col-v-md-2 gutters-col-v-0\">\n                    <!---->\n                    <div class=\"h-column h-column-container d-flex h-col-lg-12 h-col-md-12 h-col-12 style-12910-outer style-local-9365-c10-outer\">\n                      <div data-colibri-id=\"9365-c10\" class=\"d-flex h-flex-basis h-column__inner h-px-lg-0 h-px-md-0 h-px-0 v-inner-lg-0 v-inner-md-0 v-inner-0 style-12910 style-local-9365-c10 position-relative\">\n                        <!---->\n                        <!---->\n                        <div class=\"w-100 h-y-container h-column__content h-column__v-align flex-basis-100 align-self-lg-start align-self-md-start align-self-start\">\n                          <!---->\n                          <div data-colibri-id=\"9365-c11\" class=\"h-global-transition-all h-heading style-12911 style-local-9365-c11 position-relative h-element\">\n                            <!---->\n                            <div class=\"h-heading__outer style-12911 style-local-9365-c11\">\n                              <!---->\n                              <!---->\n                              <h3 class=\"\">Informaci\u00f3<\/h3>\n                            <\/div>\n                          <\/div>\n                          <div data-colibri-id=\"9365-c12\" class=\"h-text h-text-component style-12912 style-local-9365-c12 position-relative h-element\">\n                            <!---->\n                            <!---->\n                            <div class=\"\">\n                              <p><span style=\"font-weight: 400; font-size: 16px; font-family: Montserrat; color: rgb(102, 102, 102);\">Act\u00faa sobre cualquier tipo de mancha de origen graso durante el lavado para eliminarla de la ropa y disolverla en el agua de lavado.<\/span><\/p>\n                              <p><span style=\"color: rgb(102, 102, 102); font-family: Montserrat; font-size: 16px; font-weight: 400;\">Gran eficiencia, su elevada concentraci\u00f3n en materia activa permite obtener buenos resultados incluso a dosificaciones bajas.<\/span><\/p>\n                            <\/div>\n                          <\/div>\n                          <div data-colibri-id=\"9365-c13\" class=\"style-12913 style-local-9365-c13 h-hide-lg h-hide-md position-relative h-element\">\n                            <!---->\n                          <\/div>\n                        <\/div>\n                      <\/div>\n                    <\/div>\n                  <\/div>\n                <\/div>\n              <\/div>\n            <\/div>\n          <\/div>\n          <div class=\"h-column h-column-container d-flex h-col-lg-auto h-col-md-auto h-col-auto style-12914-outer style-local-9365-c14-outer\">\n            <div data-colibri-id=\"9365-c14\" class=\"d-flex h-flex-basis h-column__inner h-px-lg-0 h-px-md-0 h-px-0 v-inner-lg-0 v-inner-md-0 v-inner-0 style-12914 style-local-9365-c14 position-relative\">\n              <!---->\n              <!---->\n              <div class=\"w-100 h-y-container h-column__content h-column__v-align flex-basis-100 align-self-lg-center align-self-md-center align-self-center\">\n                <!---->\n                <div data-colibri-id=\"9365-c15\" class=\"d-block style-12915 style-local-9365-c15 position-relative h-element\">\n                  <!---->\n                  <div class=\"h-image__frame-container-outer\">\n                    <div class=\"h-image__frame-container\">\n                      <!---->\n                      <!---->\n                      <img loading=\"lazy\" decoding=\"async\" width=\"1868\" height=\"2235\" src=\"https:\/\/ecoquimic.com\/wp-content\/uploads\/2025\/07\/523.png\" class=\"wp-image-23288 style-12915-image style-local-9365-c15-image\" alt=\"\" srcset=\"https:\/\/ecoquimic.com\/wp-content\/uploads\/2025\/07\/523.png 1868w, https:\/\/ecoquimic.com\/wp-content\/uploads\/2025\/07\/523-251x300.png 251w, https:\/\/ecoquimic.com\/wp-content\/uploads\/2025\/07\/523-856x1024.png 856w, https:\/\/ecoquimic.com\/wp-content\/uploads\/2025\/07\/523-768x919.png 768w, https:\/\/ecoquimic.com\/wp-content\/uploads\/2025\/07\/523-1284x1536.png 1284w, https:\/\/ecoquimic.com\/wp-content\/uploads\/2025\/07\/523-1712x2048.png 1712w, https:\/\/ecoquimic.com\/wp-content\/uploads\/2025\/07\/523-10x12.png 10w, https:\/\/ecoquimic.com\/wp-content\/uploads\/2025\/07\/523-20x24.png 20w, https:\/\/ecoquimic.com\/wp-content\/uploads\/2025\/07\/523-30x36.png 30w, https:\/\/ecoquimic.com\/wp-content\/uploads\/2025\/07\/523-40x48.png 40w\" sizes=\"auto, (max-width: 1868px) 100vw, 1868px\" \/>\n                      <div class=\"h-image__frame h-hide-lg h-hide-md h-hide-sm style-12915-frameImage style-local-9365-c15-frameImage\"><\/div>\n                    <\/div>\n                  <\/div>\n                <\/div>\n              <\/div>\n            <\/div>\n          <\/div>\n        <\/div>\n      <\/div>\n    <\/div>\n  <\/div>\n<\/div>","protected":false},"excerpt":{"rendered":"<p>GLOVAL 523 Detergente humectante Detergente humectante de alta concentraci\u00f3n de tensioactivos para el lavado de ropa a nivel industrial Informaci\u00f3n Act\u00faa sobre cualquier tipo de mancha de origen graso durante el lavado para eliminarla de la ropa y disolverla en el agua de lavado. Gran eficiencia, su elevada concentraci\u00f3n en materia activa permite obtener buenos [&hellip;]<\/p>\n","protected":false},"author":10,"featured_media":0,"parent":7960,"menu_order":12,"comment_status":"closed","ping_status":"closed","template":"page-templates\/full-width-page.php","meta":{"footnotes":""},"class_list":["post-9365","page","type-page","status-publish","hentry"],"yoast_head":"<!-- This site is optimized with the Yoast SEO plugin v27.5 - https:\/\/yoast.com\/product\/yoast-seo-wordpress\/ -->\n<title>Gloval 523 - Ecoquimic<\/title>\n<meta name=\"description\" content=\"Fabricaci\u00f3n de productos qu\u00edmicos, marcas blancas, productos de limpieza, automoci\u00f3n, n\u00e1utica, lavander\u00eda industrial, lavander\u00eda dom\u00e9stica, construcci\u00f3n, Canal Horeca, productos biol\u00f3gicos, ambientadores, piscina. Ecoquimic - Gloval 523\" \/>\n<meta name=\"robots\" content=\"index, follow, max-snippet:-1, max-image-preview:large, max-video-preview:-1\" \/>\n<link rel=\"canonical\" href=\"https:\/\/ecoquimic.com\/ca\/productos\/lavanderia-gloval-2\/gloval-523\/\" \/>\n<meta property=\"og:locale\" content=\"ca_ES\" \/>\n<meta property=\"og:type\" content=\"article\" \/>\n<meta property=\"og:title\" content=\"Gloval 523 - Ecoquimic\" \/>\n<meta property=\"og:description\" content=\"Fabricaci\u00f3n de productos qu\u00edmicos, marcas blancas, productos de limpieza, automoci\u00f3n, n\u00e1utica, lavander\u00eda industrial, lavander\u00eda dom\u00e9stica, construcci\u00f3n, Canal Horeca, productos biol\u00f3gicos, ambientadores, piscina. Ecoquimic - Gloval 523\" \/>\n<meta property=\"og:url\" content=\"https:\/\/ecoquimic.com\/ca\/productos\/lavanderia-gloval-2\/gloval-523\/\" \/>\n<meta property=\"og:site_name\" content=\"Ecoquimic\" \/>\n<meta property=\"article:publisher\" content=\"https:\/\/www.facebook.com\/EcoquimicBalear\/\" \/>\n<meta property=\"article:modified_time\" content=\"2025-07-02T08:10:50+00:00\" \/>\n<meta property=\"og:image\" content=\"https:\/\/ecoquimic.com\/wp-content\/uploads\/2025\/07\/523-856x1024.png\" \/>\n\t<meta property=\"og:image:width\" content=\"856\" \/>\n\t<meta property=\"og:image:height\" content=\"1024\" \/>\n\t<meta property=\"og:image:type\" content=\"image\/png\" \/>\n<meta name=\"twitter:card\" content=\"summary_large_image\" \/>\n<meta name=\"twitter:site\" content=\"@EcoquimicBalear\" \/>\n<script type=\"application\/ld+json\" class=\"yoast-schema-graph\">{\"@context\":\"https:\\\/\\\/schema.org\",\"@graph\":[{\"@type\":\"WebPage\",\"@id\":\"https:\\\/\\\/ecoquimic.com\\\/productos\\\/lavanderia-gloval-2\\\/gloval-523\\\/\",\"url\":\"https:\\\/\\\/ecoquimic.com\\\/productos\\\/lavanderia-gloval-2\\\/gloval-523\\\/\",\"name\":\"Gloval 523 - Ecoquimic\",\"isPartOf\":{\"@id\":\"https:\\\/\\\/ecoquimic.com\\\/#website\"},\"primaryImageOfPage\":{\"@id\":\"https:\\\/\\\/ecoquimic.com\\\/productos\\\/lavanderia-gloval-2\\\/gloval-523\\\/#primaryimage\"},\"image\":{\"@id\":\"https:\\\/\\\/ecoquimic.com\\\/productos\\\/lavanderia-gloval-2\\\/gloval-523\\\/#primaryimage\"},\"thumbnailUrl\":\"https:\\\/\\\/ecoquimic.com\\\/wp-content\\\/uploads\\\/2025\\\/07\\\/523.png\",\"datePublished\":\"2024-03-18T13:30:29+00:00\",\"dateModified\":\"2025-07-02T08:10:50+00:00\",\"description\":\"Fabricaci\u00f3n de productos qu\u00edmicos, marcas blancas, productos de limpieza, automoci\u00f3n, n\u00e1utica, lavander\u00eda industrial, lavander\u00eda dom\u00e9stica, construcci\u00f3n, Canal Horeca, productos biol\u00f3gicos, ambientadores, piscina. Ecoquimic - Gloval 523\",\"breadcrumb\":{\"@id\":\"https:\\\/\\\/ecoquimic.com\\\/productos\\\/lavanderia-gloval-2\\\/gloval-523\\\/#breadcrumb\"},\"inLanguage\":\"ca\",\"potentialAction\":[{\"@type\":\"ReadAction\",\"target\":[\"https:\\\/\\\/ecoquimic.com\\\/productos\\\/lavanderia-gloval-2\\\/gloval-523\\\/\"]}]},{\"@type\":\"ImageObject\",\"inLanguage\":\"ca\",\"@id\":\"https:\\\/\\\/ecoquimic.com\\\/productos\\\/lavanderia-gloval-2\\\/gloval-523\\\/#primaryimage\",\"url\":\"https:\\\/\\\/ecoquimic.com\\\/wp-content\\\/uploads\\\/2025\\\/07\\\/523.png\",\"contentUrl\":\"https:\\\/\\\/ecoquimic.com\\\/wp-content\\\/uploads\\\/2025\\\/07\\\/523.png\"},{\"@type\":\"BreadcrumbList\",\"@id\":\"https:\\\/\\\/ecoquimic.com\\\/productos\\\/lavanderia-gloval-2\\\/gloval-523\\\/#breadcrumb\",\"itemListElement\":[{\"@type\":\"ListItem\",\"position\":1,\"name\":\"Portada\",\"item\":\"https:\\\/\\\/ecoquimic.com\\\/\"},{\"@type\":\"ListItem\",\"position\":2,\"name\":\"Productos\",\"item\":\"https:\\\/\\\/ecoquimic.com\\\/productos\\\/\"},{\"@type\":\"ListItem\",\"position\":3,\"name\":\"Lavander\u00eda Gloval\",\"item\":\"https:\\\/\\\/ecoquimic.com\\\/productos\\\/lavanderia-gloval-2\\\/\"},{\"@type\":\"ListItem\",\"position\":4,\"name\":\"Gloval 523\"}]},{\"@type\":\"WebSite\",\"@id\":\"https:\\\/\\\/ecoquimic.com\\\/#website\",\"url\":\"https:\\\/\\\/ecoquimic.com\\\/\",\"name\":\"Ecoquimic\",\"description\":\"F\u00e1brica productos qu\u00edmicos de limpieza en Mallorca, Baleares, Espa\u00f1a\",\"publisher\":{\"@id\":\"https:\\\/\\\/ecoquimic.com\\\/#organization\"},\"potentialAction\":[{\"@type\":\"SearchAction\",\"target\":{\"@type\":\"EntryPoint\",\"urlTemplate\":\"https:\\\/\\\/ecoquimic.com\\\/?s={search_term_string}\"},\"query-input\":{\"@type\":\"PropertyValueSpecification\",\"valueRequired\":true,\"valueName\":\"search_term_string\"}}],\"inLanguage\":\"ca\"},{\"@type\":\"Organization\",\"@id\":\"https:\\\/\\\/ecoquimic.com\\\/#organization\",\"name\":\"Ecoquimic\",\"url\":\"https:\\\/\\\/ecoquimic.com\\\/\",\"logo\":{\"@type\":\"ImageObject\",\"inLanguage\":\"ca\",\"@id\":\"https:\\\/\\\/ecoquimic.com\\\/#\\\/schema\\\/logo\\\/image\\\/\",\"url\":\"https:\\\/\\\/ecoquimic.com\\\/wp-content\\\/uploads\\\/2021\\\/10\\\/ecoquimic.png\",\"contentUrl\":\"https:\\\/\\\/ecoquimic.com\\\/wp-content\\\/uploads\\\/2021\\\/10\\\/ecoquimic.png\",\"width\":200,\"height\":93,\"caption\":\"Ecoquimic\"},\"image\":{\"@id\":\"https:\\\/\\\/ecoquimic.com\\\/#\\\/schema\\\/logo\\\/image\\\/\"},\"sameAs\":[\"https:\\\/\\\/www.facebook.com\\\/EcoquimicBalear\\\/\",\"https:\\\/\\\/x.com\\\/EcoquimicBalear\",\"https:\\\/\\\/www.instagram.com\\\/ecoquimic\\\/\",\"https:\\\/\\\/www.linkedin.com\\\/company\\\/ecoquimicbalear\\\/\",\"https:\\\/\\\/www.youtube.com\\\/channel\\\/UCYxjbpYf4oB7iKCsjUM1J4g\"]}]}<\/script>\n<!-- \/ Yoast SEO plugin. -->","yoast_head_json":{"title":"Gloval 523 - Ecoquimic","description":"Fabricaci\u00f3n de productos qu\u00edmicos, marcas blancas, productos de limpieza, automoci\u00f3n, n\u00e1utica, lavander\u00eda industrial, lavander\u00eda dom\u00e9stica, construcci\u00f3n, Canal Horeca, productos biol\u00f3gicos, ambientadores, piscina. Ecoquimic - Gloval 523","robots":{"index":"index","follow":"follow","max-snippet":"max-snippet:-1","max-image-preview":"max-image-preview:large","max-video-preview":"max-video-preview:-1"},"canonical":"https:\/\/ecoquimic.com\/ca\/productos\/lavanderia-gloval-2\/gloval-523\/","og_locale":"ca_ES","og_type":"article","og_title":"Gloval 523 - Ecoquimic","og_description":"Fabricaci\u00f3n de productos qu\u00edmicos, marcas blancas, productos de limpieza, automoci\u00f3n, n\u00e1utica, lavander\u00eda industrial, lavander\u00eda dom\u00e9stica, construcci\u00f3n, Canal Horeca, productos biol\u00f3gicos, ambientadores, piscina. Ecoquimic - Gloval 523","og_url":"https:\/\/ecoquimic.com\/ca\/productos\/lavanderia-gloval-2\/gloval-523\/","og_site_name":"Ecoquimic","article_publisher":"https:\/\/www.facebook.com\/EcoquimicBalear\/","article_modified_time":"2025-07-02T08:10:50+00:00","og_image":[{"width":856,"height":1024,"url":"https:\/\/ecoquimic.com\/wp-content\/uploads\/2025\/07\/523-856x1024.png","type":"image\/png"}],"twitter_card":"summary_large_image","twitter_site":"@EcoquimicBalear","schema":{"@context":"https:\/\/schema.org","@graph":[{"@type":"WebPage","@id":"https:\/\/ecoquimic.com\/productos\/lavanderia-gloval-2\/gloval-523\/","url":"https:\/\/ecoquimic.com\/productos\/lavanderia-gloval-2\/gloval-523\/","name":"Gloval 523 - Ecoquimic","isPartOf":{"@id":"https:\/\/ecoquimic.com\/#website"},"primaryImageOfPage":{"@id":"https:\/\/ecoquimic.com\/productos\/lavanderia-gloval-2\/gloval-523\/#primaryimage"},"image":{"@id":"https:\/\/ecoquimic.com\/productos\/lavanderia-gloval-2\/gloval-523\/#primaryimage"},"thumbnailUrl":"https:\/\/ecoquimic.com\/wp-content\/uploads\/2025\/07\/523.png","datePublished":"2024-03-18T13:30:29+00:00","dateModified":"2025-07-02T08:10:50+00:00","description":"Fabricaci\u00f3n de productos qu\u00edmicos, marcas blancas, productos de limpieza, automoci\u00f3n, n\u00e1utica, lavander\u00eda industrial, lavander\u00eda dom\u00e9stica, construcci\u00f3n, Canal Horeca, productos biol\u00f3gicos, ambientadores, piscina. Ecoquimic - Gloval 523","breadcrumb":{"@id":"https:\/\/ecoquimic.com\/productos\/lavanderia-gloval-2\/gloval-523\/#breadcrumb"},"inLanguage":"ca","potentialAction":[{"@type":"ReadAction","target":["https:\/\/ecoquimic.com\/productos\/lavanderia-gloval-2\/gloval-523\/"]}]},{"@type":"ImageObject","inLanguage":"ca","@id":"https:\/\/ecoquimic.com\/productos\/lavanderia-gloval-2\/gloval-523\/#primaryimage","url":"https:\/\/ecoquimic.com\/wp-content\/uploads\/2025\/07\/523.png","contentUrl":"https:\/\/ecoquimic.com\/wp-content\/uploads\/2025\/07\/523.png"},{"@type":"BreadcrumbList","@id":"https:\/\/ecoquimic.com\/productos\/lavanderia-gloval-2\/gloval-523\/#breadcrumb","itemListElement":[{"@type":"ListItem","position":1,"name":"Portada","item":"https:\/\/ecoquimic.com\/"},{"@type":"ListItem","position":2,"name":"Productos","item":"https:\/\/ecoquimic.com\/productos\/"},{"@type":"ListItem","position":3,"name":"Lavander\u00eda Gloval","item":"https:\/\/ecoquimic.com\/productos\/lavanderia-gloval-2\/"},{"@type":"ListItem","position":4,"name":"Gloval 523"}]},{"@type":"WebSite","@id":"https:\/\/ecoquimic.com\/#website","url":"https:\/\/ecoquimic.com\/","name":"Ecoquimic","description":"F\u00e1brica productos qu\u00edmicos de limpieza en Mallorca, Baleares, Espa\u00f1a","publisher":{"@id":"https:\/\/ecoquimic.com\/#organization"},"potentialAction":[{"@type":"SearchAction","target":{"@type":"EntryPoint","urlTemplate":"https:\/\/ecoquimic.com\/?s={search_term_string}"},"query-input":{"@type":"PropertyValueSpecification","valueRequired":true,"valueName":"search_term_string"}}],"inLanguage":"ca"},{"@type":"Organization","@id":"https:\/\/ecoquimic.com\/#organization","name":"Ecoquimic","url":"https:\/\/ecoquimic.com\/","logo":{"@type":"ImageObject","inLanguage":"ca","@id":"https:\/\/ecoquimic.com\/#\/schema\/logo\/image\/","url":"https:\/\/ecoquimic.com\/wp-content\/uploads\/2021\/10\/ecoquimic.png","contentUrl":"https:\/\/ecoquimic.com\/wp-content\/uploads\/2021\/10\/ecoquimic.png","width":200,"height":93,"caption":"Ecoquimic"},"image":{"@id":"https:\/\/ecoquimic.com\/#\/schema\/logo\/image\/"},"sameAs":["https:\/\/www.facebook.com\/EcoquimicBalear\/","https:\/\/x.com\/EcoquimicBalear","https:\/\/www.instagram.com\/ecoquimic\/","https:\/\/www.linkedin.com\/company\/ecoquimicbalear\/","https:\/\/www.youtube.com\/channel\/UCYxjbpYf4oB7iKCsjUM1J4g"]}]}},"_links":{"self":[{"href":"https:\/\/ecoquimic.com\/ca\/wp-json\/wp\/v2\/pages\/9365","targetHints":{"allow":["GET"]}}],"collection":[{"href":"https:\/\/ecoquimic.com\/ca\/wp-json\/wp\/v2\/pages"}],"about":[{"href":"https:\/\/ecoquimic.com\/ca\/wp-json\/wp\/v2\/types\/page"}],"author":[{"embeddable":true,"href":"https:\/\/ecoquimic.com\/ca\/wp-json\/wp\/v2\/users\/10"}],"replies":[{"embeddable":true,"href":"https:\/\/ecoquimic.com\/ca\/wp-json\/wp\/v2\/comments?post=9365"}],"version-history":[{"count":10,"href":"https:\/\/ecoquimic.com\/ca\/wp-json\/wp\/v2\/pages\/9365\/revisions"}],"predecessor-version":[{"id":23519,"href":"https:\/\/ecoquimic.com\/ca\/wp-json\/wp\/v2\/pages\/9365\/revisions\/23519"}],"up":[{"embeddable":true,"href":"https:\/\/ecoquimic.com\/ca\/wp-json\/wp\/v2\/pages\/7960"}],"wp:attachment":[{"href":"https:\/\/ecoquimic.com\/ca\/wp-json\/wp\/v2\/media?parent=9365"}],"curies":[{"name":"wp","href":"https:\/\/api.w.org\/{rel}","templated":true}]}}