{"id":9281,"date":"2024-03-18T12:30:23","date_gmt":"2024-03-18T12:30:23","guid":{"rendered":"https:\/\/ecoquimic.com\/?page_id=9281"},"modified":"2025-07-02T07:59:41","modified_gmt":"2025-07-02T07:59:41","slug":"gloval-475","status":"publish","type":"page","link":"https:\/\/ecoquimic.com\/ca\/productos\/lavanderia-gloval-2\/gloval-475\/","title":{"rendered":"Gloval 475"},"content":{"rendered":"<div data-colibri-id=\"9281-c1\" class=\"style-5123 style-local-9281-c1 position-relative\">\n  <!---->\n  <div data-colibri-component=\"section\" data-colibri-id=\"9281-c16\" id=\"reusable-sections-3\" class=\"h-section h-section-global-spacing d-flex align-items-lg-center align-items-md-center align-items-center style-12838 style-local-9281-c16 position-relative\">\n    <!---->\n    <!---->\n    <div class=\"h-section-grid-container h-section-fluid-container\">\n      <!---->\n      <div data-colibri-id=\"9281-c17\" class=\"h-row-container gutters-row-lg-3 gutters-row-md-3 gutters-row-2 gutters-row-v-lg-3 gutters-row-v-md-3 gutters-row-v-2 style-12839 style-local-9281-c17 position-relative\">\n        <!---->\n        <div class=\"h-row justify-content-lg-center justify-content-md-center justify-content-center align-items-lg-stretch align-items-md-stretch align-items-stretch gutters-col-lg-3 gutters-col-md-3 gutters-col-2 gutters-col-v-lg-3 gutters-col-v-md-3 gutters-col-v-2\">\n          <!---->\n          <div class=\"h-column h-column-container d-flex h-col-lg-auto h-col-md-auto h-col-auto style-12840-outer style-local-9281-c18-outer\">\n            <div data-colibri-id=\"9281-c18\" class=\"d-flex h-flex-basis h-column__inner h-px-lg-3 h-px-md-3 h-px-0 v-inner-lg-0 v-inner-md-3 v-inner-0 style-12840 style-local-9281-c18 position-relative\">\n              <!---->\n              <!---->\n              <div class=\"w-100 h-y-container h-column__content h-column__v-align flex-basis-100 align-self-lg-start align-self-md-start align-self-start\">\n                <!---->\n                <div data-colibri-id=\"9281-c19\" class=\"h-global-transition-all h-heading style-12841 style-local-9281-c19 position-relative h-element\">\n                  <!---->\n                  <div class=\"h-heading__outer style-12841 style-local-9281-c19\">\n                    <!---->\n                    <!---->\n                    <h4 class=\"\">GLOVAL 475<\/h4>\n                  <\/div>\n                <\/div>\n                <div data-colibri-id=\"9281-c6\" class=\"h-text h-text-component style-10271 style-local-9281-c6 position-relative h-element\">\n                  <!---->\n                  <!---->\n                  <div class=\"\">\n                    <p>Llevataques oxigenat<\/p>\n                  <\/div>\n                <\/div>\n                <div data-colibri-id=\"9281-c20\" class=\"h-text h-text-component style-12842 style-local-9281-c20 position-relative h-element\">\n                  <!---->\n                  <!---->\n                  <div class=\"\">\n                    <p><span style=\"font-weight: 400; font-size: 16px; font-family: Montserrat; color: rgb(102, 102, 102);\">Producte l\u00edquid per a eliminar taques dif\u00edcils tant de la roba blanca com de color, actua en combinaci\u00f3 amb el detergent per a eliminar les taques m\u00e9s persistents<\/span><\/p>\n                  <\/div>\n                <\/div>\n                <div data-colibri-id=\"9281-c21\" class=\"h-divider style-12843 style-local-9281-c21 position-relative h-element\">\n                  <!----><span class=\"h-divider__line style-12843-line style-local-9281-c21-line style-12843-line style-local-9281-c21-line\"><\/span><\/div>\n                <div data-colibri-id=\"9281-c22\" class=\"h-row-container gutters-row-lg-2 gutters-row-md-2 gutters-row-0 gutters-row-v-lg-2 gutters-row-v-md-2 gutters-row-v-0 style-12844 style-local-9281-c22 position-relative\">\n                  <!---->\n                  <div class=\"h-row justify-content-lg-center justify-content-md-center justify-content-center align-items-lg-stretch align-items-md-stretch align-items-stretch gutters-col-lg-2 gutters-col-md-2 gutters-col-0 gutters-col-v-lg-2 gutters-col-v-md-2 gutters-col-v-0\">\n                    <!---->\n                    <div class=\"h-column h-column-container d-flex h-col-lg-12 h-col-md-12 h-col-12 style-12845-outer style-local-9281-c23-outer\">\n                      <div data-colibri-id=\"9281-c23\" class=\"d-flex h-flex-basis h-column__inner h-px-lg-0 h-px-md-0 h-px-0 v-inner-lg-0 v-inner-md-0 v-inner-0 style-12845 style-local-9281-c23 position-relative\">\n                        <!---->\n                        <!---->\n                        <div class=\"w-100 h-y-container h-column__content h-column__v-align flex-basis-100 align-self-lg-start align-self-md-start align-self-start\">\n                          <!---->\n                          <div data-colibri-id=\"9281-c24\" class=\"h-global-transition-all h-heading style-12846 style-local-9281-c24 position-relative h-element\">\n                            <!---->\n                            <div class=\"h-heading__outer style-12846 style-local-9281-c24\">\n                              <!---->\n                              <!---->\n                              <h3 class=\"\">Informaci\u00f3<\/h3>\n                            <\/div>\n                          <\/div>\n                          <div data-colibri-id=\"9281-c25\" class=\"h-text h-text-component style-12847 style-local-9281-c25 position-relative h-element\">\n                            <!---->\n                            <!---->\n                            <div class=\"\">\n                              <p><span style=\"color: rgb(102, 102, 102); font-family: Montserrat; font-size: 16px; font-weight: 400;\">Su formulaci\u00f3n permite actuar directamente sobre las manchas m\u00e1s dif\u00edciles de eliminar, arrastrando la suciedad y recuperando el color original de la prenda.<\/span><\/p>\n                              <p><span style=\"color: rgb(102, 102, 102); font-family: Montserrat; font-size: 16px; font-weight: 400;\"><span class=\"ql-cursor\"><\/span>No da\u00f1a la ropa, y est\u00e1 ligeramente perfumado, ofreciendo un gran acabado posteriormente\n                                al lavado<\/span>\n                              <\/p>\n                            <\/div>\n                          <\/div>\n                          <div data-colibri-id=\"9281-c26\" class=\"style-12848 style-local-9281-c26 h-hide-lg h-hide-md position-relative h-element\">\n                            <!---->\n                          <\/div>\n                        <\/div>\n                      <\/div>\n                    <\/div>\n                  <\/div>\n                <\/div>\n              <\/div>\n            <\/div>\n          <\/div>\n          <div class=\"h-column h-column-container d-flex h-col-lg-auto h-col-md-auto h-col-auto style-12849-outer style-local-9281-c30-outer\">\n            <div data-colibri-id=\"9281-c30\" class=\"d-flex h-flex-basis h-column__inner h-px-lg-2 h-px-md-2 h-px-2 v-inner-lg-2 v-inner-md-2 v-inner-2 style-12849 style-local-9281-c30 position-relative\">\n              <!---->\n              <!---->\n              <div class=\"w-100 h-y-container h-column__content h-column__v-align flex-basis-100 align-self-lg-start align-self-md-start align-self-start\">\n                <!---->\n                <div data-colibri-id=\"9281-c31\" class=\"d-block style-12850 style-local-9281-c31 position-relative h-element\">\n                  <!---->\n                  <div class=\"h-image__frame-container-outer\">\n                    <div class=\"h-image__frame-container\">\n                      <!---->\n                      <!---->\n                      <img loading=\"lazy\" decoding=\"async\" width=\"2284\" height=\"2560\" src=\"https:\/\/ecoquimic.com\/wp-content\/uploads\/2025\/07\/475-scaled.png\" class=\"wp-image-23269 style-12850-image style-local-9281-c31-image\" alt=\"\" srcset=\"https:\/\/ecoquimic.com\/wp-content\/uploads\/2025\/07\/475-scaled.png 2284w, https:\/\/ecoquimic.com\/wp-content\/uploads\/2025\/07\/475-268x300.png 268w, https:\/\/ecoquimic.com\/wp-content\/uploads\/2025\/07\/475-913x1024.png 913w, https:\/\/ecoquimic.com\/wp-content\/uploads\/2025\/07\/475-768x861.png 768w, https:\/\/ecoquimic.com\/wp-content\/uploads\/2025\/07\/475-1370x1536.png 1370w, https:\/\/ecoquimic.com\/wp-content\/uploads\/2025\/07\/475-1827x2048.png 1827w, https:\/\/ecoquimic.com\/wp-content\/uploads\/2025\/07\/475-11x12.png 11w, https:\/\/ecoquimic.com\/wp-content\/uploads\/2025\/07\/475-21x24.png 21w, https:\/\/ecoquimic.com\/wp-content\/uploads\/2025\/07\/475-32x36.png 32w, https:\/\/ecoquimic.com\/wp-content\/uploads\/2025\/07\/475-43x48.png 43w\" sizes=\"auto, (max-width: 2284px) 100vw, 2284px\" \/>\n                      <div class=\"h-image__frame h-hide-lg h-hide-md h-hide-sm style-12850-frameImage style-local-9281-c31-frameImage\"><\/div>\n                    <\/div>\n                  <\/div>\n                <\/div>\n              <\/div>\n            <\/div>\n          <\/div>\n        <\/div>\n      <\/div>\n    <\/div>\n  <\/div>\n<\/div>","protected":false},"excerpt":{"rendered":"<p>GLOVAL 475 Quitamanchas oxigenado Producto l\u00edquido para eliminar manchas dif\u00edciles tanto de la ropa blanca como de color, act\u00faa en combinaci\u00f3n con el detergente para eliminar las manchas m\u00e1s persistentes Informaci\u00f3n Su formulaci\u00f3n permite actuar directamente sobre las manchas m\u00e1s dif\u00edciles de eliminar, arrastrando la suciedad y recuperando el color original de la prenda. \ufeffNo [&hellip;]<\/p>\n","protected":false},"author":10,"featured_media":0,"parent":7960,"menu_order":7,"comment_status":"closed","ping_status":"closed","template":"page-templates\/full-width-page.php","meta":{"footnotes":""},"class_list":["post-9281","page","type-page","status-publish","hentry"],"yoast_head":"<!-- This site is optimized with the Yoast SEO plugin v27.5 - https:\/\/yoast.com\/product\/yoast-seo-wordpress\/ -->\n<title>Gloval 475 - Ecoquimic<\/title>\n<meta name=\"description\" content=\"Fabricaci\u00f3n de productos qu\u00edmicos, marcas blancas, productos de limpieza, automoci\u00f3n, n\u00e1utica, lavander\u00eda industrial, lavander\u00eda dom\u00e9stica, construcci\u00f3n, Canal Horeca, productos biol\u00f3gicos, ambientadores, piscina. Ecoquimic - Gloval 475\" \/>\n<meta name=\"robots\" content=\"index, follow, max-snippet:-1, max-image-preview:large, max-video-preview:-1\" \/>\n<link rel=\"canonical\" href=\"https:\/\/ecoquimic.com\/ca\/productos\/lavanderia-gloval-2\/gloval-475\/\" \/>\n<meta property=\"og:locale\" content=\"ca_ES\" \/>\n<meta property=\"og:type\" content=\"article\" \/>\n<meta property=\"og:title\" content=\"Gloval 475 - Ecoquimic\" \/>\n<meta property=\"og:description\" content=\"Fabricaci\u00f3n de productos qu\u00edmicos, marcas blancas, productos de limpieza, automoci\u00f3n, n\u00e1utica, lavander\u00eda industrial, lavander\u00eda dom\u00e9stica, construcci\u00f3n, Canal Horeca, productos biol\u00f3gicos, ambientadores, piscina. Ecoquimic - Gloval 475\" \/>\n<meta property=\"og:url\" content=\"https:\/\/ecoquimic.com\/ca\/productos\/lavanderia-gloval-2\/gloval-475\/\" \/>\n<meta property=\"og:site_name\" content=\"Ecoquimic\" \/>\n<meta property=\"article:publisher\" content=\"https:\/\/www.facebook.com\/EcoquimicBalear\/\" \/>\n<meta property=\"article:modified_time\" content=\"2025-07-02T07:59:41+00:00\" \/>\n<meta property=\"og:image\" content=\"https:\/\/ecoquimic.com\/wp-content\/uploads\/2025\/07\/475-913x1024.png\" \/>\n\t<meta property=\"og:image:width\" content=\"913\" \/>\n\t<meta property=\"og:image:height\" content=\"1024\" \/>\n\t<meta property=\"og:image:type\" content=\"image\/png\" \/>\n<meta name=\"twitter:card\" content=\"summary_large_image\" \/>\n<meta name=\"twitter:site\" content=\"@EcoquimicBalear\" \/>\n<script type=\"application\/ld+json\" class=\"yoast-schema-graph\">{\"@context\":\"https:\\\/\\\/schema.org\",\"@graph\":[{\"@type\":\"WebPage\",\"@id\":\"https:\\\/\\\/ecoquimic.com\\\/productos\\\/lavanderia-gloval-2\\\/gloval-475\\\/\",\"url\":\"https:\\\/\\\/ecoquimic.com\\\/productos\\\/lavanderia-gloval-2\\\/gloval-475\\\/\",\"name\":\"Gloval 475 - Ecoquimic\",\"isPartOf\":{\"@id\":\"https:\\\/\\\/ecoquimic.com\\\/#website\"},\"primaryImageOfPage\":{\"@id\":\"https:\\\/\\\/ecoquimic.com\\\/productos\\\/lavanderia-gloval-2\\\/gloval-475\\\/#primaryimage\"},\"image\":{\"@id\":\"https:\\\/\\\/ecoquimic.com\\\/productos\\\/lavanderia-gloval-2\\\/gloval-475\\\/#primaryimage\"},\"thumbnailUrl\":\"https:\\\/\\\/ecoquimic.com\\\/wp-content\\\/uploads\\\/2025\\\/07\\\/475-scaled.png\",\"datePublished\":\"2024-03-18T12:30:23+00:00\",\"dateModified\":\"2025-07-02T07:59:41+00:00\",\"description\":\"Fabricaci\u00f3n de productos qu\u00edmicos, marcas blancas, productos de limpieza, automoci\u00f3n, n\u00e1utica, lavander\u00eda industrial, lavander\u00eda dom\u00e9stica, construcci\u00f3n, Canal Horeca, productos biol\u00f3gicos, ambientadores, piscina. Ecoquimic - Gloval 475\",\"breadcrumb\":{\"@id\":\"https:\\\/\\\/ecoquimic.com\\\/productos\\\/lavanderia-gloval-2\\\/gloval-475\\\/#breadcrumb\"},\"inLanguage\":\"ca\",\"potentialAction\":[{\"@type\":\"ReadAction\",\"target\":[\"https:\\\/\\\/ecoquimic.com\\\/productos\\\/lavanderia-gloval-2\\\/gloval-475\\\/\"]}]},{\"@type\":\"ImageObject\",\"inLanguage\":\"ca\",\"@id\":\"https:\\\/\\\/ecoquimic.com\\\/productos\\\/lavanderia-gloval-2\\\/gloval-475\\\/#primaryimage\",\"url\":\"https:\\\/\\\/ecoquimic.com\\\/wp-content\\\/uploads\\\/2025\\\/07\\\/475-scaled.png\",\"contentUrl\":\"https:\\\/\\\/ecoquimic.com\\\/wp-content\\\/uploads\\\/2025\\\/07\\\/475-scaled.png\"},{\"@type\":\"BreadcrumbList\",\"@id\":\"https:\\\/\\\/ecoquimic.com\\\/productos\\\/lavanderia-gloval-2\\\/gloval-475\\\/#breadcrumb\",\"itemListElement\":[{\"@type\":\"ListItem\",\"position\":1,\"name\":\"Portada\",\"item\":\"https:\\\/\\\/ecoquimic.com\\\/\"},{\"@type\":\"ListItem\",\"position\":2,\"name\":\"Productos\",\"item\":\"https:\\\/\\\/ecoquimic.com\\\/productos\\\/\"},{\"@type\":\"ListItem\",\"position\":3,\"name\":\"Lavander\u00eda Gloval\",\"item\":\"https:\\\/\\\/ecoquimic.com\\\/productos\\\/lavanderia-gloval-2\\\/\"},{\"@type\":\"ListItem\",\"position\":4,\"name\":\"Gloval 475\"}]},{\"@type\":\"WebSite\",\"@id\":\"https:\\\/\\\/ecoquimic.com\\\/#website\",\"url\":\"https:\\\/\\\/ecoquimic.com\\\/\",\"name\":\"Ecoquimic\",\"description\":\"F\u00e1brica productos qu\u00edmicos de limpieza en Mallorca, Baleares, Espa\u00f1a\",\"publisher\":{\"@id\":\"https:\\\/\\\/ecoquimic.com\\\/#organization\"},\"potentialAction\":[{\"@type\":\"SearchAction\",\"target\":{\"@type\":\"EntryPoint\",\"urlTemplate\":\"https:\\\/\\\/ecoquimic.com\\\/?s={search_term_string}\"},\"query-input\":{\"@type\":\"PropertyValueSpecification\",\"valueRequired\":true,\"valueName\":\"search_term_string\"}}],\"inLanguage\":\"ca\"},{\"@type\":\"Organization\",\"@id\":\"https:\\\/\\\/ecoquimic.com\\\/#organization\",\"name\":\"Ecoquimic\",\"url\":\"https:\\\/\\\/ecoquimic.com\\\/\",\"logo\":{\"@type\":\"ImageObject\",\"inLanguage\":\"ca\",\"@id\":\"https:\\\/\\\/ecoquimic.com\\\/#\\\/schema\\\/logo\\\/image\\\/\",\"url\":\"https:\\\/\\\/ecoquimic.com\\\/wp-content\\\/uploads\\\/2021\\\/10\\\/ecoquimic.png\",\"contentUrl\":\"https:\\\/\\\/ecoquimic.com\\\/wp-content\\\/uploads\\\/2021\\\/10\\\/ecoquimic.png\",\"width\":200,\"height\":93,\"caption\":\"Ecoquimic\"},\"image\":{\"@id\":\"https:\\\/\\\/ecoquimic.com\\\/#\\\/schema\\\/logo\\\/image\\\/\"},\"sameAs\":[\"https:\\\/\\\/www.facebook.com\\\/EcoquimicBalear\\\/\",\"https:\\\/\\\/x.com\\\/EcoquimicBalear\",\"https:\\\/\\\/www.instagram.com\\\/ecoquimic\\\/\",\"https:\\\/\\\/www.linkedin.com\\\/company\\\/ecoquimicbalear\\\/\",\"https:\\\/\\\/www.youtube.com\\\/channel\\\/UCYxjbpYf4oB7iKCsjUM1J4g\"]}]}<\/script>\n<!-- \/ Yoast SEO plugin. -->","yoast_head_json":{"title":"Gloval 475 - Ecoquimic","description":"Fabricaci\u00f3n de productos qu\u00edmicos, marcas blancas, productos de limpieza, automoci\u00f3n, n\u00e1utica, lavander\u00eda industrial, lavander\u00eda dom\u00e9stica, construcci\u00f3n, Canal Horeca, productos biol\u00f3gicos, ambientadores, piscina. Ecoquimic - Gloval 475","robots":{"index":"index","follow":"follow","max-snippet":"max-snippet:-1","max-image-preview":"max-image-preview:large","max-video-preview":"max-video-preview:-1"},"canonical":"https:\/\/ecoquimic.com\/ca\/productos\/lavanderia-gloval-2\/gloval-475\/","og_locale":"ca_ES","og_type":"article","og_title":"Gloval 475 - Ecoquimic","og_description":"Fabricaci\u00f3n de productos qu\u00edmicos, marcas blancas, productos de limpieza, automoci\u00f3n, n\u00e1utica, lavander\u00eda industrial, lavander\u00eda dom\u00e9stica, construcci\u00f3n, Canal Horeca, productos biol\u00f3gicos, ambientadores, piscina. Ecoquimic - Gloval 475","og_url":"https:\/\/ecoquimic.com\/ca\/productos\/lavanderia-gloval-2\/gloval-475\/","og_site_name":"Ecoquimic","article_publisher":"https:\/\/www.facebook.com\/EcoquimicBalear\/","article_modified_time":"2025-07-02T07:59:41+00:00","og_image":[{"width":913,"height":1024,"url":"https:\/\/ecoquimic.com\/wp-content\/uploads\/2025\/07\/475-913x1024.png","type":"image\/png"}],"twitter_card":"summary_large_image","twitter_site":"@EcoquimicBalear","schema":{"@context":"https:\/\/schema.org","@graph":[{"@type":"WebPage","@id":"https:\/\/ecoquimic.com\/productos\/lavanderia-gloval-2\/gloval-475\/","url":"https:\/\/ecoquimic.com\/productos\/lavanderia-gloval-2\/gloval-475\/","name":"Gloval 475 - Ecoquimic","isPartOf":{"@id":"https:\/\/ecoquimic.com\/#website"},"primaryImageOfPage":{"@id":"https:\/\/ecoquimic.com\/productos\/lavanderia-gloval-2\/gloval-475\/#primaryimage"},"image":{"@id":"https:\/\/ecoquimic.com\/productos\/lavanderia-gloval-2\/gloval-475\/#primaryimage"},"thumbnailUrl":"https:\/\/ecoquimic.com\/wp-content\/uploads\/2025\/07\/475-scaled.png","datePublished":"2024-03-18T12:30:23+00:00","dateModified":"2025-07-02T07:59:41+00:00","description":"Fabricaci\u00f3n de productos qu\u00edmicos, marcas blancas, productos de limpieza, automoci\u00f3n, n\u00e1utica, lavander\u00eda industrial, lavander\u00eda dom\u00e9stica, construcci\u00f3n, Canal Horeca, productos biol\u00f3gicos, ambientadores, piscina. Ecoquimic - Gloval 475","breadcrumb":{"@id":"https:\/\/ecoquimic.com\/productos\/lavanderia-gloval-2\/gloval-475\/#breadcrumb"},"inLanguage":"ca","potentialAction":[{"@type":"ReadAction","target":["https:\/\/ecoquimic.com\/productos\/lavanderia-gloval-2\/gloval-475\/"]}]},{"@type":"ImageObject","inLanguage":"ca","@id":"https:\/\/ecoquimic.com\/productos\/lavanderia-gloval-2\/gloval-475\/#primaryimage","url":"https:\/\/ecoquimic.com\/wp-content\/uploads\/2025\/07\/475-scaled.png","contentUrl":"https:\/\/ecoquimic.com\/wp-content\/uploads\/2025\/07\/475-scaled.png"},{"@type":"BreadcrumbList","@id":"https:\/\/ecoquimic.com\/productos\/lavanderia-gloval-2\/gloval-475\/#breadcrumb","itemListElement":[{"@type":"ListItem","position":1,"name":"Portada","item":"https:\/\/ecoquimic.com\/"},{"@type":"ListItem","position":2,"name":"Productos","item":"https:\/\/ecoquimic.com\/productos\/"},{"@type":"ListItem","position":3,"name":"Lavander\u00eda Gloval","item":"https:\/\/ecoquimic.com\/productos\/lavanderia-gloval-2\/"},{"@type":"ListItem","position":4,"name":"Gloval 475"}]},{"@type":"WebSite","@id":"https:\/\/ecoquimic.com\/#website","url":"https:\/\/ecoquimic.com\/","name":"Ecoquimic","description":"F\u00e1brica productos qu\u00edmicos de limpieza en Mallorca, Baleares, Espa\u00f1a","publisher":{"@id":"https:\/\/ecoquimic.com\/#organization"},"potentialAction":[{"@type":"SearchAction","target":{"@type":"EntryPoint","urlTemplate":"https:\/\/ecoquimic.com\/?s={search_term_string}"},"query-input":{"@type":"PropertyValueSpecification","valueRequired":true,"valueName":"search_term_string"}}],"inLanguage":"ca"},{"@type":"Organization","@id":"https:\/\/ecoquimic.com\/#organization","name":"Ecoquimic","url":"https:\/\/ecoquimic.com\/","logo":{"@type":"ImageObject","inLanguage":"ca","@id":"https:\/\/ecoquimic.com\/#\/schema\/logo\/image\/","url":"https:\/\/ecoquimic.com\/wp-content\/uploads\/2021\/10\/ecoquimic.png","contentUrl":"https:\/\/ecoquimic.com\/wp-content\/uploads\/2021\/10\/ecoquimic.png","width":200,"height":93,"caption":"Ecoquimic"},"image":{"@id":"https:\/\/ecoquimic.com\/#\/schema\/logo\/image\/"},"sameAs":["https:\/\/www.facebook.com\/EcoquimicBalear\/","https:\/\/x.com\/EcoquimicBalear","https:\/\/www.instagram.com\/ecoquimic\/","https:\/\/www.linkedin.com\/company\/ecoquimicbalear\/","https:\/\/www.youtube.com\/channel\/UCYxjbpYf4oB7iKCsjUM1J4g"]}]}},"_links":{"self":[{"href":"https:\/\/ecoquimic.com\/ca\/wp-json\/wp\/v2\/pages\/9281","targetHints":{"allow":["GET"]}}],"collection":[{"href":"https:\/\/ecoquimic.com\/ca\/wp-json\/wp\/v2\/pages"}],"about":[{"href":"https:\/\/ecoquimic.com\/ca\/wp-json\/wp\/v2\/types\/page"}],"author":[{"embeddable":true,"href":"https:\/\/ecoquimic.com\/ca\/wp-json\/wp\/v2\/users\/10"}],"replies":[{"embeddable":true,"href":"https:\/\/ecoquimic.com\/ca\/wp-json\/wp\/v2\/comments?post=9281"}],"version-history":[{"count":7,"href":"https:\/\/ecoquimic.com\/ca\/wp-json\/wp\/v2\/pages\/9281\/revisions"}],"predecessor-version":[{"id":23435,"href":"https:\/\/ecoquimic.com\/ca\/wp-json\/wp\/v2\/pages\/9281\/revisions\/23435"}],"up":[{"embeddable":true,"href":"https:\/\/ecoquimic.com\/ca\/wp-json\/wp\/v2\/pages\/7960"}],"wp:attachment":[{"href":"https:\/\/ecoquimic.com\/ca\/wp-json\/wp\/v2\/media?parent=9281"}],"curies":[{"name":"wp","href":"https:\/\/api.w.org\/{rel}","templated":true}]}}