{"id":7388,"date":"2024-03-12T11:43:01","date_gmt":"2024-03-12T11:43:01","guid":{"rendered":"https:\/\/ecoquimic.com\/?page_id=7388"},"modified":"2024-09-04T08:41:12","modified_gmt":"2024-09-04T08:41:12","slug":"sostenibilidad-laboral","status":"publish","type":"page","link":"https:\/\/ecoquimic.com\/ca\/ecoquimic-sostenible\/sostenibilidad-laboral\/","title":{"rendered":"Sostenibilitat Laboral"},"content":{"rendered":"<div data-colibri-id=\"7388-c1\" class=\"style-3033 style-local-7388-c1 position-relative\">\n  <!---->\n  <div data-colibri-component=\"section\" data-colibri-id=\"7388-c2\" id=\"about\" class=\"h-section h-section-global-spacing d-flex align-items-lg-center align-items-md-center align-items-center style-3098 style-local-7388-c2 position-relative\">\n    <!---->\n    <!---->\n    <div class=\"h-section-grid-container h-section-boxed-container\">\n      <!---->\n      <div data-colibri-id=\"7388-c3\" class=\"h-row-container gutters-row-lg-0 gutters-row-md-0 gutters-row-2 gutters-row-v-lg-0 gutters-row-v-md-0 gutters-row-v-0 style-3099 style-local-7388-c3 position-relative\">\n        <!---->\n        <div class=\"h-row justify-content-lg-center justify-content-md-center justify-content-center align-items-lg-stretch align-items-md-stretch align-items-stretch gutters-col-lg-0 gutters-col-md-0 gutters-col-2 gutters-col-v-lg-0 gutters-col-v-md-0 gutters-col-v-0\">\n          <!---->\n          <div class=\"h-column h-column-container d-flex h-col-lg-auto h-col-md-auto h-col-auto style-3103-outer style-local-7388-c4-outer\">\n            <div data-colibri-id=\"7388-c4\" class=\"d-flex h-flex-basis h-column__inner h-px-lg-2 h-px-md-2 h-px-2 v-inner-lg-2 v-inner-md-2 v-inner-2 style-3103 style-local-7388-c4 position-relative\">\n              <!---->\n              <!---->\n              <div class=\"w-100 h-y-container h-column__content h-column__v-align flex-basis-100 align-self-lg-center align-self-md-center align-self-center\">\n                <!---->\n                <div data-colibri-id=\"7388-c5\" class=\"h-lead h-text h-text-component style-3105 style-local-7388-c5 position-relative h-element\">\n                  <!---->\n                  <!---->\n                  <div class=\"\">\n                    <p><span style=\"font-weight: 600;\">SOSTENIBILITAT LABORAL<\/span><\/p>\n                  <\/div>\n                <\/div>\n                <div data-colibri-id=\"7388-c6\" class=\"h-global-transition-all h-heading style-3104 style-local-7388-c6 position-relative h-element\">\n                  <!---->\n                  <div class=\"h-heading__outer style-3104 style-local-7388-c6\">\n                    <!---->\n                    <!---->\n                    <h2 class=\"\">El nostre comprom\u00eds, <span style=\"font-family: &quot;Open Sans&quot;; font-weight: 400;\">el teu benestar<\/span><\/h2>\n                  <\/div>\n                <\/div>\n              <\/div>\n            <\/div>\n          <\/div>\n        <\/div>\n      <\/div>\n    <\/div>\n  <\/div>\n  <div data-colibri-component=\"section\" data-colibri-id=\"7388-c7\" id=\"about-2\" class=\"h-section h-section-global-spacing d-flex align-items-lg-center align-items-md-center align-items-center style-3107 style-local-7388-c7 position-relative\">\n    <!---->\n    <!---->\n    <div class=\"h-section-grid-container h-section-boxed-container\">\n      <!---->\n      <div data-colibri-id=\"7388-c8\" class=\"h-row-container gutters-row-lg-1 gutters-row-md-1 gutters-row-0 gutters-row-v-lg-1 gutters-row-v-md-1 gutters-row-v-1 style-3108 style-local-7388-c8 position-relative\">\n        <!---->\n        <div class=\"h-row justify-content-lg-start justify-content-md-start justify-content-center align-items-lg-stretch align-items-md-stretch align-items-stretch gutters-col-lg-1 gutters-col-md-1 gutters-col-0 gutters-col-v-lg-1 gutters-col-v-md-1 gutters-col-v-1\">\n          <!---->\n          <div class=\"h-column h-column-container d-flex h-col-lg-auto h-col-md-auto h-col-auto style-3109-outer style-local-7388-c9-outer\">\n            <div data-colibri-id=\"7388-c9\" class=\"d-flex h-flex-basis h-column__inner h-px-lg-0 h-px-md-0 h-px-0 v-inner-lg-0 v-inner-md-0 v-inner-0 style-3109 style-local-7388-c9 position-relative\">\n              <!---->\n              <!---->\n              <div class=\"w-100 h-y-container h-column__content h-column__v-align flex-basis-100 align-self-lg-start align-self-md-start align-self-start\">\n                <!---->\n                <div data-colibri-id=\"7388-c10\" class=\"h-global-transition-all h-heading style-3110 style-local-7388-c10 position-relative h-element\">\n                  <!---->\n                  <div class=\"h-heading__outer style-3110 style-local-7388-c10\">\n                    <!---->\n                    <!---->\n                    <h5 class=\"\">Com et trobes avui?<\/h5>\n                  <\/div>\n                <\/div>\n                <div data-colibri-id=\"7388-c11\" class=\"h-global-transition-all h-heading style-3111 style-local-7388-c11 position-relative h-element\">\n                  <!---->\n                  <div class=\"h-heading__outer style-3111 style-local-7388-c11\">\n                    <!---->\n                    <!---->\n                    <h2 class=\"\">Incorporem pr\u00e0ctiques que cuiden la <span style=\"font-weight: 400; font-family: &quot;Open Sans&quot;;\">salut mental i emocional<\/span> del personal<\/h2>\n                  <\/div>\n                <\/div>\n                <div data-colibri-id=\"7388-c12\" class=\"h-text h-text-component style-3112 style-local-7388-c12 position-relative h-element\">\n                  <!---->\n                  <!---->\n                  <div class=\"\">\n                    <p>Amb ajudes d'eines com una APP per a con\u00e8ixer l'estat an\u00edmic del treballador, intentem aconseguir un entorn laboral m\u00e9s saludable i productiu<\/p>\n                  <\/div>\n                <\/div>\n              <\/div>\n            <\/div>\n          <\/div>\n          <div class=\"h-column h-column-container d-flex h-col-lg-auto h-col-md-auto h-col-auto style-11069-outer style-local-7388-c13-outer\">\n            <div data-colibri-id=\"7388-c13\" class=\"d-flex h-flex-basis h-column__inner h-px-lg-2 h-px-md-2 h-px-2 v-inner-lg-2 v-inner-md-2 v-inner-2 style-11069 style-local-7388-c13 position-relative\">\n              <!---->\n              <!---->\n              <div class=\"w-100 h-y-container h-column__content h-column__v-align flex-basis-100 align-self-lg-start align-self-md-center align-self-start\">\n                <!---->\n                <div data-colibri-id=\"7388-c14\" class=\"d-block style-11070 style-local-7388-c14 position-relative h-element\">\n                  <!---->\n                  <div class=\"h-image__frame-container-outer\">\n                    <div class=\"h-image__frame-container\">\n                      <!---->\n                      <!---->\n                      <img loading=\"lazy\" decoding=\"async\" width=\"1477\" height=\"1478\" src=\"https:\/\/ecoquimic.com\/wp-content\/uploads\/2024\/06\/Emp_SM_FEG.jpg\" class=\"wp-image-18547 style-11070-image style-local-7388-c14-image\" alt=\"\" srcset=\"https:\/\/ecoquimic.com\/wp-content\/uploads\/2024\/06\/Emp_SM_FEG.jpg 1477w, https:\/\/ecoquimic.com\/wp-content\/uploads\/2024\/06\/Emp_SM_FEG-300x300.jpg 300w, https:\/\/ecoquimic.com\/wp-content\/uploads\/2024\/06\/Emp_SM_FEG-1024x1024.jpg 1024w, https:\/\/ecoquimic.com\/wp-content\/uploads\/2024\/06\/Emp_SM_FEG-150x150.jpg 150w, https:\/\/ecoquimic.com\/wp-content\/uploads\/2024\/06\/Emp_SM_FEG-768x769.jpg 768w, https:\/\/ecoquimic.com\/wp-content\/uploads\/2024\/06\/Emp_SM_FEG-12x12.jpg 12w, https:\/\/ecoquimic.com\/wp-content\/uploads\/2024\/06\/Emp_SM_FEG-24x24.jpg 24w, https:\/\/ecoquimic.com\/wp-content\/uploads\/2024\/06\/Emp_SM_FEG-36x36.jpg 36w, https:\/\/ecoquimic.com\/wp-content\/uploads\/2024\/06\/Emp_SM_FEG-48x48.jpg 48w\" sizes=\"auto, (max-width: 1477px) 100vw, 1477px\" \/>\n                      <div class=\"h-image__frame h-hide-lg h-hide-md h-hide-sm style-11070-frameImage style-local-7388-c14-frameImage\"><\/div>\n                    <\/div>\n                  <\/div>\n                <\/div>\n              <\/div>\n            <\/div>\n          <\/div>\n        <\/div>\n      <\/div>\n    <\/div>\n  <\/div>\n  <div data-colibri-component=\"section\" data-colibri-id=\"7388-c15\" id=\"about-3\" class=\"h-section h-section-global-spacing d-flex align-items-lg-center align-items-md-center align-items-center style-3114 style-local-7388-c15 position-relative\">\n    <!---->\n    <!---->\n    <div class=\"h-section-grid-container h-section-boxed-container\">\n      <!---->\n      <div data-colibri-id=\"7388-c16\" class=\"h-row-container gutters-row-lg-0 gutters-row-md-0 gutters-row-0 gutters-row-v-lg-0 gutters-row-v-md-0 gutters-row-v-0 style-3115 style-local-7388-c16 position-relative\">\n        <!---->\n        <div class=\"h-row justify-content-lg-center justify-content-md-center justify-content-center align-items-lg-stretch align-items-md-stretch align-items-stretch gutters-col-lg-0 gutters-col-md-0 gutters-col-0 gutters-col-v-lg-0 gutters-col-v-md-0 gutters-col-v-0\">\n          <!---->\n          <div class=\"h-column h-column-container d-flex h-col-lg-auto h-col-md-auto h-col-auto style-3116-outer style-local-7388-c17-outer\">\n            <div data-colibri-id=\"7388-c17\" class=\"d-flex h-flex-basis h-column__inner h-ui-empty-state-container h-px-lg-0 h-px-md-0 h-px-0 v-inner-lg-0 v-inner-md-0 v-inner-0 style-3116 style-local-7388-c17 position-relative\">\n              <!---->\n              <!---->\n              <div class=\"w-100 h-y-container h-column__content h-column__v-align flex-basis-100\">\n                <!---->\n              <\/div>\n            <\/div>\n          <\/div>\n          <div class=\"h-column h-column-container d-flex h-col-lg-auto h-col-md-auto h-col-auto style-3117-outer style-local-7388-c18-outer\">\n            <div data-colibri-id=\"7388-c18\" class=\"d-flex h-flex-basis h-column__inner h-px-lg-2 h-px-md-2 h-px-2 v-inner-lg-2 v-inner-md-2 v-inner-2 style-3117 style-local-7388-c18 position-relative\">\n              <!---->\n              <!---->\n              <div class=\"w-100 h-y-container h-column__content h-column__v-align flex-basis-100 align-self-lg-start align-self-md-start align-self-start\">\n                <!---->\n                <div data-colibri-id=\"7388-c19\" class=\"h-global-transition-all h-heading style-3118 style-local-7388-c19 position-relative h-element\">\n                  <!---->\n                  <div class=\"h-heading__outer style-3118 style-local-7388-c19\">\n                    <!---->\n                    <!---->\n                    <h5 class=\"\">Conciliaci\u00f3 familiar<\/h5>\n                  <\/div>\n                <\/div>\n                <div data-colibri-id=\"7388-c20\" class=\"h-global-transition-all h-heading style-3119 style-local-7388-c20 position-relative h-element\">\n                  <!---->\n                  <div class=\"h-heading__outer style-3119 style-local-7388-c20\">\n                    <!---->\n                    <!---->\n                    <h2 class=\"\">Optimitzaci\u00f3 de la <span style=\"font-family: &quot;Open Sans&quot;; font-weight: 400;\">jornada laboral<\/span><\/h2>\n                  <\/div>\n                <\/div>\n                <div data-colibri-id=\"7388-c21\" class=\"h-text h-text-component style-3120 style-local-7388-c21 position-relative h-element\">\n                  <!---->\n                  <!---->\n                  <div class=\"\">\n                    <p>Durant aquest estiu hem implantat jornades de 4 dies \u2013 10h al dia,  cosa que fa que els treballadors puguin gestionar el seu temps de manera efectiva i reduint tamb\u00e9 les emissions de CO\u2082 dels seus transports<\/p>\n                  <\/div>\n                <\/div>\n              <\/div>\n            <\/div>\n          <\/div>\n        <\/div>\n      <\/div>\n    <\/div>\n  <\/div>\n  <div data-colibri-component=\"section\" data-colibri-id=\"7388-c22\" id=\"about-4\" class=\"h-section h-section-global-spacing d-flex align-items-lg-center align-items-md-center align-items-center style-3121 style-local-7388-c22 position-relative\">\n    <!---->\n    <!---->\n    <div class=\"h-section-grid-container h-section-boxed-container\">\n      <!---->\n      <div data-colibri-id=\"7388-c23\" class=\"h-row-container gutters-row-lg-0 gutters-row-md-0 gutters-row-0 gutters-row-v-lg-0 gutters-row-v-md-0 gutters-row-v-0 style-3122 style-local-7388-c23 position-relative\">\n        <!---->\n        <div class=\"h-row justify-content-lg-center justify-content-md-center justify-content-center align-items-lg-stretch align-items-md-stretch align-items-stretch gutters-col-lg-0 gutters-col-md-0 gutters-col-0 gutters-col-v-lg-0 gutters-col-v-md-0 gutters-col-v-0\">\n          <!---->\n          <div class=\"h-column h-column-container d-flex h-col-lg-auto h-col-md-auto h-col-auto style-3123-outer style-local-7388-c24-outer\">\n            <div data-colibri-id=\"7388-c24\" class=\"d-flex h-flex-basis h-column__inner h-px-lg-0 h-px-md-0 h-px-0 v-inner-lg-0 v-inner-md-0 v-inner-0 style-3123 style-local-7388-c24 position-relative\">\n              <!---->\n              <!---->\n              <div class=\"w-100 h-y-container h-column__content h-column__v-align flex-basis-100 align-self-lg-start align-self-md-start align-self-start\">\n                <!---->\n                <div data-colibri-id=\"7388-c25\" class=\"h-global-transition-all h-heading style-3124 style-local-7388-c25 position-relative h-element\">\n                  <!---->\n                  <div class=\"h-heading__outer style-3124 style-local-7388-c25\">\n                    <!---->\n                    <!---->\n                    <h5 class=\"\">Reducci\u00f3 de desigualtats<\/h5>\n                  <\/div>\n                <\/div>\n                <div data-colibri-id=\"7388-c26\" class=\"h-global-transition-all h-heading style-3125 style-local-7388-c26 position-relative h-element\">\n                  <!---->\n                  <div class=\"h-heading__outer style-3125 style-local-7388-c26\">\n                    <!---->\n                    <!---->\n                    <h2 class=\"\">Promovem la <span style=\"font-family: &quot;Open Sans&quot;; font-weight: 400;\">igualtat d'oportunitats<\/span><\/h2>\n                  <\/div>\n                <\/div>\n                <div data-colibri-id=\"7388-c27\" class=\"h-text h-text-component style-3126 style-local-7388-c27 position-relative h-element\">\n                  <!---->\n                  <!---->\n                  <div class=\"\">\n                    <p>Donant suport al desenvolupament social sostenible a trav\u00e9s del nostre projecte d'inserci\u00f3 laboral amb gent multicapacitada mitjan\u00e7ant la nostra alian\u00e7a amb Mater<\/p>\n                  <\/div>\n                <\/div>\n              <\/div>\n            <\/div>\n          <\/div>\n          <div class=\"h-column h-column-container d-flex h-col-lg-auto h-col-md-auto h-col-auto style-3127-outer style-local-7388-c28-outer\">\n            <div data-colibri-id=\"7388-c28\" class=\"d-flex h-flex-basis h-column__inner h-ui-empty-state-container h-px-lg-2 h-px-md-2 h-px-2 v-inner-lg-2 v-inner-md-2 v-inner-2 style-3127 style-local-7388-c28 position-relative\">\n              <!---->\n              <!---->\n              <div class=\"w-100 h-y-container h-column__content h-column__v-align flex-basis-100\">\n                <!---->\n              <\/div>\n            <\/div>\n          <\/div>\n        <\/div>\n      <\/div>\n    <\/div>\n  <\/div>\n<\/div>","protected":false},"excerpt":{"rendered":"<p>SOSTENIBILIDAD LABORAL Nuestro compromiso, tu bienestar \u00bfC\u00f3mo te encuentras hoy? Incorporamos pr\u00e1cticas que cuidan la salud mental y emocional del personal Con ayudas de herramientas como una APP para conocer el estado an\u00edmico del trabajador, intentamos conseguir un entorno laboral m\u00e1s saludable y productivo Conciliaci\u00f3n familiar Optimizaci\u00f3n de la jornada laboral Durante este verano hemos [&hellip;]<\/p>\n","protected":false},"author":10,"featured_media":0,"parent":7089,"menu_order":2,"comment_status":"closed","ping_status":"closed","template":"page-templates\/full-width-page.php","meta":{"footnotes":""},"class_list":["post-7388","page","type-page","status-publish","hentry"],"yoast_head":"<!-- This site is optimized with the Yoast SEO plugin v27.4 - https:\/\/yoast.com\/product\/yoast-seo-wordpress\/ -->\n<title>Sostenibilidad Laboral - Ecoquimic<\/title>\n<meta name=\"description\" content=\"Cuidamos la salud mental de nuestro personal, y promovemos la igualdad de oportunidades laborales.\" \/>\n<meta name=\"robots\" content=\"index, follow, max-snippet:-1, max-image-preview:large, max-video-preview:-1\" \/>\n<link rel=\"canonical\" href=\"https:\/\/ecoquimic.com\/ca\/ecoquimic-sostenible\/sostenibilidad-laboral\/\" \/>\n<meta property=\"og:locale\" content=\"ca_ES\" \/>\n<meta property=\"og:type\" content=\"article\" \/>\n<meta property=\"og:title\" content=\"Sostenibilidad Laboral - Ecoquimic\" \/>\n<meta property=\"og:description\" content=\"Cuidamos la salud mental de nuestro personal, y promovemos la igualdad de oportunidades laborales.\" \/>\n<meta property=\"og:url\" content=\"https:\/\/ecoquimic.com\/ca\/ecoquimic-sostenible\/sostenibilidad-laboral\/\" \/>\n<meta property=\"og:site_name\" content=\"Ecoquimic\" \/>\n<meta property=\"article:publisher\" content=\"https:\/\/www.facebook.com\/EcoquimicBalear\/\" \/>\n<meta property=\"article:modified_time\" content=\"2024-09-04T08:41:12+00:00\" \/>\n<meta property=\"og:image\" content=\"https:\/\/ecoquimic.com\/wp-content\/uploads\/2024\/06\/Emp_SM_FEG.jpg\" \/>\n<meta name=\"twitter:card\" content=\"summary_large_image\" \/>\n<meta name=\"twitter:site\" content=\"@EcoquimicBalear\" \/>\n<meta name=\"twitter:label1\" content=\"Temps estimat de lectura\" \/>\n\t<meta name=\"twitter:data1\" content=\"2 minuts\" \/>\n<script type=\"application\/ld+json\" class=\"yoast-schema-graph\">{\"@context\":\"https:\\\/\\\/schema.org\",\"@graph\":[{\"@type\":\"WebPage\",\"@id\":\"https:\\\/\\\/ecoquimic.com\\\/ecoquimic-sostenible\\\/sostenibilidad-laboral\\\/\",\"url\":\"https:\\\/\\\/ecoquimic.com\\\/ecoquimic-sostenible\\\/sostenibilidad-laboral\\\/\",\"name\":\"Sostenibilidad Laboral - Ecoquimic\",\"isPartOf\":{\"@id\":\"https:\\\/\\\/ecoquimic.com\\\/#website\"},\"primaryImageOfPage\":{\"@id\":\"https:\\\/\\\/ecoquimic.com\\\/ecoquimic-sostenible\\\/sostenibilidad-laboral\\\/#primaryimage\"},\"image\":{\"@id\":\"https:\\\/\\\/ecoquimic.com\\\/ecoquimic-sostenible\\\/sostenibilidad-laboral\\\/#primaryimage\"},\"thumbnailUrl\":\"https:\\\/\\\/ecoquimic.com\\\/wp-content\\\/uploads\\\/2024\\\/06\\\/Emp_SM_FEG.jpg\",\"datePublished\":\"2024-03-12T11:43:01+00:00\",\"dateModified\":\"2024-09-04T08:41:12+00:00\",\"description\":\"Cuidamos la salud mental de nuestro personal, y promovemos la igualdad de oportunidades laborales.\",\"breadcrumb\":{\"@id\":\"https:\\\/\\\/ecoquimic.com\\\/ecoquimic-sostenible\\\/sostenibilidad-laboral\\\/#breadcrumb\"},\"inLanguage\":\"ca\",\"potentialAction\":[{\"@type\":\"ReadAction\",\"target\":[\"https:\\\/\\\/ecoquimic.com\\\/ecoquimic-sostenible\\\/sostenibilidad-laboral\\\/\"]}]},{\"@type\":\"ImageObject\",\"inLanguage\":\"ca\",\"@id\":\"https:\\\/\\\/ecoquimic.com\\\/ecoquimic-sostenible\\\/sostenibilidad-laboral\\\/#primaryimage\",\"url\":\"https:\\\/\\\/ecoquimic.com\\\/wp-content\\\/uploads\\\/2024\\\/06\\\/Emp_SM_FEG.jpg\",\"contentUrl\":\"https:\\\/\\\/ecoquimic.com\\\/wp-content\\\/uploads\\\/2024\\\/06\\\/Emp_SM_FEG.jpg\"},{\"@type\":\"BreadcrumbList\",\"@id\":\"https:\\\/\\\/ecoquimic.com\\\/ecoquimic-sostenible\\\/sostenibilidad-laboral\\\/#breadcrumb\",\"itemListElement\":[{\"@type\":\"ListItem\",\"position\":1,\"name\":\"Portada\",\"item\":\"https:\\\/\\\/ecoquimic.com\\\/\"},{\"@type\":\"ListItem\",\"position\":2,\"name\":\"Sosteniblidad\",\"item\":\"https:\\\/\\\/ecoquimic.com\\\/ecoquimic-sostenible\\\/\"},{\"@type\":\"ListItem\",\"position\":3,\"name\":\"Sostenibilidad Laboral\"}]},{\"@type\":\"WebSite\",\"@id\":\"https:\\\/\\\/ecoquimic.com\\\/#website\",\"url\":\"https:\\\/\\\/ecoquimic.com\\\/\",\"name\":\"Ecoquimic\",\"description\":\"F\u00e1brica productos qu\u00edmicos de limpieza en Mallorca, Baleares, Espa\u00f1a\",\"publisher\":{\"@id\":\"https:\\\/\\\/ecoquimic.com\\\/#organization\"},\"potentialAction\":[{\"@type\":\"SearchAction\",\"target\":{\"@type\":\"EntryPoint\",\"urlTemplate\":\"https:\\\/\\\/ecoquimic.com\\\/?s={search_term_string}\"},\"query-input\":{\"@type\":\"PropertyValueSpecification\",\"valueRequired\":true,\"valueName\":\"search_term_string\"}}],\"inLanguage\":\"ca\"},{\"@type\":\"Organization\",\"@id\":\"https:\\\/\\\/ecoquimic.com\\\/#organization\",\"name\":\"Ecoquimic\",\"url\":\"https:\\\/\\\/ecoquimic.com\\\/\",\"logo\":{\"@type\":\"ImageObject\",\"inLanguage\":\"ca\",\"@id\":\"https:\\\/\\\/ecoquimic.com\\\/#\\\/schema\\\/logo\\\/image\\\/\",\"url\":\"https:\\\/\\\/ecoquimic.com\\\/wp-content\\\/uploads\\\/2021\\\/10\\\/ecoquimic.png\",\"contentUrl\":\"https:\\\/\\\/ecoquimic.com\\\/wp-content\\\/uploads\\\/2021\\\/10\\\/ecoquimic.png\",\"width\":200,\"height\":93,\"caption\":\"Ecoquimic\"},\"image\":{\"@id\":\"https:\\\/\\\/ecoquimic.com\\\/#\\\/schema\\\/logo\\\/image\\\/\"},\"sameAs\":[\"https:\\\/\\\/www.facebook.com\\\/EcoquimicBalear\\\/\",\"https:\\\/\\\/x.com\\\/EcoquimicBalear\",\"https:\\\/\\\/www.instagram.com\\\/ecoquimic\\\/\",\"https:\\\/\\\/www.linkedin.com\\\/company\\\/ecoquimicbalear\\\/\",\"https:\\\/\\\/www.youtube.com\\\/channel\\\/UCYxjbpYf4oB7iKCsjUM1J4g\"]}]}<\/script>\n<!-- \/ Yoast SEO plugin. -->","yoast_head_json":{"title":"Sostenibilidad Laboral - Ecoquimic","description":"Cuidamos la salud mental de nuestro personal, y promovemos la igualdad de oportunidades laborales.","robots":{"index":"index","follow":"follow","max-snippet":"max-snippet:-1","max-image-preview":"max-image-preview:large","max-video-preview":"max-video-preview:-1"},"canonical":"https:\/\/ecoquimic.com\/ca\/ecoquimic-sostenible\/sostenibilidad-laboral\/","og_locale":"ca_ES","og_type":"article","og_title":"Sostenibilidad Laboral - Ecoquimic","og_description":"Cuidamos la salud mental de nuestro personal, y promovemos la igualdad de oportunidades laborales.","og_url":"https:\/\/ecoquimic.com\/ca\/ecoquimic-sostenible\/sostenibilidad-laboral\/","og_site_name":"Ecoquimic","article_publisher":"https:\/\/www.facebook.com\/EcoquimicBalear\/","article_modified_time":"2024-09-04T08:41:12+00:00","og_image":[{"url":"https:\/\/ecoquimic.com\/wp-content\/uploads\/2024\/06\/Emp_SM_FEG.jpg","type":"","width":"","height":""}],"twitter_card":"summary_large_image","twitter_site":"@EcoquimicBalear","twitter_misc":{"Temps estimat de lectura":"2 minuts"},"schema":{"@context":"https:\/\/schema.org","@graph":[{"@type":"WebPage","@id":"https:\/\/ecoquimic.com\/ecoquimic-sostenible\/sostenibilidad-laboral\/","url":"https:\/\/ecoquimic.com\/ecoquimic-sostenible\/sostenibilidad-laboral\/","name":"Sostenibilidad Laboral - Ecoquimic","isPartOf":{"@id":"https:\/\/ecoquimic.com\/#website"},"primaryImageOfPage":{"@id":"https:\/\/ecoquimic.com\/ecoquimic-sostenible\/sostenibilidad-laboral\/#primaryimage"},"image":{"@id":"https:\/\/ecoquimic.com\/ecoquimic-sostenible\/sostenibilidad-laboral\/#primaryimage"},"thumbnailUrl":"https:\/\/ecoquimic.com\/wp-content\/uploads\/2024\/06\/Emp_SM_FEG.jpg","datePublished":"2024-03-12T11:43:01+00:00","dateModified":"2024-09-04T08:41:12+00:00","description":"Cuidamos la salud mental de nuestro personal, y promovemos la igualdad de oportunidades laborales.","breadcrumb":{"@id":"https:\/\/ecoquimic.com\/ecoquimic-sostenible\/sostenibilidad-laboral\/#breadcrumb"},"inLanguage":"ca","potentialAction":[{"@type":"ReadAction","target":["https:\/\/ecoquimic.com\/ecoquimic-sostenible\/sostenibilidad-laboral\/"]}]},{"@type":"ImageObject","inLanguage":"ca","@id":"https:\/\/ecoquimic.com\/ecoquimic-sostenible\/sostenibilidad-laboral\/#primaryimage","url":"https:\/\/ecoquimic.com\/wp-content\/uploads\/2024\/06\/Emp_SM_FEG.jpg","contentUrl":"https:\/\/ecoquimic.com\/wp-content\/uploads\/2024\/06\/Emp_SM_FEG.jpg"},{"@type":"BreadcrumbList","@id":"https:\/\/ecoquimic.com\/ecoquimic-sostenible\/sostenibilidad-laboral\/#breadcrumb","itemListElement":[{"@type":"ListItem","position":1,"name":"Portada","item":"https:\/\/ecoquimic.com\/"},{"@type":"ListItem","position":2,"name":"Sosteniblidad","item":"https:\/\/ecoquimic.com\/ecoquimic-sostenible\/"},{"@type":"ListItem","position":3,"name":"Sostenibilidad Laboral"}]},{"@type":"WebSite","@id":"https:\/\/ecoquimic.com\/#website","url":"https:\/\/ecoquimic.com\/","name":"Ecoquimic","description":"F\u00e1brica productos qu\u00edmicos de limpieza en Mallorca, Baleares, Espa\u00f1a","publisher":{"@id":"https:\/\/ecoquimic.com\/#organization"},"potentialAction":[{"@type":"SearchAction","target":{"@type":"EntryPoint","urlTemplate":"https:\/\/ecoquimic.com\/?s={search_term_string}"},"query-input":{"@type":"PropertyValueSpecification","valueRequired":true,"valueName":"search_term_string"}}],"inLanguage":"ca"},{"@type":"Organization","@id":"https:\/\/ecoquimic.com\/#organization","name":"Ecoquimic","url":"https:\/\/ecoquimic.com\/","logo":{"@type":"ImageObject","inLanguage":"ca","@id":"https:\/\/ecoquimic.com\/#\/schema\/logo\/image\/","url":"https:\/\/ecoquimic.com\/wp-content\/uploads\/2021\/10\/ecoquimic.png","contentUrl":"https:\/\/ecoquimic.com\/wp-content\/uploads\/2021\/10\/ecoquimic.png","width":200,"height":93,"caption":"Ecoquimic"},"image":{"@id":"https:\/\/ecoquimic.com\/#\/schema\/logo\/image\/"},"sameAs":["https:\/\/www.facebook.com\/EcoquimicBalear\/","https:\/\/x.com\/EcoquimicBalear","https:\/\/www.instagram.com\/ecoquimic\/","https:\/\/www.linkedin.com\/company\/ecoquimicbalear\/","https:\/\/www.youtube.com\/channel\/UCYxjbpYf4oB7iKCsjUM1J4g"]}]}},"_links":{"self":[{"href":"https:\/\/ecoquimic.com\/ca\/wp-json\/wp\/v2\/pages\/7388","targetHints":{"allow":["GET"]}}],"collection":[{"href":"https:\/\/ecoquimic.com\/ca\/wp-json\/wp\/v2\/pages"}],"about":[{"href":"https:\/\/ecoquimic.com\/ca\/wp-json\/wp\/v2\/types\/page"}],"author":[{"embeddable":true,"href":"https:\/\/ecoquimic.com\/ca\/wp-json\/wp\/v2\/users\/10"}],"replies":[{"embeddable":true,"href":"https:\/\/ecoquimic.com\/ca\/wp-json\/wp\/v2\/comments?post=7388"}],"version-history":[{"count":17,"href":"https:\/\/ecoquimic.com\/ca\/wp-json\/wp\/v2\/pages\/7388\/revisions"}],"predecessor-version":[{"id":19057,"href":"https:\/\/ecoquimic.com\/ca\/wp-json\/wp\/v2\/pages\/7388\/revisions\/19057"}],"up":[{"embeddable":true,"href":"https:\/\/ecoquimic.com\/ca\/wp-json\/wp\/v2\/pages\/7089"}],"wp:attachment":[{"href":"https:\/\/ecoquimic.com\/ca\/wp-json\/wp\/v2\/media?parent=7388"}],"curies":[{"name":"wp","href":"https:\/\/api.w.org\/{rel}","templated":true}]}}