{"id":7252,"date":"2024-03-12T08:13:59","date_gmt":"2024-03-12T08:13:59","guid":{"rendered":"https:\/\/ecoquimic.com\/?page_id=7252"},"modified":"2024-05-29T09:34:27","modified_gmt":"2024-05-29T09:34:27","slug":"fabricacion-ecologica","status":"publish","type":"page","link":"https:\/\/ecoquimic.com\/ca\/ecoquimic-sostenible\/fabricacion-ecologica\/","title":{"rendered":"Fabricaci\u00f3 Ecol\u00f2gica"},"content":{"rendered":"<div data-colibri-id=\"7252-c1\" class=\"style-2800 style-local-7252-c1 position-relative\">\n  <!---->\n  <div data-colibri-component=\"section\" data-colibri-id=\"7252-c2\" id=\"about\" class=\"h-section h-section-global-spacing d-flex align-items-lg-center align-items-md-center align-items-center style-2801 style-local-7252-c2 position-relative\">\n    <!---->\n    <!---->\n    <div class=\"h-section-grid-container h-section-boxed-container\">\n      <!---->\n      <div data-colibri-id=\"7252-c3\" class=\"h-row-container gutters-row-lg-0 gutters-row-md-0 gutters-row-0 gutters-row-v-lg-0 gutters-row-v-md-0 gutters-row-v-0 style-2802 style-local-7252-c3 position-relative\">\n        <!---->\n        <div class=\"h-row justify-content-lg-center justify-content-md-center justify-content-center align-items-lg-stretch align-items-md-stretch align-items-stretch gutters-col-lg-0 gutters-col-md-0 gutters-col-0 gutters-col-v-lg-0 gutters-col-v-md-0 gutters-col-v-0\">\n          <!---->\n          <div class=\"h-column h-column-container d-flex h-col-lg-6 h-col-md-6 h-col-12 style-2803-outer style-local-7252-c4-outer\">\n            <div data-colibri-id=\"7252-c4\" class=\"d-flex h-flex-basis h-column__inner h-px-lg-0 h-px-md-0 h-px-0 v-inner-lg-0 v-inner-md-0 v-inner-0 style-2803 style-local-7252-c4 position-relative\">\n              <!---->\n              <!---->\n              <div class=\"w-100 h-y-container h-column__content h-column__v-align flex-basis-100 align-self-lg-start align-self-md-start align-self-start\">\n                <!---->\n                <div data-colibri-id=\"7252-c5\" class=\"h-global-transition-all h-heading style-2804 style-local-7252-c5 position-relative h-element\">\n                  <!---->\n                  <div class=\"h-heading__outer style-2804 style-local-7252-c5\">\n                    <!---->\n                    <!---->\n                    <h5 class=\"\">Fabricaci\u00f3 Ecol\u00f2gica<\/h5>\n                  <\/div>\n                <\/div>\n                <div data-colibri-id=\"7252-c6\" class=\"h-global-transition-all h-heading style-2805 style-local-7252-c6 position-relative h-element\">\n                  <!---->\n                  <div class=\"h-heading__outer style-2805 style-local-7252-c6\">\n                    <!---->\n                    <!---->\n                    <h2 class=\"\">Consum <span style=\"font-weight: 400; font-family: &quot;Open Sans&quot;;\">100% renovable<\/span> per a un futur m\u00e9s <span style=\"font-weight: 400; font-family: &quot;Open Sans&quot;;\">sostenible<\/span><\/h2>\n                  <\/div>\n                <\/div>\n                <div data-colibri-id=\"7252-c7\" class=\"h-text h-text-component style-2806 style-local-7252-c7 position-relative h-element\">\n                  <!---->\n                  <!---->\n                  <div class=\"\">\n                    <p>Disposem d'un sistema de fabricaci\u00f3 ecol\u00f2gic, amb accions com no utilitzar aigua per a la neteja dels nostres reactors<\/p>\n                  <\/div>\n                <\/div>\n              <\/div>\n            <\/div>\n          <\/div>\n          <div class=\"h-column h-column-container d-flex h-col-lg-6 h-col-md-6 h-col-12 style-2807-outer style-local-7252-c8-outer\">\n            <div data-colibri-id=\"7252-c8\" class=\"d-flex h-flex-basis h-column__inner h-ui-empty-state-container h-px-lg-2 h-px-md-2 h-px-2 v-inner-lg-2 v-inner-md-2 v-inner-2 style-2807 style-local-7252-c8 position-relative\">\n              <!---->\n              <!---->\n              <div class=\"w-100 h-y-container h-column__content h-column__v-align flex-basis-100\">\n                <!---->\n              <\/div>\n            <\/div>\n          <\/div>\n        <\/div>\n      <\/div>\n    <\/div>\n  <\/div>\n  <div data-colibri-component=\"section\" data-colibri-id=\"7252-c9\" id=\"about-2\" class=\"h-section h-section-global-spacing d-flex align-items-lg-center align-items-md-center align-items-center style-2808 style-local-7252-c9 h-hide-md h-hide-sm position-relative\">\n    <!---->\n    <!---->\n    <div class=\"h-section-grid-container h-section-boxed-container\">\n      <!---->\n      <div data-colibri-id=\"7252-c10\" class=\"h-row-container gutters-row-lg-0 gutters-row-md-0 gutters-row-0 gutters-row-v-lg-0 gutters-row-v-md-0 gutters-row-v-0 style-2809 style-local-7252-c10 position-relative\">\n        <!---->\n        <div class=\"h-row justify-content-lg-center justify-content-md-center justify-content-center align-items-lg-stretch align-items-md-stretch align-items-stretch gutters-col-lg-0 gutters-col-md-0 gutters-col-0 gutters-col-v-lg-0 gutters-col-v-md-0 gutters-col-v-0\">\n          <!---->\n          <div class=\"h-column h-column-container d-flex h-col-lg-6 h-col-md-6 h-col-12 style-2810-outer style-local-7252-c11-outer\">\n            <div data-colibri-id=\"7252-c11\" class=\"d-flex h-flex-basis h-column__inner h-ui-empty-state-container h-px-lg-0 h-px-md-0 h-px-0 v-inner-lg-0 v-inner-md-0 v-inner-0 style-2810 style-local-7252-c11 position-relative\">\n              <!---->\n              <!---->\n              <div class=\"w-100 h-y-container h-column__content h-column__v-align flex-basis-100\">\n                <!---->\n              <\/div>\n            <\/div>\n          <\/div>\n          <div class=\"h-column h-column-container d-flex h-col-lg-6 h-col-md-6 h-col-12 style-2811-outer style-local-7252-c12-outer\">\n            <div data-colibri-id=\"7252-c12\" class=\"d-flex h-flex-basis h-column__inner h-px-lg-2 h-px-md-2 h-px-2 v-inner-lg-2 v-inner-md-2 v-inner-2 style-2811 style-local-7252-c12 position-relative\">\n              <!---->\n              <!---->\n              <div class=\"w-100 h-y-container h-column__content h-column__v-align flex-basis-100 align-self-lg-start align-self-md-start align-self-start\">\n                <!---->\n                <div data-colibri-id=\"7252-c13\" class=\"h-global-transition-all h-heading style-2812 style-local-7252-c13 position-relative h-element\">\n                  <!---->\n                  <div class=\"h-heading__outer style-2812 style-local-7252-c13\">\n                    <!---->\n                    <!---->\n                    <h5 class=\"\">Productes Ecol\u00f2gics<\/h5>\n                  <\/div>\n                <\/div>\n                <div data-colibri-id=\"7252-c14\" class=\"h-global-transition-all h-heading style-2813 style-local-7252-c14 position-relative h-element\">\n                  <!---->\n                  <div class=\"h-heading__outer style-2813 style-local-7252-c14\">\n                    <!---->\n                    <!---->\n                    <h2 class=\"\">Fomentem els&nbsp;<span style=\"font-weight: 400; font-family: &quot;Open Sans&quot;;\">productes concentrats<\/span>, i la <span style=\"font-weight: 400;\">venda <\/span><span style=\"font-weight: 400; font-family: &quot;Open Sans&quot;;\">a granel<\/span><\/h2>\n                  <\/div>\n                <\/div>\n                <div data-colibri-id=\"7252-c15\" class=\"h-text h-text-component style-2814 style-local-7252-c15 position-relative h-element\">\n                  <!---->\n                  <!---->\n                  <div class=\"\">\n                    <p>Amb els nostres productes concentrats, i els envasos de 5L intentem cobrir les necessitats de neteja durant m\u00e9s temps, reduint aix\u00ed la nostra Petjada de Carboni.<\/p>\n                    <p>A altre disposem de m\u00e0quines&nbsp;<span style=\"font-weight: 400; font-size: 16px; font-family: Montserrat; color: rgb(102, 102, 102);\">dosificadores de productes de neteja a granel, reduint l'impacte dels envasos de pl\u00e0stic.<\/span><\/p>\n                  <\/div>\n                <\/div>\n              <\/div>\n            <\/div>\n          <\/div>\n        <\/div>\n      <\/div>\n    <\/div>\n  <\/div>\n  <div data-colibri-component=\"section\" data-colibri-id=\"7252-c16\" id=\"custom\" class=\"h-section h-section-global-spacing d-flex align-items-lg-center align-items-md-center align-items-center style-9032 style-local-7252-c16 h-hide-lg position-relative\">\n    <!---->\n    <!---->\n    <div class=\"h-section-grid-container h-section-boxed-container\">\n      <!---->\n      <div data-colibri-id=\"7252-c17\" class=\"h-row-container gutters-row-lg-2 gutters-row-md-2 gutters-row-0 gutters-row-v-lg-2 gutters-row-v-md-2 gutters-row-v-2 style-9035 style-local-7252-c17 position-relative\">\n        <!---->\n        <div class=\"h-row justify-content-lg-center justify-content-md-center justify-content-center align-items-lg-stretch align-items-md-stretch align-items-stretch gutters-col-lg-2 gutters-col-md-2 gutters-col-0 gutters-col-v-lg-2 gutters-col-v-md-2 gutters-col-v-2\">\n          <!---->\n          <div class=\"h-column h-column-container d-flex h-col-lg-auto h-col-md-auto h-col-auto style-9036-outer style-local-7252-c18-outer\">\n            <div data-colibri-id=\"7252-c18\" class=\"d-flex h-flex-basis h-column__inner h-px-lg-2 h-px-md-2 h-px-2 v-inner-lg-2 v-inner-md-2 v-inner-2 style-9036 style-local-7252-c18 position-relative\">\n              <!---->\n              <!---->\n              <div class=\"w-100 h-y-container h-column__content h-column__v-align flex-basis-100 align-self-lg-start align-self-md-start align-self-start\">\n                <!---->\n                <div data-colibri-id=\"7252-c19\" class=\"h-global-transition-all h-heading style-8883 style-local-7252-c19 position-relative h-element\">\n                  <!---->\n                  <div class=\"h-heading__outer style-8883 style-local-7252-c19\">\n                    <!---->\n                    <!---->\n                    <h5 class=\"\">Productes Ecol\u00f2gics<\/h5>\n                  <\/div>\n                <\/div>\n                <div data-colibri-id=\"7252-c20\" class=\"h-global-transition-all h-heading style-2813 style-local-7252-c20 position-relative h-element\">\n                  <!---->\n                  <div class=\"h-heading__outer style-2813 style-local-7252-c20\">\n                    <!---->\n                    <!---->\n                    <h2 class=\"\">Fomentem els <span style=\"font-weight: 400;\">productes concentrats<\/span>, i la <span style=\"font-weight: 400;\">venta a granel<\/span><\/h2>\n                  <\/div>\n                <\/div>\n                <div data-colibri-id=\"7252-c21\" class=\"h-text h-text-component style-9039 style-local-7252-c21 position-relative h-element\">\n                  <!---->\n                  <!---->\n                  <div class=\"\">\n                    <p>Amb els nostres productes concentrats, i els envasos de 5L intentem cobrir les necessitats de neteja durant m\u00e9s temps, reduint aix\u00ed la nostra Petjada de Carboni.<\/p>\n                    <p>A altre disposem de m\u00e0quines&nbsp;<span style=\"font-weight: 400; font-size: 16px; font-family: Montserrat; color: rgb(102, 102, 102);\">dosificadores de productes de neteja a granel, reduint l'impacte dels envasos de pl\u00e0stic.<\/span><\/p>\n                  <\/div>\n                <\/div>\n              <\/div>\n            <\/div>\n          <\/div>\n        <\/div>\n      <\/div>\n      <div data-colibri-id=\"7252-c22\" class=\"h-row-container gutters-row-lg-2 gutters-row-md-2 gutters-row-0 gutters-row-v-lg-2 gutters-row-v-md-2 gutters-row-v-2 style-9033 style-local-7252-c22 position-relative\">\n        <!---->\n        <div class=\"h-row justify-content-lg-center justify-content-md-center justify-content-center align-items-lg-stretch align-items-md-stretch align-items-stretch gutters-col-lg-2 gutters-col-md-2 gutters-col-0 gutters-col-v-lg-2 gutters-col-v-md-2 gutters-col-v-2\">\n          <!---->\n          <div class=\"h-column h-column-container d-flex h-col-lg-auto h-col-md-auto h-col-auto style-9034-outer style-local-7252-c23-outer\">\n            <div data-colibri-id=\"7252-c23\" class=\"d-flex h-flex-basis h-column__inner h-px-lg-2 h-px-md-2 h-px-2 v-inner-lg-2 v-inner-md-2 v-inner-2 style-9034 style-local-7252-c23 position-relative\">\n              <!---->\n              <!---->\n              <div class=\"w-100 h-y-container h-column__content h-column__v-align flex-basis-100 align-self-lg-start align-self-md-start align-self-start\">\n                <!---->\n                <div data-colibri-id=\"7252-c24\" class=\"d-block style-9040 style-local-7252-c24 position-relative h-element\">\n                  <!---->\n                  <div class=\"h-image__frame-container-outer\">\n                    <div class=\"h-image__frame-container\">\n                      <!---->\n                      <!---->\n                      <img loading=\"lazy\" decoding=\"async\" width=\"1982\" height=\"1675\" src=\"https:\/\/ecoquimic.com\/wp-content\/uploads\/2024\/05\/granel_3.png\" class=\"wp-image-13655 style-9040-image style-local-7252-c24-image\" alt=\"Descripci\u00f3n de la m\u00e1quina\" srcset=\"https:\/\/ecoquimic.com\/wp-content\/uploads\/2024\/05\/granel_3.png 1982w, https:\/\/ecoquimic.com\/wp-content\/uploads\/2024\/05\/granel_3-300x254.png 300w, https:\/\/ecoquimic.com\/wp-content\/uploads\/2024\/05\/granel_3-1024x865.png 1024w, https:\/\/ecoquimic.com\/wp-content\/uploads\/2024\/05\/granel_3-768x649.png 768w, https:\/\/ecoquimic.com\/wp-content\/uploads\/2024\/05\/granel_3-1536x1298.png 1536w, https:\/\/ecoquimic.com\/wp-content\/uploads\/2024\/05\/granel_3-24x20.png 24w, https:\/\/ecoquimic.com\/wp-content\/uploads\/2024\/05\/granel_3-36x30.png 36w, https:\/\/ecoquimic.com\/wp-content\/uploads\/2024\/05\/granel_3-48x41.png 48w\" sizes=\"auto, (max-width: 1982px) 100vw, 1982px\" \/>\n                      <div class=\"h-image__frame h-hide-lg h-hide-md h-hide-sm style-9040-frameImage style-local-7252-c24-frameImage\"><\/div>\n                    <\/div>\n                  <\/div>\n                <\/div>\n              <\/div>\n            <\/div>\n          <\/div>\n        <\/div>\n      <\/div>\n    <\/div>\n  <\/div>\n<\/div>","protected":false},"excerpt":{"rendered":"<p>Fabricaci\u00f3n Ecol\u00f3gica Consumo 100% renovable para un futuro m\u00e1s sostenible Disponemos de un sistema de fabricaci\u00f3n ecol\u00f3gico, con acciones como no utilizar agua para la limpieza de nuestros reactores Productos Ecol\u00f3gicos Fomentamos los&nbsp;productos concentrados, y la venta a granel Con nuestros productos concentrados, y los envases de 5L intentamos cubrir las necesidades de limpieza durante [&hellip;]<\/p>\n","protected":false},"author":10,"featured_media":0,"parent":7089,"menu_order":1,"comment_status":"closed","ping_status":"closed","template":"page-templates\/full-width-page.php","meta":{"footnotes":""},"class_list":["post-7252","page","type-page","status-publish","hentry"],"yoast_head":"<!-- This site is optimized with the Yoast SEO plugin v27.4 - https:\/\/yoast.com\/product\/yoast-seo-wordpress\/ -->\n<title>Fabricaci\u00f3n Ecol\u00f3gica - Ecoquimic<\/title>\n<meta name=\"description\" content=\"Fabricaci\u00f3n de productos qu\u00edmicos, marcas blancas, productos de limpieza, automoci\u00f3n, n\u00e1utica, lavander\u00eda industrial, lavander\u00eda dom\u00e9stica, construcci\u00f3n, Canal Horeca, productos biol\u00f3gicos, ambientadores, piscina. Ecoquimic - Fabricaci\u00f3n Ecol\u00f3gica\" \/>\n<meta name=\"robots\" content=\"index, follow, max-snippet:-1, max-image-preview:large, max-video-preview:-1\" \/>\n<link rel=\"canonical\" href=\"https:\/\/ecoquimic.com\/ca\/ecoquimic-sostenible\/fabricacion-ecologica\/\" \/>\n<meta property=\"og:locale\" content=\"ca_ES\" \/>\n<meta property=\"og:type\" content=\"article\" \/>\n<meta property=\"og:title\" content=\"Fabricaci\u00f3n Ecol\u00f3gica - Ecoquimic\" \/>\n<meta property=\"og:description\" content=\"Fabricaci\u00f3n de productos qu\u00edmicos, marcas blancas, productos de limpieza, automoci\u00f3n, n\u00e1utica, lavander\u00eda industrial, lavander\u00eda dom\u00e9stica, construcci\u00f3n, Canal Horeca, productos biol\u00f3gicos, ambientadores, piscina. Ecoquimic - Fabricaci\u00f3n Ecol\u00f3gica\" \/>\n<meta property=\"og:url\" content=\"https:\/\/ecoquimic.com\/ca\/ecoquimic-sostenible\/fabricacion-ecologica\/\" \/>\n<meta property=\"og:site_name\" content=\"Ecoquimic\" \/>\n<meta property=\"article:publisher\" content=\"https:\/\/www.facebook.com\/EcoquimicBalear\/\" \/>\n<meta property=\"article:modified_time\" content=\"2024-05-29T09:34:27+00:00\" \/>\n<meta property=\"og:image\" content=\"https:\/\/ecoquimic.com\/wp-content\/uploads\/2024\/05\/granel_3.png\" \/>\n<meta name=\"twitter:card\" content=\"summary_large_image\" \/>\n<meta name=\"twitter:site\" content=\"@EcoquimicBalear\" \/>\n<meta name=\"twitter:label1\" content=\"Temps estimat de lectura\" \/>\n\t<meta name=\"twitter:data1\" content=\"2 minuts\" \/>\n<script type=\"application\/ld+json\" class=\"yoast-schema-graph\">{\"@context\":\"https:\\\/\\\/schema.org\",\"@graph\":[{\"@type\":\"WebPage\",\"@id\":\"https:\\\/\\\/ecoquimic.com\\\/ecoquimic-sostenible\\\/fabricacion-ecologica\\\/\",\"url\":\"https:\\\/\\\/ecoquimic.com\\\/ecoquimic-sostenible\\\/fabricacion-ecologica\\\/\",\"name\":\"Fabricaci\u00f3n Ecol\u00f3gica - Ecoquimic\",\"isPartOf\":{\"@id\":\"https:\\\/\\\/ecoquimic.com\\\/#website\"},\"primaryImageOfPage\":{\"@id\":\"https:\\\/\\\/ecoquimic.com\\\/ecoquimic-sostenible\\\/fabricacion-ecologica\\\/#primaryimage\"},\"image\":{\"@id\":\"https:\\\/\\\/ecoquimic.com\\\/ecoquimic-sostenible\\\/fabricacion-ecologica\\\/#primaryimage\"},\"thumbnailUrl\":\"https:\\\/\\\/ecoquimic.com\\\/wp-content\\\/uploads\\\/2024\\\/05\\\/granel_3.png\",\"datePublished\":\"2024-03-12T08:13:59+00:00\",\"dateModified\":\"2024-05-29T09:34:27+00:00\",\"description\":\"Fabricaci\u00f3n de productos qu\u00edmicos, marcas blancas, productos de limpieza, automoci\u00f3n, n\u00e1utica, lavander\u00eda industrial, lavander\u00eda dom\u00e9stica, construcci\u00f3n, Canal Horeca, productos biol\u00f3gicos, ambientadores, piscina. Ecoquimic - Fabricaci\u00f3n Ecol\u00f3gica\",\"breadcrumb\":{\"@id\":\"https:\\\/\\\/ecoquimic.com\\\/ecoquimic-sostenible\\\/fabricacion-ecologica\\\/#breadcrumb\"},\"inLanguage\":\"ca\",\"potentialAction\":[{\"@type\":\"ReadAction\",\"target\":[\"https:\\\/\\\/ecoquimic.com\\\/ecoquimic-sostenible\\\/fabricacion-ecologica\\\/\"]}]},{\"@type\":\"ImageObject\",\"inLanguage\":\"ca\",\"@id\":\"https:\\\/\\\/ecoquimic.com\\\/ecoquimic-sostenible\\\/fabricacion-ecologica\\\/#primaryimage\",\"url\":\"https:\\\/\\\/ecoquimic.com\\\/wp-content\\\/uploads\\\/2024\\\/05\\\/granel_3.png\",\"contentUrl\":\"https:\\\/\\\/ecoquimic.com\\\/wp-content\\\/uploads\\\/2024\\\/05\\\/granel_3.png\"},{\"@type\":\"BreadcrumbList\",\"@id\":\"https:\\\/\\\/ecoquimic.com\\\/ecoquimic-sostenible\\\/fabricacion-ecologica\\\/#breadcrumb\",\"itemListElement\":[{\"@type\":\"ListItem\",\"position\":1,\"name\":\"Portada\",\"item\":\"https:\\\/\\\/ecoquimic.com\\\/\"},{\"@type\":\"ListItem\",\"position\":2,\"name\":\"Sosteniblidad\",\"item\":\"https:\\\/\\\/ecoquimic.com\\\/ecoquimic-sostenible\\\/\"},{\"@type\":\"ListItem\",\"position\":3,\"name\":\"Fabricaci\u00f3n Ecol\u00f3gica\"}]},{\"@type\":\"WebSite\",\"@id\":\"https:\\\/\\\/ecoquimic.com\\\/#website\",\"url\":\"https:\\\/\\\/ecoquimic.com\\\/\",\"name\":\"Ecoquimic\",\"description\":\"F\u00e1brica productos qu\u00edmicos de limpieza en Mallorca, Baleares, Espa\u00f1a\",\"publisher\":{\"@id\":\"https:\\\/\\\/ecoquimic.com\\\/#organization\"},\"potentialAction\":[{\"@type\":\"SearchAction\",\"target\":{\"@type\":\"EntryPoint\",\"urlTemplate\":\"https:\\\/\\\/ecoquimic.com\\\/?s={search_term_string}\"},\"query-input\":{\"@type\":\"PropertyValueSpecification\",\"valueRequired\":true,\"valueName\":\"search_term_string\"}}],\"inLanguage\":\"ca\"},{\"@type\":\"Organization\",\"@id\":\"https:\\\/\\\/ecoquimic.com\\\/#organization\",\"name\":\"Ecoquimic\",\"url\":\"https:\\\/\\\/ecoquimic.com\\\/\",\"logo\":{\"@type\":\"ImageObject\",\"inLanguage\":\"ca\",\"@id\":\"https:\\\/\\\/ecoquimic.com\\\/#\\\/schema\\\/logo\\\/image\\\/\",\"url\":\"https:\\\/\\\/ecoquimic.com\\\/wp-content\\\/uploads\\\/2021\\\/10\\\/ecoquimic.png\",\"contentUrl\":\"https:\\\/\\\/ecoquimic.com\\\/wp-content\\\/uploads\\\/2021\\\/10\\\/ecoquimic.png\",\"width\":200,\"height\":93,\"caption\":\"Ecoquimic\"},\"image\":{\"@id\":\"https:\\\/\\\/ecoquimic.com\\\/#\\\/schema\\\/logo\\\/image\\\/\"},\"sameAs\":[\"https:\\\/\\\/www.facebook.com\\\/EcoquimicBalear\\\/\",\"https:\\\/\\\/x.com\\\/EcoquimicBalear\",\"https:\\\/\\\/www.instagram.com\\\/ecoquimic\\\/\",\"https:\\\/\\\/www.linkedin.com\\\/company\\\/ecoquimicbalear\\\/\",\"https:\\\/\\\/www.youtube.com\\\/channel\\\/UCYxjbpYf4oB7iKCsjUM1J4g\"]}]}<\/script>\n<!-- \/ Yoast SEO plugin. -->","yoast_head_json":{"title":"Fabricaci\u00f3n Ecol\u00f3gica - Ecoquimic","description":"Fabricaci\u00f3n de productos qu\u00edmicos, marcas blancas, productos de limpieza, automoci\u00f3n, n\u00e1utica, lavander\u00eda industrial, lavander\u00eda dom\u00e9stica, construcci\u00f3n, Canal Horeca, productos biol\u00f3gicos, ambientadores, piscina. Ecoquimic - Fabricaci\u00f3n Ecol\u00f3gica","robots":{"index":"index","follow":"follow","max-snippet":"max-snippet:-1","max-image-preview":"max-image-preview:large","max-video-preview":"max-video-preview:-1"},"canonical":"https:\/\/ecoquimic.com\/ca\/ecoquimic-sostenible\/fabricacion-ecologica\/","og_locale":"ca_ES","og_type":"article","og_title":"Fabricaci\u00f3n Ecol\u00f3gica - Ecoquimic","og_description":"Fabricaci\u00f3n de productos qu\u00edmicos, marcas blancas, productos de limpieza, automoci\u00f3n, n\u00e1utica, lavander\u00eda industrial, lavander\u00eda dom\u00e9stica, construcci\u00f3n, Canal Horeca, productos biol\u00f3gicos, ambientadores, piscina. Ecoquimic - Fabricaci\u00f3n Ecol\u00f3gica","og_url":"https:\/\/ecoquimic.com\/ca\/ecoquimic-sostenible\/fabricacion-ecologica\/","og_site_name":"Ecoquimic","article_publisher":"https:\/\/www.facebook.com\/EcoquimicBalear\/","article_modified_time":"2024-05-29T09:34:27+00:00","og_image":[{"url":"https:\/\/ecoquimic.com\/wp-content\/uploads\/2024\/05\/granel_3.png","type":"","width":"","height":""}],"twitter_card":"summary_large_image","twitter_site":"@EcoquimicBalear","twitter_misc":{"Temps estimat de lectura":"2 minuts"},"schema":{"@context":"https:\/\/schema.org","@graph":[{"@type":"WebPage","@id":"https:\/\/ecoquimic.com\/ecoquimic-sostenible\/fabricacion-ecologica\/","url":"https:\/\/ecoquimic.com\/ecoquimic-sostenible\/fabricacion-ecologica\/","name":"Fabricaci\u00f3n Ecol\u00f3gica - Ecoquimic","isPartOf":{"@id":"https:\/\/ecoquimic.com\/#website"},"primaryImageOfPage":{"@id":"https:\/\/ecoquimic.com\/ecoquimic-sostenible\/fabricacion-ecologica\/#primaryimage"},"image":{"@id":"https:\/\/ecoquimic.com\/ecoquimic-sostenible\/fabricacion-ecologica\/#primaryimage"},"thumbnailUrl":"https:\/\/ecoquimic.com\/wp-content\/uploads\/2024\/05\/granel_3.png","datePublished":"2024-03-12T08:13:59+00:00","dateModified":"2024-05-29T09:34:27+00:00","description":"Fabricaci\u00f3n de productos qu\u00edmicos, marcas blancas, productos de limpieza, automoci\u00f3n, n\u00e1utica, lavander\u00eda industrial, lavander\u00eda dom\u00e9stica, construcci\u00f3n, Canal Horeca, productos biol\u00f3gicos, ambientadores, piscina. Ecoquimic - Fabricaci\u00f3n Ecol\u00f3gica","breadcrumb":{"@id":"https:\/\/ecoquimic.com\/ecoquimic-sostenible\/fabricacion-ecologica\/#breadcrumb"},"inLanguage":"ca","potentialAction":[{"@type":"ReadAction","target":["https:\/\/ecoquimic.com\/ecoquimic-sostenible\/fabricacion-ecologica\/"]}]},{"@type":"ImageObject","inLanguage":"ca","@id":"https:\/\/ecoquimic.com\/ecoquimic-sostenible\/fabricacion-ecologica\/#primaryimage","url":"https:\/\/ecoquimic.com\/wp-content\/uploads\/2024\/05\/granel_3.png","contentUrl":"https:\/\/ecoquimic.com\/wp-content\/uploads\/2024\/05\/granel_3.png"},{"@type":"BreadcrumbList","@id":"https:\/\/ecoquimic.com\/ecoquimic-sostenible\/fabricacion-ecologica\/#breadcrumb","itemListElement":[{"@type":"ListItem","position":1,"name":"Portada","item":"https:\/\/ecoquimic.com\/"},{"@type":"ListItem","position":2,"name":"Sosteniblidad","item":"https:\/\/ecoquimic.com\/ecoquimic-sostenible\/"},{"@type":"ListItem","position":3,"name":"Fabricaci\u00f3n Ecol\u00f3gica"}]},{"@type":"WebSite","@id":"https:\/\/ecoquimic.com\/#website","url":"https:\/\/ecoquimic.com\/","name":"Ecoquimic","description":"F\u00e1brica productos qu\u00edmicos de limpieza en Mallorca, Baleares, Espa\u00f1a","publisher":{"@id":"https:\/\/ecoquimic.com\/#organization"},"potentialAction":[{"@type":"SearchAction","target":{"@type":"EntryPoint","urlTemplate":"https:\/\/ecoquimic.com\/?s={search_term_string}"},"query-input":{"@type":"PropertyValueSpecification","valueRequired":true,"valueName":"search_term_string"}}],"inLanguage":"ca"},{"@type":"Organization","@id":"https:\/\/ecoquimic.com\/#organization","name":"Ecoquimic","url":"https:\/\/ecoquimic.com\/","logo":{"@type":"ImageObject","inLanguage":"ca","@id":"https:\/\/ecoquimic.com\/#\/schema\/logo\/image\/","url":"https:\/\/ecoquimic.com\/wp-content\/uploads\/2021\/10\/ecoquimic.png","contentUrl":"https:\/\/ecoquimic.com\/wp-content\/uploads\/2021\/10\/ecoquimic.png","width":200,"height":93,"caption":"Ecoquimic"},"image":{"@id":"https:\/\/ecoquimic.com\/#\/schema\/logo\/image\/"},"sameAs":["https:\/\/www.facebook.com\/EcoquimicBalear\/","https:\/\/x.com\/EcoquimicBalear","https:\/\/www.instagram.com\/ecoquimic\/","https:\/\/www.linkedin.com\/company\/ecoquimicbalear\/","https:\/\/www.youtube.com\/channel\/UCYxjbpYf4oB7iKCsjUM1J4g"]}]}},"_links":{"self":[{"href":"https:\/\/ecoquimic.com\/ca\/wp-json\/wp\/v2\/pages\/7252","targetHints":{"allow":["GET"]}}],"collection":[{"href":"https:\/\/ecoquimic.com\/ca\/wp-json\/wp\/v2\/pages"}],"about":[{"href":"https:\/\/ecoquimic.com\/ca\/wp-json\/wp\/v2\/types\/page"}],"author":[{"embeddable":true,"href":"https:\/\/ecoquimic.com\/ca\/wp-json\/wp\/v2\/users\/10"}],"replies":[{"embeddable":true,"href":"https:\/\/ecoquimic.com\/ca\/wp-json\/wp\/v2\/comments?post=7252"}],"version-history":[{"count":14,"href":"https:\/\/ecoquimic.com\/ca\/wp-json\/wp\/v2\/pages\/7252\/revisions"}],"predecessor-version":[{"id":18421,"href":"https:\/\/ecoquimic.com\/ca\/wp-json\/wp\/v2\/pages\/7252\/revisions\/18421"}],"up":[{"embeddable":true,"href":"https:\/\/ecoquimic.com\/ca\/wp-json\/wp\/v2\/pages\/7089"}],"wp:attachment":[{"href":"https:\/\/ecoquimic.com\/ca\/wp-json\/wp\/v2\/media?parent=7252"}],"curies":[{"name":"wp","href":"https:\/\/api.w.org\/{rel}","templated":true}]}}