{"id":4340,"date":"2022-04-21T13:32:08","date_gmt":"2022-04-21T13:32:08","guid":{"rendered":"https:\/\/ecoquimic.com\/?page_id=4340"},"modified":"2024-06-03T06:42:16","modified_gmt":"2024-06-03T06:42:16","slug":"huella-de-carbono","status":"publish","type":"page","link":"https:\/\/ecoquimic.com\/ca\/certificaciones\/huella-de-carbono\/","title":{"rendered":"Petjada de Carboni"},"content":{"rendered":"<div data-colibri-id=\"4340-c1\" class=\"style-2048 style-local-4340-c1 position-relative\">\n  <!---->\n  <div data-colibri-component=\"section\" data-colibri-id=\"4340-c2\" id=\"about\" class=\"h-section h-section-global-spacing d-flex align-items-lg-center align-items-md-center align-items-center style-2793 style-local-4340-c2 position-relative\">\n    <!---->\n    <!---->\n    <div class=\"h-section-grid-container h-section-boxed-container\">\n      <!---->\n      <div data-colibri-id=\"4340-c3\" class=\"h-row-container gutters-row-lg-0 gutters-row-md-0 gutters-row-0 gutters-row-v-lg-0 gutters-row-v-md-0 gutters-row-v-0 style-2794 style-local-4340-c3 position-relative\">\n        <!---->\n        <div class=\"h-row justify-content-lg-center justify-content-md-center justify-content-center align-items-lg-stretch align-items-md-stretch align-items-stretch gutters-col-lg-0 gutters-col-md-0 gutters-col-0 gutters-col-v-lg-0 gutters-col-v-md-0 gutters-col-v-0\">\n          <!---->\n          <div class=\"h-column h-column-container d-flex h-col-lg-auto h-col-md-auto h-col-auto style-2795-outer style-local-4340-c4-outer\">\n            <div data-colibri-id=\"4340-c4\" class=\"d-flex h-flex-basis h-column__inner h-px-lg-0 h-px-md-0 h-px-0 v-inner-lg-0 v-inner-md-0 v-inner-0 style-2795 style-local-4340-c4 position-relative\">\n              <!---->\n              <!---->\n              <div class=\"w-100 h-y-container h-column__content h-column__v-align flex-basis-100 align-self-lg-start align-self-md-start align-self-start\">\n                <!---->\n                <div data-colibri-id=\"4340-c5\" class=\"h-global-transition-all h-heading style-2796 style-local-4340-c5 position-relative h-element\">\n                  <!---->\n                  <div class=\"h-heading__outer style-2796 style-local-4340-c5\">\n                    <!---->\n                    <!---->\n                    <h5 class=\"\">Petjada de Carboni<\/h5>\n                  <\/div>\n                <\/div>\n                <div data-colibri-id=\"4340-c6\" class=\"h-global-transition-all h-heading style-2797 style-local-4340-c6 position-relative h-element\">\n                  <!---->\n                  <div class=\"h-heading__outer style-2797 style-local-4340-c6\">\n                    <!---->\n                    <!---->\n                    <h2 class=\"\">Som una <span style=\"font-family: Montserrat; font-weight: 400;\">Ind\u00fastria Local<\/span><\/h2>\n                  <\/div>\n                <\/div>\n                <div data-colibri-id=\"4340-c7\" class=\"h-text h-text-component style-2798 style-local-4340-c7 position-relative h-element\">\n                  <!---->\n                  <!---->\n                  <div class=\"\">\n                    <p>La nostra f\u00e0brica situada a Marratx\u00ed fa que els nostres productes siguin de Km\/0 reduint aix\u00ed la contaminaci\u00f3 que es genera en el transport i per tant tamb\u00e9 la nostra petjada de carboni.<\/p>\n                    <p>Amb tot aix\u00f2 aportem valor a la cadena industrial de Mallorca!&nbsp;<\/p>\n                  <\/div>\n                <\/div>\n              <\/div>\n            <\/div>\n          <\/div>\n          <div class=\"h-column h-column-container d-flex h-col-lg-auto h-col-md-auto h-col-auto style-2799-outer style-local-4340-c8-outer\">\n            <div data-colibri-id=\"4340-c8\" class=\"d-flex h-flex-basis h-column__inner h-ui-empty-state-container h-px-lg-2 h-px-md-2 h-px-2 v-inner-lg-2 v-inner-md-2 v-inner-2 style-2799 style-local-4340-c8 position-relative\">\n              <!---->\n              <!---->\n              <div class=\"w-100 h-y-container h-column__content h-column__v-align flex-basis-100\">\n                <!---->\n              <\/div>\n            <\/div>\n          <\/div>\n        <\/div>\n      <\/div>\n    <\/div>\n  <\/div>\n  <div data-colibri-component=\"section\" data-colibri-id=\"4340-c9\" id=\"overlappable\" class=\"h-section h-section-global-spacing d-flex align-items-lg-center align-items-md-center align-items-center style-2060 style-local-4340-c9 position-relative\">\n    <!---->\n    <!---->\n    <div class=\"h-section-grid-container h-section-boxed-container\">\n      <!---->\n      <div data-colibri-id=\"4340-c10\" class=\"h-row-container gutters-row-lg-2 gutters-row-md-2 gutters-row-2 gutters-row-v-lg-2 gutters-row-v-md-2 gutters-row-v-2 style-2061 style-local-4340-c10 position-relative\">\n        <!---->\n        <div class=\"h-row justify-content-lg-center justify-content-md-center justify-content-center align-items-lg-stretch align-items-md-stretch align-items-stretch gutters-col-lg-2 gutters-col-md-2 gutters-col-2 gutters-col-v-lg-2 gutters-col-v-md-2 gutters-col-v-2\">\n          <!---->\n          <div class=\"h-column h-column-container d-flex h-col-lg-4 h-col-md-4 h-col-12 style-2062-outer style-local-4340-c11-outer\">\n            <div data-colibri-id=\"4340-c11\" class=\"d-flex h-flex-basis h-column__inner h-px-lg-3 h-px-md-3 h-px-3 v-inner-lg-3 v-inner-md-3 v-inner-3 style-2062 style-local-4340-c11 position-relative\">\n              <!---->\n              <!---->\n              <div class=\"w-100 h-y-container h-column__content h-column__v-align flex-basis-100 align-self-lg-start align-self-md-start align-self-start\">\n                <!---->\n                <div data-colibri-id=\"4340-c12\" class=\"d-block style-2070 style-local-4340-c12 position-relative h-element\">\n                  <!---->\n                  <div class=\"h-image__frame-container-outer\">\n                    <div class=\"h-image__frame-container\">\n                      <!---->\n                      <!---->\n                      <img loading=\"lazy\" decoding=\"async\" width=\"1080\" height=\"1080\" src=\"https:\/\/ecoquimic.com\/wp-content\/uploads\/2022\/05\/1.png\" class=\"wp-image-4351 style-2070-image style-local-4340-c12-image\" alt=\"\" srcset=\"https:\/\/ecoquimic.com\/wp-content\/uploads\/2022\/05\/1.png 1080w, https:\/\/ecoquimic.com\/wp-content\/uploads\/2022\/05\/1-300x300.png 300w, https:\/\/ecoquimic.com\/wp-content\/uploads\/2022\/05\/1-1024x1024.png 1024w, https:\/\/ecoquimic.com\/wp-content\/uploads\/2022\/05\/1-150x150.png 150w, https:\/\/ecoquimic.com\/wp-content\/uploads\/2022\/05\/1-768x768.png 768w\" sizes=\"auto, (max-width: 1080px) 100vw, 1080px\" \/>\n                      <div class=\"h-image__frame h-hide-lg h-hide-md h-hide-sm style-2070-frameImage style-local-4340-c12-frameImage\"><\/div>\n                    <\/div>\n                  <\/div>\n                <\/div>\n                <div data-colibri-id=\"4340-c13\" class=\"h-x-container style-2075 style-local-4340-c13 position-relative h-element\">\n                  <!---->\n                  <div class=\"h-x-container-inner style-dynamic-4340-c13-group style-2075-spacing style-local-4340-c13-spacing\"><span class=\"h-button__outer style-2076-outer style-local-4340-c14-outer d-inline-flex h-element\"><a h-use-smooth-scroll=\"true\" href=\"https:\/\/ecoquimic.com\/wp-content\/uploads\/2022\/05\/ANEXO-1-informe-ECOQUIMIC.pdf\" target=\"_blank\" data-colibri-id=\"4340-c14\" class=\"d-flex w-100 align-items-center h-button justify-content-lg-center justify-content-md-center justify-content-center style-2076 style-local-4340-c14 position-relative\" rel=\"noopener\"><!----><!----> <span>Descarregar<\/span><\/a>\n                    <\/span>\n                  <\/div>\n                <\/div>\n              <\/div>\n            <\/div>\n          <\/div>\n          <div class=\"h-column h-column-container d-flex h-col-lg-4 h-col-md-4 h-col-12 style-2066-outer style-local-4340-c15-outer\">\n            <div data-colibri-id=\"4340-c15\" class=\"d-flex h-flex-basis h-column__inner h-px-lg-3 h-px-md-3 h-px-3 v-inner-lg-3 v-inner-md-3 v-inner-3 style-2066 style-local-4340-c15 position-relative\">\n              <!---->\n              <!---->\n              <div class=\"w-100 h-y-container h-column__content h-column__v-align flex-basis-100 align-self-lg-start align-self-md-start align-self-start\">\n                <!---->\n                <div data-colibri-id=\"4340-c16\" class=\"d-block style-2071 style-local-4340-c16 position-relative h-element\">\n                  <!---->\n                  <div class=\"h-image__frame-container-outer\">\n                    <div class=\"h-image__frame-container\">\n                      <!---->\n                      <!---->\n                      <img loading=\"lazy\" decoding=\"async\" width=\"1080\" height=\"1080\" src=\"https:\/\/ecoquimic.com\/wp-content\/uploads\/2022\/05\/2.png\" class=\"wp-image-4352 style-2071-image style-local-4340-c16-image\" alt=\"\" srcset=\"https:\/\/ecoquimic.com\/wp-content\/uploads\/2022\/05\/2.png 1080w, https:\/\/ecoquimic.com\/wp-content\/uploads\/2022\/05\/2-300x300.png 300w, https:\/\/ecoquimic.com\/wp-content\/uploads\/2022\/05\/2-1024x1024.png 1024w, https:\/\/ecoquimic.com\/wp-content\/uploads\/2022\/05\/2-150x150.png 150w, https:\/\/ecoquimic.com\/wp-content\/uploads\/2022\/05\/2-768x768.png 768w\" sizes=\"auto, (max-width: 1080px) 100vw, 1080px\" \/>\n                      <div class=\"h-image__frame h-hide-lg h-hide-md h-hide-sm style-2071-frameImage style-local-4340-c16-frameImage\"><\/div>\n                    <\/div>\n                  <\/div>\n                <\/div>\n                <div data-colibri-id=\"4340-c17\" class=\"h-x-container style-2073 style-local-4340-c17 position-relative h-element\">\n                  <!---->\n                  <div class=\"h-x-container-inner style-dynamic-4340-c17-group style-2073-spacing style-local-4340-c17-spacing\"><span class=\"h-button__outer style-2074-outer style-local-4340-c18-outer d-inline-flex h-element\"><a h-use-smooth-scroll=\"true\" href=\"https:\/\/ecoquimic.com\/wp-content\/uploads\/2022\/05\/ANEXO-2-informe-inventario-de-GEI-ISO-14064-1-ECOQUIMIC.pdf\" target=\"_blank\" data-colibri-id=\"4340-c18\" class=\"d-flex w-100 align-items-center h-button justify-content-lg-center justify-content-md-center justify-content-center style-2074 style-local-4340-c18 position-relative\" rel=\"noopener\"><!----><!----> <span>Descarregar<\/span><\/a>\n                    <\/span>\n                  <\/div>\n                <\/div>\n              <\/div>\n            <\/div>\n          <\/div>\n          <div class=\"h-column h-column-container d-flex h-col-lg-4 h-col-md-4 h-col-12 style-2068-outer style-local-4340-c19-outer\">\n            <div data-colibri-id=\"4340-c19\" class=\"d-flex h-flex-basis h-column__inner h-px-lg-3 h-px-md-3 h-px-3 v-inner-lg-3 v-inner-md-3 v-inner-3 style-2068 style-local-4340-c19 position-relative\">\n              <!---->\n              <!---->\n              <div class=\"w-100 h-y-container h-column__content h-column__v-align flex-basis-100 align-self-lg-start align-self-md-start align-self-start\">\n                <!---->\n                <div data-colibri-id=\"4340-c20\" class=\"d-block style-2072 style-local-4340-c20 position-relative h-element\">\n                  <!---->\n                  <div class=\"h-image__frame-container-outer\">\n                    <div class=\"h-image__frame-container\">\n                      <!---->\n                      <!---->\n                      <img loading=\"lazy\" decoding=\"async\" width=\"1080\" height=\"1080\" src=\"https:\/\/ecoquimic.com\/wp-content\/uploads\/2022\/05\/3.png\" class=\"wp-image-4353 style-2072-image style-local-4340-c20-image\" alt=\"\" srcset=\"https:\/\/ecoquimic.com\/wp-content\/uploads\/2022\/05\/3.png 1080w, https:\/\/ecoquimic.com\/wp-content\/uploads\/2022\/05\/3-300x300.png 300w, https:\/\/ecoquimic.com\/wp-content\/uploads\/2022\/05\/3-1024x1024.png 1024w, https:\/\/ecoquimic.com\/wp-content\/uploads\/2022\/05\/3-150x150.png 150w, https:\/\/ecoquimic.com\/wp-content\/uploads\/2022\/05\/3-768x768.png 768w\" sizes=\"auto, (max-width: 1080px) 100vw, 1080px\" \/>\n                      <div class=\"h-image__frame h-hide-lg h-hide-md h-hide-sm style-2072-frameImage style-local-4340-c20-frameImage\"><\/div>\n                    <\/div>\n                  <\/div>\n                <\/div>\n                <div data-colibri-id=\"4340-c21\" class=\"h-x-container style-2077 style-local-4340-c21 position-relative h-element\">\n                  <!---->\n                  <div class=\"h-x-container-inner style-dynamic-4340-c21-group style-2077-spacing style-local-4340-c21-spacing\"><span class=\"h-button__outer style-2078-outer style-local-4340-c22-outer d-inline-flex h-element\"><a h-use-smooth-scroll=\"true\" href=\"https:\/\/ecoquimic.com\/wp-content\/uploads\/2022\/05\/Informe-ECOQUIMIC-v1.pdf\" target=\"_blank\" data-colibri-id=\"4340-c22\" class=\"d-flex w-100 align-items-center h-button justify-content-lg-center justify-content-md-center justify-content-center style-2078 style-local-4340-c22 position-relative\" rel=\"noopener\"><!----><!----> <span>Descarregar<\/span><\/a>\n                    <\/span>\n                  <\/div>\n                <\/div>\n              <\/div>\n            <\/div>\n          <\/div>\n        <\/div>\n      <\/div>\n    <\/div>\n  <\/div>\n<\/div>","protected":false},"excerpt":{"rendered":"<p>Huella de Carbono Somos una Industria Local Nuestra f\u00e1brica ubicada en Marratx\u00ed hace que nuestros productos sean de Km\/0 reduciendo as\u00ed la contaminaci\u00f3n que se genera en el transporte y por lo tanto tambi\u00e9n nuestra huella de carbono. Con todo esto aportamos valor a la cadena industrial de Mallorca!&nbsp; Descargar Descargar Descargar<\/p>","protected":false},"author":10,"featured_media":7519,"parent":5933,"menu_order":2,"comment_status":"closed","ping_status":"closed","template":"page-templates\/full-width-page.php","meta":{"footnotes":""},"class_list":["post-4340","page","type-page","status-publish","has-post-thumbnail","hentry"],"yoast_head":"<!-- This site is optimized with the Yoast SEO plugin v27.5 - https:\/\/yoast.com\/product\/yoast-seo-wordpress\/ -->\n<title>Huella de Carbono - Ecoquimic<\/title>\n<meta name=\"description\" content=\"Nuestra f\u00e1brica ubicada en Marratx\u00ed hace que nuestros productos sean de Km\/0 reduciendo as\u00ed nuestra huella de carbono. Ecoquimic - Huella de Carbono\" \/>\n<meta name=\"robots\" content=\"index, follow, max-snippet:-1, max-image-preview:large, max-video-preview:-1\" \/>\n<link rel=\"canonical\" href=\"https:\/\/ecoquimic.com\/ca\/certificaciones\/huella-de-carbono\/\" \/>\n<meta property=\"og:locale\" content=\"ca_ES\" \/>\n<meta property=\"og:type\" content=\"article\" \/>\n<meta property=\"og:title\" content=\"Huella de Carbono - Ecoquimic\" \/>\n<meta property=\"og:description\" content=\"Nuestra f\u00e1brica ubicada en Marratx\u00ed hace que nuestros productos sean de Km\/0 reduciendo as\u00ed nuestra huella de carbono. Ecoquimic - Huella de Carbono\" \/>\n<meta property=\"og:url\" content=\"https:\/\/ecoquimic.com\/ca\/certificaciones\/huella-de-carbono\/\" \/>\n<meta property=\"og:site_name\" content=\"Ecoquimic\" \/>\n<meta property=\"article:publisher\" content=\"https:\/\/www.facebook.com\/EcoquimicBalear\/\" \/>\n<meta property=\"article:modified_time\" content=\"2024-06-03T06:42:16+00:00\" \/>\n<meta property=\"og:image\" content=\"https:\/\/ecoquimic.com\/wp-content\/uploads\/2024\/03\/ecoquimicSostenible_2_grande-3.png\" \/>\n\t<meta property=\"og:image:width\" content=\"400\" \/>\n\t<meta property=\"og:image:height\" content=\"400\" \/>\n\t<meta property=\"og:image:type\" content=\"image\/png\" \/>\n<meta name=\"twitter:card\" content=\"summary_large_image\" \/>\n<meta name=\"twitter:site\" content=\"@EcoquimicBalear\" \/>\n<meta name=\"twitter:label1\" content=\"Temps estimat de lectura\" \/>\n\t<meta name=\"twitter:data1\" content=\"2 minuts\" \/>\n<script type=\"application\/ld+json\" class=\"yoast-schema-graph\">{\"@context\":\"https:\\\/\\\/schema.org\",\"@graph\":[{\"@type\":\"WebPage\",\"@id\":\"https:\\\/\\\/ecoquimic.com\\\/certificaciones\\\/huella-de-carbono\\\/\",\"url\":\"https:\\\/\\\/ecoquimic.com\\\/certificaciones\\\/huella-de-carbono\\\/\",\"name\":\"Huella de Carbono - Ecoquimic\",\"isPartOf\":{\"@id\":\"https:\\\/\\\/ecoquimic.com\\\/#website\"},\"primaryImageOfPage\":{\"@id\":\"https:\\\/\\\/ecoquimic.com\\\/certificaciones\\\/huella-de-carbono\\\/#primaryimage\"},\"image\":{\"@id\":\"https:\\\/\\\/ecoquimic.com\\\/certificaciones\\\/huella-de-carbono\\\/#primaryimage\"},\"thumbnailUrl\":\"https:\\\/\\\/ecoquimic.com\\\/wp-content\\\/uploads\\\/2024\\\/03\\\/ecoquimicSostenible_2_grande-3.png\",\"datePublished\":\"2022-04-21T13:32:08+00:00\",\"dateModified\":\"2024-06-03T06:42:16+00:00\",\"description\":\"Nuestra f\u00e1brica ubicada en Marratx\u00ed hace que nuestros productos sean de Km\\\/0 reduciendo as\u00ed nuestra huella de carbono. Ecoquimic - Huella de Carbono\",\"breadcrumb\":{\"@id\":\"https:\\\/\\\/ecoquimic.com\\\/certificaciones\\\/huella-de-carbono\\\/#breadcrumb\"},\"inLanguage\":\"ca\",\"potentialAction\":[{\"@type\":\"ReadAction\",\"target\":[\"https:\\\/\\\/ecoquimic.com\\\/certificaciones\\\/huella-de-carbono\\\/\"]}]},{\"@type\":\"ImageObject\",\"inLanguage\":\"ca\",\"@id\":\"https:\\\/\\\/ecoquimic.com\\\/certificaciones\\\/huella-de-carbono\\\/#primaryimage\",\"url\":\"https:\\\/\\\/ecoquimic.com\\\/wp-content\\\/uploads\\\/2024\\\/03\\\/ecoquimicSostenible_2_grande-3.png\",\"contentUrl\":\"https:\\\/\\\/ecoquimic.com\\\/wp-content\\\/uploads\\\/2024\\\/03\\\/ecoquimicSostenible_2_grande-3.png\",\"width\":400,\"height\":400,\"caption\":\"Huella de carbono\"},{\"@type\":\"BreadcrumbList\",\"@id\":\"https:\\\/\\\/ecoquimic.com\\\/certificaciones\\\/huella-de-carbono\\\/#breadcrumb\",\"itemListElement\":[{\"@type\":\"ListItem\",\"position\":1,\"name\":\"Portada\",\"item\":\"https:\\\/\\\/ecoquimic.com\\\/\"},{\"@type\":\"ListItem\",\"position\":2,\"name\":\"Certificaciones\",\"item\":\"https:\\\/\\\/ecoquimic.com\\\/certificaciones\\\/\"},{\"@type\":\"ListItem\",\"position\":3,\"name\":\"Huella de Carbono\"}]},{\"@type\":\"WebSite\",\"@id\":\"https:\\\/\\\/ecoquimic.com\\\/#website\",\"url\":\"https:\\\/\\\/ecoquimic.com\\\/\",\"name\":\"Ecoquimic\",\"description\":\"F\u00e1brica productos qu\u00edmicos de limpieza en Mallorca, Baleares, Espa\u00f1a\",\"publisher\":{\"@id\":\"https:\\\/\\\/ecoquimic.com\\\/#organization\"},\"potentialAction\":[{\"@type\":\"SearchAction\",\"target\":{\"@type\":\"EntryPoint\",\"urlTemplate\":\"https:\\\/\\\/ecoquimic.com\\\/?s={search_term_string}\"},\"query-input\":{\"@type\":\"PropertyValueSpecification\",\"valueRequired\":true,\"valueName\":\"search_term_string\"}}],\"inLanguage\":\"ca\"},{\"@type\":\"Organization\",\"@id\":\"https:\\\/\\\/ecoquimic.com\\\/#organization\",\"name\":\"Ecoquimic\",\"url\":\"https:\\\/\\\/ecoquimic.com\\\/\",\"logo\":{\"@type\":\"ImageObject\",\"inLanguage\":\"ca\",\"@id\":\"https:\\\/\\\/ecoquimic.com\\\/#\\\/schema\\\/logo\\\/image\\\/\",\"url\":\"https:\\\/\\\/ecoquimic.com\\\/wp-content\\\/uploads\\\/2021\\\/10\\\/ecoquimic.png\",\"contentUrl\":\"https:\\\/\\\/ecoquimic.com\\\/wp-content\\\/uploads\\\/2021\\\/10\\\/ecoquimic.png\",\"width\":200,\"height\":93,\"caption\":\"Ecoquimic\"},\"image\":{\"@id\":\"https:\\\/\\\/ecoquimic.com\\\/#\\\/schema\\\/logo\\\/image\\\/\"},\"sameAs\":[\"https:\\\/\\\/www.facebook.com\\\/EcoquimicBalear\\\/\",\"https:\\\/\\\/x.com\\\/EcoquimicBalear\",\"https:\\\/\\\/www.instagram.com\\\/ecoquimic\\\/\",\"https:\\\/\\\/www.linkedin.com\\\/company\\\/ecoquimicbalear\\\/\",\"https:\\\/\\\/www.youtube.com\\\/channel\\\/UCYxjbpYf4oB7iKCsjUM1J4g\"]}]}<\/script>\n<!-- \/ Yoast SEO plugin. -->","yoast_head_json":{"title":"Huella de Carbono - Ecoquimic","description":"Nuestra f\u00e1brica ubicada en Marratx\u00ed hace que nuestros productos sean de Km\/0 reduciendo as\u00ed nuestra huella de carbono. Ecoquimic - Huella de Carbono","robots":{"index":"index","follow":"follow","max-snippet":"max-snippet:-1","max-image-preview":"max-image-preview:large","max-video-preview":"max-video-preview:-1"},"canonical":"https:\/\/ecoquimic.com\/ca\/certificaciones\/huella-de-carbono\/","og_locale":"ca_ES","og_type":"article","og_title":"Huella de Carbono - Ecoquimic","og_description":"Nuestra f\u00e1brica ubicada en Marratx\u00ed hace que nuestros productos sean de Km\/0 reduciendo as\u00ed nuestra huella de carbono. Ecoquimic - Huella de Carbono","og_url":"https:\/\/ecoquimic.com\/ca\/certificaciones\/huella-de-carbono\/","og_site_name":"Ecoquimic","article_publisher":"https:\/\/www.facebook.com\/EcoquimicBalear\/","article_modified_time":"2024-06-03T06:42:16+00:00","og_image":[{"width":400,"height":400,"url":"https:\/\/ecoquimic.com\/wp-content\/uploads\/2024\/03\/ecoquimicSostenible_2_grande-3.png","type":"image\/png"}],"twitter_card":"summary_large_image","twitter_site":"@EcoquimicBalear","twitter_misc":{"Temps estimat de lectura":"2 minuts"},"schema":{"@context":"https:\/\/schema.org","@graph":[{"@type":"WebPage","@id":"https:\/\/ecoquimic.com\/certificaciones\/huella-de-carbono\/","url":"https:\/\/ecoquimic.com\/certificaciones\/huella-de-carbono\/","name":"Huella de Carbono - Ecoquimic","isPartOf":{"@id":"https:\/\/ecoquimic.com\/#website"},"primaryImageOfPage":{"@id":"https:\/\/ecoquimic.com\/certificaciones\/huella-de-carbono\/#primaryimage"},"image":{"@id":"https:\/\/ecoquimic.com\/certificaciones\/huella-de-carbono\/#primaryimage"},"thumbnailUrl":"https:\/\/ecoquimic.com\/wp-content\/uploads\/2024\/03\/ecoquimicSostenible_2_grande-3.png","datePublished":"2022-04-21T13:32:08+00:00","dateModified":"2024-06-03T06:42:16+00:00","description":"Nuestra f\u00e1brica ubicada en Marratx\u00ed hace que nuestros productos sean de Km\/0 reduciendo as\u00ed nuestra huella de carbono. Ecoquimic - Huella de Carbono","breadcrumb":{"@id":"https:\/\/ecoquimic.com\/certificaciones\/huella-de-carbono\/#breadcrumb"},"inLanguage":"ca","potentialAction":[{"@type":"ReadAction","target":["https:\/\/ecoquimic.com\/certificaciones\/huella-de-carbono\/"]}]},{"@type":"ImageObject","inLanguage":"ca","@id":"https:\/\/ecoquimic.com\/certificaciones\/huella-de-carbono\/#primaryimage","url":"https:\/\/ecoquimic.com\/wp-content\/uploads\/2024\/03\/ecoquimicSostenible_2_grande-3.png","contentUrl":"https:\/\/ecoquimic.com\/wp-content\/uploads\/2024\/03\/ecoquimicSostenible_2_grande-3.png","width":400,"height":400,"caption":"Huella de carbono"},{"@type":"BreadcrumbList","@id":"https:\/\/ecoquimic.com\/certificaciones\/huella-de-carbono\/#breadcrumb","itemListElement":[{"@type":"ListItem","position":1,"name":"Portada","item":"https:\/\/ecoquimic.com\/"},{"@type":"ListItem","position":2,"name":"Certificaciones","item":"https:\/\/ecoquimic.com\/certificaciones\/"},{"@type":"ListItem","position":3,"name":"Huella de Carbono"}]},{"@type":"WebSite","@id":"https:\/\/ecoquimic.com\/#website","url":"https:\/\/ecoquimic.com\/","name":"Ecoquimic","description":"F\u00e1brica productos qu\u00edmicos de limpieza en Mallorca, Baleares, Espa\u00f1a","publisher":{"@id":"https:\/\/ecoquimic.com\/#organization"},"potentialAction":[{"@type":"SearchAction","target":{"@type":"EntryPoint","urlTemplate":"https:\/\/ecoquimic.com\/?s={search_term_string}"},"query-input":{"@type":"PropertyValueSpecification","valueRequired":true,"valueName":"search_term_string"}}],"inLanguage":"ca"},{"@type":"Organization","@id":"https:\/\/ecoquimic.com\/#organization","name":"Ecoquimic","url":"https:\/\/ecoquimic.com\/","logo":{"@type":"ImageObject","inLanguage":"ca","@id":"https:\/\/ecoquimic.com\/#\/schema\/logo\/image\/","url":"https:\/\/ecoquimic.com\/wp-content\/uploads\/2021\/10\/ecoquimic.png","contentUrl":"https:\/\/ecoquimic.com\/wp-content\/uploads\/2021\/10\/ecoquimic.png","width":200,"height":93,"caption":"Ecoquimic"},"image":{"@id":"https:\/\/ecoquimic.com\/#\/schema\/logo\/image\/"},"sameAs":["https:\/\/www.facebook.com\/EcoquimicBalear\/","https:\/\/x.com\/EcoquimicBalear","https:\/\/www.instagram.com\/ecoquimic\/","https:\/\/www.linkedin.com\/company\/ecoquimicbalear\/","https:\/\/www.youtube.com\/channel\/UCYxjbpYf4oB7iKCsjUM1J4g"]}]}},"_links":{"self":[{"href":"https:\/\/ecoquimic.com\/ca\/wp-json\/wp\/v2\/pages\/4340","targetHints":{"allow":["GET"]}}],"collection":[{"href":"https:\/\/ecoquimic.com\/ca\/wp-json\/wp\/v2\/pages"}],"about":[{"href":"https:\/\/ecoquimic.com\/ca\/wp-json\/wp\/v2\/types\/page"}],"author":[{"embeddable":true,"href":"https:\/\/ecoquimic.com\/ca\/wp-json\/wp\/v2\/users\/10"}],"replies":[{"embeddable":true,"href":"https:\/\/ecoquimic.com\/ca\/wp-json\/wp\/v2\/comments?post=4340"}],"version-history":[{"count":20,"href":"https:\/\/ecoquimic.com\/ca\/wp-json\/wp\/v2\/pages\/4340\/revisions"}],"predecessor-version":[{"id":18564,"href":"https:\/\/ecoquimic.com\/ca\/wp-json\/wp\/v2\/pages\/4340\/revisions\/18564"}],"up":[{"embeddable":true,"href":"https:\/\/ecoquimic.com\/ca\/wp-json\/wp\/v2\/pages\/5933"}],"wp:featuredmedia":[{"embeddable":true,"href":"https:\/\/ecoquimic.com\/ca\/wp-json\/wp\/v2\/media\/7519"}],"wp:attachment":[{"href":"https:\/\/ecoquimic.com\/ca\/wp-json\/wp\/v2\/media?parent=4340"}],"curies":[{"name":"wp","href":"https:\/\/api.w.org\/{rel}","templated":true}]}}