{"id":279,"date":"2021-10-05T16:09:27","date_gmt":"2021-10-05T16:09:27","guid":{"rendered":"http:\/\/s880345291.mialojamiento.es\/?page_id=279"},"modified":"2024-05-07T08:28:46","modified_gmt":"2024-05-07T08:28:46","slug":"laboratorio","status":"publish","type":"page","link":"https:\/\/ecoquimic.com\/ca\/quienes-somos\/laboratorio\/","title":{"rendered":"Laboratori"},"content":{"rendered":"<div data-colibri-id=\"279-c1\" class=\"style-490 style-local-279-c1 position-relative\">\n  <!---->\n  <div data-colibri-component=\"section\" data-colibri-id=\"279-c2\" id=\"about-3\" class=\"h-section h-section-global-spacing d-flex align-items-lg-center align-items-md-center align-items-center style-5525 style-local-279-c2 position-relative\">\n    <!---->\n    <!---->\n    <div class=\"h-section-grid-container h-section-boxed-container\">\n      <!---->\n      <div data-colibri-id=\"279-c3\" class=\"h-row-container gutters-row-lg-0 gutters-row-md-0 gutters-row-0 gutters-row-v-lg-0 gutters-row-v-md-0 gutters-row-v-0 style-5526 style-local-279-c3 position-relative\">\n        <!---->\n        <div class=\"h-row justify-content-lg-center justify-content-md-center justify-content-center align-items-lg-stretch align-items-md-stretch align-items-stretch gutters-col-lg-0 gutters-col-md-0 gutters-col-0 gutters-col-v-lg-0 gutters-col-v-md-0 gutters-col-v-0\">\n          <!---->\n          <div class=\"h-column h-column-container d-flex h-col-lg-6 h-col-md-6 h-col-12 style-5527-outer style-local-279-c4-outer\">\n            <div data-colibri-id=\"279-c4\" class=\"d-flex h-flex-basis h-column__inner h-px-lg-0 h-px-md-0 h-px-0 v-inner-lg-0 v-inner-md-0 v-inner-0 style-5527 style-local-279-c4 position-relative\">\n              <!---->\n              <!---->\n              <div class=\"w-100 h-y-container h-column__content h-column__v-align flex-basis-100 align-self-lg-start align-self-md-start align-self-start\">\n                <!---->\n                <div data-colibri-id=\"279-c5\" class=\"h-global-transition-all h-heading style-5528 style-local-279-c5 position-relative h-element\">\n                  <!---->\n                  <div class=\"h-heading__outer style-5528 style-local-279-c5\">\n                    <!---->\n                    <!---->\n                    <h5 class=\"\">Laboratori<\/h5>\n                  <\/div>\n                <\/div>\n                <div data-colibri-id=\"279-c6\" class=\"h-global-transition-all h-heading style-5529 style-local-279-c6 position-relative h-element\">\n                  <!---->\n                  <div class=\"h-heading__outer style-5529 style-local-279-c6\">\n                    <!---->\n                    <!---->\n                    <h2 class=\"\"><span style=\"font-size: 75%;\">Agilitat i flexibilitat per a aconseguir <\/span><span style=\"font-size: 75%; font-weight: 400; font-family: Montserrat;\">alts est\u00e0ndards de qualitat i innovaci\u00f3<\/span><\/h2>\n                  <\/div>\n                <\/div>\n                <div data-colibri-id=\"279-c7\" class=\"h-text h-text-component style-5530 style-local-279-c7 position-relative h-element\">\n                  <!---->\n                  <!---->\n                  <div class=\"\">\n                    <p><span style=\"font-family: Montserrat;\">Disposem de&nbsp;<\/span><span style=\"font-family: Montserrat; font-weight: 500;\">laboratori propi<\/span><span style=\"font-family: Montserrat;\">&nbsp;que ens permet ser altament eficients a l'hora de dissenyar productes, proporcionant rapidesa i fiabilitat al client.<\/span><\/p>\n                    <p><span style=\"font-family: Montserrat;\">Cadascun dels nostres productes es desenvolupa sota una estricta<\/span><span style=\"font-family: Montserrat; font-weight: 500;\">&nbsp;pol\u00edtica de qualitat<\/span><span style=\"font-family: Montserrat;\">, de manera que garantim que sigui&nbsp;<\/span>\n                      <span\n                        style=\"font-family: Montserrat; font-weight: 500;\">estable&nbsp;<\/span><span style=\"font-family: Montserrat;\">i ofereixi el rendiment esperat a tots els nostres productes abans de la seva comercialitzaci\u00f3.<\/span><\/p>\n                    <p><span style=\"font-family: Montserrat;\">A m\u00e9s, el nostre equip ofereix un m\u00e8tode de treball molt pr\u00f2xim als nostres clients, ajustant els productes sempre d'acord amb les seves necessitats i oferint mostres sense cap mena de comprom\u00eds.<\/span><\/p>\n                    <p>\n                      <br>\n                    <\/p>\n                  <\/div>\n                <\/div>\n              <\/div>\n            <\/div>\n          <\/div>\n          <div class=\"h-column h-column-container d-flex h-col-lg-6 h-col-md-6 h-col-12 style-5531-outer style-local-279-c8-outer\">\n            <div data-colibri-id=\"279-c8\" class=\"d-flex h-flex-basis h-column__inner h-ui-empty-state-container h-px-lg-2 h-px-md-2 h-px-2 v-inner-lg-2 v-inner-md-2 v-inner-2 style-5531 style-local-279-c8 position-relative\">\n              <!---->\n              <!---->\n              <div class=\"w-100 h-y-container h-column__content h-column__v-align flex-basis-100\">\n                <!---->\n              <\/div>\n            <\/div>\n          <\/div>\n        <\/div>\n      <\/div>\n    <\/div>\n  <\/div>\n  <div data-colibri-component=\"section\" data-colibri-id=\"279-c9\" id=\"about\" class=\"h-section h-section-global-spacing d-flex align-items-lg-center align-items-md-center align-items-center style-5532 style-local-279-c9 position-relative\">\n    <!---->\n    <!---->\n    <div class=\"h-section-grid-container h-section-boxed-container\">\n      <!---->\n      <div data-colibri-id=\"279-c10\" class=\"h-row-container gutters-row-lg-0 gutters-row-md-0 gutters-row-0 gutters-row-v-lg-0 gutters-row-v-md-0 gutters-row-v-0 style-5533 style-local-279-c10 position-relative\">\n        <!---->\n        <div class=\"h-row justify-content-lg-center justify-content-md-center justify-content-center align-items-lg-stretch align-items-md-stretch align-items-stretch gutters-col-lg-0 gutters-col-md-0 gutters-col-0 gutters-col-v-lg-0 gutters-col-v-md-0 gutters-col-v-0\">\n          <!---->\n          <div class=\"h-column h-column-container d-flex h-col-lg-6 h-col-md-6 h-col-12 style-5534-outer style-local-279-c11-outer\">\n            <div data-colibri-id=\"279-c11\" class=\"d-flex h-flex-basis h-column__inner h-ui-empty-state-container h-px-lg-0 h-px-md-0 h-px-0 v-inner-lg-0 v-inner-md-0 v-inner-0 style-5534 style-local-279-c11 position-relative\">\n              <!---->\n              <!---->\n              <div class=\"w-100 h-y-container h-column__content h-column__v-align flex-basis-100\">\n                <!---->\n              <\/div>\n            <\/div>\n          <\/div>\n          <div class=\"h-column h-column-container d-flex h-col-lg-6 h-col-md-6 h-col-12 style-5535-outer style-local-279-c12-outer\">\n            <div data-colibri-id=\"279-c12\" class=\"d-flex h-flex-basis h-column__inner h-px-lg-2 h-px-md-2 h-px-2 v-inner-lg-2 v-inner-md-2 v-inner-2 style-5535 style-local-279-c12 position-relative\">\n              <!---->\n              <!---->\n              <div class=\"w-100 h-y-container h-column__content h-column__v-align flex-basis-100 align-self-lg-start align-self-md-start align-self-start\">\n                <!---->\n                <div data-colibri-id=\"279-c13\" class=\"h-global-transition-all h-heading style-5537 style-local-279-c13 position-relative h-element\">\n                  <!---->\n                  <div class=\"h-heading__outer style-5537 style-local-279-c13\">\n                    <!---->\n                    <!---->\n                    <h2 class=\"\"><span style=\"font-size: 64%;\">Promovem la implantaci\u00f3 de  <\/span><span style=\"font-size: 64%; font-family: Montserrat; font-weight: 400;\">programes de Recerca, Desenvolupament i Innovaci\u00f3 R+D+i<\/span><\/h2>\n                  <\/div>\n                <\/div>\n                <div data-colibri-id=\"279-c14\" class=\"h-text h-text-component style-5538 style-local-279-c14 position-relative h-element\">\n                  <!---->\n                  <!---->\n                  <div class=\"\">\n                    <p><span style=\"color: rgb(0, 0, 0); font-family: Montserrat; font-size: 16px; font-weight: 400;\">Treballem sota un programes de&nbsp;<\/span><span style=\"color: rgb(0, 0, 0); font-family: Montserrat; font-size: 16px; font-weight: 500;\">recerca, desenvolupament i innovaci\u00f3<\/span>\n                      <span\n                        style=\"color: rgb(0, 0, 0); font-family: Montserrat; font-size: 16px; font-weight: 400;\">, estant sempre al dia amb les \u00faltimes novetats del mercat i intentant ser el m\u00e9s eficients i sostenibles possible amb els nostres processos productius.<\/span>\n                    <\/p>\n                    <p><span style=\"color: rgb(0, 0, 0); font-family: Montserrat; font-size: 16px; font-weight: 400;\">Volem ser pioners per a desenvolupar noves t\u00e8cniques, productes i m\u00e8todes d'an\u00e0lisis que ens permetin incrementar la nostra confian\u00e7a i fidelitat amb els nostres clients.<\/span><\/p>\n                  <\/div>\n                <\/div>\n              <\/div>\n            <\/div>\n          <\/div>\n        <\/div>\n      <\/div>\n      <div data-colibri-id=\"279-c15\" class=\"h-row-container gutters-row-lg-2 gutters-row-md-2 gutters-row-0 gutters-row-v-lg-2 gutters-row-v-md-2 gutters-row-v-2 style-5543 style-local-279-c15 position-relative\">\n        <!---->\n        <div class=\"h-row justify-content-lg-center justify-content-md-center justify-content-center align-items-lg-stretch align-items-md-stretch align-items-stretch gutters-col-lg-2 gutters-col-md-2 gutters-col-0 gutters-col-v-lg-2 gutters-col-v-md-2 gutters-col-v-2\">\n          <!---->\n          <div class=\"h-column h-column-container d-flex h-col-lg-auto h-col-md-auto h-col-auto style-5544-outer style-local-279-c16-outer\">\n            <div data-colibri-id=\"279-c16\" class=\"d-flex h-flex-basis h-column__inner h-px-lg-2 h-px-md-2 h-px-2 v-inner-lg-2 v-inner-md-2 v-inner-2 style-5544 style-local-279-c16 position-relative\">\n              <!---->\n              <!---->\n              <div class=\"w-100 h-y-container h-column__content h-column__v-align flex-basis-100 align-self-lg-start align-self-md-start align-self-start\">\n                <!---->\n                <div data-colibri-id=\"279-c17\" class=\"style-5545 style-local-279-c17 h-hide-lg h-hide-sm position-relative h-element\">\n                  <!---->\n                <\/div>\n              <\/div>\n            <\/div>\n          <\/div>\n        <\/div>\n      <\/div>\n    <\/div>\n  <\/div>\n<\/div>","protected":false},"excerpt":{"rendered":"<p>Laboratorio Agilidad y flexibilidad para alcanzar altos est\u00e1ndares de calidad e innovaci\u00f3n Disponemos de&nbsp;laboratorio propio&nbsp;que nos permite ser altamente eficientes a la hora de dise\u00f1ar productos, proporcionando rapidez y fiabilidad al cliente. Cada uno de nuestros productos se desarrolla bajo una estricta&nbsp;pol\u00edtica de calidad, de modo que garantizamos que sea&nbsp; estable&nbsp;y ofrezca el rendimiento esperado [&hellip;]<\/p>\n","protected":false},"author":10,"featured_media":0,"parent":3863,"menu_order":0,"comment_status":"closed","ping_status":"closed","template":"page-templates\/full-width-page.php","meta":{"footnotes":""},"class_list":["post-279","page","type-page","status-publish","hentry"],"yoast_head":"<!-- This site is optimized with the Yoast SEO plugin v27.4 - https:\/\/yoast.com\/product\/yoast-seo-wordpress\/ -->\n<title>Laboratorio - Ecoquimic<\/title>\n<meta name=\"description\" content=\"Fabricaci\u00f3n de productos qu\u00edmicos, marcas blancas, productos de limpieza, automoci\u00f3n, n\u00e1utica, lavander\u00eda industrial, lavander\u00eda dom\u00e9stica, construcci\u00f3n, Canal Horeca, productos biol\u00f3gicos, ambientadores, piscina. Ecoquimic - Laboratorio\" \/>\n<meta name=\"robots\" content=\"index, follow, max-snippet:-1, max-image-preview:large, max-video-preview:-1\" \/>\n<link rel=\"canonical\" href=\"https:\/\/ecoquimic.com\/ca\/quienes-somos\/laboratorio\/\" \/>\n<meta property=\"og:locale\" content=\"ca_ES\" \/>\n<meta property=\"og:type\" content=\"article\" \/>\n<meta property=\"og:title\" content=\"Laboratorio - Ecoquimic\" \/>\n<meta property=\"og:description\" content=\"Fabricaci\u00f3n de productos qu\u00edmicos, marcas blancas, productos de limpieza, automoci\u00f3n, n\u00e1utica, lavander\u00eda industrial, lavander\u00eda dom\u00e9stica, construcci\u00f3n, Canal Horeca, productos biol\u00f3gicos, ambientadores, piscina. Ecoquimic - Laboratorio\" \/>\n<meta property=\"og:url\" content=\"https:\/\/ecoquimic.com\/ca\/quienes-somos\/laboratorio\/\" \/>\n<meta property=\"og:site_name\" content=\"Ecoquimic\" \/>\n<meta property=\"article:publisher\" content=\"https:\/\/www.facebook.com\/EcoquimicBalear\/\" \/>\n<meta property=\"article:modified_time\" content=\"2024-05-07T08:28:46+00:00\" \/>\n<meta name=\"twitter:card\" content=\"summary_large_image\" \/>\n<meta name=\"twitter:site\" content=\"@EcoquimicBalear\" \/>\n<meta name=\"twitter:label1\" content=\"Temps estimat de lectura\" \/>\n\t<meta name=\"twitter:data1\" content=\"2 minuts\" \/>\n<script type=\"application\/ld+json\" class=\"yoast-schema-graph\">{\"@context\":\"https:\\\/\\\/schema.org\",\"@graph\":[{\"@type\":\"WebPage\",\"@id\":\"https:\\\/\\\/ecoquimic.com\\\/quienes-somos\\\/laboratorio\\\/\",\"url\":\"https:\\\/\\\/ecoquimic.com\\\/quienes-somos\\\/laboratorio\\\/\",\"name\":\"Laboratorio - Ecoquimic\",\"isPartOf\":{\"@id\":\"https:\\\/\\\/ecoquimic.com\\\/#website\"},\"datePublished\":\"2021-10-05T16:09:27+00:00\",\"dateModified\":\"2024-05-07T08:28:46+00:00\",\"description\":\"Fabricaci\u00f3n de productos qu\u00edmicos, marcas blancas, productos de limpieza, automoci\u00f3n, n\u00e1utica, lavander\u00eda industrial, lavander\u00eda dom\u00e9stica, construcci\u00f3n, Canal Horeca, productos biol\u00f3gicos, ambientadores, piscina. Ecoquimic - Laboratorio\",\"breadcrumb\":{\"@id\":\"https:\\\/\\\/ecoquimic.com\\\/quienes-somos\\\/laboratorio\\\/#breadcrumb\"},\"inLanguage\":\"ca\",\"potentialAction\":[{\"@type\":\"ReadAction\",\"target\":[\"https:\\\/\\\/ecoquimic.com\\\/quienes-somos\\\/laboratorio\\\/\"]}]},{\"@type\":\"BreadcrumbList\",\"@id\":\"https:\\\/\\\/ecoquimic.com\\\/quienes-somos\\\/laboratorio\\\/#breadcrumb\",\"itemListElement\":[{\"@type\":\"ListItem\",\"position\":1,\"name\":\"Portada\",\"item\":\"https:\\\/\\\/ecoquimic.com\\\/\"},{\"@type\":\"ListItem\",\"position\":2,\"name\":\"\u00bfQui\u00e9nes somos?\",\"item\":\"https:\\\/\\\/ecoquimic.com\\\/quienes-somos\\\/\"},{\"@type\":\"ListItem\",\"position\":3,\"name\":\"Laboratorio\"}]},{\"@type\":\"WebSite\",\"@id\":\"https:\\\/\\\/ecoquimic.com\\\/#website\",\"url\":\"https:\\\/\\\/ecoquimic.com\\\/\",\"name\":\"Ecoquimic\",\"description\":\"F\u00e1brica productos qu\u00edmicos de limpieza en Mallorca, Baleares, Espa\u00f1a\",\"publisher\":{\"@id\":\"https:\\\/\\\/ecoquimic.com\\\/#organization\"},\"potentialAction\":[{\"@type\":\"SearchAction\",\"target\":{\"@type\":\"EntryPoint\",\"urlTemplate\":\"https:\\\/\\\/ecoquimic.com\\\/?s={search_term_string}\"},\"query-input\":{\"@type\":\"PropertyValueSpecification\",\"valueRequired\":true,\"valueName\":\"search_term_string\"}}],\"inLanguage\":\"ca\"},{\"@type\":\"Organization\",\"@id\":\"https:\\\/\\\/ecoquimic.com\\\/#organization\",\"name\":\"Ecoquimic\",\"url\":\"https:\\\/\\\/ecoquimic.com\\\/\",\"logo\":{\"@type\":\"ImageObject\",\"inLanguage\":\"ca\",\"@id\":\"https:\\\/\\\/ecoquimic.com\\\/#\\\/schema\\\/logo\\\/image\\\/\",\"url\":\"https:\\\/\\\/ecoquimic.com\\\/wp-content\\\/uploads\\\/2021\\\/10\\\/ecoquimic.png\",\"contentUrl\":\"https:\\\/\\\/ecoquimic.com\\\/wp-content\\\/uploads\\\/2021\\\/10\\\/ecoquimic.png\",\"width\":200,\"height\":93,\"caption\":\"Ecoquimic\"},\"image\":{\"@id\":\"https:\\\/\\\/ecoquimic.com\\\/#\\\/schema\\\/logo\\\/image\\\/\"},\"sameAs\":[\"https:\\\/\\\/www.facebook.com\\\/EcoquimicBalear\\\/\",\"https:\\\/\\\/x.com\\\/EcoquimicBalear\",\"https:\\\/\\\/www.instagram.com\\\/ecoquimic\\\/\",\"https:\\\/\\\/www.linkedin.com\\\/company\\\/ecoquimicbalear\\\/\",\"https:\\\/\\\/www.youtube.com\\\/channel\\\/UCYxjbpYf4oB7iKCsjUM1J4g\"]}]}<\/script>\n<!-- \/ Yoast SEO plugin. -->","yoast_head_json":{"title":"Laboratorio - Ecoquimic","description":"Fabricaci\u00f3n de productos qu\u00edmicos, marcas blancas, productos de limpieza, automoci\u00f3n, n\u00e1utica, lavander\u00eda industrial, lavander\u00eda dom\u00e9stica, construcci\u00f3n, Canal Horeca, productos biol\u00f3gicos, ambientadores, piscina. Ecoquimic - Laboratorio","robots":{"index":"index","follow":"follow","max-snippet":"max-snippet:-1","max-image-preview":"max-image-preview:large","max-video-preview":"max-video-preview:-1"},"canonical":"https:\/\/ecoquimic.com\/ca\/quienes-somos\/laboratorio\/","og_locale":"ca_ES","og_type":"article","og_title":"Laboratorio - Ecoquimic","og_description":"Fabricaci\u00f3n de productos qu\u00edmicos, marcas blancas, productos de limpieza, automoci\u00f3n, n\u00e1utica, lavander\u00eda industrial, lavander\u00eda dom\u00e9stica, construcci\u00f3n, Canal Horeca, productos biol\u00f3gicos, ambientadores, piscina. Ecoquimic - Laboratorio","og_url":"https:\/\/ecoquimic.com\/ca\/quienes-somos\/laboratorio\/","og_site_name":"Ecoquimic","article_publisher":"https:\/\/www.facebook.com\/EcoquimicBalear\/","article_modified_time":"2024-05-07T08:28:46+00:00","twitter_card":"summary_large_image","twitter_site":"@EcoquimicBalear","twitter_misc":{"Temps estimat de lectura":"2 minuts"},"schema":{"@context":"https:\/\/schema.org","@graph":[{"@type":"WebPage","@id":"https:\/\/ecoquimic.com\/quienes-somos\/laboratorio\/","url":"https:\/\/ecoquimic.com\/quienes-somos\/laboratorio\/","name":"Laboratorio - Ecoquimic","isPartOf":{"@id":"https:\/\/ecoquimic.com\/#website"},"datePublished":"2021-10-05T16:09:27+00:00","dateModified":"2024-05-07T08:28:46+00:00","description":"Fabricaci\u00f3n de productos qu\u00edmicos, marcas blancas, productos de limpieza, automoci\u00f3n, n\u00e1utica, lavander\u00eda industrial, lavander\u00eda dom\u00e9stica, construcci\u00f3n, Canal Horeca, productos biol\u00f3gicos, ambientadores, piscina. Ecoquimic - Laboratorio","breadcrumb":{"@id":"https:\/\/ecoquimic.com\/quienes-somos\/laboratorio\/#breadcrumb"},"inLanguage":"ca","potentialAction":[{"@type":"ReadAction","target":["https:\/\/ecoquimic.com\/quienes-somos\/laboratorio\/"]}]},{"@type":"BreadcrumbList","@id":"https:\/\/ecoquimic.com\/quienes-somos\/laboratorio\/#breadcrumb","itemListElement":[{"@type":"ListItem","position":1,"name":"Portada","item":"https:\/\/ecoquimic.com\/"},{"@type":"ListItem","position":2,"name":"\u00bfQui\u00e9nes somos?","item":"https:\/\/ecoquimic.com\/quienes-somos\/"},{"@type":"ListItem","position":3,"name":"Laboratorio"}]},{"@type":"WebSite","@id":"https:\/\/ecoquimic.com\/#website","url":"https:\/\/ecoquimic.com\/","name":"Ecoquimic","description":"F\u00e1brica productos qu\u00edmicos de limpieza en Mallorca, Baleares, Espa\u00f1a","publisher":{"@id":"https:\/\/ecoquimic.com\/#organization"},"potentialAction":[{"@type":"SearchAction","target":{"@type":"EntryPoint","urlTemplate":"https:\/\/ecoquimic.com\/?s={search_term_string}"},"query-input":{"@type":"PropertyValueSpecification","valueRequired":true,"valueName":"search_term_string"}}],"inLanguage":"ca"},{"@type":"Organization","@id":"https:\/\/ecoquimic.com\/#organization","name":"Ecoquimic","url":"https:\/\/ecoquimic.com\/","logo":{"@type":"ImageObject","inLanguage":"ca","@id":"https:\/\/ecoquimic.com\/#\/schema\/logo\/image\/","url":"https:\/\/ecoquimic.com\/wp-content\/uploads\/2021\/10\/ecoquimic.png","contentUrl":"https:\/\/ecoquimic.com\/wp-content\/uploads\/2021\/10\/ecoquimic.png","width":200,"height":93,"caption":"Ecoquimic"},"image":{"@id":"https:\/\/ecoquimic.com\/#\/schema\/logo\/image\/"},"sameAs":["https:\/\/www.facebook.com\/EcoquimicBalear\/","https:\/\/x.com\/EcoquimicBalear","https:\/\/www.instagram.com\/ecoquimic\/","https:\/\/www.linkedin.com\/company\/ecoquimicbalear\/","https:\/\/www.youtube.com\/channel\/UCYxjbpYf4oB7iKCsjUM1J4g"]}]}},"_links":{"self":[{"href":"https:\/\/ecoquimic.com\/ca\/wp-json\/wp\/v2\/pages\/279","targetHints":{"allow":["GET"]}}],"collection":[{"href":"https:\/\/ecoquimic.com\/ca\/wp-json\/wp\/v2\/pages"}],"about":[{"href":"https:\/\/ecoquimic.com\/ca\/wp-json\/wp\/v2\/types\/page"}],"author":[{"embeddable":true,"href":"https:\/\/ecoquimic.com\/ca\/wp-json\/wp\/v2\/users\/10"}],"replies":[{"embeddable":true,"href":"https:\/\/ecoquimic.com\/ca\/wp-json\/wp\/v2\/comments?post=279"}],"version-history":[{"count":21,"href":"https:\/\/ecoquimic.com\/ca\/wp-json\/wp\/v2\/pages\/279\/revisions"}],"predecessor-version":[{"id":14022,"href":"https:\/\/ecoquimic.com\/ca\/wp-json\/wp\/v2\/pages\/279\/revisions\/14022"}],"up":[{"embeddable":true,"href":"https:\/\/ecoquimic.com\/ca\/wp-json\/wp\/v2\/pages\/3863"}],"wp:attachment":[{"href":"https:\/\/ecoquimic.com\/ca\/wp-json\/wp\/v2\/media?parent=279"}],"curies":[{"name":"wp","href":"https:\/\/api.w.org\/{rel}","templated":true}]}}