{"id":24383,"date":"2026-01-12T10:14:05","date_gmt":"2026-01-12T10:14:05","guid":{"rendered":"https:\/\/ecoquimic.com\/?page_id=24383"},"modified":"2026-01-12T10:59:09","modified_gmt":"2026-01-12T10:59:09","slug":"gracias-por-tanto-pedro","status":"publish","type":"page","link":"https:\/\/ecoquimic.com\/ca\/blog2\/gracias-por-tanto-pedro\/","title":{"rendered":"Gr\u00e0cies per tant, Pedro"},"content":{"rendered":"<div data-colibri-id=\"24383-c1\" class=\"style-13306 style-local-24383-c1 position-relative\">\n  <!---->\n  <div data-colibri-component=\"section\" data-colibri-id=\"24383-c2\" id=\"custom\" class=\"h-section h-section-global-spacing d-flex align-items-lg-center align-items-md-center align-items-center style-13307 style-local-24383-c2 position-relative\">\n    <!---->\n    <!---->\n    <div class=\"h-section-grid-container h-section-boxed-container\">\n      <!---->\n      <div data-colibri-id=\"24383-c3\" class=\"h-row-container gutters-row-lg-1 gutters-row-md-1 gutters-row-0 gutters-row-v-lg-1 gutters-row-v-md-1 gutters-row-v-1 style-13308 style-local-24383-c3 position-relative\">\n        <!---->\n        <div class=\"h-row justify-content-lg-center justify-content-md-center justify-content-center align-items-lg-stretch align-items-md-stretch align-items-stretch gutters-col-lg-1 gutters-col-md-1 gutters-col-0 gutters-col-v-lg-1 gutters-col-v-md-1 gutters-col-v-1\">\n          <!---->\n          <div class=\"h-column h-column-container d-flex h-col-lg-auto h-col-md-auto h-col-auto style-13309-outer style-local-24383-c4-outer\">\n            <div data-colibri-id=\"24383-c4\" class=\"d-flex h-flex-basis h-column__inner h-px-lg-2 h-px-md-2 h-px-2 v-inner-lg-2 v-inner-md-2 v-inner-2 style-13309 style-local-24383-c4 position-relative\">\n              <!---->\n              <!---->\n              <div class=\"w-100 h-y-container h-column__content h-column__v-align flex-basis-100 align-self-lg-start align-self-md-start align-self-start\">\n                <!---->\n                <div data-colibri-id=\"24383-c13\" class=\"h-global-transition-all h-heading style-13318 style-local-24383-c13 position-relative h-element\">\n                  <!---->\n                  <div class=\"h-heading__outer style-13318 style-local-24383-c13\">\n                    <!---->\n                    <!---->\n                    <h2 class=\"\">Gr\u00e0cies per tant, Pedro<\/h2>\n                  <\/div>\n                <\/div>\n                <div data-colibri-id=\"24383-c21\" class=\"h-divider style-13326 style-local-24383-c21 position-relative h-element\">\n                  <!----><span class=\"h-divider__line style-13326-line style-local-24383-c21-line style-13326-line style-local-24383-c21-line\"><\/span><\/div>\n              <\/div>\n            <\/div>\n          <\/div>\n        <\/div>\n      <\/div>\n      <div data-colibri-id=\"24383-c17\" class=\"h-row-container gutters-row-lg-2 gutters-row-md-2 gutters-row-0 gutters-row-v-lg-2 gutters-row-v-md-2 gutters-row-v-2 style-13322 style-local-24383-c17 position-relative\">\n        <!---->\n        <div class=\"h-row justify-content-lg-center justify-content-md-center justify-content-center align-items-lg-stretch align-items-md-stretch align-items-stretch gutters-col-lg-2 gutters-col-md-2 gutters-col-0 gutters-col-v-lg-2 gutters-col-v-md-2 gutters-col-v-2\">\n          <!---->\n          <div class=\"h-column h-column-container d-flex h-col-lg-auto h-col-md-auto h-col-auto style-13323-outer style-local-24383-c18-outer\">\n            <div data-colibri-id=\"24383-c18\" class=\"d-flex h-flex-basis h-column__inner h-px-lg-2 h-px-md-2 h-px-2 v-inner-lg-2 v-inner-md-2 v-inner-2 style-13323 style-local-24383-c18 position-relative\">\n              <!---->\n              <!---->\n              <div class=\"w-100 h-y-container h-column__content h-column__v-align flex-basis-100 align-self-lg-start align-self-md-start align-self-start\">\n                <!---->\n                <div data-colibri-id=\"24383-c20\" class=\"h-text h-text-component style-13324 style-local-24383-c20 position-relative h-element\">\n                  <!---->\n                  <!---->\n                  <div class=\"\">\n                    <p>A Ecoquimic tanquem una etapa molt especial amb la jubilaci\u00f3 de <strong>Pedro Ca\u00f1ellas<\/strong>, qui ha format part del nostre equip des de 2015 com a t\u00e8cnic comercial. Despr\u00e9s d'anys de dedicaci\u00f3, esfor\u00e7 i comprom\u00eds, Pedro inicia una nova etapa de la seva vida que sabem que estar\u00e0 plena de noves experi\u00e8ncies, tranquil\u00b7litat i, sobretot, temps per a gaudir.<\/p>\n                  <\/div>\n                <\/div>\n              <\/div>\n            <\/div>\n          <\/div>\n        <\/div>\n      <\/div>\n      <div data-colibri-id=\"24383-c22\" class=\"h-row-container gutters-row-lg-2 gutters-row-md-2 gutters-row-0 gutters-row-v-lg-2 gutters-row-v-md-2 gutters-row-v-2 style-13327 style-local-24383-c22 position-relative\">\n        <!---->\n        <div class=\"h-row justify-content-lg-center justify-content-md-center justify-content-center align-items-lg-stretch align-items-md-stretch align-items-stretch gutters-col-lg-2 gutters-col-md-2 gutters-col-0 gutters-col-v-lg-2 gutters-col-v-md-2 gutters-col-v-2\">\n          <!---->\n          <div class=\"h-column h-column-container d-flex h-col-lg-auto h-col-md-auto h-col-auto style-13328-outer style-local-24383-c23-outer\">\n            <div data-colibri-id=\"24383-c23\" class=\"d-flex h-flex-basis h-column__inner h-px-lg-2 h-px-md-2 h-px-2 v-inner-lg-2 v-inner-md-2 v-inner-2 style-13328 style-local-24383-c23 position-relative\">\n              <!---->\n              <!---->\n              <div class=\"w-100 h-y-container h-column__content h-column__v-align flex-basis-100 align-self-lg-start align-self-md-start align-self-start\">\n                <!---->\n                <div data-colibri-id=\"24383-c24\" class=\"h-text h-text-component style-13329 style-local-24383-c24 position-relative h-element\">\n                  <!---->\n                  <!---->\n                  <div class=\"\">\n                    <p>Durant tots aquests anys, Pedro no sols ha estat un gran professional, sin\u00f3 tamb\u00e9 una persona molt estimada i admirada per tot l'equip. La seva proximitat, la seva manera de treballar i la seva implicaci\u00f3 constant han deixat empremta tant en l'empresa com en les persones que han tingut la sort de compartir cam\u00ed amb ell. Ha estat un referent, sempre disposat a ajudar, a aportar la seva experi\u00e8ncia i a representar els valors d'Ecoquimic amb professionalitat i humanitat.<\/p>\n                  <\/div>\n                <\/div>\n                <div data-colibri-id=\"24383-c25\" class=\"h-text h-text-component style-13330 style-local-24383-c25 position-relative h-element\">\n                  <!---->\n                  <!---->\n                  <div class=\"\">\n                    <p>La seva traject\u00f2ria com a t\u00e8cnic comercial ha estat clau en el creixement i consolidaci\u00f3 de moltes relacions amb clients, constru\u00efdes sempre des de la confian\u00e7a, el respecte i el bon fer. M\u00e9s enll\u00e0 dels resultats, Pedro ha sabut crear vincles, transmetre seguretat i aportar aquest tracte personal que marca la difer\u00e8ncia.<\/p>\n                  <\/div>\n                <\/div>\n                <div data-colibri-id=\"24383-c26\" class=\"h-text h-text-component style-13331 style-local-24383-c26 position-relative h-element\">\n                  <!---->\n                  <!---->\n                  <div class=\"\">\n                    <p>Avui no parlem sol d'una jubilaci\u00f3, sin\u00f3 del tancament d'una etapa plena de records, aprenentatges i moments compartits. Per aix\u00f2, volem agrair-li sincerament tots aquests anys de treball, la seva dedicaci\u00f3 i l'energia que ha aportat a l'empresa.<\/p>\n                  <\/div>\n                <\/div>\n                <div data-colibri-id=\"24383-c27\" class=\"h-text h-text-component style-13332 style-local-24383-c27 position-relative h-element\">\n                  <!---->\n                  <!---->\n                  <div class=\"\">\n                    <p>Des de Ecoquimic li desitgem una nova etapa plena de salut, benestar i moltes coses bones. Pedro, aquesta sempre ser\u00e0 la teva casa.\n                      <br>Gr\u00e0cies per tot i per tant.<\/p>\n                  <\/div>\n                <\/div>\n              <\/div>\n            <\/div>\n          <\/div>\n        <\/div>\n      <\/div>\n    <\/div>\n  <\/div>\n  <div data-colibri-component=\"section\" data-colibri-id=\"24383-c33\" id=\"custom-2\" class=\"h-section h-section-global-spacing d-flex align-items-lg-center align-items-md-center align-items-center style-13338 style-local-24383-c33 position-relative\">\n    <!---->\n    <!---->\n    <div class=\"h-section-grid-container h-section-boxed-container\">\n      <!---->\n      <div data-colibri-id=\"24383-c34\" class=\"h-row-container gutters-row-lg-2 gutters-row-md-2 gutters-row-0 gutters-row-v-lg-2 gutters-row-v-md-2 gutters-row-v-2 style-13339 style-local-24383-c34 position-relative\">\n        <!---->\n        <div class=\"h-row justify-content-lg-center justify-content-md-center justify-content-center align-items-lg-stretch align-items-md-stretch align-items-stretch gutters-col-lg-2 gutters-col-md-2 gutters-col-0 gutters-col-v-lg-2 gutters-col-v-md-2 gutters-col-v-2\">\n          <!---->\n          <div class=\"h-column h-column-container d-flex h-col-lg-auto h-col-md-auto h-col-auto style-13340-outer style-local-24383-c35-outer\">\n            <div data-colibri-id=\"24383-c35\" class=\"d-flex h-flex-basis h-column__inner h-px-lg-2 h-px-md-2 h-px-2 v-inner-lg-2 v-inner-md-2 v-inner-2 style-13340 style-local-24383-c35 position-relative\">\n              <!---->\n              <!---->\n              <div class=\"w-100 h-y-container h-column__content h-column__v-align flex-basis-100 align-self-lg-start align-self-md-start align-self-start\">\n                <!---->\n                <div data-colibri-id=\"24383-c37\" class=\"d-block style-13342 style-local-24383-c37 position-relative h-element\">\n                  <!---->\n                  <div class=\"h-image__frame-container-outer\">\n                    <div class=\"h-image__frame-container\">\n                      <!---->\n                      <!---->\n                      <img loading=\"lazy\" decoding=\"async\" width=\"2560\" height=\"1280\" src=\"https:\/\/ecoquimic.com\/wp-content\/uploads\/2026\/01\/7-scaled.png\" class=\"wp-image-24395 style-13342-image style-local-24383-c37-image\" alt=\"\" srcset=\"https:\/\/ecoquimic.com\/wp-content\/uploads\/2026\/01\/7-scaled.png 2560w, https:\/\/ecoquimic.com\/wp-content\/uploads\/2026\/01\/7-300x150.png 300w, https:\/\/ecoquimic.com\/wp-content\/uploads\/2026\/01\/7-1024x512.png 1024w, https:\/\/ecoquimic.com\/wp-content\/uploads\/2026\/01\/7-768x384.png 768w, https:\/\/ecoquimic.com\/wp-content\/uploads\/2026\/01\/7-1536x768.png 1536w, https:\/\/ecoquimic.com\/wp-content\/uploads\/2026\/01\/7-2048x1024.png 2048w, https:\/\/ecoquimic.com\/wp-content\/uploads\/2026\/01\/7-18x9.png 18w, https:\/\/ecoquimic.com\/wp-content\/uploads\/2026\/01\/7-24x12.png 24w, https:\/\/ecoquimic.com\/wp-content\/uploads\/2026\/01\/7-36x18.png 36w, https:\/\/ecoquimic.com\/wp-content\/uploads\/2026\/01\/7-48x24.png 48w\" sizes=\"auto, (max-width: 2560px) 100vw, 2560px\" \/>\n                      <div class=\"h-image__frame h-hide-lg h-hide-md h-hide-sm style-13342-frameImage style-local-24383-c37-frameImage\"><\/div>\n                    <\/div>\n                  <\/div>\n                <\/div>\n              <\/div>\n            <\/div>\n          <\/div>\n          <div class=\"h-column h-column-container d-flex h-col-lg-auto h-col-md-auto h-col-auto style-13341-outer style-local-24383-c36-outer\">\n            <div data-colibri-id=\"24383-c36\" class=\"d-flex h-flex-basis h-column__inner h-px-lg-2 h-px-md-2 h-px-2 v-inner-lg-2 v-inner-md-2 v-inner-2 style-13341 style-local-24383-c36 position-relative\">\n              <!---->\n              <!---->\n              <div class=\"w-100 h-y-container h-column__content h-column__v-align flex-basis-100 align-self-lg-start align-self-md-start align-self-start\">\n                <!---->\n                <div data-colibri-id=\"24383-c38\" class=\"d-block style-13343 style-local-24383-c38 position-relative h-element\">\n                  <!---->\n                  <div class=\"h-image__frame-container-outer\">\n                    <div class=\"h-image__frame-container\">\n                      <!---->\n                      <!---->\n                      <img loading=\"lazy\" decoding=\"async\" width=\"2560\" height=\"1280\" src=\"https:\/\/ecoquimic.com\/wp-content\/uploads\/2026\/01\/8-scaled.png\" class=\"wp-image-24396 style-13343-image style-local-24383-c38-image\" alt=\"\" srcset=\"https:\/\/ecoquimic.com\/wp-content\/uploads\/2026\/01\/8-scaled.png 2560w, https:\/\/ecoquimic.com\/wp-content\/uploads\/2026\/01\/8-300x150.png 300w, https:\/\/ecoquimic.com\/wp-content\/uploads\/2026\/01\/8-1024x512.png 1024w, https:\/\/ecoquimic.com\/wp-content\/uploads\/2026\/01\/8-768x384.png 768w, https:\/\/ecoquimic.com\/wp-content\/uploads\/2026\/01\/8-1536x768.png 1536w, https:\/\/ecoquimic.com\/wp-content\/uploads\/2026\/01\/8-2048x1024.png 2048w, https:\/\/ecoquimic.com\/wp-content\/uploads\/2026\/01\/8-18x9.png 18w, https:\/\/ecoquimic.com\/wp-content\/uploads\/2026\/01\/8-24x12.png 24w, https:\/\/ecoquimic.com\/wp-content\/uploads\/2026\/01\/8-36x18.png 36w, https:\/\/ecoquimic.com\/wp-content\/uploads\/2026\/01\/8-48x24.png 48w\" sizes=\"auto, (max-width: 2560px) 100vw, 2560px\" \/>\n                      <div class=\"h-image__frame h-hide-lg h-hide-md h-hide-sm style-13343-frameImage style-local-24383-c38-frameImage\"><\/div>\n                    <\/div>\n                  <\/div>\n                <\/div>\n              <\/div>\n            <\/div>\n          <\/div>\n        <\/div>\n      <\/div>\n    <\/div>\n  <\/div>\n<\/div>","protected":false},"excerpt":{"rendered":"<p>Gracias por tanto, Pedro En Ecoquimic cerramos una etapa muy especial con la jubilaci\u00f3n de Pedro Ca\u00f1ellas, quien ha formado parte de nuestro equipo desde 2015 como t\u00e9cnico comercial. Despu\u00e9s de a\u00f1os de dedicaci\u00f3n, esfuerzo y compromiso, Pedro inicia una nueva etapa de su vida que sabemos que estar\u00e1 llena de nuevas experiencias, tranquilidad y, [&hellip;]<\/p>\n","protected":false},"author":10,"featured_media":0,"parent":3464,"menu_order":0,"comment_status":"closed","ping_status":"closed","template":"page-templates\/full-width-page.php","meta":{"footnotes":""},"class_list":["post-24383","page","type-page","status-publish","hentry"],"yoast_head":"<!-- This site is optimized with the Yoast SEO plugin v27.4 - https:\/\/yoast.com\/product\/yoast-seo-wordpress\/ -->\n<title>Gracias por tanto, Pedro - Ecoquimic<\/title>\n<meta name=\"description\" content=\"Fabricaci\u00f3n de productos qu\u00edmicos, marcas blancas, productos de limpieza, automoci\u00f3n, n\u00e1utica, lavander\u00eda industrial, lavander\u00eda dom\u00e9stica, construcci\u00f3n, Canal Horeca, productos biol\u00f3gicos, ambientadores, piscina. Ecoquimic - Gracias por tanto, Pedro\" \/>\n<meta name=\"robots\" content=\"index, follow, max-snippet:-1, max-image-preview:large, max-video-preview:-1\" \/>\n<link rel=\"canonical\" href=\"https:\/\/ecoquimic.com\/ca\/blog2\/gracias-por-tanto-pedro\/\" \/>\n<meta property=\"og:locale\" content=\"ca_ES\" \/>\n<meta property=\"og:type\" content=\"article\" \/>\n<meta property=\"og:title\" content=\"Gracias por tanto, Pedro - Ecoquimic\" \/>\n<meta property=\"og:description\" content=\"Fabricaci\u00f3n de productos qu\u00edmicos, marcas blancas, productos de limpieza, automoci\u00f3n, n\u00e1utica, lavander\u00eda industrial, lavander\u00eda dom\u00e9stica, construcci\u00f3n, Canal Horeca, productos biol\u00f3gicos, ambientadores, piscina. Ecoquimic - Gracias por tanto, Pedro\" \/>\n<meta property=\"og:url\" content=\"https:\/\/ecoquimic.com\/ca\/blog2\/gracias-por-tanto-pedro\/\" \/>\n<meta property=\"og:site_name\" content=\"Ecoquimic\" \/>\n<meta property=\"article:publisher\" content=\"https:\/\/www.facebook.com\/EcoquimicBalear\/\" \/>\n<meta property=\"article:modified_time\" content=\"2026-01-12T10:59:09+00:00\" \/>\n<meta property=\"og:image\" content=\"https:\/\/ecoquimic.com\/wp-content\/uploads\/2026\/01\/7-1024x512.png\" \/>\n\t<meta property=\"og:image:width\" content=\"1024\" \/>\n\t<meta property=\"og:image:height\" content=\"512\" \/>\n\t<meta property=\"og:image:type\" content=\"image\/png\" \/>\n<meta name=\"twitter:card\" content=\"summary_large_image\" \/>\n<meta name=\"twitter:site\" content=\"@EcoquimicBalear\" \/>\n<script type=\"application\/ld+json\" class=\"yoast-schema-graph\">{\"@context\":\"https:\\\/\\\/schema.org\",\"@graph\":[{\"@type\":\"WebPage\",\"@id\":\"https:\\\/\\\/ecoquimic.com\\\/blog2\\\/gracias-por-tanto-pedro\\\/\",\"url\":\"https:\\\/\\\/ecoquimic.com\\\/blog2\\\/gracias-por-tanto-pedro\\\/\",\"name\":\"Gracias por tanto, Pedro - Ecoquimic\",\"isPartOf\":{\"@id\":\"https:\\\/\\\/ecoquimic.com\\\/#website\"},\"primaryImageOfPage\":{\"@id\":\"https:\\\/\\\/ecoquimic.com\\\/blog2\\\/gracias-por-tanto-pedro\\\/#primaryimage\"},\"image\":{\"@id\":\"https:\\\/\\\/ecoquimic.com\\\/blog2\\\/gracias-por-tanto-pedro\\\/#primaryimage\"},\"thumbnailUrl\":\"https:\\\/\\\/ecoquimic.com\\\/wp-content\\\/uploads\\\/2026\\\/01\\\/7-scaled.png\",\"datePublished\":\"2026-01-12T10:14:05+00:00\",\"dateModified\":\"2026-01-12T10:59:09+00:00\",\"description\":\"Fabricaci\u00f3n de productos qu\u00edmicos, marcas blancas, productos de limpieza, automoci\u00f3n, n\u00e1utica, lavander\u00eda industrial, lavander\u00eda dom\u00e9stica, construcci\u00f3n, Canal Horeca, productos biol\u00f3gicos, ambientadores, piscina. Ecoquimic - Gracias por tanto, Pedro\",\"breadcrumb\":{\"@id\":\"https:\\\/\\\/ecoquimic.com\\\/blog2\\\/gracias-por-tanto-pedro\\\/#breadcrumb\"},\"inLanguage\":\"ca\",\"potentialAction\":[{\"@type\":\"ReadAction\",\"target\":[\"https:\\\/\\\/ecoquimic.com\\\/blog2\\\/gracias-por-tanto-pedro\\\/\"]}]},{\"@type\":\"ImageObject\",\"inLanguage\":\"ca\",\"@id\":\"https:\\\/\\\/ecoquimic.com\\\/blog2\\\/gracias-por-tanto-pedro\\\/#primaryimage\",\"url\":\"https:\\\/\\\/ecoquimic.com\\\/wp-content\\\/uploads\\\/2026\\\/01\\\/7-scaled.png\",\"contentUrl\":\"https:\\\/\\\/ecoquimic.com\\\/wp-content\\\/uploads\\\/2026\\\/01\\\/7-scaled.png\"},{\"@type\":\"BreadcrumbList\",\"@id\":\"https:\\\/\\\/ecoquimic.com\\\/blog2\\\/gracias-por-tanto-pedro\\\/#breadcrumb\",\"itemListElement\":[{\"@type\":\"ListItem\",\"position\":1,\"name\":\"Portada\",\"item\":\"https:\\\/\\\/ecoquimic.com\\\/\"},{\"@type\":\"ListItem\",\"position\":2,\"name\":\"Blog\",\"item\":\"https:\\\/\\\/ecoquimic.com\\\/blog2\\\/\"},{\"@type\":\"ListItem\",\"position\":3,\"name\":\"Gracias por tanto, Pedro\"}]},{\"@type\":\"WebSite\",\"@id\":\"https:\\\/\\\/ecoquimic.com\\\/#website\",\"url\":\"https:\\\/\\\/ecoquimic.com\\\/\",\"name\":\"Ecoquimic\",\"description\":\"F\u00e1brica productos qu\u00edmicos de limpieza en Mallorca, Baleares, Espa\u00f1a\",\"publisher\":{\"@id\":\"https:\\\/\\\/ecoquimic.com\\\/#organization\"},\"potentialAction\":[{\"@type\":\"SearchAction\",\"target\":{\"@type\":\"EntryPoint\",\"urlTemplate\":\"https:\\\/\\\/ecoquimic.com\\\/?s={search_term_string}\"},\"query-input\":{\"@type\":\"PropertyValueSpecification\",\"valueRequired\":true,\"valueName\":\"search_term_string\"}}],\"inLanguage\":\"ca\"},{\"@type\":\"Organization\",\"@id\":\"https:\\\/\\\/ecoquimic.com\\\/#organization\",\"name\":\"Ecoquimic\",\"url\":\"https:\\\/\\\/ecoquimic.com\\\/\",\"logo\":{\"@type\":\"ImageObject\",\"inLanguage\":\"ca\",\"@id\":\"https:\\\/\\\/ecoquimic.com\\\/#\\\/schema\\\/logo\\\/image\\\/\",\"url\":\"https:\\\/\\\/ecoquimic.com\\\/wp-content\\\/uploads\\\/2021\\\/10\\\/ecoquimic.png\",\"contentUrl\":\"https:\\\/\\\/ecoquimic.com\\\/wp-content\\\/uploads\\\/2021\\\/10\\\/ecoquimic.png\",\"width\":200,\"height\":93,\"caption\":\"Ecoquimic\"},\"image\":{\"@id\":\"https:\\\/\\\/ecoquimic.com\\\/#\\\/schema\\\/logo\\\/image\\\/\"},\"sameAs\":[\"https:\\\/\\\/www.facebook.com\\\/EcoquimicBalear\\\/\",\"https:\\\/\\\/x.com\\\/EcoquimicBalear\",\"https:\\\/\\\/www.instagram.com\\\/ecoquimic\\\/\",\"https:\\\/\\\/www.linkedin.com\\\/company\\\/ecoquimicbalear\\\/\",\"https:\\\/\\\/www.youtube.com\\\/channel\\\/UCYxjbpYf4oB7iKCsjUM1J4g\"]}]}<\/script>\n<!-- \/ Yoast SEO plugin. -->","yoast_head_json":{"title":"Gracias por tanto, Pedro - Ecoquimic","description":"Fabricaci\u00f3n de productos qu\u00edmicos, marcas blancas, productos de limpieza, automoci\u00f3n, n\u00e1utica, lavander\u00eda industrial, lavander\u00eda dom\u00e9stica, construcci\u00f3n, Canal Horeca, productos biol\u00f3gicos, ambientadores, piscina. Ecoquimic - Gracias por tanto, Pedro","robots":{"index":"index","follow":"follow","max-snippet":"max-snippet:-1","max-image-preview":"max-image-preview:large","max-video-preview":"max-video-preview:-1"},"canonical":"https:\/\/ecoquimic.com\/ca\/blog2\/gracias-por-tanto-pedro\/","og_locale":"ca_ES","og_type":"article","og_title":"Gracias por tanto, Pedro - Ecoquimic","og_description":"Fabricaci\u00f3n de productos qu\u00edmicos, marcas blancas, productos de limpieza, automoci\u00f3n, n\u00e1utica, lavander\u00eda industrial, lavander\u00eda dom\u00e9stica, construcci\u00f3n, Canal Horeca, productos biol\u00f3gicos, ambientadores, piscina. Ecoquimic - Gracias por tanto, Pedro","og_url":"https:\/\/ecoquimic.com\/ca\/blog2\/gracias-por-tanto-pedro\/","og_site_name":"Ecoquimic","article_publisher":"https:\/\/www.facebook.com\/EcoquimicBalear\/","article_modified_time":"2026-01-12T10:59:09+00:00","og_image":[{"width":1024,"height":512,"url":"https:\/\/ecoquimic.com\/wp-content\/uploads\/2026\/01\/7-1024x512.png","type":"image\/png"}],"twitter_card":"summary_large_image","twitter_site":"@EcoquimicBalear","schema":{"@context":"https:\/\/schema.org","@graph":[{"@type":"WebPage","@id":"https:\/\/ecoquimic.com\/blog2\/gracias-por-tanto-pedro\/","url":"https:\/\/ecoquimic.com\/blog2\/gracias-por-tanto-pedro\/","name":"Gracias por tanto, Pedro - Ecoquimic","isPartOf":{"@id":"https:\/\/ecoquimic.com\/#website"},"primaryImageOfPage":{"@id":"https:\/\/ecoquimic.com\/blog2\/gracias-por-tanto-pedro\/#primaryimage"},"image":{"@id":"https:\/\/ecoquimic.com\/blog2\/gracias-por-tanto-pedro\/#primaryimage"},"thumbnailUrl":"https:\/\/ecoquimic.com\/wp-content\/uploads\/2026\/01\/7-scaled.png","datePublished":"2026-01-12T10:14:05+00:00","dateModified":"2026-01-12T10:59:09+00:00","description":"Fabricaci\u00f3n de productos qu\u00edmicos, marcas blancas, productos de limpieza, automoci\u00f3n, n\u00e1utica, lavander\u00eda industrial, lavander\u00eda dom\u00e9stica, construcci\u00f3n, Canal Horeca, productos biol\u00f3gicos, ambientadores, piscina. Ecoquimic - Gracias por tanto, Pedro","breadcrumb":{"@id":"https:\/\/ecoquimic.com\/blog2\/gracias-por-tanto-pedro\/#breadcrumb"},"inLanguage":"ca","potentialAction":[{"@type":"ReadAction","target":["https:\/\/ecoquimic.com\/blog2\/gracias-por-tanto-pedro\/"]}]},{"@type":"ImageObject","inLanguage":"ca","@id":"https:\/\/ecoquimic.com\/blog2\/gracias-por-tanto-pedro\/#primaryimage","url":"https:\/\/ecoquimic.com\/wp-content\/uploads\/2026\/01\/7-scaled.png","contentUrl":"https:\/\/ecoquimic.com\/wp-content\/uploads\/2026\/01\/7-scaled.png"},{"@type":"BreadcrumbList","@id":"https:\/\/ecoquimic.com\/blog2\/gracias-por-tanto-pedro\/#breadcrumb","itemListElement":[{"@type":"ListItem","position":1,"name":"Portada","item":"https:\/\/ecoquimic.com\/"},{"@type":"ListItem","position":2,"name":"Blog","item":"https:\/\/ecoquimic.com\/blog2\/"},{"@type":"ListItem","position":3,"name":"Gracias por tanto, Pedro"}]},{"@type":"WebSite","@id":"https:\/\/ecoquimic.com\/#website","url":"https:\/\/ecoquimic.com\/","name":"Ecoquimic","description":"F\u00e1brica productos qu\u00edmicos de limpieza en Mallorca, Baleares, Espa\u00f1a","publisher":{"@id":"https:\/\/ecoquimic.com\/#organization"},"potentialAction":[{"@type":"SearchAction","target":{"@type":"EntryPoint","urlTemplate":"https:\/\/ecoquimic.com\/?s={search_term_string}"},"query-input":{"@type":"PropertyValueSpecification","valueRequired":true,"valueName":"search_term_string"}}],"inLanguage":"ca"},{"@type":"Organization","@id":"https:\/\/ecoquimic.com\/#organization","name":"Ecoquimic","url":"https:\/\/ecoquimic.com\/","logo":{"@type":"ImageObject","inLanguage":"ca","@id":"https:\/\/ecoquimic.com\/#\/schema\/logo\/image\/","url":"https:\/\/ecoquimic.com\/wp-content\/uploads\/2021\/10\/ecoquimic.png","contentUrl":"https:\/\/ecoquimic.com\/wp-content\/uploads\/2021\/10\/ecoquimic.png","width":200,"height":93,"caption":"Ecoquimic"},"image":{"@id":"https:\/\/ecoquimic.com\/#\/schema\/logo\/image\/"},"sameAs":["https:\/\/www.facebook.com\/EcoquimicBalear\/","https:\/\/x.com\/EcoquimicBalear","https:\/\/www.instagram.com\/ecoquimic\/","https:\/\/www.linkedin.com\/company\/ecoquimicbalear\/","https:\/\/www.youtube.com\/channel\/UCYxjbpYf4oB7iKCsjUM1J4g"]}]}},"_links":{"self":[{"href":"https:\/\/ecoquimic.com\/ca\/wp-json\/wp\/v2\/pages\/24383","targetHints":{"allow":["GET"]}}],"collection":[{"href":"https:\/\/ecoquimic.com\/ca\/wp-json\/wp\/v2\/pages"}],"about":[{"href":"https:\/\/ecoquimic.com\/ca\/wp-json\/wp\/v2\/types\/page"}],"author":[{"embeddable":true,"href":"https:\/\/ecoquimic.com\/ca\/wp-json\/wp\/v2\/users\/10"}],"replies":[{"embeddable":true,"href":"https:\/\/ecoquimic.com\/ca\/wp-json\/wp\/v2\/comments?post=24383"}],"version-history":[{"count":2,"href":"https:\/\/ecoquimic.com\/ca\/wp-json\/wp\/v2\/pages\/24383\/revisions"}],"predecessor-version":[{"id":24398,"href":"https:\/\/ecoquimic.com\/ca\/wp-json\/wp\/v2\/pages\/24383\/revisions\/24398"}],"up":[{"embeddable":true,"href":"https:\/\/ecoquimic.com\/ca\/wp-json\/wp\/v2\/pages\/3464"}],"wp:attachment":[{"href":"https:\/\/ecoquimic.com\/ca\/wp-json\/wp\/v2\/media?parent=24383"}],"curies":[{"name":"wp","href":"https:\/\/api.w.org\/{rel}","templated":true}]}}