{"id":24320,"date":"2026-01-12T09:06:01","date_gmt":"2026-01-12T09:06:01","guid":{"rendered":"https:\/\/ecoquimic.com\/?page_id=24320"},"modified":"2026-01-12T09:17:08","modified_gmt":"2026-01-12T09:17:08","slug":"team-building-en-ecoquimic","status":"publish","type":"page","link":"https:\/\/ecoquimic.com\/ca\/blog2\/team-building-en-ecoquimic\/","title":{"rendered":"Team building en Ecoquimic"},"content":{"rendered":"<div data-colibri-id=\"24320-c1\" class=\"style-13284 style-local-24320-c1 position-relative\">\n  <!---->\n  <div data-colibri-component=\"section\" data-colibri-id=\"24320-c2\" id=\"custom\" class=\"h-section h-section-global-spacing d-flex align-items-lg-center align-items-md-center align-items-center style-13285 style-local-24320-c2 position-relative\">\n    <!---->\n    <!---->\n    <div class=\"h-section-grid-container h-section-boxed-container\">\n      <!---->\n      <div data-colibri-id=\"24320-c3\" class=\"h-row-container gutters-row-lg-2 gutters-row-md-2 gutters-row-0 gutters-row-v-lg-2 gutters-row-v-md-2 gutters-row-v-2 style-13286 style-local-24320-c3 position-relative\">\n        <!---->\n        <div class=\"h-row justify-content-lg-center justify-content-md-center justify-content-center align-items-lg-stretch align-items-md-stretch align-items-stretch gutters-col-lg-2 gutters-col-md-2 gutters-col-0 gutters-col-v-lg-2 gutters-col-v-md-2 gutters-col-v-2\">\n          <!---->\n          <div class=\"h-column h-column-container d-flex h-col-lg-auto h-col-md-auto h-col-auto style-13287-outer style-local-24320-c4-outer\">\n            <div data-colibri-id=\"24320-c4\" class=\"d-flex h-flex-basis h-column__inner h-px-lg-2 h-px-md-2 h-px-2 v-inner-lg-2 v-inner-md-2 v-inner-2 style-13287 style-local-24320-c4 position-relative\">\n              <!---->\n              <!---->\n              <div class=\"w-100 h-y-container h-column__content h-column__v-align flex-basis-100 align-self-lg-start align-self-md-start align-self-start\">\n                <!---->\n                <div data-colibri-id=\"24320-c5\" class=\"h-global-transition-all h-heading style-13295 style-local-24320-c5 position-relative h-element\">\n                  <!---->\n                  <div class=\"h-heading__outer style-13295 style-local-24320-c5\">\n                    <!---->\n                    <!---->\n                    <h5 class=\"\">Team building<\/h5>\n                  <\/div>\n                <\/div>\n                <div data-colibri-id=\"24320-c6\" class=\"h-global-transition-all h-heading style-13296 style-local-24320-c6 position-relative h-element\">\n                  <!---->\n                  <div class=\"h-heading__outer style-13296 style-local-24320-c6\">\n                    <!---->\n                    <!---->\n                    <h2 class=\"\">Construint equip m\u00e9s enll\u00e0 del treball<\/h2>\n                  <\/div>\n                <\/div>\n                <div data-colibri-id=\"24320-c7\" class=\"h-lead h-text h-text-component style-13297 style-local-24320-c7 position-relative h-element\">\n                  <!---->\n                  <!---->\n                  <div class=\"\">\n                    <p>Din\u00e0miques i jocs per a refor\u00e7ar la comunicaci\u00f3, la confian\u00e7a i la connexi\u00f3 entre companys en l'empresa.<\/p>\n                  <\/div>\n                <\/div>\n                <div data-colibri-id=\"24320-c8\" class=\"h-divider style-13301 style-local-24320-c8 position-relative h-element\">\n                  <!----><span class=\"h-divider__line style-13301-line style-local-24320-c8-line style-13301-line style-local-24320-c8-line\"><\/span><\/div>\n                <div data-colibri-id=\"24320-c9\" class=\"h-text h-text-component style-13302 style-local-24320-c9 position-relative h-element\">\n                  <!---->\n                  <!---->\n                  <div class=\"\">\n                    <p>Creiem que un bon ambient de treball i la connexi\u00f3 entre les persones s\u00f3n fonamentals per al bon funcionament del dia a dia. Per aquest motiu, recentment realitzem una jornada de <em>team building<\/em> pensada per a fomentar la cohesi\u00f3, la comunicaci\u00f3 i el companyerisme entre l'equip.<\/p>\n                    <p>La jornada va comen\u00e7ar amb un joc din\u00e0mic i participatiu en el qual cada persona havia de triar dos papers a l'atzar.\n                      <br>En un apareixia el nom d'un company o companya i en l'altre una acci\u00f3 o comportament que havia de representar. El repte consistia a interpretar a la persona assignada mentre la resta del grup intentava endevinar de qui es tractava.\n                      <br>Aquesta activitat va generar molts riures i va permetre veure'ns des d'una altra perspectiva, refor\u00e7ant la confian\u00e7a i el coneixement mutu.<\/p>\n                    <p>A continuaci\u00f3, juguem tres partides del conegut <strong>joc de l'impostor<\/strong>. Encara que la majoria de l'equip ja coneixia el joc, tamb\u00e9 va haver-hi persones que el descobrien per primera vegada, la qual cosa va fer l'experi\u00e8ncia encara m\u00e9s divertida.\n                      <br>Intentar organitzar-nos, confiar els uns en els altres i, al mateix temps, descobrir qui no deia la veritat va convertir cada partida en una aut\u00e8ntica bogeria plena de riures i complicitat.\n                      <br>\n                      <br>Aquest tipus d'activitats aporten nombrosos beneficis a l'equip: milloren la comunicaci\u00f3, enforteixen les relacions personals, fomenten la col\u00b7laboraci\u00f3 i ajuden a crear un ambient de treball m\u00e9s positiu i pr\u00f2xim. A m\u00e9s, permeten\nsortir de la rutina di\u00e0ria i compartir moments diferents que reforcen el sentiment de pertinen\u00e7a al grup.<\/p>\n                    <p><span style=\"font-weight: 400; font-size: 16px; font-family: Montserrat; color: rgb(102, 102, 102);\">A Ecoquimic continuem apostant per aquesta mena d'iniciatives, conven\u00e7uts que un equip unit i motivat \u00e9s clau per a continuar creixent junts.<\/span><\/p>\n                  <\/div>\n                <\/div>\n              <\/div>\n            <\/div>\n          <\/div>\n        <\/div>\n      <\/div>\n    <\/div>\n  <\/div>\n<\/div>","protected":false},"excerpt":{"rendered":"<p>Team building Construyendo equipo m\u00e1s all\u00e1 del trabajo Din\u00e1micas y juegos para reforzar la comunicaci\u00f3n, la confianza y la conexi\u00f3n entre compa\u00f1eros en la empresa. Creemos que un buen ambiente de trabajo y la conexi\u00f3n entre las personas son fundamentales para el buen funcionamiento del d\u00eda a d\u00eda. Por este motivo, recientemente realizamos una jornada [&hellip;]<\/p>\n","protected":false},"author":10,"featured_media":0,"parent":3464,"menu_order":0,"comment_status":"closed","ping_status":"closed","template":"page-templates\/full-width-page.php","meta":{"footnotes":""},"class_list":["post-24320","page","type-page","status-publish","hentry"],"yoast_head":"<!-- This site is optimized with the Yoast SEO plugin v27.4 - https:\/\/yoast.com\/product\/yoast-seo-wordpress\/ -->\n<title>Team building en Ecoquimic - Ecoquimic<\/title>\n<meta name=\"description\" content=\"Fabricaci\u00f3n de productos qu\u00edmicos, marcas blancas, productos de limpieza, automoci\u00f3n, n\u00e1utica, lavander\u00eda industrial, lavander\u00eda dom\u00e9stica, construcci\u00f3n, Canal Horeca, productos biol\u00f3gicos, ambientadores, piscina. Ecoquimic - Team building en Ecoquimic\" \/>\n<meta name=\"robots\" content=\"index, follow, max-snippet:-1, max-image-preview:large, max-video-preview:-1\" \/>\n<link rel=\"canonical\" href=\"https:\/\/ecoquimic.com\/ca\/blog2\/team-building-en-ecoquimic\/\" \/>\n<meta property=\"og:locale\" content=\"ca_ES\" \/>\n<meta property=\"og:type\" content=\"article\" \/>\n<meta property=\"og:title\" content=\"Team building en Ecoquimic - Ecoquimic\" \/>\n<meta property=\"og:description\" content=\"Fabricaci\u00f3n de productos qu\u00edmicos, marcas blancas, productos de limpieza, automoci\u00f3n, n\u00e1utica, lavander\u00eda industrial, lavander\u00eda dom\u00e9stica, construcci\u00f3n, Canal Horeca, productos biol\u00f3gicos, ambientadores, piscina. Ecoquimic - Team building en Ecoquimic\" \/>\n<meta property=\"og:url\" content=\"https:\/\/ecoquimic.com\/ca\/blog2\/team-building-en-ecoquimic\/\" \/>\n<meta property=\"og:site_name\" content=\"Ecoquimic\" \/>\n<meta property=\"article:publisher\" content=\"https:\/\/www.facebook.com\/EcoquimicBalear\/\" \/>\n<meta property=\"article:modified_time\" content=\"2026-01-12T09:17:08+00:00\" \/>\n<meta name=\"twitter:card\" content=\"summary_large_image\" \/>\n<meta name=\"twitter:site\" content=\"@EcoquimicBalear\" \/>\n<script type=\"application\/ld+json\" class=\"yoast-schema-graph\">{\"@context\":\"https:\\\/\\\/schema.org\",\"@graph\":[{\"@type\":\"WebPage\",\"@id\":\"https:\\\/\\\/ecoquimic.com\\\/blog2\\\/team-building-en-ecoquimic\\\/\",\"url\":\"https:\\\/\\\/ecoquimic.com\\\/blog2\\\/team-building-en-ecoquimic\\\/\",\"name\":\"Team building en Ecoquimic - Ecoquimic\",\"isPartOf\":{\"@id\":\"https:\\\/\\\/ecoquimic.com\\\/#website\"},\"datePublished\":\"2026-01-12T09:06:01+00:00\",\"dateModified\":\"2026-01-12T09:17:08+00:00\",\"description\":\"Fabricaci\u00f3n de productos qu\u00edmicos, marcas blancas, productos de limpieza, automoci\u00f3n, n\u00e1utica, lavander\u00eda industrial, lavander\u00eda dom\u00e9stica, construcci\u00f3n, Canal Horeca, productos biol\u00f3gicos, ambientadores, piscina. Ecoquimic - Team building en Ecoquimic\",\"breadcrumb\":{\"@id\":\"https:\\\/\\\/ecoquimic.com\\\/blog2\\\/team-building-en-ecoquimic\\\/#breadcrumb\"},\"inLanguage\":\"ca\",\"potentialAction\":[{\"@type\":\"ReadAction\",\"target\":[\"https:\\\/\\\/ecoquimic.com\\\/blog2\\\/team-building-en-ecoquimic\\\/\"]}]},{\"@type\":\"BreadcrumbList\",\"@id\":\"https:\\\/\\\/ecoquimic.com\\\/blog2\\\/team-building-en-ecoquimic\\\/#breadcrumb\",\"itemListElement\":[{\"@type\":\"ListItem\",\"position\":1,\"name\":\"Portada\",\"item\":\"https:\\\/\\\/ecoquimic.com\\\/\"},{\"@type\":\"ListItem\",\"position\":2,\"name\":\"Blog\",\"item\":\"https:\\\/\\\/ecoquimic.com\\\/blog2\\\/\"},{\"@type\":\"ListItem\",\"position\":3,\"name\":\"Team building en Ecoquimic\"}]},{\"@type\":\"WebSite\",\"@id\":\"https:\\\/\\\/ecoquimic.com\\\/#website\",\"url\":\"https:\\\/\\\/ecoquimic.com\\\/\",\"name\":\"Ecoquimic\",\"description\":\"F\u00e1brica productos qu\u00edmicos de limpieza en Mallorca, Baleares, Espa\u00f1a\",\"publisher\":{\"@id\":\"https:\\\/\\\/ecoquimic.com\\\/#organization\"},\"potentialAction\":[{\"@type\":\"SearchAction\",\"target\":{\"@type\":\"EntryPoint\",\"urlTemplate\":\"https:\\\/\\\/ecoquimic.com\\\/?s={search_term_string}\"},\"query-input\":{\"@type\":\"PropertyValueSpecification\",\"valueRequired\":true,\"valueName\":\"search_term_string\"}}],\"inLanguage\":\"ca\"},{\"@type\":\"Organization\",\"@id\":\"https:\\\/\\\/ecoquimic.com\\\/#organization\",\"name\":\"Ecoquimic\",\"url\":\"https:\\\/\\\/ecoquimic.com\\\/\",\"logo\":{\"@type\":\"ImageObject\",\"inLanguage\":\"ca\",\"@id\":\"https:\\\/\\\/ecoquimic.com\\\/#\\\/schema\\\/logo\\\/image\\\/\",\"url\":\"https:\\\/\\\/ecoquimic.com\\\/wp-content\\\/uploads\\\/2021\\\/10\\\/ecoquimic.png\",\"contentUrl\":\"https:\\\/\\\/ecoquimic.com\\\/wp-content\\\/uploads\\\/2021\\\/10\\\/ecoquimic.png\",\"width\":200,\"height\":93,\"caption\":\"Ecoquimic\"},\"image\":{\"@id\":\"https:\\\/\\\/ecoquimic.com\\\/#\\\/schema\\\/logo\\\/image\\\/\"},\"sameAs\":[\"https:\\\/\\\/www.facebook.com\\\/EcoquimicBalear\\\/\",\"https:\\\/\\\/x.com\\\/EcoquimicBalear\",\"https:\\\/\\\/www.instagram.com\\\/ecoquimic\\\/\",\"https:\\\/\\\/www.linkedin.com\\\/company\\\/ecoquimicbalear\\\/\",\"https:\\\/\\\/www.youtube.com\\\/channel\\\/UCYxjbpYf4oB7iKCsjUM1J4g\"]}]}<\/script>\n<!-- \/ Yoast SEO plugin. -->","yoast_head_json":{"title":"Team building en Ecoquimic - Ecoquimic","description":"Fabricaci\u00f3n de productos qu\u00edmicos, marcas blancas, productos de limpieza, automoci\u00f3n, n\u00e1utica, lavander\u00eda industrial, lavander\u00eda dom\u00e9stica, construcci\u00f3n, Canal Horeca, productos biol\u00f3gicos, ambientadores, piscina. Ecoquimic - Team building en Ecoquimic","robots":{"index":"index","follow":"follow","max-snippet":"max-snippet:-1","max-image-preview":"max-image-preview:large","max-video-preview":"max-video-preview:-1"},"canonical":"https:\/\/ecoquimic.com\/ca\/blog2\/team-building-en-ecoquimic\/","og_locale":"ca_ES","og_type":"article","og_title":"Team building en Ecoquimic - Ecoquimic","og_description":"Fabricaci\u00f3n de productos qu\u00edmicos, marcas blancas, productos de limpieza, automoci\u00f3n, n\u00e1utica, lavander\u00eda industrial, lavander\u00eda dom\u00e9stica, construcci\u00f3n, Canal Horeca, productos biol\u00f3gicos, ambientadores, piscina. Ecoquimic - Team building en Ecoquimic","og_url":"https:\/\/ecoquimic.com\/ca\/blog2\/team-building-en-ecoquimic\/","og_site_name":"Ecoquimic","article_publisher":"https:\/\/www.facebook.com\/EcoquimicBalear\/","article_modified_time":"2026-01-12T09:17:08+00:00","twitter_card":"summary_large_image","twitter_site":"@EcoquimicBalear","schema":{"@context":"https:\/\/schema.org","@graph":[{"@type":"WebPage","@id":"https:\/\/ecoquimic.com\/blog2\/team-building-en-ecoquimic\/","url":"https:\/\/ecoquimic.com\/blog2\/team-building-en-ecoquimic\/","name":"Team building en Ecoquimic - Ecoquimic","isPartOf":{"@id":"https:\/\/ecoquimic.com\/#website"},"datePublished":"2026-01-12T09:06:01+00:00","dateModified":"2026-01-12T09:17:08+00:00","description":"Fabricaci\u00f3n de productos qu\u00edmicos, marcas blancas, productos de limpieza, automoci\u00f3n, n\u00e1utica, lavander\u00eda industrial, lavander\u00eda dom\u00e9stica, construcci\u00f3n, Canal Horeca, productos biol\u00f3gicos, ambientadores, piscina. Ecoquimic - Team building en Ecoquimic","breadcrumb":{"@id":"https:\/\/ecoquimic.com\/blog2\/team-building-en-ecoquimic\/#breadcrumb"},"inLanguage":"ca","potentialAction":[{"@type":"ReadAction","target":["https:\/\/ecoquimic.com\/blog2\/team-building-en-ecoquimic\/"]}]},{"@type":"BreadcrumbList","@id":"https:\/\/ecoquimic.com\/blog2\/team-building-en-ecoquimic\/#breadcrumb","itemListElement":[{"@type":"ListItem","position":1,"name":"Portada","item":"https:\/\/ecoquimic.com\/"},{"@type":"ListItem","position":2,"name":"Blog","item":"https:\/\/ecoquimic.com\/blog2\/"},{"@type":"ListItem","position":3,"name":"Team building en Ecoquimic"}]},{"@type":"WebSite","@id":"https:\/\/ecoquimic.com\/#website","url":"https:\/\/ecoquimic.com\/","name":"Ecoquimic","description":"F\u00e1brica productos qu\u00edmicos de limpieza en Mallorca, Baleares, Espa\u00f1a","publisher":{"@id":"https:\/\/ecoquimic.com\/#organization"},"potentialAction":[{"@type":"SearchAction","target":{"@type":"EntryPoint","urlTemplate":"https:\/\/ecoquimic.com\/?s={search_term_string}"},"query-input":{"@type":"PropertyValueSpecification","valueRequired":true,"valueName":"search_term_string"}}],"inLanguage":"ca"},{"@type":"Organization","@id":"https:\/\/ecoquimic.com\/#organization","name":"Ecoquimic","url":"https:\/\/ecoquimic.com\/","logo":{"@type":"ImageObject","inLanguage":"ca","@id":"https:\/\/ecoquimic.com\/#\/schema\/logo\/image\/","url":"https:\/\/ecoquimic.com\/wp-content\/uploads\/2021\/10\/ecoquimic.png","contentUrl":"https:\/\/ecoquimic.com\/wp-content\/uploads\/2021\/10\/ecoquimic.png","width":200,"height":93,"caption":"Ecoquimic"},"image":{"@id":"https:\/\/ecoquimic.com\/#\/schema\/logo\/image\/"},"sameAs":["https:\/\/www.facebook.com\/EcoquimicBalear\/","https:\/\/x.com\/EcoquimicBalear","https:\/\/www.instagram.com\/ecoquimic\/","https:\/\/www.linkedin.com\/company\/ecoquimicbalear\/","https:\/\/www.youtube.com\/channel\/UCYxjbpYf4oB7iKCsjUM1J4g"]}]}},"_links":{"self":[{"href":"https:\/\/ecoquimic.com\/ca\/wp-json\/wp\/v2\/pages\/24320","targetHints":{"allow":["GET"]}}],"collection":[{"href":"https:\/\/ecoquimic.com\/ca\/wp-json\/wp\/v2\/pages"}],"about":[{"href":"https:\/\/ecoquimic.com\/ca\/wp-json\/wp\/v2\/types\/page"}],"author":[{"embeddable":true,"href":"https:\/\/ecoquimic.com\/ca\/wp-json\/wp\/v2\/users\/10"}],"replies":[{"embeddable":true,"href":"https:\/\/ecoquimic.com\/ca\/wp-json\/wp\/v2\/comments?post=24320"}],"version-history":[{"count":5,"href":"https:\/\/ecoquimic.com\/ca\/wp-json\/wp\/v2\/pages\/24320\/revisions"}],"predecessor-version":[{"id":24354,"href":"https:\/\/ecoquimic.com\/ca\/wp-json\/wp\/v2\/pages\/24320\/revisions\/24354"}],"up":[{"embeddable":true,"href":"https:\/\/ecoquimic.com\/ca\/wp-json\/wp\/v2\/pages\/3464"}],"wp:attachment":[{"href":"https:\/\/ecoquimic.com\/ca\/wp-json\/wp\/v2\/media?parent=24320"}],"curies":[{"name":"wp","href":"https:\/\/api.w.org\/{rel}","templated":true}]}}