{"id":22122,"date":"2025-06-24T12:20:31","date_gmt":"2025-06-24T12:20:31","guid":{"rendered":"https:\/\/ecoquimic.com\/?page_id=22122"},"modified":"2025-06-24T15:53:49","modified_gmt":"2025-06-24T15:53:49","slug":"metodologia-5s","status":"publish","type":"page","link":"https:\/\/ecoquimic.com\/ca\/metodologia-5s\/","title":{"rendered":"Metodolog\u00eda 5S"},"content":{"rendered":"<div data-colibri-id=\"22122-c1\" class=\"style-12307 style-local-22122-c1 position-relative\">\n  <!---->\n  <div data-colibri-component=\"section\" data-colibri-id=\"22122-c2\" id=\"custom\" class=\"h-section h-section-global-spacing d-flex align-items-lg-center align-items-md-center align-items-center style-12332 style-local-22122-c2 position-relative\">\n    <!---->\n    <!---->\n    <div class=\"h-section-grid-container h-section-boxed-container\">\n      <!---->\n      <div data-colibri-id=\"22122-c3\" class=\"h-row-container gutters-row-lg-2 gutters-row-md-2 gutters-row-0 gutters-row-v-lg-2 gutters-row-v-md-2 gutters-row-v-2 style-12335 style-local-22122-c3 position-relative\">\n        <!---->\n        <div class=\"h-row justify-content-lg-center justify-content-md-center justify-content-center align-items-lg-stretch align-items-md-stretch align-items-stretch gutters-col-lg-2 gutters-col-md-2 gutters-col-0 gutters-col-v-lg-2 gutters-col-v-md-2 gutters-col-v-2\">\n          <!---->\n          <div class=\"h-column h-column-container d-flex h-col-lg-auto h-col-md-auto h-col-auto style-12336-outer style-local-22122-c4-outer\">\n            <div data-colibri-id=\"22122-c4\" class=\"d-flex h-flex-basis h-column__inner h-px-lg-2 h-px-md-2 h-px-2 v-inner-lg-2 v-inner-md-2 v-inner-2 style-12336 style-local-22122-c4 position-relative\">\n              <!---->\n              <!---->\n              <div class=\"w-100 h-y-container h-column__content h-column__v-align flex-basis-100 align-self-lg-start align-self-md-start align-self-start\">\n                <!---->\n                <div data-colibri-id=\"22122-c5\" class=\"h-global-transition-all h-heading style-12327 style-local-22122-c5 position-relative h-element\">\n                  <!---->\n                  <div class=\"h-heading__outer style-12327 style-local-22122-c5\">\n                    <!---->\n                    <!---->\n                    <h5 class=\"\">Organitzaci\u00f3, ordre i efici\u00e8ncia<\/h5>\n                  <\/div>\n                <\/div>\n              <\/div>\n            <\/div>\n          <\/div>\n        <\/div>\n      <\/div>\n      <div data-colibri-id=\"22122-c6\" class=\"h-row-container gutters-row-lg-2 gutters-row-md-2 gutters-row-0 gutters-row-v-lg-2 gutters-row-v-md-2 gutters-row-v-2 style-12337 style-local-22122-c6 position-relative\">\n        <!---->\n        <div class=\"h-row justify-content-lg-center justify-content-md-center justify-content-center align-items-lg-stretch align-items-md-stretch align-items-stretch gutters-col-lg-2 gutters-col-md-2 gutters-col-0 gutters-col-v-lg-2 gutters-col-v-md-2 gutters-col-v-2\">\n          <!---->\n          <div class=\"h-column h-column-container d-flex h-col-lg-auto h-col-md-auto h-col-auto style-12338-outer style-local-22122-c7-outer\">\n            <div data-colibri-id=\"22122-c7\" class=\"d-flex h-flex-basis h-column__inner h-px-lg-2 h-px-md-2 h-px-2 v-inner-lg-2 v-inner-md-2 v-inner-2 style-12338 style-local-22122-c7 position-relative\">\n              <!---->\n              <!---->\n              <div class=\"w-100 h-y-container h-column__content h-column__v-align flex-basis-100 align-self-lg-start align-self-md-start align-self-start\">\n                <!---->\n                <div data-colibri-id=\"22122-c8\" class=\"h-global-transition-all h-heading style-12328 style-local-22122-c8 position-relative h-element\">\n                  <!---->\n                  <div class=\"h-heading__outer style-12328 style-local-22122-c8\">\n                    <!---->\n                    <!---->\n                    <h2 class=\"\">Apliquem la t\u00e8cnica de les 5S<\/h2>\n                  <\/div>\n                <\/div>\n                <div data-colibri-id=\"22122-c9\" class=\"h-lead h-text h-text-component style-12329 style-local-22122-c9 position-relative h-element\">\n                  <!---->\n                  <!---->\n                  <div class=\"\">\n                    <p>A Ecoquimic apostem per l'excel\u00b7l\u00e8ncia operativa.\n                      <br>Per aix\u00f2, hem incorporat la <strong>t\u00e8cnica de les 5S<\/strong> com a part de la nostra estrat\u00e8gia de <strong>Lean Manufacturing<\/strong>, orientada a crear entorns de treball m\u00e9s eficients, segurs i sostenibles.<\/p>\n                  <\/div>\n                <\/div>\n              <\/div>\n            <\/div>\n          <\/div>\n        <\/div>\n      <\/div>\n    <\/div>\n  <\/div>\n  <div data-colibri-component=\"section\" data-colibri-id=\"22122-c10\" id=\"overlappable\" class=\"h-section h-section-global-spacing d-flex align-items-lg-center align-items-md-center align-items-center style-12359 style-local-22122-c10 position-relative\">\n    <!---->\n    <!---->\n    <div class=\"h-section-grid-container h-section-fluid-container\">\n      <!---->\n      <div data-colibri-id=\"22122-c11\" class=\"h-row-container gutters-row-lg-0 gutters-row-md-0 gutters-row-0 gutters-row-v-lg-0 gutters-row-v-md-0 gutters-row-v-0 style-12360 style-local-22122-c11 position-relative\">\n        <!---->\n        <div class=\"h-row justify-content-lg-center justify-content-md-center justify-content-center align-items-lg-stretch align-items-md-stretch align-items-stretch gutters-col-lg-0 gutters-col-md-0 gutters-col-0 gutters-col-v-lg-0 gutters-col-v-md-0 gutters-col-v-0\">\n          <!---->\n          <div class=\"h-column h-column-container d-flex h-col-lg-auto h-col-md-auto h-col-auto style-12361-outer style-local-22122-c12-outer\">\n            <div data-colibri-id=\"22122-c12\" class=\"d-flex h-flex-basis h-column__inner h-px-lg-3 h-px-md-3 h-px-3 v-inner-lg-3 v-inner-md-3 v-inner-3 style-12361 style-local-22122-c12 position-relative\">\n              <!---->\n              <!---->\n              <div class=\"w-100 h-y-container h-column__content h-column__v-align flex-basis-100 align-self-lg-start align-self-md-start align-self-start\">\n                <!---->\n                <div data-colibri-id=\"22122-c13\" class=\"h-global-transition-all h-heading style-12362 style-local-22122-c13 position-relative h-element\">\n                  <!---->\n                  <div class=\"h-heading__outer style-12362 style-local-22122-c13\">\n                    <!---->\n                    <!---->\n                    <h3 class=\"\">.1&nbsp;Seiri<\/h3>\n                  <\/div>\n                <\/div>\n                <div data-colibri-id=\"22122-c14\" class=\"h-global-transition-all h-heading style-12363 style-local-22122-c14 position-relative h-element\">\n                  <!---->\n                  <div class=\"h-heading__outer style-12363 style-local-22122-c14\">\n                    <!---->\n                    <!---->\n                    <h6 class=\"\">Classificar<\/h6>\n                  <\/div>\n                <\/div>\n                <div data-colibri-id=\"22122-c15\" class=\"h-text h-text-component style-12366 style-local-22122-c15 position-relative h-element\">\n                  <!---->\n                  <!---->\n                  <div class=\"\">\n                    <p>Separar l'essencial de l'innecessari, eliminant tot el que no aporta valor.<\/p>\n                  <\/div>\n                <\/div>\n              <\/div>\n            <\/div>\n          <\/div>\n          <div class=\"h-column h-column-container d-flex h-col-lg-auto h-col-md-auto h-col-auto style-12364-outer style-local-22122-c16-outer\">\n            <div data-colibri-id=\"22122-c16\" class=\"d-flex h-flex-basis h-column__inner h-px-lg-3 h-px-md-3 h-px-3 v-inner-lg-3 v-inner-md-3 v-inner-3 style-12364 style-local-22122-c16 position-relative\">\n              <!---->\n              <!---->\n              <div class=\"w-100 h-y-container h-column__content h-column__v-align flex-basis-100 align-self-lg-start align-self-md-start align-self-start\">\n                <!---->\n                <div data-colibri-id=\"22122-c17\" class=\"h-global-transition-all h-heading style-12362 style-local-22122-c17 position-relative h-element\">\n                  <!---->\n                  <div class=\"h-heading__outer style-12362 style-local-22122-c17\">\n                    <!---->\n                    <!---->\n                    <h3 class=\"\">.2&nbsp;Seiton<\/h3>\n                  <\/div>\n                <\/div>\n                <div data-colibri-id=\"22122-c18\" class=\"h-global-transition-all h-heading style-12363 style-local-22122-c18 position-relative h-element\">\n                  <!---->\n                  <div class=\"h-heading__outer style-12363 style-local-22122-c18\">\n                    <!---->\n                    <!---->\n                    <h6 class=\"\">Ordenar<\/h6>\n                  <\/div>\n                <\/div>\n                <div data-colibri-id=\"22122-c19\" class=\"h-text h-text-component style-12366 style-local-22122-c19 position-relative h-element\">\n                  <!---->\n                  <!---->\n                  <div class=\"\">\n                    <p>Cada eina t\u00e9 un lloc definit i l\u00f2gic.<\/p>\n                  <\/div>\n                <\/div>\n              <\/div>\n            <\/div>\n          <\/div>\n          <div class=\"h-column h-column-container d-flex h-col-lg-auto h-col-md-auto h-col-auto style-12364-outer style-local-22122-c20-outer\">\n            <div data-colibri-id=\"22122-c20\" class=\"d-flex h-flex-basis h-column__inner h-px-lg-3 h-px-md-3 h-px-3 v-inner-lg-3 v-inner-md-3 v-inner-3 style-12364 style-local-22122-c20 position-relative\">\n              <!---->\n              <!---->\n              <div class=\"w-100 h-y-container h-column__content h-column__v-align flex-basis-100 align-self-lg-start align-self-md-start align-self-start\">\n                <!---->\n                <div data-colibri-id=\"22122-c21\" class=\"h-global-transition-all h-heading style-12362 style-local-22122-c21 position-relative h-element\">\n                  <!---->\n                  <div class=\"h-heading__outer style-12362 style-local-22122-c21\">\n                    <!---->\n                    <!---->\n                    <h3 class=\"\">.3&nbsp;Seiso <\/h3>\n                  <\/div>\n                <\/div>\n                <div data-colibri-id=\"22122-c22\" class=\"h-global-transition-all h-heading style-12363 style-local-22122-c22 position-relative h-element\">\n                  <!---->\n                  <div class=\"h-heading__outer style-12363 style-local-22122-c22\">\n                    <!---->\n                    <!---->\n                    <h6 class=\"\">Netejar<\/h6>\n                  <\/div>\n                <\/div>\n                <div data-colibri-id=\"22122-c23\" class=\"h-text h-text-component style-12366 style-local-22122-c23 position-relative h-element\">\n                  <!---->\n                  <!---->\n                  <div class=\"\">\n                    <p>M\u00e9s enll\u00e0 de la neteja visual, promovem un entorn cuidat.<\/p>\n                  <\/div>\n                <\/div>\n              <\/div>\n            <\/div>\n          <\/div>\n          <div class=\"h-column h-column-container d-flex h-col-lg-auto h-col-md-auto h-col-auto style-12364-outer style-local-22122-c24-outer\">\n            <div data-colibri-id=\"22122-c24\" class=\"d-flex h-flex-basis h-column__inner h-px-lg-3 h-px-md-3 h-px-3 v-inner-lg-3 v-inner-md-3 v-inner-3 style-12364 style-local-22122-c24 position-relative\">\n              <!---->\n              <!---->\n              <div class=\"w-100 h-y-container h-column__content h-column__v-align flex-basis-100 align-self-lg-start align-self-md-start align-self-start\">\n                <!---->\n                <div data-colibri-id=\"22122-c25\" class=\"h-global-transition-all h-heading style-12362 style-local-22122-c25 position-relative h-element\">\n                  <!---->\n                  <div class=\"h-heading__outer style-12362 style-local-22122-c25\">\n                    <!---->\n                    <!---->\n                    <h3 class=\"\">.4 Seiketsu <\/h3>\n                  <\/div>\n                <\/div>\n                <div data-colibri-id=\"22122-c26\" class=\"h-global-transition-all h-heading style-12363 style-local-22122-c26 position-relative h-element\">\n                  <!---->\n                  <div class=\"h-heading__outer style-12363 style-local-22122-c26\">\n                    <!---->\n                    <!---->\n                    <h6 class=\"\">Estandarditzar<\/h6>\n                  <\/div>\n                <\/div>\n                <div data-colibri-id=\"22122-c27\" class=\"h-text h-text-component style-12366 style-local-22122-c27 position-relative h-element\">\n                  <!---->\n                  <!---->\n                  <div class=\"\">\n                    <p>Procediments clars per a mantenir l'ordre i la neteja a llarg termini.<\/p>\n                  <\/div>\n                <\/div>\n              <\/div>\n            <\/div>\n          <\/div>\n          <div class=\"h-column h-column-container d-flex h-col-lg-auto h-col-md-auto h-col-auto style-12365-outer style-local-22122-c28-outer\">\n            <div data-colibri-id=\"22122-c28\" class=\"d-flex h-flex-basis h-column__inner h-px-lg-3 h-px-md-3 h-px-3 v-inner-lg-3 v-inner-md-3 v-inner-3 style-12365 style-local-22122-c28 position-relative\">\n              <!---->\n              <!---->\n              <div class=\"w-100 h-y-container h-column__content h-column__v-align flex-basis-100 align-self-lg-start align-self-md-start align-self-start\">\n                <!---->\n                <div data-colibri-id=\"22122-c29\" class=\"h-global-transition-all h-heading style-12362 style-local-22122-c29 position-relative h-element\">\n                  <!---->\n                  <div class=\"h-heading__outer style-12362 style-local-22122-c29\">\n                    <!---->\n                    <!---->\n                    <h3 class=\"\">.5&nbsp;Shitsuke <\/h3>\n                  <\/div>\n                <\/div>\n                <div data-colibri-id=\"22122-c30\" class=\"h-global-transition-all h-heading style-12363 style-local-22122-c30 position-relative h-element\">\n                  <!---->\n                  <div class=\"h-heading__outer style-12363 style-local-22122-c30\">\n                    <!---->\n                    <!---->\n                    <h6 class=\"\">Disciplina<\/h6>\n                  <\/div>\n                <\/div>\n                <div data-colibri-id=\"22122-c31\" class=\"h-text h-text-component style-12366 style-local-22122-c31 position-relative h-element\">\n                  <!---->\n                  <!---->\n                  <div class=\"\">\n                    <p>Fomentem una cultura de comprom\u00eds i responsabilitat.<\/p>\n                  <\/div>\n                <\/div>\n              <\/div>\n            <\/div>\n          <\/div>\n        <\/div>\n      <\/div>\n    <\/div>\n  <\/div>\n  <div data-colibri-component=\"section\" data-colibri-id=\"22122-c32\" id=\"testimonials\" class=\"h-section h-section-global-spacing d-flex align-items-lg-center align-items-md-center align-items-center style-12407 style-local-22122-c32 position-relative\">\n    <!---->\n    <!---->\n    <div class=\"h-section-grid-container h-section-fluid-container\">\n      <!---->\n      <div data-colibri-id=\"22122-c33\" class=\"h-row-container gutters-row-lg-0 gutters-row-md-0 gutters-row-3 gutters-row-v-lg-0 gutters-row-v-md-0 gutters-row-v-3 style-12408 style-local-22122-c33 position-relative\">\n        <!---->\n        <div class=\"h-row justify-content-lg-center justify-content-md-center justify-content-center align-items-lg-stretch align-items-md-stretch align-items-stretch gutters-col-lg-0 gutters-col-md-0 gutters-col-3 gutters-col-v-lg-0 gutters-col-v-md-0 gutters-col-v-3\">\n          <!---->\n          <div class=\"h-column h-column-container d-flex h-col-lg-12 h-col-md-12 h-col-12 style-12432-outer style-local-22122-c34-outer\">\n            <div data-colibri-id=\"22122-c34\" class=\"d-flex h-flex-basis h-column__inner h-px-lg-1 h-px-md-1 h-px-1 v-inner-lg-1 v-inner-md-1 v-inner-1 style-12432 style-local-22122-c34 position-relative\">\n              <!---->\n              <!---->\n              <div class=\"w-100 h-y-container h-column__content h-column__v-align flex-basis-100 align-self-lg-start align-self-md-start align-self-start\">\n                <!---->\n                <div data-colibri-id=\"22122-c35\" class=\"h-lead h-text h-text-component style-12430 style-local-22122-c35 position-relative h-element\">\n                  <!---->\n                  <!---->\n                  <div class=\"\">\n                    <p><em>La implantaci\u00f3 de les 5S ha suposat un abans i un despr\u00e9s en els nostres processos. Ens ha perm\u00e8s reduir errors, millorar la seguretat, augmentar la productivitat i, sobretot, construir un entorn de treball m\u00e9s conscient, ordenat i preparat per al futur.<\/em><\/p>\n                    <p><strong><em>A Ecoquimic, creiem que el canvi comen\u00e7a per dins. I ho fem des de la base: amb m\u00e8tode, amb visi\u00f3 i amb les persones com a eix central.<\/em><\/strong><\/p>\n                    <p>\n                      <br>\n                    <\/p>\n                  <\/div>\n                <\/div>\n              <\/div>\n            <\/div>\n          <\/div>\n        <\/div>\n      <\/div>\n    <\/div>\n  <\/div>\n<\/div>","protected":false},"excerpt":{"rendered":"<p>Organizaci\u00f3n, orden y eficiencia Aplicamos la t\u00e9cnica de las 5S En Ecoquimic apostamos por la excelencia operativa. Por eso, hemos incorporado la t\u00e9cnica de las 5S como parte de nuestra estrategia de Lean Manufacturing, orientada a crear entornos de trabajo m\u00e1s eficientes, seguros y sostenibles. .1&nbsp;Seiri Clasificar Separar lo esencial de lo innecesario, eliminando todo [&hellip;]<\/p>\n","protected":false},"author":10,"featured_media":0,"parent":0,"menu_order":0,"comment_status":"closed","ping_status":"closed","template":"page-templates\/full-width-page.php","meta":{"footnotes":""},"class_list":["post-22122","page","type-page","status-publish","hentry"],"yoast_head":"<!-- This site is optimized with the Yoast SEO plugin v27.4 - https:\/\/yoast.com\/product\/yoast-seo-wordpress\/ -->\n<title>Metodolog\u00eda 5S - Ecoquimic<\/title>\n<meta name=\"description\" content=\"Fabricaci\u00f3n de productos qu\u00edmicos, marcas blancas, productos de limpieza, automoci\u00f3n, n\u00e1utica, lavander\u00eda industrial, lavander\u00eda dom\u00e9stica, construcci\u00f3n, Canal Horeca, productos biol\u00f3gicos, ambientadores, piscina. Ecoquimic - Metodolog\u00eda 5S\" \/>\n<meta name=\"robots\" content=\"index, follow, max-snippet:-1, max-image-preview:large, max-video-preview:-1\" \/>\n<link rel=\"canonical\" href=\"https:\/\/ecoquimic.com\/ca\/metodologia-5s\/\" \/>\n<meta property=\"og:locale\" content=\"ca_ES\" \/>\n<meta property=\"og:type\" content=\"article\" \/>\n<meta property=\"og:title\" content=\"Metodolog\u00eda 5S - Ecoquimic\" \/>\n<meta property=\"og:description\" content=\"Fabricaci\u00f3n de productos qu\u00edmicos, marcas blancas, productos de limpieza, automoci\u00f3n, n\u00e1utica, lavander\u00eda industrial, lavander\u00eda dom\u00e9stica, construcci\u00f3n, Canal Horeca, productos biol\u00f3gicos, ambientadores, piscina. Ecoquimic - Metodolog\u00eda 5S\" \/>\n<meta property=\"og:url\" content=\"https:\/\/ecoquimic.com\/ca\/metodologia-5s\/\" \/>\n<meta property=\"og:site_name\" content=\"Ecoquimic\" \/>\n<meta property=\"article:publisher\" content=\"https:\/\/www.facebook.com\/EcoquimicBalear\/\" \/>\n<meta property=\"article:modified_time\" content=\"2025-06-24T15:53:49+00:00\" \/>\n<meta name=\"twitter:card\" content=\"summary_large_image\" \/>\n<meta name=\"twitter:site\" content=\"@EcoquimicBalear\" \/>\n<script type=\"application\/ld+json\" class=\"yoast-schema-graph\">{\"@context\":\"https:\\\/\\\/schema.org\",\"@graph\":[{\"@type\":\"WebPage\",\"@id\":\"https:\\\/\\\/ecoquimic.com\\\/metodologia-5s\\\/\",\"url\":\"https:\\\/\\\/ecoquimic.com\\\/metodologia-5s\\\/\",\"name\":\"Metodolog\u00eda 5S - Ecoquimic\",\"isPartOf\":{\"@id\":\"https:\\\/\\\/ecoquimic.com\\\/#website\"},\"datePublished\":\"2025-06-24T12:20:31+00:00\",\"dateModified\":\"2025-06-24T15:53:49+00:00\",\"description\":\"Fabricaci\u00f3n de productos qu\u00edmicos, marcas blancas, productos de limpieza, automoci\u00f3n, n\u00e1utica, lavander\u00eda industrial, lavander\u00eda dom\u00e9stica, construcci\u00f3n, Canal Horeca, productos biol\u00f3gicos, ambientadores, piscina. Ecoquimic - Metodolog\u00eda 5S\",\"breadcrumb\":{\"@id\":\"https:\\\/\\\/ecoquimic.com\\\/metodologia-5s\\\/#breadcrumb\"},\"inLanguage\":\"ca\",\"potentialAction\":[{\"@type\":\"ReadAction\",\"target\":[\"https:\\\/\\\/ecoquimic.com\\\/metodologia-5s\\\/\"]}]},{\"@type\":\"BreadcrumbList\",\"@id\":\"https:\\\/\\\/ecoquimic.com\\\/metodologia-5s\\\/#breadcrumb\",\"itemListElement\":[{\"@type\":\"ListItem\",\"position\":1,\"name\":\"Portada\",\"item\":\"https:\\\/\\\/ecoquimic.com\\\/\"},{\"@type\":\"ListItem\",\"position\":2,\"name\":\"Metodolog\u00eda 5S\"}]},{\"@type\":\"WebSite\",\"@id\":\"https:\\\/\\\/ecoquimic.com\\\/#website\",\"url\":\"https:\\\/\\\/ecoquimic.com\\\/\",\"name\":\"Ecoquimic\",\"description\":\"F\u00e1brica productos qu\u00edmicos de limpieza en Mallorca, Baleares, Espa\u00f1a\",\"publisher\":{\"@id\":\"https:\\\/\\\/ecoquimic.com\\\/#organization\"},\"potentialAction\":[{\"@type\":\"SearchAction\",\"target\":{\"@type\":\"EntryPoint\",\"urlTemplate\":\"https:\\\/\\\/ecoquimic.com\\\/?s={search_term_string}\"},\"query-input\":{\"@type\":\"PropertyValueSpecification\",\"valueRequired\":true,\"valueName\":\"search_term_string\"}}],\"inLanguage\":\"ca\"},{\"@type\":\"Organization\",\"@id\":\"https:\\\/\\\/ecoquimic.com\\\/#organization\",\"name\":\"Ecoquimic\",\"url\":\"https:\\\/\\\/ecoquimic.com\\\/\",\"logo\":{\"@type\":\"ImageObject\",\"inLanguage\":\"ca\",\"@id\":\"https:\\\/\\\/ecoquimic.com\\\/#\\\/schema\\\/logo\\\/image\\\/\",\"url\":\"https:\\\/\\\/ecoquimic.com\\\/wp-content\\\/uploads\\\/2021\\\/10\\\/ecoquimic.png\",\"contentUrl\":\"https:\\\/\\\/ecoquimic.com\\\/wp-content\\\/uploads\\\/2021\\\/10\\\/ecoquimic.png\",\"width\":200,\"height\":93,\"caption\":\"Ecoquimic\"},\"image\":{\"@id\":\"https:\\\/\\\/ecoquimic.com\\\/#\\\/schema\\\/logo\\\/image\\\/\"},\"sameAs\":[\"https:\\\/\\\/www.facebook.com\\\/EcoquimicBalear\\\/\",\"https:\\\/\\\/x.com\\\/EcoquimicBalear\",\"https:\\\/\\\/www.instagram.com\\\/ecoquimic\\\/\",\"https:\\\/\\\/www.linkedin.com\\\/company\\\/ecoquimicbalear\\\/\",\"https:\\\/\\\/www.youtube.com\\\/channel\\\/UCYxjbpYf4oB7iKCsjUM1J4g\"]}]}<\/script>\n<!-- \/ Yoast SEO plugin. -->","yoast_head_json":{"title":"Metodolog\u00eda 5S - Ecoquimic","description":"Fabricaci\u00f3n de productos qu\u00edmicos, marcas blancas, productos de limpieza, automoci\u00f3n, n\u00e1utica, lavander\u00eda industrial, lavander\u00eda dom\u00e9stica, construcci\u00f3n, Canal Horeca, productos biol\u00f3gicos, ambientadores, piscina. Ecoquimic - Metodolog\u00eda 5S","robots":{"index":"index","follow":"follow","max-snippet":"max-snippet:-1","max-image-preview":"max-image-preview:large","max-video-preview":"max-video-preview:-1"},"canonical":"https:\/\/ecoquimic.com\/ca\/metodologia-5s\/","og_locale":"ca_ES","og_type":"article","og_title":"Metodolog\u00eda 5S - Ecoquimic","og_description":"Fabricaci\u00f3n de productos qu\u00edmicos, marcas blancas, productos de limpieza, automoci\u00f3n, n\u00e1utica, lavander\u00eda industrial, lavander\u00eda dom\u00e9stica, construcci\u00f3n, Canal Horeca, productos biol\u00f3gicos, ambientadores, piscina. Ecoquimic - Metodolog\u00eda 5S","og_url":"https:\/\/ecoquimic.com\/ca\/metodologia-5s\/","og_site_name":"Ecoquimic","article_publisher":"https:\/\/www.facebook.com\/EcoquimicBalear\/","article_modified_time":"2025-06-24T15:53:49+00:00","twitter_card":"summary_large_image","twitter_site":"@EcoquimicBalear","schema":{"@context":"https:\/\/schema.org","@graph":[{"@type":"WebPage","@id":"https:\/\/ecoquimic.com\/metodologia-5s\/","url":"https:\/\/ecoquimic.com\/metodologia-5s\/","name":"Metodolog\u00eda 5S - Ecoquimic","isPartOf":{"@id":"https:\/\/ecoquimic.com\/#website"},"datePublished":"2025-06-24T12:20:31+00:00","dateModified":"2025-06-24T15:53:49+00:00","description":"Fabricaci\u00f3n de productos qu\u00edmicos, marcas blancas, productos de limpieza, automoci\u00f3n, n\u00e1utica, lavander\u00eda industrial, lavander\u00eda dom\u00e9stica, construcci\u00f3n, Canal Horeca, productos biol\u00f3gicos, ambientadores, piscina. Ecoquimic - Metodolog\u00eda 5S","breadcrumb":{"@id":"https:\/\/ecoquimic.com\/metodologia-5s\/#breadcrumb"},"inLanguage":"ca","potentialAction":[{"@type":"ReadAction","target":["https:\/\/ecoquimic.com\/metodologia-5s\/"]}]},{"@type":"BreadcrumbList","@id":"https:\/\/ecoquimic.com\/metodologia-5s\/#breadcrumb","itemListElement":[{"@type":"ListItem","position":1,"name":"Portada","item":"https:\/\/ecoquimic.com\/"},{"@type":"ListItem","position":2,"name":"Metodolog\u00eda 5S"}]},{"@type":"WebSite","@id":"https:\/\/ecoquimic.com\/#website","url":"https:\/\/ecoquimic.com\/","name":"Ecoquimic","description":"F\u00e1brica productos qu\u00edmicos de limpieza en Mallorca, Baleares, Espa\u00f1a","publisher":{"@id":"https:\/\/ecoquimic.com\/#organization"},"potentialAction":[{"@type":"SearchAction","target":{"@type":"EntryPoint","urlTemplate":"https:\/\/ecoquimic.com\/?s={search_term_string}"},"query-input":{"@type":"PropertyValueSpecification","valueRequired":true,"valueName":"search_term_string"}}],"inLanguage":"ca"},{"@type":"Organization","@id":"https:\/\/ecoquimic.com\/#organization","name":"Ecoquimic","url":"https:\/\/ecoquimic.com\/","logo":{"@type":"ImageObject","inLanguage":"ca","@id":"https:\/\/ecoquimic.com\/#\/schema\/logo\/image\/","url":"https:\/\/ecoquimic.com\/wp-content\/uploads\/2021\/10\/ecoquimic.png","contentUrl":"https:\/\/ecoquimic.com\/wp-content\/uploads\/2021\/10\/ecoquimic.png","width":200,"height":93,"caption":"Ecoquimic"},"image":{"@id":"https:\/\/ecoquimic.com\/#\/schema\/logo\/image\/"},"sameAs":["https:\/\/www.facebook.com\/EcoquimicBalear\/","https:\/\/x.com\/EcoquimicBalear","https:\/\/www.instagram.com\/ecoquimic\/","https:\/\/www.linkedin.com\/company\/ecoquimicbalear\/","https:\/\/www.youtube.com\/channel\/UCYxjbpYf4oB7iKCsjUM1J4g"]}]}},"_links":{"self":[{"href":"https:\/\/ecoquimic.com\/ca\/wp-json\/wp\/v2\/pages\/22122","targetHints":{"allow":["GET"]}}],"collection":[{"href":"https:\/\/ecoquimic.com\/ca\/wp-json\/wp\/v2\/pages"}],"about":[{"href":"https:\/\/ecoquimic.com\/ca\/wp-json\/wp\/v2\/types\/page"}],"author":[{"embeddable":true,"href":"https:\/\/ecoquimic.com\/ca\/wp-json\/wp\/v2\/users\/10"}],"replies":[{"embeddable":true,"href":"https:\/\/ecoquimic.com\/ca\/wp-json\/wp\/v2\/comments?post=22122"}],"version-history":[{"count":20,"href":"https:\/\/ecoquimic.com\/ca\/wp-json\/wp\/v2\/pages\/22122\/revisions"}],"predecessor-version":[{"id":22427,"href":"https:\/\/ecoquimic.com\/ca\/wp-json\/wp\/v2\/pages\/22122\/revisions\/22427"}],"wp:attachment":[{"href":"https:\/\/ecoquimic.com\/ca\/wp-json\/wp\/v2\/media?parent=22122"}],"curies":[{"name":"wp","href":"https:\/\/api.w.org\/{rel}","templated":true}]}}