{"id":21170,"date":"2025-06-11T12:31:04","date_gmt":"2025-06-11T12:31:04","guid":{"rendered":"https:\/\/ecoquimic.com\/?page_id=21170"},"modified":"2025-06-16T13:32:47","modified_gmt":"2025-06-16T13:32:47","slug":"jabon-nacarado","status":"publish","type":"page","link":"https:\/\/ecoquimic.com\/ca\/productos\/horeca-2\/jabon-nacarado\/","title":{"rendered":"Sab\u00f3 Nacrat"},"content":{"rendered":"<div data-colibri-id=\"21170-c1\" class=\"style-12041 style-local-21170-c1 position-relative\">\n  <!---->\n  <div data-colibri-component=\"section\" data-colibri-id=\"21170-c2\" id=\"reusable-sections-3\" class=\"h-section h-section-global-spacing d-flex align-items-lg-center align-items-md-center align-items-center style-12078 style-local-21170-c2 position-relative\">\n    <!---->\n    <!---->\n    <div class=\"h-section-grid-container h-section-fluid-container\">\n      <!---->\n      <div data-colibri-id=\"21170-c3\" class=\"h-row-container gutters-row-lg-1 gutters-row-md-1 gutters-row-2 gutters-row-v-lg-1 gutters-row-v-md-1 gutters-row-v-2 style-12079 style-local-21170-c3 position-relative\">\n        <!---->\n        <div class=\"h-row justify-content-lg-center justify-content-md-center justify-content-center align-items-lg-stretch align-items-md-stretch align-items-stretch gutters-col-lg-1 gutters-col-md-1 gutters-col-2 gutters-col-v-lg-1 gutters-col-v-md-1 gutters-col-v-2\">\n          <!---->\n          <div class=\"h-column h-column-container d-flex h-col-lg-auto h-col-md-auto h-col-auto style-12080-outer style-local-21170-c4-outer\">\n            <div data-colibri-id=\"21170-c4\" class=\"d-flex h-flex-basis h-column__inner h-px-lg-2 h-px-md-2 h-px-2 v-inner-lg-2 v-inner-md-2 v-inner-2 style-12080 style-local-21170-c4 position-relative\">\n              <!---->\n              <!---->\n              <div class=\"w-100 h-y-container h-column__content h-column__v-align flex-basis-100 align-self-lg-start align-self-md-start align-self-start\">\n                <!---->\n                <div data-colibri-component=\"widget-area\" data-colibri-id=\"21170-c5\" class=\"h-widget-area style-12093 style-local-21170-c5 position-relative h-element\">\n                  <!---->\n                  <div class=\"widget-shortcode h-global-transition-all\"><div id=\"block-9\" class=\"widget widget_block widget_media_image\">\n<figure class=\"wp-block-image size-full\"><img loading=\"lazy\" decoding=\"async\" width=\"980\" height=\"980\" src=\"https:\/\/ecoquimic.com\/wp-content\/uploads\/2025\/06\/F0163-Aminorador-de-pH-5-L.jpg\" alt=\"\" class=\"wp-image-21368\" srcset=\"https:\/\/ecoquimic.com\/wp-content\/uploads\/2025\/06\/F0163-Aminorador-de-pH-5-L.jpg 980w, https:\/\/ecoquimic.com\/wp-content\/uploads\/2025\/06\/F0163-Aminorador-de-pH-5-L-300x300.jpg 300w, https:\/\/ecoquimic.com\/wp-content\/uploads\/2025\/06\/F0163-Aminorador-de-pH-5-L-150x150.jpg 150w, https:\/\/ecoquimic.com\/wp-content\/uploads\/2025\/06\/F0163-Aminorador-de-pH-5-L-768x768.jpg 768w, https:\/\/ecoquimic.com\/wp-content\/uploads\/2025\/06\/F0163-Aminorador-de-pH-5-L-12x12.jpg 12w, https:\/\/ecoquimic.com\/wp-content\/uploads\/2025\/06\/F0163-Aminorador-de-pH-5-L-24x24.jpg 24w, https:\/\/ecoquimic.com\/wp-content\/uploads\/2025\/06\/F0163-Aminorador-de-pH-5-L-36x36.jpg 36w, https:\/\/ecoquimic.com\/wp-content\/uploads\/2025\/06\/F0163-Aminorador-de-pH-5-L-48x48.jpg 48w\" sizes=\"auto, (max-width: 980px) 100vw, 980px\" \/><\/figure>\n<\/div><\/div>\n                <\/div>\n              <\/div>\n            <\/div>\n          <\/div>\n          <div class=\"h-column h-column-container d-flex h-col-lg-auto h-col-md-auto h-col-auto style-12082-outer style-local-21170-c6-outer\">\n            <div data-colibri-id=\"21170-c6\" class=\"d-flex h-flex-basis h-column__inner h-px-lg-3 h-px-md-3 h-px-0 v-inner-lg-0 v-inner-md-3 v-inner-0 style-12082 style-local-21170-c6 position-relative\">\n              <!---->\n              <!---->\n              <div class=\"w-100 h-y-container h-column__content h-column__v-align flex-basis-100 align-self-lg-start align-self-md-start align-self-start\">\n                <!---->\n                <div data-colibri-id=\"21170-c7\" class=\"h-global-transition-all h-heading style-12083 style-local-21170-c7 position-relative h-element\">\n                  <!---->\n                  <div class=\"h-heading__outer style-12083 style-local-21170-c7\">\n                    <!---->\n                    <!---->\n                    <h4 class=\"\">SAB\u00d3 NACRAT<\/h4>\n                  <\/div>\n                <\/div>\n                <div data-colibri-id=\"21170-c8\" class=\"h-text h-text-component style-12084 style-local-21170-c8 position-relative h-element\">\n                  <!---->\n                  <!---->\n                  <div class=\"\">\n                    <p>Producte l\u00edquid a base d'alcohol macerat amb aroma suficient per a garantir la m\u00e0xima persist\u00e8ncia, donant a l'ambient que perfuma, una duradora i agradable frag\u00e0ncia<\/p>\n                  <\/div>\n                <\/div>\n                <div data-colibri-id=\"21170-c9\" class=\"h-divider style-12085 style-local-21170-c9 position-relative h-element\">\n                  <!----><span class=\"h-divider__line style-12085-line style-local-21170-c9-line style-12085-line style-local-21170-c9-line\"><\/span><\/div>\n                <div data-colibri-id=\"21170-c10\" class=\"h-row-container gutters-row-lg-2 gutters-row-md-2 gutters-row-0 gutters-row-v-lg-2 gutters-row-v-md-2 gutters-row-v-0 style-12086 style-local-21170-c10 position-relative\">\n                  <!---->\n                  <div class=\"h-row justify-content-lg-center justify-content-md-center justify-content-center align-items-lg-stretch align-items-md-stretch align-items-stretch gutters-col-lg-2 gutters-col-md-2 gutters-col-0 gutters-col-v-lg-2 gutters-col-v-md-2 gutters-col-v-0\">\n                    <!---->\n                    <div class=\"h-column h-column-container d-flex h-col-lg-6 h-col-md-6 h-col-12 style-12087-outer style-local-21170-c11-outer\">\n                      <div data-colibri-id=\"21170-c11\" class=\"d-flex h-flex-basis h-column__inner h-px-lg-0 h-px-md-0 h-px-0 v-inner-lg-0 v-inner-md-0 v-inner-0 style-12087 style-local-21170-c11 position-relative\">\n                        <!---->\n                        <!---->\n                        <div class=\"w-100 h-y-container h-column__content h-column__v-align flex-basis-100 align-self-lg-start align-self-md-start align-self-start\">\n                          <!---->\n                          <div data-colibri-id=\"21170-c12\" class=\"h-global-transition-all h-heading style-12088 style-local-21170-c12 position-relative h-element\">\n                            <!---->\n                            <div class=\"h-heading__outer style-12088 style-local-21170-c12\">\n                              <!---->\n                              <!---->\n                              <h3 class=\"\">Informaci\u00f3<\/h3>\n                            <\/div>\n                          <\/div>\n                          <div data-colibri-id=\"21170-c13\" class=\"h-text h-text-component style-12092 style-local-21170-c13 position-relative h-element\">\n                            <!---->\n                            <!---->\n                            <div class=\"\">\n                              <p><span style=\"font-weight: 400; font-size: 16px; font-family: Montserrat; color: rgb(102, 102, 102);\">Incorpora en la seva formulaci\u00f3 agents protectors, per ells, el seu \u00fas continuat no irrita ni danya, deixant un agradable tacte i frag\u00e0ncia residual<\/span><\/p>\n                            <\/div>\n                          <\/div>\n                          <div data-colibri-id=\"21170-c14\" class=\"style-12090 style-local-21170-c14 h-hide-lg h-hide-md position-relative h-element\">\n                            <!---->\n                          <\/div>\n                        <\/div>\n                      <\/div>\n                    <\/div>\n                    <div class=\"h-column h-column-container d-flex h-col-lg-6 h-col-md-6 h-col-12 style-12087-outer style-local-21170-c15-outer\">\n                      <div data-colibri-id=\"21170-c15\" class=\"d-flex h-flex-basis h-column__inner h-px-lg-0 h-px-md-0 h-px-0 v-inner-lg-0 v-inner-md-0 v-inner-0 style-12087 style-local-21170-c15 position-relative\">\n                        <!---->\n                        <!---->\n                        <div class=\"w-100 h-y-container h-column__content h-column__v-align flex-basis-100 align-self-lg-start align-self-md-start align-self-start\">\n                          <!---->\n                          <div data-colibri-id=\"21170-c16\" class=\"h-global-transition-all h-heading style-12088 style-local-21170-c16 position-relative h-element\">\n                            <!---->\n                            <div class=\"h-heading__outer style-12088 style-local-21170-c16\">\n                              <!---->\n                              <!---->\n                              <h3 class=\"\">Instruccions d'\u00fas<\/h3>\n                            <\/div>\n                          <\/div>\n                          <div data-colibri-id=\"21170-c17\" class=\"h-text h-text-component style-12089 style-local-21170-c17 position-relative h-element\">\n                            <!---->\n                            <!---->\n                            <div class=\"\">\n                              <p><span style=\"font-weight: 400; font-size: 16px; font-family: Montserrat; color: rgb(102, 102, 102);\">Per al seu \u00fas basta dipositar una petita quantitat, fregar fins a aconseguir abundant escuma, aclarint posteriorment.<\/span><\/p>\n                            <\/div>\n                          <\/div>\n                          <div data-colibri-id=\"21170-c18\" class=\"style-12091 style-local-21170-c18 h-hide-lg h-hide-md position-relative h-element\">\n                            <!---->\n                          <\/div>\n                        <\/div>\n                      <\/div>\n                    <\/div>\n                  <\/div>\n                <\/div>\n              <\/div>\n            <\/div>\n          <\/div>\n        <\/div>\n      <\/div>\n    <\/div>\n  <\/div>\n<\/div>","protected":false},"excerpt":{"rendered":"<p>JAB\u00d3N NACARADO Producto l\u00edquido a base de alcohol macerado con aroma suficiente para garantizar la m\u00e1xima persistencia, dando al ambiente que perfuma, una duradera y agradable fragancia Informaci\u00f3n Incorpora en su formulaci\u00f3n agentes protectores, por ellos, su uso continuado no irrita ni da\u00f1a, dejando un agradable tacto y fragancia residual Modo de empleo Para su [&hellip;]<\/p>\n","protected":false},"author":10,"featured_media":0,"parent":7886,"menu_order":0,"comment_status":"closed","ping_status":"closed","template":"page-templates\/full-width-page.php","meta":{"footnotes":""},"class_list":["post-21170","page","type-page","status-publish","hentry"],"yoast_head":"<!-- This site is optimized with the Yoast SEO plugin v27.5 - https:\/\/yoast.com\/product\/yoast-seo-wordpress\/ -->\n<title>Jab\u00f3n Nacarado - Ecoquimic<\/title>\n<meta name=\"description\" content=\"Fabricaci\u00f3n de productos qu\u00edmicos, marcas blancas, productos de limpieza, automoci\u00f3n, n\u00e1utica, lavander\u00eda industrial, lavander\u00eda dom\u00e9stica, construcci\u00f3n, Canal Horeca, productos biol\u00f3gicos, ambientadores, piscina. Ecoquimic - Jab\u00f3n Nacarado\" \/>\n<meta name=\"robots\" content=\"index, follow, max-snippet:-1, max-image-preview:large, max-video-preview:-1\" \/>\n<link rel=\"canonical\" href=\"https:\/\/ecoquimic.com\/ca\/productos\/horeca-2\/jabon-nacarado\/\" \/>\n<meta property=\"og:locale\" content=\"ca_ES\" \/>\n<meta property=\"og:type\" content=\"article\" \/>\n<meta property=\"og:title\" content=\"Jab\u00f3n Nacarado - Ecoquimic\" \/>\n<meta property=\"og:description\" content=\"Fabricaci\u00f3n de productos qu\u00edmicos, marcas blancas, productos de limpieza, automoci\u00f3n, n\u00e1utica, lavander\u00eda industrial, lavander\u00eda dom\u00e9stica, construcci\u00f3n, Canal Horeca, productos biol\u00f3gicos, ambientadores, piscina. Ecoquimic - Jab\u00f3n Nacarado\" \/>\n<meta property=\"og:url\" content=\"https:\/\/ecoquimic.com\/ca\/productos\/horeca-2\/jabon-nacarado\/\" \/>\n<meta property=\"og:site_name\" content=\"Ecoquimic\" \/>\n<meta property=\"article:publisher\" content=\"https:\/\/www.facebook.com\/EcoquimicBalear\/\" \/>\n<meta property=\"article:modified_time\" content=\"2025-06-16T13:32:47+00:00\" \/>\n<meta name=\"twitter:card\" content=\"summary_large_image\" \/>\n<meta name=\"twitter:site\" content=\"@EcoquimicBalear\" \/>\n<script type=\"application\/ld+json\" class=\"yoast-schema-graph\">{\"@context\":\"https:\\\/\\\/schema.org\",\"@graph\":[{\"@type\":\"WebPage\",\"@id\":\"https:\\\/\\\/ecoquimic.com\\\/productos\\\/horeca-2\\\/jabon-nacarado\\\/\",\"url\":\"https:\\\/\\\/ecoquimic.com\\\/productos\\\/horeca-2\\\/jabon-nacarado\\\/\",\"name\":\"Jab\u00f3n Nacarado - Ecoquimic\",\"isPartOf\":{\"@id\":\"https:\\\/\\\/ecoquimic.com\\\/#website\"},\"datePublished\":\"2025-06-11T12:31:04+00:00\",\"dateModified\":\"2025-06-16T13:32:47+00:00\",\"description\":\"Fabricaci\u00f3n de productos qu\u00edmicos, marcas blancas, productos de limpieza, automoci\u00f3n, n\u00e1utica, lavander\u00eda industrial, lavander\u00eda dom\u00e9stica, construcci\u00f3n, Canal Horeca, productos biol\u00f3gicos, ambientadores, piscina. Ecoquimic - Jab\u00f3n Nacarado\",\"breadcrumb\":{\"@id\":\"https:\\\/\\\/ecoquimic.com\\\/productos\\\/horeca-2\\\/jabon-nacarado\\\/#breadcrumb\"},\"inLanguage\":\"ca\",\"potentialAction\":[{\"@type\":\"ReadAction\",\"target\":[\"https:\\\/\\\/ecoquimic.com\\\/productos\\\/horeca-2\\\/jabon-nacarado\\\/\"]}]},{\"@type\":\"BreadcrumbList\",\"@id\":\"https:\\\/\\\/ecoquimic.com\\\/productos\\\/horeca-2\\\/jabon-nacarado\\\/#breadcrumb\",\"itemListElement\":[{\"@type\":\"ListItem\",\"position\":1,\"name\":\"Portada\",\"item\":\"https:\\\/\\\/ecoquimic.com\\\/\"},{\"@type\":\"ListItem\",\"position\":2,\"name\":\"Productos\",\"item\":\"https:\\\/\\\/ecoquimic.com\\\/productos\\\/\"},{\"@type\":\"ListItem\",\"position\":3,\"name\":\"HORECA\",\"item\":\"https:\\\/\\\/ecoquimic.com\\\/productos\\\/horeca-2\\\/\"},{\"@type\":\"ListItem\",\"position\":4,\"name\":\"Jab\u00f3n Nacarado\"}]},{\"@type\":\"WebSite\",\"@id\":\"https:\\\/\\\/ecoquimic.com\\\/#website\",\"url\":\"https:\\\/\\\/ecoquimic.com\\\/\",\"name\":\"Ecoquimic\",\"description\":\"F\u00e1brica productos qu\u00edmicos de limpieza en Mallorca, Baleares, Espa\u00f1a\",\"publisher\":{\"@id\":\"https:\\\/\\\/ecoquimic.com\\\/#organization\"},\"potentialAction\":[{\"@type\":\"SearchAction\",\"target\":{\"@type\":\"EntryPoint\",\"urlTemplate\":\"https:\\\/\\\/ecoquimic.com\\\/?s={search_term_string}\"},\"query-input\":{\"@type\":\"PropertyValueSpecification\",\"valueRequired\":true,\"valueName\":\"search_term_string\"}}],\"inLanguage\":\"ca\"},{\"@type\":\"Organization\",\"@id\":\"https:\\\/\\\/ecoquimic.com\\\/#organization\",\"name\":\"Ecoquimic\",\"url\":\"https:\\\/\\\/ecoquimic.com\\\/\",\"logo\":{\"@type\":\"ImageObject\",\"inLanguage\":\"ca\",\"@id\":\"https:\\\/\\\/ecoquimic.com\\\/#\\\/schema\\\/logo\\\/image\\\/\",\"url\":\"https:\\\/\\\/ecoquimic.com\\\/wp-content\\\/uploads\\\/2021\\\/10\\\/ecoquimic.png\",\"contentUrl\":\"https:\\\/\\\/ecoquimic.com\\\/wp-content\\\/uploads\\\/2021\\\/10\\\/ecoquimic.png\",\"width\":200,\"height\":93,\"caption\":\"Ecoquimic\"},\"image\":{\"@id\":\"https:\\\/\\\/ecoquimic.com\\\/#\\\/schema\\\/logo\\\/image\\\/\"},\"sameAs\":[\"https:\\\/\\\/www.facebook.com\\\/EcoquimicBalear\\\/\",\"https:\\\/\\\/x.com\\\/EcoquimicBalear\",\"https:\\\/\\\/www.instagram.com\\\/ecoquimic\\\/\",\"https:\\\/\\\/www.linkedin.com\\\/company\\\/ecoquimicbalear\\\/\",\"https:\\\/\\\/www.youtube.com\\\/channel\\\/UCYxjbpYf4oB7iKCsjUM1J4g\"]}]}<\/script>\n<!-- \/ Yoast SEO plugin. -->","yoast_head_json":{"title":"Jab\u00f3n Nacarado - Ecoquimic","description":"Fabricaci\u00f3n de productos qu\u00edmicos, marcas blancas, productos de limpieza, automoci\u00f3n, n\u00e1utica, lavander\u00eda industrial, lavander\u00eda dom\u00e9stica, construcci\u00f3n, Canal Horeca, productos biol\u00f3gicos, ambientadores, piscina. Ecoquimic - Jab\u00f3n Nacarado","robots":{"index":"index","follow":"follow","max-snippet":"max-snippet:-1","max-image-preview":"max-image-preview:large","max-video-preview":"max-video-preview:-1"},"canonical":"https:\/\/ecoquimic.com\/ca\/productos\/horeca-2\/jabon-nacarado\/","og_locale":"ca_ES","og_type":"article","og_title":"Jab\u00f3n Nacarado - Ecoquimic","og_description":"Fabricaci\u00f3n de productos qu\u00edmicos, marcas blancas, productos de limpieza, automoci\u00f3n, n\u00e1utica, lavander\u00eda industrial, lavander\u00eda dom\u00e9stica, construcci\u00f3n, Canal Horeca, productos biol\u00f3gicos, ambientadores, piscina. Ecoquimic - Jab\u00f3n Nacarado","og_url":"https:\/\/ecoquimic.com\/ca\/productos\/horeca-2\/jabon-nacarado\/","og_site_name":"Ecoquimic","article_publisher":"https:\/\/www.facebook.com\/EcoquimicBalear\/","article_modified_time":"2025-06-16T13:32:47+00:00","twitter_card":"summary_large_image","twitter_site":"@EcoquimicBalear","schema":{"@context":"https:\/\/schema.org","@graph":[{"@type":"WebPage","@id":"https:\/\/ecoquimic.com\/productos\/horeca-2\/jabon-nacarado\/","url":"https:\/\/ecoquimic.com\/productos\/horeca-2\/jabon-nacarado\/","name":"Jab\u00f3n Nacarado - Ecoquimic","isPartOf":{"@id":"https:\/\/ecoquimic.com\/#website"},"datePublished":"2025-06-11T12:31:04+00:00","dateModified":"2025-06-16T13:32:47+00:00","description":"Fabricaci\u00f3n de productos qu\u00edmicos, marcas blancas, productos de limpieza, automoci\u00f3n, n\u00e1utica, lavander\u00eda industrial, lavander\u00eda dom\u00e9stica, construcci\u00f3n, Canal Horeca, productos biol\u00f3gicos, ambientadores, piscina. Ecoquimic - Jab\u00f3n Nacarado","breadcrumb":{"@id":"https:\/\/ecoquimic.com\/productos\/horeca-2\/jabon-nacarado\/#breadcrumb"},"inLanguage":"ca","potentialAction":[{"@type":"ReadAction","target":["https:\/\/ecoquimic.com\/productos\/horeca-2\/jabon-nacarado\/"]}]},{"@type":"BreadcrumbList","@id":"https:\/\/ecoquimic.com\/productos\/horeca-2\/jabon-nacarado\/#breadcrumb","itemListElement":[{"@type":"ListItem","position":1,"name":"Portada","item":"https:\/\/ecoquimic.com\/"},{"@type":"ListItem","position":2,"name":"Productos","item":"https:\/\/ecoquimic.com\/productos\/"},{"@type":"ListItem","position":3,"name":"HORECA","item":"https:\/\/ecoquimic.com\/productos\/horeca-2\/"},{"@type":"ListItem","position":4,"name":"Jab\u00f3n Nacarado"}]},{"@type":"WebSite","@id":"https:\/\/ecoquimic.com\/#website","url":"https:\/\/ecoquimic.com\/","name":"Ecoquimic","description":"F\u00e1brica productos qu\u00edmicos de limpieza en Mallorca, Baleares, Espa\u00f1a","publisher":{"@id":"https:\/\/ecoquimic.com\/#organization"},"potentialAction":[{"@type":"SearchAction","target":{"@type":"EntryPoint","urlTemplate":"https:\/\/ecoquimic.com\/?s={search_term_string}"},"query-input":{"@type":"PropertyValueSpecification","valueRequired":true,"valueName":"search_term_string"}}],"inLanguage":"ca"},{"@type":"Organization","@id":"https:\/\/ecoquimic.com\/#organization","name":"Ecoquimic","url":"https:\/\/ecoquimic.com\/","logo":{"@type":"ImageObject","inLanguage":"ca","@id":"https:\/\/ecoquimic.com\/#\/schema\/logo\/image\/","url":"https:\/\/ecoquimic.com\/wp-content\/uploads\/2021\/10\/ecoquimic.png","contentUrl":"https:\/\/ecoquimic.com\/wp-content\/uploads\/2021\/10\/ecoquimic.png","width":200,"height":93,"caption":"Ecoquimic"},"image":{"@id":"https:\/\/ecoquimic.com\/#\/schema\/logo\/image\/"},"sameAs":["https:\/\/www.facebook.com\/EcoquimicBalear\/","https:\/\/x.com\/EcoquimicBalear","https:\/\/www.instagram.com\/ecoquimic\/","https:\/\/www.linkedin.com\/company\/ecoquimicbalear\/","https:\/\/www.youtube.com\/channel\/UCYxjbpYf4oB7iKCsjUM1J4g"]}]}},"_links":{"self":[{"href":"https:\/\/ecoquimic.com\/ca\/wp-json\/wp\/v2\/pages\/21170","targetHints":{"allow":["GET"]}}],"collection":[{"href":"https:\/\/ecoquimic.com\/ca\/wp-json\/wp\/v2\/pages"}],"about":[{"href":"https:\/\/ecoquimic.com\/ca\/wp-json\/wp\/v2\/types\/page"}],"author":[{"embeddable":true,"href":"https:\/\/ecoquimic.com\/ca\/wp-json\/wp\/v2\/users\/10"}],"replies":[{"embeddable":true,"href":"https:\/\/ecoquimic.com\/ca\/wp-json\/wp\/v2\/comments?post=21170"}],"version-history":[{"count":8,"href":"https:\/\/ecoquimic.com\/ca\/wp-json\/wp\/v2\/pages\/21170\/revisions"}],"predecessor-version":[{"id":21454,"href":"https:\/\/ecoquimic.com\/ca\/wp-json\/wp\/v2\/pages\/21170\/revisions\/21454"}],"up":[{"embeddable":true,"href":"https:\/\/ecoquimic.com\/ca\/wp-json\/wp\/v2\/pages\/7886"}],"wp:attachment":[{"href":"https:\/\/ecoquimic.com\/ca\/wp-json\/wp\/v2\/media?parent=21170"}],"curies":[{"name":"wp","href":"https:\/\/api.w.org\/{rel}","templated":true}]}}