{"id":20569,"date":"2025-06-05T12:35:43","date_gmt":"2025-06-05T12:35:43","guid":{"rendered":"https:\/\/ecoquimic.com\/?page_id=20569"},"modified":"2025-06-05T13:03:14","modified_gmt":"2025-06-05T13:03:14","slug":"catalogos","status":"publish","type":"page","link":"https:\/\/ecoquimic.com\/ca\/catalogos\/","title":{"rendered":"Cat\u00e0legs"},"content":{"rendered":"<div data-colibri-id=\"20569-c1\" class=\"style-11683 style-local-20569-c1 position-relative\">\n  <!---->\n  <div data-colibri-component=\"section\" data-colibri-id=\"20569-c23\" id=\"portfolio\" class=\"h-section h-section-global-spacing d-flex align-items-lg-center align-items-md-center align-items-center style-11705 style-local-20569-c23 position-relative\">\n    <!---->\n    <!---->\n    <div class=\"h-section-grid-container h-section-boxed-container\">\n      <div data-colibri-id=\"20569-c34\" class=\"h-row-container gutters-row-lg-2 gutters-row-md-2 gutters-row-2 gutters-row-v-lg-2 gutters-row-v-md-2 gutters-row-v-2 style-11712 style-local-20569-c34 position-relative\">\n        <!---->\n        <div class=\"h-row justify-content-lg-center justify-content-md-center justify-content-center align-items-lg-stretch align-items-md-stretch align-items-stretch gutters-col-lg-2 gutters-col-md-2 gutters-col-2 gutters-col-v-lg-2 gutters-col-v-md-2 gutters-col-v-2\">\n          <!---->\n          <div class=\"h-column h-column-container d-flex h-col-lg-auto h-col-md-auto h-col-auto style-11713-outer style-local-20569-c35-outer\">\n            <div data-colibri-id=\"20569-c35\" class=\"d-flex h-flex-basis h-column__inner h-px-lg-2 h-px-md-2 h-px-2 v-inner-lg-2 v-inner-md-2 v-inner-2 style-11713 style-local-20569-c35 position-relative\">\n              <!---->\n              <!---->\n              <div class=\"w-100 h-y-container h-column__content h-column__v-align flex-basis-100 align-self-lg-start align-self-md-start align-self-start\">\n                <!---->\n                <div data-colibri-id=\"20569-c36\" class=\"h-global-transition-all h-heading style-11714 style-local-20569-c36 position-relative h-element\">\n                  <!---->\n                  <div class=\"h-heading__outer style-11714 style-local-20569-c36\">\n                    <!---->\n                    <!---->\n                    <h2 class=\"\">Cat\u00e0legs<\/h2>\n                  <\/div>\n                <\/div>\n                <div data-colibri-id=\"20569-c37\" class=\"h-lead h-text h-text-component style-11715 style-local-20569-c37 position-relative h-element\">\n                  <!---->\n                  <!---->\n                  <div class=\"\">\n                    <p>Solucions eficaces i respectuoses amb el medi ambient per a \u00fas professional i industrial<\/p>\n                  <\/div>\n                <\/div>\n              <\/div>\n            <\/div>\n          <\/div>\n        <\/div>\n      <\/div>\n      <div data-colibri-id=\"20569-c24\" class=\"h-row-container gutters-row-lg-2 gutters-row-md-2 gutters-row-2 gutters-row-v-lg-2 gutters-row-v-md-2 gutters-row-v-2 style-11706 style-local-20569-c24 position-relative\">\n        <!---->\n        <div class=\"h-row justify-content-lg-center justify-content-md-center justify-content-center align-items-lg-stretch align-items-md-stretch align-items-stretch gutters-col-lg-2 gutters-col-md-2 gutters-col-2 gutters-col-v-lg-2 gutters-col-v-md-2 gutters-col-v-2\">\n          <!---->\n          <div class=\"h-column h-column-container d-flex h-col-lg-6 h-col-md-6 h-col-12 style-11707-outer style-local-20569-c25-outer\">\n            <div data-colibri-id=\"20569-c25\" class=\"d-flex h-flex-basis h-column__inner h-px-lg-2 h-px-md-2 h-px-2 v-inner-lg-2 v-inner-md-2 v-inner-2 style-11707 style-local-20569-c25 position-relative\">\n              <div class=\"background-wrapper\">\n                <div class=\"background-layer background-layer-media-container-lg\">\n                  <!---->\n                  <div class=\"overlay-layer\">\n                    <div class=\"overlay-image-layer\" style=\"background-color: rgb(0, 0, 0); opacity: 0.5;\"><\/div>\n                  <\/div>\n                <\/div>\n                <div class=\"background-layer background-layer-media-container-md\">\n                  <!---->\n                  <div class=\"overlay-layer\">\n                    <div class=\"overlay-image-layer\" style=\"background-color: rgb(0, 0, 0); opacity: 0.5;\"><\/div>\n                  <\/div>\n                <\/div>\n                <div class=\"background-layer background-layer-media-container\">\n                  <!---->\n                  <div class=\"overlay-layer\">\n                    <div class=\"overlay-image-layer\" style=\"background-color: rgb(0, 0, 0); opacity: 0.5;\"><\/div>\n                  <\/div>\n                <\/div>\n              <\/div>\n              <!---->\n              <div class=\"w-100 h-y-container h-column__content h-column__v-align flex-basis-100 align-self-lg-center align-self-md-center align-self-center\">\n                <!---->\n                <div data-colibri-id=\"20569-c26\" class=\"h-x-container style-11708 style-local-20569-c26 position-relative h-element\">\n                  <!---->\n                  <div class=\"h-x-container-inner style-dynamic-20569-c26-group style-11708-spacing style-local-20569-c26-spacing\"><span class=\"h-button__outer style-11709-outer style-local-20569-c27-outer d-inline-flex h-element\"><a h-use-smooth-scroll=\"true\" href=\"https:\/\/ecoquimic.com\/wp-content\/uploads\/2025\/06\/CATALOGO-GLOVAL.pdf\"  data-colibri-id=\"20569-c27\" class=\"d-flex w-100 align-items-center h-button justify-content-lg-center justify-content-md-center justify-content-center style-11709 style-local-20569-c27 position-relative\"><!----><!----> <span>Veure cat\u00e0leg<\/span><\/a>\n                    <\/span>\n                  <\/div>\n                <\/div>\n              <\/div>\n            <\/div>\n          <\/div>\n          <div class=\"h-column h-column-container d-flex h-col-lg-6 h-col-md-6 h-col-12 style-11710-outer style-local-20569-c28-outer\">\n            <div data-colibri-id=\"20569-c28\" class=\"d-flex h-flex-basis h-column__inner h-px-lg-2 h-px-md-2 h-px-2 v-inner-lg-2 v-inner-md-2 v-inner-2 style-11710 style-local-20569-c28 position-relative\">\n              <div class=\"background-wrapper\">\n                <div class=\"background-layer background-layer-media-container-lg\">\n                  <!---->\n                  <div class=\"overlay-layer\">\n                    <div class=\"overlay-image-layer\" style=\"background-color: rgb(0, 0, 0); opacity: 0.5;\"><\/div>\n                  <\/div>\n                <\/div>\n                <div class=\"background-layer background-layer-media-container-md\">\n                  <!---->\n                  <div class=\"overlay-layer\">\n                    <div class=\"overlay-image-layer\" style=\"background-color: rgb(0, 0, 0); opacity: 0.5;\"><\/div>\n                  <\/div>\n                <\/div>\n                <div class=\"background-layer background-layer-media-container\">\n                  <!---->\n                  <div class=\"overlay-layer\">\n                    <div class=\"overlay-image-layer\" style=\"background-color: rgb(0, 0, 0); opacity: 0.5;\"><\/div>\n                  <\/div>\n                <\/div>\n              <\/div>\n              <!---->\n              <div class=\"w-100 h-y-container h-column__content h-column__v-align flex-basis-100 align-self-lg-center align-self-md-center align-self-center\">\n                <!---->\n                <div data-colibri-id=\"20569-c29\" class=\"h-x-container style-11708 style-local-20569-c29 position-relative h-element\">\n                  <!---->\n                  <div class=\"h-x-container-inner style-dynamic-20569-c29-group style-11708-spacing style-local-20569-c29-spacing\"><span class=\"h-button__outer style-11709-outer style-local-20569-c30-outer d-inline-flex h-element\"><a h-use-smooth-scroll=\"true\" href=\"https:\/\/ecoquimic.com\/wp-content\/uploads\/2025\/06\/Catalogo-Desimper-2024.pdf\"  data-colibri-id=\"20569-c30\" class=\"d-flex w-100 align-items-center h-button justify-content-lg-center justify-content-md-center justify-content-center style-11709 style-local-20569-c30 position-relative\"><!----><!----> <span>Veure cat\u00e0leg<\/span><\/a>\n                    <\/span>\n                  <\/div>\n                <\/div>\n              <\/div>\n            <\/div>\n          <\/div>\n        <\/div>\n      <\/div>\n    <\/div>\n  <\/div>\n<\/div>","protected":false},"excerpt":{"rendered":"<p>Cat\u00e1logos Soluciones eficaces y respetuosas con el medio ambiente para uso profesional e industrial Ver cat\u00e1logo Ver cat\u00e1logo<\/p>","protected":false},"author":10,"featured_media":0,"parent":0,"menu_order":0,"comment_status":"closed","ping_status":"closed","template":"page-templates\/full-width-page.php","meta":{"footnotes":""},"class_list":["post-20569","page","type-page","status-publish","hentry"],"yoast_head":"<!-- This site is optimized with the Yoast SEO plugin v27.4 - https:\/\/yoast.com\/product\/yoast-seo-wordpress\/ -->\n<title>Cat\u00e1logos - Ecoquimic<\/title>\n<meta name=\"description\" content=\"Fabricaci\u00f3n de productos qu\u00edmicos, marcas blancas, productos de limpieza, automoci\u00f3n, n\u00e1utica, lavander\u00eda industrial, lavander\u00eda dom\u00e9stica, construcci\u00f3n, Canal Horeca, productos biol\u00f3gicos, ambientadores, piscina. Ecoquimic - Cat\u00e1logos\" \/>\n<meta name=\"robots\" content=\"index, follow, max-snippet:-1, max-image-preview:large, max-video-preview:-1\" \/>\n<link rel=\"canonical\" href=\"https:\/\/ecoquimic.com\/ca\/catalogos\/\" \/>\n<meta property=\"og:locale\" content=\"ca_ES\" \/>\n<meta property=\"og:type\" content=\"article\" \/>\n<meta property=\"og:title\" content=\"Cat\u00e1logos - Ecoquimic\" \/>\n<meta property=\"og:description\" content=\"Fabricaci\u00f3n de productos qu\u00edmicos, marcas blancas, productos de limpieza, automoci\u00f3n, n\u00e1utica, lavander\u00eda industrial, lavander\u00eda dom\u00e9stica, construcci\u00f3n, Canal Horeca, productos biol\u00f3gicos, ambientadores, piscina. Ecoquimic - Cat\u00e1logos\" \/>\n<meta property=\"og:url\" content=\"https:\/\/ecoquimic.com\/ca\/catalogos\/\" \/>\n<meta property=\"og:site_name\" content=\"Ecoquimic\" \/>\n<meta property=\"article:publisher\" content=\"https:\/\/www.facebook.com\/EcoquimicBalear\/\" \/>\n<meta property=\"article:modified_time\" content=\"2025-06-05T13:03:14+00:00\" \/>\n<meta name=\"twitter:card\" content=\"summary_large_image\" \/>\n<meta name=\"twitter:site\" content=\"@EcoquimicBalear\" \/>\n<script type=\"application\/ld+json\" class=\"yoast-schema-graph\">{\"@context\":\"https:\\\/\\\/schema.org\",\"@graph\":[{\"@type\":\"WebPage\",\"@id\":\"https:\\\/\\\/ecoquimic.com\\\/catalogos\\\/\",\"url\":\"https:\\\/\\\/ecoquimic.com\\\/catalogos\\\/\",\"name\":\"Cat\u00e1logos - Ecoquimic\",\"isPartOf\":{\"@id\":\"https:\\\/\\\/ecoquimic.com\\\/#website\"},\"datePublished\":\"2025-06-05T12:35:43+00:00\",\"dateModified\":\"2025-06-05T13:03:14+00:00\",\"description\":\"Fabricaci\u00f3n de productos qu\u00edmicos, marcas blancas, productos de limpieza, automoci\u00f3n, n\u00e1utica, lavander\u00eda industrial, lavander\u00eda dom\u00e9stica, construcci\u00f3n, Canal Horeca, productos biol\u00f3gicos, ambientadores, piscina. Ecoquimic - Cat\u00e1logos\",\"breadcrumb\":{\"@id\":\"https:\\\/\\\/ecoquimic.com\\\/catalogos\\\/#breadcrumb\"},\"inLanguage\":\"ca\",\"potentialAction\":[{\"@type\":\"ReadAction\",\"target\":[\"https:\\\/\\\/ecoquimic.com\\\/catalogos\\\/\"]}]},{\"@type\":\"BreadcrumbList\",\"@id\":\"https:\\\/\\\/ecoquimic.com\\\/catalogos\\\/#breadcrumb\",\"itemListElement\":[{\"@type\":\"ListItem\",\"position\":1,\"name\":\"Portada\",\"item\":\"https:\\\/\\\/ecoquimic.com\\\/\"},{\"@type\":\"ListItem\",\"position\":2,\"name\":\"Cat\u00e1logos\"}]},{\"@type\":\"WebSite\",\"@id\":\"https:\\\/\\\/ecoquimic.com\\\/#website\",\"url\":\"https:\\\/\\\/ecoquimic.com\\\/\",\"name\":\"Ecoquimic\",\"description\":\"F\u00e1brica productos qu\u00edmicos de limpieza en Mallorca, Baleares, Espa\u00f1a\",\"publisher\":{\"@id\":\"https:\\\/\\\/ecoquimic.com\\\/#organization\"},\"potentialAction\":[{\"@type\":\"SearchAction\",\"target\":{\"@type\":\"EntryPoint\",\"urlTemplate\":\"https:\\\/\\\/ecoquimic.com\\\/?s={search_term_string}\"},\"query-input\":{\"@type\":\"PropertyValueSpecification\",\"valueRequired\":true,\"valueName\":\"search_term_string\"}}],\"inLanguage\":\"ca\"},{\"@type\":\"Organization\",\"@id\":\"https:\\\/\\\/ecoquimic.com\\\/#organization\",\"name\":\"Ecoquimic\",\"url\":\"https:\\\/\\\/ecoquimic.com\\\/\",\"logo\":{\"@type\":\"ImageObject\",\"inLanguage\":\"ca\",\"@id\":\"https:\\\/\\\/ecoquimic.com\\\/#\\\/schema\\\/logo\\\/image\\\/\",\"url\":\"https:\\\/\\\/ecoquimic.com\\\/wp-content\\\/uploads\\\/2021\\\/10\\\/ecoquimic.png\",\"contentUrl\":\"https:\\\/\\\/ecoquimic.com\\\/wp-content\\\/uploads\\\/2021\\\/10\\\/ecoquimic.png\",\"width\":200,\"height\":93,\"caption\":\"Ecoquimic\"},\"image\":{\"@id\":\"https:\\\/\\\/ecoquimic.com\\\/#\\\/schema\\\/logo\\\/image\\\/\"},\"sameAs\":[\"https:\\\/\\\/www.facebook.com\\\/EcoquimicBalear\\\/\",\"https:\\\/\\\/x.com\\\/EcoquimicBalear\",\"https:\\\/\\\/www.instagram.com\\\/ecoquimic\\\/\",\"https:\\\/\\\/www.linkedin.com\\\/company\\\/ecoquimicbalear\\\/\",\"https:\\\/\\\/www.youtube.com\\\/channel\\\/UCYxjbpYf4oB7iKCsjUM1J4g\"]}]}<\/script>\n<!-- \/ Yoast SEO plugin. -->","yoast_head_json":{"title":"Cat\u00e1logos - Ecoquimic","description":"Fabricaci\u00f3n de productos qu\u00edmicos, marcas blancas, productos de limpieza, automoci\u00f3n, n\u00e1utica, lavander\u00eda industrial, lavander\u00eda dom\u00e9stica, construcci\u00f3n, Canal Horeca, productos biol\u00f3gicos, ambientadores, piscina. Ecoquimic - Cat\u00e1logos","robots":{"index":"index","follow":"follow","max-snippet":"max-snippet:-1","max-image-preview":"max-image-preview:large","max-video-preview":"max-video-preview:-1"},"canonical":"https:\/\/ecoquimic.com\/ca\/catalogos\/","og_locale":"ca_ES","og_type":"article","og_title":"Cat\u00e1logos - Ecoquimic","og_description":"Fabricaci\u00f3n de productos qu\u00edmicos, marcas blancas, productos de limpieza, automoci\u00f3n, n\u00e1utica, lavander\u00eda industrial, lavander\u00eda dom\u00e9stica, construcci\u00f3n, Canal Horeca, productos biol\u00f3gicos, ambientadores, piscina. Ecoquimic - Cat\u00e1logos","og_url":"https:\/\/ecoquimic.com\/ca\/catalogos\/","og_site_name":"Ecoquimic","article_publisher":"https:\/\/www.facebook.com\/EcoquimicBalear\/","article_modified_time":"2025-06-05T13:03:14+00:00","twitter_card":"summary_large_image","twitter_site":"@EcoquimicBalear","schema":{"@context":"https:\/\/schema.org","@graph":[{"@type":"WebPage","@id":"https:\/\/ecoquimic.com\/catalogos\/","url":"https:\/\/ecoquimic.com\/catalogos\/","name":"Cat\u00e1logos - Ecoquimic","isPartOf":{"@id":"https:\/\/ecoquimic.com\/#website"},"datePublished":"2025-06-05T12:35:43+00:00","dateModified":"2025-06-05T13:03:14+00:00","description":"Fabricaci\u00f3n de productos qu\u00edmicos, marcas blancas, productos de limpieza, automoci\u00f3n, n\u00e1utica, lavander\u00eda industrial, lavander\u00eda dom\u00e9stica, construcci\u00f3n, Canal Horeca, productos biol\u00f3gicos, ambientadores, piscina. Ecoquimic - Cat\u00e1logos","breadcrumb":{"@id":"https:\/\/ecoquimic.com\/catalogos\/#breadcrumb"},"inLanguage":"ca","potentialAction":[{"@type":"ReadAction","target":["https:\/\/ecoquimic.com\/catalogos\/"]}]},{"@type":"BreadcrumbList","@id":"https:\/\/ecoquimic.com\/catalogos\/#breadcrumb","itemListElement":[{"@type":"ListItem","position":1,"name":"Portada","item":"https:\/\/ecoquimic.com\/"},{"@type":"ListItem","position":2,"name":"Cat\u00e1logos"}]},{"@type":"WebSite","@id":"https:\/\/ecoquimic.com\/#website","url":"https:\/\/ecoquimic.com\/","name":"Ecoquimic","description":"F\u00e1brica productos qu\u00edmicos de limpieza en Mallorca, Baleares, Espa\u00f1a","publisher":{"@id":"https:\/\/ecoquimic.com\/#organization"},"potentialAction":[{"@type":"SearchAction","target":{"@type":"EntryPoint","urlTemplate":"https:\/\/ecoquimic.com\/?s={search_term_string}"},"query-input":{"@type":"PropertyValueSpecification","valueRequired":true,"valueName":"search_term_string"}}],"inLanguage":"ca"},{"@type":"Organization","@id":"https:\/\/ecoquimic.com\/#organization","name":"Ecoquimic","url":"https:\/\/ecoquimic.com\/","logo":{"@type":"ImageObject","inLanguage":"ca","@id":"https:\/\/ecoquimic.com\/#\/schema\/logo\/image\/","url":"https:\/\/ecoquimic.com\/wp-content\/uploads\/2021\/10\/ecoquimic.png","contentUrl":"https:\/\/ecoquimic.com\/wp-content\/uploads\/2021\/10\/ecoquimic.png","width":200,"height":93,"caption":"Ecoquimic"},"image":{"@id":"https:\/\/ecoquimic.com\/#\/schema\/logo\/image\/"},"sameAs":["https:\/\/www.facebook.com\/EcoquimicBalear\/","https:\/\/x.com\/EcoquimicBalear","https:\/\/www.instagram.com\/ecoquimic\/","https:\/\/www.linkedin.com\/company\/ecoquimicbalear\/","https:\/\/www.youtube.com\/channel\/UCYxjbpYf4oB7iKCsjUM1J4g"]}]}},"_links":{"self":[{"href":"https:\/\/ecoquimic.com\/ca\/wp-json\/wp\/v2\/pages\/20569","targetHints":{"allow":["GET"]}}],"collection":[{"href":"https:\/\/ecoquimic.com\/ca\/wp-json\/wp\/v2\/pages"}],"about":[{"href":"https:\/\/ecoquimic.com\/ca\/wp-json\/wp\/v2\/types\/page"}],"author":[{"embeddable":true,"href":"https:\/\/ecoquimic.com\/ca\/wp-json\/wp\/v2\/users\/10"}],"replies":[{"embeddable":true,"href":"https:\/\/ecoquimic.com\/ca\/wp-json\/wp\/v2\/comments?post=20569"}],"version-history":[{"count":2,"href":"https:\/\/ecoquimic.com\/ca\/wp-json\/wp\/v2\/pages\/20569\/revisions"}],"predecessor-version":[{"id":20579,"href":"https:\/\/ecoquimic.com\/ca\/wp-json\/wp\/v2\/pages\/20569\/revisions\/20579"}],"wp:attachment":[{"href":"https:\/\/ecoquimic.com\/ca\/wp-json\/wp\/v2\/media?parent=20569"}],"curies":[{"name":"wp","href":"https:\/\/api.w.org\/{rel}","templated":true}]}}