{"id":20056,"date":"2024-11-25T13:27:45","date_gmt":"2024-11-25T13:27:45","guid":{"rendered":"https:\/\/ecoquimic.com\/?page_id=20056"},"modified":"2025-07-15T15:42:59","modified_gmt":"2025-07-15T15:42:59","slug":"eliminador-cal-y-cemento","status":"publish","type":"page","link":"https:\/\/ecoquimic.com\/ca\/productos\/horeca-2\/eliminador-cal-y-cemento\/","title":{"rendered":"Eliminador cal y cemento"},"content":{"rendered":"<div data-colibri-id=\"20056-c1\" class=\"style-11489 style-local-20056-c1 position-relative\">\n  <!---->\n  <div data-colibri-component=\"section\" data-colibri-id=\"20056-c2\" id=\"reusable-sections-2\" class=\"h-section h-section-global-spacing d-flex align-items-lg-center align-items-md-center align-items-center style-11490 style-local-20056-c2 position-relative\">\n    <!---->\n    <!---->\n    <div class=\"h-section-grid-container h-section-fluid-container\">\n      <!---->\n      <div data-colibri-id=\"20056-c3\" class=\"h-row-container gutters-row-lg-1 gutters-row-md-1 gutters-row-2 gutters-row-v-lg-1 gutters-row-v-md-1 gutters-row-v-2 style-11491 style-local-20056-c3 position-relative\">\n        <!---->\n        <div class=\"h-row justify-content-lg-center justify-content-md-center justify-content-center align-items-lg-stretch align-items-md-stretch align-items-stretch gutters-col-lg-1 gutters-col-md-1 gutters-col-2 gutters-col-v-lg-1 gutters-col-v-md-1 gutters-col-v-2\">\n          <!---->\n          <div class=\"h-column h-column-container d-flex h-col-lg-auto h-col-md-auto h-col-auto style-11494-outer style-local-20056-c4-outer\">\n            <div data-colibri-id=\"20056-c4\" class=\"d-flex h-flex-basis h-column__inner h-px-lg-3 h-px-md-3 h-px-0 v-inner-lg-0 v-inner-md-3 v-inner-0 style-11494 style-local-20056-c4 position-relative\">\n              <!---->\n              <!---->\n              <div class=\"w-100 h-y-container h-column__content h-column__v-align flex-basis-100 align-self-lg-start align-self-md-start align-self-start\">\n                <!---->\n                <div data-colibri-id=\"20056-c5\" class=\"h-global-transition-all h-heading style-11495 style-local-20056-c5 position-relative h-element\">\n                  <!---->\n                  <div class=\"h-heading__outer style-11495 style-local-20056-c5\">\n                    <!---->\n                    <!---->\n                    <h4 class=\"\">Eliminador de cal\u00e7 i ciment<\/h4>\n                  <\/div>\n                <\/div>\n                <div data-colibri-id=\"20056-c6\" class=\"h-text h-text-component style-11496 style-local-20056-c6 position-relative h-element\">\n                  <!---->\n                  <!---->\n                  <div class=\"\">\n                    <p>Producte l\u00edquid fortament \u00e0cid i molt concentrat usat per a eliminar les taques d'\u00f2xid i restes calc\u00e0ries  en obra vista, cubes de camions porta ciment, encofrats, paviments, etc\u2026<\/p>\n                  <\/div>\n                <\/div>\n                <div data-colibri-id=\"20056-c7\" class=\"h-divider style-11497 style-local-20056-c7 position-relative h-element\">\n                  <!----><span class=\"h-divider__line style-11497-line style-local-20056-c7-line style-11497-line style-local-20056-c7-line\"><\/span><\/div>\n                <div data-colibri-id=\"20056-c8\" class=\"h-row-container gutters-row-lg-2 gutters-row-md-2 gutters-row-0 gutters-row-v-lg-2 gutters-row-v-md-2 gutters-row-v-0 style-11498 style-local-20056-c8 position-relative\">\n                  <!---->\n                  <div class=\"h-row justify-content-lg-center justify-content-md-center justify-content-center align-items-lg-stretch align-items-md-stretch align-items-stretch gutters-col-lg-2 gutters-col-md-2 gutters-col-0 gutters-col-v-lg-2 gutters-col-v-md-2 gutters-col-v-0\">\n                    <!---->\n                    <div class=\"h-column h-column-container d-flex h-col-lg-12 h-col-md-12 h-col-12 style-11499-outer style-local-20056-c9-outer\">\n                      <div data-colibri-id=\"20056-c9\" class=\"d-flex h-flex-basis h-column__inner h-px-lg-0 h-px-md-0 h-px-0 v-inner-lg-0 v-inner-md-0 v-inner-0 style-11499 style-local-20056-c9 position-relative\">\n                        <!---->\n                        <!---->\n                        <div class=\"w-100 h-y-container h-column__content h-column__v-align flex-basis-100 align-self-lg-start align-self-md-start align-self-start\">\n                          <!---->\n                          <div data-colibri-id=\"20056-c10\" class=\"h-global-transition-all h-heading style-11500 style-local-20056-c10 position-relative h-element\">\n                            <!---->\n                            <div class=\"h-heading__outer style-11500 style-local-20056-c10\">\n                              <!---->\n                              <!---->\n                              <h3 class=\"\">Instruccions d'\u00fas<\/h3>\n                            <\/div>\n                          <\/div>\n                          <div data-colibri-id=\"20056-c11\" class=\"h-text h-text-component style-11501 style-local-20056-c11 position-relative h-element\">\n                            <!---->\n                            <!---->\n                            <div class=\"\">\n                              <p>Es pot emprar pur o dilu\u00eft en aigua.<\/p>\n                              <p>Les dosis varien en funci\u00f3 del treball a realitzar, tamb\u00e9 es pot usar per immersi\u00f3 o fregant amb raspalls de truges de pl\u00e0stic, per a eliminar els residus calcaris en s\u00f2ls.<\/p>\n                              <p>Sempre s'ha d'eixugar abundantment amb aigua.<\/p>\n                            <\/div>\n                          <\/div>\n                          <div data-colibri-id=\"20056-c12\" class=\"style-11503 style-local-20056-c12 h-hide-lg h-hide-md position-relative h-element\">\n                            <!---->\n                          <\/div>\n                        <\/div>\n                      <\/div>\n                    <\/div>\n                  <\/div>\n                <\/div>\n              <\/div>\n            <\/div>\n          <\/div>\n          <div class=\"h-column h-column-container d-flex h-col-lg-auto h-col-md-auto h-col-auto style-11492-outer style-local-20056-c13-outer\">\n            <div data-colibri-id=\"20056-c13\" class=\"d-flex h-flex-basis h-column__inner h-px-lg-2 h-px-md-2 h-px-2 v-inner-lg-2 v-inner-md-2 v-inner-2 style-11492 style-local-20056-c13 position-relative\">\n              <!---->\n              <!---->\n              <div class=\"w-100 h-y-container h-column__content h-column__v-align flex-basis-100 align-self-lg-start align-self-md-start align-self-start\">\n                <!---->\n                <div data-colibri-id=\"20056-c14\" class=\"d-block style-11493 style-local-20056-c14 position-relative h-element\">\n                  <!---->\n                  <div class=\"h-image__frame-container-outer\">\n                    <div class=\"h-image__frame-container\">\n                      <!---->\n                      <!---->\n                      <img loading=\"lazy\" decoding=\"async\" width=\"1200\" height=\"1200\" src=\"https:\/\/ecoquimic.com\/wp-content\/uploads\/2024\/11\/F0146-Eliminador-de-cal-y-cemento.png\" class=\"wp-image-19779 style-11493-image style-local-20056-c14-image\" alt=\"\" srcset=\"https:\/\/ecoquimic.com\/wp-content\/uploads\/2024\/11\/F0146-Eliminador-de-cal-y-cemento.png 1200w, https:\/\/ecoquimic.com\/wp-content\/uploads\/2024\/11\/F0146-Eliminador-de-cal-y-cemento-300x300.png 300w, https:\/\/ecoquimic.com\/wp-content\/uploads\/2024\/11\/F0146-Eliminador-de-cal-y-cemento-1024x1024.png 1024w, https:\/\/ecoquimic.com\/wp-content\/uploads\/2024\/11\/F0146-Eliminador-de-cal-y-cemento-150x150.png 150w, https:\/\/ecoquimic.com\/wp-content\/uploads\/2024\/11\/F0146-Eliminador-de-cal-y-cemento-768x768.png 768w, https:\/\/ecoquimic.com\/wp-content\/uploads\/2024\/11\/F0146-Eliminador-de-cal-y-cemento-12x12.png 12w, https:\/\/ecoquimic.com\/wp-content\/uploads\/2024\/11\/F0146-Eliminador-de-cal-y-cemento-24x24.png 24w, https:\/\/ecoquimic.com\/wp-content\/uploads\/2024\/11\/F0146-Eliminador-de-cal-y-cemento-36x36.png 36w, https:\/\/ecoquimic.com\/wp-content\/uploads\/2024\/11\/F0146-Eliminador-de-cal-y-cemento-48x48.png 48w\" sizes=\"auto, (max-width: 1200px) 100vw, 1200px\" \/>\n                      <div class=\"h-image__frame h-hide-lg h-hide-md h-hide-sm style-11493-frameImage style-local-20056-c14-frameImage\"><\/div>\n                    <\/div>\n                  <\/div>\n                <\/div>\n              <\/div>\n            <\/div>\n          <\/div>\n        <\/div>\n      <\/div>\n    <\/div>\n  <\/div>\n<\/div>","protected":false},"excerpt":{"rendered":"<p>Eliminador de cal y cemento Producto l\u00edquido fuertemente \u00e1cido y muy concentrado usado para eliminar las manchas de \u00f3xido y restos calc\u00e1reos&nbsp; en obra vista, cubas de camiones porta cemento, encofrados, pavimentos, etc&#8230; Modo de empleo Se puede emplear puro o diluido en agua. Las dosis var\u00edan en funci\u00f3n del trabajo a realizar, tambi\u00e9n se [&hellip;]<\/p>\n","protected":false},"author":10,"featured_media":0,"parent":7886,"menu_order":0,"comment_status":"closed","ping_status":"closed","template":"page-templates\/full-width-page.php","meta":{"footnotes":""},"class_list":["post-20056","page","type-page","status-publish","hentry"],"yoast_head":"<!-- This site is optimized with the Yoast SEO plugin v27.5 - https:\/\/yoast.com\/product\/yoast-seo-wordpress\/ -->\n<title>Eliminador cal y cemento - Ecoquimic<\/title>\n<meta name=\"description\" content=\"Fabricaci\u00f3n de productos qu\u00edmicos, marcas blancas, productos de limpieza, automoci\u00f3n, n\u00e1utica, lavander\u00eda industrial, lavander\u00eda dom\u00e9stica, construcci\u00f3n, Canal Horeca, productos biol\u00f3gicos, ambientadores, piscina. Ecoquimic - Eliminador cal y cemento\" \/>\n<meta name=\"robots\" content=\"index, follow, max-snippet:-1, max-image-preview:large, max-video-preview:-1\" \/>\n<link rel=\"canonical\" href=\"https:\/\/ecoquimic.com\/ca\/productos\/horeca-2\/eliminador-cal-y-cemento\/\" \/>\n<meta property=\"og:locale\" content=\"ca_ES\" \/>\n<meta property=\"og:type\" content=\"article\" \/>\n<meta property=\"og:title\" content=\"Eliminador cal y cemento - Ecoquimic\" \/>\n<meta property=\"og:description\" content=\"Fabricaci\u00f3n de productos qu\u00edmicos, marcas blancas, productos de limpieza, automoci\u00f3n, n\u00e1utica, lavander\u00eda industrial, lavander\u00eda dom\u00e9stica, construcci\u00f3n, Canal Horeca, productos biol\u00f3gicos, ambientadores, piscina. Ecoquimic - Eliminador cal y cemento\" \/>\n<meta property=\"og:url\" content=\"https:\/\/ecoquimic.com\/ca\/productos\/horeca-2\/eliminador-cal-y-cemento\/\" \/>\n<meta property=\"og:site_name\" content=\"Ecoquimic\" \/>\n<meta property=\"article:publisher\" content=\"https:\/\/www.facebook.com\/EcoquimicBalear\/\" \/>\n<meta property=\"article:modified_time\" content=\"2025-07-15T15:42:59+00:00\" \/>\n<meta property=\"og:image\" content=\"https:\/\/ecoquimic.com\/wp-content\/uploads\/2024\/11\/F0146-Eliminador-de-cal-y-cemento.png\" \/>\n\t<meta property=\"og:image:width\" content=\"1200\" \/>\n\t<meta property=\"og:image:height\" content=\"1200\" \/>\n\t<meta property=\"og:image:type\" content=\"image\/png\" \/>\n<meta name=\"twitter:card\" content=\"summary_large_image\" \/>\n<meta name=\"twitter:site\" content=\"@EcoquimicBalear\" \/>\n<script type=\"application\/ld+json\" class=\"yoast-schema-graph\">{\"@context\":\"https:\\\/\\\/schema.org\",\"@graph\":[{\"@type\":\"WebPage\",\"@id\":\"https:\\\/\\\/ecoquimic.com\\\/productos\\\/horeca-2\\\/eliminador-cal-y-cemento\\\/\",\"url\":\"https:\\\/\\\/ecoquimic.com\\\/productos\\\/horeca-2\\\/eliminador-cal-y-cemento\\\/\",\"name\":\"Eliminador cal y cemento - Ecoquimic\",\"isPartOf\":{\"@id\":\"https:\\\/\\\/ecoquimic.com\\\/#website\"},\"primaryImageOfPage\":{\"@id\":\"https:\\\/\\\/ecoquimic.com\\\/productos\\\/horeca-2\\\/eliminador-cal-y-cemento\\\/#primaryimage\"},\"image\":{\"@id\":\"https:\\\/\\\/ecoquimic.com\\\/productos\\\/horeca-2\\\/eliminador-cal-y-cemento\\\/#primaryimage\"},\"thumbnailUrl\":\"https:\\\/\\\/ecoquimic.com\\\/wp-content\\\/uploads\\\/2024\\\/11\\\/F0146-Eliminador-de-cal-y-cemento.png\",\"datePublished\":\"2024-11-25T13:27:45+00:00\",\"dateModified\":\"2025-07-15T15:42:59+00:00\",\"description\":\"Fabricaci\u00f3n de productos qu\u00edmicos, marcas blancas, productos de limpieza, automoci\u00f3n, n\u00e1utica, lavander\u00eda industrial, lavander\u00eda dom\u00e9stica, construcci\u00f3n, Canal Horeca, productos biol\u00f3gicos, ambientadores, piscina. Ecoquimic - Eliminador cal y cemento\",\"breadcrumb\":{\"@id\":\"https:\\\/\\\/ecoquimic.com\\\/productos\\\/horeca-2\\\/eliminador-cal-y-cemento\\\/#breadcrumb\"},\"inLanguage\":\"ca\",\"potentialAction\":[{\"@type\":\"ReadAction\",\"target\":[\"https:\\\/\\\/ecoquimic.com\\\/productos\\\/horeca-2\\\/eliminador-cal-y-cemento\\\/\"]}]},{\"@type\":\"ImageObject\",\"inLanguage\":\"ca\",\"@id\":\"https:\\\/\\\/ecoquimic.com\\\/productos\\\/horeca-2\\\/eliminador-cal-y-cemento\\\/#primaryimage\",\"url\":\"https:\\\/\\\/ecoquimic.com\\\/wp-content\\\/uploads\\\/2024\\\/11\\\/F0146-Eliminador-de-cal-y-cemento.png\",\"contentUrl\":\"https:\\\/\\\/ecoquimic.com\\\/wp-content\\\/uploads\\\/2024\\\/11\\\/F0146-Eliminador-de-cal-y-cemento.png\"},{\"@type\":\"BreadcrumbList\",\"@id\":\"https:\\\/\\\/ecoquimic.com\\\/productos\\\/horeca-2\\\/eliminador-cal-y-cemento\\\/#breadcrumb\",\"itemListElement\":[{\"@type\":\"ListItem\",\"position\":1,\"name\":\"Portada\",\"item\":\"https:\\\/\\\/ecoquimic.com\\\/\"},{\"@type\":\"ListItem\",\"position\":2,\"name\":\"Productos\",\"item\":\"https:\\\/\\\/ecoquimic.com\\\/productos\\\/\"},{\"@type\":\"ListItem\",\"position\":3,\"name\":\"HORECA\",\"item\":\"https:\\\/\\\/ecoquimic.com\\\/productos\\\/horeca-2\\\/\"},{\"@type\":\"ListItem\",\"position\":4,\"name\":\"Eliminador cal y cemento\"}]},{\"@type\":\"WebSite\",\"@id\":\"https:\\\/\\\/ecoquimic.com\\\/#website\",\"url\":\"https:\\\/\\\/ecoquimic.com\\\/\",\"name\":\"Ecoquimic\",\"description\":\"F\u00e1brica productos qu\u00edmicos de limpieza en Mallorca, Baleares, Espa\u00f1a\",\"publisher\":{\"@id\":\"https:\\\/\\\/ecoquimic.com\\\/#organization\"},\"potentialAction\":[{\"@type\":\"SearchAction\",\"target\":{\"@type\":\"EntryPoint\",\"urlTemplate\":\"https:\\\/\\\/ecoquimic.com\\\/?s={search_term_string}\"},\"query-input\":{\"@type\":\"PropertyValueSpecification\",\"valueRequired\":true,\"valueName\":\"search_term_string\"}}],\"inLanguage\":\"ca\"},{\"@type\":\"Organization\",\"@id\":\"https:\\\/\\\/ecoquimic.com\\\/#organization\",\"name\":\"Ecoquimic\",\"url\":\"https:\\\/\\\/ecoquimic.com\\\/\",\"logo\":{\"@type\":\"ImageObject\",\"inLanguage\":\"ca\",\"@id\":\"https:\\\/\\\/ecoquimic.com\\\/#\\\/schema\\\/logo\\\/image\\\/\",\"url\":\"https:\\\/\\\/ecoquimic.com\\\/wp-content\\\/uploads\\\/2021\\\/10\\\/ecoquimic.png\",\"contentUrl\":\"https:\\\/\\\/ecoquimic.com\\\/wp-content\\\/uploads\\\/2021\\\/10\\\/ecoquimic.png\",\"width\":200,\"height\":93,\"caption\":\"Ecoquimic\"},\"image\":{\"@id\":\"https:\\\/\\\/ecoquimic.com\\\/#\\\/schema\\\/logo\\\/image\\\/\"},\"sameAs\":[\"https:\\\/\\\/www.facebook.com\\\/EcoquimicBalear\\\/\",\"https:\\\/\\\/x.com\\\/EcoquimicBalear\",\"https:\\\/\\\/www.instagram.com\\\/ecoquimic\\\/\",\"https:\\\/\\\/www.linkedin.com\\\/company\\\/ecoquimicbalear\\\/\",\"https:\\\/\\\/www.youtube.com\\\/channel\\\/UCYxjbpYf4oB7iKCsjUM1J4g\"]}]}<\/script>\n<!-- \/ Yoast SEO plugin. -->","yoast_head_json":{"title":"Eliminador cal y cemento - Ecoquimic","description":"Fabricaci\u00f3n de productos qu\u00edmicos, marcas blancas, productos de limpieza, automoci\u00f3n, n\u00e1utica, lavander\u00eda industrial, lavander\u00eda dom\u00e9stica, construcci\u00f3n, Canal Horeca, productos biol\u00f3gicos, ambientadores, piscina. Ecoquimic - Eliminador cal y cemento","robots":{"index":"index","follow":"follow","max-snippet":"max-snippet:-1","max-image-preview":"max-image-preview:large","max-video-preview":"max-video-preview:-1"},"canonical":"https:\/\/ecoquimic.com\/ca\/productos\/horeca-2\/eliminador-cal-y-cemento\/","og_locale":"ca_ES","og_type":"article","og_title":"Eliminador cal y cemento - Ecoquimic","og_description":"Fabricaci\u00f3n de productos qu\u00edmicos, marcas blancas, productos de limpieza, automoci\u00f3n, n\u00e1utica, lavander\u00eda industrial, lavander\u00eda dom\u00e9stica, construcci\u00f3n, Canal Horeca, productos biol\u00f3gicos, ambientadores, piscina. Ecoquimic - Eliminador cal y cemento","og_url":"https:\/\/ecoquimic.com\/ca\/productos\/horeca-2\/eliminador-cal-y-cemento\/","og_site_name":"Ecoquimic","article_publisher":"https:\/\/www.facebook.com\/EcoquimicBalear\/","article_modified_time":"2025-07-15T15:42:59+00:00","og_image":[{"width":1200,"height":1200,"url":"https:\/\/ecoquimic.com\/wp-content\/uploads\/2024\/11\/F0146-Eliminador-de-cal-y-cemento.png","type":"image\/png"}],"twitter_card":"summary_large_image","twitter_site":"@EcoquimicBalear","schema":{"@context":"https:\/\/schema.org","@graph":[{"@type":"WebPage","@id":"https:\/\/ecoquimic.com\/productos\/horeca-2\/eliminador-cal-y-cemento\/","url":"https:\/\/ecoquimic.com\/productos\/horeca-2\/eliminador-cal-y-cemento\/","name":"Eliminador cal y cemento - Ecoquimic","isPartOf":{"@id":"https:\/\/ecoquimic.com\/#website"},"primaryImageOfPage":{"@id":"https:\/\/ecoquimic.com\/productos\/horeca-2\/eliminador-cal-y-cemento\/#primaryimage"},"image":{"@id":"https:\/\/ecoquimic.com\/productos\/horeca-2\/eliminador-cal-y-cemento\/#primaryimage"},"thumbnailUrl":"https:\/\/ecoquimic.com\/wp-content\/uploads\/2024\/11\/F0146-Eliminador-de-cal-y-cemento.png","datePublished":"2024-11-25T13:27:45+00:00","dateModified":"2025-07-15T15:42:59+00:00","description":"Fabricaci\u00f3n de productos qu\u00edmicos, marcas blancas, productos de limpieza, automoci\u00f3n, n\u00e1utica, lavander\u00eda industrial, lavander\u00eda dom\u00e9stica, construcci\u00f3n, Canal Horeca, productos biol\u00f3gicos, ambientadores, piscina. Ecoquimic - Eliminador cal y cemento","breadcrumb":{"@id":"https:\/\/ecoquimic.com\/productos\/horeca-2\/eliminador-cal-y-cemento\/#breadcrumb"},"inLanguage":"ca","potentialAction":[{"@type":"ReadAction","target":["https:\/\/ecoquimic.com\/productos\/horeca-2\/eliminador-cal-y-cemento\/"]}]},{"@type":"ImageObject","inLanguage":"ca","@id":"https:\/\/ecoquimic.com\/productos\/horeca-2\/eliminador-cal-y-cemento\/#primaryimage","url":"https:\/\/ecoquimic.com\/wp-content\/uploads\/2024\/11\/F0146-Eliminador-de-cal-y-cemento.png","contentUrl":"https:\/\/ecoquimic.com\/wp-content\/uploads\/2024\/11\/F0146-Eliminador-de-cal-y-cemento.png"},{"@type":"BreadcrumbList","@id":"https:\/\/ecoquimic.com\/productos\/horeca-2\/eliminador-cal-y-cemento\/#breadcrumb","itemListElement":[{"@type":"ListItem","position":1,"name":"Portada","item":"https:\/\/ecoquimic.com\/"},{"@type":"ListItem","position":2,"name":"Productos","item":"https:\/\/ecoquimic.com\/productos\/"},{"@type":"ListItem","position":3,"name":"HORECA","item":"https:\/\/ecoquimic.com\/productos\/horeca-2\/"},{"@type":"ListItem","position":4,"name":"Eliminador cal y cemento"}]},{"@type":"WebSite","@id":"https:\/\/ecoquimic.com\/#website","url":"https:\/\/ecoquimic.com\/","name":"Ecoquimic","description":"F\u00e1brica productos qu\u00edmicos de limpieza en Mallorca, Baleares, Espa\u00f1a","publisher":{"@id":"https:\/\/ecoquimic.com\/#organization"},"potentialAction":[{"@type":"SearchAction","target":{"@type":"EntryPoint","urlTemplate":"https:\/\/ecoquimic.com\/?s={search_term_string}"},"query-input":{"@type":"PropertyValueSpecification","valueRequired":true,"valueName":"search_term_string"}}],"inLanguage":"ca"},{"@type":"Organization","@id":"https:\/\/ecoquimic.com\/#organization","name":"Ecoquimic","url":"https:\/\/ecoquimic.com\/","logo":{"@type":"ImageObject","inLanguage":"ca","@id":"https:\/\/ecoquimic.com\/#\/schema\/logo\/image\/","url":"https:\/\/ecoquimic.com\/wp-content\/uploads\/2021\/10\/ecoquimic.png","contentUrl":"https:\/\/ecoquimic.com\/wp-content\/uploads\/2021\/10\/ecoquimic.png","width":200,"height":93,"caption":"Ecoquimic"},"image":{"@id":"https:\/\/ecoquimic.com\/#\/schema\/logo\/image\/"},"sameAs":["https:\/\/www.facebook.com\/EcoquimicBalear\/","https:\/\/x.com\/EcoquimicBalear","https:\/\/www.instagram.com\/ecoquimic\/","https:\/\/www.linkedin.com\/company\/ecoquimicbalear\/","https:\/\/www.youtube.com\/channel\/UCYxjbpYf4oB7iKCsjUM1J4g"]}]}},"_links":{"self":[{"href":"https:\/\/ecoquimic.com\/ca\/wp-json\/wp\/v2\/pages\/20056","targetHints":{"allow":["GET"]}}],"collection":[{"href":"https:\/\/ecoquimic.com\/ca\/wp-json\/wp\/v2\/pages"}],"about":[{"href":"https:\/\/ecoquimic.com\/ca\/wp-json\/wp\/v2\/types\/page"}],"author":[{"embeddable":true,"href":"https:\/\/ecoquimic.com\/ca\/wp-json\/wp\/v2\/users\/10"}],"replies":[{"embeddable":true,"href":"https:\/\/ecoquimic.com\/ca\/wp-json\/wp\/v2\/comments?post=20056"}],"version-history":[{"count":4,"href":"https:\/\/ecoquimic.com\/ca\/wp-json\/wp\/v2\/pages\/20056\/revisions"}],"predecessor-version":[{"id":23828,"href":"https:\/\/ecoquimic.com\/ca\/wp-json\/wp\/v2\/pages\/20056\/revisions\/23828"}],"up":[{"embeddable":true,"href":"https:\/\/ecoquimic.com\/ca\/wp-json\/wp\/v2\/pages\/7886"}],"wp:attachment":[{"href":"https:\/\/ecoquimic.com\/ca\/wp-json\/wp\/v2\/media?parent=20056"}],"curies":[{"name":"wp","href":"https:\/\/api.w.org\/{rel}","templated":true}]}}