{"id":20020,"date":"2024-11-25T12:36:28","date_gmt":"2024-11-25T12:36:28","guid":{"rendered":"https:\/\/ecoquimic.com\/?page_id=20020"},"modified":"2024-11-25T13:26:40","modified_gmt":"2024-11-25T13:26:40","slug":"lavavajillas-manual","status":"publish","type":"page","link":"https:\/\/ecoquimic.com\/ca\/productos\/horeca-2\/lavavajillas-manual\/","title":{"rendered":"Rentavaixella manual"},"content":{"rendered":"<div data-colibri-id=\"20020-c1\" class=\"style-11459 style-local-20020-c1 position-relative\">\n  <!---->\n  <div data-colibri-component=\"section\" data-colibri-id=\"20020-c2\" id=\"reusable-sections-2\" class=\"h-section h-section-global-spacing d-flex align-items-lg-center align-items-md-center align-items-center style-11460 style-local-20020-c2 position-relative\">\n    <!---->\n    <!---->\n    <div class=\"h-section-grid-container h-section-fluid-container\">\n      <!---->\n      <div data-colibri-id=\"20020-c3\" class=\"h-row-container gutters-row-lg-1 gutters-row-md-1 gutters-row-2 gutters-row-v-lg-1 gutters-row-v-md-1 gutters-row-v-2 style-11461 style-local-20020-c3 position-relative\">\n        <!---->\n        <div class=\"h-row justify-content-lg-center justify-content-md-center justify-content-center align-items-lg-stretch align-items-md-stretch align-items-stretch gutters-col-lg-1 gutters-col-md-1 gutters-col-2 gutters-col-v-lg-1 gutters-col-v-md-1 gutters-col-v-2\">\n          <!---->\n          <div class=\"h-column h-column-container d-flex h-col-lg-auto h-col-md-auto h-col-auto style-11462-outer style-local-20020-c4-outer\">\n            <div data-colibri-id=\"20020-c4\" class=\"d-flex h-flex-basis h-column__inner h-px-lg-2 h-px-md-2 h-px-2 v-inner-lg-2 v-inner-md-2 v-inner-2 style-11462 style-local-20020-c4 position-relative\">\n              <!---->\n              <!---->\n              <div class=\"w-100 h-y-container h-column__content h-column__v-align flex-basis-100 align-self-lg-start align-self-md-start align-self-start\">\n                <!---->\n                <div data-colibri-id=\"20020-c5\" class=\"d-block style-11463 style-local-20020-c5 position-relative h-element\">\n                  <!---->\n                  <div class=\"h-image__frame-container-outer\">\n                    <div class=\"h-image__frame-container\">\n                      <!---->\n                      <!---->\n                      <img loading=\"lazy\" decoding=\"async\" width=\"1200\" height=\"1200\" src=\"https:\/\/ecoquimic.com\/wp-content\/uploads\/2024\/11\/F502-Lavavajillas-manual.png\" class=\"wp-image-19776 style-11463-image style-local-20020-c5-image\" alt=\"\" srcset=\"https:\/\/ecoquimic.com\/wp-content\/uploads\/2024\/11\/F502-Lavavajillas-manual.png 1200w, https:\/\/ecoquimic.com\/wp-content\/uploads\/2024\/11\/F502-Lavavajillas-manual-300x300.png 300w, https:\/\/ecoquimic.com\/wp-content\/uploads\/2024\/11\/F502-Lavavajillas-manual-1024x1024.png 1024w, https:\/\/ecoquimic.com\/wp-content\/uploads\/2024\/11\/F502-Lavavajillas-manual-150x150.png 150w, https:\/\/ecoquimic.com\/wp-content\/uploads\/2024\/11\/F502-Lavavajillas-manual-768x768.png 768w, https:\/\/ecoquimic.com\/wp-content\/uploads\/2024\/11\/F502-Lavavajillas-manual-12x12.png 12w, https:\/\/ecoquimic.com\/wp-content\/uploads\/2024\/11\/F502-Lavavajillas-manual-24x24.png 24w, https:\/\/ecoquimic.com\/wp-content\/uploads\/2024\/11\/F502-Lavavajillas-manual-36x36.png 36w, https:\/\/ecoquimic.com\/wp-content\/uploads\/2024\/11\/F502-Lavavajillas-manual-48x48.png 48w\" sizes=\"auto, (max-width: 1200px) 100vw, 1200px\" \/>\n                      <div class=\"h-image__frame h-hide-lg h-hide-md h-hide-sm style-11463-frameImage style-local-20020-c5-frameImage\"><\/div>\n                    <\/div>\n                  <\/div>\n                <\/div>\n              <\/div>\n            <\/div>\n          <\/div>\n          <div class=\"h-column h-column-container d-flex h-col-lg-auto h-col-md-auto h-col-auto style-11464-outer style-local-20020-c6-outer\">\n            <div data-colibri-id=\"20020-c6\" class=\"d-flex h-flex-basis h-column__inner h-px-lg-3 h-px-md-3 h-px-0 v-inner-lg-0 v-inner-md-3 v-inner-0 style-11464 style-local-20020-c6 position-relative\">\n              <!---->\n              <!---->\n              <div class=\"w-100 h-y-container h-column__content h-column__v-align flex-basis-100 align-self-lg-start align-self-md-start align-self-start\">\n                <!---->\n                <div data-colibri-id=\"20020-c7\" class=\"h-global-transition-all h-heading style-11465 style-local-20020-c7 position-relative h-element\">\n                  <!---->\n                  <div class=\"h-heading__outer style-11465 style-local-20020-c7\">\n                    <!---->\n                    <!---->\n                    <h4 class=\"\">Rentavaixella manual<\/h4>\n                  <\/div>\n                <\/div>\n                <div data-colibri-id=\"20020-c8\" class=\"h-text h-text-component style-11466 style-local-20020-c8 position-relative h-element\">\n                  <!---->\n                  <!---->\n                  <div class=\"\">\n                    <p>Producte formulat a base de tensioactius espec\u00edfics per a la rentada de vaixelles, cristalleries i coberteries.<\/p>\n                  <\/div>\n                <\/div>\n                <div data-colibri-id=\"20020-c9\" class=\"h-divider style-11467 style-local-20020-c9 position-relative h-element\">\n                  <!----><span class=\"h-divider__line style-11467-line style-local-20020-c9-line style-11467-line style-local-20020-c9-line\"><\/span><\/div>\n                <div data-colibri-id=\"20020-c10\" class=\"h-row-container gutters-row-lg-2 gutters-row-md-2 gutters-row-0 gutters-row-v-lg-2 gutters-row-v-md-2 gutters-row-v-0 style-11468 style-local-20020-c10 position-relative\">\n                  <!---->\n                  <div class=\"h-row justify-content-lg-center justify-content-md-center justify-content-center align-items-lg-stretch align-items-md-stretch align-items-stretch gutters-col-lg-2 gutters-col-md-2 gutters-col-0 gutters-col-v-lg-2 gutters-col-v-md-2 gutters-col-v-0\">\n                    <!---->\n                    <div class=\"h-column h-column-container d-flex h-col-lg-6 h-col-md-6 h-col-12 style-11469-outer style-local-20020-c11-outer\">\n                      <div data-colibri-id=\"20020-c11\" class=\"d-flex h-flex-basis h-column__inner h-px-lg-0 h-px-md-0 h-px-0 v-inner-lg-0 v-inner-md-0 v-inner-0 style-11469 style-local-20020-c11 position-relative\">\n                        <!---->\n                        <!---->\n                        <div class=\"w-100 h-y-container h-column__content h-column__v-align flex-basis-100 align-self-lg-start align-self-md-start align-self-start\">\n                          <!---->\n                          <div data-colibri-id=\"20020-c12\" class=\"h-global-transition-all h-heading style-11470 style-local-20020-c12 position-relative h-element\">\n                            <!---->\n                            <div class=\"h-heading__outer style-11470 style-local-20020-c12\">\n                              <!---->\n                              <!---->\n                              <h3 class=\"\">Informaci\u00f3<\/h3>\n                            <\/div>\n                          <\/div>\n                          <div data-colibri-id=\"20020-c13\" class=\"h-text h-text-component style-11471 style-local-20020-c13 position-relative h-element\">\n                            <!---->\n                            <!---->\n                            <div class=\"\">\n                              <p>El seu pH neutre i concentraci\u00f3 garanteixen un alt poder desgreixador igual que una acurada cura de la pell<\/p>\n                              <p>Producte idoni per a la rentada de vaixelles, cristalls i coberteries&nbsp;<\/p>\n                            <\/div>\n                          <\/div>\n                          <div data-colibri-id=\"20020-c14\" class=\"style-11472 style-local-20020-c14 h-hide-lg h-hide-md position-relative h-element\">\n                            <!---->\n                          <\/div>\n                        <\/div>\n                      <\/div>\n                    <\/div>\n                    <div class=\"h-column h-column-container d-flex h-col-lg-6 h-col-md-6 h-col-12 style-11469-outer style-local-20020-c15-outer\">\n                      <div data-colibri-id=\"20020-c15\" class=\"d-flex h-flex-basis h-column__inner h-px-lg-0 h-px-md-0 h-px-0 v-inner-lg-0 v-inner-md-0 v-inner-0 style-11469 style-local-20020-c15 position-relative\">\n                        <!---->\n                        <!---->\n                        <div class=\"w-100 h-y-container h-column__content h-column__v-align flex-basis-100 align-self-lg-start align-self-md-start align-self-start\">\n                          <!---->\n                          <div data-colibri-id=\"20020-c16\" class=\"h-global-transition-all h-heading style-11470 style-local-20020-c16 position-relative h-element\">\n                            <!---->\n                            <div class=\"h-heading__outer style-11470 style-local-20020-c16\">\n                              <!---->\n                              <!---->\n                              <h3 class=\"\">Instruccions d'\u00fas<\/h3>\n                            <\/div>\n                          <\/div>\n                          <div data-colibri-id=\"20020-c17\" class=\"h-text h-text-component style-11471 style-local-20020-c17 position-relative h-element\">\n                            <!---->\n                            <!---->\n                            <div class=\"\">\n                              <p>Per a la seva correcta aplicaci\u00f3 basta abocar una petita quantitat de producte en l'aigua, agitant breument fins a produir escuma<\/p>\n                            <\/div>\n                          <\/div>\n                          <div data-colibri-id=\"20020-c18\" class=\"style-11473 style-local-20020-c18 h-hide-lg h-hide-md position-relative h-element\">\n                            <!---->\n                          <\/div>\n                        <\/div>\n                      <\/div>\n                    <\/div>\n                  <\/div>\n                <\/div>\n              <\/div>\n            <\/div>\n          <\/div>\n        <\/div>\n      <\/div>\n    <\/div>\n  <\/div>\n<\/div>","protected":false},"excerpt":{"rendered":"<p>Lavavajillas manual Producto formulado a base de tensioactivos espec\u00edficos para el lavado de vajillas, cristaler\u00edas y cuberter\u00edas. Informaci\u00f3n Su pH neutro y concentraci\u00f3n garantizan un alto poder desengrasante al igual que un esmerado cuidado de la piel Producto id\u00f3neo para el lavado de vajillas, cristales y cuberter\u00edas&nbsp; Modo de empleo Para su correcta aplicaci\u00f3n basta [&hellip;]<\/p>\n","protected":false},"author":10,"featured_media":0,"parent":7886,"menu_order":0,"comment_status":"closed","ping_status":"closed","template":"page-templates\/full-width-page.php","meta":{"footnotes":""},"class_list":["post-20020","page","type-page","status-publish","hentry"],"yoast_head":"<!-- This site is optimized with the Yoast SEO plugin v27.5 - https:\/\/yoast.com\/product\/yoast-seo-wordpress\/ -->\n<title>Lavavajillas manual - Ecoquimic<\/title>\n<meta name=\"description\" content=\"Fabricaci\u00f3n de productos qu\u00edmicos, marcas blancas, productos de limpieza, automoci\u00f3n, n\u00e1utica, lavander\u00eda industrial, lavander\u00eda dom\u00e9stica, construcci\u00f3n, Canal Horeca, productos biol\u00f3gicos, ambientadores, piscina. Ecoquimic - Lavavajillas manual\" \/>\n<meta name=\"robots\" content=\"index, follow, max-snippet:-1, max-image-preview:large, max-video-preview:-1\" \/>\n<link rel=\"canonical\" href=\"https:\/\/ecoquimic.com\/ca\/productos\/horeca-2\/lavavajillas-manual\/\" \/>\n<meta property=\"og:locale\" content=\"ca_ES\" \/>\n<meta property=\"og:type\" content=\"article\" \/>\n<meta property=\"og:title\" content=\"Lavavajillas manual - Ecoquimic\" \/>\n<meta property=\"og:description\" content=\"Fabricaci\u00f3n de productos qu\u00edmicos, marcas blancas, productos de limpieza, automoci\u00f3n, n\u00e1utica, lavander\u00eda industrial, lavander\u00eda dom\u00e9stica, construcci\u00f3n, Canal Horeca, productos biol\u00f3gicos, ambientadores, piscina. Ecoquimic - Lavavajillas manual\" \/>\n<meta property=\"og:url\" content=\"https:\/\/ecoquimic.com\/ca\/productos\/horeca-2\/lavavajillas-manual\/\" \/>\n<meta property=\"og:site_name\" content=\"Ecoquimic\" \/>\n<meta property=\"article:publisher\" content=\"https:\/\/www.facebook.com\/EcoquimicBalear\/\" \/>\n<meta property=\"article:modified_time\" content=\"2024-11-25T13:26:40+00:00\" \/>\n<meta property=\"og:image\" content=\"https:\/\/ecoquimic.com\/wp-content\/uploads\/2024\/11\/F502-Lavavajillas-manual.png\" \/>\n\t<meta property=\"og:image:width\" content=\"1200\" \/>\n\t<meta property=\"og:image:height\" content=\"1200\" \/>\n\t<meta property=\"og:image:type\" content=\"image\/png\" \/>\n<meta name=\"twitter:card\" content=\"summary_large_image\" \/>\n<meta name=\"twitter:site\" content=\"@EcoquimicBalear\" \/>\n<script type=\"application\/ld+json\" class=\"yoast-schema-graph\">{\"@context\":\"https:\\\/\\\/schema.org\",\"@graph\":[{\"@type\":\"WebPage\",\"@id\":\"https:\\\/\\\/ecoquimic.com\\\/productos\\\/horeca-2\\\/lavavajillas-manual\\\/\",\"url\":\"https:\\\/\\\/ecoquimic.com\\\/productos\\\/horeca-2\\\/lavavajillas-manual\\\/\",\"name\":\"Lavavajillas manual - Ecoquimic\",\"isPartOf\":{\"@id\":\"https:\\\/\\\/ecoquimic.com\\\/#website\"},\"primaryImageOfPage\":{\"@id\":\"https:\\\/\\\/ecoquimic.com\\\/productos\\\/horeca-2\\\/lavavajillas-manual\\\/#primaryimage\"},\"image\":{\"@id\":\"https:\\\/\\\/ecoquimic.com\\\/productos\\\/horeca-2\\\/lavavajillas-manual\\\/#primaryimage\"},\"thumbnailUrl\":\"https:\\\/\\\/ecoquimic.com\\\/wp-content\\\/uploads\\\/2024\\\/11\\\/F502-Lavavajillas-manual.png\",\"datePublished\":\"2024-11-25T12:36:28+00:00\",\"dateModified\":\"2024-11-25T13:26:40+00:00\",\"description\":\"Fabricaci\u00f3n de productos qu\u00edmicos, marcas blancas, productos de limpieza, automoci\u00f3n, n\u00e1utica, lavander\u00eda industrial, lavander\u00eda dom\u00e9stica, construcci\u00f3n, Canal Horeca, productos biol\u00f3gicos, ambientadores, piscina. Ecoquimic - Lavavajillas manual\",\"breadcrumb\":{\"@id\":\"https:\\\/\\\/ecoquimic.com\\\/productos\\\/horeca-2\\\/lavavajillas-manual\\\/#breadcrumb\"},\"inLanguage\":\"ca\",\"potentialAction\":[{\"@type\":\"ReadAction\",\"target\":[\"https:\\\/\\\/ecoquimic.com\\\/productos\\\/horeca-2\\\/lavavajillas-manual\\\/\"]}]},{\"@type\":\"ImageObject\",\"inLanguage\":\"ca\",\"@id\":\"https:\\\/\\\/ecoquimic.com\\\/productos\\\/horeca-2\\\/lavavajillas-manual\\\/#primaryimage\",\"url\":\"https:\\\/\\\/ecoquimic.com\\\/wp-content\\\/uploads\\\/2024\\\/11\\\/F502-Lavavajillas-manual.png\",\"contentUrl\":\"https:\\\/\\\/ecoquimic.com\\\/wp-content\\\/uploads\\\/2024\\\/11\\\/F502-Lavavajillas-manual.png\"},{\"@type\":\"BreadcrumbList\",\"@id\":\"https:\\\/\\\/ecoquimic.com\\\/productos\\\/horeca-2\\\/lavavajillas-manual\\\/#breadcrumb\",\"itemListElement\":[{\"@type\":\"ListItem\",\"position\":1,\"name\":\"Portada\",\"item\":\"https:\\\/\\\/ecoquimic.com\\\/\"},{\"@type\":\"ListItem\",\"position\":2,\"name\":\"Productos\",\"item\":\"https:\\\/\\\/ecoquimic.com\\\/productos\\\/\"},{\"@type\":\"ListItem\",\"position\":3,\"name\":\"HORECA\",\"item\":\"https:\\\/\\\/ecoquimic.com\\\/productos\\\/horeca-2\\\/\"},{\"@type\":\"ListItem\",\"position\":4,\"name\":\"Lavavajillas manual\"}]},{\"@type\":\"WebSite\",\"@id\":\"https:\\\/\\\/ecoquimic.com\\\/#website\",\"url\":\"https:\\\/\\\/ecoquimic.com\\\/\",\"name\":\"Ecoquimic\",\"description\":\"F\u00e1brica productos qu\u00edmicos de limpieza en Mallorca, Baleares, Espa\u00f1a\",\"publisher\":{\"@id\":\"https:\\\/\\\/ecoquimic.com\\\/#organization\"},\"potentialAction\":[{\"@type\":\"SearchAction\",\"target\":{\"@type\":\"EntryPoint\",\"urlTemplate\":\"https:\\\/\\\/ecoquimic.com\\\/?s={search_term_string}\"},\"query-input\":{\"@type\":\"PropertyValueSpecification\",\"valueRequired\":true,\"valueName\":\"search_term_string\"}}],\"inLanguage\":\"ca\"},{\"@type\":\"Organization\",\"@id\":\"https:\\\/\\\/ecoquimic.com\\\/#organization\",\"name\":\"Ecoquimic\",\"url\":\"https:\\\/\\\/ecoquimic.com\\\/\",\"logo\":{\"@type\":\"ImageObject\",\"inLanguage\":\"ca\",\"@id\":\"https:\\\/\\\/ecoquimic.com\\\/#\\\/schema\\\/logo\\\/image\\\/\",\"url\":\"https:\\\/\\\/ecoquimic.com\\\/wp-content\\\/uploads\\\/2021\\\/10\\\/ecoquimic.png\",\"contentUrl\":\"https:\\\/\\\/ecoquimic.com\\\/wp-content\\\/uploads\\\/2021\\\/10\\\/ecoquimic.png\",\"width\":200,\"height\":93,\"caption\":\"Ecoquimic\"},\"image\":{\"@id\":\"https:\\\/\\\/ecoquimic.com\\\/#\\\/schema\\\/logo\\\/image\\\/\"},\"sameAs\":[\"https:\\\/\\\/www.facebook.com\\\/EcoquimicBalear\\\/\",\"https:\\\/\\\/x.com\\\/EcoquimicBalear\",\"https:\\\/\\\/www.instagram.com\\\/ecoquimic\\\/\",\"https:\\\/\\\/www.linkedin.com\\\/company\\\/ecoquimicbalear\\\/\",\"https:\\\/\\\/www.youtube.com\\\/channel\\\/UCYxjbpYf4oB7iKCsjUM1J4g\"]}]}<\/script>\n<!-- \/ Yoast SEO plugin. -->","yoast_head_json":{"title":"Lavavajillas manual - Ecoquimic","description":"Fabricaci\u00f3n de productos qu\u00edmicos, marcas blancas, productos de limpieza, automoci\u00f3n, n\u00e1utica, lavander\u00eda industrial, lavander\u00eda dom\u00e9stica, construcci\u00f3n, Canal Horeca, productos biol\u00f3gicos, ambientadores, piscina. Ecoquimic - Lavavajillas manual","robots":{"index":"index","follow":"follow","max-snippet":"max-snippet:-1","max-image-preview":"max-image-preview:large","max-video-preview":"max-video-preview:-1"},"canonical":"https:\/\/ecoquimic.com\/ca\/productos\/horeca-2\/lavavajillas-manual\/","og_locale":"ca_ES","og_type":"article","og_title":"Lavavajillas manual - Ecoquimic","og_description":"Fabricaci\u00f3n de productos qu\u00edmicos, marcas blancas, productos de limpieza, automoci\u00f3n, n\u00e1utica, lavander\u00eda industrial, lavander\u00eda dom\u00e9stica, construcci\u00f3n, Canal Horeca, productos biol\u00f3gicos, ambientadores, piscina. Ecoquimic - Lavavajillas manual","og_url":"https:\/\/ecoquimic.com\/ca\/productos\/horeca-2\/lavavajillas-manual\/","og_site_name":"Ecoquimic","article_publisher":"https:\/\/www.facebook.com\/EcoquimicBalear\/","article_modified_time":"2024-11-25T13:26:40+00:00","og_image":[{"width":1200,"height":1200,"url":"https:\/\/ecoquimic.com\/wp-content\/uploads\/2024\/11\/F502-Lavavajillas-manual.png","type":"image\/png"}],"twitter_card":"summary_large_image","twitter_site":"@EcoquimicBalear","schema":{"@context":"https:\/\/schema.org","@graph":[{"@type":"WebPage","@id":"https:\/\/ecoquimic.com\/productos\/horeca-2\/lavavajillas-manual\/","url":"https:\/\/ecoquimic.com\/productos\/horeca-2\/lavavajillas-manual\/","name":"Lavavajillas manual - Ecoquimic","isPartOf":{"@id":"https:\/\/ecoquimic.com\/#website"},"primaryImageOfPage":{"@id":"https:\/\/ecoquimic.com\/productos\/horeca-2\/lavavajillas-manual\/#primaryimage"},"image":{"@id":"https:\/\/ecoquimic.com\/productos\/horeca-2\/lavavajillas-manual\/#primaryimage"},"thumbnailUrl":"https:\/\/ecoquimic.com\/wp-content\/uploads\/2024\/11\/F502-Lavavajillas-manual.png","datePublished":"2024-11-25T12:36:28+00:00","dateModified":"2024-11-25T13:26:40+00:00","description":"Fabricaci\u00f3n de productos qu\u00edmicos, marcas blancas, productos de limpieza, automoci\u00f3n, n\u00e1utica, lavander\u00eda industrial, lavander\u00eda dom\u00e9stica, construcci\u00f3n, Canal Horeca, productos biol\u00f3gicos, ambientadores, piscina. Ecoquimic - Lavavajillas manual","breadcrumb":{"@id":"https:\/\/ecoquimic.com\/productos\/horeca-2\/lavavajillas-manual\/#breadcrumb"},"inLanguage":"ca","potentialAction":[{"@type":"ReadAction","target":["https:\/\/ecoquimic.com\/productos\/horeca-2\/lavavajillas-manual\/"]}]},{"@type":"ImageObject","inLanguage":"ca","@id":"https:\/\/ecoquimic.com\/productos\/horeca-2\/lavavajillas-manual\/#primaryimage","url":"https:\/\/ecoquimic.com\/wp-content\/uploads\/2024\/11\/F502-Lavavajillas-manual.png","contentUrl":"https:\/\/ecoquimic.com\/wp-content\/uploads\/2024\/11\/F502-Lavavajillas-manual.png"},{"@type":"BreadcrumbList","@id":"https:\/\/ecoquimic.com\/productos\/horeca-2\/lavavajillas-manual\/#breadcrumb","itemListElement":[{"@type":"ListItem","position":1,"name":"Portada","item":"https:\/\/ecoquimic.com\/"},{"@type":"ListItem","position":2,"name":"Productos","item":"https:\/\/ecoquimic.com\/productos\/"},{"@type":"ListItem","position":3,"name":"HORECA","item":"https:\/\/ecoquimic.com\/productos\/horeca-2\/"},{"@type":"ListItem","position":4,"name":"Lavavajillas manual"}]},{"@type":"WebSite","@id":"https:\/\/ecoquimic.com\/#website","url":"https:\/\/ecoquimic.com\/","name":"Ecoquimic","description":"F\u00e1brica productos qu\u00edmicos de limpieza en Mallorca, Baleares, Espa\u00f1a","publisher":{"@id":"https:\/\/ecoquimic.com\/#organization"},"potentialAction":[{"@type":"SearchAction","target":{"@type":"EntryPoint","urlTemplate":"https:\/\/ecoquimic.com\/?s={search_term_string}"},"query-input":{"@type":"PropertyValueSpecification","valueRequired":true,"valueName":"search_term_string"}}],"inLanguage":"ca"},{"@type":"Organization","@id":"https:\/\/ecoquimic.com\/#organization","name":"Ecoquimic","url":"https:\/\/ecoquimic.com\/","logo":{"@type":"ImageObject","inLanguage":"ca","@id":"https:\/\/ecoquimic.com\/#\/schema\/logo\/image\/","url":"https:\/\/ecoquimic.com\/wp-content\/uploads\/2021\/10\/ecoquimic.png","contentUrl":"https:\/\/ecoquimic.com\/wp-content\/uploads\/2021\/10\/ecoquimic.png","width":200,"height":93,"caption":"Ecoquimic"},"image":{"@id":"https:\/\/ecoquimic.com\/#\/schema\/logo\/image\/"},"sameAs":["https:\/\/www.facebook.com\/EcoquimicBalear\/","https:\/\/x.com\/EcoquimicBalear","https:\/\/www.instagram.com\/ecoquimic\/","https:\/\/www.linkedin.com\/company\/ecoquimicbalear\/","https:\/\/www.youtube.com\/channel\/UCYxjbpYf4oB7iKCsjUM1J4g"]}]}},"_links":{"self":[{"href":"https:\/\/ecoquimic.com\/ca\/wp-json\/wp\/v2\/pages\/20020","targetHints":{"allow":["GET"]}}],"collection":[{"href":"https:\/\/ecoquimic.com\/ca\/wp-json\/wp\/v2\/pages"}],"about":[{"href":"https:\/\/ecoquimic.com\/ca\/wp-json\/wp\/v2\/types\/page"}],"author":[{"embeddable":true,"href":"https:\/\/ecoquimic.com\/ca\/wp-json\/wp\/v2\/users\/10"}],"replies":[{"embeddable":true,"href":"https:\/\/ecoquimic.com\/ca\/wp-json\/wp\/v2\/comments?post=20020"}],"version-history":[{"count":3,"href":"https:\/\/ecoquimic.com\/ca\/wp-json\/wp\/v2\/pages\/20020\/revisions"}],"predecessor-version":[{"id":20034,"href":"https:\/\/ecoquimic.com\/ca\/wp-json\/wp\/v2\/pages\/20020\/revisions\/20034"}],"up":[{"embeddable":true,"href":"https:\/\/ecoquimic.com\/ca\/wp-json\/wp\/v2\/pages\/7886"}],"wp:attachment":[{"href":"https:\/\/ecoquimic.com\/ca\/wp-json\/wp\/v2\/media?parent=20020"}],"curies":[{"name":"wp","href":"https:\/\/api.w.org\/{rel}","templated":true}]}}