{"id":19104,"date":"2024-09-13T06:21:33","date_gmt":"2024-09-13T06:21:33","guid":{"rendered":"https:\/\/ecoquimic.com\/?page_id=19104"},"modified":"2024-09-13T09:38:14","modified_gmt":"2024-09-13T09:38:14","slug":"el-impacto-del-packaging","status":"publish","type":"page","link":"https:\/\/ecoquimic.com\/ca\/blog2\/el-impacto-del-packaging\/","title":{"rendered":"L'impacte de l'embalatge"},"content":{"rendered":"<div data-colibri-id=\"19104-c1\" class=\"style-11271 style-local-19104-c1 position-relative\">\n  <!---->\n  <div data-colibri-component=\"section\" data-colibri-id=\"19104-c2\" id=\"custom\" class=\"h-section h-section-global-spacing d-flex align-items-lg-center align-items-md-center align-items-center style-11272 style-local-19104-c2 position-relative\">\n    <!---->\n    <!---->\n    <div class=\"h-section-grid-container h-section-boxed-container\">\n      <!---->\n      <div data-colibri-id=\"19104-c3\" class=\"h-row-container gutters-row-lg-2 gutters-row-md-2 gutters-row-0 gutters-row-v-lg-2 gutters-row-v-md-2 gutters-row-v-2 style-11273 style-local-19104-c3 position-relative\">\n        <!---->\n        <div class=\"h-row justify-content-lg-center justify-content-md-center justify-content-center align-items-lg-stretch align-items-md-stretch align-items-stretch gutters-col-lg-2 gutters-col-md-2 gutters-col-0 gutters-col-v-lg-2 gutters-col-v-md-2 gutters-col-v-2\">\n          <!---->\n          <div class=\"h-column h-column-container d-flex h-col-lg-auto h-col-md-auto h-col-auto style-11259-outer style-local-19104-c4-outer\">\n            <div data-colibri-id=\"19104-c4\" class=\"d-flex h-flex-basis h-column__inner h-px-lg-2 h-px-md-2 h-px-2 v-inner-lg-2 v-inner-md-2 v-inner-2 style-11259 style-local-19104-c4 position-relative\">\n              <!---->\n              <!---->\n              <div class=\"w-100 h-y-container h-column__content h-column__v-align flex-basis-100 align-self-lg-start align-self-md-start align-self-start\">\n                <!---->\n                <div data-colibri-id=\"19104-c5\" class=\"h-global-transition-all h-heading style-8267 style-local-19104-c5 position-relative h-element\">\n                  <!---->\n                  <div class=\"h-heading__outer style-8267 style-local-19104-c5\">\n                    <!---->\n                    <!---->\n                    <h1 class=\"\">L'impacte de l'embalatge<\/h1>\n                  <\/div>\n                <\/div>\n                <div data-colibri-id=\"19104-c6\" class=\"h-global-transition-all h-heading style-11076 style-local-19104-c6 position-relative h-element\">\n                  <!---->\n                  <div class=\"h-heading__outer style-11076 style-local-19104-c6\">\n                    <!---->\n                    <!---->\n                    <h2 class=\"\">En la sostenibilitat dels productes de neteja<\/h2>\n                  <\/div>\n                <\/div>\n              <\/div>\n            <\/div>\n          <\/div>\n        <\/div>\n      <\/div>\n    <\/div>\n  <\/div>\n  <div data-colibri-component=\"section\" data-colibri-id=\"19104-c10\" id=\"custom-2\" class=\"h-section h-section-global-spacing d-flex align-items-lg-center align-items-md-center align-items-center style-11280 style-local-19104-c10 position-relative\">\n    <!---->\n    <!---->\n    <div class=\"h-section-grid-container h-section-boxed-container\">\n      <!---->\n      <div data-colibri-id=\"19104-c11\" class=\"h-row-container gutters-row-lg-2 gutters-row-md-2 gutters-row-0 gutters-row-v-lg-2 gutters-row-v-md-2 gutters-row-v-2 style-11281 style-local-19104-c11 position-relative\">\n        <!---->\n        <div class=\"h-row justify-content-lg-center justify-content-md-center justify-content-center align-items-lg-stretch align-items-md-stretch align-items-stretch gutters-col-lg-2 gutters-col-md-2 gutters-col-0 gutters-col-v-lg-2 gutters-col-v-md-2 gutters-col-v-2\">\n          <!---->\n          <div class=\"h-column h-column-container d-flex h-col-lg-auto h-col-md-auto h-col-auto style-11282-outer style-local-19104-c12-outer\">\n            <div data-colibri-id=\"19104-c12\" class=\"d-flex h-flex-basis h-column__inner h-px-lg-2 h-px-md-2 h-px-2 v-inner-lg-2 v-inner-md-2 v-inner-2 style-11282 style-local-19104-c12 position-relative\">\n              <!---->\n              <!---->\n              <div class=\"w-100 h-y-container h-column__content h-column__v-align flex-basis-100 align-self-lg-start align-self-md-start align-self-start\">\n                <!---->\n                <div data-colibri-id=\"19104-c9\" class=\"h-text h-text-component style-11279 style-local-19104-c9 position-relative h-element\">\n                  <!---->\n                  <!---->\n                  <div class=\"\">\n                    <p>L'embalatge dels productes de neteja juguen un paper crucial en la sostenibilitat. Sovint, l'atenci\u00f3 se centra en la composici\u00f3 dels productes, per\u00f2 el disseny dels seus envasos \u00e9s igualment important per a reduir l'impacte ambiental.<\/p>\n                    <p>Els envasos no sols protegeixen el producte i faciliten la seva distribuci\u00f3, sin\u00f3 que tamb\u00e9 generen una quantitat significativa de residus. A mesura que creix la preocupaci\u00f3 pel medi ambient, les empreses estan buscant solucions innovadores per a fer que l'embalatge sigui m\u00e9s sostenible.<\/p>\n                    <p>En aquest article, analitzarem com el disseny d'envasos influeix en la sostenibilitat i parlarem d'algunes de les solucions m\u00e9s prometedores que estan ajudant a reduir els residus.<\/p>\n                  <\/div>\n                <\/div>\n                <div data-colibri-id=\"19104-c13\" class=\"h-global-transition-all h-heading style-11079 style-local-19104-c13 position-relative h-element\">\n                  <!---->\n                  <div class=\"h-heading__outer style-11079 style-local-19104-c13\">\n                    <!---->\n                    <!---->\n                    <h3 class=\"\">El desafiament del pl\u00e0stic en els envasos de productes de neteja<\/h3>\n                  <\/div>\n                <\/div>\n                <div data-colibri-id=\"19104-c14\" class=\"h-text h-text-component style-11284 style-local-19104-c14 position-relative h-element\">\n                  <!---->\n                  <!---->\n                  <div class=\"\">\n                    <p>Hist\u00f2ricament, el pl\u00e0stic ha estat el material m\u00e9s utilitzat per als envasos de productes de neteja a causa de la seva durabilitat, sota cost i versatilitat. No obstant aix\u00f2, el pl\u00e0stic presenta un gran desafiament ambiental. Cada any, milions\nde tones de pl\u00e0stic acaben en abocadors o en l'oce\u00e0, trigant centenars d'anys a degradar-se. <\/p>\n                    <p>Aix\u00f2 ha portat a una pressi\u00f3 creixent per a trobar alternatives m\u00e9s sostenibles.<\/p>\n                    <p>Els envasos pl\u00e0stics d'un sol \u00fas, especialment aquells que no s\u00f3n reciclables, contribueixen significativament a l'acumulaci\u00f3 de residus pl\u00e0stics. En el cas dels productes de neteja, molts envasos s\u00f3n dif\u00edcils de reciclar\na causa de la pres\u00e8ncia d'etiquetes, colorants i la mescla de diferents tipus de pl\u00e0stic. A m\u00e9s, alguns productes de neteja requereixen envasos resistents a productes qu\u00edmics, la qual cosa complica encara m\u00e9s el seu reciclatge.<\/p>\n                  <\/div>\n                <\/div>\n                <div data-colibri-id=\"19104-c15\" class=\"h-global-transition-all h-heading style-11079 style-local-19104-c15 position-relative h-element\">\n                  <!---->\n                  <div class=\"h-heading__outer style-11079 style-local-19104-c15\">\n                    <!---->\n                    <!---->\n                    <h3 class=\"\">Solucions sostenibles en el disseny d'envasos<\/h3>\n                  <\/div>\n                <\/div>\n                <div data-colibri-id=\"19104-c16\" class=\"h-text h-text-component style-11286 style-local-19104-c16 position-relative h-element\">\n                  <!---->\n                  <!---->\n                  <div class=\"\">\n                    <p>Per a mitigar l'impacte ambiental, les empreses estem en continua exploraci\u00f3 d'estrat\u00e8gies innovadores:<\/p>\n                  <\/div>\n                <\/div>\n                <div data-colibri-id=\"19104-c17\" class=\"h-text h-text-component style-11287 style-local-19104-c17 position-relative h-element\">\n                  <!---->\n                  <!---->\n                  <div class=\"\">\n                    <p><span style=\"font-weight: 600;\">Productes concentrats<\/span><\/p>\n                  <\/div>\n                <\/div>\n                <div data-colibri-id=\"19104-c18\" class=\"h-text h-text-component style-11288 style-local-19104-c18 position-relative h-element\">\n                  <!---->\n                  <!---->\n                  <div class=\"\">\n                    <p>Els productes de neteja concentrats estan guanyant popularitat com una soluci\u00f3 sostenible. En reduir la quantitat d'aigua en la f\u00f3rmula del producte, es disminueix la grand\u00e0ria de l'env\u00e0s necessari i s'optimitza, la qual cosa redueix les\nemissions de carboni associats a l'enviament de grans volums de producte.<\/p>\n                    <p>Aquests concentrats venen en envasos petits que l'usuari pot barrejar amb aigua a la seva casa, la qual cosa redueix la quantitat de pl\u00e0stic utilitzat. A m\u00e9s, la menor grand\u00e0ria d'env\u00e0s tamb\u00e9 implica menys recursos utilitzats en la seva fabricaci\u00f3\ni menor espai requerit per al seu emmagatzematge i distribuci\u00f3.<\/p>\n                  <\/div>\n                <\/div>\n                <div data-colibri-id=\"19104-c22\" class=\"h-text h-text-component style-11287 style-local-19104-c22 position-relative h-element\">\n                  <!---->\n                  <!---->\n                  <div class=\"\">\n                    <p><span style=\"font-weight: 600;\">Envasos reutilitzables<\/span><\/p>\n                  <\/div>\n                <\/div>\n                <div data-colibri-id=\"19104-c23\" class=\"h-text h-text-component style-11291 style-local-19104-c23 position-relative h-element\">\n                  <!---->\n                  <!---->\n                  <div class=\"\">\n                    <p>Una altra tend\u00e8ncia important en la sostenibilitat de l'embalatge \u00e9s el disseny d'envasos reutilitzables. Alguns productes de neteja ara es venen en formats que permeten als consumidors emplenar el mateix env\u00e0s diverses vegades. Aquest\nenfocament redueix considerablement la quantitat d'envasos rebutjats i fomenta un cicle de vida m\u00e9s llarg per a cada producte.<\/p>\n                    <p>Les estacions de rec\u00e0rrega en botigues o l'enviament de rec\u00e0rregues concentrades per a diluir a casa s\u00f3n exemple de com les empreses estan promovent envasos reutilitzables, fent m\u00e9s accessible per als consumidors l'adopci\u00f3 d'h\u00e0bits\nsostenibles.<\/p>\n                  <\/div>\n                <\/div>\n                <div data-colibri-id=\"19104-c24\" class=\"h-text h-text-component style-11287 style-local-19104-c24 position-relative h-element\">\n                  <!---->\n                  <!---->\n                  <div class=\"\">\n                    <p><span style=\"font-weight: 600;\">Disseny innovador per a minimitzar residus<\/span><\/p>\n                  <\/div>\n                <\/div>\n                <div data-colibri-id=\"19104-c25\" class=\"h-text h-text-component style-11292 style-local-19104-c25 position-relative h-element\">\n                  <!---->\n                  <!---->\n                  <div class=\"\">\n                    <p>El disseny de l'env\u00e0s en si tamb\u00e9 pot influir en la quantitat de residus generats. Per exemple, els envasos en forma de c\u00e0psules solubles, com les usades en alguns detergents, eliminen la necessitat d'envasos addicionals, ja que\nles c\u00e0psules es dissolen completament durant l'\u00fas.<\/p>\n                  <\/div>\n                <\/div>\n                <div data-colibri-id=\"19104-c27\" class=\"h-global-transition-all h-heading style-11079 style-local-19104-c27 position-relative h-element\">\n                  <!---->\n                  <div class=\"h-heading__outer style-11079 style-local-19104-c27\">\n                    <!---->\n                    <!---->\n                    <h3 class=\"\">El paper del consumidor en la sostenibilitat de l'embalatge<\/h3>\n                  <\/div>\n                <\/div>\n                <div data-colibri-id=\"19104-c28\" class=\"h-text h-text-component style-11293 style-local-19104-c28 position-relative h-element\">\n                  <!---->\n                  <!---->\n                  <div class=\"\">\n                    <p>L'elecci\u00f3 conscient del consumidor \u00e9s essencial per a impulsar el canvi, ja que en optar per productes que utilitzen envasos sostenibles, els consumidors poden reduir significativament la quantitat de residus que es generen.<\/p>\n                    <p>Un dels principals passos a prendre \u00e9s, prioritzar la compra amb envasos minimalistes o que ofereixin opcions de rec\u00e0rrega ajudant no sols a reduir la quantitat de material utilitzat per a l'embalatge, sin\u00f3 que tamb\u00e9 fomenta l'adopci\u00f3\nd'un estil de vida m\u00e9s responsable.<\/p>\n                    <p>Un altre aspecte important \u00e9s la consci\u00e8ncia i educaci\u00f3 ambiental, sent els consumidors conscients de les etiquetes i certificacions que avalen la sostenibilitat de l'embalatge, com a s\u00edmbols de reciclabilitat o segells de compostabilitat,\ncomprendre el significat d'aquestes etiquetes permet prendre decisions informades i responsables, impulsant aix\u00ed una major demanda de productes que utilitzin embalatge sostenible.<\/p>\n                  <\/div>\n                <\/div>\n                <div data-colibri-id=\"19104-c29\" class=\"h-global-transition-all h-heading style-11079 style-local-19104-c29 position-relative h-element\">\n                  <!---->\n                  <div class=\"h-heading__outer style-11079 style-local-19104-c29\">\n                    <!---->\n                    <!---->\n                    <h3 class=\"\">Conclusi\u00f3<\/h3>\n                  <\/div>\n                <\/div>\n                <div data-colibri-id=\"19104-c30\" class=\"h-text h-text-component style-11294 style-local-19104-c30 position-relative h-element\">\n                  <!---->\n                  <!---->\n                  <div class=\"\">\n                    <p>El disseny d'embalatge juga un crucial en la sostenibilitat dels productes de neteja. Les empreses estan adoptant solucions innovadores com a envasos reutilitzables i concentrats per a reduir els residus i minimitzar l'impacte\nambiental. No obstant aix\u00f2 l'\u00e8xit d'aquestes iniciatives tamb\u00e9 dep\u00e8n de la participaci\u00f3 activa dels consumidors, els qui tenen el poder de triar productes que donin suport a un enfocament m\u00e9s sostenible.<\/p>\n                    <p>A mesura que la ind\u00fastria evoluciona cap a pr\u00e0ctiques m\u00e9s responsables, l'embalatge sostenible ser\u00e0 clau per a aconseguir una reducci\u00f3 efectiva dels residus i un impacte ambiental positiu.<\/p>\n                  <\/div>\n                <\/div>\n              <\/div>\n            <\/div>\n          <\/div>\n        <\/div>\n      <\/div>\n    <\/div>\n  <\/div>\n<\/div>","protected":false},"excerpt":{"rendered":"<p>El impacto del packaging En la sostenibilidad de los productos de limpieza El packaging o embalaje de los productos de limpieza juega un papel crucial en su sostenibilidad. A menudo, la atenci\u00f3n se centra en la composici\u00f3n de los productos, pero el dise\u00f1o de sus envases es igualmente importante para reducir el impacto ambiental. Los [&hellip;]<\/p>\n","protected":false},"author":10,"featured_media":0,"parent":3464,"menu_order":0,"comment_status":"closed","ping_status":"closed","template":"page-templates\/full-width-page.php","meta":{"footnotes":""},"class_list":["post-19104","page","type-page","status-publish","hentry"],"yoast_head":"<!-- This site is optimized with the Yoast SEO plugin v27.4 - https:\/\/yoast.com\/product\/yoast-seo-wordpress\/ -->\n<title>El impacto del packaging - Ecoquimic<\/title>\n<meta name=\"description\" content=\"Fabricaci\u00f3n de productos qu\u00edmicos, marcas blancas, productos de limpieza, automoci\u00f3n, n\u00e1utica, lavander\u00eda industrial, lavander\u00eda dom\u00e9stica, construcci\u00f3n, Canal Horeca, productos biol\u00f3gicos, ambientadores, piscina. Ecoquimic - El impacto del packaging\" \/>\n<meta name=\"robots\" content=\"index, follow, max-snippet:-1, max-image-preview:large, max-video-preview:-1\" \/>\n<link rel=\"canonical\" href=\"https:\/\/ecoquimic.com\/ca\/blog2\/el-impacto-del-packaging\/\" \/>\n<meta property=\"og:locale\" content=\"ca_ES\" \/>\n<meta property=\"og:type\" content=\"article\" \/>\n<meta property=\"og:title\" content=\"El impacto del packaging - Ecoquimic\" \/>\n<meta property=\"og:description\" content=\"Fabricaci\u00f3n de productos qu\u00edmicos, marcas blancas, productos de limpieza, automoci\u00f3n, n\u00e1utica, lavander\u00eda industrial, lavander\u00eda dom\u00e9stica, construcci\u00f3n, Canal Horeca, productos biol\u00f3gicos, ambientadores, piscina. Ecoquimic - El impacto del packaging\" \/>\n<meta property=\"og:url\" content=\"https:\/\/ecoquimic.com\/ca\/blog2\/el-impacto-del-packaging\/\" \/>\n<meta property=\"og:site_name\" content=\"Ecoquimic\" \/>\n<meta property=\"article:publisher\" content=\"https:\/\/www.facebook.com\/EcoquimicBalear\/\" \/>\n<meta property=\"article:modified_time\" content=\"2024-09-13T09:38:14+00:00\" \/>\n<meta name=\"twitter:card\" content=\"summary_large_image\" \/>\n<meta name=\"twitter:site\" content=\"@EcoquimicBalear\" \/>\n<script type=\"application\/ld+json\" class=\"yoast-schema-graph\">{\"@context\":\"https:\\\/\\\/schema.org\",\"@graph\":[{\"@type\":\"WebPage\",\"@id\":\"https:\\\/\\\/ecoquimic.com\\\/blog2\\\/el-impacto-del-packaging\\\/\",\"url\":\"https:\\\/\\\/ecoquimic.com\\\/blog2\\\/el-impacto-del-packaging\\\/\",\"name\":\"El impacto del packaging - Ecoquimic\",\"isPartOf\":{\"@id\":\"https:\\\/\\\/ecoquimic.com\\\/#website\"},\"datePublished\":\"2024-09-13T06:21:33+00:00\",\"dateModified\":\"2024-09-13T09:38:14+00:00\",\"description\":\"Fabricaci\u00f3n de productos qu\u00edmicos, marcas blancas, productos de limpieza, automoci\u00f3n, n\u00e1utica, lavander\u00eda industrial, lavander\u00eda dom\u00e9stica, construcci\u00f3n, Canal Horeca, productos biol\u00f3gicos, ambientadores, piscina. Ecoquimic - El impacto del packaging\",\"breadcrumb\":{\"@id\":\"https:\\\/\\\/ecoquimic.com\\\/blog2\\\/el-impacto-del-packaging\\\/#breadcrumb\"},\"inLanguage\":\"ca\",\"potentialAction\":[{\"@type\":\"ReadAction\",\"target\":[\"https:\\\/\\\/ecoquimic.com\\\/blog2\\\/el-impacto-del-packaging\\\/\"]}]},{\"@type\":\"BreadcrumbList\",\"@id\":\"https:\\\/\\\/ecoquimic.com\\\/blog2\\\/el-impacto-del-packaging\\\/#breadcrumb\",\"itemListElement\":[{\"@type\":\"ListItem\",\"position\":1,\"name\":\"Portada\",\"item\":\"https:\\\/\\\/ecoquimic.com\\\/\"},{\"@type\":\"ListItem\",\"position\":2,\"name\":\"Blog\",\"item\":\"https:\\\/\\\/ecoquimic.com\\\/blog2\\\/\"},{\"@type\":\"ListItem\",\"position\":3,\"name\":\"El impacto del packaging\"}]},{\"@type\":\"WebSite\",\"@id\":\"https:\\\/\\\/ecoquimic.com\\\/#website\",\"url\":\"https:\\\/\\\/ecoquimic.com\\\/\",\"name\":\"Ecoquimic\",\"description\":\"F\u00e1brica productos qu\u00edmicos de limpieza en Mallorca, Baleares, Espa\u00f1a\",\"publisher\":{\"@id\":\"https:\\\/\\\/ecoquimic.com\\\/#organization\"},\"potentialAction\":[{\"@type\":\"SearchAction\",\"target\":{\"@type\":\"EntryPoint\",\"urlTemplate\":\"https:\\\/\\\/ecoquimic.com\\\/?s={search_term_string}\"},\"query-input\":{\"@type\":\"PropertyValueSpecification\",\"valueRequired\":true,\"valueName\":\"search_term_string\"}}],\"inLanguage\":\"ca\"},{\"@type\":\"Organization\",\"@id\":\"https:\\\/\\\/ecoquimic.com\\\/#organization\",\"name\":\"Ecoquimic\",\"url\":\"https:\\\/\\\/ecoquimic.com\\\/\",\"logo\":{\"@type\":\"ImageObject\",\"inLanguage\":\"ca\",\"@id\":\"https:\\\/\\\/ecoquimic.com\\\/#\\\/schema\\\/logo\\\/image\\\/\",\"url\":\"https:\\\/\\\/ecoquimic.com\\\/wp-content\\\/uploads\\\/2021\\\/10\\\/ecoquimic.png\",\"contentUrl\":\"https:\\\/\\\/ecoquimic.com\\\/wp-content\\\/uploads\\\/2021\\\/10\\\/ecoquimic.png\",\"width\":200,\"height\":93,\"caption\":\"Ecoquimic\"},\"image\":{\"@id\":\"https:\\\/\\\/ecoquimic.com\\\/#\\\/schema\\\/logo\\\/image\\\/\"},\"sameAs\":[\"https:\\\/\\\/www.facebook.com\\\/EcoquimicBalear\\\/\",\"https:\\\/\\\/x.com\\\/EcoquimicBalear\",\"https:\\\/\\\/www.instagram.com\\\/ecoquimic\\\/\",\"https:\\\/\\\/www.linkedin.com\\\/company\\\/ecoquimicbalear\\\/\",\"https:\\\/\\\/www.youtube.com\\\/channel\\\/UCYxjbpYf4oB7iKCsjUM1J4g\"]}]}<\/script>\n<!-- \/ Yoast SEO plugin. -->","yoast_head_json":{"title":"El impacto del packaging - Ecoquimic","description":"Fabricaci\u00f3n de productos qu\u00edmicos, marcas blancas, productos de limpieza, automoci\u00f3n, n\u00e1utica, lavander\u00eda industrial, lavander\u00eda dom\u00e9stica, construcci\u00f3n, Canal Horeca, productos biol\u00f3gicos, ambientadores, piscina. Ecoquimic - El impacto del packaging","robots":{"index":"index","follow":"follow","max-snippet":"max-snippet:-1","max-image-preview":"max-image-preview:large","max-video-preview":"max-video-preview:-1"},"canonical":"https:\/\/ecoquimic.com\/ca\/blog2\/el-impacto-del-packaging\/","og_locale":"ca_ES","og_type":"article","og_title":"El impacto del packaging - Ecoquimic","og_description":"Fabricaci\u00f3n de productos qu\u00edmicos, marcas blancas, productos de limpieza, automoci\u00f3n, n\u00e1utica, lavander\u00eda industrial, lavander\u00eda dom\u00e9stica, construcci\u00f3n, Canal Horeca, productos biol\u00f3gicos, ambientadores, piscina. Ecoquimic - El impacto del packaging","og_url":"https:\/\/ecoquimic.com\/ca\/blog2\/el-impacto-del-packaging\/","og_site_name":"Ecoquimic","article_publisher":"https:\/\/www.facebook.com\/EcoquimicBalear\/","article_modified_time":"2024-09-13T09:38:14+00:00","twitter_card":"summary_large_image","twitter_site":"@EcoquimicBalear","schema":{"@context":"https:\/\/schema.org","@graph":[{"@type":"WebPage","@id":"https:\/\/ecoquimic.com\/blog2\/el-impacto-del-packaging\/","url":"https:\/\/ecoquimic.com\/blog2\/el-impacto-del-packaging\/","name":"El impacto del packaging - Ecoquimic","isPartOf":{"@id":"https:\/\/ecoquimic.com\/#website"},"datePublished":"2024-09-13T06:21:33+00:00","dateModified":"2024-09-13T09:38:14+00:00","description":"Fabricaci\u00f3n de productos qu\u00edmicos, marcas blancas, productos de limpieza, automoci\u00f3n, n\u00e1utica, lavander\u00eda industrial, lavander\u00eda dom\u00e9stica, construcci\u00f3n, Canal Horeca, productos biol\u00f3gicos, ambientadores, piscina. Ecoquimic - El impacto del packaging","breadcrumb":{"@id":"https:\/\/ecoquimic.com\/blog2\/el-impacto-del-packaging\/#breadcrumb"},"inLanguage":"ca","potentialAction":[{"@type":"ReadAction","target":["https:\/\/ecoquimic.com\/blog2\/el-impacto-del-packaging\/"]}]},{"@type":"BreadcrumbList","@id":"https:\/\/ecoquimic.com\/blog2\/el-impacto-del-packaging\/#breadcrumb","itemListElement":[{"@type":"ListItem","position":1,"name":"Portada","item":"https:\/\/ecoquimic.com\/"},{"@type":"ListItem","position":2,"name":"Blog","item":"https:\/\/ecoquimic.com\/blog2\/"},{"@type":"ListItem","position":3,"name":"El impacto del packaging"}]},{"@type":"WebSite","@id":"https:\/\/ecoquimic.com\/#website","url":"https:\/\/ecoquimic.com\/","name":"Ecoquimic","description":"F\u00e1brica productos qu\u00edmicos de limpieza en Mallorca, Baleares, Espa\u00f1a","publisher":{"@id":"https:\/\/ecoquimic.com\/#organization"},"potentialAction":[{"@type":"SearchAction","target":{"@type":"EntryPoint","urlTemplate":"https:\/\/ecoquimic.com\/?s={search_term_string}"},"query-input":{"@type":"PropertyValueSpecification","valueRequired":true,"valueName":"search_term_string"}}],"inLanguage":"ca"},{"@type":"Organization","@id":"https:\/\/ecoquimic.com\/#organization","name":"Ecoquimic","url":"https:\/\/ecoquimic.com\/","logo":{"@type":"ImageObject","inLanguage":"ca","@id":"https:\/\/ecoquimic.com\/#\/schema\/logo\/image\/","url":"https:\/\/ecoquimic.com\/wp-content\/uploads\/2021\/10\/ecoquimic.png","contentUrl":"https:\/\/ecoquimic.com\/wp-content\/uploads\/2021\/10\/ecoquimic.png","width":200,"height":93,"caption":"Ecoquimic"},"image":{"@id":"https:\/\/ecoquimic.com\/#\/schema\/logo\/image\/"},"sameAs":["https:\/\/www.facebook.com\/EcoquimicBalear\/","https:\/\/x.com\/EcoquimicBalear","https:\/\/www.instagram.com\/ecoquimic\/","https:\/\/www.linkedin.com\/company\/ecoquimicbalear\/","https:\/\/www.youtube.com\/channel\/UCYxjbpYf4oB7iKCsjUM1J4g"]}]}},"_links":{"self":[{"href":"https:\/\/ecoquimic.com\/ca\/wp-json\/wp\/v2\/pages\/19104","targetHints":{"allow":["GET"]}}],"collection":[{"href":"https:\/\/ecoquimic.com\/ca\/wp-json\/wp\/v2\/pages"}],"about":[{"href":"https:\/\/ecoquimic.com\/ca\/wp-json\/wp\/v2\/types\/page"}],"author":[{"embeddable":true,"href":"https:\/\/ecoquimic.com\/ca\/wp-json\/wp\/v2\/users\/10"}],"replies":[{"embeddable":true,"href":"https:\/\/ecoquimic.com\/ca\/wp-json\/wp\/v2\/comments?post=19104"}],"version-history":[{"count":2,"href":"https:\/\/ecoquimic.com\/ca\/wp-json\/wp\/v2\/pages\/19104\/revisions"}],"predecessor-version":[{"id":19109,"href":"https:\/\/ecoquimic.com\/ca\/wp-json\/wp\/v2\/pages\/19104\/revisions\/19109"}],"up":[{"embeddable":true,"href":"https:\/\/ecoquimic.com\/ca\/wp-json\/wp\/v2\/pages\/3464"}],"wp:attachment":[{"href":"https:\/\/ecoquimic.com\/ca\/wp-json\/wp\/v2\/media?parent=19104"}],"curies":[{"name":"wp","href":"https:\/\/api.w.org\/{rel}","templated":true}]}}