{"id":18918,"date":"2024-09-03T12:56:52","date_gmt":"2024-09-03T12:56:52","guid":{"rendered":"https:\/\/ecoquimic.com\/?page_id=18918"},"modified":"2024-09-03T13:16:57","modified_gmt":"2024-09-03T13:16:57","slug":"convirtiendo-la-excelencia-en-alianzas","status":"publish","type":"page","link":"https:\/\/ecoquimic.com\/ca\/blog2\/convirtiendo-la-excelencia-en-alianzas\/","title":{"rendered":"Convertint l'excel\u00b7l\u00e8ncia en aliances"},"content":{"rendered":"<div data-colibri-id=\"18918-c1\" class=\"style-11254 style-local-18918-c1 position-relative\">\n  <!---->\n  <div data-colibri-component=\"section\" data-colibri-id=\"18918-c2\" id=\"custom\" class=\"h-section h-section-global-spacing d-flex align-items-lg-center align-items-md-center align-items-center style-11255 style-local-18918-c2 position-relative\">\n    <!---->\n    <!---->\n    <div class=\"h-section-grid-container h-section-boxed-container\">\n      <!---->\n      <div data-colibri-id=\"18918-c5\" class=\"h-row-container gutters-row-lg-2 gutters-row-md-2 gutters-row-0 gutters-row-v-lg-2 gutters-row-v-md-2 gutters-row-v-2 style-11258 style-local-18918-c5 position-relative\">\n        <!---->\n        <div class=\"h-row justify-content-lg-center justify-content-md-center justify-content-center align-items-lg-stretch align-items-md-stretch align-items-stretch gutters-col-lg-2 gutters-col-md-2 gutters-col-0 gutters-col-v-lg-2 gutters-col-v-md-2 gutters-col-v-2\">\n          <!---->\n          <div class=\"h-column h-column-container d-flex h-col-lg-auto h-col-md-auto h-col-auto style-11259-outer style-local-18918-c6-outer\">\n            <div data-colibri-id=\"18918-c6\" class=\"d-flex h-flex-basis h-column__inner h-px-lg-2 h-px-md-2 h-px-2 v-inner-lg-2 v-inner-md-2 v-inner-2 style-11259 style-local-18918-c6 position-relative\">\n              <!---->\n              <!---->\n              <div class=\"w-100 h-y-container h-column__content h-column__v-align flex-basis-100 align-self-lg-start align-self-md-start align-self-start\">\n                <!---->\n                <div data-colibri-id=\"18918-c7\" class=\"h-global-transition-all h-heading style-8267 style-local-18918-c7 position-relative h-element\">\n                  <!---->\n                  <div class=\"h-heading__outer style-8267 style-local-18918-c7\">\n                    <!---->\n                    <!---->\n                    <h1 class=\"\">Convertint l'excel\u00b7l\u00e8ncia en aliances<\/h1>\n                  <\/div>\n                <\/div>\n                <div data-colibri-id=\"18918-c8\" class=\"h-global-transition-all h-heading style-11076 style-local-18918-c8 position-relative h-element\">\n                  <!---->\n                  <div class=\"h-heading__outer style-11076 style-local-18918-c8\">\n                    <!---->\n                    <!---->\n                    <h2 class=\"\">Som Socis Preferents de la Cambra de Comer\u00e7<\/h2>\n                  <\/div>\n                <\/div>\n              <\/div>\n            <\/div>\n          <\/div>\n        <\/div>\n      <\/div>\n      <div data-colibri-id=\"18918-c12\" class=\"h-row-container gutters-row-lg-2 gutters-row-md-2 gutters-row-0 gutters-row-v-lg-2 gutters-row-v-md-2 gutters-row-v-2 style-11265 style-local-18918-c12 position-relative\">\n        <!---->\n        <div class=\"h-row justify-content-lg-center justify-content-md-center justify-content-center align-items-lg-stretch align-items-md-stretch align-items-stretch gutters-col-lg-2 gutters-col-md-2 gutters-col-0 gutters-col-v-lg-2 gutters-col-v-md-2 gutters-col-v-2\">\n          <!---->\n          <div class=\"h-column h-column-container d-flex h-col-lg-auto h-col-md-auto h-col-auto style-11266-outer style-local-18918-c13-outer\">\n            <div data-colibri-id=\"18918-c13\" class=\"d-flex h-flex-basis h-column__inner h-px-lg-2 h-px-md-2 h-px-2 v-inner-lg-2 v-inner-md-2 v-inner-2 style-11266 style-local-18918-c13 position-relative\">\n              <!---->\n              <!---->\n              <div class=\"w-100 h-y-container h-column__content h-column__v-align flex-basis-100 align-self-lg-start align-self-md-start align-self-start\">\n                <!---->\n                <div data-colibri-id=\"18918-c14\" class=\"h-text h-text-component style-11267 style-local-18918-c14 position-relative h-element\">\n                  <!---->\n                  <!---->\n                  <div class=\"\">\n                    <p>A Ecoqu\u00edmic estem molt emocionats d'anunciar que som Socis Preferents de la Cambra de Comer\u00e7, ja que aquest reconeixement \u00e9s un testimoni del nostre comprom\u00eds amb l'excel\u00b7l\u00e8ncia i el creixement sostingut en el sector empresarial.<\/p>\n                  <\/div>\n                <\/div>\n                <div data-colibri-id=\"18918-c15\" class=\"h-global-transition-all h-heading style-11079 style-local-18918-c15 position-relative h-element\">\n                  <!---->\n                  <div class=\"h-heading__outer style-11079 style-local-18918-c15\">\n                    <!---->\n                    <!---->\n                    <h3 class=\"\">Qu\u00e8 significa aix\u00f2?<\/h3>\n                  <\/div>\n                <\/div>\n                <div data-colibri-id=\"18918-c16\" class=\"h-text h-text-component style-11269 style-local-18918-c16 position-relative h-element\">\n                  <!---->\n                  <!---->\n                  <div class=\"\">\n                    <p>Ser Socis Preferents no \u00e9s nom\u00e9s un honor, sin\u00f3 que tamb\u00e9 representa una responsabilitat i una oportunitat significativa. Aquest estatus ens permet estar en l'avantguarda de les activitats empresarials, econ\u00f2miques, i comercials de la nostra regi\u00f3.<\/p>\n                    <p>Participem activament en una xarxa d'empreses l\u00edders, col\u00b7laborem en iniciatives estrat\u00e8giques i tenim acc\u00e9s exclusiu a recursos que ens permeten continuar creixent i oferint el millor servei als nostres clients.<\/p>\n                  <\/div>\n                <\/div>\n                <div data-colibri-id=\"18918-c17\" class=\"h-global-transition-all h-heading style-11079 style-local-18918-c17 position-relative h-element\">\n                  <!---->\n                  <div class=\"h-heading__outer style-11079 style-local-18918-c17\">\n                    <!---->\n                    <!---->\n                    <h3 class=\"\">Comprom\u00eds amb el Desenvolupament Empresarial<\/h3>\n                  <\/div>\n                <\/div>\n                <div data-colibri-id=\"18918-c18\" class=\"h-text h-text-component style-11269 style-local-18918-c18 position-relative h-element\">\n                  <!---->\n                  <!---->\n                  <div class=\"\">\n                    <p>Sempre hem cregut en la import\u00e0ncia de contribuir al desenvolupament econ\u00f2mic i social de la nostra comunitat, i el nostre nou rol en la Cambra de Comer\u00e7 refor\u00e7a aquest comprom\u00eds, ja que ens permet tenir una influ\u00e8ncia encara major en l'\u00e0mbit empresarial local i regional.<\/p>\n                    <p>Participarem activament en esdeveniments, confer\u00e8ncies, i taules rodones, on compartirem les nostres experi\u00e8ncies i aprendrem d'altres l\u00edders empresarials.<\/p>\n                  <\/div>\n                <\/div>\n                <div data-colibri-id=\"18918-c19\" class=\"h-global-transition-all h-heading style-11079 style-local-18918-c19 position-relative h-element\">\n                  <!---->\n                  <div class=\"h-heading__outer style-11079 style-local-18918-c19\">\n                    <!---->\n                    <!---->\n                    <h3 class=\"\">Mirant cap al futur<\/h3>\n                  <\/div>\n                <\/div>\n                <div data-colibri-id=\"18918-c20\" class=\"h-text h-text-component style-11269 style-local-18918-c20 position-relative h-element\">\n                  <!---->\n                  <!---->\n                  <div class=\"\">\n                    <p>Aquest \u00e9s nom\u00e9s el comen\u00e7ament d'una nova etapa a Ecoqu\u00edmic, ja que ens motiva a continuar millorant, innovant i creixent al costat dels nostres clients i socis. <\/p>\n                    <p>Estem entusiasmats per les noves oportunitats que es presenten i agra\u00efm a tots aquells que han confiat a nosaltres al llarg del cam\u00ed, junts continuarem marcant la difer\u00e8ncia en el m\u00f3n empresarial!<\/p>\n                  <\/div>\n                <\/div>\n              <\/div>\n            <\/div>\n          <\/div>\n        <\/div>\n      <\/div>\n    <\/div>\n  <\/div>\n<\/div>","protected":false},"excerpt":{"rendered":"<p>Convirtiendo la excelencia en alianzas Somos Socios Preferentes de la C\u00e1mara de Comercio En Ecoqu\u00edmic estamos muy emocionados de anunciar que somos Socios Preferentes de la C\u00e1mara de Comercio, ya que este reconocimiento es un testimonio de nuestro compromiso con la excelencia y el crecimiento sostenido en el sector empresarial. \u00bfQu\u00e9 significa esto? Ser Socios [&hellip;]<\/p>\n","protected":false},"author":10,"featured_media":18895,"parent":3464,"menu_order":0,"comment_status":"closed","ping_status":"closed","template":"page-templates\/full-width-page.php","meta":{"footnotes":""},"class_list":["post-18918","page","type-page","status-publish","has-post-thumbnail","hentry"],"yoast_head":"<!-- This site is optimized with the Yoast SEO plugin v27.4 - https:\/\/yoast.com\/product\/yoast-seo-wordpress\/ -->\n<title>Convirtiendo la excelencia en alianzas - Ecoquimic<\/title>\n<meta name=\"description\" content=\"Fabricaci\u00f3n de productos qu\u00edmicos, marcas blancas, productos de limpieza, automoci\u00f3n, n\u00e1utica, lavander\u00eda industrial, lavander\u00eda dom\u00e9stica, construcci\u00f3n, Canal Horeca, productos biol\u00f3gicos, ambientadores, piscina. Ecoquimic - Convirtiendo la excelencia en alianzas\" \/>\n<meta name=\"robots\" content=\"index, follow, max-snippet:-1, max-image-preview:large, max-video-preview:-1\" \/>\n<link rel=\"canonical\" href=\"https:\/\/ecoquimic.com\/ca\/blog2\/convirtiendo-la-excelencia-en-alianzas\/\" \/>\n<meta property=\"og:locale\" content=\"ca_ES\" \/>\n<meta property=\"og:type\" content=\"article\" \/>\n<meta property=\"og:title\" content=\"Convirtiendo la excelencia en alianzas - Ecoquimic\" \/>\n<meta property=\"og:description\" content=\"Fabricaci\u00f3n de productos qu\u00edmicos, marcas blancas, productos de limpieza, automoci\u00f3n, n\u00e1utica, lavander\u00eda industrial, lavander\u00eda dom\u00e9stica, construcci\u00f3n, Canal Horeca, productos biol\u00f3gicos, ambientadores, piscina. Ecoquimic - Convirtiendo la excelencia en alianzas\" \/>\n<meta property=\"og:url\" content=\"https:\/\/ecoquimic.com\/ca\/blog2\/convirtiendo-la-excelencia-en-alianzas\/\" \/>\n<meta property=\"og:site_name\" content=\"Ecoquimic\" \/>\n<meta property=\"article:publisher\" content=\"https:\/\/www.facebook.com\/EcoquimicBalear\/\" \/>\n<meta property=\"article:modified_time\" content=\"2024-09-03T13:16:57+00:00\" \/>\n<meta property=\"og:image\" content=\"https:\/\/ecoquimic.com\/wp-content\/uploads\/2024\/09\/LOGO_Soci_Preferent_CAMBRA-COMERC.png\" \/>\n\t<meta property=\"og:image:width\" content=\"1424\" \/>\n\t<meta property=\"og:image:height\" content=\"1099\" \/>\n\t<meta property=\"og:image:type\" content=\"image\/png\" \/>\n<meta name=\"twitter:card\" content=\"summary_large_image\" \/>\n<meta name=\"twitter:site\" content=\"@EcoquimicBalear\" \/>\n<meta name=\"twitter:label1\" content=\"Temps estimat de lectura\" \/>\n\t<meta name=\"twitter:data1\" content=\"1 minut\" \/>\n<script type=\"application\/ld+json\" class=\"yoast-schema-graph\">{\"@context\":\"https:\\\/\\\/schema.org\",\"@graph\":[{\"@type\":\"WebPage\",\"@id\":\"https:\\\/\\\/ecoquimic.com\\\/blog2\\\/convirtiendo-la-excelencia-en-alianzas\\\/\",\"url\":\"https:\\\/\\\/ecoquimic.com\\\/blog2\\\/convirtiendo-la-excelencia-en-alianzas\\\/\",\"name\":\"Convirtiendo la excelencia en alianzas - Ecoquimic\",\"isPartOf\":{\"@id\":\"https:\\\/\\\/ecoquimic.com\\\/#website\"},\"primaryImageOfPage\":{\"@id\":\"https:\\\/\\\/ecoquimic.com\\\/blog2\\\/convirtiendo-la-excelencia-en-alianzas\\\/#primaryimage\"},\"image\":{\"@id\":\"https:\\\/\\\/ecoquimic.com\\\/blog2\\\/convirtiendo-la-excelencia-en-alianzas\\\/#primaryimage\"},\"thumbnailUrl\":\"https:\\\/\\\/ecoquimic.com\\\/wp-content\\\/uploads\\\/2024\\\/09\\\/LOGO_Soci_Preferent_CAMBRA-COMERC.png\",\"datePublished\":\"2024-09-03T12:56:52+00:00\",\"dateModified\":\"2024-09-03T13:16:57+00:00\",\"description\":\"Fabricaci\u00f3n de productos qu\u00edmicos, marcas blancas, productos de limpieza, automoci\u00f3n, n\u00e1utica, lavander\u00eda industrial, lavander\u00eda dom\u00e9stica, construcci\u00f3n, Canal Horeca, productos biol\u00f3gicos, ambientadores, piscina. Ecoquimic - Convirtiendo la excelencia en alianzas\",\"breadcrumb\":{\"@id\":\"https:\\\/\\\/ecoquimic.com\\\/blog2\\\/convirtiendo-la-excelencia-en-alianzas\\\/#breadcrumb\"},\"inLanguage\":\"ca\",\"potentialAction\":[{\"@type\":\"ReadAction\",\"target\":[\"https:\\\/\\\/ecoquimic.com\\\/blog2\\\/convirtiendo-la-excelencia-en-alianzas\\\/\"]}]},{\"@type\":\"ImageObject\",\"inLanguage\":\"ca\",\"@id\":\"https:\\\/\\\/ecoquimic.com\\\/blog2\\\/convirtiendo-la-excelencia-en-alianzas\\\/#primaryimage\",\"url\":\"https:\\\/\\\/ecoquimic.com\\\/wp-content\\\/uploads\\\/2024\\\/09\\\/LOGO_Soci_Preferent_CAMBRA-COMERC.png\",\"contentUrl\":\"https:\\\/\\\/ecoquimic.com\\\/wp-content\\\/uploads\\\/2024\\\/09\\\/LOGO_Soci_Preferent_CAMBRA-COMERC.png\",\"width\":1424,\"height\":1099,\"caption\":\"Socios Preferentes de la C\u00e1mara de Comercios\"},{\"@type\":\"BreadcrumbList\",\"@id\":\"https:\\\/\\\/ecoquimic.com\\\/blog2\\\/convirtiendo-la-excelencia-en-alianzas\\\/#breadcrumb\",\"itemListElement\":[{\"@type\":\"ListItem\",\"position\":1,\"name\":\"Portada\",\"item\":\"https:\\\/\\\/ecoquimic.com\\\/\"},{\"@type\":\"ListItem\",\"position\":2,\"name\":\"Blog\",\"item\":\"https:\\\/\\\/ecoquimic.com\\\/blog2\\\/\"},{\"@type\":\"ListItem\",\"position\":3,\"name\":\"Convirtiendo la excelencia en alianzas\"}]},{\"@type\":\"WebSite\",\"@id\":\"https:\\\/\\\/ecoquimic.com\\\/#website\",\"url\":\"https:\\\/\\\/ecoquimic.com\\\/\",\"name\":\"Ecoquimic\",\"description\":\"F\u00e1brica productos qu\u00edmicos de limpieza en Mallorca, Baleares, Espa\u00f1a\",\"publisher\":{\"@id\":\"https:\\\/\\\/ecoquimic.com\\\/#organization\"},\"potentialAction\":[{\"@type\":\"SearchAction\",\"target\":{\"@type\":\"EntryPoint\",\"urlTemplate\":\"https:\\\/\\\/ecoquimic.com\\\/?s={search_term_string}\"},\"query-input\":{\"@type\":\"PropertyValueSpecification\",\"valueRequired\":true,\"valueName\":\"search_term_string\"}}],\"inLanguage\":\"ca\"},{\"@type\":\"Organization\",\"@id\":\"https:\\\/\\\/ecoquimic.com\\\/#organization\",\"name\":\"Ecoquimic\",\"url\":\"https:\\\/\\\/ecoquimic.com\\\/\",\"logo\":{\"@type\":\"ImageObject\",\"inLanguage\":\"ca\",\"@id\":\"https:\\\/\\\/ecoquimic.com\\\/#\\\/schema\\\/logo\\\/image\\\/\",\"url\":\"https:\\\/\\\/ecoquimic.com\\\/wp-content\\\/uploads\\\/2021\\\/10\\\/ecoquimic.png\",\"contentUrl\":\"https:\\\/\\\/ecoquimic.com\\\/wp-content\\\/uploads\\\/2021\\\/10\\\/ecoquimic.png\",\"width\":200,\"height\":93,\"caption\":\"Ecoquimic\"},\"image\":{\"@id\":\"https:\\\/\\\/ecoquimic.com\\\/#\\\/schema\\\/logo\\\/image\\\/\"},\"sameAs\":[\"https:\\\/\\\/www.facebook.com\\\/EcoquimicBalear\\\/\",\"https:\\\/\\\/x.com\\\/EcoquimicBalear\",\"https:\\\/\\\/www.instagram.com\\\/ecoquimic\\\/\",\"https:\\\/\\\/www.linkedin.com\\\/company\\\/ecoquimicbalear\\\/\",\"https:\\\/\\\/www.youtube.com\\\/channel\\\/UCYxjbpYf4oB7iKCsjUM1J4g\"]}]}<\/script>\n<!-- \/ Yoast SEO plugin. -->","yoast_head_json":{"title":"Convirtiendo la excelencia en alianzas - Ecoquimic","description":"Fabricaci\u00f3n de productos qu\u00edmicos, marcas blancas, productos de limpieza, automoci\u00f3n, n\u00e1utica, lavander\u00eda industrial, lavander\u00eda dom\u00e9stica, construcci\u00f3n, Canal Horeca, productos biol\u00f3gicos, ambientadores, piscina. Ecoquimic - Convirtiendo la excelencia en alianzas","robots":{"index":"index","follow":"follow","max-snippet":"max-snippet:-1","max-image-preview":"max-image-preview:large","max-video-preview":"max-video-preview:-1"},"canonical":"https:\/\/ecoquimic.com\/ca\/blog2\/convirtiendo-la-excelencia-en-alianzas\/","og_locale":"ca_ES","og_type":"article","og_title":"Convirtiendo la excelencia en alianzas - Ecoquimic","og_description":"Fabricaci\u00f3n de productos qu\u00edmicos, marcas blancas, productos de limpieza, automoci\u00f3n, n\u00e1utica, lavander\u00eda industrial, lavander\u00eda dom\u00e9stica, construcci\u00f3n, Canal Horeca, productos biol\u00f3gicos, ambientadores, piscina. Ecoquimic - Convirtiendo la excelencia en alianzas","og_url":"https:\/\/ecoquimic.com\/ca\/blog2\/convirtiendo-la-excelencia-en-alianzas\/","og_site_name":"Ecoquimic","article_publisher":"https:\/\/www.facebook.com\/EcoquimicBalear\/","article_modified_time":"2024-09-03T13:16:57+00:00","og_image":[{"width":1424,"height":1099,"url":"https:\/\/ecoquimic.com\/wp-content\/uploads\/2024\/09\/LOGO_Soci_Preferent_CAMBRA-COMERC.png","type":"image\/png"}],"twitter_card":"summary_large_image","twitter_site":"@EcoquimicBalear","twitter_misc":{"Temps estimat de lectura":"1 minut"},"schema":{"@context":"https:\/\/schema.org","@graph":[{"@type":"WebPage","@id":"https:\/\/ecoquimic.com\/blog2\/convirtiendo-la-excelencia-en-alianzas\/","url":"https:\/\/ecoquimic.com\/blog2\/convirtiendo-la-excelencia-en-alianzas\/","name":"Convirtiendo la excelencia en alianzas - Ecoquimic","isPartOf":{"@id":"https:\/\/ecoquimic.com\/#website"},"primaryImageOfPage":{"@id":"https:\/\/ecoquimic.com\/blog2\/convirtiendo-la-excelencia-en-alianzas\/#primaryimage"},"image":{"@id":"https:\/\/ecoquimic.com\/blog2\/convirtiendo-la-excelencia-en-alianzas\/#primaryimage"},"thumbnailUrl":"https:\/\/ecoquimic.com\/wp-content\/uploads\/2024\/09\/LOGO_Soci_Preferent_CAMBRA-COMERC.png","datePublished":"2024-09-03T12:56:52+00:00","dateModified":"2024-09-03T13:16:57+00:00","description":"Fabricaci\u00f3n de productos qu\u00edmicos, marcas blancas, productos de limpieza, automoci\u00f3n, n\u00e1utica, lavander\u00eda industrial, lavander\u00eda dom\u00e9stica, construcci\u00f3n, Canal Horeca, productos biol\u00f3gicos, ambientadores, piscina. Ecoquimic - Convirtiendo la excelencia en alianzas","breadcrumb":{"@id":"https:\/\/ecoquimic.com\/blog2\/convirtiendo-la-excelencia-en-alianzas\/#breadcrumb"},"inLanguage":"ca","potentialAction":[{"@type":"ReadAction","target":["https:\/\/ecoquimic.com\/blog2\/convirtiendo-la-excelencia-en-alianzas\/"]}]},{"@type":"ImageObject","inLanguage":"ca","@id":"https:\/\/ecoquimic.com\/blog2\/convirtiendo-la-excelencia-en-alianzas\/#primaryimage","url":"https:\/\/ecoquimic.com\/wp-content\/uploads\/2024\/09\/LOGO_Soci_Preferent_CAMBRA-COMERC.png","contentUrl":"https:\/\/ecoquimic.com\/wp-content\/uploads\/2024\/09\/LOGO_Soci_Preferent_CAMBRA-COMERC.png","width":1424,"height":1099,"caption":"Socios Preferentes de la C\u00e1mara de Comercios"},{"@type":"BreadcrumbList","@id":"https:\/\/ecoquimic.com\/blog2\/convirtiendo-la-excelencia-en-alianzas\/#breadcrumb","itemListElement":[{"@type":"ListItem","position":1,"name":"Portada","item":"https:\/\/ecoquimic.com\/"},{"@type":"ListItem","position":2,"name":"Blog","item":"https:\/\/ecoquimic.com\/blog2\/"},{"@type":"ListItem","position":3,"name":"Convirtiendo la excelencia en alianzas"}]},{"@type":"WebSite","@id":"https:\/\/ecoquimic.com\/#website","url":"https:\/\/ecoquimic.com\/","name":"Ecoquimic","description":"F\u00e1brica productos qu\u00edmicos de limpieza en Mallorca, Baleares, Espa\u00f1a","publisher":{"@id":"https:\/\/ecoquimic.com\/#organization"},"potentialAction":[{"@type":"SearchAction","target":{"@type":"EntryPoint","urlTemplate":"https:\/\/ecoquimic.com\/?s={search_term_string}"},"query-input":{"@type":"PropertyValueSpecification","valueRequired":true,"valueName":"search_term_string"}}],"inLanguage":"ca"},{"@type":"Organization","@id":"https:\/\/ecoquimic.com\/#organization","name":"Ecoquimic","url":"https:\/\/ecoquimic.com\/","logo":{"@type":"ImageObject","inLanguage":"ca","@id":"https:\/\/ecoquimic.com\/#\/schema\/logo\/image\/","url":"https:\/\/ecoquimic.com\/wp-content\/uploads\/2021\/10\/ecoquimic.png","contentUrl":"https:\/\/ecoquimic.com\/wp-content\/uploads\/2021\/10\/ecoquimic.png","width":200,"height":93,"caption":"Ecoquimic"},"image":{"@id":"https:\/\/ecoquimic.com\/#\/schema\/logo\/image\/"},"sameAs":["https:\/\/www.facebook.com\/EcoquimicBalear\/","https:\/\/x.com\/EcoquimicBalear","https:\/\/www.instagram.com\/ecoquimic\/","https:\/\/www.linkedin.com\/company\/ecoquimicbalear\/","https:\/\/www.youtube.com\/channel\/UCYxjbpYf4oB7iKCsjUM1J4g"]}]}},"_links":{"self":[{"href":"https:\/\/ecoquimic.com\/ca\/wp-json\/wp\/v2\/pages\/18918","targetHints":{"allow":["GET"]}}],"collection":[{"href":"https:\/\/ecoquimic.com\/ca\/wp-json\/wp\/v2\/pages"}],"about":[{"href":"https:\/\/ecoquimic.com\/ca\/wp-json\/wp\/v2\/types\/page"}],"author":[{"embeddable":true,"href":"https:\/\/ecoquimic.com\/ca\/wp-json\/wp\/v2\/users\/10"}],"replies":[{"embeddable":true,"href":"https:\/\/ecoquimic.com\/ca\/wp-json\/wp\/v2\/comments?post=18918"}],"version-history":[{"count":2,"href":"https:\/\/ecoquimic.com\/ca\/wp-json\/wp\/v2\/pages\/18918\/revisions"}],"predecessor-version":[{"id":18923,"href":"https:\/\/ecoquimic.com\/ca\/wp-json\/wp\/v2\/pages\/18918\/revisions\/18923"}],"up":[{"embeddable":true,"href":"https:\/\/ecoquimic.com\/ca\/wp-json\/wp\/v2\/pages\/3464"}],"wp:featuredmedia":[{"embeddable":true,"href":"https:\/\/ecoquimic.com\/ca\/wp-json\/wp\/v2\/media\/18895"}],"wp:attachment":[{"href":"https:\/\/ecoquimic.com\/ca\/wp-json\/wp\/v2\/media?parent=18918"}],"curies":[{"name":"wp","href":"https:\/\/api.w.org\/{rel}","templated":true}]}}