{"id":18671,"date":"2024-06-21T05:59:35","date_gmt":"2024-06-21T05:59:35","guid":{"rendered":"https:\/\/ecoquimic.com\/?page_id=18671"},"modified":"2024-06-21T06:01:33","modified_gmt":"2024-06-21T06:01:33","slug":"accesit-pyme-sostenible-2024","status":"publish","type":"page","link":"https:\/\/ecoquimic.com\/ca\/certificaciones\/accesit-pyme-sostenible-2024\/","title":{"rendered":"Acc\u00e9sit PYME Sostenible 2024"},"content":{"rendered":"<div data-colibri-id=\"18671-c1\" class=\"style-11116 style-local-18671-c1 position-relative\">\n  <!---->\n  <div data-colibri-component=\"section\" data-colibri-id=\"18671-c2\" id=\"custom\" class=\"h-section h-section-global-spacing d-flex align-items-lg-center align-items-md-center align-items-center style-11117 style-local-18671-c2 position-relative\">\n    <!---->\n    <!---->\n    <div class=\"h-section-grid-container h-section-boxed-container\">\n      <!---->\n      <div data-colibri-id=\"18671-c3\" class=\"h-row-container gutters-row-lg-2 gutters-row-md-2 gutters-row-0 gutters-row-v-lg-2 gutters-row-v-md-2 gutters-row-v-2 style-11118 style-local-18671-c3 position-relative\">\n        <!---->\n        <div class=\"h-row justify-content-lg-center justify-content-md-center justify-content-center align-items-lg-stretch align-items-md-stretch align-items-stretch gutters-col-lg-2 gutters-col-md-2 gutters-col-0 gutters-col-v-lg-2 gutters-col-v-md-2 gutters-col-v-2\">\n          <!---->\n          <div class=\"h-column h-column-container d-flex h-col-lg-auto h-col-md-auto h-col-auto style-11119-outer style-local-18671-c4-outer\">\n            <div data-colibri-id=\"18671-c4\" class=\"d-flex h-flex-basis h-column__inner h-px-lg-2 h-px-md-2 h-px-2 v-inner-lg-2 v-inner-md-2 v-inner-2 style-11119 style-local-18671-c4 position-relative\">\n              <!---->\n              <!---->\n              <div class=\"w-100 h-y-container h-column__content h-column__v-align flex-basis-100 align-self-lg-start align-self-md-start align-self-start\">\n                <!---->\n                <div data-colibri-id=\"18671-c5\" class=\"d-block style-11120 style-local-18671-c5 position-relative h-element\">\n                  <!---->\n                  <div class=\"h-image__frame-container-outer\">\n                    <div class=\"h-image__frame-container\">\n                      <!---->\n                      <!---->\n                      <img loading=\"lazy\" decoding=\"async\" width=\"2560\" height=\"2048\" src=\"https:\/\/ecoquimic.com\/wp-content\/uploads\/2024\/06\/BALEARES_ACCESIT_PYME_SOSTENIBLE-scaled.jpg\" class=\"wp-image-18656 style-11120-image style-local-18671-c5-image\" alt=\"\" srcset=\"https:\/\/ecoquimic.com\/wp-content\/uploads\/2024\/06\/BALEARES_ACCESIT_PYME_SOSTENIBLE-scaled.jpg 2560w, https:\/\/ecoquimic.com\/wp-content\/uploads\/2024\/06\/BALEARES_ACCESIT_PYME_SOSTENIBLE-300x240.jpg 300w, https:\/\/ecoquimic.com\/wp-content\/uploads\/2024\/06\/BALEARES_ACCESIT_PYME_SOSTENIBLE-1024x819.jpg 1024w, https:\/\/ecoquimic.com\/wp-content\/uploads\/2024\/06\/BALEARES_ACCESIT_PYME_SOSTENIBLE-768x614.jpg 768w, https:\/\/ecoquimic.com\/wp-content\/uploads\/2024\/06\/BALEARES_ACCESIT_PYME_SOSTENIBLE-1536x1229.jpg 1536w, https:\/\/ecoquimic.com\/wp-content\/uploads\/2024\/06\/BALEARES_ACCESIT_PYME_SOSTENIBLE-2048x1639.jpg 2048w, https:\/\/ecoquimic.com\/wp-content\/uploads\/2024\/06\/BALEARES_ACCESIT_PYME_SOSTENIBLE-15x12.jpg 15w, https:\/\/ecoquimic.com\/wp-content\/uploads\/2024\/06\/BALEARES_ACCESIT_PYME_SOSTENIBLE-24x19.jpg 24w, https:\/\/ecoquimic.com\/wp-content\/uploads\/2024\/06\/BALEARES_ACCESIT_PYME_SOSTENIBLE-36x29.jpg 36w, https:\/\/ecoquimic.com\/wp-content\/uploads\/2024\/06\/BALEARES_ACCESIT_PYME_SOSTENIBLE-48x38.jpg 48w\" sizes=\"auto, (max-width: 2560px) 100vw, 2560px\" \/>\n                      <div class=\"h-image__frame h-hide-lg h-hide-md h-hide-sm style-11120-frameImage style-local-18671-c5-frameImage\"><\/div>\n                    <\/div>\n                  <\/div>\n                <\/div>\n              <\/div>\n            <\/div>\n          <\/div>\n        <\/div>\n      <\/div>\n    <\/div>\n  <\/div>\n<\/div>","protected":false},"excerpt":{"rendered":"","protected":false},"author":10,"featured_media":18656,"parent":5933,"menu_order":0,"comment_status":"closed","ping_status":"closed","template":"page-templates\/full-width-page.php","meta":{"footnotes":""},"class_list":["post-18671","page","type-page","status-publish","has-post-thumbnail","hentry"],"yoast_head":"<!-- This site is optimized with the Yoast SEO plugin v27.4 - https:\/\/yoast.com\/product\/yoast-seo-wordpress\/ -->\n<title>Acc\u00e9sit PYME Sostenible 2024 - Ecoquimic<\/title>\n<meta name=\"description\" content=\"Fabricaci\u00f3n de productos qu\u00edmicos, marcas blancas, productos de limpieza, automoci\u00f3n, n\u00e1utica, lavander\u00eda industrial, lavander\u00eda dom\u00e9stica, construcci\u00f3n, Canal Horeca, productos biol\u00f3gicos, ambientadores, piscina. Ecoquimic - Acc\u00e9sit PYME Sostenible 2024\" \/>\n<meta name=\"robots\" content=\"index, follow, max-snippet:-1, max-image-preview:large, max-video-preview:-1\" \/>\n<link rel=\"canonical\" href=\"https:\/\/ecoquimic.com\/ca\/certificaciones\/accesit-pyme-sostenible-2024\/\" \/>\n<meta property=\"og:locale\" content=\"ca_ES\" \/>\n<meta property=\"og:type\" content=\"article\" \/>\n<meta property=\"og:title\" content=\"Acc\u00e9sit PYME Sostenible 2024 - Ecoquimic\" \/>\n<meta property=\"og:description\" content=\"Fabricaci\u00f3n de productos qu\u00edmicos, marcas blancas, productos de limpieza, automoci\u00f3n, n\u00e1utica, lavander\u00eda industrial, lavander\u00eda dom\u00e9stica, construcci\u00f3n, Canal Horeca, productos biol\u00f3gicos, ambientadores, piscina. Ecoquimic - Acc\u00e9sit PYME Sostenible 2024\" \/>\n<meta property=\"og:url\" content=\"https:\/\/ecoquimic.com\/ca\/certificaciones\/accesit-pyme-sostenible-2024\/\" \/>\n<meta property=\"og:site_name\" content=\"Ecoquimic\" \/>\n<meta property=\"article:publisher\" content=\"https:\/\/www.facebook.com\/EcoquimicBalear\/\" \/>\n<meta property=\"article:modified_time\" content=\"2024-06-21T06:01:33+00:00\" \/>\n<meta property=\"og:image\" content=\"https:\/\/ecoquimic.com\/wp-content\/uploads\/2024\/06\/BALEARES_ACCESIT_PYME_SOSTENIBLE-scaled.jpg\" \/>\n\t<meta property=\"og:image:width\" content=\"2560\" \/>\n\t<meta property=\"og:image:height\" content=\"2048\" \/>\n\t<meta property=\"og:image:type\" content=\"image\/jpeg\" \/>\n<meta name=\"twitter:card\" content=\"summary_large_image\" \/>\n<meta name=\"twitter:site\" content=\"@EcoquimicBalear\" \/>\n<meta name=\"twitter:label1\" content=\"Temps estimat de lectura\" \/>\n\t<meta name=\"twitter:data1\" content=\"1 minut\" \/>\n<script type=\"application\/ld+json\" class=\"yoast-schema-graph\">{\"@context\":\"https:\\\/\\\/schema.org\",\"@graph\":[{\"@type\":\"WebPage\",\"@id\":\"https:\\\/\\\/ecoquimic.com\\\/certificaciones\\\/accesit-pyme-sostenible-2024\\\/\",\"url\":\"https:\\\/\\\/ecoquimic.com\\\/certificaciones\\\/accesit-pyme-sostenible-2024\\\/\",\"name\":\"Acc\u00e9sit PYME Sostenible 2024 - Ecoquimic\",\"isPartOf\":{\"@id\":\"https:\\\/\\\/ecoquimic.com\\\/#website\"},\"primaryImageOfPage\":{\"@id\":\"https:\\\/\\\/ecoquimic.com\\\/certificaciones\\\/accesit-pyme-sostenible-2024\\\/#primaryimage\"},\"image\":{\"@id\":\"https:\\\/\\\/ecoquimic.com\\\/certificaciones\\\/accesit-pyme-sostenible-2024\\\/#primaryimage\"},\"thumbnailUrl\":\"https:\\\/\\\/ecoquimic.com\\\/wp-content\\\/uploads\\\/2024\\\/06\\\/BALEARES_ACCESIT_PYME_SOSTENIBLE-scaled.jpg\",\"datePublished\":\"2024-06-21T05:59:35+00:00\",\"dateModified\":\"2024-06-21T06:01:33+00:00\",\"description\":\"Fabricaci\u00f3n de productos qu\u00edmicos, marcas blancas, productos de limpieza, automoci\u00f3n, n\u00e1utica, lavander\u00eda industrial, lavander\u00eda dom\u00e9stica, construcci\u00f3n, Canal Horeca, productos biol\u00f3gicos, ambientadores, piscina. Ecoquimic - Acc\u00e9sit PYME Sostenible 2024\",\"breadcrumb\":{\"@id\":\"https:\\\/\\\/ecoquimic.com\\\/certificaciones\\\/accesit-pyme-sostenible-2024\\\/#breadcrumb\"},\"inLanguage\":\"ca\",\"potentialAction\":[{\"@type\":\"ReadAction\",\"target\":[\"https:\\\/\\\/ecoquimic.com\\\/certificaciones\\\/accesit-pyme-sostenible-2024\\\/\"]}]},{\"@type\":\"ImageObject\",\"inLanguage\":\"ca\",\"@id\":\"https:\\\/\\\/ecoquimic.com\\\/certificaciones\\\/accesit-pyme-sostenible-2024\\\/#primaryimage\",\"url\":\"https:\\\/\\\/ecoquimic.com\\\/wp-content\\\/uploads\\\/2024\\\/06\\\/BALEARES_ACCESIT_PYME_SOSTENIBLE-scaled.jpg\",\"contentUrl\":\"https:\\\/\\\/ecoquimic.com\\\/wp-content\\\/uploads\\\/2024\\\/06\\\/BALEARES_ACCESIT_PYME_SOSTENIBLE-scaled.jpg\",\"width\":2560,\"height\":2048},{\"@type\":\"BreadcrumbList\",\"@id\":\"https:\\\/\\\/ecoquimic.com\\\/certificaciones\\\/accesit-pyme-sostenible-2024\\\/#breadcrumb\",\"itemListElement\":[{\"@type\":\"ListItem\",\"position\":1,\"name\":\"Portada\",\"item\":\"https:\\\/\\\/ecoquimic.com\\\/\"},{\"@type\":\"ListItem\",\"position\":2,\"name\":\"Certificaciones\",\"item\":\"https:\\\/\\\/ecoquimic.com\\\/certificaciones\\\/\"},{\"@type\":\"ListItem\",\"position\":3,\"name\":\"Acc\u00e9sit PYME Sostenible 2024\"}]},{\"@type\":\"WebSite\",\"@id\":\"https:\\\/\\\/ecoquimic.com\\\/#website\",\"url\":\"https:\\\/\\\/ecoquimic.com\\\/\",\"name\":\"Ecoquimic\",\"description\":\"F\u00e1brica productos qu\u00edmicos de limpieza en Mallorca, Baleares, Espa\u00f1a\",\"publisher\":{\"@id\":\"https:\\\/\\\/ecoquimic.com\\\/#organization\"},\"potentialAction\":[{\"@type\":\"SearchAction\",\"target\":{\"@type\":\"EntryPoint\",\"urlTemplate\":\"https:\\\/\\\/ecoquimic.com\\\/?s={search_term_string}\"},\"query-input\":{\"@type\":\"PropertyValueSpecification\",\"valueRequired\":true,\"valueName\":\"search_term_string\"}}],\"inLanguage\":\"ca\"},{\"@type\":\"Organization\",\"@id\":\"https:\\\/\\\/ecoquimic.com\\\/#organization\",\"name\":\"Ecoquimic\",\"url\":\"https:\\\/\\\/ecoquimic.com\\\/\",\"logo\":{\"@type\":\"ImageObject\",\"inLanguage\":\"ca\",\"@id\":\"https:\\\/\\\/ecoquimic.com\\\/#\\\/schema\\\/logo\\\/image\\\/\",\"url\":\"https:\\\/\\\/ecoquimic.com\\\/wp-content\\\/uploads\\\/2021\\\/10\\\/ecoquimic.png\",\"contentUrl\":\"https:\\\/\\\/ecoquimic.com\\\/wp-content\\\/uploads\\\/2021\\\/10\\\/ecoquimic.png\",\"width\":200,\"height\":93,\"caption\":\"Ecoquimic\"},\"image\":{\"@id\":\"https:\\\/\\\/ecoquimic.com\\\/#\\\/schema\\\/logo\\\/image\\\/\"},\"sameAs\":[\"https:\\\/\\\/www.facebook.com\\\/EcoquimicBalear\\\/\",\"https:\\\/\\\/x.com\\\/EcoquimicBalear\",\"https:\\\/\\\/www.instagram.com\\\/ecoquimic\\\/\",\"https:\\\/\\\/www.linkedin.com\\\/company\\\/ecoquimicbalear\\\/\",\"https:\\\/\\\/www.youtube.com\\\/channel\\\/UCYxjbpYf4oB7iKCsjUM1J4g\"]}]}<\/script>\n<!-- \/ Yoast SEO plugin. -->","yoast_head_json":{"title":"Acc\u00e9sit PYME Sostenible 2024 - Ecoquimic","description":"Fabricaci\u00f3n de productos qu\u00edmicos, marcas blancas, productos de limpieza, automoci\u00f3n, n\u00e1utica, lavander\u00eda industrial, lavander\u00eda dom\u00e9stica, construcci\u00f3n, Canal Horeca, productos biol\u00f3gicos, ambientadores, piscina. Ecoquimic - Acc\u00e9sit PYME Sostenible 2024","robots":{"index":"index","follow":"follow","max-snippet":"max-snippet:-1","max-image-preview":"max-image-preview:large","max-video-preview":"max-video-preview:-1"},"canonical":"https:\/\/ecoquimic.com\/ca\/certificaciones\/accesit-pyme-sostenible-2024\/","og_locale":"ca_ES","og_type":"article","og_title":"Acc\u00e9sit PYME Sostenible 2024 - Ecoquimic","og_description":"Fabricaci\u00f3n de productos qu\u00edmicos, marcas blancas, productos de limpieza, automoci\u00f3n, n\u00e1utica, lavander\u00eda industrial, lavander\u00eda dom\u00e9stica, construcci\u00f3n, Canal Horeca, productos biol\u00f3gicos, ambientadores, piscina. Ecoquimic - Acc\u00e9sit PYME Sostenible 2024","og_url":"https:\/\/ecoquimic.com\/ca\/certificaciones\/accesit-pyme-sostenible-2024\/","og_site_name":"Ecoquimic","article_publisher":"https:\/\/www.facebook.com\/EcoquimicBalear\/","article_modified_time":"2024-06-21T06:01:33+00:00","og_image":[{"width":2560,"height":2048,"url":"https:\/\/ecoquimic.com\/wp-content\/uploads\/2024\/06\/BALEARES_ACCESIT_PYME_SOSTENIBLE-scaled.jpg","type":"image\/jpeg"}],"twitter_card":"summary_large_image","twitter_site":"@EcoquimicBalear","twitter_misc":{"Temps estimat de lectura":"1 minut"},"schema":{"@context":"https:\/\/schema.org","@graph":[{"@type":"WebPage","@id":"https:\/\/ecoquimic.com\/certificaciones\/accesit-pyme-sostenible-2024\/","url":"https:\/\/ecoquimic.com\/certificaciones\/accesit-pyme-sostenible-2024\/","name":"Acc\u00e9sit PYME Sostenible 2024 - Ecoquimic","isPartOf":{"@id":"https:\/\/ecoquimic.com\/#website"},"primaryImageOfPage":{"@id":"https:\/\/ecoquimic.com\/certificaciones\/accesit-pyme-sostenible-2024\/#primaryimage"},"image":{"@id":"https:\/\/ecoquimic.com\/certificaciones\/accesit-pyme-sostenible-2024\/#primaryimage"},"thumbnailUrl":"https:\/\/ecoquimic.com\/wp-content\/uploads\/2024\/06\/BALEARES_ACCESIT_PYME_SOSTENIBLE-scaled.jpg","datePublished":"2024-06-21T05:59:35+00:00","dateModified":"2024-06-21T06:01:33+00:00","description":"Fabricaci\u00f3n de productos qu\u00edmicos, marcas blancas, productos de limpieza, automoci\u00f3n, n\u00e1utica, lavander\u00eda industrial, lavander\u00eda dom\u00e9stica, construcci\u00f3n, Canal Horeca, productos biol\u00f3gicos, ambientadores, piscina. Ecoquimic - Acc\u00e9sit PYME Sostenible 2024","breadcrumb":{"@id":"https:\/\/ecoquimic.com\/certificaciones\/accesit-pyme-sostenible-2024\/#breadcrumb"},"inLanguage":"ca","potentialAction":[{"@type":"ReadAction","target":["https:\/\/ecoquimic.com\/certificaciones\/accesit-pyme-sostenible-2024\/"]}]},{"@type":"ImageObject","inLanguage":"ca","@id":"https:\/\/ecoquimic.com\/certificaciones\/accesit-pyme-sostenible-2024\/#primaryimage","url":"https:\/\/ecoquimic.com\/wp-content\/uploads\/2024\/06\/BALEARES_ACCESIT_PYME_SOSTENIBLE-scaled.jpg","contentUrl":"https:\/\/ecoquimic.com\/wp-content\/uploads\/2024\/06\/BALEARES_ACCESIT_PYME_SOSTENIBLE-scaled.jpg","width":2560,"height":2048},{"@type":"BreadcrumbList","@id":"https:\/\/ecoquimic.com\/certificaciones\/accesit-pyme-sostenible-2024\/#breadcrumb","itemListElement":[{"@type":"ListItem","position":1,"name":"Portada","item":"https:\/\/ecoquimic.com\/"},{"@type":"ListItem","position":2,"name":"Certificaciones","item":"https:\/\/ecoquimic.com\/certificaciones\/"},{"@type":"ListItem","position":3,"name":"Acc\u00e9sit PYME Sostenible 2024"}]},{"@type":"WebSite","@id":"https:\/\/ecoquimic.com\/#website","url":"https:\/\/ecoquimic.com\/","name":"Ecoquimic","description":"F\u00e1brica productos qu\u00edmicos de limpieza en Mallorca, Baleares, Espa\u00f1a","publisher":{"@id":"https:\/\/ecoquimic.com\/#organization"},"potentialAction":[{"@type":"SearchAction","target":{"@type":"EntryPoint","urlTemplate":"https:\/\/ecoquimic.com\/?s={search_term_string}"},"query-input":{"@type":"PropertyValueSpecification","valueRequired":true,"valueName":"search_term_string"}}],"inLanguage":"ca"},{"@type":"Organization","@id":"https:\/\/ecoquimic.com\/#organization","name":"Ecoquimic","url":"https:\/\/ecoquimic.com\/","logo":{"@type":"ImageObject","inLanguage":"ca","@id":"https:\/\/ecoquimic.com\/#\/schema\/logo\/image\/","url":"https:\/\/ecoquimic.com\/wp-content\/uploads\/2021\/10\/ecoquimic.png","contentUrl":"https:\/\/ecoquimic.com\/wp-content\/uploads\/2021\/10\/ecoquimic.png","width":200,"height":93,"caption":"Ecoquimic"},"image":{"@id":"https:\/\/ecoquimic.com\/#\/schema\/logo\/image\/"},"sameAs":["https:\/\/www.facebook.com\/EcoquimicBalear\/","https:\/\/x.com\/EcoquimicBalear","https:\/\/www.instagram.com\/ecoquimic\/","https:\/\/www.linkedin.com\/company\/ecoquimicbalear\/","https:\/\/www.youtube.com\/channel\/UCYxjbpYf4oB7iKCsjUM1J4g"]}]}},"_links":{"self":[{"href":"https:\/\/ecoquimic.com\/ca\/wp-json\/wp\/v2\/pages\/18671","targetHints":{"allow":["GET"]}}],"collection":[{"href":"https:\/\/ecoquimic.com\/ca\/wp-json\/wp\/v2\/pages"}],"about":[{"href":"https:\/\/ecoquimic.com\/ca\/wp-json\/wp\/v2\/types\/page"}],"author":[{"embeddable":true,"href":"https:\/\/ecoquimic.com\/ca\/wp-json\/wp\/v2\/users\/10"}],"replies":[{"embeddable":true,"href":"https:\/\/ecoquimic.com\/ca\/wp-json\/wp\/v2\/comments?post=18671"}],"version-history":[{"count":2,"href":"https:\/\/ecoquimic.com\/ca\/wp-json\/wp\/v2\/pages\/18671\/revisions"}],"predecessor-version":[{"id":18675,"href":"https:\/\/ecoquimic.com\/ca\/wp-json\/wp\/v2\/pages\/18671\/revisions\/18675"}],"up":[{"embeddable":true,"href":"https:\/\/ecoquimic.com\/ca\/wp-json\/wp\/v2\/pages\/5933"}],"wp:featuredmedia":[{"embeddable":true,"href":"https:\/\/ecoquimic.com\/ca\/wp-json\/wp\/v2\/media\/18656"}],"wp:attachment":[{"href":"https:\/\/ecoquimic.com\/ca\/wp-json\/wp\/v2\/media?parent=18671"}],"curies":[{"name":"wp","href":"https:\/\/api.w.org\/{rel}","templated":true}]}}