{"id":16758,"date":"2024-05-24T10:19:36","date_gmt":"2024-05-24T10:19:36","guid":{"rendered":"https:\/\/ecoquimic.com\/?page_id=16758"},"modified":"2024-05-29T07:41:40","modified_gmt":"2024-05-29T07:41:40","slug":"eliminador-de-olores-fosas-septicas","status":"publish","type":"page","link":"https:\/\/ecoquimic.com\/ca\/productos\/biologicos-2\/eliminador-de-olores-fosas-septicas\/","title":{"rendered":"Eliminador d'Olors Fosses S\u00e8ptiques"},"content":{"rendered":"<div data-colibri-id=\"16758-c1\" class=\"style-10552 style-local-16758-c1 position-relative\">\n  <!---->\n  <div data-colibri-component=\"section\" data-colibri-id=\"16758-c2\" id=\"reusable-sections-3\" class=\"h-section h-section-global-spacing d-flex align-items-lg-center align-items-md-center align-items-center style-10563 style-local-16758-c2 position-relative\">\n    <!---->\n    <!---->\n    <div class=\"h-section-grid-container h-section-fluid-container\">\n      <!---->\n      <div data-colibri-id=\"16758-c3\" class=\"h-row-container gutters-row-lg-1 gutters-row-md-1 gutters-row-2 gutters-row-v-lg-1 gutters-row-v-md-1 gutters-row-v-2 style-10564 style-local-16758-c3 position-relative\">\n        <!---->\n        <div class=\"h-row justify-content-lg-center justify-content-md-center justify-content-center align-items-lg-stretch align-items-md-stretch align-items-stretch gutters-col-lg-1 gutters-col-md-1 gutters-col-2 gutters-col-v-lg-1 gutters-col-v-md-1 gutters-col-v-2\">\n          <!---->\n          <div class=\"h-column h-column-container d-flex h-col-lg-auto h-col-md-auto h-col-auto style-10565-outer style-local-16758-c4-outer\">\n            <div data-colibri-id=\"16758-c4\" class=\"d-flex h-flex-basis h-column__inner h-px-lg-3 h-px-md-2 h-px-0 v-inner-lg-0 v-inner-md-2 v-inner-0 style-10565 style-local-16758-c4 position-relative\">\n              <!---->\n              <!---->\n              <div class=\"w-100 h-y-container h-column__content h-column__v-align flex-basis-100 align-self-lg-start align-self-md-start align-self-start\">\n                <!---->\n                <div data-colibri-id=\"16758-c5\" class=\"h-global-transition-all h-heading style-10566 style-local-16758-c5 position-relative h-element\">\n                  <!---->\n                  <div class=\"h-heading__outer style-10566 style-local-16758-c5\">\n                    <!---->\n                    <!---->\n                    <h4 class=\"\">Eliminador de fosas s\u00e9pticas<\/h4>\n                  <\/div>\n                <\/div>\n                <div data-colibri-id=\"16758-c6\" class=\"h-text h-text-component style-10568 style-local-16758-c6 position-relative h-element\">\n                  <!---->\n                  <!---->\n                  <div class=\"\">\n                    <p>Producte biol\u00f2gic que permet un manteniment efectiu de la fossa s\u00e8ptica<\/p>\n                    <p>Formulaci\u00f3 l\u00edquida a base d'enzims que eliminen les males olors ocasionades per residus org\u00e0nics<\/p>\n                    <p>Especialment concebuda per a eliminar la brut\u00edcia que obstrueix les canonades, permetent un drenatge constant<\/p>\n                  <\/div>\n                <\/div>\n                <div data-colibri-id=\"16758-c7\" class=\"h-divider style-10569 style-local-16758-c7 position-relative h-element\">\n                  <!----><span class=\"h-divider__line style-10569-line style-local-16758-c7-line style-10569-line style-local-16758-c7-line\"><\/span><\/div>\n                <div data-colibri-id=\"16758-c8\" class=\"h-row-container gutters-row-lg-2 gutters-row-md-2 gutters-row-0 gutters-row-v-lg-2 gutters-row-v-md-2 gutters-row-v-0 style-10570 style-local-16758-c8 position-relative\">\n                  <!---->\n                  <div class=\"h-row justify-content-lg-center justify-content-md-center justify-content-center align-items-lg-stretch align-items-md-stretch align-items-stretch gutters-col-lg-2 gutters-col-md-2 gutters-col-0 gutters-col-v-lg-2 gutters-col-v-md-2 gutters-col-v-0\">\n                    <!---->\n                    <div class=\"h-column h-column-container d-flex h-col-lg-6 h-col-md-6 h-col-12 style-10571-outer style-local-16758-c9-outer\">\n                      <div data-colibri-id=\"16758-c9\" class=\"d-flex h-flex-basis h-column__inner h-px-lg-0 h-px-md-0 h-px-0 v-inner-lg-0 v-inner-md-0 v-inner-0 style-10571 style-local-16758-c9 position-relative\">\n                        <!---->\n                        <!---->\n                        <div class=\"w-100 h-y-container h-column__content h-column__v-align flex-basis-100 align-self-lg-start align-self-md-start align-self-start\">\n                          <!---->\n                          <div data-colibri-id=\"16758-c10\" class=\"h-global-transition-all h-heading style-10572 style-local-16758-c10 position-relative h-element\">\n                            <!---->\n                            <div class=\"h-heading__outer style-10572 style-local-16758-c10\">\n                              <!---->\n                              <!---->\n                              <h3 class=\"\">Informaci\u00f3<\/h3>\n                            <\/div>\n                          <\/div>\n                          <div data-colibri-id=\"16758-c11\" class=\"h-text h-text-component style-10573 style-local-16758-c11 position-relative h-element\">\n                            <!---->\n                            <!---->\n                            <div class=\"\">\n                              <p>Tractaments d'embussos, crostes i males olors en fosses s\u00e8ptiques<\/p>\n                              <p>Efica\u00e7 producte per al manteniment preventiu de les canalitzacions<\/p>\n                            <\/div>\n                          <\/div>\n                          <div data-colibri-id=\"16758-c12\" class=\"style-10574 style-local-16758-c12 h-hide-lg h-hide-md position-relative h-element\">\n                            <!---->\n                          <\/div>\n                        <\/div>\n                      <\/div>\n                    <\/div>\n                    <div class=\"h-column h-column-container d-flex h-col-lg-6 h-col-md-6 h-col-12 style-10571-outer style-local-16758-c13-outer\">\n                      <div data-colibri-id=\"16758-c13\" class=\"d-flex h-flex-basis h-column__inner h-px-lg-0 h-px-md-0 h-px-0 v-inner-lg-0 v-inner-md-0 v-inner-0 style-10571 style-local-16758-c13 position-relative\">\n                        <!---->\n                        <!---->\n                        <div class=\"w-100 h-y-container h-column__content h-column__v-align flex-basis-100 align-self-lg-start align-self-md-start align-self-start\">\n                          <!---->\n                          <div data-colibri-id=\"16758-c14\" class=\"h-global-transition-all h-heading style-10572 style-local-16758-c14 position-relative h-element\">\n                            <!---->\n                            <div class=\"h-heading__outer style-10572 style-local-16758-c14\">\n                              <!---->\n                              <!---->\n                              <h3 class=\"\">Instruccions d'\u00fas<\/h3>\n                            <\/div>\n                          <\/div>\n                          <div data-colibri-id=\"16758-c15\" class=\"h-text h-text-component style-10573 style-local-16758-c15 position-relative h-element\">\n                            <!---->\n                            <!---->\n                            <div class=\"\">\n                              <p>Com a dosatge orientatiu, diluir entre 50-150ml de producte en 10L d'aigua<\/p>\n                              <p>Freq\u00fc\u00e8ncia d'aplicaci\u00f3 segons tipus de tractament (preventiu o curatiu)<\/p>\n                            <\/div>\n                          <\/div>\n                        <\/div>\n                      <\/div>\n                    <\/div>\n                  <\/div>\n                <\/div>\n              <\/div>\n            <\/div>\n          <\/div>\n        <\/div>\n      <\/div>\n    <\/div>\n  <\/div>\n<\/div>","protected":false},"excerpt":{"rendered":"<p>Eliminador de fosas s\u00e9pticas Producto biol\u00f3gico que permite un mantenimiento efectivo de la fosa s\u00e9ptica Formulaci\u00f3n l\u00edquida a base de enzimas que eliminan los malos olores ocasionados por residuos org\u00e1nicos Especialmente concebida para eliminar la suciedad que obstruye las ca\u00f1er\u00edas, permitiendo un drenaje constante Informaci\u00f3n Tratamientos de atascos, costras y malos olores en fosas s\u00e9pticas [&hellip;]<\/p>\n","protected":false},"author":10,"featured_media":0,"parent":8033,"menu_order":1,"comment_status":"closed","ping_status":"closed","template":"page-templates\/full-width-page.php","meta":{"footnotes":""},"class_list":["post-16758","page","type-page","status-publish","hentry"],"yoast_head":"<!-- This site is optimized with the Yoast SEO plugin v27.5 - https:\/\/yoast.com\/product\/yoast-seo-wordpress\/ -->\n<title>Eliminador de Olores Fosas S\u00e9pticas - Ecoquimic<\/title>\n<meta name=\"description\" content=\"Fabricaci\u00f3n de productos qu\u00edmicos, marcas blancas, productos de limpieza, automoci\u00f3n, n\u00e1utica, lavander\u00eda industrial, lavander\u00eda dom\u00e9stica, construcci\u00f3n, Canal Horeca, productos biol\u00f3gicos, ambientadores, piscina. Ecoquimic - Eliminador de Olores Fosas S\u00e9pticas\" \/>\n<meta name=\"robots\" content=\"index, follow, max-snippet:-1, max-image-preview:large, max-video-preview:-1\" \/>\n<link rel=\"canonical\" href=\"https:\/\/ecoquimic.com\/ca\/productos\/biologicos-2\/eliminador-de-olores-fosas-septicas\/\" \/>\n<meta property=\"og:locale\" content=\"ca_ES\" \/>\n<meta property=\"og:type\" content=\"article\" \/>\n<meta property=\"og:title\" content=\"Eliminador de Olores Fosas S\u00e9pticas - Ecoquimic\" \/>\n<meta property=\"og:description\" content=\"Fabricaci\u00f3n de productos qu\u00edmicos, marcas blancas, productos de limpieza, automoci\u00f3n, n\u00e1utica, lavander\u00eda industrial, lavander\u00eda dom\u00e9stica, construcci\u00f3n, Canal Horeca, productos biol\u00f3gicos, ambientadores, piscina. Ecoquimic - Eliminador de Olores Fosas S\u00e9pticas\" \/>\n<meta property=\"og:url\" content=\"https:\/\/ecoquimic.com\/ca\/productos\/biologicos-2\/eliminador-de-olores-fosas-septicas\/\" \/>\n<meta property=\"og:site_name\" content=\"Ecoquimic\" \/>\n<meta property=\"article:publisher\" content=\"https:\/\/www.facebook.com\/EcoquimicBalear\/\" \/>\n<meta property=\"article:modified_time\" content=\"2024-05-29T07:41:40+00:00\" \/>\n<meta name=\"twitter:card\" content=\"summary_large_image\" \/>\n<meta name=\"twitter:site\" content=\"@EcoquimicBalear\" \/>\n<script type=\"application\/ld+json\" class=\"yoast-schema-graph\">{\"@context\":\"https:\\\/\\\/schema.org\",\"@graph\":[{\"@type\":\"WebPage\",\"@id\":\"https:\\\/\\\/ecoquimic.com\\\/productos\\\/biologicos-2\\\/eliminador-de-olores-fosas-septicas\\\/\",\"url\":\"https:\\\/\\\/ecoquimic.com\\\/productos\\\/biologicos-2\\\/eliminador-de-olores-fosas-septicas\\\/\",\"name\":\"Eliminador de Olores Fosas S\u00e9pticas - Ecoquimic\",\"isPartOf\":{\"@id\":\"https:\\\/\\\/ecoquimic.com\\\/#website\"},\"datePublished\":\"2024-05-24T10:19:36+00:00\",\"dateModified\":\"2024-05-29T07:41:40+00:00\",\"description\":\"Fabricaci\u00f3n de productos qu\u00edmicos, marcas blancas, productos de limpieza, automoci\u00f3n, n\u00e1utica, lavander\u00eda industrial, lavander\u00eda dom\u00e9stica, construcci\u00f3n, Canal Horeca, productos biol\u00f3gicos, ambientadores, piscina. Ecoquimic - Eliminador de Olores Fosas S\u00e9pticas\",\"breadcrumb\":{\"@id\":\"https:\\\/\\\/ecoquimic.com\\\/productos\\\/biologicos-2\\\/eliminador-de-olores-fosas-septicas\\\/#breadcrumb\"},\"inLanguage\":\"ca\",\"potentialAction\":[{\"@type\":\"ReadAction\",\"target\":[\"https:\\\/\\\/ecoquimic.com\\\/productos\\\/biologicos-2\\\/eliminador-de-olores-fosas-septicas\\\/\"]}]},{\"@type\":\"BreadcrumbList\",\"@id\":\"https:\\\/\\\/ecoquimic.com\\\/productos\\\/biologicos-2\\\/eliminador-de-olores-fosas-septicas\\\/#breadcrumb\",\"itemListElement\":[{\"@type\":\"ListItem\",\"position\":1,\"name\":\"Portada\",\"item\":\"https:\\\/\\\/ecoquimic.com\\\/\"},{\"@type\":\"ListItem\",\"position\":2,\"name\":\"Productos\",\"item\":\"https:\\\/\\\/ecoquimic.com\\\/productos\\\/\"},{\"@type\":\"ListItem\",\"position\":3,\"name\":\"Biol\u00f3gicos\",\"item\":\"https:\\\/\\\/ecoquimic.com\\\/productos\\\/biologicos-2\\\/\"},{\"@type\":\"ListItem\",\"position\":4,\"name\":\"Eliminador de Olores Fosas S\u00e9pticas\"}]},{\"@type\":\"WebSite\",\"@id\":\"https:\\\/\\\/ecoquimic.com\\\/#website\",\"url\":\"https:\\\/\\\/ecoquimic.com\\\/\",\"name\":\"Ecoquimic\",\"description\":\"F\u00e1brica productos qu\u00edmicos de limpieza en Mallorca, Baleares, Espa\u00f1a\",\"publisher\":{\"@id\":\"https:\\\/\\\/ecoquimic.com\\\/#organization\"},\"potentialAction\":[{\"@type\":\"SearchAction\",\"target\":{\"@type\":\"EntryPoint\",\"urlTemplate\":\"https:\\\/\\\/ecoquimic.com\\\/?s={search_term_string}\"},\"query-input\":{\"@type\":\"PropertyValueSpecification\",\"valueRequired\":true,\"valueName\":\"search_term_string\"}}],\"inLanguage\":\"ca\"},{\"@type\":\"Organization\",\"@id\":\"https:\\\/\\\/ecoquimic.com\\\/#organization\",\"name\":\"Ecoquimic\",\"url\":\"https:\\\/\\\/ecoquimic.com\\\/\",\"logo\":{\"@type\":\"ImageObject\",\"inLanguage\":\"ca\",\"@id\":\"https:\\\/\\\/ecoquimic.com\\\/#\\\/schema\\\/logo\\\/image\\\/\",\"url\":\"https:\\\/\\\/ecoquimic.com\\\/wp-content\\\/uploads\\\/2021\\\/10\\\/ecoquimic.png\",\"contentUrl\":\"https:\\\/\\\/ecoquimic.com\\\/wp-content\\\/uploads\\\/2021\\\/10\\\/ecoquimic.png\",\"width\":200,\"height\":93,\"caption\":\"Ecoquimic\"},\"image\":{\"@id\":\"https:\\\/\\\/ecoquimic.com\\\/#\\\/schema\\\/logo\\\/image\\\/\"},\"sameAs\":[\"https:\\\/\\\/www.facebook.com\\\/EcoquimicBalear\\\/\",\"https:\\\/\\\/x.com\\\/EcoquimicBalear\",\"https:\\\/\\\/www.instagram.com\\\/ecoquimic\\\/\",\"https:\\\/\\\/www.linkedin.com\\\/company\\\/ecoquimicbalear\\\/\",\"https:\\\/\\\/www.youtube.com\\\/channel\\\/UCYxjbpYf4oB7iKCsjUM1J4g\"]}]}<\/script>\n<!-- \/ Yoast SEO plugin. -->","yoast_head_json":{"title":"Eliminador de Olores Fosas S\u00e9pticas - Ecoquimic","description":"Fabricaci\u00f3n de productos qu\u00edmicos, marcas blancas, productos de limpieza, automoci\u00f3n, n\u00e1utica, lavander\u00eda industrial, lavander\u00eda dom\u00e9stica, construcci\u00f3n, Canal Horeca, productos biol\u00f3gicos, ambientadores, piscina. Ecoquimic - Eliminador de Olores Fosas S\u00e9pticas","robots":{"index":"index","follow":"follow","max-snippet":"max-snippet:-1","max-image-preview":"max-image-preview:large","max-video-preview":"max-video-preview:-1"},"canonical":"https:\/\/ecoquimic.com\/ca\/productos\/biologicos-2\/eliminador-de-olores-fosas-septicas\/","og_locale":"ca_ES","og_type":"article","og_title":"Eliminador de Olores Fosas S\u00e9pticas - Ecoquimic","og_description":"Fabricaci\u00f3n de productos qu\u00edmicos, marcas blancas, productos de limpieza, automoci\u00f3n, n\u00e1utica, lavander\u00eda industrial, lavander\u00eda dom\u00e9stica, construcci\u00f3n, Canal Horeca, productos biol\u00f3gicos, ambientadores, piscina. Ecoquimic - Eliminador de Olores Fosas S\u00e9pticas","og_url":"https:\/\/ecoquimic.com\/ca\/productos\/biologicos-2\/eliminador-de-olores-fosas-septicas\/","og_site_name":"Ecoquimic","article_publisher":"https:\/\/www.facebook.com\/EcoquimicBalear\/","article_modified_time":"2024-05-29T07:41:40+00:00","twitter_card":"summary_large_image","twitter_site":"@EcoquimicBalear","schema":{"@context":"https:\/\/schema.org","@graph":[{"@type":"WebPage","@id":"https:\/\/ecoquimic.com\/productos\/biologicos-2\/eliminador-de-olores-fosas-septicas\/","url":"https:\/\/ecoquimic.com\/productos\/biologicos-2\/eliminador-de-olores-fosas-septicas\/","name":"Eliminador de Olores Fosas S\u00e9pticas - Ecoquimic","isPartOf":{"@id":"https:\/\/ecoquimic.com\/#website"},"datePublished":"2024-05-24T10:19:36+00:00","dateModified":"2024-05-29T07:41:40+00:00","description":"Fabricaci\u00f3n de productos qu\u00edmicos, marcas blancas, productos de limpieza, automoci\u00f3n, n\u00e1utica, lavander\u00eda industrial, lavander\u00eda dom\u00e9stica, construcci\u00f3n, Canal Horeca, productos biol\u00f3gicos, ambientadores, piscina. Ecoquimic - Eliminador de Olores Fosas S\u00e9pticas","breadcrumb":{"@id":"https:\/\/ecoquimic.com\/productos\/biologicos-2\/eliminador-de-olores-fosas-septicas\/#breadcrumb"},"inLanguage":"ca","potentialAction":[{"@type":"ReadAction","target":["https:\/\/ecoquimic.com\/productos\/biologicos-2\/eliminador-de-olores-fosas-septicas\/"]}]},{"@type":"BreadcrumbList","@id":"https:\/\/ecoquimic.com\/productos\/biologicos-2\/eliminador-de-olores-fosas-septicas\/#breadcrumb","itemListElement":[{"@type":"ListItem","position":1,"name":"Portada","item":"https:\/\/ecoquimic.com\/"},{"@type":"ListItem","position":2,"name":"Productos","item":"https:\/\/ecoquimic.com\/productos\/"},{"@type":"ListItem","position":3,"name":"Biol\u00f3gicos","item":"https:\/\/ecoquimic.com\/productos\/biologicos-2\/"},{"@type":"ListItem","position":4,"name":"Eliminador de Olores Fosas S\u00e9pticas"}]},{"@type":"WebSite","@id":"https:\/\/ecoquimic.com\/#website","url":"https:\/\/ecoquimic.com\/","name":"Ecoquimic","description":"F\u00e1brica productos qu\u00edmicos de limpieza en Mallorca, Baleares, Espa\u00f1a","publisher":{"@id":"https:\/\/ecoquimic.com\/#organization"},"potentialAction":[{"@type":"SearchAction","target":{"@type":"EntryPoint","urlTemplate":"https:\/\/ecoquimic.com\/?s={search_term_string}"},"query-input":{"@type":"PropertyValueSpecification","valueRequired":true,"valueName":"search_term_string"}}],"inLanguage":"ca"},{"@type":"Organization","@id":"https:\/\/ecoquimic.com\/#organization","name":"Ecoquimic","url":"https:\/\/ecoquimic.com\/","logo":{"@type":"ImageObject","inLanguage":"ca","@id":"https:\/\/ecoquimic.com\/#\/schema\/logo\/image\/","url":"https:\/\/ecoquimic.com\/wp-content\/uploads\/2021\/10\/ecoquimic.png","contentUrl":"https:\/\/ecoquimic.com\/wp-content\/uploads\/2021\/10\/ecoquimic.png","width":200,"height":93,"caption":"Ecoquimic"},"image":{"@id":"https:\/\/ecoquimic.com\/#\/schema\/logo\/image\/"},"sameAs":["https:\/\/www.facebook.com\/EcoquimicBalear\/","https:\/\/x.com\/EcoquimicBalear","https:\/\/www.instagram.com\/ecoquimic\/","https:\/\/www.linkedin.com\/company\/ecoquimicbalear\/","https:\/\/www.youtube.com\/channel\/UCYxjbpYf4oB7iKCsjUM1J4g"]}]}},"_links":{"self":[{"href":"https:\/\/ecoquimic.com\/ca\/wp-json\/wp\/v2\/pages\/16758","targetHints":{"allow":["GET"]}}],"collection":[{"href":"https:\/\/ecoquimic.com\/ca\/wp-json\/wp\/v2\/pages"}],"about":[{"href":"https:\/\/ecoquimic.com\/ca\/wp-json\/wp\/v2\/types\/page"}],"author":[{"embeddable":true,"href":"https:\/\/ecoquimic.com\/ca\/wp-json\/wp\/v2\/users\/10"}],"replies":[{"embeddable":true,"href":"https:\/\/ecoquimic.com\/ca\/wp-json\/wp\/v2\/comments?post=16758"}],"version-history":[{"count":5,"href":"https:\/\/ecoquimic.com\/ca\/wp-json\/wp\/v2\/pages\/16758\/revisions"}],"predecessor-version":[{"id":18280,"href":"https:\/\/ecoquimic.com\/ca\/wp-json\/wp\/v2\/pages\/16758\/revisions\/18280"}],"up":[{"embeddable":true,"href":"https:\/\/ecoquimic.com\/ca\/wp-json\/wp\/v2\/pages\/8033"}],"wp:attachment":[{"href":"https:\/\/ecoquimic.com\/ca\/wp-json\/wp\/v2\/media?parent=16758"}],"curies":[{"name":"wp","href":"https:\/\/api.w.org\/{rel}","templated":true}]}}