{"id":16685,"date":"2024-05-24T09:08:42","date_gmt":"2024-05-24T09:08:42","guid":{"rendered":"https:\/\/ecoquimic.com\/?page_id=16685"},"modified":"2025-07-02T08:36:31","modified_gmt":"2025-07-02T08:36:31","slug":"gloval-hidrosulfito","status":"publish","type":"page","link":"https:\/\/ecoquimic.com\/ca\/granel\/gloval\/gloval-hidrosulfito\/","title":{"rendered":"Gloval Hidrosulfito"},"content":{"rendered":"<div data-colibri-id=\"16685-c1\" class=\"style-10471 style-local-16685-c1 position-relative\">\n  <!---->\n  <div data-colibri-component=\"section\" data-colibri-id=\"16685-c15\" id=\"reusable-sections-3\" class=\"h-section h-section-global-spacing d-flex align-items-lg-center align-items-md-center align-items-center style-12994 style-local-16685-c15 position-relative\">\n    <!---->\n    <!---->\n    <div class=\"h-section-grid-container h-section-fluid-container\">\n      <!---->\n      <div data-colibri-id=\"16685-c16\" class=\"h-row-container gutters-row-lg-0 gutters-row-md-0 gutters-row-2 gutters-row-v-lg-0 gutters-row-v-md-0 gutters-row-v-2 style-12995 style-local-16685-c16 position-relative\">\n        <!---->\n        <div class=\"h-row justify-content-lg-center justify-content-md-center justify-content-center align-items-lg-stretch align-items-md-stretch align-items-stretch gutters-col-lg-0 gutters-col-md-0 gutters-col-2 gutters-col-v-lg-0 gutters-col-v-md-0 gutters-col-v-2\">\n          <!---->\n          <div class=\"h-column h-column-container d-flex h-col-lg-auto h-col-md-auto h-col-auto style-12996-outer style-local-16685-c17-outer\">\n            <div data-colibri-id=\"16685-c17\" class=\"d-flex h-flex-basis h-column__inner h-px-lg-3 h-px-md-3 h-px-0 v-inner-lg-0 v-inner-md-3 v-inner-0 style-12996 style-local-16685-c17 position-relative\">\n              <!---->\n              <!---->\n              <div class=\"w-100 h-y-container h-column__content h-column__v-align flex-basis-100 align-self-lg-start align-self-md-start align-self-start\">\n                <!---->\n                <div data-colibri-id=\"16685-c18\" class=\"h-global-transition-all h-heading style-12997 style-local-16685-c18 position-relative h-element\">\n                  <!---->\n                  <div class=\"h-heading__outer style-12997 style-local-16685-c18\">\n                    <!---->\n                    <!---->\n                    <h4 class=\"\">GLOVAL Hidrosulfito<\/h4>\n                  <\/div>\n                <\/div>\n                <div data-colibri-id=\"16685-c6\" class=\"h-text h-text-component style-10476 style-local-16685-c6 position-relative h-element\">\n                  <!---->\n                  <!---->\n                  <div class=\"\">\n                    <p>Blanquejant Recuperador<\/p>\n                  <\/div>\n                <\/div>\n                <div data-colibri-id=\"16685-c19\" class=\"h-text h-text-component style-12998 style-local-16685-c19 position-relative h-element\">\n                  <!---->\n                  <!---->\n                  <div class=\"\">\n                    <p><span style=\"font-weight: 400; font-size: 16px; font-family: Montserrat; color: rgb(102, 102, 102);\">Blanquejant en pols, recupera blancs que no s'aconsegueixen amb els productes est\u00e0ndard<\/span><\/p>\n                  <\/div>\n                <\/div>\n                <div data-colibri-id=\"16685-c20\" class=\"h-divider style-12999 style-local-16685-c20 position-relative h-element\">\n                  <!----><span class=\"h-divider__line style-12999-line style-local-16685-c20-line style-12999-line style-local-16685-c20-line\"><\/span><\/div>\n                <div data-colibri-id=\"16685-c21\" class=\"h-row-container gutters-row-lg-2 gutters-row-md-2 gutters-row-0 gutters-row-v-lg-2 gutters-row-v-md-2 gutters-row-v-0 style-13000 style-local-16685-c21 position-relative\">\n                  <!---->\n                  <div class=\"h-row justify-content-lg-center justify-content-md-center justify-content-center align-items-lg-stretch align-items-md-stretch align-items-stretch gutters-col-lg-2 gutters-col-md-2 gutters-col-0 gutters-col-v-lg-2 gutters-col-v-md-2 gutters-col-v-0\">\n                    <!---->\n                    <div class=\"h-column h-column-container d-flex h-col-lg-12 h-col-md-12 h-col-12 style-13001-outer style-local-16685-c22-outer\">\n                      <div data-colibri-id=\"16685-c22\" class=\"d-flex h-flex-basis h-column__inner h-px-lg-0 h-px-md-0 h-px-0 v-inner-lg-0 v-inner-md-0 v-inner-0 style-13001 style-local-16685-c22 position-relative\">\n                        <!---->\n                        <!---->\n                        <div class=\"w-100 h-y-container h-column__content h-column__v-align flex-basis-100 align-self-lg-start align-self-md-start align-self-start\">\n                          <!---->\n                          <div data-colibri-id=\"16685-c23\" class=\"h-global-transition-all h-heading style-13002 style-local-16685-c23 position-relative h-element\">\n                            <!---->\n                            <div class=\"h-heading__outer style-13002 style-local-16685-c23\">\n                              <!---->\n                              <!---->\n                              <h3 class=\"\">Informaci\u00f3<\/h3>\n                            <\/div>\n                          <\/div>\n                          <div data-colibri-id=\"16685-c24\" class=\"h-text h-text-component style-13003 style-local-16685-c24 position-relative h-element\">\n                            <!---->\n                            <!---->\n                            <div class=\"\">\n                              <p><span style=\"color: rgb(102, 102, 102); font-family: Montserrat; font-size: 16px; font-weight: 400;\">Indicado para procesos especiales de recuperaci\u00f3n, adecuado para la recuperaci\u00f3n del grado de blanco original por migraciones de color.<\/span><\/p>\n                              <p><span style=\"font-weight: 400; font-size: 16px; font-family: Montserrat; color: rgb(102, 102, 102);\">Eliminaci\u00f3 efica\u00e7 dels taques d'\u00f2xid, ferro, envelliment\u2026<\/span><\/p>\n                            <\/div>\n                          <\/div>\n                          <div data-colibri-id=\"16685-c25\" class=\"style-13004 style-local-16685-c25 h-hide-lg h-hide-md position-relative h-element\">\n                            <!---->\n                          <\/div>\n                        <\/div>\n                      <\/div>\n                    <\/div>\n                  <\/div>\n                <\/div>\n              <\/div>\n            <\/div>\n          <\/div>\n          <div class=\"h-column h-column-container d-flex h-col-lg-auto h-col-md-auto h-col-auto style-13005-outer style-local-16685-c29-outer\">\n            <div data-colibri-id=\"16685-c29\" class=\"d-flex h-flex-basis h-column__inner h-px-lg-0 h-px-md-0 h-px-0 v-inner-lg-0 v-inner-md-0 v-inner-0 style-13005 style-local-16685-c29 position-relative\">\n              <!---->\n              <!---->\n              <div class=\"w-100 h-y-container h-column__content h-column__v-align flex-basis-100 align-self-lg-center align-self-md-center align-self-center\">\n                <!---->\n                <div data-colibri-id=\"16685-c30\" class=\"d-block style-13006 style-local-16685-c30 position-relative h-element\">\n                  <!---->\n                  <div class=\"h-image__frame-container-outer\">\n                    <div class=\"h-image__frame-container\">\n                      <!---->\n                      <!---->\n                      <img loading=\"lazy\" decoding=\"async\" width=\"2560\" height=\"2073\" src=\"https:\/\/ecoquimic.com\/wp-content\/uploads\/2025\/07\/HIDROSULFITO-scaled.png\" class=\"wp-image-23310 style-13006-image style-local-16685-c30-image\" alt=\"\" srcset=\"https:\/\/ecoquimic.com\/wp-content\/uploads\/2025\/07\/HIDROSULFITO-scaled.png 2560w, https:\/\/ecoquimic.com\/wp-content\/uploads\/2025\/07\/HIDROSULFITO-300x243.png 300w, https:\/\/ecoquimic.com\/wp-content\/uploads\/2025\/07\/HIDROSULFITO-1024x829.png 1024w, https:\/\/ecoquimic.com\/wp-content\/uploads\/2025\/07\/HIDROSULFITO-768x622.png 768w, https:\/\/ecoquimic.com\/wp-content\/uploads\/2025\/07\/HIDROSULFITO-1536x1244.png 1536w, https:\/\/ecoquimic.com\/wp-content\/uploads\/2025\/07\/HIDROSULFITO-2048x1659.png 2048w, https:\/\/ecoquimic.com\/wp-content\/uploads\/2025\/07\/HIDROSULFITO-15x12.png 15w, https:\/\/ecoquimic.com\/wp-content\/uploads\/2025\/07\/HIDROSULFITO-24x19.png 24w, https:\/\/ecoquimic.com\/wp-content\/uploads\/2025\/07\/HIDROSULFITO-36x29.png 36w, https:\/\/ecoquimic.com\/wp-content\/uploads\/2025\/07\/HIDROSULFITO-48x39.png 48w\" sizes=\"auto, (max-width: 2560px) 100vw, 2560px\" \/>\n                      <div class=\"h-image__frame h-hide-lg h-hide-md h-hide-sm style-13006-frameImage style-local-16685-c30-frameImage\"><\/div>\n                    <\/div>\n                  <\/div>\n                <\/div>\n              <\/div>\n            <\/div>\n          <\/div>\n        <\/div>\n      <\/div>\n    <\/div>\n  <\/div>\n<\/div>","protected":false},"excerpt":{"rendered":"<p>GLOVAL Hidrosulfito Blanqueante Recuperador Blanqueante en polvo, recupera blancos que no se consiguen con los productos est\u00e1ndar Informaci\u00f3n Indicado para procesos especiales de recuperaci\u00f3n, adecuado para la recuperaci\u00f3n del grado de blanco original por migraciones de color. Eliminaci\u00f3n eficaz de las manchas de \u00f3xido, hierro, envejecimiento&#8230;<\/p>","protected":false},"author":10,"featured_media":0,"parent":13525,"menu_order":26,"comment_status":"closed","ping_status":"closed","template":"page-templates\/full-width-page.php","meta":{"footnotes":""},"class_list":["post-16685","page","type-page","status-publish","hentry"],"yoast_head":"<!-- This site is optimized with the Yoast SEO plugin v27.4 - https:\/\/yoast.com\/product\/yoast-seo-wordpress\/ -->\n<title>Gloval Hidrosulfito - Ecoquimic<\/title>\n<meta name=\"description\" content=\"Fabricaci\u00f3n de productos qu\u00edmicos, marcas blancas, productos de limpieza, automoci\u00f3n, n\u00e1utica, lavander\u00eda industrial, lavander\u00eda dom\u00e9stica, construcci\u00f3n, Canal Horeca, productos biol\u00f3gicos, ambientadores, piscina. Ecoquimic - Gloval Hidrosulfito\" \/>\n<meta name=\"robots\" content=\"index, follow, max-snippet:-1, max-image-preview:large, max-video-preview:-1\" \/>\n<link rel=\"canonical\" href=\"https:\/\/ecoquimic.com\/ca\/granel\/gloval\/gloval-hidrosulfito\/\" \/>\n<meta property=\"og:locale\" content=\"ca_ES\" \/>\n<meta property=\"og:type\" content=\"article\" \/>\n<meta property=\"og:title\" content=\"Gloval Hidrosulfito - Ecoquimic\" \/>\n<meta property=\"og:description\" content=\"Fabricaci\u00f3n de productos qu\u00edmicos, marcas blancas, productos de limpieza, automoci\u00f3n, n\u00e1utica, lavander\u00eda industrial, lavander\u00eda dom\u00e9stica, construcci\u00f3n, Canal Horeca, productos biol\u00f3gicos, ambientadores, piscina. Ecoquimic - Gloval Hidrosulfito\" \/>\n<meta property=\"og:url\" content=\"https:\/\/ecoquimic.com\/ca\/granel\/gloval\/gloval-hidrosulfito\/\" \/>\n<meta property=\"og:site_name\" content=\"Ecoquimic\" \/>\n<meta property=\"article:publisher\" content=\"https:\/\/www.facebook.com\/EcoquimicBalear\/\" \/>\n<meta property=\"article:modified_time\" content=\"2025-07-02T08:36:31+00:00\" \/>\n<meta property=\"og:image\" content=\"https:\/\/ecoquimic.com\/wp-content\/uploads\/2025\/07\/HIDROSULFITO-1024x829.png\" \/>\n\t<meta property=\"og:image:width\" content=\"1024\" \/>\n\t<meta property=\"og:image:height\" content=\"829\" \/>\n\t<meta property=\"og:image:type\" content=\"image\/png\" \/>\n<meta name=\"twitter:card\" content=\"summary_large_image\" \/>\n<meta name=\"twitter:site\" content=\"@EcoquimicBalear\" \/>\n<script type=\"application\/ld+json\" class=\"yoast-schema-graph\">{\"@context\":\"https:\\\/\\\/schema.org\",\"@graph\":[{\"@type\":\"WebPage\",\"@id\":\"https:\\\/\\\/ecoquimic.com\\\/granel\\\/gloval\\\/gloval-hidrosulfito\\\/\",\"url\":\"https:\\\/\\\/ecoquimic.com\\\/granel\\\/gloval\\\/gloval-hidrosulfito\\\/\",\"name\":\"Gloval Hidrosulfito - Ecoquimic\",\"isPartOf\":{\"@id\":\"https:\\\/\\\/ecoquimic.com\\\/#website\"},\"primaryImageOfPage\":{\"@id\":\"https:\\\/\\\/ecoquimic.com\\\/granel\\\/gloval\\\/gloval-hidrosulfito\\\/#primaryimage\"},\"image\":{\"@id\":\"https:\\\/\\\/ecoquimic.com\\\/granel\\\/gloval\\\/gloval-hidrosulfito\\\/#primaryimage\"},\"thumbnailUrl\":\"https:\\\/\\\/ecoquimic.com\\\/wp-content\\\/uploads\\\/2025\\\/07\\\/HIDROSULFITO-scaled.png\",\"datePublished\":\"2024-05-24T09:08:42+00:00\",\"dateModified\":\"2025-07-02T08:36:31+00:00\",\"description\":\"Fabricaci\u00f3n de productos qu\u00edmicos, marcas blancas, productos de limpieza, automoci\u00f3n, n\u00e1utica, lavander\u00eda industrial, lavander\u00eda dom\u00e9stica, construcci\u00f3n, Canal Horeca, productos biol\u00f3gicos, ambientadores, piscina. Ecoquimic - Gloval Hidrosulfito\",\"breadcrumb\":{\"@id\":\"https:\\\/\\\/ecoquimic.com\\\/granel\\\/gloval\\\/gloval-hidrosulfito\\\/#breadcrumb\"},\"inLanguage\":\"ca\",\"potentialAction\":[{\"@type\":\"ReadAction\",\"target\":[\"https:\\\/\\\/ecoquimic.com\\\/granel\\\/gloval\\\/gloval-hidrosulfito\\\/\"]}]},{\"@type\":\"ImageObject\",\"inLanguage\":\"ca\",\"@id\":\"https:\\\/\\\/ecoquimic.com\\\/granel\\\/gloval\\\/gloval-hidrosulfito\\\/#primaryimage\",\"url\":\"https:\\\/\\\/ecoquimic.com\\\/wp-content\\\/uploads\\\/2025\\\/07\\\/HIDROSULFITO-scaled.png\",\"contentUrl\":\"https:\\\/\\\/ecoquimic.com\\\/wp-content\\\/uploads\\\/2025\\\/07\\\/HIDROSULFITO-scaled.png\"},{\"@type\":\"BreadcrumbList\",\"@id\":\"https:\\\/\\\/ecoquimic.com\\\/granel\\\/gloval\\\/gloval-hidrosulfito\\\/#breadcrumb\",\"itemListElement\":[{\"@type\":\"ListItem\",\"position\":1,\"name\":\"Portada\",\"item\":\"https:\\\/\\\/ecoquimic.com\\\/\"},{\"@type\":\"ListItem\",\"position\":2,\"name\":\"Granel\",\"item\":\"https:\\\/\\\/ecoquimic.com\\\/granel\\\/\"},{\"@type\":\"ListItem\",\"position\":3,\"name\":\"Gloval\",\"item\":\"https:\\\/\\\/ecoquimic.com\\\/granel\\\/gloval\\\/\"},{\"@type\":\"ListItem\",\"position\":4,\"name\":\"Gloval Hidrosulfito\"}]},{\"@type\":\"WebSite\",\"@id\":\"https:\\\/\\\/ecoquimic.com\\\/#website\",\"url\":\"https:\\\/\\\/ecoquimic.com\\\/\",\"name\":\"Ecoquimic\",\"description\":\"F\u00e1brica productos qu\u00edmicos de limpieza en Mallorca, Baleares, Espa\u00f1a\",\"publisher\":{\"@id\":\"https:\\\/\\\/ecoquimic.com\\\/#organization\"},\"potentialAction\":[{\"@type\":\"SearchAction\",\"target\":{\"@type\":\"EntryPoint\",\"urlTemplate\":\"https:\\\/\\\/ecoquimic.com\\\/?s={search_term_string}\"},\"query-input\":{\"@type\":\"PropertyValueSpecification\",\"valueRequired\":true,\"valueName\":\"search_term_string\"}}],\"inLanguage\":\"ca\"},{\"@type\":\"Organization\",\"@id\":\"https:\\\/\\\/ecoquimic.com\\\/#organization\",\"name\":\"Ecoquimic\",\"url\":\"https:\\\/\\\/ecoquimic.com\\\/\",\"logo\":{\"@type\":\"ImageObject\",\"inLanguage\":\"ca\",\"@id\":\"https:\\\/\\\/ecoquimic.com\\\/#\\\/schema\\\/logo\\\/image\\\/\",\"url\":\"https:\\\/\\\/ecoquimic.com\\\/wp-content\\\/uploads\\\/2021\\\/10\\\/ecoquimic.png\",\"contentUrl\":\"https:\\\/\\\/ecoquimic.com\\\/wp-content\\\/uploads\\\/2021\\\/10\\\/ecoquimic.png\",\"width\":200,\"height\":93,\"caption\":\"Ecoquimic\"},\"image\":{\"@id\":\"https:\\\/\\\/ecoquimic.com\\\/#\\\/schema\\\/logo\\\/image\\\/\"},\"sameAs\":[\"https:\\\/\\\/www.facebook.com\\\/EcoquimicBalear\\\/\",\"https:\\\/\\\/x.com\\\/EcoquimicBalear\",\"https:\\\/\\\/www.instagram.com\\\/ecoquimic\\\/\",\"https:\\\/\\\/www.linkedin.com\\\/company\\\/ecoquimicbalear\\\/\",\"https:\\\/\\\/www.youtube.com\\\/channel\\\/UCYxjbpYf4oB7iKCsjUM1J4g\"]}]}<\/script>\n<!-- \/ Yoast SEO plugin. -->","yoast_head_json":{"title":"Gloval Hidrosulfito - Ecoquimic","description":"Fabricaci\u00f3n de productos qu\u00edmicos, marcas blancas, productos de limpieza, automoci\u00f3n, n\u00e1utica, lavander\u00eda industrial, lavander\u00eda dom\u00e9stica, construcci\u00f3n, Canal Horeca, productos biol\u00f3gicos, ambientadores, piscina. Ecoquimic - Gloval Hidrosulfito","robots":{"index":"index","follow":"follow","max-snippet":"max-snippet:-1","max-image-preview":"max-image-preview:large","max-video-preview":"max-video-preview:-1"},"canonical":"https:\/\/ecoquimic.com\/ca\/granel\/gloval\/gloval-hidrosulfito\/","og_locale":"ca_ES","og_type":"article","og_title":"Gloval Hidrosulfito - Ecoquimic","og_description":"Fabricaci\u00f3n de productos qu\u00edmicos, marcas blancas, productos de limpieza, automoci\u00f3n, n\u00e1utica, lavander\u00eda industrial, lavander\u00eda dom\u00e9stica, construcci\u00f3n, Canal Horeca, productos biol\u00f3gicos, ambientadores, piscina. Ecoquimic - Gloval Hidrosulfito","og_url":"https:\/\/ecoquimic.com\/ca\/granel\/gloval\/gloval-hidrosulfito\/","og_site_name":"Ecoquimic","article_publisher":"https:\/\/www.facebook.com\/EcoquimicBalear\/","article_modified_time":"2025-07-02T08:36:31+00:00","og_image":[{"width":1024,"height":829,"url":"https:\/\/ecoquimic.com\/wp-content\/uploads\/2025\/07\/HIDROSULFITO-1024x829.png","type":"image\/png"}],"twitter_card":"summary_large_image","twitter_site":"@EcoquimicBalear","schema":{"@context":"https:\/\/schema.org","@graph":[{"@type":"WebPage","@id":"https:\/\/ecoquimic.com\/granel\/gloval\/gloval-hidrosulfito\/","url":"https:\/\/ecoquimic.com\/granel\/gloval\/gloval-hidrosulfito\/","name":"Gloval Hidrosulfito - Ecoquimic","isPartOf":{"@id":"https:\/\/ecoquimic.com\/#website"},"primaryImageOfPage":{"@id":"https:\/\/ecoquimic.com\/granel\/gloval\/gloval-hidrosulfito\/#primaryimage"},"image":{"@id":"https:\/\/ecoquimic.com\/granel\/gloval\/gloval-hidrosulfito\/#primaryimage"},"thumbnailUrl":"https:\/\/ecoquimic.com\/wp-content\/uploads\/2025\/07\/HIDROSULFITO-scaled.png","datePublished":"2024-05-24T09:08:42+00:00","dateModified":"2025-07-02T08:36:31+00:00","description":"Fabricaci\u00f3n de productos qu\u00edmicos, marcas blancas, productos de limpieza, automoci\u00f3n, n\u00e1utica, lavander\u00eda industrial, lavander\u00eda dom\u00e9stica, construcci\u00f3n, Canal Horeca, productos biol\u00f3gicos, ambientadores, piscina. Ecoquimic - Gloval Hidrosulfito","breadcrumb":{"@id":"https:\/\/ecoquimic.com\/granel\/gloval\/gloval-hidrosulfito\/#breadcrumb"},"inLanguage":"ca","potentialAction":[{"@type":"ReadAction","target":["https:\/\/ecoquimic.com\/granel\/gloval\/gloval-hidrosulfito\/"]}]},{"@type":"ImageObject","inLanguage":"ca","@id":"https:\/\/ecoquimic.com\/granel\/gloval\/gloval-hidrosulfito\/#primaryimage","url":"https:\/\/ecoquimic.com\/wp-content\/uploads\/2025\/07\/HIDROSULFITO-scaled.png","contentUrl":"https:\/\/ecoquimic.com\/wp-content\/uploads\/2025\/07\/HIDROSULFITO-scaled.png"},{"@type":"BreadcrumbList","@id":"https:\/\/ecoquimic.com\/granel\/gloval\/gloval-hidrosulfito\/#breadcrumb","itemListElement":[{"@type":"ListItem","position":1,"name":"Portada","item":"https:\/\/ecoquimic.com\/"},{"@type":"ListItem","position":2,"name":"Granel","item":"https:\/\/ecoquimic.com\/granel\/"},{"@type":"ListItem","position":3,"name":"Gloval","item":"https:\/\/ecoquimic.com\/granel\/gloval\/"},{"@type":"ListItem","position":4,"name":"Gloval Hidrosulfito"}]},{"@type":"WebSite","@id":"https:\/\/ecoquimic.com\/#website","url":"https:\/\/ecoquimic.com\/","name":"Ecoquimic","description":"F\u00e1brica productos qu\u00edmicos de limpieza en Mallorca, Baleares, Espa\u00f1a","publisher":{"@id":"https:\/\/ecoquimic.com\/#organization"},"potentialAction":[{"@type":"SearchAction","target":{"@type":"EntryPoint","urlTemplate":"https:\/\/ecoquimic.com\/?s={search_term_string}"},"query-input":{"@type":"PropertyValueSpecification","valueRequired":true,"valueName":"search_term_string"}}],"inLanguage":"ca"},{"@type":"Organization","@id":"https:\/\/ecoquimic.com\/#organization","name":"Ecoquimic","url":"https:\/\/ecoquimic.com\/","logo":{"@type":"ImageObject","inLanguage":"ca","@id":"https:\/\/ecoquimic.com\/#\/schema\/logo\/image\/","url":"https:\/\/ecoquimic.com\/wp-content\/uploads\/2021\/10\/ecoquimic.png","contentUrl":"https:\/\/ecoquimic.com\/wp-content\/uploads\/2021\/10\/ecoquimic.png","width":200,"height":93,"caption":"Ecoquimic"},"image":{"@id":"https:\/\/ecoquimic.com\/#\/schema\/logo\/image\/"},"sameAs":["https:\/\/www.facebook.com\/EcoquimicBalear\/","https:\/\/x.com\/EcoquimicBalear","https:\/\/www.instagram.com\/ecoquimic\/","https:\/\/www.linkedin.com\/company\/ecoquimicbalear\/","https:\/\/www.youtube.com\/channel\/UCYxjbpYf4oB7iKCsjUM1J4g"]}]}},"_links":{"self":[{"href":"https:\/\/ecoquimic.com\/ca\/wp-json\/wp\/v2\/pages\/16685","targetHints":{"allow":["GET"]}}],"collection":[{"href":"https:\/\/ecoquimic.com\/ca\/wp-json\/wp\/v2\/pages"}],"about":[{"href":"https:\/\/ecoquimic.com\/ca\/wp-json\/wp\/v2\/types\/page"}],"author":[{"embeddable":true,"href":"https:\/\/ecoquimic.com\/ca\/wp-json\/wp\/v2\/users\/10"}],"replies":[{"embeddable":true,"href":"https:\/\/ecoquimic.com\/ca\/wp-json\/wp\/v2\/comments?post=16685"}],"version-history":[{"count":6,"href":"https:\/\/ecoquimic.com\/ca\/wp-json\/wp\/v2\/pages\/16685\/revisions"}],"predecessor-version":[{"id":23589,"href":"https:\/\/ecoquimic.com\/ca\/wp-json\/wp\/v2\/pages\/16685\/revisions\/23589"}],"up":[{"embeddable":true,"href":"https:\/\/ecoquimic.com\/ca\/wp-json\/wp\/v2\/pages\/13525"}],"wp:attachment":[{"href":"https:\/\/ecoquimic.com\/ca\/wp-json\/wp\/v2\/media?parent=16685"}],"curies":[{"name":"wp","href":"https:\/\/api.w.org\/{rel}","templated":true}]}}