{"id":16669,"date":"2024-05-24T08:53:38","date_gmt":"2024-05-24T08:53:38","guid":{"rendered":"https:\/\/ecoquimic.com\/?page_id=16669"},"modified":"2025-07-02T08:38:09","modified_gmt":"2025-07-02T08:38:09","slug":"gloval-adiplus","status":"publish","type":"page","link":"https:\/\/ecoquimic.com\/ca\/granel\/gloval\/gloval-adiplus\/","title":{"rendered":"Gloval Adiplus"},"content":{"rendered":"<div data-colibri-id=\"16669-c1\" class=\"style-10447 style-local-16669-c1 position-relative\">\n  <!---->\n  <div data-colibri-component=\"section\" data-colibri-id=\"16669-c17\" id=\"reusable-sections-3\" class=\"h-section h-section-global-spacing d-flex align-items-lg-center align-items-md-center align-items-center style-13007 style-local-16669-c17 position-relative\">\n    <!---->\n    <!---->\n    <div class=\"h-section-grid-container h-section-fluid-container\">\n      <!---->\n      <div data-colibri-id=\"16669-c18\" class=\"h-row-container gutters-row-lg-0 gutters-row-md-0 gutters-row-2 gutters-row-v-lg-0 gutters-row-v-md-0 gutters-row-v-2 style-13008 style-local-16669-c18 position-relative\">\n        <!---->\n        <div class=\"h-row justify-content-lg-center justify-content-md-center justify-content-center align-items-lg-stretch align-items-md-stretch align-items-stretch gutters-col-lg-0 gutters-col-md-0 gutters-col-2 gutters-col-v-lg-0 gutters-col-v-md-0 gutters-col-v-2\">\n          <!---->\n          <div class=\"h-column h-column-container d-flex h-col-lg-auto h-col-md-auto h-col-auto style-13009-outer style-local-16669-c19-outer\">\n            <div data-colibri-id=\"16669-c19\" class=\"d-flex h-flex-basis h-column__inner h-px-lg-3 h-px-md-3 h-px-0 v-inner-lg-0 v-inner-md-3 v-inner-0 style-13009 style-local-16669-c19 position-relative\">\n              <!---->\n              <!---->\n              <div class=\"w-100 h-y-container h-column__content h-column__v-align flex-basis-100 align-self-lg-start align-self-md-start align-self-start\">\n                <!---->\n                <div data-colibri-id=\"16669-c20\" class=\"h-global-transition-all h-heading style-13010 style-local-16669-c20 position-relative h-element\">\n                  <!---->\n                  <div class=\"h-heading__outer style-13010 style-local-16669-c20\">\n                    <!---->\n                    <!---->\n                    <h4 class=\"\">GLOVAL ADIPLUS<\/h4>\n                  <\/div>\n                <\/div>\n                <div data-colibri-id=\"16669-c6\" class=\"h-text h-text-component style-10452 style-local-16669-c6 position-relative h-element\">\n                  <!---->\n                  <!---->\n                  <div class=\"\">\n                    <p>Detergent Prerentada<\/p>\n                  <\/div>\n                <\/div>\n                <div data-colibri-id=\"16669-c21\" class=\"h-text h-text-component style-13011 style-local-16669-c21 position-relative h-element\">\n                  <!---->\n                  <!---->\n                  <div class=\"\">\n                    <p><span style=\"font-weight: 400; font-size: 16px; font-family: Montserrat; color: rgb(102, 102, 102);\">Detergent l\u00edquid d'alta efic\u00e0cia dosat com a producte humectant per a augmentar l'efic\u00e0cia de la rentada<\/span><\/p>\n                  <\/div>\n                <\/div>\n                <div data-colibri-id=\"16669-c22\" class=\"h-divider style-13012 style-local-16669-c22 position-relative h-element\">\n                  <!----><span class=\"h-divider__line style-13012-line style-local-16669-c22-line style-13012-line style-local-16669-c22-line\"><\/span><\/div>\n                <div data-colibri-id=\"16669-c23\" class=\"h-row-container gutters-row-lg-2 gutters-row-md-2 gutters-row-0 gutters-row-v-lg-2 gutters-row-v-md-2 gutters-row-v-0 style-13013 style-local-16669-c23 position-relative\">\n                  <!---->\n                  <div class=\"h-row justify-content-lg-center justify-content-md-center justify-content-center align-items-lg-stretch align-items-md-stretch align-items-stretch gutters-col-lg-2 gutters-col-md-2 gutters-col-0 gutters-col-v-lg-2 gutters-col-v-md-2 gutters-col-v-0\">\n                    <!---->\n                    <div class=\"h-column h-column-container d-flex h-col-lg-12 h-col-md-12 h-col-12 style-13014-outer style-local-16669-c24-outer\">\n                      <div data-colibri-id=\"16669-c24\" class=\"d-flex h-flex-basis h-column__inner h-px-lg-0 h-px-md-0 h-px-0 v-inner-lg-0 v-inner-md-0 v-inner-0 style-13014 style-local-16669-c24 position-relative\">\n                        <!---->\n                        <!---->\n                        <div class=\"w-100 h-y-container h-column__content h-column__v-align flex-basis-100 align-self-lg-start align-self-md-start align-self-start\">\n                          <!---->\n                          <div data-colibri-id=\"16669-c25\" class=\"h-global-transition-all h-heading style-13015 style-local-16669-c25 position-relative h-element\">\n                            <!---->\n                            <div class=\"h-heading__outer style-13015 style-local-16669-c25\">\n                              <!---->\n                              <!---->\n                              <h3 class=\"\">Informaci\u00f3<\/h3>\n                            <\/div>\n                          <\/div>\n                          <div data-colibri-id=\"16669-c26\" class=\"h-text h-text-component style-13016 style-local-16669-c26 position-relative h-element\">\n                            <!---->\n                            <!---->\n                            <div class=\"\">\n                              <p><span style=\"color: rgb(102, 102, 102); font-family: Montserrat; font-size: 16px; font-weight: 400;\">Su principal caracter\u00edstica es que se trata de un producto apto para trabajar en aguas duras, ya que posee elevado poder secuestrante.<\/span><\/p>\n                              <p><span style=\"font-weight: 400; font-size: 16px; font-family: Montserrat; color: rgb(102, 102, 102);\">Se recomienda su dosificaci\u00f3n junto con otros detergentes o productos para el lavado, obteniendo as\u00ed los mejores resultados.<\/span><\/p>\n                            <\/div>\n                          <\/div>\n                          <div data-colibri-id=\"16669-c27\" class=\"style-13017 style-local-16669-c27 h-hide-lg h-hide-md position-relative h-element\">\n                            <!---->\n                          <\/div>\n                        <\/div>\n                      <\/div>\n                    <\/div>\n                  <\/div>\n                <\/div>\n              <\/div>\n            <\/div>\n          <\/div>\n          <div class=\"h-column h-column-container d-flex h-col-lg-auto h-col-md-auto h-col-auto style-13018-outer style-local-16669-c31-outer\">\n            <div data-colibri-id=\"16669-c31\" class=\"d-flex h-flex-basis h-column__inner h-px-lg-0 h-px-md-0 h-px-0 v-inner-lg-0 v-inner-md-0 v-inner-0 style-13018 style-local-16669-c31 position-relative\">\n              <!---->\n              <!---->\n              <div class=\"w-100 h-y-container h-column__content h-column__v-align flex-basis-100 align-self-lg-center align-self-md-center align-self-center\">\n                <!---->\n                <div data-colibri-id=\"16669-c32\" class=\"d-block style-13019 style-local-16669-c32 position-relative h-element\">\n                  <!---->\n                  <div class=\"h-image__frame-container-outer\">\n                    <div class=\"h-image__frame-container\">\n                      <!---->\n                      <!---->\n                      <img loading=\"lazy\" decoding=\"async\" width=\"2560\" height=\"1849\" src=\"https:\/\/ecoquimic.com\/wp-content\/uploads\/2025\/07\/ADIPLUS-scaled.png\" class=\"wp-image-23311 style-13019-image style-local-16669-c32-image\" alt=\"\" srcset=\"https:\/\/ecoquimic.com\/wp-content\/uploads\/2025\/07\/ADIPLUS-scaled.png 2560w, https:\/\/ecoquimic.com\/wp-content\/uploads\/2025\/07\/ADIPLUS-300x217.png 300w, https:\/\/ecoquimic.com\/wp-content\/uploads\/2025\/07\/ADIPLUS-1024x739.png 1024w, https:\/\/ecoquimic.com\/wp-content\/uploads\/2025\/07\/ADIPLUS-768x555.png 768w, https:\/\/ecoquimic.com\/wp-content\/uploads\/2025\/07\/ADIPLUS-1536x1109.png 1536w, https:\/\/ecoquimic.com\/wp-content\/uploads\/2025\/07\/ADIPLUS-2048x1479.png 2048w, https:\/\/ecoquimic.com\/wp-content\/uploads\/2025\/07\/ADIPLUS-18x12.png 18w, https:\/\/ecoquimic.com\/wp-content\/uploads\/2025\/07\/ADIPLUS-24x17.png 24w, https:\/\/ecoquimic.com\/wp-content\/uploads\/2025\/07\/ADIPLUS-36x26.png 36w, https:\/\/ecoquimic.com\/wp-content\/uploads\/2025\/07\/ADIPLUS-48x35.png 48w\" sizes=\"auto, (max-width: 2560px) 100vw, 2560px\" \/>\n                      <div class=\"h-image__frame h-hide-lg h-hide-md h-hide-sm style-13019-frameImage style-local-16669-c32-frameImage\"><\/div>\n                    <\/div>\n                  <\/div>\n                <\/div>\n              <\/div>\n            <\/div>\n          <\/div>\n        <\/div>\n      <\/div>\n    <\/div>\n  <\/div>\n<\/div>","protected":false},"excerpt":{"rendered":"<p>GLOVAL ADIPLUS Detergente Prelavado Detergente l\u00edquido de alta eficacia dosificado como producto humectante para aumentar la eficacia del lavado Informaci\u00f3n Su principal caracter\u00edstica es que se trata de un producto apto para trabajar en aguas duras, ya que posee elevado poder secuestrante. Se recomienda su dosificaci\u00f3n junto con otros detergentes o productos para el lavado, [&hellip;]<\/p>\n","protected":false},"author":10,"featured_media":0,"parent":13525,"menu_order":25,"comment_status":"closed","ping_status":"closed","template":"page-templates\/full-width-page.php","meta":{"footnotes":""},"class_list":["post-16669","page","type-page","status-publish","hentry"],"yoast_head":"<!-- This site is optimized with the Yoast SEO plugin v27.5 - https:\/\/yoast.com\/product\/yoast-seo-wordpress\/ -->\n<title>Gloval Adiplus - Ecoquimic<\/title>\n<meta name=\"description\" content=\"Fabricaci\u00f3n de productos qu\u00edmicos, marcas blancas, productos de limpieza, automoci\u00f3n, n\u00e1utica, lavander\u00eda industrial, lavander\u00eda dom\u00e9stica, construcci\u00f3n, Canal Horeca, productos biol\u00f3gicos, ambientadores, piscina. Ecoquimic - Gloval Adiplus\" \/>\n<meta name=\"robots\" content=\"index, follow, max-snippet:-1, max-image-preview:large, max-video-preview:-1\" \/>\n<link rel=\"canonical\" href=\"https:\/\/ecoquimic.com\/ca\/granel\/gloval\/gloval-adiplus\/\" \/>\n<meta property=\"og:locale\" content=\"ca_ES\" \/>\n<meta property=\"og:type\" content=\"article\" \/>\n<meta property=\"og:title\" content=\"Gloval Adiplus - Ecoquimic\" \/>\n<meta property=\"og:description\" content=\"Fabricaci\u00f3n de productos qu\u00edmicos, marcas blancas, productos de limpieza, automoci\u00f3n, n\u00e1utica, lavander\u00eda industrial, lavander\u00eda dom\u00e9stica, construcci\u00f3n, Canal Horeca, productos biol\u00f3gicos, ambientadores, piscina. Ecoquimic - Gloval Adiplus\" \/>\n<meta property=\"og:url\" content=\"https:\/\/ecoquimic.com\/ca\/granel\/gloval\/gloval-adiplus\/\" \/>\n<meta property=\"og:site_name\" content=\"Ecoquimic\" \/>\n<meta property=\"article:publisher\" content=\"https:\/\/www.facebook.com\/EcoquimicBalear\/\" \/>\n<meta property=\"article:modified_time\" content=\"2025-07-02T08:38:09+00:00\" \/>\n<meta property=\"og:image\" content=\"https:\/\/ecoquimic.com\/wp-content\/uploads\/2025\/07\/ADIPLUS-1024x739.png\" \/>\n\t<meta property=\"og:image:width\" content=\"1024\" \/>\n\t<meta property=\"og:image:height\" content=\"739\" \/>\n\t<meta property=\"og:image:type\" content=\"image\/png\" \/>\n<meta name=\"twitter:card\" content=\"summary_large_image\" \/>\n<meta name=\"twitter:site\" content=\"@EcoquimicBalear\" \/>\n<script type=\"application\/ld+json\" class=\"yoast-schema-graph\">{\"@context\":\"https:\\\/\\\/schema.org\",\"@graph\":[{\"@type\":\"WebPage\",\"@id\":\"https:\\\/\\\/ecoquimic.com\\\/granel\\\/gloval\\\/gloval-adiplus\\\/\",\"url\":\"https:\\\/\\\/ecoquimic.com\\\/granel\\\/gloval\\\/gloval-adiplus\\\/\",\"name\":\"Gloval Adiplus - Ecoquimic\",\"isPartOf\":{\"@id\":\"https:\\\/\\\/ecoquimic.com\\\/#website\"},\"primaryImageOfPage\":{\"@id\":\"https:\\\/\\\/ecoquimic.com\\\/granel\\\/gloval\\\/gloval-adiplus\\\/#primaryimage\"},\"image\":{\"@id\":\"https:\\\/\\\/ecoquimic.com\\\/granel\\\/gloval\\\/gloval-adiplus\\\/#primaryimage\"},\"thumbnailUrl\":\"https:\\\/\\\/ecoquimic.com\\\/wp-content\\\/uploads\\\/2025\\\/07\\\/ADIPLUS-scaled.png\",\"datePublished\":\"2024-05-24T08:53:38+00:00\",\"dateModified\":\"2025-07-02T08:38:09+00:00\",\"description\":\"Fabricaci\u00f3n de productos qu\u00edmicos, marcas blancas, productos de limpieza, automoci\u00f3n, n\u00e1utica, lavander\u00eda industrial, lavander\u00eda dom\u00e9stica, construcci\u00f3n, Canal Horeca, productos biol\u00f3gicos, ambientadores, piscina. Ecoquimic - Gloval Adiplus\",\"breadcrumb\":{\"@id\":\"https:\\\/\\\/ecoquimic.com\\\/granel\\\/gloval\\\/gloval-adiplus\\\/#breadcrumb\"},\"inLanguage\":\"ca\",\"potentialAction\":[{\"@type\":\"ReadAction\",\"target\":[\"https:\\\/\\\/ecoquimic.com\\\/granel\\\/gloval\\\/gloval-adiplus\\\/\"]}]},{\"@type\":\"ImageObject\",\"inLanguage\":\"ca\",\"@id\":\"https:\\\/\\\/ecoquimic.com\\\/granel\\\/gloval\\\/gloval-adiplus\\\/#primaryimage\",\"url\":\"https:\\\/\\\/ecoquimic.com\\\/wp-content\\\/uploads\\\/2025\\\/07\\\/ADIPLUS-scaled.png\",\"contentUrl\":\"https:\\\/\\\/ecoquimic.com\\\/wp-content\\\/uploads\\\/2025\\\/07\\\/ADIPLUS-scaled.png\"},{\"@type\":\"BreadcrumbList\",\"@id\":\"https:\\\/\\\/ecoquimic.com\\\/granel\\\/gloval\\\/gloval-adiplus\\\/#breadcrumb\",\"itemListElement\":[{\"@type\":\"ListItem\",\"position\":1,\"name\":\"Portada\",\"item\":\"https:\\\/\\\/ecoquimic.com\\\/\"},{\"@type\":\"ListItem\",\"position\":2,\"name\":\"Granel\",\"item\":\"https:\\\/\\\/ecoquimic.com\\\/granel\\\/\"},{\"@type\":\"ListItem\",\"position\":3,\"name\":\"Gloval\",\"item\":\"https:\\\/\\\/ecoquimic.com\\\/granel\\\/gloval\\\/\"},{\"@type\":\"ListItem\",\"position\":4,\"name\":\"Gloval Adiplus\"}]},{\"@type\":\"WebSite\",\"@id\":\"https:\\\/\\\/ecoquimic.com\\\/#website\",\"url\":\"https:\\\/\\\/ecoquimic.com\\\/\",\"name\":\"Ecoquimic\",\"description\":\"F\u00e1brica productos qu\u00edmicos de limpieza en Mallorca, Baleares, Espa\u00f1a\",\"publisher\":{\"@id\":\"https:\\\/\\\/ecoquimic.com\\\/#organization\"},\"potentialAction\":[{\"@type\":\"SearchAction\",\"target\":{\"@type\":\"EntryPoint\",\"urlTemplate\":\"https:\\\/\\\/ecoquimic.com\\\/?s={search_term_string}\"},\"query-input\":{\"@type\":\"PropertyValueSpecification\",\"valueRequired\":true,\"valueName\":\"search_term_string\"}}],\"inLanguage\":\"ca\"},{\"@type\":\"Organization\",\"@id\":\"https:\\\/\\\/ecoquimic.com\\\/#organization\",\"name\":\"Ecoquimic\",\"url\":\"https:\\\/\\\/ecoquimic.com\\\/\",\"logo\":{\"@type\":\"ImageObject\",\"inLanguage\":\"ca\",\"@id\":\"https:\\\/\\\/ecoquimic.com\\\/#\\\/schema\\\/logo\\\/image\\\/\",\"url\":\"https:\\\/\\\/ecoquimic.com\\\/wp-content\\\/uploads\\\/2021\\\/10\\\/ecoquimic.png\",\"contentUrl\":\"https:\\\/\\\/ecoquimic.com\\\/wp-content\\\/uploads\\\/2021\\\/10\\\/ecoquimic.png\",\"width\":200,\"height\":93,\"caption\":\"Ecoquimic\"},\"image\":{\"@id\":\"https:\\\/\\\/ecoquimic.com\\\/#\\\/schema\\\/logo\\\/image\\\/\"},\"sameAs\":[\"https:\\\/\\\/www.facebook.com\\\/EcoquimicBalear\\\/\",\"https:\\\/\\\/x.com\\\/EcoquimicBalear\",\"https:\\\/\\\/www.instagram.com\\\/ecoquimic\\\/\",\"https:\\\/\\\/www.linkedin.com\\\/company\\\/ecoquimicbalear\\\/\",\"https:\\\/\\\/www.youtube.com\\\/channel\\\/UCYxjbpYf4oB7iKCsjUM1J4g\"]}]}<\/script>\n<!-- \/ Yoast SEO plugin. -->","yoast_head_json":{"title":"Gloval Adiplus - Ecoquimic","description":"Fabricaci\u00f3n de productos qu\u00edmicos, marcas blancas, productos de limpieza, automoci\u00f3n, n\u00e1utica, lavander\u00eda industrial, lavander\u00eda dom\u00e9stica, construcci\u00f3n, Canal Horeca, productos biol\u00f3gicos, ambientadores, piscina. Ecoquimic - Gloval Adiplus","robots":{"index":"index","follow":"follow","max-snippet":"max-snippet:-1","max-image-preview":"max-image-preview:large","max-video-preview":"max-video-preview:-1"},"canonical":"https:\/\/ecoquimic.com\/ca\/granel\/gloval\/gloval-adiplus\/","og_locale":"ca_ES","og_type":"article","og_title":"Gloval Adiplus - Ecoquimic","og_description":"Fabricaci\u00f3n de productos qu\u00edmicos, marcas blancas, productos de limpieza, automoci\u00f3n, n\u00e1utica, lavander\u00eda industrial, lavander\u00eda dom\u00e9stica, construcci\u00f3n, Canal Horeca, productos biol\u00f3gicos, ambientadores, piscina. Ecoquimic - Gloval Adiplus","og_url":"https:\/\/ecoquimic.com\/ca\/granel\/gloval\/gloval-adiplus\/","og_site_name":"Ecoquimic","article_publisher":"https:\/\/www.facebook.com\/EcoquimicBalear\/","article_modified_time":"2025-07-02T08:38:09+00:00","og_image":[{"width":1024,"height":739,"url":"https:\/\/ecoquimic.com\/wp-content\/uploads\/2025\/07\/ADIPLUS-1024x739.png","type":"image\/png"}],"twitter_card":"summary_large_image","twitter_site":"@EcoquimicBalear","schema":{"@context":"https:\/\/schema.org","@graph":[{"@type":"WebPage","@id":"https:\/\/ecoquimic.com\/granel\/gloval\/gloval-adiplus\/","url":"https:\/\/ecoquimic.com\/granel\/gloval\/gloval-adiplus\/","name":"Gloval Adiplus - Ecoquimic","isPartOf":{"@id":"https:\/\/ecoquimic.com\/#website"},"primaryImageOfPage":{"@id":"https:\/\/ecoquimic.com\/granel\/gloval\/gloval-adiplus\/#primaryimage"},"image":{"@id":"https:\/\/ecoquimic.com\/granel\/gloval\/gloval-adiplus\/#primaryimage"},"thumbnailUrl":"https:\/\/ecoquimic.com\/wp-content\/uploads\/2025\/07\/ADIPLUS-scaled.png","datePublished":"2024-05-24T08:53:38+00:00","dateModified":"2025-07-02T08:38:09+00:00","description":"Fabricaci\u00f3n de productos qu\u00edmicos, marcas blancas, productos de limpieza, automoci\u00f3n, n\u00e1utica, lavander\u00eda industrial, lavander\u00eda dom\u00e9stica, construcci\u00f3n, Canal Horeca, productos biol\u00f3gicos, ambientadores, piscina. Ecoquimic - Gloval Adiplus","breadcrumb":{"@id":"https:\/\/ecoquimic.com\/granel\/gloval\/gloval-adiplus\/#breadcrumb"},"inLanguage":"ca","potentialAction":[{"@type":"ReadAction","target":["https:\/\/ecoquimic.com\/granel\/gloval\/gloval-adiplus\/"]}]},{"@type":"ImageObject","inLanguage":"ca","@id":"https:\/\/ecoquimic.com\/granel\/gloval\/gloval-adiplus\/#primaryimage","url":"https:\/\/ecoquimic.com\/wp-content\/uploads\/2025\/07\/ADIPLUS-scaled.png","contentUrl":"https:\/\/ecoquimic.com\/wp-content\/uploads\/2025\/07\/ADIPLUS-scaled.png"},{"@type":"BreadcrumbList","@id":"https:\/\/ecoquimic.com\/granel\/gloval\/gloval-adiplus\/#breadcrumb","itemListElement":[{"@type":"ListItem","position":1,"name":"Portada","item":"https:\/\/ecoquimic.com\/"},{"@type":"ListItem","position":2,"name":"Granel","item":"https:\/\/ecoquimic.com\/granel\/"},{"@type":"ListItem","position":3,"name":"Gloval","item":"https:\/\/ecoquimic.com\/granel\/gloval\/"},{"@type":"ListItem","position":4,"name":"Gloval Adiplus"}]},{"@type":"WebSite","@id":"https:\/\/ecoquimic.com\/#website","url":"https:\/\/ecoquimic.com\/","name":"Ecoquimic","description":"F\u00e1brica productos qu\u00edmicos de limpieza en Mallorca, Baleares, Espa\u00f1a","publisher":{"@id":"https:\/\/ecoquimic.com\/#organization"},"potentialAction":[{"@type":"SearchAction","target":{"@type":"EntryPoint","urlTemplate":"https:\/\/ecoquimic.com\/?s={search_term_string}"},"query-input":{"@type":"PropertyValueSpecification","valueRequired":true,"valueName":"search_term_string"}}],"inLanguage":"ca"},{"@type":"Organization","@id":"https:\/\/ecoquimic.com\/#organization","name":"Ecoquimic","url":"https:\/\/ecoquimic.com\/","logo":{"@type":"ImageObject","inLanguage":"ca","@id":"https:\/\/ecoquimic.com\/#\/schema\/logo\/image\/","url":"https:\/\/ecoquimic.com\/wp-content\/uploads\/2021\/10\/ecoquimic.png","contentUrl":"https:\/\/ecoquimic.com\/wp-content\/uploads\/2021\/10\/ecoquimic.png","width":200,"height":93,"caption":"Ecoquimic"},"image":{"@id":"https:\/\/ecoquimic.com\/#\/schema\/logo\/image\/"},"sameAs":["https:\/\/www.facebook.com\/EcoquimicBalear\/","https:\/\/x.com\/EcoquimicBalear","https:\/\/www.instagram.com\/ecoquimic\/","https:\/\/www.linkedin.com\/company\/ecoquimicbalear\/","https:\/\/www.youtube.com\/channel\/UCYxjbpYf4oB7iKCsjUM1J4g"]}]}},"_links":{"self":[{"href":"https:\/\/ecoquimic.com\/ca\/wp-json\/wp\/v2\/pages\/16669","targetHints":{"allow":["GET"]}}],"collection":[{"href":"https:\/\/ecoquimic.com\/ca\/wp-json\/wp\/v2\/pages"}],"about":[{"href":"https:\/\/ecoquimic.com\/ca\/wp-json\/wp\/v2\/types\/page"}],"author":[{"embeddable":true,"href":"https:\/\/ecoquimic.com\/ca\/wp-json\/wp\/v2\/users\/10"}],"replies":[{"embeddable":true,"href":"https:\/\/ecoquimic.com\/ca\/wp-json\/wp\/v2\/comments?post=16669"}],"version-history":[{"count":4,"href":"https:\/\/ecoquimic.com\/ca\/wp-json\/wp\/v2\/pages\/16669\/revisions"}],"predecessor-version":[{"id":23596,"href":"https:\/\/ecoquimic.com\/ca\/wp-json\/wp\/v2\/pages\/16669\/revisions\/23596"}],"up":[{"embeddable":true,"href":"https:\/\/ecoquimic.com\/ca\/wp-json\/wp\/v2\/pages\/13525"}],"wp:attachment":[{"href":"https:\/\/ecoquimic.com\/ca\/wp-json\/wp\/v2\/media?parent=16669"}],"curies":[{"name":"wp","href":"https:\/\/api.w.org\/{rel}","templated":true}]}}