{"id":16623,"date":"2024-05-24T07:44:48","date_gmt":"2024-05-24T07:44:48","guid":{"rendered":"https:\/\/ecoquimic.com\/?page_id=16623"},"modified":"2025-07-02T08:31:57","modified_gmt":"2025-07-02T08:31:57","slug":"gloval-655","status":"publish","type":"page","link":"https:\/\/ecoquimic.com\/ca\/granel\/gloval\/gloval-655\/","title":{"rendered":"Gloval 655"},"content":{"rendered":"<div data-colibri-id=\"16623-c1\" class=\"style-10421 style-local-16623-c1 position-relative\">\n  <!---->\n  <div data-colibri-component=\"section\" data-colibri-id=\"16623-c16\" id=\"reusable-sections-3\" class=\"h-section h-section-global-spacing d-flex align-items-lg-center align-items-md-center align-items-center style-12968 style-local-16623-c16 position-relative\">\n    <!---->\n    <!---->\n    <div class=\"h-section-grid-container h-section-fluid-container\">\n      <!---->\n      <div data-colibri-id=\"16623-c17\" class=\"h-row-container gutters-row-lg-0 gutters-row-md-0 gutters-row-2 gutters-row-v-lg-0 gutters-row-v-md-0 gutters-row-v-2 style-12969 style-local-16623-c17 position-relative\">\n        <!---->\n        <div class=\"h-row justify-content-lg-center justify-content-md-center justify-content-center align-items-lg-stretch align-items-md-stretch align-items-stretch gutters-col-lg-0 gutters-col-md-0 gutters-col-2 gutters-col-v-lg-0 gutters-col-v-md-0 gutters-col-v-2\">\n          <!---->\n          <div class=\"h-column h-column-container d-flex h-col-lg-auto h-col-md-auto h-col-auto style-12970-outer style-local-16623-c18-outer\">\n            <div data-colibri-id=\"16623-c18\" class=\"d-flex h-flex-basis h-column__inner h-px-lg-3 h-px-md-3 h-px-0 v-inner-lg-0 v-inner-md-3 v-inner-0 style-12970 style-local-16623-c18 position-relative\">\n              <!---->\n              <!---->\n              <div class=\"w-100 h-y-container h-column__content h-column__v-align flex-basis-100 align-self-lg-start align-self-md-start align-self-start\">\n                <!---->\n                <div data-colibri-id=\"16623-c19\" class=\"h-global-transition-all h-heading style-12971 style-local-16623-c19 position-relative h-element\">\n                  <!---->\n                  <div class=\"h-heading__outer style-12971 style-local-16623-c19\">\n                    <!---->\n                    <!---->\n                    <h4 class=\"\">GLOVAL 655<\/h4>\n                  <\/div>\n                <\/div>\n                <div data-colibri-id=\"16623-c6\" class=\"h-text h-text-component style-10426 style-local-16623-c6 position-relative h-element\">\n                  <!---->\n                  <!---->\n                  <div class=\"\">\n                    <p>Detergent Oxigenat<\/p>\n                  <\/div>\n                <\/div>\n                <div data-colibri-id=\"16623-c20\" class=\"h-text h-text-component style-12972 style-local-16623-c20 position-relative h-element\">\n                  <!---->\n                  <!---->\n                  <div class=\"\">\n                    <p><span style=\"font-weight: 400; font-size: 16px; font-family: Montserrat; color: rgb(102, 102, 102);\">Detergent l\u00edquid amb un elevat poder blanquejant per a tota mena de fibres t\u00e8xtils<\/span><\/p>\n                  <\/div>\n                <\/div>\n                <div data-colibri-id=\"16623-c21\" class=\"h-divider style-12973 style-local-16623-c21 position-relative h-element\">\n                  <!----><span class=\"h-divider__line style-12973-line style-local-16623-c21-line style-12973-line style-local-16623-c21-line\"><\/span><\/div>\n                <div data-colibri-id=\"16623-c22\" class=\"h-row-container gutters-row-lg-2 gutters-row-md-2 gutters-row-0 gutters-row-v-lg-2 gutters-row-v-md-2 gutters-row-v-0 style-12974 style-local-16623-c22 position-relative\">\n                  <!---->\n                  <div class=\"h-row justify-content-lg-center justify-content-md-center justify-content-center align-items-lg-stretch align-items-md-stretch align-items-stretch gutters-col-lg-2 gutters-col-md-2 gutters-col-0 gutters-col-v-lg-2 gutters-col-v-md-2 gutters-col-v-0\">\n                    <!---->\n                    <div class=\"h-column h-column-container d-flex h-col-lg-12 h-col-md-12 h-col-12 style-12975-outer style-local-16623-c23-outer\">\n                      <div data-colibri-id=\"16623-c23\" class=\"d-flex h-flex-basis h-column__inner h-px-lg-0 h-px-md-0 h-px-0 v-inner-lg-0 v-inner-md-0 v-inner-0 style-12975 style-local-16623-c23 position-relative\">\n                        <!---->\n                        <!---->\n                        <div class=\"w-100 h-y-container h-column__content h-column__v-align flex-basis-100 align-self-lg-start align-self-md-start align-self-start\">\n                          <!---->\n                          <div data-colibri-id=\"16623-c24\" class=\"h-global-transition-all h-heading style-12976 style-local-16623-c24 position-relative h-element\">\n                            <!---->\n                            <div class=\"h-heading__outer style-12976 style-local-16623-c24\">\n                              <!---->\n                              <!---->\n                              <h3 class=\"\">Informaci\u00f3<\/h3>\n                            <\/div>\n                          <\/div>\n                          <div data-colibri-id=\"16623-c25\" class=\"h-text h-text-component style-12977 style-local-16623-c25 position-relative h-element\">\n                            <!---->\n                            <!---->\n                            <div class=\"\">\n                              <p><span style=\"color: rgb(102, 102, 102); font-family: Montserrat; font-size: 16px; font-weight: 400;\">Vers\u00e1til, combina acci\u00f3n blanqueante y quita manchas para obtener excelentes resultados de lavado.<\/span><\/p>\n                              <p><span style=\"color: rgb(102, 102, 102); font-family: Montserrat; font-size: 16px; font-weight: 400;\">Act\u00faa sobre todo tipo de manchas, pudiendo usarse en combinaci\u00f3n con cualquier detergente, resulta especialmente eficaz en la eliminaci\u00f3n de manchas de tipo org\u00e1nico.<\/span><\/p>\n                            <\/div>\n                          <\/div>\n                          <div data-colibri-id=\"16623-c26\" class=\"style-12978 style-local-16623-c26 h-hide-lg h-hide-md position-relative h-element\">\n                            <!---->\n                          <\/div>\n                        <\/div>\n                      <\/div>\n                    <\/div>\n                  <\/div>\n                <\/div>\n              <\/div>\n            <\/div>\n          <\/div>\n          <div class=\"h-column h-column-container d-flex h-col-lg-auto h-col-md-auto h-col-auto style-12979-outer style-local-16623-c30-outer\">\n            <div data-colibri-id=\"16623-c30\" class=\"d-flex h-flex-basis h-column__inner h-px-lg-0 h-px-md-0 h-px-0 v-inner-lg-0 v-inner-md-0 v-inner-0 style-12979 style-local-16623-c30 position-relative\">\n              <!---->\n              <!---->\n              <div class=\"w-100 h-y-container h-column__content h-column__v-align flex-basis-100 align-self-lg-start align-self-md-start align-self-start\">\n                <!---->\n                <div data-colibri-id=\"16623-c31\" class=\"d-block style-12980 style-local-16623-c31 position-relative h-element\">\n                  <!---->\n                  <div class=\"h-image__frame-container-outer\">\n                    <div class=\"h-image__frame-container\">\n                      <!---->\n                      <!---->\n                      <img loading=\"lazy\" decoding=\"async\" width=\"1868\" height=\"2386\" src=\"https:\/\/ecoquimic.com\/wp-content\/uploads\/2025\/07\/655.png\" class=\"wp-image-23300 style-12980-image style-local-16623-c31-image\" alt=\"\" srcset=\"https:\/\/ecoquimic.com\/wp-content\/uploads\/2025\/07\/655.png 1868w, https:\/\/ecoquimic.com\/wp-content\/uploads\/2025\/07\/655-235x300.png 235w, https:\/\/ecoquimic.com\/wp-content\/uploads\/2025\/07\/655-802x1024.png 802w, https:\/\/ecoquimic.com\/wp-content\/uploads\/2025\/07\/655-768x981.png 768w, https:\/\/ecoquimic.com\/wp-content\/uploads\/2025\/07\/655-1203x1536.png 1203w, https:\/\/ecoquimic.com\/wp-content\/uploads\/2025\/07\/655-1603x2048.png 1603w, https:\/\/ecoquimic.com\/wp-content\/uploads\/2025\/07\/655-9x12.png 9w, https:\/\/ecoquimic.com\/wp-content\/uploads\/2025\/07\/655-19x24.png 19w, https:\/\/ecoquimic.com\/wp-content\/uploads\/2025\/07\/655-28x36.png 28w, https:\/\/ecoquimic.com\/wp-content\/uploads\/2025\/07\/655-38x48.png 38w\" sizes=\"auto, (max-width: 1868px) 100vw, 1868px\" \/>\n                      <div class=\"h-image__frame h-hide-lg h-hide-md h-hide-sm style-12980-frameImage style-local-16623-c31-frameImage\"><\/div>\n                    <\/div>\n                  <\/div>\n                <\/div>\n              <\/div>\n            <\/div>\n          <\/div>\n        <\/div>\n      <\/div>\n    <\/div>\n  <\/div>\n<\/div>","protected":false},"excerpt":{"rendered":"<p>GLOVAL 655 Detergente Oxigenado Detergente l\u00edquido con un elevado poder blanqueante para todo tipo de fibras textiles Informaci\u00f3n Vers\u00e1til, combina acci\u00f3n blanqueante y quita manchas para obtener excelentes resultados de lavado. Act\u00faa sobre todo tipo de manchas, pudiendo usarse en combinaci\u00f3n con cualquier detergente, resulta especialmente eficaz en la eliminaci\u00f3n de manchas de tipo org\u00e1nico.<\/p>","protected":false},"author":10,"featured_media":0,"parent":13525,"menu_order":24,"comment_status":"closed","ping_status":"closed","template":"page-templates\/full-width-page.php","meta":{"footnotes":""},"class_list":["post-16623","page","type-page","status-publish","hentry"],"yoast_head":"<!-- This site is optimized with the Yoast SEO plugin v27.5 - https:\/\/yoast.com\/product\/yoast-seo-wordpress\/ -->\n<title>Gloval 655 - Ecoquimic<\/title>\n<meta name=\"description\" content=\"Fabricaci\u00f3n de productos qu\u00edmicos, marcas blancas, productos de limpieza, automoci\u00f3n, n\u00e1utica, lavander\u00eda industrial, lavander\u00eda dom\u00e9stica, construcci\u00f3n, Canal Horeca, productos biol\u00f3gicos, ambientadores, piscina. Ecoquimic - Gloval 655\" \/>\n<meta name=\"robots\" content=\"index, follow, max-snippet:-1, max-image-preview:large, max-video-preview:-1\" \/>\n<link rel=\"canonical\" href=\"https:\/\/ecoquimic.com\/ca\/granel\/gloval\/gloval-655\/\" \/>\n<meta property=\"og:locale\" content=\"ca_ES\" \/>\n<meta property=\"og:type\" content=\"article\" \/>\n<meta property=\"og:title\" content=\"Gloval 655 - Ecoquimic\" \/>\n<meta property=\"og:description\" content=\"Fabricaci\u00f3n de productos qu\u00edmicos, marcas blancas, productos de limpieza, automoci\u00f3n, n\u00e1utica, lavander\u00eda industrial, lavander\u00eda dom\u00e9stica, construcci\u00f3n, Canal Horeca, productos biol\u00f3gicos, ambientadores, piscina. Ecoquimic - Gloval 655\" \/>\n<meta property=\"og:url\" content=\"https:\/\/ecoquimic.com\/ca\/granel\/gloval\/gloval-655\/\" \/>\n<meta property=\"og:site_name\" content=\"Ecoquimic\" \/>\n<meta property=\"article:publisher\" content=\"https:\/\/www.facebook.com\/EcoquimicBalear\/\" \/>\n<meta property=\"article:modified_time\" content=\"2025-07-02T08:31:57+00:00\" \/>\n<meta property=\"og:image\" content=\"https:\/\/ecoquimic.com\/wp-content\/uploads\/2025\/07\/655-802x1024.png\" \/>\n\t<meta property=\"og:image:width\" content=\"802\" \/>\n\t<meta property=\"og:image:height\" content=\"1024\" \/>\n\t<meta property=\"og:image:type\" content=\"image\/png\" \/>\n<meta name=\"twitter:card\" content=\"summary_large_image\" \/>\n<meta name=\"twitter:site\" content=\"@EcoquimicBalear\" \/>\n<script type=\"application\/ld+json\" class=\"yoast-schema-graph\">{\"@context\":\"https:\\\/\\\/schema.org\",\"@graph\":[{\"@type\":\"WebPage\",\"@id\":\"https:\\\/\\\/ecoquimic.com\\\/granel\\\/gloval\\\/gloval-655\\\/\",\"url\":\"https:\\\/\\\/ecoquimic.com\\\/granel\\\/gloval\\\/gloval-655\\\/\",\"name\":\"Gloval 655 - Ecoquimic\",\"isPartOf\":{\"@id\":\"https:\\\/\\\/ecoquimic.com\\\/#website\"},\"primaryImageOfPage\":{\"@id\":\"https:\\\/\\\/ecoquimic.com\\\/granel\\\/gloval\\\/gloval-655\\\/#primaryimage\"},\"image\":{\"@id\":\"https:\\\/\\\/ecoquimic.com\\\/granel\\\/gloval\\\/gloval-655\\\/#primaryimage\"},\"thumbnailUrl\":\"https:\\\/\\\/ecoquimic.com\\\/wp-content\\\/uploads\\\/2025\\\/07\\\/655.png\",\"datePublished\":\"2024-05-24T07:44:48+00:00\",\"dateModified\":\"2025-07-02T08:31:57+00:00\",\"description\":\"Fabricaci\u00f3n de productos qu\u00edmicos, marcas blancas, productos de limpieza, automoci\u00f3n, n\u00e1utica, lavander\u00eda industrial, lavander\u00eda dom\u00e9stica, construcci\u00f3n, Canal Horeca, productos biol\u00f3gicos, ambientadores, piscina. Ecoquimic - Gloval 655\",\"breadcrumb\":{\"@id\":\"https:\\\/\\\/ecoquimic.com\\\/granel\\\/gloval\\\/gloval-655\\\/#breadcrumb\"},\"inLanguage\":\"ca\",\"potentialAction\":[{\"@type\":\"ReadAction\",\"target\":[\"https:\\\/\\\/ecoquimic.com\\\/granel\\\/gloval\\\/gloval-655\\\/\"]}]},{\"@type\":\"ImageObject\",\"inLanguage\":\"ca\",\"@id\":\"https:\\\/\\\/ecoquimic.com\\\/granel\\\/gloval\\\/gloval-655\\\/#primaryimage\",\"url\":\"https:\\\/\\\/ecoquimic.com\\\/wp-content\\\/uploads\\\/2025\\\/07\\\/655.png\",\"contentUrl\":\"https:\\\/\\\/ecoquimic.com\\\/wp-content\\\/uploads\\\/2025\\\/07\\\/655.png\"},{\"@type\":\"BreadcrumbList\",\"@id\":\"https:\\\/\\\/ecoquimic.com\\\/granel\\\/gloval\\\/gloval-655\\\/#breadcrumb\",\"itemListElement\":[{\"@type\":\"ListItem\",\"position\":1,\"name\":\"Portada\",\"item\":\"https:\\\/\\\/ecoquimic.com\\\/\"},{\"@type\":\"ListItem\",\"position\":2,\"name\":\"Granel\",\"item\":\"https:\\\/\\\/ecoquimic.com\\\/granel\\\/\"},{\"@type\":\"ListItem\",\"position\":3,\"name\":\"Gloval\",\"item\":\"https:\\\/\\\/ecoquimic.com\\\/granel\\\/gloval\\\/\"},{\"@type\":\"ListItem\",\"position\":4,\"name\":\"Gloval 655\"}]},{\"@type\":\"WebSite\",\"@id\":\"https:\\\/\\\/ecoquimic.com\\\/#website\",\"url\":\"https:\\\/\\\/ecoquimic.com\\\/\",\"name\":\"Ecoquimic\",\"description\":\"F\u00e1brica productos qu\u00edmicos de limpieza en Mallorca, Baleares, Espa\u00f1a\",\"publisher\":{\"@id\":\"https:\\\/\\\/ecoquimic.com\\\/#organization\"},\"potentialAction\":[{\"@type\":\"SearchAction\",\"target\":{\"@type\":\"EntryPoint\",\"urlTemplate\":\"https:\\\/\\\/ecoquimic.com\\\/?s={search_term_string}\"},\"query-input\":{\"@type\":\"PropertyValueSpecification\",\"valueRequired\":true,\"valueName\":\"search_term_string\"}}],\"inLanguage\":\"ca\"},{\"@type\":\"Organization\",\"@id\":\"https:\\\/\\\/ecoquimic.com\\\/#organization\",\"name\":\"Ecoquimic\",\"url\":\"https:\\\/\\\/ecoquimic.com\\\/\",\"logo\":{\"@type\":\"ImageObject\",\"inLanguage\":\"ca\",\"@id\":\"https:\\\/\\\/ecoquimic.com\\\/#\\\/schema\\\/logo\\\/image\\\/\",\"url\":\"https:\\\/\\\/ecoquimic.com\\\/wp-content\\\/uploads\\\/2021\\\/10\\\/ecoquimic.png\",\"contentUrl\":\"https:\\\/\\\/ecoquimic.com\\\/wp-content\\\/uploads\\\/2021\\\/10\\\/ecoquimic.png\",\"width\":200,\"height\":93,\"caption\":\"Ecoquimic\"},\"image\":{\"@id\":\"https:\\\/\\\/ecoquimic.com\\\/#\\\/schema\\\/logo\\\/image\\\/\"},\"sameAs\":[\"https:\\\/\\\/www.facebook.com\\\/EcoquimicBalear\\\/\",\"https:\\\/\\\/x.com\\\/EcoquimicBalear\",\"https:\\\/\\\/www.instagram.com\\\/ecoquimic\\\/\",\"https:\\\/\\\/www.linkedin.com\\\/company\\\/ecoquimicbalear\\\/\",\"https:\\\/\\\/www.youtube.com\\\/channel\\\/UCYxjbpYf4oB7iKCsjUM1J4g\"]}]}<\/script>\n<!-- \/ Yoast SEO plugin. -->","yoast_head_json":{"title":"Gloval 655 - Ecoquimic","description":"Fabricaci\u00f3n de productos qu\u00edmicos, marcas blancas, productos de limpieza, automoci\u00f3n, n\u00e1utica, lavander\u00eda industrial, lavander\u00eda dom\u00e9stica, construcci\u00f3n, Canal Horeca, productos biol\u00f3gicos, ambientadores, piscina. Ecoquimic - Gloval 655","robots":{"index":"index","follow":"follow","max-snippet":"max-snippet:-1","max-image-preview":"max-image-preview:large","max-video-preview":"max-video-preview:-1"},"canonical":"https:\/\/ecoquimic.com\/ca\/granel\/gloval\/gloval-655\/","og_locale":"ca_ES","og_type":"article","og_title":"Gloval 655 - Ecoquimic","og_description":"Fabricaci\u00f3n de productos qu\u00edmicos, marcas blancas, productos de limpieza, automoci\u00f3n, n\u00e1utica, lavander\u00eda industrial, lavander\u00eda dom\u00e9stica, construcci\u00f3n, Canal Horeca, productos biol\u00f3gicos, ambientadores, piscina. Ecoquimic - Gloval 655","og_url":"https:\/\/ecoquimic.com\/ca\/granel\/gloval\/gloval-655\/","og_site_name":"Ecoquimic","article_publisher":"https:\/\/www.facebook.com\/EcoquimicBalear\/","article_modified_time":"2025-07-02T08:31:57+00:00","og_image":[{"width":802,"height":1024,"url":"https:\/\/ecoquimic.com\/wp-content\/uploads\/2025\/07\/655-802x1024.png","type":"image\/png"}],"twitter_card":"summary_large_image","twitter_site":"@EcoquimicBalear","schema":{"@context":"https:\/\/schema.org","@graph":[{"@type":"WebPage","@id":"https:\/\/ecoquimic.com\/granel\/gloval\/gloval-655\/","url":"https:\/\/ecoquimic.com\/granel\/gloval\/gloval-655\/","name":"Gloval 655 - Ecoquimic","isPartOf":{"@id":"https:\/\/ecoquimic.com\/#website"},"primaryImageOfPage":{"@id":"https:\/\/ecoquimic.com\/granel\/gloval\/gloval-655\/#primaryimage"},"image":{"@id":"https:\/\/ecoquimic.com\/granel\/gloval\/gloval-655\/#primaryimage"},"thumbnailUrl":"https:\/\/ecoquimic.com\/wp-content\/uploads\/2025\/07\/655.png","datePublished":"2024-05-24T07:44:48+00:00","dateModified":"2025-07-02T08:31:57+00:00","description":"Fabricaci\u00f3n de productos qu\u00edmicos, marcas blancas, productos de limpieza, automoci\u00f3n, n\u00e1utica, lavander\u00eda industrial, lavander\u00eda dom\u00e9stica, construcci\u00f3n, Canal Horeca, productos biol\u00f3gicos, ambientadores, piscina. Ecoquimic - Gloval 655","breadcrumb":{"@id":"https:\/\/ecoquimic.com\/granel\/gloval\/gloval-655\/#breadcrumb"},"inLanguage":"ca","potentialAction":[{"@type":"ReadAction","target":["https:\/\/ecoquimic.com\/granel\/gloval\/gloval-655\/"]}]},{"@type":"ImageObject","inLanguage":"ca","@id":"https:\/\/ecoquimic.com\/granel\/gloval\/gloval-655\/#primaryimage","url":"https:\/\/ecoquimic.com\/wp-content\/uploads\/2025\/07\/655.png","contentUrl":"https:\/\/ecoquimic.com\/wp-content\/uploads\/2025\/07\/655.png"},{"@type":"BreadcrumbList","@id":"https:\/\/ecoquimic.com\/granel\/gloval\/gloval-655\/#breadcrumb","itemListElement":[{"@type":"ListItem","position":1,"name":"Portada","item":"https:\/\/ecoquimic.com\/"},{"@type":"ListItem","position":2,"name":"Granel","item":"https:\/\/ecoquimic.com\/granel\/"},{"@type":"ListItem","position":3,"name":"Gloval","item":"https:\/\/ecoquimic.com\/granel\/gloval\/"},{"@type":"ListItem","position":4,"name":"Gloval 655"}]},{"@type":"WebSite","@id":"https:\/\/ecoquimic.com\/#website","url":"https:\/\/ecoquimic.com\/","name":"Ecoquimic","description":"F\u00e1brica productos qu\u00edmicos de limpieza en Mallorca, Baleares, Espa\u00f1a","publisher":{"@id":"https:\/\/ecoquimic.com\/#organization"},"potentialAction":[{"@type":"SearchAction","target":{"@type":"EntryPoint","urlTemplate":"https:\/\/ecoquimic.com\/?s={search_term_string}"},"query-input":{"@type":"PropertyValueSpecification","valueRequired":true,"valueName":"search_term_string"}}],"inLanguage":"ca"},{"@type":"Organization","@id":"https:\/\/ecoquimic.com\/#organization","name":"Ecoquimic","url":"https:\/\/ecoquimic.com\/","logo":{"@type":"ImageObject","inLanguage":"ca","@id":"https:\/\/ecoquimic.com\/#\/schema\/logo\/image\/","url":"https:\/\/ecoquimic.com\/wp-content\/uploads\/2021\/10\/ecoquimic.png","contentUrl":"https:\/\/ecoquimic.com\/wp-content\/uploads\/2021\/10\/ecoquimic.png","width":200,"height":93,"caption":"Ecoquimic"},"image":{"@id":"https:\/\/ecoquimic.com\/#\/schema\/logo\/image\/"},"sameAs":["https:\/\/www.facebook.com\/EcoquimicBalear\/","https:\/\/x.com\/EcoquimicBalear","https:\/\/www.instagram.com\/ecoquimic\/","https:\/\/www.linkedin.com\/company\/ecoquimicbalear\/","https:\/\/www.youtube.com\/channel\/UCYxjbpYf4oB7iKCsjUM1J4g"]}]}},"_links":{"self":[{"href":"https:\/\/ecoquimic.com\/ca\/wp-json\/wp\/v2\/pages\/16623","targetHints":{"allow":["GET"]}}],"collection":[{"href":"https:\/\/ecoquimic.com\/ca\/wp-json\/wp\/v2\/pages"}],"about":[{"href":"https:\/\/ecoquimic.com\/ca\/wp-json\/wp\/v2\/types\/page"}],"author":[{"embeddable":true,"href":"https:\/\/ecoquimic.com\/ca\/wp-json\/wp\/v2\/users\/10"}],"replies":[{"embeddable":true,"href":"https:\/\/ecoquimic.com\/ca\/wp-json\/wp\/v2\/comments?post=16623"}],"version-history":[{"count":6,"href":"https:\/\/ecoquimic.com\/ca\/wp-json\/wp\/v2\/pages\/16623\/revisions"}],"predecessor-version":[{"id":23554,"href":"https:\/\/ecoquimic.com\/ca\/wp-json\/wp\/v2\/pages\/16623\/revisions\/23554"}],"up":[{"embeddable":true,"href":"https:\/\/ecoquimic.com\/ca\/wp-json\/wp\/v2\/pages\/13525"}],"wp:attachment":[{"href":"https:\/\/ecoquimic.com\/ca\/wp-json\/wp\/v2\/media?parent=16623"}],"curies":[{"name":"wp","href":"https:\/\/api.w.org\/{rel}","templated":true}]}}