{"id":16309,"date":"2024-05-23T05:13:09","date_gmt":"2024-05-23T05:13:09","guid":{"rendered":"https:\/\/ecoquimic.com\/?page_id=16309"},"modified":"2024-11-28T15:55:35","modified_gmt":"2024-11-28T15:55:35","slug":"desengrasante-multiusos","status":"publish","type":"page","link":"https:\/\/ecoquimic.com\/ca\/productos\/horeca-2\/desengrasante-multiusos\/","title":{"rendered":"Desengrasante Multifuncional"},"content":{"rendered":"<div data-colibri-id=\"16309-c1\" class=\"style-10161 style-local-16309-c1 position-relative\">\n  <!---->\n  <div data-colibri-component=\"section\" data-colibri-id=\"16309-c2\" id=\"reusable-sections-2\" class=\"h-section h-section-global-spacing d-flex align-items-lg-center align-items-md-center align-items-center style-10162 style-local-16309-c2 position-relative\">\n    <!---->\n    <!---->\n    <div class=\"h-section-grid-container h-section-fluid-container\">\n      <!---->\n      <div data-colibri-id=\"16309-c3\" class=\"h-row-container gutters-row-lg-1 gutters-row-md-1 gutters-row-2 gutters-row-v-lg-1 gutters-row-v-md-1 gutters-row-v-2 style-10163 style-local-16309-c3 position-relative\">\n        <!---->\n        <div class=\"h-row justify-content-lg-center justify-content-md-center justify-content-center align-items-lg-stretch align-items-md-stretch align-items-stretch gutters-col-lg-1 gutters-col-md-1 gutters-col-2 gutters-col-v-lg-1 gutters-col-v-md-1 gutters-col-v-2\">\n          <!---->\n          <div class=\"h-column h-column-container d-flex h-col-lg-auto h-col-md-auto h-col-auto style-11372-outer style-local-16309-c4-outer\">\n            <div data-colibri-id=\"16309-c4\" class=\"d-flex h-flex-basis h-column__inner h-px-lg-2 h-px-md-2 h-px-2 v-inner-lg-2 v-inner-md-2 v-inner-2 style-11372 style-local-16309-c4 position-relative\">\n              <!---->\n              <!---->\n              <div class=\"w-100 h-y-container h-column__content h-column__v-align flex-basis-100 align-self-lg-start align-self-md-start align-self-start\">\n                <!---->\n                <div data-colibri-id=\"16309-c5\" class=\"d-block style-11373 style-local-16309-c5 position-relative h-element\">\n                  <!---->\n                  <div class=\"h-image__frame-container-outer\">\n                    <div class=\"h-image__frame-container\">\n                      <!---->\n                      <!---->\n                      <img loading=\"lazy\" decoding=\"async\" width=\"1200\" height=\"1200\" src=\"https:\/\/ecoquimic.com\/wp-content\/uploads\/2024\/11\/RC-3000-Desengrasante-Multiusos.png\" class=\"wp-image-19763 style-11373-image style-local-16309-c5-image\" alt=\"\" srcset=\"https:\/\/ecoquimic.com\/wp-content\/uploads\/2024\/11\/RC-3000-Desengrasante-Multiusos.png 1200w, https:\/\/ecoquimic.com\/wp-content\/uploads\/2024\/11\/RC-3000-Desengrasante-Multiusos-300x300.png 300w, https:\/\/ecoquimic.com\/wp-content\/uploads\/2024\/11\/RC-3000-Desengrasante-Multiusos-1024x1024.png 1024w, https:\/\/ecoquimic.com\/wp-content\/uploads\/2024\/11\/RC-3000-Desengrasante-Multiusos-150x150.png 150w, https:\/\/ecoquimic.com\/wp-content\/uploads\/2024\/11\/RC-3000-Desengrasante-Multiusos-768x768.png 768w, https:\/\/ecoquimic.com\/wp-content\/uploads\/2024\/11\/RC-3000-Desengrasante-Multiusos-12x12.png 12w, https:\/\/ecoquimic.com\/wp-content\/uploads\/2024\/11\/RC-3000-Desengrasante-Multiusos-24x24.png 24w, https:\/\/ecoquimic.com\/wp-content\/uploads\/2024\/11\/RC-3000-Desengrasante-Multiusos-36x36.png 36w, https:\/\/ecoquimic.com\/wp-content\/uploads\/2024\/11\/RC-3000-Desengrasante-Multiusos-48x48.png 48w\" sizes=\"auto, (max-width: 1200px) 100vw, 1200px\" \/>\n                      <div class=\"h-image__frame h-hide-lg h-hide-md h-hide-sm style-11373-frameImage style-local-16309-c5-frameImage\"><\/div>\n                    <\/div>\n                  <\/div>\n                <\/div>\n              <\/div>\n            <\/div>\n          <\/div>\n          <div class=\"h-column h-column-container d-flex h-col-lg-auto h-col-md-auto h-col-auto style-10164-outer style-local-16309-c6-outer\">\n            <div data-colibri-id=\"16309-c6\" class=\"d-flex h-flex-basis h-column__inner h-px-lg-3 h-px-md-3 h-px-0 v-inner-lg-0 v-inner-md-3 v-inner-0 style-10164 style-local-16309-c6 position-relative\">\n              <!---->\n              <!---->\n              <div class=\"w-100 h-y-container h-column__content h-column__v-align flex-basis-100 align-self-lg-start align-self-md-start align-self-start\">\n                <!---->\n                <div data-colibri-id=\"16309-c7\" class=\"h-global-transition-all h-heading style-10165 style-local-16309-c7 position-relative h-element\">\n                  <!---->\n                  <div class=\"h-heading__outer style-10165 style-local-16309-c7\">\n                    <!---->\n                    <!---->\n                    <h4 class=\"\">desengrasante multiUSOS<\/h4>\n                  <\/div>\n                <\/div>\n                <div data-colibri-id=\"16309-c8\" class=\"h-text h-text-component style-10167 style-local-16309-c8 position-relative h-element\">\n                  <!---->\n                  <!---->\n                  <div class=\"\">\n                    <p>En\u00e8rgic desgreixador a base d'aigua i naturalesa alcalina, refor\u00e7at amb tensioactius per a eliminar greixos i olis d'origen vegetal i animal, s'utilitza en qualsevol tipus de superf\u00edcie rentable i compatible amb el car\u00e0cter alcal\u00ed del producte<\/p>\n                    <p>Es pot eliminar greix i brut\u00edcia de: cuines, forns vitrocer\u00e0miques, etc\u2026 taulells, terratzos no tractats, banys, lavabos, portes esmaltades i tot tipus de superf\u00edcies rentables<\/p>\n                    <p><span style=\"font-weight: 400; font-size: 16px; font-family: Montserrat; color: rgb(102, 102, 102);\">Apte per a s\u00f2ls de cuines<\/span><\/p>\n                    <p><span style=\"font-weight: 400; font-size: 16px; font-family: Montserrat; color: rgb(102, 102, 102);\">Pretractament de taques a la roba, previ a la rentada de la mateixa en la rentadora autom\u00e0tica, a m\u00e0, etc\u2026<\/span><\/p>\n                  <\/div>\n                <\/div>\n                <div data-colibri-id=\"16309-c9\" class=\"h-divider style-10168 style-local-16309-c9 position-relative h-element\">\n                  <!----><span class=\"h-divider__line style-10168-line style-local-16309-c9-line style-10168-line style-local-16309-c9-line\"><\/span><\/div>\n                <div data-colibri-id=\"16309-c10\" class=\"h-row-container gutters-row-lg-2 gutters-row-md-2 gutters-row-0 gutters-row-v-lg-2 gutters-row-v-md-2 gutters-row-v-0 style-10169 style-local-16309-c10 position-relative\">\n                  <!---->\n                  <div class=\"h-row justify-content-lg-center justify-content-md-center justify-content-center align-items-lg-stretch align-items-md-stretch align-items-stretch gutters-col-lg-2 gutters-col-md-2 gutters-col-0 gutters-col-v-lg-2 gutters-col-v-md-2 gutters-col-v-0\">\n                    <!---->\n                    <div class=\"h-column h-column-container d-flex h-col-lg-6 h-col-md-6 h-col-12 style-10170-outer style-local-16309-c11-outer\">\n                      <div data-colibri-id=\"16309-c11\" class=\"d-flex h-flex-basis h-column__inner h-px-lg-0 h-px-md-0 h-px-0 v-inner-lg-0 v-inner-md-0 v-inner-0 style-10170 style-local-16309-c11 position-relative\">\n                        <!---->\n                        <!---->\n                        <div class=\"w-100 h-y-container h-column__content h-column__v-align flex-basis-100 align-self-lg-start align-self-md-start align-self-start\">\n                          <!---->\n                          <div data-colibri-id=\"16309-c12\" class=\"h-global-transition-all h-heading style-10171 style-local-16309-c12 position-relative h-element\">\n                            <!---->\n                            <div class=\"h-heading__outer style-10171 style-local-16309-c12\">\n                              <!---->\n                              <!---->\n                              <h3 class=\"\">Informaci\u00f3<\/h3>\n                            <\/div>\n                          <\/div>\n                          <div data-colibri-id=\"16309-c13\" class=\"h-text h-text-component style-10172 style-local-16309-c13 position-relative h-element\">\n                            <!---->\n                            <!---->\n                            <div class=\"\">\n                              <p>Producte desgreixador multifuncional indicat per a tot tipus de greixos, la seva baixa alcalinitat i alta concentraci\u00f3 fa que sigui un producte de molt f\u00e0cil aplicaci\u00f3 i de gran efectivitat<\/p>\n                            <\/div>\n                          <\/div>\n                          <div data-colibri-id=\"16309-c14\" class=\"style-10173 style-local-16309-c14 h-hide-lg h-hide-md position-relative h-element\">\n                            <!---->\n                          <\/div>\n                        <\/div>\n                      <\/div>\n                    <\/div>\n                    <div class=\"h-column h-column-container d-flex h-col-lg-6 h-col-md-6 h-col-12 style-10170-outer style-local-16309-c15-outer\">\n                      <div data-colibri-id=\"16309-c15\" class=\"d-flex h-flex-basis h-column__inner h-px-lg-0 h-px-md-0 h-px-0 v-inner-lg-0 v-inner-md-0 v-inner-0 style-10170 style-local-16309-c15 position-relative\">\n                        <!---->\n                        <!---->\n                        <div class=\"w-100 h-y-container h-column__content h-column__v-align flex-basis-100 align-self-lg-start align-self-md-start align-self-start\">\n                          <!---->\n                          <div data-colibri-id=\"16309-c16\" class=\"h-global-transition-all h-heading style-10171 style-local-16309-c16 position-relative h-element\">\n                            <!---->\n                            <div class=\"h-heading__outer style-10171 style-local-16309-c16\">\n                              <!---->\n                              <!---->\n                              <h3 class=\"\">Instruccions d'\u00fas<\/h3>\n                            <\/div>\n                          <\/div>\n                          <div data-colibri-id=\"16309-c17\" class=\"h-text h-text-component style-10172 style-local-16309-c17 position-relative h-element\">\n                            <!---->\n                            <!---->\n                            <div class=\"\">\n                              <p>Polvoritzar la zona a tractar, aclarint-se posteriorment amb aigua, deixant un espai de temps intermedi perqu\u00e8 el producte pugui actuar<\/p>\n                            <\/div>\n                          <\/div>\n                        <\/div>\n                      <\/div>\n                    <\/div>\n                  <\/div>\n                <\/div>\n              <\/div>\n            <\/div>\n          <\/div>\n        <\/div>\n      <\/div>\n    <\/div>\n  <\/div>\n<\/div>","protected":false},"excerpt":{"rendered":"<p>desengrasante multiUSOS En\u00e9rgico desengrasante a base de agua y naturaleza alcalina, reforzado con tensioactivos para eliminar grasas y aceites de origen vegetal y animal, se utiliza en cualquier tipo de superficie lavable y compatible con el car\u00e1cter alcalino del producto Se puede eliminar grasa y suciedad de: cocinas, hornos vitrocer\u00e1micas, etc&#8230; azulejos, terrazos no tratados, [&hellip;]<\/p>\n","protected":false},"author":10,"featured_media":0,"parent":7886,"menu_order":5,"comment_status":"closed","ping_status":"closed","template":"page-templates\/full-width-page.php","meta":{"footnotes":""},"class_list":["post-16309","page","type-page","status-publish","hentry"],"yoast_head":"<!-- This site is optimized with the Yoast SEO plugin v27.5 - https:\/\/yoast.com\/product\/yoast-seo-wordpress\/ -->\n<title>Desengrasante Multifuncional - Ecoquimic<\/title>\n<meta name=\"description\" content=\"Fabricaci\u00f3n de productos qu\u00edmicos, marcas blancas, productos de limpieza, automoci\u00f3n, n\u00e1utica, lavander\u00eda industrial, lavander\u00eda dom\u00e9stica, construcci\u00f3n, Canal Horeca, productos biol\u00f3gicos, ambientadores, piscina. Ecoquimic - Desengrasante Multifuncional\" \/>\n<meta name=\"robots\" content=\"index, follow, max-snippet:-1, max-image-preview:large, max-video-preview:-1\" \/>\n<link rel=\"canonical\" href=\"https:\/\/ecoquimic.com\/ca\/productos\/horeca-2\/desengrasante-multiusos\/\" \/>\n<meta property=\"og:locale\" content=\"ca_ES\" \/>\n<meta property=\"og:type\" content=\"article\" \/>\n<meta property=\"og:title\" content=\"Desengrasante Multifuncional - Ecoquimic\" \/>\n<meta property=\"og:description\" content=\"Fabricaci\u00f3n de productos qu\u00edmicos, marcas blancas, productos de limpieza, automoci\u00f3n, n\u00e1utica, lavander\u00eda industrial, lavander\u00eda dom\u00e9stica, construcci\u00f3n, Canal Horeca, productos biol\u00f3gicos, ambientadores, piscina. Ecoquimic - Desengrasante Multifuncional\" \/>\n<meta property=\"og:url\" content=\"https:\/\/ecoquimic.com\/ca\/productos\/horeca-2\/desengrasante-multiusos\/\" \/>\n<meta property=\"og:site_name\" content=\"Ecoquimic\" \/>\n<meta property=\"article:publisher\" content=\"https:\/\/www.facebook.com\/EcoquimicBalear\/\" \/>\n<meta property=\"article:modified_time\" content=\"2024-11-28T15:55:35+00:00\" \/>\n<meta property=\"og:image\" content=\"https:\/\/ecoquimic.com\/wp-content\/uploads\/2024\/11\/RC-3000-Desengrasante-Multiusos.png\" \/>\n\t<meta property=\"og:image:width\" content=\"1200\" \/>\n\t<meta property=\"og:image:height\" content=\"1200\" \/>\n\t<meta property=\"og:image:type\" content=\"image\/png\" \/>\n<meta name=\"twitter:card\" content=\"summary_large_image\" \/>\n<meta name=\"twitter:site\" content=\"@EcoquimicBalear\" \/>\n<script type=\"application\/ld+json\" class=\"yoast-schema-graph\">{\"@context\":\"https:\\\/\\\/schema.org\",\"@graph\":[{\"@type\":\"WebPage\",\"@id\":\"https:\\\/\\\/ecoquimic.com\\\/productos\\\/horeca-2\\\/desengrasante-multiusos\\\/\",\"url\":\"https:\\\/\\\/ecoquimic.com\\\/productos\\\/horeca-2\\\/desengrasante-multiusos\\\/\",\"name\":\"Desengrasante Multifuncional - Ecoquimic\",\"isPartOf\":{\"@id\":\"https:\\\/\\\/ecoquimic.com\\\/#website\"},\"primaryImageOfPage\":{\"@id\":\"https:\\\/\\\/ecoquimic.com\\\/productos\\\/horeca-2\\\/desengrasante-multiusos\\\/#primaryimage\"},\"image\":{\"@id\":\"https:\\\/\\\/ecoquimic.com\\\/productos\\\/horeca-2\\\/desengrasante-multiusos\\\/#primaryimage\"},\"thumbnailUrl\":\"https:\\\/\\\/ecoquimic.com\\\/wp-content\\\/uploads\\\/2024\\\/11\\\/RC-3000-Desengrasante-Multiusos.png\",\"datePublished\":\"2024-05-23T05:13:09+00:00\",\"dateModified\":\"2024-11-28T15:55:35+00:00\",\"description\":\"Fabricaci\u00f3n de productos qu\u00edmicos, marcas blancas, productos de limpieza, automoci\u00f3n, n\u00e1utica, lavander\u00eda industrial, lavander\u00eda dom\u00e9stica, construcci\u00f3n, Canal Horeca, productos biol\u00f3gicos, ambientadores, piscina. Ecoquimic - Desengrasante Multifuncional\",\"breadcrumb\":{\"@id\":\"https:\\\/\\\/ecoquimic.com\\\/productos\\\/horeca-2\\\/desengrasante-multiusos\\\/#breadcrumb\"},\"inLanguage\":\"ca\",\"potentialAction\":[{\"@type\":\"ReadAction\",\"target\":[\"https:\\\/\\\/ecoquimic.com\\\/productos\\\/horeca-2\\\/desengrasante-multiusos\\\/\"]}]},{\"@type\":\"ImageObject\",\"inLanguage\":\"ca\",\"@id\":\"https:\\\/\\\/ecoquimic.com\\\/productos\\\/horeca-2\\\/desengrasante-multiusos\\\/#primaryimage\",\"url\":\"https:\\\/\\\/ecoquimic.com\\\/wp-content\\\/uploads\\\/2024\\\/11\\\/RC-3000-Desengrasante-Multiusos.png\",\"contentUrl\":\"https:\\\/\\\/ecoquimic.com\\\/wp-content\\\/uploads\\\/2024\\\/11\\\/RC-3000-Desengrasante-Multiusos.png\"},{\"@type\":\"BreadcrumbList\",\"@id\":\"https:\\\/\\\/ecoquimic.com\\\/productos\\\/horeca-2\\\/desengrasante-multiusos\\\/#breadcrumb\",\"itemListElement\":[{\"@type\":\"ListItem\",\"position\":1,\"name\":\"Portada\",\"item\":\"https:\\\/\\\/ecoquimic.com\\\/\"},{\"@type\":\"ListItem\",\"position\":2,\"name\":\"Productos\",\"item\":\"https:\\\/\\\/ecoquimic.com\\\/productos\\\/\"},{\"@type\":\"ListItem\",\"position\":3,\"name\":\"HORECA\",\"item\":\"https:\\\/\\\/ecoquimic.com\\\/productos\\\/horeca-2\\\/\"},{\"@type\":\"ListItem\",\"position\":4,\"name\":\"Desengrasante Multifuncional\"}]},{\"@type\":\"WebSite\",\"@id\":\"https:\\\/\\\/ecoquimic.com\\\/#website\",\"url\":\"https:\\\/\\\/ecoquimic.com\\\/\",\"name\":\"Ecoquimic\",\"description\":\"F\u00e1brica productos qu\u00edmicos de limpieza en Mallorca, Baleares, Espa\u00f1a\",\"publisher\":{\"@id\":\"https:\\\/\\\/ecoquimic.com\\\/#organization\"},\"potentialAction\":[{\"@type\":\"SearchAction\",\"target\":{\"@type\":\"EntryPoint\",\"urlTemplate\":\"https:\\\/\\\/ecoquimic.com\\\/?s={search_term_string}\"},\"query-input\":{\"@type\":\"PropertyValueSpecification\",\"valueRequired\":true,\"valueName\":\"search_term_string\"}}],\"inLanguage\":\"ca\"},{\"@type\":\"Organization\",\"@id\":\"https:\\\/\\\/ecoquimic.com\\\/#organization\",\"name\":\"Ecoquimic\",\"url\":\"https:\\\/\\\/ecoquimic.com\\\/\",\"logo\":{\"@type\":\"ImageObject\",\"inLanguage\":\"ca\",\"@id\":\"https:\\\/\\\/ecoquimic.com\\\/#\\\/schema\\\/logo\\\/image\\\/\",\"url\":\"https:\\\/\\\/ecoquimic.com\\\/wp-content\\\/uploads\\\/2021\\\/10\\\/ecoquimic.png\",\"contentUrl\":\"https:\\\/\\\/ecoquimic.com\\\/wp-content\\\/uploads\\\/2021\\\/10\\\/ecoquimic.png\",\"width\":200,\"height\":93,\"caption\":\"Ecoquimic\"},\"image\":{\"@id\":\"https:\\\/\\\/ecoquimic.com\\\/#\\\/schema\\\/logo\\\/image\\\/\"},\"sameAs\":[\"https:\\\/\\\/www.facebook.com\\\/EcoquimicBalear\\\/\",\"https:\\\/\\\/x.com\\\/EcoquimicBalear\",\"https:\\\/\\\/www.instagram.com\\\/ecoquimic\\\/\",\"https:\\\/\\\/www.linkedin.com\\\/company\\\/ecoquimicbalear\\\/\",\"https:\\\/\\\/www.youtube.com\\\/channel\\\/UCYxjbpYf4oB7iKCsjUM1J4g\"]}]}<\/script>\n<!-- \/ Yoast SEO plugin. -->","yoast_head_json":{"title":"Desengrasante Multifuncional - Ecoquimic","description":"Fabricaci\u00f3n de productos qu\u00edmicos, marcas blancas, productos de limpieza, automoci\u00f3n, n\u00e1utica, lavander\u00eda industrial, lavander\u00eda dom\u00e9stica, construcci\u00f3n, Canal Horeca, productos biol\u00f3gicos, ambientadores, piscina. Ecoquimic - Desengrasante Multifuncional","robots":{"index":"index","follow":"follow","max-snippet":"max-snippet:-1","max-image-preview":"max-image-preview:large","max-video-preview":"max-video-preview:-1"},"canonical":"https:\/\/ecoquimic.com\/ca\/productos\/horeca-2\/desengrasante-multiusos\/","og_locale":"ca_ES","og_type":"article","og_title":"Desengrasante Multifuncional - Ecoquimic","og_description":"Fabricaci\u00f3n de productos qu\u00edmicos, marcas blancas, productos de limpieza, automoci\u00f3n, n\u00e1utica, lavander\u00eda industrial, lavander\u00eda dom\u00e9stica, construcci\u00f3n, Canal Horeca, productos biol\u00f3gicos, ambientadores, piscina. Ecoquimic - Desengrasante Multifuncional","og_url":"https:\/\/ecoquimic.com\/ca\/productos\/horeca-2\/desengrasante-multiusos\/","og_site_name":"Ecoquimic","article_publisher":"https:\/\/www.facebook.com\/EcoquimicBalear\/","article_modified_time":"2024-11-28T15:55:35+00:00","og_image":[{"width":1200,"height":1200,"url":"https:\/\/ecoquimic.com\/wp-content\/uploads\/2024\/11\/RC-3000-Desengrasante-Multiusos.png","type":"image\/png"}],"twitter_card":"summary_large_image","twitter_site":"@EcoquimicBalear","schema":{"@context":"https:\/\/schema.org","@graph":[{"@type":"WebPage","@id":"https:\/\/ecoquimic.com\/productos\/horeca-2\/desengrasante-multiusos\/","url":"https:\/\/ecoquimic.com\/productos\/horeca-2\/desengrasante-multiusos\/","name":"Desengrasante Multifuncional - Ecoquimic","isPartOf":{"@id":"https:\/\/ecoquimic.com\/#website"},"primaryImageOfPage":{"@id":"https:\/\/ecoquimic.com\/productos\/horeca-2\/desengrasante-multiusos\/#primaryimage"},"image":{"@id":"https:\/\/ecoquimic.com\/productos\/horeca-2\/desengrasante-multiusos\/#primaryimage"},"thumbnailUrl":"https:\/\/ecoquimic.com\/wp-content\/uploads\/2024\/11\/RC-3000-Desengrasante-Multiusos.png","datePublished":"2024-05-23T05:13:09+00:00","dateModified":"2024-11-28T15:55:35+00:00","description":"Fabricaci\u00f3n de productos qu\u00edmicos, marcas blancas, productos de limpieza, automoci\u00f3n, n\u00e1utica, lavander\u00eda industrial, lavander\u00eda dom\u00e9stica, construcci\u00f3n, Canal Horeca, productos biol\u00f3gicos, ambientadores, piscina. Ecoquimic - Desengrasante Multifuncional","breadcrumb":{"@id":"https:\/\/ecoquimic.com\/productos\/horeca-2\/desengrasante-multiusos\/#breadcrumb"},"inLanguage":"ca","potentialAction":[{"@type":"ReadAction","target":["https:\/\/ecoquimic.com\/productos\/horeca-2\/desengrasante-multiusos\/"]}]},{"@type":"ImageObject","inLanguage":"ca","@id":"https:\/\/ecoquimic.com\/productos\/horeca-2\/desengrasante-multiusos\/#primaryimage","url":"https:\/\/ecoquimic.com\/wp-content\/uploads\/2024\/11\/RC-3000-Desengrasante-Multiusos.png","contentUrl":"https:\/\/ecoquimic.com\/wp-content\/uploads\/2024\/11\/RC-3000-Desengrasante-Multiusos.png"},{"@type":"BreadcrumbList","@id":"https:\/\/ecoquimic.com\/productos\/horeca-2\/desengrasante-multiusos\/#breadcrumb","itemListElement":[{"@type":"ListItem","position":1,"name":"Portada","item":"https:\/\/ecoquimic.com\/"},{"@type":"ListItem","position":2,"name":"Productos","item":"https:\/\/ecoquimic.com\/productos\/"},{"@type":"ListItem","position":3,"name":"HORECA","item":"https:\/\/ecoquimic.com\/productos\/horeca-2\/"},{"@type":"ListItem","position":4,"name":"Desengrasante Multifuncional"}]},{"@type":"WebSite","@id":"https:\/\/ecoquimic.com\/#website","url":"https:\/\/ecoquimic.com\/","name":"Ecoquimic","description":"F\u00e1brica productos qu\u00edmicos de limpieza en Mallorca, Baleares, Espa\u00f1a","publisher":{"@id":"https:\/\/ecoquimic.com\/#organization"},"potentialAction":[{"@type":"SearchAction","target":{"@type":"EntryPoint","urlTemplate":"https:\/\/ecoquimic.com\/?s={search_term_string}"},"query-input":{"@type":"PropertyValueSpecification","valueRequired":true,"valueName":"search_term_string"}}],"inLanguage":"ca"},{"@type":"Organization","@id":"https:\/\/ecoquimic.com\/#organization","name":"Ecoquimic","url":"https:\/\/ecoquimic.com\/","logo":{"@type":"ImageObject","inLanguage":"ca","@id":"https:\/\/ecoquimic.com\/#\/schema\/logo\/image\/","url":"https:\/\/ecoquimic.com\/wp-content\/uploads\/2021\/10\/ecoquimic.png","contentUrl":"https:\/\/ecoquimic.com\/wp-content\/uploads\/2021\/10\/ecoquimic.png","width":200,"height":93,"caption":"Ecoquimic"},"image":{"@id":"https:\/\/ecoquimic.com\/#\/schema\/logo\/image\/"},"sameAs":["https:\/\/www.facebook.com\/EcoquimicBalear\/","https:\/\/x.com\/EcoquimicBalear","https:\/\/www.instagram.com\/ecoquimic\/","https:\/\/www.linkedin.com\/company\/ecoquimicbalear\/","https:\/\/www.youtube.com\/channel\/UCYxjbpYf4oB7iKCsjUM1J4g"]}]}},"_links":{"self":[{"href":"https:\/\/ecoquimic.com\/ca\/wp-json\/wp\/v2\/pages\/16309","targetHints":{"allow":["GET"]}}],"collection":[{"href":"https:\/\/ecoquimic.com\/ca\/wp-json\/wp\/v2\/pages"}],"about":[{"href":"https:\/\/ecoquimic.com\/ca\/wp-json\/wp\/v2\/types\/page"}],"author":[{"embeddable":true,"href":"https:\/\/ecoquimic.com\/ca\/wp-json\/wp\/v2\/users\/10"}],"replies":[{"embeddable":true,"href":"https:\/\/ecoquimic.com\/ca\/wp-json\/wp\/v2\/comments?post=16309"}],"version-history":[{"count":6,"href":"https:\/\/ecoquimic.com\/ca\/wp-json\/wp\/v2\/pages\/16309\/revisions"}],"predecessor-version":[{"id":20237,"href":"https:\/\/ecoquimic.com\/ca\/wp-json\/wp\/v2\/pages\/16309\/revisions\/20237"}],"up":[{"embeddable":true,"href":"https:\/\/ecoquimic.com\/ca\/wp-json\/wp\/v2\/pages\/7886"}],"wp:attachment":[{"href":"https:\/\/ecoquimic.com\/ca\/wp-json\/wp\/v2\/media?parent=16309"}],"curies":[{"name":"wp","href":"https:\/\/api.w.org\/{rel}","templated":true}]}}