{"id":16110,"date":"2024-05-22T09:47:45","date_gmt":"2024-05-22T09:47:45","guid":{"rendered":"https:\/\/ecoquimic.com\/?page_id=16110"},"modified":"2024-05-29T05:35:26","modified_gmt":"2024-05-29T05:35:26","slug":"lavavajillas-maquina-aguas-duras","status":"publish","type":"page","link":"https:\/\/ecoquimic.com\/ca\/productos\/horeca-2\/lavavajillas-maquina-aguas-duras\/","title":{"rendered":"Lavavajillas M\u00e1quina Aguas Duras"},"content":{"rendered":"<div data-colibri-id=\"16110-c1\" class=\"style-10017 style-local-16110-c1 position-relative\">\n  <!---->\n  <div data-colibri-component=\"section\" data-colibri-id=\"16110-c2\" id=\"reusable-sections-2\" class=\"h-section h-section-global-spacing d-flex align-items-lg-center align-items-md-center align-items-center style-10018 style-local-16110-c2 position-relative\">\n    <!---->\n    <!---->\n    <div class=\"h-section-grid-container h-section-fluid-container\">\n      <!---->\n      <div data-colibri-id=\"16110-c3\" class=\"h-row-container gutters-row-lg-1 gutters-row-md-1 gutters-row-2 gutters-row-v-lg-1 gutters-row-v-md-1 gutters-row-v-2 style-10019 style-local-16110-c3 position-relative\">\n        <!---->\n        <div class=\"h-row justify-content-lg-center justify-content-md-center justify-content-center align-items-lg-stretch align-items-md-stretch align-items-stretch gutters-col-lg-1 gutters-col-md-1 gutters-col-2 gutters-col-v-lg-1 gutters-col-v-md-1 gutters-col-v-2\">\n          <!---->\n          <div class=\"h-column h-column-container d-flex h-col-lg-auto h-col-md-auto h-col-auto style-10020-outer style-local-16110-c4-outer\">\n            <div data-colibri-id=\"16110-c4\" class=\"d-flex h-flex-basis h-column__inner h-px-lg-3 h-px-md-3 h-px-0 v-inner-lg-0 v-inner-md-3 v-inner-0 style-10020 style-local-16110-c4 position-relative\">\n              <!---->\n              <!---->\n              <div class=\"w-100 h-y-container h-column__content h-column__v-align flex-basis-100 align-self-lg-start align-self-md-start align-self-start\">\n                <!---->\n                <div data-colibri-id=\"16110-c5\" class=\"h-global-transition-all h-heading style-10021 style-local-16110-c5 position-relative h-element\">\n                  <!---->\n                  <div class=\"h-heading__outer style-10021 style-local-16110-c5\">\n                    <!---->\n                    <!---->\n                    <h4 class=\"\">rentavaixella M\u00c0QUINA AIG\u00dcES DURES<\/h4>\n                  <\/div>\n                <\/div>\n                <div data-colibri-id=\"16110-c6\" class=\"h-text h-text-component style-10023 style-local-16110-c6 position-relative h-element\">\n                  <!---->\n                  <!---->\n                  <div class=\"\">\n                    <p>Producte l\u00edquid de gran poder desgreixador, efica\u00e7 fins i tot en aig\u00fces dures, al seu torn tamb\u00e9 actua com a segrestant de la cal\u00e7<\/p>\n                    <p>Prev\u00e9 les incrustacions en cubes de rentada<\/p>\n                  <\/div>\n                <\/div>\n                <div data-colibri-id=\"16110-c7\" class=\"h-divider style-10024 style-local-16110-c7 position-relative h-element\">\n                  <!----><span class=\"h-divider__line style-10024-line style-local-16110-c7-line style-10024-line style-local-16110-c7-line\"><\/span><\/div>\n                <div data-colibri-id=\"16110-c8\" class=\"h-row-container gutters-row-lg-2 gutters-row-md-2 gutters-row-0 gutters-row-v-lg-2 gutters-row-v-md-2 gutters-row-v-0 style-10025 style-local-16110-c8 position-relative\">\n                  <!---->\n                  <div class=\"h-row justify-content-lg-center justify-content-md-center justify-content-center align-items-lg-stretch align-items-md-stretch align-items-stretch gutters-col-lg-2 gutters-col-md-2 gutters-col-0 gutters-col-v-lg-2 gutters-col-v-md-2 gutters-col-v-0\">\n                    <!---->\n                    <div class=\"h-column h-column-container d-flex h-col-lg-6 h-col-md-6 h-col-12 style-10026-outer style-local-16110-c9-outer\">\n                      <div data-colibri-id=\"16110-c9\" class=\"d-flex h-flex-basis h-column__inner h-px-lg-0 h-px-md-0 h-px-0 v-inner-lg-0 v-inner-md-0 v-inner-0 style-10026 style-local-16110-c9 position-relative\">\n                        <!---->\n                        <!---->\n                        <div class=\"w-100 h-y-container h-column__content h-column__v-align flex-basis-100 align-self-lg-start align-self-md-start align-self-start\">\n                          <!---->\n                          <div data-colibri-id=\"16110-c10\" class=\"h-global-transition-all h-heading style-10027 style-local-16110-c10 position-relative h-element\">\n                            <!---->\n                            <div class=\"h-heading__outer style-10027 style-local-16110-c10\">\n                              <!---->\n                              <!---->\n                              <h3 class=\"\">Informaci\u00f3<\/h3>\n                            <\/div>\n                          <\/div>\n                          <div data-colibri-id=\"16110-c11\" class=\"h-text h-text-component style-10028 style-local-16110-c11 position-relative h-element\">\n                            <!---->\n                            <!---->\n                            <div class=\"\">\n                              <p><span style=\"font-weight: 400; font-size: 16px; font-family: Montserrat; color: rgb(102, 102, 102);\">Impedeix la formaci\u00f3 de residus en cristalleria i vaixella<\/span><\/p>\n                              <p>Producte indicat per a la rentada de vaixelles i cristalleries en t\u00fanels i m\u00e0quines autom\u00e0tiques en: hotels, col\u00b7legis, casernes, hospitals, etc..<\/p>\n                            <\/div>\n                          <\/div>\n                          <div data-colibri-id=\"16110-c16\" class=\"style-11030 style-local-16110-c16 h-hide-lg h-hide-md position-relative h-element\">\n                            <!---->\n                          <\/div>\n                        <\/div>\n                      <\/div>\n                    <\/div>\n                    <div class=\"h-column h-column-container d-flex h-col-lg-6 h-col-md-6 h-col-12 style-10026-outer style-local-16110-c12-outer\">\n                      <div data-colibri-id=\"16110-c12\" class=\"d-flex h-flex-basis h-column__inner h-px-lg-0 h-px-md-0 h-px-0 v-inner-lg-0 v-inner-md-0 v-inner-0 style-10026 style-local-16110-c12 position-relative\">\n                        <!---->\n                        <!---->\n                        <div class=\"w-100 h-y-container h-column__content h-column__v-align flex-basis-100 align-self-lg-start align-self-md-start align-self-start\">\n                          <!---->\n                          <div data-colibri-id=\"16110-c13\" class=\"h-global-transition-all h-heading style-10027 style-local-16110-c13 position-relative h-element\">\n                            <!---->\n                            <div class=\"h-heading__outer style-10027 style-local-16110-c13\">\n                              <!---->\n                              <!---->\n                              <h3 class=\"\">Instruccions d'\u00fas<\/h3>\n                            <\/div>\n                          <\/div>\n                          <div data-colibri-id=\"16110-c14\" class=\"h-text h-text-component style-10028 style-local-16110-c14 position-relative h-element\">\n                            <!---->\n                            <!---->\n                            <div class=\"\">\n                              <p>El seu dosatge oscil\u00b7la entre 1 a 3 gr. per litre d'aigua d'aportaci\u00f3<\/p>\n                              <p>Per a aconseguir la m\u00e0xima efic\u00e0cia en el proc\u00e9s de rentada es recomana que la cuba tingui una temperatura no inferior a 60 \u00b0C<\/p>\n                            <\/div>\n                          <\/div>\n                          <div data-colibri-id=\"16110-c15\" class=\"style-10029 style-local-16110-c15 h-hide-lg h-hide-md position-relative h-element\">\n                            <!---->\n                          <\/div>\n                        <\/div>\n                      <\/div>\n                    <\/div>\n                  <\/div>\n                <\/div>\n              <\/div>\n            <\/div>\n          <\/div>\n        <\/div>\n      <\/div>\n    <\/div>\n  <\/div>\n<\/div>","protected":false},"excerpt":{"rendered":"<p>lAVAVAJILLAS M\u00c1QUINA AGUAS DURAS Producto l\u00edquido de gran poder desengrasante, eficaz incluso en aguas duras, a su vez tambi\u00e9n act\u00faa como secuestrante de la cal Previene las incrustaciones en cubas de lavado Informaci\u00f3n Impide la formaci\u00f3n de residuos en cristaler\u00eda y vajilla Producto indicado para el lavado de vajillas y cristaler\u00edas en t\u00faneles y m\u00e1quinas [&hellip;]<\/p>\n","protected":false},"author":10,"featured_media":0,"parent":7886,"menu_order":7,"comment_status":"closed","ping_status":"closed","template":"page-templates\/full-width-page.php","meta":{"footnotes":""},"class_list":["post-16110","page","type-page","status-publish","hentry"],"yoast_head":"<!-- This site is optimized with the Yoast SEO plugin v27.5 - https:\/\/yoast.com\/product\/yoast-seo-wordpress\/ -->\n<title>Lavavajillas M\u00e1quina Aguas Duras - Ecoquimic<\/title>\n<meta name=\"description\" content=\"Fabricaci\u00f3n de productos qu\u00edmicos, marcas blancas, productos de limpieza, automoci\u00f3n, n\u00e1utica, lavander\u00eda industrial, lavander\u00eda dom\u00e9stica, construcci\u00f3n, Canal Horeca, productos biol\u00f3gicos, ambientadores, piscina. Ecoquimic - Lavavajillas M\u00e1quina Aguas Duras\" \/>\n<meta name=\"robots\" content=\"index, follow, max-snippet:-1, max-image-preview:large, max-video-preview:-1\" \/>\n<link rel=\"canonical\" href=\"https:\/\/ecoquimic.com\/ca\/productos\/horeca-2\/lavavajillas-maquina-aguas-duras\/\" \/>\n<meta property=\"og:locale\" content=\"ca_ES\" \/>\n<meta property=\"og:type\" content=\"article\" \/>\n<meta property=\"og:title\" content=\"Lavavajillas M\u00e1quina Aguas Duras - Ecoquimic\" \/>\n<meta property=\"og:description\" content=\"Fabricaci\u00f3n de productos qu\u00edmicos, marcas blancas, productos de limpieza, automoci\u00f3n, n\u00e1utica, lavander\u00eda industrial, lavander\u00eda dom\u00e9stica, construcci\u00f3n, Canal Horeca, productos biol\u00f3gicos, ambientadores, piscina. Ecoquimic - Lavavajillas M\u00e1quina Aguas Duras\" \/>\n<meta property=\"og:url\" content=\"https:\/\/ecoquimic.com\/ca\/productos\/horeca-2\/lavavajillas-maquina-aguas-duras\/\" \/>\n<meta property=\"og:site_name\" content=\"Ecoquimic\" \/>\n<meta property=\"article:publisher\" content=\"https:\/\/www.facebook.com\/EcoquimicBalear\/\" \/>\n<meta property=\"article:modified_time\" content=\"2024-05-29T05:35:26+00:00\" \/>\n<meta name=\"twitter:card\" content=\"summary_large_image\" \/>\n<meta name=\"twitter:site\" content=\"@EcoquimicBalear\" \/>\n<script type=\"application\/ld+json\" class=\"yoast-schema-graph\">{\"@context\":\"https:\\\/\\\/schema.org\",\"@graph\":[{\"@type\":\"WebPage\",\"@id\":\"https:\\\/\\\/ecoquimic.com\\\/productos\\\/horeca-2\\\/lavavajillas-maquina-aguas-duras\\\/\",\"url\":\"https:\\\/\\\/ecoquimic.com\\\/productos\\\/horeca-2\\\/lavavajillas-maquina-aguas-duras\\\/\",\"name\":\"Lavavajillas M\u00e1quina Aguas Duras - Ecoquimic\",\"isPartOf\":{\"@id\":\"https:\\\/\\\/ecoquimic.com\\\/#website\"},\"datePublished\":\"2024-05-22T09:47:45+00:00\",\"dateModified\":\"2024-05-29T05:35:26+00:00\",\"description\":\"Fabricaci\u00f3n de productos qu\u00edmicos, marcas blancas, productos de limpieza, automoci\u00f3n, n\u00e1utica, lavander\u00eda industrial, lavander\u00eda dom\u00e9stica, construcci\u00f3n, Canal Horeca, productos biol\u00f3gicos, ambientadores, piscina. Ecoquimic - Lavavajillas M\u00e1quina Aguas Duras\",\"breadcrumb\":{\"@id\":\"https:\\\/\\\/ecoquimic.com\\\/productos\\\/horeca-2\\\/lavavajillas-maquina-aguas-duras\\\/#breadcrumb\"},\"inLanguage\":\"ca\",\"potentialAction\":[{\"@type\":\"ReadAction\",\"target\":[\"https:\\\/\\\/ecoquimic.com\\\/productos\\\/horeca-2\\\/lavavajillas-maquina-aguas-duras\\\/\"]}]},{\"@type\":\"BreadcrumbList\",\"@id\":\"https:\\\/\\\/ecoquimic.com\\\/productos\\\/horeca-2\\\/lavavajillas-maquina-aguas-duras\\\/#breadcrumb\",\"itemListElement\":[{\"@type\":\"ListItem\",\"position\":1,\"name\":\"Portada\",\"item\":\"https:\\\/\\\/ecoquimic.com\\\/\"},{\"@type\":\"ListItem\",\"position\":2,\"name\":\"Productos\",\"item\":\"https:\\\/\\\/ecoquimic.com\\\/productos\\\/\"},{\"@type\":\"ListItem\",\"position\":3,\"name\":\"HORECA\",\"item\":\"https:\\\/\\\/ecoquimic.com\\\/productos\\\/horeca-2\\\/\"},{\"@type\":\"ListItem\",\"position\":4,\"name\":\"Lavavajillas M\u00e1quina Aguas Duras\"}]},{\"@type\":\"WebSite\",\"@id\":\"https:\\\/\\\/ecoquimic.com\\\/#website\",\"url\":\"https:\\\/\\\/ecoquimic.com\\\/\",\"name\":\"Ecoquimic\",\"description\":\"F\u00e1brica productos qu\u00edmicos de limpieza en Mallorca, Baleares, Espa\u00f1a\",\"publisher\":{\"@id\":\"https:\\\/\\\/ecoquimic.com\\\/#organization\"},\"potentialAction\":[{\"@type\":\"SearchAction\",\"target\":{\"@type\":\"EntryPoint\",\"urlTemplate\":\"https:\\\/\\\/ecoquimic.com\\\/?s={search_term_string}\"},\"query-input\":{\"@type\":\"PropertyValueSpecification\",\"valueRequired\":true,\"valueName\":\"search_term_string\"}}],\"inLanguage\":\"ca\"},{\"@type\":\"Organization\",\"@id\":\"https:\\\/\\\/ecoquimic.com\\\/#organization\",\"name\":\"Ecoquimic\",\"url\":\"https:\\\/\\\/ecoquimic.com\\\/\",\"logo\":{\"@type\":\"ImageObject\",\"inLanguage\":\"ca\",\"@id\":\"https:\\\/\\\/ecoquimic.com\\\/#\\\/schema\\\/logo\\\/image\\\/\",\"url\":\"https:\\\/\\\/ecoquimic.com\\\/wp-content\\\/uploads\\\/2021\\\/10\\\/ecoquimic.png\",\"contentUrl\":\"https:\\\/\\\/ecoquimic.com\\\/wp-content\\\/uploads\\\/2021\\\/10\\\/ecoquimic.png\",\"width\":200,\"height\":93,\"caption\":\"Ecoquimic\"},\"image\":{\"@id\":\"https:\\\/\\\/ecoquimic.com\\\/#\\\/schema\\\/logo\\\/image\\\/\"},\"sameAs\":[\"https:\\\/\\\/www.facebook.com\\\/EcoquimicBalear\\\/\",\"https:\\\/\\\/x.com\\\/EcoquimicBalear\",\"https:\\\/\\\/www.instagram.com\\\/ecoquimic\\\/\",\"https:\\\/\\\/www.linkedin.com\\\/company\\\/ecoquimicbalear\\\/\",\"https:\\\/\\\/www.youtube.com\\\/channel\\\/UCYxjbpYf4oB7iKCsjUM1J4g\"]}]}<\/script>\n<!-- \/ Yoast SEO plugin. -->","yoast_head_json":{"title":"Lavavajillas M\u00e1quina Aguas Duras - Ecoquimic","description":"Fabricaci\u00f3n de productos qu\u00edmicos, marcas blancas, productos de limpieza, automoci\u00f3n, n\u00e1utica, lavander\u00eda industrial, lavander\u00eda dom\u00e9stica, construcci\u00f3n, Canal Horeca, productos biol\u00f3gicos, ambientadores, piscina. Ecoquimic - Lavavajillas M\u00e1quina Aguas Duras","robots":{"index":"index","follow":"follow","max-snippet":"max-snippet:-1","max-image-preview":"max-image-preview:large","max-video-preview":"max-video-preview:-1"},"canonical":"https:\/\/ecoquimic.com\/ca\/productos\/horeca-2\/lavavajillas-maquina-aguas-duras\/","og_locale":"ca_ES","og_type":"article","og_title":"Lavavajillas M\u00e1quina Aguas Duras - Ecoquimic","og_description":"Fabricaci\u00f3n de productos qu\u00edmicos, marcas blancas, productos de limpieza, automoci\u00f3n, n\u00e1utica, lavander\u00eda industrial, lavander\u00eda dom\u00e9stica, construcci\u00f3n, Canal Horeca, productos biol\u00f3gicos, ambientadores, piscina. Ecoquimic - Lavavajillas M\u00e1quina Aguas Duras","og_url":"https:\/\/ecoquimic.com\/ca\/productos\/horeca-2\/lavavajillas-maquina-aguas-duras\/","og_site_name":"Ecoquimic","article_publisher":"https:\/\/www.facebook.com\/EcoquimicBalear\/","article_modified_time":"2024-05-29T05:35:26+00:00","twitter_card":"summary_large_image","twitter_site":"@EcoquimicBalear","schema":{"@context":"https:\/\/schema.org","@graph":[{"@type":"WebPage","@id":"https:\/\/ecoquimic.com\/productos\/horeca-2\/lavavajillas-maquina-aguas-duras\/","url":"https:\/\/ecoquimic.com\/productos\/horeca-2\/lavavajillas-maquina-aguas-duras\/","name":"Lavavajillas M\u00e1quina Aguas Duras - Ecoquimic","isPartOf":{"@id":"https:\/\/ecoquimic.com\/#website"},"datePublished":"2024-05-22T09:47:45+00:00","dateModified":"2024-05-29T05:35:26+00:00","description":"Fabricaci\u00f3n de productos qu\u00edmicos, marcas blancas, productos de limpieza, automoci\u00f3n, n\u00e1utica, lavander\u00eda industrial, lavander\u00eda dom\u00e9stica, construcci\u00f3n, Canal Horeca, productos biol\u00f3gicos, ambientadores, piscina. Ecoquimic - Lavavajillas M\u00e1quina Aguas Duras","breadcrumb":{"@id":"https:\/\/ecoquimic.com\/productos\/horeca-2\/lavavajillas-maquina-aguas-duras\/#breadcrumb"},"inLanguage":"ca","potentialAction":[{"@type":"ReadAction","target":["https:\/\/ecoquimic.com\/productos\/horeca-2\/lavavajillas-maquina-aguas-duras\/"]}]},{"@type":"BreadcrumbList","@id":"https:\/\/ecoquimic.com\/productos\/horeca-2\/lavavajillas-maquina-aguas-duras\/#breadcrumb","itemListElement":[{"@type":"ListItem","position":1,"name":"Portada","item":"https:\/\/ecoquimic.com\/"},{"@type":"ListItem","position":2,"name":"Productos","item":"https:\/\/ecoquimic.com\/productos\/"},{"@type":"ListItem","position":3,"name":"HORECA","item":"https:\/\/ecoquimic.com\/productos\/horeca-2\/"},{"@type":"ListItem","position":4,"name":"Lavavajillas M\u00e1quina Aguas Duras"}]},{"@type":"WebSite","@id":"https:\/\/ecoquimic.com\/#website","url":"https:\/\/ecoquimic.com\/","name":"Ecoquimic","description":"F\u00e1brica productos qu\u00edmicos de limpieza en Mallorca, Baleares, Espa\u00f1a","publisher":{"@id":"https:\/\/ecoquimic.com\/#organization"},"potentialAction":[{"@type":"SearchAction","target":{"@type":"EntryPoint","urlTemplate":"https:\/\/ecoquimic.com\/?s={search_term_string}"},"query-input":{"@type":"PropertyValueSpecification","valueRequired":true,"valueName":"search_term_string"}}],"inLanguage":"ca"},{"@type":"Organization","@id":"https:\/\/ecoquimic.com\/#organization","name":"Ecoquimic","url":"https:\/\/ecoquimic.com\/","logo":{"@type":"ImageObject","inLanguage":"ca","@id":"https:\/\/ecoquimic.com\/#\/schema\/logo\/image\/","url":"https:\/\/ecoquimic.com\/wp-content\/uploads\/2021\/10\/ecoquimic.png","contentUrl":"https:\/\/ecoquimic.com\/wp-content\/uploads\/2021\/10\/ecoquimic.png","width":200,"height":93,"caption":"Ecoquimic"},"image":{"@id":"https:\/\/ecoquimic.com\/#\/schema\/logo\/image\/"},"sameAs":["https:\/\/www.facebook.com\/EcoquimicBalear\/","https:\/\/x.com\/EcoquimicBalear","https:\/\/www.instagram.com\/ecoquimic\/","https:\/\/www.linkedin.com\/company\/ecoquimicbalear\/","https:\/\/www.youtube.com\/channel\/UCYxjbpYf4oB7iKCsjUM1J4g"]}]}},"_links":{"self":[{"href":"https:\/\/ecoquimic.com\/ca\/wp-json\/wp\/v2\/pages\/16110","targetHints":{"allow":["GET"]}}],"collection":[{"href":"https:\/\/ecoquimic.com\/ca\/wp-json\/wp\/v2\/pages"}],"about":[{"href":"https:\/\/ecoquimic.com\/ca\/wp-json\/wp\/v2\/types\/page"}],"author":[{"embeddable":true,"href":"https:\/\/ecoquimic.com\/ca\/wp-json\/wp\/v2\/users\/10"}],"replies":[{"embeddable":true,"href":"https:\/\/ecoquimic.com\/ca\/wp-json\/wp\/v2\/comments?post=16110"}],"version-history":[{"count":4,"href":"https:\/\/ecoquimic.com\/ca\/wp-json\/wp\/v2\/pages\/16110\/revisions"}],"predecessor-version":[{"id":17783,"href":"https:\/\/ecoquimic.com\/ca\/wp-json\/wp\/v2\/pages\/16110\/revisions\/17783"}],"up":[{"embeddable":true,"href":"https:\/\/ecoquimic.com\/ca\/wp-json\/wp\/v2\/pages\/7886"}],"wp:attachment":[{"href":"https:\/\/ecoquimic.com\/ca\/wp-json\/wp\/v2\/media?parent=16110"}],"curies":[{"name":"wp","href":"https:\/\/api.w.org\/{rel}","templated":true}]}}