{"id":15866,"date":"2024-05-22T05:52:50","date_gmt":"2024-05-22T05:52:50","guid":{"rendered":"https:\/\/ecoquimic.com\/?page_id=15866"},"modified":"2025-10-22T12:09:51","modified_gmt":"2025-10-22T12:09:51","slug":"bioclear","status":"publish","type":"page","link":"https:\/\/ecoquimic.com\/ca\/productos\/nautica-2\/bioclear\/","title":{"rendered":"BioClear"},"content":{"rendered":"<div data-colibri-id=\"15866-c1\" class=\"style-9825 style-local-15866-c1 position-relative\">\n  <!---->\n  <div data-colibri-component=\"section\" data-colibri-id=\"15866-c2\" id=\"reusable-sections-2\" class=\"h-section h-section-global-spacing d-flex align-items-lg-center align-items-md-center align-items-center style-12568 style-local-15866-c2 position-relative\">\n    <!---->\n    <!---->\n    <div class=\"h-section-grid-container h-section-fluid-container\">\n      <!---->\n      <div data-colibri-id=\"15866-c3\" class=\"h-row-container gutters-row-lg-3 gutters-row-md-3 gutters-row-2 gutters-row-v-lg-3 gutters-row-v-md-3 gutters-row-v-2 style-12569 style-local-15866-c3 position-relative\">\n        <!---->\n        <div class=\"h-row justify-content-lg-center justify-content-md-center justify-content-center align-items-lg-stretch align-items-md-stretch align-items-stretch gutters-col-lg-3 gutters-col-md-3 gutters-col-2 gutters-col-v-lg-3 gutters-col-v-md-3 gutters-col-v-2\">\n          <!---->\n          <div class=\"h-column h-column-container d-flex h-col-lg-auto h-col-md-auto h-col-auto style-12570-outer style-local-15866-c4-outer\">\n            <div data-colibri-id=\"15866-c4\" class=\"d-flex h-flex-basis h-column__inner h-px-lg-3 h-px-md-3 h-px-0 v-inner-lg-0 v-inner-md-3 v-inner-0 style-12570 style-local-15866-c4 position-relative\">\n              <!---->\n              <!---->\n              <div class=\"w-100 h-y-container h-column__content h-column__v-align flex-basis-100 align-self-lg-start align-self-md-start align-self-start\">\n                <!---->\n                <div data-colibri-id=\"15866-c5\" class=\"h-global-transition-all h-heading style-12571 style-local-15866-c5 position-relative h-element\">\n                  <!---->\n                  <div class=\"h-heading__outer style-12571 style-local-15866-c5\">\n                    <!---->\n                    <!---->\n                    <h4 class=\"\">BioClear \u2013 Desincrustant creixement mar\u00ed<\/h4>\n                  <\/div>\n                <\/div>\n                <div data-colibri-id=\"15866-c6\" class=\"h-text h-text-component style-12572 style-local-15866-c6 position-relative h-element\">\n                  <!---->\n                  <!---->\n                  <div class=\"\">\n                    <p>Est\u00e0 formulat espec\u00edficament per a satisfer la demanda de la ind\u00fastria, com una alternativa r\u00e0pida i rendible de neteja.<\/p>\n                  <\/div>\n                <\/div>\n                <div data-colibri-id=\"15866-c7\" class=\"h-divider style-12573 style-local-15866-c7 position-relative h-element\">\n                  <!----><span class=\"h-divider__line style-12573-line style-local-15866-c7-line style-12573-line style-local-15866-c7-line\"><\/span><\/div>\n                <div data-colibri-id=\"15866-c8\" class=\"h-row-container gutters-row-lg-2 gutters-row-md-2 gutters-row-0 gutters-row-v-lg-2 gutters-row-v-md-2 gutters-row-v-0 style-12574 style-local-15866-c8 position-relative\">\n                  <!---->\n                  <div class=\"h-row justify-content-lg-center justify-content-md-center justify-content-center align-items-lg-stretch align-items-md-stretch align-items-stretch gutters-col-lg-2 gutters-col-md-2 gutters-col-0 gutters-col-v-lg-2 gutters-col-v-md-2 gutters-col-v-0\">\n                    <!---->\n                    <div class=\"h-column h-column-container d-flex h-col-lg-6 h-col-md-6 h-col-12 style-12575-outer style-local-15866-c9-outer\">\n                      <div data-colibri-id=\"15866-c9\" class=\"d-flex h-flex-basis h-column__inner h-px-lg-0 h-px-md-0 h-px-0 v-inner-lg-0 v-inner-md-0 v-inner-0 style-12575 style-local-15866-c9 position-relative\">\n                        <!---->\n                        <!---->\n                        <div class=\"w-100 h-y-container h-column__content h-column__v-align flex-basis-100 align-self-lg-start align-self-md-start align-self-start\">\n                          <!---->\n                          <div data-colibri-id=\"15866-c10\" class=\"h-global-transition-all h-heading style-12576 style-local-15866-c10 position-relative h-element\">\n                            <!---->\n                            <div class=\"h-heading__outer style-12576 style-local-15866-c10\">\n                              <!---->\n                              <!---->\n                              <h3 class=\"\">Informaci\u00f3<\/h3>\n                            <\/div>\n                          <\/div>\n                          <div data-colibri-id=\"15866-c11\" class=\"h-text h-text-component style-12577 style-local-15866-c11 position-relative h-element\">\n                            <!---->\n                            <!---->\n                            <div class=\"\">\n                              <p>Pot ser recirculat a trav\u00e9s de sistemes de refredament d'aigua de mar, dissolent dip\u00f2sits minerals.<\/p>\n                            <\/div>\n                          <\/div>\n                          <div data-colibri-id=\"15866-c12\" class=\"style-12578 style-local-15866-c12 h-hide-lg h-hide-md position-relative h-element\">\n                            <!---->\n                          <\/div>\n                        <\/div>\n                      <\/div>\n                    <\/div>\n                    <div class=\"h-column h-column-container d-flex h-col-lg-6 h-col-md-6 h-col-12 style-12575-outer style-local-15866-c13-outer\">\n                      <div data-colibri-id=\"15866-c13\" class=\"d-flex h-flex-basis h-column__inner h-px-lg-0 h-px-md-0 h-px-0 v-inner-lg-0 v-inner-md-0 v-inner-0 style-12575 style-local-15866-c13 position-relative\">\n                        <!---->\n                        <!---->\n                        <div class=\"w-100 h-y-container h-column__content h-column__v-align flex-basis-100 align-self-lg-start align-self-md-start align-self-start\">\n                          <!---->\n                          <div data-colibri-id=\"15866-c14\" class=\"h-global-transition-all h-heading style-12576 style-local-15866-c14 position-relative h-element\">\n                            <!---->\n                            <div class=\"h-heading__outer style-12576 style-local-15866-c14\">\n                              <!---->\n                              <!---->\n                              <h3 class=\"\">Instruccions d'\u00fas<\/h3>\n                            <\/div>\n                          <\/div>\n                          <div data-colibri-id=\"15866-c15\" class=\"h-text h-text-component style-12577 style-local-15866-c15 position-relative h-element\">\n                            <!---->\n                            <!---->\n                            <div class=\"\">\n                              <p>La proporci\u00f3 de diluci\u00f3 \u00e9s 1:4 ( 1 part de producte en 4 parts d'aigua). <\/p>\n                              <p>Aquesta diluci\u00f3 ha de realitzar-se abans de totes les aplicacions. Repetir el proc\u00e9s si \u00e9s necessari.<\/p>\n                            <\/div>\n                          <\/div>\n                        <\/div>\n                      <\/div>\n                    <\/div>\n                  <\/div>\n                <\/div>\n              <\/div>\n            <\/div>\n          <\/div>\n          <div class=\"h-column h-column-container d-flex h-col-lg-auto h-col-md-auto h-col-auto style-12579-outer style-local-15866-c16-outer\">\n            <div data-colibri-id=\"15866-c16\" class=\"d-flex h-flex-basis h-column__inner h-px-lg-2 h-px-md-2 h-px-2 v-inner-lg-2 v-inner-md-2 v-inner-2 style-12579 style-local-15866-c16 position-relative\">\n              <!---->\n              <!---->\n              <div class=\"w-100 h-y-container h-column__content h-column__v-align flex-basis-100 align-self-lg-start align-self-md-start align-self-start\">\n                <!---->\n                <div data-colibri-id=\"15866-c17\" class=\"d-block style-12580 style-local-15866-c17 position-relative h-element\">\n                  <!---->\n                  <div class=\"h-image__frame-container-outer\">\n                    <div class=\"h-image__frame-container\">\n                      <!---->\n                      <!---->\n                      <img loading=\"lazy\" decoding=\"async\" width=\"1200\" height=\"1200\" src=\"https:\/\/ecoquimic.com\/wp-content\/uploads\/2025\/10\/PF-579-BioClear-1-L.png\" class=\"wp-image-24055 style-12580-image style-local-15866-c17-image\" alt=\"\" srcset=\"https:\/\/ecoquimic.com\/wp-content\/uploads\/2025\/10\/PF-579-BioClear-1-L.png 1200w, https:\/\/ecoquimic.com\/wp-content\/uploads\/2025\/10\/PF-579-BioClear-1-L-300x300.png 300w, https:\/\/ecoquimic.com\/wp-content\/uploads\/2025\/10\/PF-579-BioClear-1-L-1024x1024.png 1024w, https:\/\/ecoquimic.com\/wp-content\/uploads\/2025\/10\/PF-579-BioClear-1-L-150x150.png 150w, https:\/\/ecoquimic.com\/wp-content\/uploads\/2025\/10\/PF-579-BioClear-1-L-768x768.png 768w, https:\/\/ecoquimic.com\/wp-content\/uploads\/2025\/10\/PF-579-BioClear-1-L-12x12.png 12w, https:\/\/ecoquimic.com\/wp-content\/uploads\/2025\/10\/PF-579-BioClear-1-L-24x24.png 24w, https:\/\/ecoquimic.com\/wp-content\/uploads\/2025\/10\/PF-579-BioClear-1-L-36x36.png 36w, https:\/\/ecoquimic.com\/wp-content\/uploads\/2025\/10\/PF-579-BioClear-1-L-48x48.png 48w\" sizes=\"auto, (max-width: 1200px) 100vw, 1200px\" \/>\n                      <div class=\"h-image__frame h-hide-lg h-hide-md h-hide-sm style-12580-frameImage style-local-15866-c17-frameImage\"><\/div>\n                    <\/div>\n                  <\/div>\n                <\/div>\n              <\/div>\n            <\/div>\n          <\/div>\n        <\/div>\n      <\/div>\n    <\/div>\n  <\/div>\n<\/div>","protected":false},"excerpt":{"rendered":"<p>BioClear &#8211; Desincrustante crecimiento marino Est\u00e1 formulado espec\u00edficamente para satisfacer la demanda de la industria, como una alternativa r\u00e1pida y rentable de limpieza. Informaci\u00f3n Puede ser recirculado a trav\u00e9s de sistemas de enfriamiento de agua de mar, disolviendo dep\u00f3sitos minerales. Modo de empleo La proporci\u00f3n de diluci\u00f3n es 1:4 ( 1 parte de producto en [&hellip;]<\/p>\n","protected":false},"author":10,"featured_media":0,"parent":7953,"menu_order":5,"comment_status":"closed","ping_status":"closed","template":"page-templates\/full-width-page.php","meta":{"footnotes":""},"class_list":["post-15866","page","type-page","status-publish","hentry"],"yoast_head":"<!-- This site is optimized with the Yoast SEO plugin v27.4 - https:\/\/yoast.com\/product\/yoast-seo-wordpress\/ -->\n<title>BioClear - Ecoquimic<\/title>\n<meta name=\"description\" content=\"Fabricaci\u00f3n de productos qu\u00edmicos, marcas blancas, productos de limpieza, automoci\u00f3n, n\u00e1utica, lavander\u00eda industrial, lavander\u00eda dom\u00e9stica, construcci\u00f3n, Canal Horeca, productos biol\u00f3gicos, ambientadores, piscina. Ecoquimic - BioClear\" \/>\n<meta name=\"robots\" content=\"index, follow, max-snippet:-1, max-image-preview:large, max-video-preview:-1\" \/>\n<link rel=\"canonical\" href=\"https:\/\/ecoquimic.com\/ca\/productos\/nautica-2\/bioclear\/\" \/>\n<meta property=\"og:locale\" content=\"ca_ES\" \/>\n<meta property=\"og:type\" content=\"article\" \/>\n<meta property=\"og:title\" content=\"BioClear - Ecoquimic\" \/>\n<meta property=\"og:description\" content=\"Fabricaci\u00f3n de productos qu\u00edmicos, marcas blancas, productos de limpieza, automoci\u00f3n, n\u00e1utica, lavander\u00eda industrial, lavander\u00eda dom\u00e9stica, construcci\u00f3n, Canal Horeca, productos biol\u00f3gicos, ambientadores, piscina. Ecoquimic - BioClear\" \/>\n<meta property=\"og:url\" content=\"https:\/\/ecoquimic.com\/ca\/productos\/nautica-2\/bioclear\/\" \/>\n<meta property=\"og:site_name\" content=\"Ecoquimic\" \/>\n<meta property=\"article:publisher\" content=\"https:\/\/www.facebook.com\/EcoquimicBalear\/\" \/>\n<meta property=\"article:modified_time\" content=\"2025-10-22T12:09:51+00:00\" \/>\n<meta property=\"og:image\" content=\"https:\/\/ecoquimic.com\/wp-content\/uploads\/2025\/10\/PF-579-BioClear-1-L.png\" \/>\n\t<meta property=\"og:image:width\" content=\"1200\" \/>\n\t<meta property=\"og:image:height\" content=\"1200\" \/>\n\t<meta property=\"og:image:type\" content=\"image\/png\" \/>\n<meta name=\"twitter:card\" content=\"summary_large_image\" \/>\n<meta name=\"twitter:site\" content=\"@EcoquimicBalear\" \/>\n<script type=\"application\/ld+json\" class=\"yoast-schema-graph\">{\"@context\":\"https:\\\/\\\/schema.org\",\"@graph\":[{\"@type\":\"WebPage\",\"@id\":\"https:\\\/\\\/ecoquimic.com\\\/productos\\\/nautica-2\\\/bioclear\\\/\",\"url\":\"https:\\\/\\\/ecoquimic.com\\\/productos\\\/nautica-2\\\/bioclear\\\/\",\"name\":\"BioClear - Ecoquimic\",\"isPartOf\":{\"@id\":\"https:\\\/\\\/ecoquimic.com\\\/#website\"},\"primaryImageOfPage\":{\"@id\":\"https:\\\/\\\/ecoquimic.com\\\/productos\\\/nautica-2\\\/bioclear\\\/#primaryimage\"},\"image\":{\"@id\":\"https:\\\/\\\/ecoquimic.com\\\/productos\\\/nautica-2\\\/bioclear\\\/#primaryimage\"},\"thumbnailUrl\":\"https:\\\/\\\/ecoquimic.com\\\/wp-content\\\/uploads\\\/2025\\\/10\\\/PF-579-BioClear-1-L.png\",\"datePublished\":\"2024-05-22T05:52:50+00:00\",\"dateModified\":\"2025-10-22T12:09:51+00:00\",\"description\":\"Fabricaci\u00f3n de productos qu\u00edmicos, marcas blancas, productos de limpieza, automoci\u00f3n, n\u00e1utica, lavander\u00eda industrial, lavander\u00eda dom\u00e9stica, construcci\u00f3n, Canal Horeca, productos biol\u00f3gicos, ambientadores, piscina. Ecoquimic - BioClear\",\"breadcrumb\":{\"@id\":\"https:\\\/\\\/ecoquimic.com\\\/productos\\\/nautica-2\\\/bioclear\\\/#breadcrumb\"},\"inLanguage\":\"ca\",\"potentialAction\":[{\"@type\":\"ReadAction\",\"target\":[\"https:\\\/\\\/ecoquimic.com\\\/productos\\\/nautica-2\\\/bioclear\\\/\"]}]},{\"@type\":\"ImageObject\",\"inLanguage\":\"ca\",\"@id\":\"https:\\\/\\\/ecoquimic.com\\\/productos\\\/nautica-2\\\/bioclear\\\/#primaryimage\",\"url\":\"https:\\\/\\\/ecoquimic.com\\\/wp-content\\\/uploads\\\/2025\\\/10\\\/PF-579-BioClear-1-L.png\",\"contentUrl\":\"https:\\\/\\\/ecoquimic.com\\\/wp-content\\\/uploads\\\/2025\\\/10\\\/PF-579-BioClear-1-L.png\"},{\"@type\":\"BreadcrumbList\",\"@id\":\"https:\\\/\\\/ecoquimic.com\\\/productos\\\/nautica-2\\\/bioclear\\\/#breadcrumb\",\"itemListElement\":[{\"@type\":\"ListItem\",\"position\":1,\"name\":\"Portada\",\"item\":\"https:\\\/\\\/ecoquimic.com\\\/\"},{\"@type\":\"ListItem\",\"position\":2,\"name\":\"Productos\",\"item\":\"https:\\\/\\\/ecoquimic.com\\\/productos\\\/\"},{\"@type\":\"ListItem\",\"position\":3,\"name\":\"N\u00e1utica\",\"item\":\"https:\\\/\\\/ecoquimic.com\\\/productos\\\/nautica-2\\\/\"},{\"@type\":\"ListItem\",\"position\":4,\"name\":\"BioClear\"}]},{\"@type\":\"WebSite\",\"@id\":\"https:\\\/\\\/ecoquimic.com\\\/#website\",\"url\":\"https:\\\/\\\/ecoquimic.com\\\/\",\"name\":\"Ecoquimic\",\"description\":\"F\u00e1brica productos qu\u00edmicos de limpieza en Mallorca, Baleares, Espa\u00f1a\",\"publisher\":{\"@id\":\"https:\\\/\\\/ecoquimic.com\\\/#organization\"},\"potentialAction\":[{\"@type\":\"SearchAction\",\"target\":{\"@type\":\"EntryPoint\",\"urlTemplate\":\"https:\\\/\\\/ecoquimic.com\\\/?s={search_term_string}\"},\"query-input\":{\"@type\":\"PropertyValueSpecification\",\"valueRequired\":true,\"valueName\":\"search_term_string\"}}],\"inLanguage\":\"ca\"},{\"@type\":\"Organization\",\"@id\":\"https:\\\/\\\/ecoquimic.com\\\/#organization\",\"name\":\"Ecoquimic\",\"url\":\"https:\\\/\\\/ecoquimic.com\\\/\",\"logo\":{\"@type\":\"ImageObject\",\"inLanguage\":\"ca\",\"@id\":\"https:\\\/\\\/ecoquimic.com\\\/#\\\/schema\\\/logo\\\/image\\\/\",\"url\":\"https:\\\/\\\/ecoquimic.com\\\/wp-content\\\/uploads\\\/2021\\\/10\\\/ecoquimic.png\",\"contentUrl\":\"https:\\\/\\\/ecoquimic.com\\\/wp-content\\\/uploads\\\/2021\\\/10\\\/ecoquimic.png\",\"width\":200,\"height\":93,\"caption\":\"Ecoquimic\"},\"image\":{\"@id\":\"https:\\\/\\\/ecoquimic.com\\\/#\\\/schema\\\/logo\\\/image\\\/\"},\"sameAs\":[\"https:\\\/\\\/www.facebook.com\\\/EcoquimicBalear\\\/\",\"https:\\\/\\\/x.com\\\/EcoquimicBalear\",\"https:\\\/\\\/www.instagram.com\\\/ecoquimic\\\/\",\"https:\\\/\\\/www.linkedin.com\\\/company\\\/ecoquimicbalear\\\/\",\"https:\\\/\\\/www.youtube.com\\\/channel\\\/UCYxjbpYf4oB7iKCsjUM1J4g\"]}]}<\/script>\n<!-- \/ Yoast SEO plugin. -->","yoast_head_json":{"title":"BioClear - Ecoquimic","description":"Fabricaci\u00f3n de productos qu\u00edmicos, marcas blancas, productos de limpieza, automoci\u00f3n, n\u00e1utica, lavander\u00eda industrial, lavander\u00eda dom\u00e9stica, construcci\u00f3n, Canal Horeca, productos biol\u00f3gicos, ambientadores, piscina. Ecoquimic - BioClear","robots":{"index":"index","follow":"follow","max-snippet":"max-snippet:-1","max-image-preview":"max-image-preview:large","max-video-preview":"max-video-preview:-1"},"canonical":"https:\/\/ecoquimic.com\/ca\/productos\/nautica-2\/bioclear\/","og_locale":"ca_ES","og_type":"article","og_title":"BioClear - Ecoquimic","og_description":"Fabricaci\u00f3n de productos qu\u00edmicos, marcas blancas, productos de limpieza, automoci\u00f3n, n\u00e1utica, lavander\u00eda industrial, lavander\u00eda dom\u00e9stica, construcci\u00f3n, Canal Horeca, productos biol\u00f3gicos, ambientadores, piscina. Ecoquimic - BioClear","og_url":"https:\/\/ecoquimic.com\/ca\/productos\/nautica-2\/bioclear\/","og_site_name":"Ecoquimic","article_publisher":"https:\/\/www.facebook.com\/EcoquimicBalear\/","article_modified_time":"2025-10-22T12:09:51+00:00","og_image":[{"width":1200,"height":1200,"url":"https:\/\/ecoquimic.com\/wp-content\/uploads\/2025\/10\/PF-579-BioClear-1-L.png","type":"image\/png"}],"twitter_card":"summary_large_image","twitter_site":"@EcoquimicBalear","schema":{"@context":"https:\/\/schema.org","@graph":[{"@type":"WebPage","@id":"https:\/\/ecoquimic.com\/productos\/nautica-2\/bioclear\/","url":"https:\/\/ecoquimic.com\/productos\/nautica-2\/bioclear\/","name":"BioClear - Ecoquimic","isPartOf":{"@id":"https:\/\/ecoquimic.com\/#website"},"primaryImageOfPage":{"@id":"https:\/\/ecoquimic.com\/productos\/nautica-2\/bioclear\/#primaryimage"},"image":{"@id":"https:\/\/ecoquimic.com\/productos\/nautica-2\/bioclear\/#primaryimage"},"thumbnailUrl":"https:\/\/ecoquimic.com\/wp-content\/uploads\/2025\/10\/PF-579-BioClear-1-L.png","datePublished":"2024-05-22T05:52:50+00:00","dateModified":"2025-10-22T12:09:51+00:00","description":"Fabricaci\u00f3n de productos qu\u00edmicos, marcas blancas, productos de limpieza, automoci\u00f3n, n\u00e1utica, lavander\u00eda industrial, lavander\u00eda dom\u00e9stica, construcci\u00f3n, Canal Horeca, productos biol\u00f3gicos, ambientadores, piscina. Ecoquimic - BioClear","breadcrumb":{"@id":"https:\/\/ecoquimic.com\/productos\/nautica-2\/bioclear\/#breadcrumb"},"inLanguage":"ca","potentialAction":[{"@type":"ReadAction","target":["https:\/\/ecoquimic.com\/productos\/nautica-2\/bioclear\/"]}]},{"@type":"ImageObject","inLanguage":"ca","@id":"https:\/\/ecoquimic.com\/productos\/nautica-2\/bioclear\/#primaryimage","url":"https:\/\/ecoquimic.com\/wp-content\/uploads\/2025\/10\/PF-579-BioClear-1-L.png","contentUrl":"https:\/\/ecoquimic.com\/wp-content\/uploads\/2025\/10\/PF-579-BioClear-1-L.png"},{"@type":"BreadcrumbList","@id":"https:\/\/ecoquimic.com\/productos\/nautica-2\/bioclear\/#breadcrumb","itemListElement":[{"@type":"ListItem","position":1,"name":"Portada","item":"https:\/\/ecoquimic.com\/"},{"@type":"ListItem","position":2,"name":"Productos","item":"https:\/\/ecoquimic.com\/productos\/"},{"@type":"ListItem","position":3,"name":"N\u00e1utica","item":"https:\/\/ecoquimic.com\/productos\/nautica-2\/"},{"@type":"ListItem","position":4,"name":"BioClear"}]},{"@type":"WebSite","@id":"https:\/\/ecoquimic.com\/#website","url":"https:\/\/ecoquimic.com\/","name":"Ecoquimic","description":"F\u00e1brica productos qu\u00edmicos de limpieza en Mallorca, Baleares, Espa\u00f1a","publisher":{"@id":"https:\/\/ecoquimic.com\/#organization"},"potentialAction":[{"@type":"SearchAction","target":{"@type":"EntryPoint","urlTemplate":"https:\/\/ecoquimic.com\/?s={search_term_string}"},"query-input":{"@type":"PropertyValueSpecification","valueRequired":true,"valueName":"search_term_string"}}],"inLanguage":"ca"},{"@type":"Organization","@id":"https:\/\/ecoquimic.com\/#organization","name":"Ecoquimic","url":"https:\/\/ecoquimic.com\/","logo":{"@type":"ImageObject","inLanguage":"ca","@id":"https:\/\/ecoquimic.com\/#\/schema\/logo\/image\/","url":"https:\/\/ecoquimic.com\/wp-content\/uploads\/2021\/10\/ecoquimic.png","contentUrl":"https:\/\/ecoquimic.com\/wp-content\/uploads\/2021\/10\/ecoquimic.png","width":200,"height":93,"caption":"Ecoquimic"},"image":{"@id":"https:\/\/ecoquimic.com\/#\/schema\/logo\/image\/"},"sameAs":["https:\/\/www.facebook.com\/EcoquimicBalear\/","https:\/\/x.com\/EcoquimicBalear","https:\/\/www.instagram.com\/ecoquimic\/","https:\/\/www.linkedin.com\/company\/ecoquimicbalear\/","https:\/\/www.youtube.com\/channel\/UCYxjbpYf4oB7iKCsjUM1J4g"]}]}},"_links":{"self":[{"href":"https:\/\/ecoquimic.com\/ca\/wp-json\/wp\/v2\/pages\/15866","targetHints":{"allow":["GET"]}}],"collection":[{"href":"https:\/\/ecoquimic.com\/ca\/wp-json\/wp\/v2\/pages"}],"about":[{"href":"https:\/\/ecoquimic.com\/ca\/wp-json\/wp\/v2\/types\/page"}],"author":[{"embeddable":true,"href":"https:\/\/ecoquimic.com\/ca\/wp-json\/wp\/v2\/users\/10"}],"replies":[{"embeddable":true,"href":"https:\/\/ecoquimic.com\/ca\/wp-json\/wp\/v2\/comments?post=15866"}],"version-history":[{"count":8,"href":"https:\/\/ecoquimic.com\/ca\/wp-json\/wp\/v2\/pages\/15866\/revisions"}],"predecessor-version":[{"id":24164,"href":"https:\/\/ecoquimic.com\/ca\/wp-json\/wp\/v2\/pages\/15866\/revisions\/24164"}],"up":[{"embeddable":true,"href":"https:\/\/ecoquimic.com\/ca\/wp-json\/wp\/v2\/pages\/7953"}],"wp:attachment":[{"href":"https:\/\/ecoquimic.com\/ca\/wp-json\/wp\/v2\/media?parent=15866"}],"curies":[{"name":"wp","href":"https:\/\/api.w.org\/{rel}","templated":true}]}}