{"id":15646,"date":"2024-05-21T10:46:42","date_gmt":"2024-05-21T10:46:42","guid":{"rendered":"https:\/\/ecoquimic.com\/?page_id=15646"},"modified":"2024-05-30T10:45:51","modified_gmt":"2024-05-30T10:45:51","slug":"detergente-carrocerias","status":"publish","type":"page","link":"https:\/\/ecoquimic.com\/ca\/productos\/automocion\/detergente-carrocerias\/","title":{"rendered":"Detergente Carrocer\u00edas"},"content":{"rendered":"<div data-colibri-id=\"15646-c1\" class=\"style-9680 style-local-15646-c1 position-relative\">\n  <!---->\n  <div data-colibri-component=\"section\" data-colibri-id=\"15646-c2\" id=\"reusable-sections-2\" class=\"h-section h-section-global-spacing d-flex align-items-lg-center align-items-md-center align-items-center style-9681 style-local-15646-c2 position-relative\">\n    <!---->\n    <!---->\n    <div class=\"h-section-grid-container h-section-fluid-container\">\n      <!---->\n      <div data-colibri-id=\"15646-c3\" class=\"h-row-container gutters-row-lg-1 gutters-row-md-1 gutters-row-2 gutters-row-v-lg-1 gutters-row-v-md-1 gutters-row-v-2 style-9682 style-local-15646-c3 position-relative\">\n        <!---->\n        <div class=\"h-row justify-content-lg-center justify-content-md-center justify-content-center align-items-lg-stretch align-items-md-stretch align-items-stretch gutters-col-lg-1 gutters-col-md-1 gutters-col-2 gutters-col-v-lg-1 gutters-col-v-md-1 gutters-col-v-2\">\n          <!---->\n          <div class=\"h-column h-column-container d-flex h-col-lg-auto h-col-md-auto h-col-auto style-9683-outer style-local-15646-c4-outer\">\n            <div data-colibri-id=\"15646-c4\" class=\"d-flex h-flex-basis h-column__inner h-px-lg-3 h-px-md-3 h-px-0 v-inner-lg-0 v-inner-md-0 v-inner-0 style-9683 style-local-15646-c4 position-relative\">\n              <!---->\n              <!---->\n              <div class=\"w-100 h-y-container h-column__content h-column__v-align flex-basis-100 align-self-lg-start align-self-md-start align-self-start\">\n                <!---->\n                <div data-colibri-id=\"15646-c5\" class=\"h-global-transition-all h-heading style-9684 style-local-15646-c5 position-relative h-element\">\n                  <!---->\n                  <div class=\"h-heading__outer style-9684 style-local-15646-c5\">\n                    <!---->\n                    <!---->\n                    <h4 class=\"\">DETERGENT CARROSSERIES<\/h4>\n                  <\/div>\n                <\/div>\n                <div data-colibri-id=\"15646-c6\" class=\"h-text h-text-component style-9685 style-local-15646-c6 position-relative h-element\">\n                  <!---->\n                  <!---->\n                  <div class=\"\">\n                    <p>Detergent a base de tensioactius per a la neteja de Carrosseries d'autom\u00f2bil<\/p>\n                    <p>Emulsiona la brut\u00edcia desprenent els residus org\u00e0nics adherits sobre les superf\u00edcies pintades sense danyar-les ni matisar-les<\/p>\n                  <\/div>\n                <\/div>\n                <div data-colibri-id=\"15646-c7\" class=\"h-divider style-9686 style-local-15646-c7 position-relative h-element\">\n                  <!----><span class=\"h-divider__line style-9686-line style-local-15646-c7-line style-9686-line style-local-15646-c7-line\"><\/span><\/div>\n                <div data-colibri-id=\"15646-c8\" class=\"h-global-transition-all h-heading style-9687 style-local-15646-c8 position-relative h-element\">\n                  <!---->\n                  <div class=\"h-heading__outer style-9687 style-local-15646-c8\">\n                    <!---->\n                    <!---->\n                    <h3 class=\"\">Informaci\u00f3<\/h3>\n                  <\/div>\n                <\/div>\n                <div data-colibri-id=\"15646-c9\" class=\"h-row-container gutters-row-lg-2 gutters-row-md-2 gutters-row-0 gutters-row-v-lg-2 gutters-row-v-md-2 gutters-row-v-0 style-9688 style-local-15646-c9 position-relative\">\n                  <!---->\n                  <div class=\"h-row justify-content-lg-center justify-content-md-center justify-content-center align-items-lg-stretch align-items-md-stretch align-items-stretch gutters-col-lg-2 gutters-col-md-2 gutters-col-0 gutters-col-v-lg-2 gutters-col-v-md-2 gutters-col-v-0\">\n                    <!---->\n                    <div class=\"h-column h-column-container d-flex h-col-lg-6 h-col-md-6 h-col-12 style-9689-outer style-local-15646-c10-outer\">\n                      <div data-colibri-id=\"15646-c10\" class=\"d-flex h-flex-basis h-column__inner h-px-lg-0 h-px-md-0 h-px-0 v-inner-lg-0 v-inner-md-0 v-inner-0 style-9689 style-local-15646-c10 position-relative\">\n                        <!---->\n                        <!---->\n                        <div class=\"w-100 h-y-container h-column__content h-column__v-align flex-basis-100 align-self-lg-start align-self-md-start align-self-start\">\n                          <!---->\n                          <div data-colibri-id=\"15646-c11\" class=\"h-text h-text-component style-9690 style-local-15646-c11 position-relative h-element\">\n                            <!---->\n                            <!---->\n                            <div class=\"\">\n                              <p>Detergent extra per a t\u00fanels de rentada<\/p>\n                            <\/div>\n                          <\/div>\n                          <div data-colibri-id=\"15646-c12\" class=\"style-11022 style-local-15646-c12 h-hide-lg h-hide-md position-relative h-element\">\n                            <!---->\n                          <\/div>\n                        <\/div>\n                      <\/div>\n                    <\/div>\n                    <div class=\"h-column h-column-container d-flex h-col-lg-6 h-col-md-6 h-col-12 style-9689-outer style-local-15646-c13-outer\">\n                      <div data-colibri-id=\"15646-c13\" class=\"d-flex h-flex-basis h-column__inner h-px-lg-0 h-px-md-0 h-px-0 v-inner-lg-0 v-inner-md-0 v-inner-0 style-9689 style-local-15646-c13 position-relative\">\n                        <!---->\n                        <!---->\n                        <div class=\"w-100 h-y-container h-column__content h-column__v-align flex-basis-100 align-self-lg-start align-self-md-start align-self-start\">\n                          <!---->\n                          <div data-colibri-id=\"15646-c14\" class=\"h-text h-text-component style-9690 style-local-15646-c14 position-relative h-element\">\n                            <!---->\n                            <!---->\n                            <div class=\"\">\n                              <p>De f\u00e0cil aclarit deixant les superf\u00edcies suaus i brillants<\/p>\n                            <\/div>\n                          <\/div>\n                        <\/div>\n                      <\/div>\n                    <\/div>\n                  <\/div>\n                <\/div>\n              <\/div>\n            <\/div>\n          <\/div>\n        <\/div>\n      <\/div>\n    <\/div>\n  <\/div>\n<\/div>","protected":false},"excerpt":{"rendered":"<p>DETERGENTE CARROCER\u00cdAS Detergente a baste de tensioactivos para la limpieza de Carrocer\u00edas de autom\u00f3vil Emulsiona la suciedad desprendiendo los residuos org\u00e1nicos adheridos sobre las superficies pintadas sin da\u00f1arlas ni matizarlas Informaci\u00f3n Detergente extra para t\u00faneles de lavado De f\u00e1cil aclarado dejando las superficies suaves y brillantes<\/p>","protected":false},"author":10,"featured_media":0,"parent":10443,"menu_order":7,"comment_status":"closed","ping_status":"closed","template":"page-templates\/full-width-page.php","meta":{"footnotes":""},"class_list":["post-15646","page","type-page","status-publish","hentry"],"yoast_head":"<!-- This site is optimized with the Yoast SEO plugin v27.4 - https:\/\/yoast.com\/product\/yoast-seo-wordpress\/ -->\n<title>Detergente Carrocer\u00edas - Ecoquimic<\/title>\n<meta name=\"description\" content=\"Fabricaci\u00f3n de productos qu\u00edmicos, marcas blancas, productos de limpieza, automoci\u00f3n, n\u00e1utica, lavander\u00eda industrial, lavander\u00eda dom\u00e9stica, construcci\u00f3n, Canal Horeca, productos biol\u00f3gicos, ambientadores, piscina. Ecoquimic - Detergente Carrocer\u00edas\" \/>\n<meta name=\"robots\" content=\"index, follow, max-snippet:-1, max-image-preview:large, max-video-preview:-1\" \/>\n<link rel=\"canonical\" href=\"https:\/\/ecoquimic.com\/ca\/productos\/automocion\/detergente-carrocerias\/\" \/>\n<meta property=\"og:locale\" content=\"ca_ES\" \/>\n<meta property=\"og:type\" content=\"article\" \/>\n<meta property=\"og:title\" content=\"Detergente Carrocer\u00edas - Ecoquimic\" \/>\n<meta property=\"og:description\" content=\"Fabricaci\u00f3n de productos qu\u00edmicos, marcas blancas, productos de limpieza, automoci\u00f3n, n\u00e1utica, lavander\u00eda industrial, lavander\u00eda dom\u00e9stica, construcci\u00f3n, Canal Horeca, productos biol\u00f3gicos, ambientadores, piscina. Ecoquimic - Detergente Carrocer\u00edas\" \/>\n<meta property=\"og:url\" content=\"https:\/\/ecoquimic.com\/ca\/productos\/automocion\/detergente-carrocerias\/\" \/>\n<meta property=\"og:site_name\" content=\"Ecoquimic\" \/>\n<meta property=\"article:publisher\" content=\"https:\/\/www.facebook.com\/EcoquimicBalear\/\" \/>\n<meta property=\"article:modified_time\" content=\"2024-05-30T10:45:51+00:00\" \/>\n<meta name=\"twitter:card\" content=\"summary_large_image\" \/>\n<meta name=\"twitter:site\" content=\"@EcoquimicBalear\" \/>\n<script type=\"application\/ld+json\" class=\"yoast-schema-graph\">{\"@context\":\"https:\\\/\\\/schema.org\",\"@graph\":[{\"@type\":\"WebPage\",\"@id\":\"https:\\\/\\\/ecoquimic.com\\\/productos\\\/automocion\\\/detergente-carrocerias\\\/\",\"url\":\"https:\\\/\\\/ecoquimic.com\\\/productos\\\/automocion\\\/detergente-carrocerias\\\/\",\"name\":\"Detergente Carrocer\u00edas - Ecoquimic\",\"isPartOf\":{\"@id\":\"https:\\\/\\\/ecoquimic.com\\\/#website\"},\"datePublished\":\"2024-05-21T10:46:42+00:00\",\"dateModified\":\"2024-05-30T10:45:51+00:00\",\"description\":\"Fabricaci\u00f3n de productos qu\u00edmicos, marcas blancas, productos de limpieza, automoci\u00f3n, n\u00e1utica, lavander\u00eda industrial, lavander\u00eda dom\u00e9stica, construcci\u00f3n, Canal Horeca, productos biol\u00f3gicos, ambientadores, piscina. Ecoquimic - Detergente Carrocer\u00edas\",\"breadcrumb\":{\"@id\":\"https:\\\/\\\/ecoquimic.com\\\/productos\\\/automocion\\\/detergente-carrocerias\\\/#breadcrumb\"},\"inLanguage\":\"ca\",\"potentialAction\":[{\"@type\":\"ReadAction\",\"target\":[\"https:\\\/\\\/ecoquimic.com\\\/productos\\\/automocion\\\/detergente-carrocerias\\\/\"]}]},{\"@type\":\"BreadcrumbList\",\"@id\":\"https:\\\/\\\/ecoquimic.com\\\/productos\\\/automocion\\\/detergente-carrocerias\\\/#breadcrumb\",\"itemListElement\":[{\"@type\":\"ListItem\",\"position\":1,\"name\":\"Portada\",\"item\":\"https:\\\/\\\/ecoquimic.com\\\/\"},{\"@type\":\"ListItem\",\"position\":2,\"name\":\"Productos\",\"item\":\"https:\\\/\\\/ecoquimic.com\\\/productos\\\/\"},{\"@type\":\"ListItem\",\"position\":3,\"name\":\"Automoci\u00f3n\",\"item\":\"https:\\\/\\\/ecoquimic.com\\\/productos\\\/automocion\\\/\"},{\"@type\":\"ListItem\",\"position\":4,\"name\":\"Detergente Carrocer\u00edas\"}]},{\"@type\":\"WebSite\",\"@id\":\"https:\\\/\\\/ecoquimic.com\\\/#website\",\"url\":\"https:\\\/\\\/ecoquimic.com\\\/\",\"name\":\"Ecoquimic\",\"description\":\"F\u00e1brica productos qu\u00edmicos de limpieza en Mallorca, Baleares, Espa\u00f1a\",\"publisher\":{\"@id\":\"https:\\\/\\\/ecoquimic.com\\\/#organization\"},\"potentialAction\":[{\"@type\":\"SearchAction\",\"target\":{\"@type\":\"EntryPoint\",\"urlTemplate\":\"https:\\\/\\\/ecoquimic.com\\\/?s={search_term_string}\"},\"query-input\":{\"@type\":\"PropertyValueSpecification\",\"valueRequired\":true,\"valueName\":\"search_term_string\"}}],\"inLanguage\":\"ca\"},{\"@type\":\"Organization\",\"@id\":\"https:\\\/\\\/ecoquimic.com\\\/#organization\",\"name\":\"Ecoquimic\",\"url\":\"https:\\\/\\\/ecoquimic.com\\\/\",\"logo\":{\"@type\":\"ImageObject\",\"inLanguage\":\"ca\",\"@id\":\"https:\\\/\\\/ecoquimic.com\\\/#\\\/schema\\\/logo\\\/image\\\/\",\"url\":\"https:\\\/\\\/ecoquimic.com\\\/wp-content\\\/uploads\\\/2021\\\/10\\\/ecoquimic.png\",\"contentUrl\":\"https:\\\/\\\/ecoquimic.com\\\/wp-content\\\/uploads\\\/2021\\\/10\\\/ecoquimic.png\",\"width\":200,\"height\":93,\"caption\":\"Ecoquimic\"},\"image\":{\"@id\":\"https:\\\/\\\/ecoquimic.com\\\/#\\\/schema\\\/logo\\\/image\\\/\"},\"sameAs\":[\"https:\\\/\\\/www.facebook.com\\\/EcoquimicBalear\\\/\",\"https:\\\/\\\/x.com\\\/EcoquimicBalear\",\"https:\\\/\\\/www.instagram.com\\\/ecoquimic\\\/\",\"https:\\\/\\\/www.linkedin.com\\\/company\\\/ecoquimicbalear\\\/\",\"https:\\\/\\\/www.youtube.com\\\/channel\\\/UCYxjbpYf4oB7iKCsjUM1J4g\"]}]}<\/script>\n<!-- \/ Yoast SEO plugin. -->","yoast_head_json":{"title":"Detergente Carrocer\u00edas - Ecoquimic","description":"Fabricaci\u00f3n de productos qu\u00edmicos, marcas blancas, productos de limpieza, automoci\u00f3n, n\u00e1utica, lavander\u00eda industrial, lavander\u00eda dom\u00e9stica, construcci\u00f3n, Canal Horeca, productos biol\u00f3gicos, ambientadores, piscina. Ecoquimic - Detergente Carrocer\u00edas","robots":{"index":"index","follow":"follow","max-snippet":"max-snippet:-1","max-image-preview":"max-image-preview:large","max-video-preview":"max-video-preview:-1"},"canonical":"https:\/\/ecoquimic.com\/ca\/productos\/automocion\/detergente-carrocerias\/","og_locale":"ca_ES","og_type":"article","og_title":"Detergente Carrocer\u00edas - Ecoquimic","og_description":"Fabricaci\u00f3n de productos qu\u00edmicos, marcas blancas, productos de limpieza, automoci\u00f3n, n\u00e1utica, lavander\u00eda industrial, lavander\u00eda dom\u00e9stica, construcci\u00f3n, Canal Horeca, productos biol\u00f3gicos, ambientadores, piscina. Ecoquimic - Detergente Carrocer\u00edas","og_url":"https:\/\/ecoquimic.com\/ca\/productos\/automocion\/detergente-carrocerias\/","og_site_name":"Ecoquimic","article_publisher":"https:\/\/www.facebook.com\/EcoquimicBalear\/","article_modified_time":"2024-05-30T10:45:51+00:00","twitter_card":"summary_large_image","twitter_site":"@EcoquimicBalear","schema":{"@context":"https:\/\/schema.org","@graph":[{"@type":"WebPage","@id":"https:\/\/ecoquimic.com\/productos\/automocion\/detergente-carrocerias\/","url":"https:\/\/ecoquimic.com\/productos\/automocion\/detergente-carrocerias\/","name":"Detergente Carrocer\u00edas - Ecoquimic","isPartOf":{"@id":"https:\/\/ecoquimic.com\/#website"},"datePublished":"2024-05-21T10:46:42+00:00","dateModified":"2024-05-30T10:45:51+00:00","description":"Fabricaci\u00f3n de productos qu\u00edmicos, marcas blancas, productos de limpieza, automoci\u00f3n, n\u00e1utica, lavander\u00eda industrial, lavander\u00eda dom\u00e9stica, construcci\u00f3n, Canal Horeca, productos biol\u00f3gicos, ambientadores, piscina. Ecoquimic - Detergente Carrocer\u00edas","breadcrumb":{"@id":"https:\/\/ecoquimic.com\/productos\/automocion\/detergente-carrocerias\/#breadcrumb"},"inLanguage":"ca","potentialAction":[{"@type":"ReadAction","target":["https:\/\/ecoquimic.com\/productos\/automocion\/detergente-carrocerias\/"]}]},{"@type":"BreadcrumbList","@id":"https:\/\/ecoquimic.com\/productos\/automocion\/detergente-carrocerias\/#breadcrumb","itemListElement":[{"@type":"ListItem","position":1,"name":"Portada","item":"https:\/\/ecoquimic.com\/"},{"@type":"ListItem","position":2,"name":"Productos","item":"https:\/\/ecoquimic.com\/productos\/"},{"@type":"ListItem","position":3,"name":"Automoci\u00f3n","item":"https:\/\/ecoquimic.com\/productos\/automocion\/"},{"@type":"ListItem","position":4,"name":"Detergente Carrocer\u00edas"}]},{"@type":"WebSite","@id":"https:\/\/ecoquimic.com\/#website","url":"https:\/\/ecoquimic.com\/","name":"Ecoquimic","description":"F\u00e1brica productos qu\u00edmicos de limpieza en Mallorca, Baleares, Espa\u00f1a","publisher":{"@id":"https:\/\/ecoquimic.com\/#organization"},"potentialAction":[{"@type":"SearchAction","target":{"@type":"EntryPoint","urlTemplate":"https:\/\/ecoquimic.com\/?s={search_term_string}"},"query-input":{"@type":"PropertyValueSpecification","valueRequired":true,"valueName":"search_term_string"}}],"inLanguage":"ca"},{"@type":"Organization","@id":"https:\/\/ecoquimic.com\/#organization","name":"Ecoquimic","url":"https:\/\/ecoquimic.com\/","logo":{"@type":"ImageObject","inLanguage":"ca","@id":"https:\/\/ecoquimic.com\/#\/schema\/logo\/image\/","url":"https:\/\/ecoquimic.com\/wp-content\/uploads\/2021\/10\/ecoquimic.png","contentUrl":"https:\/\/ecoquimic.com\/wp-content\/uploads\/2021\/10\/ecoquimic.png","width":200,"height":93,"caption":"Ecoquimic"},"image":{"@id":"https:\/\/ecoquimic.com\/#\/schema\/logo\/image\/"},"sameAs":["https:\/\/www.facebook.com\/EcoquimicBalear\/","https:\/\/x.com\/EcoquimicBalear","https:\/\/www.instagram.com\/ecoquimic\/","https:\/\/www.linkedin.com\/company\/ecoquimicbalear\/","https:\/\/www.youtube.com\/channel\/UCYxjbpYf4oB7iKCsjUM1J4g"]}]}},"_links":{"self":[{"href":"https:\/\/ecoquimic.com\/ca\/wp-json\/wp\/v2\/pages\/15646","targetHints":{"allow":["GET"]}}],"collection":[{"href":"https:\/\/ecoquimic.com\/ca\/wp-json\/wp\/v2\/pages"}],"about":[{"href":"https:\/\/ecoquimic.com\/ca\/wp-json\/wp\/v2\/types\/page"}],"author":[{"embeddable":true,"href":"https:\/\/ecoquimic.com\/ca\/wp-json\/wp\/v2\/users\/10"}],"replies":[{"embeddable":true,"href":"https:\/\/ecoquimic.com\/ca\/wp-json\/wp\/v2\/comments?post=15646"}],"version-history":[{"count":6,"href":"https:\/\/ecoquimic.com\/ca\/wp-json\/wp\/v2\/pages\/15646\/revisions"}],"predecessor-version":[{"id":18512,"href":"https:\/\/ecoquimic.com\/ca\/wp-json\/wp\/v2\/pages\/15646\/revisions\/18512"}],"up":[{"embeddable":true,"href":"https:\/\/ecoquimic.com\/ca\/wp-json\/wp\/v2\/pages\/10443"}],"wp:attachment":[{"href":"https:\/\/ecoquimic.com\/ca\/wp-json\/wp\/v2\/media?parent=15646"}],"curies":[{"name":"wp","href":"https:\/\/api.w.org\/{rel}","templated":true}]}}