{"id":14742,"date":"2024-05-08T09:59:56","date_gmt":"2024-05-08T09:59:56","guid":{"rendered":"https:\/\/ecoquimic.com\/?page_id=14742"},"modified":"2024-05-08T10:51:21","modified_gmt":"2024-05-08T10:51:21","slug":"sello-innobal","status":"publish","type":"page","link":"https:\/\/ecoquimic.com\/ca\/blog2\/sello-innobal\/","title":{"rendered":"Segell Innobal"},"content":{"rendered":"<div data-colibri-id=\"14742-c1\" class=\"style-9309 style-local-14742-c1 position-relative\">\n  <!---->\n  <div data-colibri-component=\"section\" data-colibri-id=\"14742-c2\" id=\"custom\" class=\"h-section h-section-global-spacing d-flex align-items-lg-center align-items-md-center align-items-center style-9310 style-local-14742-c2 position-relative\">\n    <!---->\n    <!---->\n    <div class=\"h-section-grid-container h-section-boxed-container\">\n      <!---->\n      <div data-colibri-id=\"14742-c3\" class=\"h-row-container gutters-row-lg-1 gutters-row-md-1 gutters-row-0 gutters-row-v-lg-1 gutters-row-v-md-1 gutters-row-v-1 style-9311 style-local-14742-c3 position-relative\">\n        <!---->\n        <div class=\"h-row justify-content-lg-center justify-content-md-center justify-content-center align-items-lg-stretch align-items-md-stretch align-items-stretch gutters-col-lg-1 gutters-col-md-1 gutters-col-0 gutters-col-v-lg-1 gutters-col-v-md-1 gutters-col-v-1\">\n          <!---->\n          <div class=\"h-column h-column-container d-flex h-col-lg-auto h-col-md-auto h-col-auto style-9312-outer style-local-14742-c4-outer\">\n            <div data-colibri-id=\"14742-c4\" class=\"d-flex h-flex-basis h-column__inner h-px-lg-2 h-px-md-2 h-px-2 v-inner-lg-2 v-inner-md-2 v-inner-2 style-9312 style-local-14742-c4 position-relative\">\n              <!---->\n              <!---->\n              <div class=\"w-100 h-y-container h-column__content h-column__v-align flex-basis-100 align-self-lg-start align-self-md-start align-self-start\">\n                <!---->\n                <div data-colibri-id=\"14742-c5\" class=\"h-global-transition-all h-heading style-8267 style-local-14742-c5 position-relative h-element\">\n                  <!---->\n                  <div class=\"h-heading__outer style-8267 style-local-14742-c5\">\n                    <!---->\n                    <!---->\n                    <h1 class=\"\">Segell Innobal<\/h1>\n                  <\/div>\n                <\/div>\n                <div data-colibri-id=\"14742-c6\" class=\"h-global-transition-all h-heading style-8268 style-local-14742-c6 position-relative h-element\">\n                  <!---->\n                  <div class=\"h-heading__outer style-8268 style-local-14742-c6\">\n                    <!---->\n                    <!---->\n                    <h1 class=\"\">Un pas endavant en el nostre comprom\u00eds amb l'excel\u00b7l\u00e8ncia i la sostenibilitat<\/h1>\n                  <\/div>\n                <\/div>\n              <\/div>\n            <\/div>\n          <\/div>\n        <\/div>\n      <\/div>\n      <div data-colibri-id=\"14742-c7\" class=\"h-row-container gutters-row-lg-1 gutters-row-md-1 gutters-row-0 gutters-row-v-lg-1 gutters-row-v-md-1 gutters-row-v-1 style-9316 style-local-14742-c7 position-relative\">\n        <!---->\n        <div class=\"h-row justify-content-lg-center justify-content-md-center justify-content-center align-items-lg-stretch align-items-md-stretch align-items-stretch gutters-col-lg-1 gutters-col-md-1 gutters-col-0 gutters-col-v-lg-1 gutters-col-v-md-1 gutters-col-v-1\">\n          <!---->\n          <div class=\"h-column h-column-container d-flex h-col-lg-auto h-col-md-auto h-col-auto style-9317-outer style-local-14742-c8-outer\">\n            <div data-colibri-id=\"14742-c8\" class=\"d-flex h-flex-basis h-column__inner h-px-lg-1 h-px-md-1 h-px-1 v-inner-lg-1 v-inner-md-1 v-inner-1 style-9317 style-local-14742-c8 position-relative\">\n              <!---->\n              <!---->\n              <div class=\"w-100 h-y-container h-column__content h-column__v-align flex-basis-100 align-self-lg-start align-self-md-start align-self-start\">\n                <!---->\n                <div data-colibri-id=\"14742-c9\" class=\"h-text h-text-component style-9318 style-local-14742-c9 position-relative h-element\">\n                  <!---->\n                  <!---->\n                  <div class=\"\">\n                    <p>En el nostre comprom\u00eds continu amb la innovaci\u00f3 i l'excel\u00b7l\u00e8ncia, ens complau compartir l'emocionant not\u00edcia que hem obtingut el Segell Innobal, un reconeixement auton\u00f2mic dirigit a les Pimes de les illes Balears, que destaca i certifica els projectes empresarials que se centren en l'\u00e0mbit de la innovaci\u00f3.<\/p>\n                    <p>Aquest segell no sols reconeix els nostres esfor\u00e7os en el desenvolupament de productes de neteja sostenibles, sin\u00f3 que tamb\u00e9 valguda el nostre comprom\u00eds amb la millora cont\u00ednua i la creativitat en totes les \u00e0rees del nostre negoci. Aquesta distinci\u00f3 \u00e9s un testimoniatge de l'ardu treball i la dedicaci\u00f3 de tot el nostre equip en la cerca de solucions innovadores que contribueixin a un futur m\u00e9s net i sostenible.<\/p>\n                    <p>Acompanyat d'una formaci\u00f3, hem pogut enfortir la nostra capacitat per a desenvolupar i presentar projectes encara m\u00e9s innovadors que marquen la difer\u00e8ncia en la nostra ind\u00fastria i en l'entorn empresarial en general.<\/p>\n                    <p>Ens sentim honrats de formar part d'una comunitat empresarial que valora i promou la innovaci\u00f3, i estem compromesos a continuar impulsant els l\u00edmits de la creativitat i l'excel\u00b7l\u00e8ncia en el nostre treball. Amb el suport del segell Innobal ens sentim m\u00e9s motivats que mai per a continuar la nostra missi\u00f3 de millorar els nostres productes i els nostres processos, ja no sols satisfent les necessitats de cada client, sin\u00f3 tamb\u00e9 protegint el medi ambient.<\/p>\n                    <p>Agra\u00efm a la Cambra de Comer\u00e7 de Mallorca per aquest reconeixement i esperem continuar col\u00b7laborant amb ells en futurs projectes innovadors.<\/p>\n                  <\/div>\n                <\/div>\n                <div data-colibri-id=\"14742-c10\" class=\"h-text h-text-component style-9323 style-local-14742-c10 position-relative h-element\">\n                  <!---->\n                  <!---->\n                  <div class=\"\">\n                    <p><span style=\"color: rgb(102, 102, 102); font-family: Montserrat; font-size: 16px; font-weight: 500;\">Junts creem un futur m\u00e9s brillant i sostenible per a tots!<\/span><\/p>\n                  <\/div>\n                <\/div>\n              <\/div>\n            <\/div>\n          <\/div>\n        <\/div>\n      <\/div>\n    <\/div>\n  <\/div>\n<\/div>","protected":false},"excerpt":{"rendered":"<p>Sello Innobal Un paso adelante en nuestro compromiso con la excelencia y la sostenibilidad En nuestro compromiso continuo con la innovaci\u00f3n y la excelencia, nos complace compartir la emocionante noticia de que hemos obtenido el Sello Innobal, un reconocimiento auton\u00f3mico dirigido a las Pymes de las Islas Baleares, que destaca y certifica los proyectos empresariales [&hellip;]<\/p>\n","protected":false},"author":10,"featured_media":0,"parent":3464,"menu_order":0,"comment_status":"closed","ping_status":"closed","template":"page-templates\/full-width-page.php","meta":{"footnotes":""},"class_list":["post-14742","page","type-page","status-publish","hentry"],"yoast_head":"<!-- This site is optimized with the Yoast SEO plugin v27.4 - https:\/\/yoast.com\/product\/yoast-seo-wordpress\/ -->\n<title>Sello Innobal - Ecoquimic<\/title>\n<meta name=\"description\" content=\"Fabricaci\u00f3n de productos qu\u00edmicos, marcas blancas, productos de limpieza, automoci\u00f3n, n\u00e1utica, lavander\u00eda industrial, lavander\u00eda dom\u00e9stica, construcci\u00f3n, Canal Horeca, productos biol\u00f3gicos, ambientadores, piscina. Ecoquimic - Sello Innobal\" \/>\n<meta name=\"robots\" content=\"index, follow, max-snippet:-1, max-image-preview:large, max-video-preview:-1\" \/>\n<link rel=\"canonical\" href=\"https:\/\/ecoquimic.com\/ca\/blog2\/sello-innobal\/\" \/>\n<meta property=\"og:locale\" content=\"ca_ES\" \/>\n<meta property=\"og:type\" content=\"article\" \/>\n<meta property=\"og:title\" content=\"Sello Innobal - Ecoquimic\" \/>\n<meta property=\"og:description\" content=\"Fabricaci\u00f3n de productos qu\u00edmicos, marcas blancas, productos de limpieza, automoci\u00f3n, n\u00e1utica, lavander\u00eda industrial, lavander\u00eda dom\u00e9stica, construcci\u00f3n, Canal Horeca, productos biol\u00f3gicos, ambientadores, piscina. Ecoquimic - Sello Innobal\" \/>\n<meta property=\"og:url\" content=\"https:\/\/ecoquimic.com\/ca\/blog2\/sello-innobal\/\" \/>\n<meta property=\"og:site_name\" content=\"Ecoquimic\" \/>\n<meta property=\"article:publisher\" content=\"https:\/\/www.facebook.com\/EcoquimicBalear\/\" \/>\n<meta property=\"article:modified_time\" content=\"2024-05-08T10:51:21+00:00\" \/>\n<meta name=\"twitter:card\" content=\"summary_large_image\" \/>\n<meta name=\"twitter:site\" content=\"@EcoquimicBalear\" \/>\n<script type=\"application\/ld+json\" class=\"yoast-schema-graph\">{\"@context\":\"https:\\\/\\\/schema.org\",\"@graph\":[{\"@type\":\"WebPage\",\"@id\":\"https:\\\/\\\/ecoquimic.com\\\/blog2\\\/sello-innobal\\\/\",\"url\":\"https:\\\/\\\/ecoquimic.com\\\/blog2\\\/sello-innobal\\\/\",\"name\":\"Sello Innobal - Ecoquimic\",\"isPartOf\":{\"@id\":\"https:\\\/\\\/ecoquimic.com\\\/#website\"},\"datePublished\":\"2024-05-08T09:59:56+00:00\",\"dateModified\":\"2024-05-08T10:51:21+00:00\",\"description\":\"Fabricaci\u00f3n de productos qu\u00edmicos, marcas blancas, productos de limpieza, automoci\u00f3n, n\u00e1utica, lavander\u00eda industrial, lavander\u00eda dom\u00e9stica, construcci\u00f3n, Canal Horeca, productos biol\u00f3gicos, ambientadores, piscina. Ecoquimic - Sello Innobal\",\"breadcrumb\":{\"@id\":\"https:\\\/\\\/ecoquimic.com\\\/blog2\\\/sello-innobal\\\/#breadcrumb\"},\"inLanguage\":\"ca\",\"potentialAction\":[{\"@type\":\"ReadAction\",\"target\":[\"https:\\\/\\\/ecoquimic.com\\\/blog2\\\/sello-innobal\\\/\"]}]},{\"@type\":\"BreadcrumbList\",\"@id\":\"https:\\\/\\\/ecoquimic.com\\\/blog2\\\/sello-innobal\\\/#breadcrumb\",\"itemListElement\":[{\"@type\":\"ListItem\",\"position\":1,\"name\":\"Portada\",\"item\":\"https:\\\/\\\/ecoquimic.com\\\/\"},{\"@type\":\"ListItem\",\"position\":2,\"name\":\"Blog\",\"item\":\"https:\\\/\\\/ecoquimic.com\\\/blog2\\\/\"},{\"@type\":\"ListItem\",\"position\":3,\"name\":\"Sello Innobal\"}]},{\"@type\":\"WebSite\",\"@id\":\"https:\\\/\\\/ecoquimic.com\\\/#website\",\"url\":\"https:\\\/\\\/ecoquimic.com\\\/\",\"name\":\"Ecoquimic\",\"description\":\"F\u00e1brica productos qu\u00edmicos de limpieza en Mallorca, Baleares, Espa\u00f1a\",\"publisher\":{\"@id\":\"https:\\\/\\\/ecoquimic.com\\\/#organization\"},\"potentialAction\":[{\"@type\":\"SearchAction\",\"target\":{\"@type\":\"EntryPoint\",\"urlTemplate\":\"https:\\\/\\\/ecoquimic.com\\\/?s={search_term_string}\"},\"query-input\":{\"@type\":\"PropertyValueSpecification\",\"valueRequired\":true,\"valueName\":\"search_term_string\"}}],\"inLanguage\":\"ca\"},{\"@type\":\"Organization\",\"@id\":\"https:\\\/\\\/ecoquimic.com\\\/#organization\",\"name\":\"Ecoquimic\",\"url\":\"https:\\\/\\\/ecoquimic.com\\\/\",\"logo\":{\"@type\":\"ImageObject\",\"inLanguage\":\"ca\",\"@id\":\"https:\\\/\\\/ecoquimic.com\\\/#\\\/schema\\\/logo\\\/image\\\/\",\"url\":\"https:\\\/\\\/ecoquimic.com\\\/wp-content\\\/uploads\\\/2021\\\/10\\\/ecoquimic.png\",\"contentUrl\":\"https:\\\/\\\/ecoquimic.com\\\/wp-content\\\/uploads\\\/2021\\\/10\\\/ecoquimic.png\",\"width\":200,\"height\":93,\"caption\":\"Ecoquimic\"},\"image\":{\"@id\":\"https:\\\/\\\/ecoquimic.com\\\/#\\\/schema\\\/logo\\\/image\\\/\"},\"sameAs\":[\"https:\\\/\\\/www.facebook.com\\\/EcoquimicBalear\\\/\",\"https:\\\/\\\/x.com\\\/EcoquimicBalear\",\"https:\\\/\\\/www.instagram.com\\\/ecoquimic\\\/\",\"https:\\\/\\\/www.linkedin.com\\\/company\\\/ecoquimicbalear\\\/\",\"https:\\\/\\\/www.youtube.com\\\/channel\\\/UCYxjbpYf4oB7iKCsjUM1J4g\"]}]}<\/script>\n<!-- \/ Yoast SEO plugin. -->","yoast_head_json":{"title":"Sello Innobal - Ecoquimic","description":"Fabricaci\u00f3n de productos qu\u00edmicos, marcas blancas, productos de limpieza, automoci\u00f3n, n\u00e1utica, lavander\u00eda industrial, lavander\u00eda dom\u00e9stica, construcci\u00f3n, Canal Horeca, productos biol\u00f3gicos, ambientadores, piscina. Ecoquimic - Sello Innobal","robots":{"index":"index","follow":"follow","max-snippet":"max-snippet:-1","max-image-preview":"max-image-preview:large","max-video-preview":"max-video-preview:-1"},"canonical":"https:\/\/ecoquimic.com\/ca\/blog2\/sello-innobal\/","og_locale":"ca_ES","og_type":"article","og_title":"Sello Innobal - Ecoquimic","og_description":"Fabricaci\u00f3n de productos qu\u00edmicos, marcas blancas, productos de limpieza, automoci\u00f3n, n\u00e1utica, lavander\u00eda industrial, lavander\u00eda dom\u00e9stica, construcci\u00f3n, Canal Horeca, productos biol\u00f3gicos, ambientadores, piscina. Ecoquimic - Sello Innobal","og_url":"https:\/\/ecoquimic.com\/ca\/blog2\/sello-innobal\/","og_site_name":"Ecoquimic","article_publisher":"https:\/\/www.facebook.com\/EcoquimicBalear\/","article_modified_time":"2024-05-08T10:51:21+00:00","twitter_card":"summary_large_image","twitter_site":"@EcoquimicBalear","schema":{"@context":"https:\/\/schema.org","@graph":[{"@type":"WebPage","@id":"https:\/\/ecoquimic.com\/blog2\/sello-innobal\/","url":"https:\/\/ecoquimic.com\/blog2\/sello-innobal\/","name":"Sello Innobal - Ecoquimic","isPartOf":{"@id":"https:\/\/ecoquimic.com\/#website"},"datePublished":"2024-05-08T09:59:56+00:00","dateModified":"2024-05-08T10:51:21+00:00","description":"Fabricaci\u00f3n de productos qu\u00edmicos, marcas blancas, productos de limpieza, automoci\u00f3n, n\u00e1utica, lavander\u00eda industrial, lavander\u00eda dom\u00e9stica, construcci\u00f3n, Canal Horeca, productos biol\u00f3gicos, ambientadores, piscina. Ecoquimic - Sello Innobal","breadcrumb":{"@id":"https:\/\/ecoquimic.com\/blog2\/sello-innobal\/#breadcrumb"},"inLanguage":"ca","potentialAction":[{"@type":"ReadAction","target":["https:\/\/ecoquimic.com\/blog2\/sello-innobal\/"]}]},{"@type":"BreadcrumbList","@id":"https:\/\/ecoquimic.com\/blog2\/sello-innobal\/#breadcrumb","itemListElement":[{"@type":"ListItem","position":1,"name":"Portada","item":"https:\/\/ecoquimic.com\/"},{"@type":"ListItem","position":2,"name":"Blog","item":"https:\/\/ecoquimic.com\/blog2\/"},{"@type":"ListItem","position":3,"name":"Sello Innobal"}]},{"@type":"WebSite","@id":"https:\/\/ecoquimic.com\/#website","url":"https:\/\/ecoquimic.com\/","name":"Ecoquimic","description":"F\u00e1brica productos qu\u00edmicos de limpieza en Mallorca, Baleares, Espa\u00f1a","publisher":{"@id":"https:\/\/ecoquimic.com\/#organization"},"potentialAction":[{"@type":"SearchAction","target":{"@type":"EntryPoint","urlTemplate":"https:\/\/ecoquimic.com\/?s={search_term_string}"},"query-input":{"@type":"PropertyValueSpecification","valueRequired":true,"valueName":"search_term_string"}}],"inLanguage":"ca"},{"@type":"Organization","@id":"https:\/\/ecoquimic.com\/#organization","name":"Ecoquimic","url":"https:\/\/ecoquimic.com\/","logo":{"@type":"ImageObject","inLanguage":"ca","@id":"https:\/\/ecoquimic.com\/#\/schema\/logo\/image\/","url":"https:\/\/ecoquimic.com\/wp-content\/uploads\/2021\/10\/ecoquimic.png","contentUrl":"https:\/\/ecoquimic.com\/wp-content\/uploads\/2021\/10\/ecoquimic.png","width":200,"height":93,"caption":"Ecoquimic"},"image":{"@id":"https:\/\/ecoquimic.com\/#\/schema\/logo\/image\/"},"sameAs":["https:\/\/www.facebook.com\/EcoquimicBalear\/","https:\/\/x.com\/EcoquimicBalear","https:\/\/www.instagram.com\/ecoquimic\/","https:\/\/www.linkedin.com\/company\/ecoquimicbalear\/","https:\/\/www.youtube.com\/channel\/UCYxjbpYf4oB7iKCsjUM1J4g"]}]}},"_links":{"self":[{"href":"https:\/\/ecoquimic.com\/ca\/wp-json\/wp\/v2\/pages\/14742","targetHints":{"allow":["GET"]}}],"collection":[{"href":"https:\/\/ecoquimic.com\/ca\/wp-json\/wp\/v2\/pages"}],"about":[{"href":"https:\/\/ecoquimic.com\/ca\/wp-json\/wp\/v2\/types\/page"}],"author":[{"embeddable":true,"href":"https:\/\/ecoquimic.com\/ca\/wp-json\/wp\/v2\/users\/10"}],"replies":[{"embeddable":true,"href":"https:\/\/ecoquimic.com\/ca\/wp-json\/wp\/v2\/comments?post=14742"}],"version-history":[{"count":5,"href":"https:\/\/ecoquimic.com\/ca\/wp-json\/wp\/v2\/pages\/14742\/revisions"}],"predecessor-version":[{"id":14790,"href":"https:\/\/ecoquimic.com\/ca\/wp-json\/wp\/v2\/pages\/14742\/revisions\/14790"}],"up":[{"embeddable":true,"href":"https:\/\/ecoquimic.com\/ca\/wp-json\/wp\/v2\/pages\/3464"}],"wp:attachment":[{"href":"https:\/\/ecoquimic.com\/ca\/wp-json\/wp\/v2\/media?parent=14742"}],"curies":[{"name":"wp","href":"https:\/\/api.w.org\/{rel}","templated":true}]}}