{"id":1394,"date":"2021-10-20T16:43:21","date_gmt":"2021-10-20T16:43:21","guid":{"rendered":"http:\/\/s880345291.mialojamiento.es\/?page_id=1394"},"modified":"2025-11-17T09:22:08","modified_gmt":"2025-11-17T09:22:08","slug":"iso-5660012024","status":"publish","type":"page","link":"https:\/\/ecoquimic.com\/ca\/certificaciones\/iso-5660012024\/","title":{"rendered":"ISO 56001:2024"},"content":{"rendered":"<div data-colibri-id=\"1394-c1\" class=\"style-710 style-local-1394-c1 position-relative\">\n  <!---->\n  <div data-colibri-component=\"section\" data-colibri-id=\"1394-c2\" id=\"custom\" class=\"h-section h-section-global-spacing d-flex align-items-lg-center align-items-md-center align-items-center style-711 style-local-1394-c2 position-relative\">\n    <!---->\n    <!---->\n    <div class=\"h-section-grid-container h-section-boxed-container\">\n      <!---->\n      <div data-colibri-id=\"1394-c3\" class=\"h-row-container gutters-row-lg-2 gutters-row-md-2 gutters-row-0 gutters-row-v-lg-2 gutters-row-v-md-2 gutters-row-v-2 style-712 style-local-1394-c3 position-relative\">\n        <!---->\n        <div class=\"h-row justify-content-lg-center justify-content-md-center justify-content-center align-items-lg-stretch align-items-md-stretch align-items-stretch gutters-col-lg-2 gutters-col-md-2 gutters-col-0 gutters-col-v-lg-2 gutters-col-v-md-2 gutters-col-v-2\">\n          <!---->\n          <div class=\"h-column h-column-container d-flex h-col-lg-auto h-col-md-auto h-col-auto style-713-outer style-local-1394-c4-outer\">\n            <div data-colibri-id=\"1394-c4\" class=\"d-flex h-flex-basis h-column__inner h-px-lg-2 h-px-md-2 h-px-2 v-inner-lg-2 v-inner-md-2 v-inner-2 style-713 style-local-1394-c4 position-relative\">\n              <!---->\n              <!---->\n              <div class=\"w-100 h-y-container h-column__content h-column__v-align flex-basis-100 align-self-lg-start align-self-md-start align-self-start\">\n                <!---->\n                <div data-colibri-id=\"1394-c5\" class=\"d-block style-714 style-local-1394-c5 position-relative h-element\">\n                  <!---->\n                  <div class=\"h-image__frame-container-outer\">\n                    <div class=\"h-image__frame-container\">\n                      <!---->\n                      <!---->\n                      <img loading=\"lazy\" decoding=\"async\" width=\"1605\" height=\"2269\" src=\"https:\/\/ecoquimic.com\/wp-content\/uploads\/2025\/11\/16310843-ISO-56001-2024-INNOVACION-ESPANOL.jpg\" class=\"wp-image-24224 style-714-image style-local-1394-c5-image\" alt=\"ISO 56001:2024\" srcset=\"https:\/\/ecoquimic.com\/wp-content\/uploads\/2025\/11\/16310843-ISO-56001-2024-INNOVACION-ESPANOL.jpg 1605w, https:\/\/ecoquimic.com\/wp-content\/uploads\/2025\/11\/16310843-ISO-56001-2024-INNOVACION-ESPANOL-212x300.jpg 212w, https:\/\/ecoquimic.com\/wp-content\/uploads\/2025\/11\/16310843-ISO-56001-2024-INNOVACION-ESPANOL-724x1024.jpg 724w, https:\/\/ecoquimic.com\/wp-content\/uploads\/2025\/11\/16310843-ISO-56001-2024-INNOVACION-ESPANOL-768x1086.jpg 768w, https:\/\/ecoquimic.com\/wp-content\/uploads\/2025\/11\/16310843-ISO-56001-2024-INNOVACION-ESPANOL-1087x1536.jpg 1087w, https:\/\/ecoquimic.com\/wp-content\/uploads\/2025\/11\/16310843-ISO-56001-2024-INNOVACION-ESPANOL-1449x2048.jpg 1449w, https:\/\/ecoquimic.com\/wp-content\/uploads\/2025\/11\/16310843-ISO-56001-2024-INNOVACION-ESPANOL-8x12.jpg 8w, https:\/\/ecoquimic.com\/wp-content\/uploads\/2025\/11\/16310843-ISO-56001-2024-INNOVACION-ESPANOL-17x24.jpg 17w, https:\/\/ecoquimic.com\/wp-content\/uploads\/2025\/11\/16310843-ISO-56001-2024-INNOVACION-ESPANOL-25x36.jpg 25w, https:\/\/ecoquimic.com\/wp-content\/uploads\/2025\/11\/16310843-ISO-56001-2024-INNOVACION-ESPANOL-34x48.jpg 34w\" sizes=\"auto, (max-width: 1605px) 100vw, 1605px\" \/>\n                      <div class=\"h-image__frame h-hide-lg h-hide-md h-hide-sm style-714-frameImage style-local-1394-c5-frameImage\"><\/div>\n                    <\/div>\n                  <\/div>\n                <\/div>\n              <\/div>\n            <\/div>\n          <\/div>\n        <\/div>\n      <\/div>\n    <\/div>\n  <\/div>\n<\/div>","protected":false},"excerpt":{"rendered":"","protected":false},"author":10,"featured_media":0,"parent":5933,"menu_order":0,"comment_status":"closed","ping_status":"closed","template":"page-templates\/full-width-page.php","meta":{"footnotes":""},"class_list":["post-1394","page","type-page","status-publish","hentry"],"yoast_head":"<!-- This site is optimized with the Yoast SEO plugin v27.4 - https:\/\/yoast.com\/product\/yoast-seo-wordpress\/ -->\n<title>ISO 56001:2024 - Ecoquimic<\/title>\n<meta name=\"description\" content=\"Fabricaci\u00f3n de productos qu\u00edmicos, marcas blancas, productos de limpieza, automoci\u00f3n, n\u00e1utica, lavander\u00eda industrial, lavander\u00eda dom\u00e9stica, construcci\u00f3n, Canal Horeca, productos biol\u00f3gicos, ambientadores, piscina. Ecoquimic - ISO 56001:2024\" \/>\n<meta name=\"robots\" content=\"index, follow, max-snippet:-1, max-image-preview:large, max-video-preview:-1\" \/>\n<link rel=\"canonical\" href=\"https:\/\/ecoquimic.com\/ca\/certificaciones\/iso-5660012024\/\" \/>\n<meta property=\"og:locale\" content=\"ca_ES\" \/>\n<meta property=\"og:type\" content=\"article\" \/>\n<meta property=\"og:title\" content=\"ISO 56001:2024 - Ecoquimic\" \/>\n<meta property=\"og:description\" content=\"Fabricaci\u00f3n de productos qu\u00edmicos, marcas blancas, productos de limpieza, automoci\u00f3n, n\u00e1utica, lavander\u00eda industrial, lavander\u00eda dom\u00e9stica, construcci\u00f3n, Canal Horeca, productos biol\u00f3gicos, ambientadores, piscina. Ecoquimic - ISO 56001:2024\" \/>\n<meta property=\"og:url\" content=\"https:\/\/ecoquimic.com\/ca\/certificaciones\/iso-5660012024\/\" \/>\n<meta property=\"og:site_name\" content=\"Ecoquimic\" \/>\n<meta property=\"article:publisher\" content=\"https:\/\/www.facebook.com\/EcoquimicBalear\/\" \/>\n<meta property=\"article:modified_time\" content=\"2025-11-17T09:22:08+00:00\" \/>\n<meta property=\"og:image\" content=\"https:\/\/ecoquimic.com\/wp-content\/uploads\/2025\/11\/16310843-ISO-56001-2024-INNOVACION-ESPANOL.jpg\" \/>\n\t<meta property=\"og:image:width\" content=\"1605\" \/>\n\t<meta property=\"og:image:height\" content=\"2269\" \/>\n\t<meta property=\"og:image:type\" content=\"image\/jpeg\" \/>\n<meta name=\"twitter:card\" content=\"summary_large_image\" \/>\n<meta name=\"twitter:site\" content=\"@EcoquimicBalear\" \/>\n<meta name=\"twitter:label1\" content=\"Temps estimat de lectura\" \/>\n\t<meta name=\"twitter:data1\" content=\"1 minut\" \/>\n<script type=\"application\/ld+json\" class=\"yoast-schema-graph\">{\"@context\":\"https:\\\/\\\/schema.org\",\"@graph\":[{\"@type\":\"WebPage\",\"@id\":\"https:\\\/\\\/ecoquimic.com\\\/certificaciones\\\/iso-5660012024\\\/\",\"url\":\"https:\\\/\\\/ecoquimic.com\\\/certificaciones\\\/iso-5660012024\\\/\",\"name\":\"ISO 56001:2024 - Ecoquimic\",\"isPartOf\":{\"@id\":\"https:\\\/\\\/ecoquimic.com\\\/#website\"},\"primaryImageOfPage\":{\"@id\":\"https:\\\/\\\/ecoquimic.com\\\/certificaciones\\\/iso-5660012024\\\/#primaryimage\"},\"image\":{\"@id\":\"https:\\\/\\\/ecoquimic.com\\\/certificaciones\\\/iso-5660012024\\\/#primaryimage\"},\"thumbnailUrl\":\"https:\\\/\\\/ecoquimic.com\\\/wp-content\\\/uploads\\\/2025\\\/11\\\/16310843-ISO-56001-2024-INNOVACION-ESPANOL.jpg\",\"datePublished\":\"2021-10-20T16:43:21+00:00\",\"dateModified\":\"2025-11-17T09:22:08+00:00\",\"description\":\"Fabricaci\u00f3n de productos qu\u00edmicos, marcas blancas, productos de limpieza, automoci\u00f3n, n\u00e1utica, lavander\u00eda industrial, lavander\u00eda dom\u00e9stica, construcci\u00f3n, Canal Horeca, productos biol\u00f3gicos, ambientadores, piscina. Ecoquimic - ISO 56001:2024\",\"breadcrumb\":{\"@id\":\"https:\\\/\\\/ecoquimic.com\\\/certificaciones\\\/iso-5660012024\\\/#breadcrumb\"},\"inLanguage\":\"ca\",\"potentialAction\":[{\"@type\":\"ReadAction\",\"target\":[\"https:\\\/\\\/ecoquimic.com\\\/certificaciones\\\/iso-5660012024\\\/\"]}]},{\"@type\":\"ImageObject\",\"inLanguage\":\"ca\",\"@id\":\"https:\\\/\\\/ecoquimic.com\\\/certificaciones\\\/iso-5660012024\\\/#primaryimage\",\"url\":\"https:\\\/\\\/ecoquimic.com\\\/wp-content\\\/uploads\\\/2025\\\/11\\\/16310843-ISO-56001-2024-INNOVACION-ESPANOL.jpg\",\"contentUrl\":\"https:\\\/\\\/ecoquimic.com\\\/wp-content\\\/uploads\\\/2025\\\/11\\\/16310843-ISO-56001-2024-INNOVACION-ESPANOL.jpg\"},{\"@type\":\"BreadcrumbList\",\"@id\":\"https:\\\/\\\/ecoquimic.com\\\/certificaciones\\\/iso-5660012024\\\/#breadcrumb\",\"itemListElement\":[{\"@type\":\"ListItem\",\"position\":1,\"name\":\"Portada\",\"item\":\"https:\\\/\\\/ecoquimic.com\\\/\"},{\"@type\":\"ListItem\",\"position\":2,\"name\":\"Certificaciones\",\"item\":\"https:\\\/\\\/ecoquimic.com\\\/certificaciones\\\/\"},{\"@type\":\"ListItem\",\"position\":3,\"name\":\"ISO 56001:2024\"}]},{\"@type\":\"WebSite\",\"@id\":\"https:\\\/\\\/ecoquimic.com\\\/#website\",\"url\":\"https:\\\/\\\/ecoquimic.com\\\/\",\"name\":\"Ecoquimic\",\"description\":\"F\u00e1brica productos qu\u00edmicos de limpieza en Mallorca, Baleares, Espa\u00f1a\",\"publisher\":{\"@id\":\"https:\\\/\\\/ecoquimic.com\\\/#organization\"},\"potentialAction\":[{\"@type\":\"SearchAction\",\"target\":{\"@type\":\"EntryPoint\",\"urlTemplate\":\"https:\\\/\\\/ecoquimic.com\\\/?s={search_term_string}\"},\"query-input\":{\"@type\":\"PropertyValueSpecification\",\"valueRequired\":true,\"valueName\":\"search_term_string\"}}],\"inLanguage\":\"ca\"},{\"@type\":\"Organization\",\"@id\":\"https:\\\/\\\/ecoquimic.com\\\/#organization\",\"name\":\"Ecoquimic\",\"url\":\"https:\\\/\\\/ecoquimic.com\\\/\",\"logo\":{\"@type\":\"ImageObject\",\"inLanguage\":\"ca\",\"@id\":\"https:\\\/\\\/ecoquimic.com\\\/#\\\/schema\\\/logo\\\/image\\\/\",\"url\":\"https:\\\/\\\/ecoquimic.com\\\/wp-content\\\/uploads\\\/2021\\\/10\\\/ecoquimic.png\",\"contentUrl\":\"https:\\\/\\\/ecoquimic.com\\\/wp-content\\\/uploads\\\/2021\\\/10\\\/ecoquimic.png\",\"width\":200,\"height\":93,\"caption\":\"Ecoquimic\"},\"image\":{\"@id\":\"https:\\\/\\\/ecoquimic.com\\\/#\\\/schema\\\/logo\\\/image\\\/\"},\"sameAs\":[\"https:\\\/\\\/www.facebook.com\\\/EcoquimicBalear\\\/\",\"https:\\\/\\\/x.com\\\/EcoquimicBalear\",\"https:\\\/\\\/www.instagram.com\\\/ecoquimic\\\/\",\"https:\\\/\\\/www.linkedin.com\\\/company\\\/ecoquimicbalear\\\/\",\"https:\\\/\\\/www.youtube.com\\\/channel\\\/UCYxjbpYf4oB7iKCsjUM1J4g\"]}]}<\/script>\n<!-- \/ Yoast SEO plugin. -->","yoast_head_json":{"title":"ISO 56001:2024 - Ecoquimic","description":"Fabricaci\u00f3n de productos qu\u00edmicos, marcas blancas, productos de limpieza, automoci\u00f3n, n\u00e1utica, lavander\u00eda industrial, lavander\u00eda dom\u00e9stica, construcci\u00f3n, Canal Horeca, productos biol\u00f3gicos, ambientadores, piscina. Ecoquimic - ISO 56001:2024","robots":{"index":"index","follow":"follow","max-snippet":"max-snippet:-1","max-image-preview":"max-image-preview:large","max-video-preview":"max-video-preview:-1"},"canonical":"https:\/\/ecoquimic.com\/ca\/certificaciones\/iso-5660012024\/","og_locale":"ca_ES","og_type":"article","og_title":"ISO 56001:2024 - Ecoquimic","og_description":"Fabricaci\u00f3n de productos qu\u00edmicos, marcas blancas, productos de limpieza, automoci\u00f3n, n\u00e1utica, lavander\u00eda industrial, lavander\u00eda dom\u00e9stica, construcci\u00f3n, Canal Horeca, productos biol\u00f3gicos, ambientadores, piscina. Ecoquimic - ISO 56001:2024","og_url":"https:\/\/ecoquimic.com\/ca\/certificaciones\/iso-5660012024\/","og_site_name":"Ecoquimic","article_publisher":"https:\/\/www.facebook.com\/EcoquimicBalear\/","article_modified_time":"2025-11-17T09:22:08+00:00","og_image":[{"width":1605,"height":2269,"url":"https:\/\/ecoquimic.com\/wp-content\/uploads\/2025\/11\/16310843-ISO-56001-2024-INNOVACION-ESPANOL.jpg","type":"image\/jpeg"}],"twitter_card":"summary_large_image","twitter_site":"@EcoquimicBalear","twitter_misc":{"Temps estimat de lectura":"1 minut"},"schema":{"@context":"https:\/\/schema.org","@graph":[{"@type":"WebPage","@id":"https:\/\/ecoquimic.com\/certificaciones\/iso-5660012024\/","url":"https:\/\/ecoquimic.com\/certificaciones\/iso-5660012024\/","name":"ISO 56001:2024 - Ecoquimic","isPartOf":{"@id":"https:\/\/ecoquimic.com\/#website"},"primaryImageOfPage":{"@id":"https:\/\/ecoquimic.com\/certificaciones\/iso-5660012024\/#primaryimage"},"image":{"@id":"https:\/\/ecoquimic.com\/certificaciones\/iso-5660012024\/#primaryimage"},"thumbnailUrl":"https:\/\/ecoquimic.com\/wp-content\/uploads\/2025\/11\/16310843-ISO-56001-2024-INNOVACION-ESPANOL.jpg","datePublished":"2021-10-20T16:43:21+00:00","dateModified":"2025-11-17T09:22:08+00:00","description":"Fabricaci\u00f3n de productos qu\u00edmicos, marcas blancas, productos de limpieza, automoci\u00f3n, n\u00e1utica, lavander\u00eda industrial, lavander\u00eda dom\u00e9stica, construcci\u00f3n, Canal Horeca, productos biol\u00f3gicos, ambientadores, piscina. Ecoquimic - ISO 56001:2024","breadcrumb":{"@id":"https:\/\/ecoquimic.com\/certificaciones\/iso-5660012024\/#breadcrumb"},"inLanguage":"ca","potentialAction":[{"@type":"ReadAction","target":["https:\/\/ecoquimic.com\/certificaciones\/iso-5660012024\/"]}]},{"@type":"ImageObject","inLanguage":"ca","@id":"https:\/\/ecoquimic.com\/certificaciones\/iso-5660012024\/#primaryimage","url":"https:\/\/ecoquimic.com\/wp-content\/uploads\/2025\/11\/16310843-ISO-56001-2024-INNOVACION-ESPANOL.jpg","contentUrl":"https:\/\/ecoquimic.com\/wp-content\/uploads\/2025\/11\/16310843-ISO-56001-2024-INNOVACION-ESPANOL.jpg"},{"@type":"BreadcrumbList","@id":"https:\/\/ecoquimic.com\/certificaciones\/iso-5660012024\/#breadcrumb","itemListElement":[{"@type":"ListItem","position":1,"name":"Portada","item":"https:\/\/ecoquimic.com\/"},{"@type":"ListItem","position":2,"name":"Certificaciones","item":"https:\/\/ecoquimic.com\/certificaciones\/"},{"@type":"ListItem","position":3,"name":"ISO 56001:2024"}]},{"@type":"WebSite","@id":"https:\/\/ecoquimic.com\/#website","url":"https:\/\/ecoquimic.com\/","name":"Ecoquimic","description":"F\u00e1brica productos qu\u00edmicos de limpieza en Mallorca, Baleares, Espa\u00f1a","publisher":{"@id":"https:\/\/ecoquimic.com\/#organization"},"potentialAction":[{"@type":"SearchAction","target":{"@type":"EntryPoint","urlTemplate":"https:\/\/ecoquimic.com\/?s={search_term_string}"},"query-input":{"@type":"PropertyValueSpecification","valueRequired":true,"valueName":"search_term_string"}}],"inLanguage":"ca"},{"@type":"Organization","@id":"https:\/\/ecoquimic.com\/#organization","name":"Ecoquimic","url":"https:\/\/ecoquimic.com\/","logo":{"@type":"ImageObject","inLanguage":"ca","@id":"https:\/\/ecoquimic.com\/#\/schema\/logo\/image\/","url":"https:\/\/ecoquimic.com\/wp-content\/uploads\/2021\/10\/ecoquimic.png","contentUrl":"https:\/\/ecoquimic.com\/wp-content\/uploads\/2021\/10\/ecoquimic.png","width":200,"height":93,"caption":"Ecoquimic"},"image":{"@id":"https:\/\/ecoquimic.com\/#\/schema\/logo\/image\/"},"sameAs":["https:\/\/www.facebook.com\/EcoquimicBalear\/","https:\/\/x.com\/EcoquimicBalear","https:\/\/www.instagram.com\/ecoquimic\/","https:\/\/www.linkedin.com\/company\/ecoquimicbalear\/","https:\/\/www.youtube.com\/channel\/UCYxjbpYf4oB7iKCsjUM1J4g"]}]}},"_links":{"self":[{"href":"https:\/\/ecoquimic.com\/ca\/wp-json\/wp\/v2\/pages\/1394","targetHints":{"allow":["GET"]}}],"collection":[{"href":"https:\/\/ecoquimic.com\/ca\/wp-json\/wp\/v2\/pages"}],"about":[{"href":"https:\/\/ecoquimic.com\/ca\/wp-json\/wp\/v2\/types\/page"}],"author":[{"embeddable":true,"href":"https:\/\/ecoquimic.com\/ca\/wp-json\/wp\/v2\/users\/10"}],"replies":[{"embeddable":true,"href":"https:\/\/ecoquimic.com\/ca\/wp-json\/wp\/v2\/comments?post=1394"}],"version-history":[{"count":20,"href":"https:\/\/ecoquimic.com\/ca\/wp-json\/wp\/v2\/pages\/1394\/revisions"}],"predecessor-version":[{"id":24232,"href":"https:\/\/ecoquimic.com\/ca\/wp-json\/wp\/v2\/pages\/1394\/revisions\/24232"}],"up":[{"embeddable":true,"href":"https:\/\/ecoquimic.com\/ca\/wp-json\/wp\/v2\/pages\/5933"}],"wp:attachment":[{"href":"https:\/\/ecoquimic.com\/ca\/wp-json\/wp\/v2\/media?parent=1394"}],"curies":[{"name":"wp","href":"https:\/\/api.w.org\/{rel}","templated":true}]}}