{"id":12670,"date":"2024-04-22T06:37:36","date_gmt":"2024-04-22T06:37:36","guid":{"rendered":"https:\/\/ecoquimic.com\/?page_id=12670"},"modified":"2024-05-07T08:53:06","modified_gmt":"2024-05-07T08:53:06","slug":"avances-sostenibles","status":"publish","type":"page","link":"https:\/\/ecoquimic.com\/ca\/blog2\/avances-sostenibles\/","title":{"rendered":"Avances sostenibles"},"content":{"rendered":"<div data-colibri-id=\"12670-c1\" class=\"style-8263 style-local-12670-c1 position-relative\">\n  <!---->\n  <div data-colibri-component=\"section\" data-colibri-id=\"12670-c2\" id=\"custom\" class=\"h-section h-section-global-spacing d-flex align-items-lg-center align-items-md-center align-items-center style-8264 style-local-12670-c2 position-relative\">\n    <!---->\n    <!---->\n    <div class=\"h-section-grid-container h-section-boxed-container\">\n      <!---->\n      <div data-colibri-id=\"12670-c3\" class=\"h-row-container gutters-row-lg-2 gutters-row-md-2 gutters-row-0 gutters-row-v-lg-2 gutters-row-v-md-2 gutters-row-v-2 style-8265 style-local-12670-c3 position-relative\">\n        <!---->\n        <div class=\"h-row justify-content-lg-center justify-content-md-center justify-content-center align-items-lg-stretch align-items-md-stretch align-items-stretch gutters-col-lg-2 gutters-col-md-2 gutters-col-0 gutters-col-v-lg-2 gutters-col-v-md-2 gutters-col-v-2\">\n          <!---->\n          <div class=\"h-column h-column-container d-flex h-col-lg-auto h-col-md-auto h-col-auto style-8266-outer style-local-12670-c4-outer\">\n            <div data-colibri-id=\"12670-c4\" class=\"d-flex h-flex-basis h-column__inner h-px-lg-2 h-px-md-2 h-px-2 v-inner-lg-2 v-inner-md-2 v-inner-2 style-8266 style-local-12670-c4 position-relative\">\n              <!---->\n              <!---->\n              <div class=\"w-100 h-y-container h-column__content h-column__v-align flex-basis-100 align-self-lg-start align-self-md-start align-self-start\">\n                <!---->\n                <div data-colibri-id=\"12670-c5\" class=\"h-global-transition-all h-heading style-8267 style-local-12670-c5 position-relative h-element\">\n                  <!---->\n                  <div class=\"h-heading__outer style-8267 style-local-12670-c5\">\n                    <!---->\n                    <!---->\n                    <h1 class=\"\">Avan\u00e7os sostenibles de Ecoquimic <\/h1>\n                  <\/div>\n                <\/div>\n                <div data-colibri-id=\"12670-c6\" class=\"h-global-transition-all h-heading style-8268 style-local-12670-c6 position-relative h-element\">\n                  <!---->\n                  <div class=\"h-heading__outer style-8268 style-local-12670-c6\">\n                    <!---->\n                    <!---->\n                    <h1 class=\"\">Cap a un futur m\u00e9s verd en 2024<\/h1>\n                  <\/div>\n                <\/div>\n                <div data-colibri-id=\"12670-c7\" class=\"style-8271 style-local-12670-c7 position-relative h-element\">\n                  <!---->\n                <\/div>\n                <div data-colibri-id=\"12670-c8\" class=\"h-text h-text-component style-8269 style-local-12670-c8 position-relative h-element\">\n                  <!---->\n                  <!---->\n                  <div class=\"\">\n                    <p>En Ecoqu\u00edmic ens enorgulleix compartir els nostres objectius en mat\u00e8ria de sostenibilitat per a enguany i com a part del nostre comprom\u00eds continu amb el medi ambient i la responsabilitat corporativa, estem implantant una s\u00e8rie d'iniciatives destinades a reduir el nostre impacte ambiental i promoure pr\u00e0ctiques empresarials m\u00e9s sostenibles.<\/p>\n                  <\/div>\n                <\/div>\n                <div data-colibri-id=\"12670-c9\" class=\"h-global-transition-all h-heading style-8270 style-local-12670-c9 position-relative h-element\">\n                  <!---->\n                  <div class=\"h-heading__outer style-8270 style-local-12670-c9\">\n                    <!---->\n                    <!---->\n                    <h2 class=\"\">Reconeixement als nostres prove\u00efdors sostenibles<\/h2>\n                  <\/div>\n                <\/div>\n                <div data-colibri-id=\"12670-c10\" class=\"h-text h-text-component style-8272 style-local-12670-c10 position-relative h-element\">\n                  <!---->\n                  <!---->\n                  <div class=\"\">\n                    <p>Volem agrair a tots els nostres prove\u00efdors i clients que prenen mesures sostenibles a l'hora de tractar amb els nostres productes i serveis i que estan adoptant mesures concretes per a reduir la seva petjada ambiental.<\/p>\n                    <p>Valorem profundament el seu comprom\u00eds amb pr\u00e0ctiques comercials responsables i esperem continuar col\u00b7laborant amb ells en la construcci\u00f3 d'un futur m\u00e9s ecol\u00f2gic per a tots.<\/p>\n                  <\/div>\n                <\/div>\n                <div data-colibri-id=\"12670-c11\" class=\"h-global-transition-all h-heading style-8270 style-local-12670-c11 position-relative h-element\">\n                  <!---->\n                  <div class=\"h-heading__outer style-8270 style-local-12670-c11\">\n                    <!---->\n                    <!---->\n                    <h2 class=\"\">Digitalitzaci\u00f3 per a un m\u00f3n sense paper<\/h2>\n                  <\/div>\n                <\/div>\n                <div data-colibri-id=\"12670-c12\" class=\"h-text h-text-component style-8274 style-local-12670-c12 position-relative h-element\">\n                  <!---->\n                  <!---->\n                  <div class=\"\">\n                    <p>Un dels principals objectius 2023 va ser l'eliminaci\u00f3 progressiva de l'\u00fas del paper, i avui dia, en Ecoquimic la major part dels processos que ocorren dins de la f\u00e0brica ja estan digitalitzats, per\u00f2 volem aconseguir que abasti tots els aspectes de la nostra empresa, des de la gesti\u00f3 de documents fins a la comunicaci\u00f3 interna i externa. Aquesta iniciativa no sols redueix la nostra depend\u00e8ncia al paper, sin\u00f3 que tamb\u00e9 augmenta l'efici\u00e8ncia i l'accessibilitat de la informaci\u00f3 en tota l'organitzaci\u00f3.<\/p>\n                  <\/div>\n                <\/div>\n                <div data-colibri-id=\"12670-c13\" class=\"h-global-transition-all h-heading style-8270 style-local-12670-c13 position-relative h-element\">\n                  <!---->\n                  <div class=\"h-heading__outer style-8270 style-local-12670-c13\">\n                    <!---->\n                    <!---->\n                    <h2 class=\"\">Reducci\u00f3 de residus de pl\u00e0stic<\/h2>\n                  <\/div>\n                <\/div>\n                <div data-colibri-id=\"12670-c14\" class=\"h-text h-text-component style-8276 style-local-12670-c14 position-relative h-element\">\n                  <!---->\n                  <!---->\n                  <div class=\"\">\n                    <p>A m\u00e9s de reduir el nostre consum de paper, estem compromesos amb la reducci\u00f3 de residus de pl\u00e0stic en les nostres instal\u00b7lacions. <\/p>\n                    <p>Per a aix\u00f2, hem implementat pol\u00edtiques que promouen l'\u00fas de recipients reutilitzables entre els nostres empleats; des de t\u00e0pers per a esmorzars, fins a cantimplores per a begudes, estem fomentant activament l'\u00fas d'alternatives ecol\u00f2giques als envasos d'un sol \u00fas.<\/p>\n                    <p>Creiem que petits canvis en els nostres en els nostres h\u00e0bits diaris poden tenir un gran impacte en la reducci\u00f3 i la conservaci\u00f3 de recursos naturals.,<\/p>\n                  <\/div>\n                <\/div>\n                <div data-colibri-id=\"12670-c15\" class=\"h-global-transition-all h-heading style-8270 style-local-12670-c15 position-relative h-element\">\n                  <!---->\n                  <div class=\"h-heading__outer style-8270 style-local-12670-c15\">\n                    <!---->\n                    <!---->\n                    <h2 class=\"\">Mirant cap al futur<\/h2>\n                  <\/div>\n                <\/div>\n                <div data-colibri-id=\"12670-c16\" class=\"h-text h-text-component style-8278 style-local-12670-c16 position-relative h-element\">\n                  <!---->\n                  <!---->\n                  <div class=\"\">\n                    <p>A mesura que avancem l'any 2024, ens comprometem a continuar creant noves maneres d'integrar la sostenibilitat en totes les facetes del nostre negoci. Continuarem buscant oportunitats per a reduir la nostra petjada ambiental, millorar l'efici\u00e8ncia operativa i promoure pr\u00e0ctiques comercials \u00e8tiques i responsables.&nbsp;<\/p>\n                    <p>Creiem que en treballar junts, podem crear un futur m\u00e9s verd i sostenible i agra\u00efm el suport dels nostres empleats, clients i prove\u00efdors en aquest viatge m\u00e9s sostenible per a tots, junts podem marcar la difer\u00e8ncia i deixar un llegat positiu per a les generacions esdevenidores.<\/p>\n                  <\/div>\n                <\/div>\n              <\/div>\n            <\/div>\n          <\/div>\n        <\/div>\n      <\/div>\n    <\/div>\n  <\/div>\n<\/div>","protected":false},"excerpt":{"rendered":"<p>Avances sostenibles de Ecoquimic Hacia un futuro m\u00e1s verde en 2024 En Ecoqu\u00edmic nos enorgullece compartir nuestros objetivos en materia de sostenibilidad para este a\u00f1o y como parte de nuestro compromiso continuo con el medio ambiente y la responsabilidad corporativa, estamos implantando una serie de iniciativas destinadas a reducir nuestro impacto ambiental y promover pr\u00e1cticas [&hellip;]<\/p>\n","protected":false},"author":10,"featured_media":12671,"parent":3464,"menu_order":0,"comment_status":"closed","ping_status":"closed","template":"page-templates\/full-width-page.php","meta":{"footnotes":""},"class_list":["post-12670","page","type-page","status-publish","has-post-thumbnail","hentry"],"yoast_head":"<!-- This site is optimized with the Yoast SEO plugin v27.4 - https:\/\/yoast.com\/product\/yoast-seo-wordpress\/ -->\n<title>Avances sostenibles - Ecoquimic<\/title>\n<meta name=\"description\" content=\"Fabricaci\u00f3n de productos qu\u00edmicos, marcas blancas, productos de limpieza, automoci\u00f3n, n\u00e1utica, lavander\u00eda industrial, lavander\u00eda dom\u00e9stica, construcci\u00f3n, Canal Horeca, productos biol\u00f3gicos, ambientadores, piscina. Ecoquimic - Avances sostenibles\" \/>\n<meta name=\"robots\" content=\"index, follow, max-snippet:-1, max-image-preview:large, max-video-preview:-1\" \/>\n<link rel=\"canonical\" href=\"https:\/\/ecoquimic.com\/ca\/blog2\/avances-sostenibles\/\" \/>\n<meta property=\"og:locale\" content=\"ca_ES\" \/>\n<meta property=\"og:type\" content=\"article\" \/>\n<meta property=\"og:title\" content=\"Avances sostenibles - Ecoquimic\" \/>\n<meta property=\"og:description\" content=\"Fabricaci\u00f3n de productos qu\u00edmicos, marcas blancas, productos de limpieza, automoci\u00f3n, n\u00e1utica, lavander\u00eda industrial, lavander\u00eda dom\u00e9stica, construcci\u00f3n, Canal Horeca, productos biol\u00f3gicos, ambientadores, piscina. Ecoquimic - Avances sostenibles\" \/>\n<meta property=\"og:url\" content=\"https:\/\/ecoquimic.com\/ca\/blog2\/avances-sostenibles\/\" \/>\n<meta property=\"og:site_name\" content=\"Ecoquimic\" \/>\n<meta property=\"article:publisher\" content=\"https:\/\/www.facebook.com\/EcoquimicBalear\/\" \/>\n<meta property=\"article:modified_time\" content=\"2024-05-07T08:53:06+00:00\" \/>\n<meta property=\"og:image\" content=\"https:\/\/ecoquimic.com\/wp-content\/uploads\/2024\/04\/Captura-de-pantalla_22-4-2024_83555_ecoquimic.com_.jpeg\" \/>\n\t<meta property=\"og:image:width\" content=\"1199\" \/>\n\t<meta property=\"og:image:height\" content=\"889\" \/>\n\t<meta property=\"og:image:type\" content=\"image\/jpeg\" \/>\n<meta name=\"twitter:card\" content=\"summary_large_image\" \/>\n<meta name=\"twitter:site\" content=\"@EcoquimicBalear\" \/>\n<meta name=\"twitter:label1\" content=\"Temps estimat de lectura\" \/>\n\t<meta name=\"twitter:data1\" content=\"3 minuts\" \/>\n<script type=\"application\/ld+json\" class=\"yoast-schema-graph\">{\"@context\":\"https:\\\/\\\/schema.org\",\"@graph\":[{\"@type\":\"WebPage\",\"@id\":\"https:\\\/\\\/ecoquimic.com\\\/blog2\\\/avances-sostenibles\\\/\",\"url\":\"https:\\\/\\\/ecoquimic.com\\\/blog2\\\/avances-sostenibles\\\/\",\"name\":\"Avances sostenibles - Ecoquimic\",\"isPartOf\":{\"@id\":\"https:\\\/\\\/ecoquimic.com\\\/#website\"},\"primaryImageOfPage\":{\"@id\":\"https:\\\/\\\/ecoquimic.com\\\/blog2\\\/avances-sostenibles\\\/#primaryimage\"},\"image\":{\"@id\":\"https:\\\/\\\/ecoquimic.com\\\/blog2\\\/avances-sostenibles\\\/#primaryimage\"},\"thumbnailUrl\":\"https:\\\/\\\/ecoquimic.com\\\/wp-content\\\/uploads\\\/2024\\\/04\\\/Captura-de-pantalla_22-4-2024_83555_ecoquimic.com_.jpeg\",\"datePublished\":\"2024-04-22T06:37:36+00:00\",\"dateModified\":\"2024-05-07T08:53:06+00:00\",\"description\":\"Fabricaci\u00f3n de productos qu\u00edmicos, marcas blancas, productos de limpieza, automoci\u00f3n, n\u00e1utica, lavander\u00eda industrial, lavander\u00eda dom\u00e9stica, construcci\u00f3n, Canal Horeca, productos biol\u00f3gicos, ambientadores, piscina. Ecoquimic - Avances sostenibles\",\"breadcrumb\":{\"@id\":\"https:\\\/\\\/ecoquimic.com\\\/blog2\\\/avances-sostenibles\\\/#breadcrumb\"},\"inLanguage\":\"ca\",\"potentialAction\":[{\"@type\":\"ReadAction\",\"target\":[\"https:\\\/\\\/ecoquimic.com\\\/blog2\\\/avances-sostenibles\\\/\"]}]},{\"@type\":\"ImageObject\",\"inLanguage\":\"ca\",\"@id\":\"https:\\\/\\\/ecoquimic.com\\\/blog2\\\/avances-sostenibles\\\/#primaryimage\",\"url\":\"https:\\\/\\\/ecoquimic.com\\\/wp-content\\\/uploads\\\/2024\\\/04\\\/Captura-de-pantalla_22-4-2024_83555_ecoquimic.com_.jpeg\",\"contentUrl\":\"https:\\\/\\\/ecoquimic.com\\\/wp-content\\\/uploads\\\/2024\\\/04\\\/Captura-de-pantalla_22-4-2024_83555_ecoquimic.com_.jpeg\",\"width\":1199,\"height\":889},{\"@type\":\"BreadcrumbList\",\"@id\":\"https:\\\/\\\/ecoquimic.com\\\/blog2\\\/avances-sostenibles\\\/#breadcrumb\",\"itemListElement\":[{\"@type\":\"ListItem\",\"position\":1,\"name\":\"Portada\",\"item\":\"https:\\\/\\\/ecoquimic.com\\\/\"},{\"@type\":\"ListItem\",\"position\":2,\"name\":\"Blog\",\"item\":\"https:\\\/\\\/ecoquimic.com\\\/blog2\\\/\"},{\"@type\":\"ListItem\",\"position\":3,\"name\":\"Avances sostenibles\"}]},{\"@type\":\"WebSite\",\"@id\":\"https:\\\/\\\/ecoquimic.com\\\/#website\",\"url\":\"https:\\\/\\\/ecoquimic.com\\\/\",\"name\":\"Ecoquimic\",\"description\":\"F\u00e1brica productos qu\u00edmicos de limpieza en Mallorca, Baleares, Espa\u00f1a\",\"publisher\":{\"@id\":\"https:\\\/\\\/ecoquimic.com\\\/#organization\"},\"potentialAction\":[{\"@type\":\"SearchAction\",\"target\":{\"@type\":\"EntryPoint\",\"urlTemplate\":\"https:\\\/\\\/ecoquimic.com\\\/?s={search_term_string}\"},\"query-input\":{\"@type\":\"PropertyValueSpecification\",\"valueRequired\":true,\"valueName\":\"search_term_string\"}}],\"inLanguage\":\"ca\"},{\"@type\":\"Organization\",\"@id\":\"https:\\\/\\\/ecoquimic.com\\\/#organization\",\"name\":\"Ecoquimic\",\"url\":\"https:\\\/\\\/ecoquimic.com\\\/\",\"logo\":{\"@type\":\"ImageObject\",\"inLanguage\":\"ca\",\"@id\":\"https:\\\/\\\/ecoquimic.com\\\/#\\\/schema\\\/logo\\\/image\\\/\",\"url\":\"https:\\\/\\\/ecoquimic.com\\\/wp-content\\\/uploads\\\/2021\\\/10\\\/ecoquimic.png\",\"contentUrl\":\"https:\\\/\\\/ecoquimic.com\\\/wp-content\\\/uploads\\\/2021\\\/10\\\/ecoquimic.png\",\"width\":200,\"height\":93,\"caption\":\"Ecoquimic\"},\"image\":{\"@id\":\"https:\\\/\\\/ecoquimic.com\\\/#\\\/schema\\\/logo\\\/image\\\/\"},\"sameAs\":[\"https:\\\/\\\/www.facebook.com\\\/EcoquimicBalear\\\/\",\"https:\\\/\\\/x.com\\\/EcoquimicBalear\",\"https:\\\/\\\/www.instagram.com\\\/ecoquimic\\\/\",\"https:\\\/\\\/www.linkedin.com\\\/company\\\/ecoquimicbalear\\\/\",\"https:\\\/\\\/www.youtube.com\\\/channel\\\/UCYxjbpYf4oB7iKCsjUM1J4g\"]}]}<\/script>\n<!-- \/ Yoast SEO plugin. -->","yoast_head_json":{"title":"Avances sostenibles - Ecoquimic","description":"Fabricaci\u00f3n de productos qu\u00edmicos, marcas blancas, productos de limpieza, automoci\u00f3n, n\u00e1utica, lavander\u00eda industrial, lavander\u00eda dom\u00e9stica, construcci\u00f3n, Canal Horeca, productos biol\u00f3gicos, ambientadores, piscina. Ecoquimic - Avances sostenibles","robots":{"index":"index","follow":"follow","max-snippet":"max-snippet:-1","max-image-preview":"max-image-preview:large","max-video-preview":"max-video-preview:-1"},"canonical":"https:\/\/ecoquimic.com\/ca\/blog2\/avances-sostenibles\/","og_locale":"ca_ES","og_type":"article","og_title":"Avances sostenibles - Ecoquimic","og_description":"Fabricaci\u00f3n de productos qu\u00edmicos, marcas blancas, productos de limpieza, automoci\u00f3n, n\u00e1utica, lavander\u00eda industrial, lavander\u00eda dom\u00e9stica, construcci\u00f3n, Canal Horeca, productos biol\u00f3gicos, ambientadores, piscina. Ecoquimic - Avances sostenibles","og_url":"https:\/\/ecoquimic.com\/ca\/blog2\/avances-sostenibles\/","og_site_name":"Ecoquimic","article_publisher":"https:\/\/www.facebook.com\/EcoquimicBalear\/","article_modified_time":"2024-05-07T08:53:06+00:00","og_image":[{"width":1199,"height":889,"url":"https:\/\/ecoquimic.com\/wp-content\/uploads\/2024\/04\/Captura-de-pantalla_22-4-2024_83555_ecoquimic.com_.jpeg","type":"image\/jpeg"}],"twitter_card":"summary_large_image","twitter_site":"@EcoquimicBalear","twitter_misc":{"Temps estimat de lectura":"3 minuts"},"schema":{"@context":"https:\/\/schema.org","@graph":[{"@type":"WebPage","@id":"https:\/\/ecoquimic.com\/blog2\/avances-sostenibles\/","url":"https:\/\/ecoquimic.com\/blog2\/avances-sostenibles\/","name":"Avances sostenibles - Ecoquimic","isPartOf":{"@id":"https:\/\/ecoquimic.com\/#website"},"primaryImageOfPage":{"@id":"https:\/\/ecoquimic.com\/blog2\/avances-sostenibles\/#primaryimage"},"image":{"@id":"https:\/\/ecoquimic.com\/blog2\/avances-sostenibles\/#primaryimage"},"thumbnailUrl":"https:\/\/ecoquimic.com\/wp-content\/uploads\/2024\/04\/Captura-de-pantalla_22-4-2024_83555_ecoquimic.com_.jpeg","datePublished":"2024-04-22T06:37:36+00:00","dateModified":"2024-05-07T08:53:06+00:00","description":"Fabricaci\u00f3n de productos qu\u00edmicos, marcas blancas, productos de limpieza, automoci\u00f3n, n\u00e1utica, lavander\u00eda industrial, lavander\u00eda dom\u00e9stica, construcci\u00f3n, Canal Horeca, productos biol\u00f3gicos, ambientadores, piscina. Ecoquimic - Avances sostenibles","breadcrumb":{"@id":"https:\/\/ecoquimic.com\/blog2\/avances-sostenibles\/#breadcrumb"},"inLanguage":"ca","potentialAction":[{"@type":"ReadAction","target":["https:\/\/ecoquimic.com\/blog2\/avances-sostenibles\/"]}]},{"@type":"ImageObject","inLanguage":"ca","@id":"https:\/\/ecoquimic.com\/blog2\/avances-sostenibles\/#primaryimage","url":"https:\/\/ecoquimic.com\/wp-content\/uploads\/2024\/04\/Captura-de-pantalla_22-4-2024_83555_ecoquimic.com_.jpeg","contentUrl":"https:\/\/ecoquimic.com\/wp-content\/uploads\/2024\/04\/Captura-de-pantalla_22-4-2024_83555_ecoquimic.com_.jpeg","width":1199,"height":889},{"@type":"BreadcrumbList","@id":"https:\/\/ecoquimic.com\/blog2\/avances-sostenibles\/#breadcrumb","itemListElement":[{"@type":"ListItem","position":1,"name":"Portada","item":"https:\/\/ecoquimic.com\/"},{"@type":"ListItem","position":2,"name":"Blog","item":"https:\/\/ecoquimic.com\/blog2\/"},{"@type":"ListItem","position":3,"name":"Avances sostenibles"}]},{"@type":"WebSite","@id":"https:\/\/ecoquimic.com\/#website","url":"https:\/\/ecoquimic.com\/","name":"Ecoquimic","description":"F\u00e1brica productos qu\u00edmicos de limpieza en Mallorca, Baleares, Espa\u00f1a","publisher":{"@id":"https:\/\/ecoquimic.com\/#organization"},"potentialAction":[{"@type":"SearchAction","target":{"@type":"EntryPoint","urlTemplate":"https:\/\/ecoquimic.com\/?s={search_term_string}"},"query-input":{"@type":"PropertyValueSpecification","valueRequired":true,"valueName":"search_term_string"}}],"inLanguage":"ca"},{"@type":"Organization","@id":"https:\/\/ecoquimic.com\/#organization","name":"Ecoquimic","url":"https:\/\/ecoquimic.com\/","logo":{"@type":"ImageObject","inLanguage":"ca","@id":"https:\/\/ecoquimic.com\/#\/schema\/logo\/image\/","url":"https:\/\/ecoquimic.com\/wp-content\/uploads\/2021\/10\/ecoquimic.png","contentUrl":"https:\/\/ecoquimic.com\/wp-content\/uploads\/2021\/10\/ecoquimic.png","width":200,"height":93,"caption":"Ecoquimic"},"image":{"@id":"https:\/\/ecoquimic.com\/#\/schema\/logo\/image\/"},"sameAs":["https:\/\/www.facebook.com\/EcoquimicBalear\/","https:\/\/x.com\/EcoquimicBalear","https:\/\/www.instagram.com\/ecoquimic\/","https:\/\/www.linkedin.com\/company\/ecoquimicbalear\/","https:\/\/www.youtube.com\/channel\/UCYxjbpYf4oB7iKCsjUM1J4g"]}]}},"_links":{"self":[{"href":"https:\/\/ecoquimic.com\/ca\/wp-json\/wp\/v2\/pages\/12670","targetHints":{"allow":["GET"]}}],"collection":[{"href":"https:\/\/ecoquimic.com\/ca\/wp-json\/wp\/v2\/pages"}],"about":[{"href":"https:\/\/ecoquimic.com\/ca\/wp-json\/wp\/v2\/types\/page"}],"author":[{"embeddable":true,"href":"https:\/\/ecoquimic.com\/ca\/wp-json\/wp\/v2\/users\/10"}],"replies":[{"embeddable":true,"href":"https:\/\/ecoquimic.com\/ca\/wp-json\/wp\/v2\/comments?post=12670"}],"version-history":[{"count":4,"href":"https:\/\/ecoquimic.com\/ca\/wp-json\/wp\/v2\/pages\/12670\/revisions"}],"predecessor-version":[{"id":14309,"href":"https:\/\/ecoquimic.com\/ca\/wp-json\/wp\/v2\/pages\/12670\/revisions\/14309"}],"up":[{"embeddable":true,"href":"https:\/\/ecoquimic.com\/ca\/wp-json\/wp\/v2\/pages\/3464"}],"wp:featuredmedia":[{"embeddable":true,"href":"https:\/\/ecoquimic.com\/ca\/wp-json\/wp\/v2\/media\/12671"}],"wp:attachment":[{"href":"https:\/\/ecoquimic.com\/ca\/wp-json\/wp\/v2\/media?parent=12670"}],"curies":[{"name":"wp","href":"https:\/\/api.w.org\/{rel}","templated":true}]}}