{"id":12641,"date":"2024-04-22T05:27:19","date_gmt":"2024-04-22T05:27:19","guid":{"rendered":"https:\/\/ecoquimic.com\/?page_id=12641"},"modified":"2024-05-07T08:51:25","modified_gmt":"2024-05-07T08:51:25","slug":"detergencia","status":"publish","type":"page","link":"https:\/\/ecoquimic.com\/ca\/blog2\/detergencia\/","title":{"rendered":"Detergencia"},"content":{"rendered":"<div data-colibri-id=\"12641-c1\" class=\"style-8227 style-local-12641-c1 position-relative\">\n  <!---->\n  <div data-colibri-component=\"section\" data-colibri-id=\"12641-c2\" id=\"custom\" class=\"h-section h-section-global-spacing d-flex align-items-lg-center align-items-md-center align-items-center style-8228 style-local-12641-c2 position-relative\">\n    <!---->\n    <!---->\n    <div class=\"h-section-grid-container h-section-boxed-container\">\n      <!---->\n      <div data-colibri-id=\"12641-c3\" class=\"h-row-container gutters-row-lg-2 gutters-row-md-2 gutters-row-0 gutters-row-v-lg-2 gutters-row-v-md-2 gutters-row-v-2 style-8260 style-local-12641-c3 position-relative\">\n        <!---->\n        <div class=\"h-row justify-content-lg-center justify-content-md-center justify-content-center align-items-lg-stretch align-items-md-stretch align-items-stretch gutters-col-lg-2 gutters-col-md-2 gutters-col-0 gutters-col-v-lg-2 gutters-col-v-md-2 gutters-col-v-2\">\n          <!---->\n          <div class=\"h-column h-column-container d-flex h-col-lg-auto h-col-md-auto h-col-auto style-8261-outer style-local-12641-c4-outer\">\n            <div data-colibri-id=\"12641-c4\" class=\"d-flex h-flex-basis h-column__inner h-px-lg-2 h-px-md-2 h-px-2 v-inner-lg-2 v-inner-md-2 v-inner-2 style-8261 style-local-12641-c4 position-relative\">\n              <!---->\n              <!---->\n              <div class=\"w-100 h-y-container h-column__content h-column__v-align flex-basis-100 align-self-lg-start align-self-md-start align-self-start\">\n                <!---->\n                <div data-colibri-id=\"12641-c5\" class=\"h-global-transition-all h-heading style-8231 style-local-12641-c5 position-relative h-element\">\n                  <!---->\n                  <div class=\"h-heading__outer style-8231 style-local-12641-c5\">\n                    <!---->\n                    <!---->\n                    <h3 class=\"\">La Deterg\u00e8ncia<\/h3>\n                  <\/div>\n                <\/div>\n                <div data-colibri-id=\"12641-c6\" class=\"h-text h-text-component style-8233 style-local-12641-c6 position-relative h-element\">\n                  <!---->\n                  <!---->\n                  <div class=\"\">\n                    <p>La definici\u00f3 de deterg\u00e8ncia fa refer\u00e8ncia al proc\u00e9s de neteja i extracci\u00f3 de brut\u00edcia de superf\u00edcies, habitualment associat a la rentada de roba mitjan\u00e7ant detergents, suavitzants i qualsevol altre tipus de producte dedicat a l'eliminaci\u00f3\nde taques.<\/p>\n                  <\/div>\n                <\/div>\n                <div data-colibri-id=\"12641-c7\" class=\"h-global-transition-all h-heading style-8235 style-local-12641-c7 position-relative h-element\">\n                  <!---->\n                  <div class=\"h-heading__outer style-8235 style-local-12641-c7\">\n                    <!---->\n                    <!---->\n                    <h2 class=\"\">Principals components<\/h2>\n                  <\/div>\n                <\/div>\n                <div data-colibri-id=\"12641-c8\" class=\"h-text h-text-component style-8236 style-local-12641-c8 position-relative h-element\">\n                  <!---->\n                  <!---->\n                  <div class=\"\">\n                    <p>Com el seu propi nom indica, el principal component en la rentada de roba \u00e9s el detergent. Aquest producte \u00e9s l'encarregat d'eliminar les taques i restes de brut\u00edcia presents sobre la roba, gr\u00e0cies als tensioactius, ingredients que precisament tenen la capacitat d'arrencar la brut\u00edcia dels t\u00e8xtils i eliminar-la mitjan\u00e7ant l'aigua de rentada.<\/p>\n                    <p>Avui dia els detergents moderns tamb\u00e9 incorporen, entre altres productes, agents anti-redeposici\u00f3, per a evitar que durant la rentada la brut\u00edcia es torni a incrustar, i segrestants, per a combatre la duresa de l'aigua. Tamb\u00e9 \u00e9s el producte encarregat de regular el pH, ja que alts nivells de pH faciliten l'eliminaci\u00f3 de greixos.<\/p>\n                    <p>Un altre producte indispensable \u00e9s el suavitzant, que li atorga a la roba el tacte suau i aroma a net una vegada traiem la pe\u00e7a de la rentadora.<\/p>\n                    <p>Finalment, l'\u00faltim producte necessari per a una rentada completa \u00e9s el blanquejant, perqu\u00e8 les peces blanques recuperin el seu color original i presentin un aspecte impecable.<\/p>\n                  <\/div>\n                <\/div>\n                <div data-colibri-id=\"12641-c9\" class=\"h-global-transition-all h-heading style-8235 style-local-12641-c9 position-relative h-element\">\n                  <!---->\n                  <div class=\"h-heading__outer style-8235 style-local-12641-c9\">\n                    <!---->\n                    <!---->\n                    <h2 class=\"\">Impacte ambiental de la deterg\u00e8ncia<\/h2>\n                  <\/div>\n                <\/div>\n                <div data-colibri-id=\"12641-c10\" class=\"h-text h-text-component style-8238 style-local-12641-c10 position-relative h-element\">\n                  <!---->\n                  <!---->\n                  <div class=\"\">\n                    <p>Per a valorar l'impacte ambiental cal tenir en compte tres factors:<\/p>\n                    <ul>\n                      <li>Productes qu\u00edmic: Una vegada finalitzat la rentada de l'aigua utilitzada marxa pel desgu\u00e0s, i amb ella, tots els productes qu\u00edmics utilitzats.<\/li>\n                      <li>L'acumulaci\u00f3 d'aquests productes qu\u00edmics en el medi ambient pot causar efectes adversos a llarg termini, per la qual cosa \u00e9s important que els ingredients utilitzats per a la seva fabricaci\u00f3 siguin el menys agressius possible amb el nostre entorn.<\/li>\n                      <li>Quant a l'energia, durant la rentada es produeix d'una banda un consum d'aigua i per una altra un consum d'electricitat, utilitzada e els equips, rentadores i\/o t\u00fanels de rentada i per a adoptar temperatura a la rentada.<\/li>\n                    <\/ul>\n                  <\/div>\n                <\/div>\n                <div data-colibri-id=\"12641-c11\" class=\"h-text h-text-component style-8239 style-local-12641-c11 position-relative h-element\">\n                  <!---->\n                  <!---->\n                  <div class=\"\">\n                    <p>A Ecoquimic sabem l'important que \u00e9s actuar sobre aquests dos factors per a aconseguir reduir el m\u00e0xim possible el nostre impacte ambiental, treballant sempre amb els ingredients m\u00e9s ecol\u00f2gics i optimitzant els processos de rentada per a utilitzar el m\u00ednim d'aigua i la temperatura m\u00e9s baixa possible.<\/p>\n                  <\/div>\n                <\/div>\n              <\/div>\n            <\/div>\n          <\/div>\n        <\/div>\n      <\/div>\n    <\/div>\n  <\/div>\n<\/div>","protected":false},"excerpt":{"rendered":"<p>La Detergencia La definici\u00f3n de detergencia hace referencia al proceso de limpieza y extracci\u00f3n de suciedad de superficies, habitualmente asociado al lavado de ropa mediante detergentes, suavizantes y cualquier otro tipo de producto dedicado a la eliminaci\u00f3n de manchas. Principales componentes Como su propio nombre indica, el principal componente en el lavado de ropa es [&hellip;]<\/p>\n","protected":false},"author":10,"featured_media":4243,"parent":3464,"menu_order":0,"comment_status":"closed","ping_status":"closed","template":"page-templates\/full-width-page.php","meta":{"footnotes":""},"class_list":["post-12641","page","type-page","status-publish","has-post-thumbnail","hentry"],"yoast_head":"<!-- This site is optimized with the Yoast SEO plugin v27.4 - https:\/\/yoast.com\/product\/yoast-seo-wordpress\/ -->\n<title>Detergencia - Ecoquimic<\/title>\n<meta name=\"description\" content=\"Fabricaci\u00f3n de productos qu\u00edmicos, marcas blancas, productos de limpieza, automoci\u00f3n, n\u00e1utica, lavander\u00eda industrial, lavander\u00eda dom\u00e9stica, construcci\u00f3n, Canal Horeca, productos biol\u00f3gicos, ambientadores, piscina. Ecoquimic - Detergencia\" \/>\n<meta name=\"robots\" content=\"index, follow, max-snippet:-1, max-image-preview:large, max-video-preview:-1\" \/>\n<link rel=\"canonical\" href=\"https:\/\/ecoquimic.com\/ca\/blog2\/detergencia\/\" \/>\n<meta property=\"og:locale\" content=\"ca_ES\" \/>\n<meta property=\"og:type\" content=\"article\" \/>\n<meta property=\"og:title\" content=\"Detergencia - Ecoquimic\" \/>\n<meta property=\"og:description\" content=\"Fabricaci\u00f3n de productos qu\u00edmicos, marcas blancas, productos de limpieza, automoci\u00f3n, n\u00e1utica, lavander\u00eda industrial, lavander\u00eda dom\u00e9stica, construcci\u00f3n, Canal Horeca, productos biol\u00f3gicos, ambientadores, piscina. Ecoquimic - Detergencia\" \/>\n<meta property=\"og:url\" content=\"https:\/\/ecoquimic.com\/ca\/blog2\/detergencia\/\" \/>\n<meta property=\"og:site_name\" content=\"Ecoquimic\" \/>\n<meta property=\"article:publisher\" content=\"https:\/\/www.facebook.com\/EcoquimicBalear\/\" \/>\n<meta property=\"article:modified_time\" content=\"2024-05-07T08:51:25+00:00\" \/>\n<meta property=\"og:image\" content=\"https:\/\/ecoquimic.com\/wp-content\/uploads\/2022\/04\/toallas.jpg\" \/>\n\t<meta property=\"og:image:width\" content=\"1300\" \/>\n\t<meta property=\"og:image:height\" content=\"668\" \/>\n\t<meta property=\"og:image:type\" content=\"image\/jpeg\" \/>\n<meta name=\"twitter:card\" content=\"summary_large_image\" \/>\n<meta name=\"twitter:site\" content=\"@EcoquimicBalear\" \/>\n<meta name=\"twitter:label1\" content=\"Temps estimat de lectura\" \/>\n\t<meta name=\"twitter:data1\" content=\"3 minuts\" \/>\n<script type=\"application\/ld+json\" class=\"yoast-schema-graph\">{\"@context\":\"https:\\\/\\\/schema.org\",\"@graph\":[{\"@type\":\"WebPage\",\"@id\":\"https:\\\/\\\/ecoquimic.com\\\/blog2\\\/detergencia\\\/\",\"url\":\"https:\\\/\\\/ecoquimic.com\\\/blog2\\\/detergencia\\\/\",\"name\":\"Detergencia - Ecoquimic\",\"isPartOf\":{\"@id\":\"https:\\\/\\\/ecoquimic.com\\\/#website\"},\"primaryImageOfPage\":{\"@id\":\"https:\\\/\\\/ecoquimic.com\\\/blog2\\\/detergencia\\\/#primaryimage\"},\"image\":{\"@id\":\"https:\\\/\\\/ecoquimic.com\\\/blog2\\\/detergencia\\\/#primaryimage\"},\"thumbnailUrl\":\"https:\\\/\\\/ecoquimic.com\\\/wp-content\\\/uploads\\\/2022\\\/04\\\/toallas.jpg\",\"datePublished\":\"2024-04-22T05:27:19+00:00\",\"dateModified\":\"2024-05-07T08:51:25+00:00\",\"description\":\"Fabricaci\u00f3n de productos qu\u00edmicos, marcas blancas, productos de limpieza, automoci\u00f3n, n\u00e1utica, lavander\u00eda industrial, lavander\u00eda dom\u00e9stica, construcci\u00f3n, Canal Horeca, productos biol\u00f3gicos, ambientadores, piscina. Ecoquimic - Detergencia\",\"breadcrumb\":{\"@id\":\"https:\\\/\\\/ecoquimic.com\\\/blog2\\\/detergencia\\\/#breadcrumb\"},\"inLanguage\":\"ca\",\"potentialAction\":[{\"@type\":\"ReadAction\",\"target\":[\"https:\\\/\\\/ecoquimic.com\\\/blog2\\\/detergencia\\\/\"]}]},{\"@type\":\"ImageObject\",\"inLanguage\":\"ca\",\"@id\":\"https:\\\/\\\/ecoquimic.com\\\/blog2\\\/detergencia\\\/#primaryimage\",\"url\":\"https:\\\/\\\/ecoquimic.com\\\/wp-content\\\/uploads\\\/2022\\\/04\\\/toallas.jpg\",\"contentUrl\":\"https:\\\/\\\/ecoquimic.com\\\/wp-content\\\/uploads\\\/2022\\\/04\\\/toallas.jpg\",\"width\":1300,\"height\":668,\"caption\":\"Telas\"},{\"@type\":\"BreadcrumbList\",\"@id\":\"https:\\\/\\\/ecoquimic.com\\\/blog2\\\/detergencia\\\/#breadcrumb\",\"itemListElement\":[{\"@type\":\"ListItem\",\"position\":1,\"name\":\"Portada\",\"item\":\"https:\\\/\\\/ecoquimic.com\\\/\"},{\"@type\":\"ListItem\",\"position\":2,\"name\":\"Blog\",\"item\":\"https:\\\/\\\/ecoquimic.com\\\/blog2\\\/\"},{\"@type\":\"ListItem\",\"position\":3,\"name\":\"Detergencia\"}]},{\"@type\":\"WebSite\",\"@id\":\"https:\\\/\\\/ecoquimic.com\\\/#website\",\"url\":\"https:\\\/\\\/ecoquimic.com\\\/\",\"name\":\"Ecoquimic\",\"description\":\"F\u00e1brica productos qu\u00edmicos de limpieza en Mallorca, Baleares, Espa\u00f1a\",\"publisher\":{\"@id\":\"https:\\\/\\\/ecoquimic.com\\\/#organization\"},\"potentialAction\":[{\"@type\":\"SearchAction\",\"target\":{\"@type\":\"EntryPoint\",\"urlTemplate\":\"https:\\\/\\\/ecoquimic.com\\\/?s={search_term_string}\"},\"query-input\":{\"@type\":\"PropertyValueSpecification\",\"valueRequired\":true,\"valueName\":\"search_term_string\"}}],\"inLanguage\":\"ca\"},{\"@type\":\"Organization\",\"@id\":\"https:\\\/\\\/ecoquimic.com\\\/#organization\",\"name\":\"Ecoquimic\",\"url\":\"https:\\\/\\\/ecoquimic.com\\\/\",\"logo\":{\"@type\":\"ImageObject\",\"inLanguage\":\"ca\",\"@id\":\"https:\\\/\\\/ecoquimic.com\\\/#\\\/schema\\\/logo\\\/image\\\/\",\"url\":\"https:\\\/\\\/ecoquimic.com\\\/wp-content\\\/uploads\\\/2021\\\/10\\\/ecoquimic.png\",\"contentUrl\":\"https:\\\/\\\/ecoquimic.com\\\/wp-content\\\/uploads\\\/2021\\\/10\\\/ecoquimic.png\",\"width\":200,\"height\":93,\"caption\":\"Ecoquimic\"},\"image\":{\"@id\":\"https:\\\/\\\/ecoquimic.com\\\/#\\\/schema\\\/logo\\\/image\\\/\"},\"sameAs\":[\"https:\\\/\\\/www.facebook.com\\\/EcoquimicBalear\\\/\",\"https:\\\/\\\/x.com\\\/EcoquimicBalear\",\"https:\\\/\\\/www.instagram.com\\\/ecoquimic\\\/\",\"https:\\\/\\\/www.linkedin.com\\\/company\\\/ecoquimicbalear\\\/\",\"https:\\\/\\\/www.youtube.com\\\/channel\\\/UCYxjbpYf4oB7iKCsjUM1J4g\"]}]}<\/script>\n<!-- \/ Yoast SEO plugin. -->","yoast_head_json":{"title":"Detergencia - Ecoquimic","description":"Fabricaci\u00f3n de productos qu\u00edmicos, marcas blancas, productos de limpieza, automoci\u00f3n, n\u00e1utica, lavander\u00eda industrial, lavander\u00eda dom\u00e9stica, construcci\u00f3n, Canal Horeca, productos biol\u00f3gicos, ambientadores, piscina. Ecoquimic - Detergencia","robots":{"index":"index","follow":"follow","max-snippet":"max-snippet:-1","max-image-preview":"max-image-preview:large","max-video-preview":"max-video-preview:-1"},"canonical":"https:\/\/ecoquimic.com\/ca\/blog2\/detergencia\/","og_locale":"ca_ES","og_type":"article","og_title":"Detergencia - Ecoquimic","og_description":"Fabricaci\u00f3n de productos qu\u00edmicos, marcas blancas, productos de limpieza, automoci\u00f3n, n\u00e1utica, lavander\u00eda industrial, lavander\u00eda dom\u00e9stica, construcci\u00f3n, Canal Horeca, productos biol\u00f3gicos, ambientadores, piscina. Ecoquimic - Detergencia","og_url":"https:\/\/ecoquimic.com\/ca\/blog2\/detergencia\/","og_site_name":"Ecoquimic","article_publisher":"https:\/\/www.facebook.com\/EcoquimicBalear\/","article_modified_time":"2024-05-07T08:51:25+00:00","og_image":[{"width":1300,"height":668,"url":"https:\/\/ecoquimic.com\/wp-content\/uploads\/2022\/04\/toallas.jpg","type":"image\/jpeg"}],"twitter_card":"summary_large_image","twitter_site":"@EcoquimicBalear","twitter_misc":{"Temps estimat de lectura":"3 minuts"},"schema":{"@context":"https:\/\/schema.org","@graph":[{"@type":"WebPage","@id":"https:\/\/ecoquimic.com\/blog2\/detergencia\/","url":"https:\/\/ecoquimic.com\/blog2\/detergencia\/","name":"Detergencia - Ecoquimic","isPartOf":{"@id":"https:\/\/ecoquimic.com\/#website"},"primaryImageOfPage":{"@id":"https:\/\/ecoquimic.com\/blog2\/detergencia\/#primaryimage"},"image":{"@id":"https:\/\/ecoquimic.com\/blog2\/detergencia\/#primaryimage"},"thumbnailUrl":"https:\/\/ecoquimic.com\/wp-content\/uploads\/2022\/04\/toallas.jpg","datePublished":"2024-04-22T05:27:19+00:00","dateModified":"2024-05-07T08:51:25+00:00","description":"Fabricaci\u00f3n de productos qu\u00edmicos, marcas blancas, productos de limpieza, automoci\u00f3n, n\u00e1utica, lavander\u00eda industrial, lavander\u00eda dom\u00e9stica, construcci\u00f3n, Canal Horeca, productos biol\u00f3gicos, ambientadores, piscina. Ecoquimic - Detergencia","breadcrumb":{"@id":"https:\/\/ecoquimic.com\/blog2\/detergencia\/#breadcrumb"},"inLanguage":"ca","potentialAction":[{"@type":"ReadAction","target":["https:\/\/ecoquimic.com\/blog2\/detergencia\/"]}]},{"@type":"ImageObject","inLanguage":"ca","@id":"https:\/\/ecoquimic.com\/blog2\/detergencia\/#primaryimage","url":"https:\/\/ecoquimic.com\/wp-content\/uploads\/2022\/04\/toallas.jpg","contentUrl":"https:\/\/ecoquimic.com\/wp-content\/uploads\/2022\/04\/toallas.jpg","width":1300,"height":668,"caption":"Telas"},{"@type":"BreadcrumbList","@id":"https:\/\/ecoquimic.com\/blog2\/detergencia\/#breadcrumb","itemListElement":[{"@type":"ListItem","position":1,"name":"Portada","item":"https:\/\/ecoquimic.com\/"},{"@type":"ListItem","position":2,"name":"Blog","item":"https:\/\/ecoquimic.com\/blog2\/"},{"@type":"ListItem","position":3,"name":"Detergencia"}]},{"@type":"WebSite","@id":"https:\/\/ecoquimic.com\/#website","url":"https:\/\/ecoquimic.com\/","name":"Ecoquimic","description":"F\u00e1brica productos qu\u00edmicos de limpieza en Mallorca, Baleares, Espa\u00f1a","publisher":{"@id":"https:\/\/ecoquimic.com\/#organization"},"potentialAction":[{"@type":"SearchAction","target":{"@type":"EntryPoint","urlTemplate":"https:\/\/ecoquimic.com\/?s={search_term_string}"},"query-input":{"@type":"PropertyValueSpecification","valueRequired":true,"valueName":"search_term_string"}}],"inLanguage":"ca"},{"@type":"Organization","@id":"https:\/\/ecoquimic.com\/#organization","name":"Ecoquimic","url":"https:\/\/ecoquimic.com\/","logo":{"@type":"ImageObject","inLanguage":"ca","@id":"https:\/\/ecoquimic.com\/#\/schema\/logo\/image\/","url":"https:\/\/ecoquimic.com\/wp-content\/uploads\/2021\/10\/ecoquimic.png","contentUrl":"https:\/\/ecoquimic.com\/wp-content\/uploads\/2021\/10\/ecoquimic.png","width":200,"height":93,"caption":"Ecoquimic"},"image":{"@id":"https:\/\/ecoquimic.com\/#\/schema\/logo\/image\/"},"sameAs":["https:\/\/www.facebook.com\/EcoquimicBalear\/","https:\/\/x.com\/EcoquimicBalear","https:\/\/www.instagram.com\/ecoquimic\/","https:\/\/www.linkedin.com\/company\/ecoquimicbalear\/","https:\/\/www.youtube.com\/channel\/UCYxjbpYf4oB7iKCsjUM1J4g"]}]}},"_links":{"self":[{"href":"https:\/\/ecoquimic.com\/ca\/wp-json\/wp\/v2\/pages\/12641","targetHints":{"allow":["GET"]}}],"collection":[{"href":"https:\/\/ecoquimic.com\/ca\/wp-json\/wp\/v2\/pages"}],"about":[{"href":"https:\/\/ecoquimic.com\/ca\/wp-json\/wp\/v2\/types\/page"}],"author":[{"embeddable":true,"href":"https:\/\/ecoquimic.com\/ca\/wp-json\/wp\/v2\/users\/10"}],"replies":[{"embeddable":true,"href":"https:\/\/ecoquimic.com\/ca\/wp-json\/wp\/v2\/comments?post=12641"}],"version-history":[{"count":4,"href":"https:\/\/ecoquimic.com\/ca\/wp-json\/wp\/v2\/pages\/12641\/revisions"}],"predecessor-version":[{"id":14288,"href":"https:\/\/ecoquimic.com\/ca\/wp-json\/wp\/v2\/pages\/12641\/revisions\/14288"}],"up":[{"embeddable":true,"href":"https:\/\/ecoquimic.com\/ca\/wp-json\/wp\/v2\/pages\/3464"}],"wp:featuredmedia":[{"embeddable":true,"href":"https:\/\/ecoquimic.com\/ca\/wp-json\/wp\/v2\/media\/4243"}],"wp:attachment":[{"href":"https:\/\/ecoquimic.com\/ca\/wp-json\/wp\/v2\/media?parent=12641"}],"curies":[{"name":"wp","href":"https:\/\/api.w.org\/{rel}","templated":true}]}}