{"id":12527,"date":"2024-04-17T11:19:21","date_gmt":"2024-04-17T11:19:21","guid":{"rendered":"https:\/\/ecoquimic.com\/?page_id=12527"},"modified":"2024-05-07T08:50:26","modified_gmt":"2024-05-07T08:50:26","slug":"los-anticongelantes","status":"publish","type":"page","link":"https:\/\/ecoquimic.com\/ca\/blog2\/los-anticongelantes\/","title":{"rendered":"Els anticongelants"},"content":{"rendered":"<div data-colibri-id=\"12527-c1\" class=\"style-8148 style-local-12527-c1 position-relative\">\n  <!---->\n  <div data-colibri-component=\"section\" data-colibri-id=\"12527-c2\" id=\"custom\" class=\"h-section h-section-global-spacing d-flex align-items-lg-center align-items-md-center align-items-center style-8149 style-local-12527-c2 position-relative\">\n    <!---->\n    <!---->\n    <div class=\"h-section-grid-container h-section-boxed-container\">\n      <!---->\n      <div data-colibri-id=\"12527-c3\" class=\"h-row-container gutters-row-lg-2 gutters-row-md-2 gutters-row-0 gutters-row-v-lg-2 gutters-row-v-md-2 gutters-row-v-2 style-8150 style-local-12527-c3 position-relative\">\n        <!---->\n        <div class=\"h-row justify-content-lg-center justify-content-md-center justify-content-center align-items-lg-stretch align-items-md-stretch align-items-stretch gutters-col-lg-2 gutters-col-md-2 gutters-col-0 gutters-col-v-lg-2 gutters-col-v-md-2 gutters-col-v-2\">\n          <!---->\n          <div class=\"h-column h-column-container d-flex h-col-lg-auto h-col-md-auto h-col-auto style-8151-outer style-local-12527-c4-outer\">\n            <div data-colibri-id=\"12527-c4\" class=\"d-flex h-flex-basis h-column__inner h-px-lg-2 h-px-md-2 h-px-2 v-inner-lg-2 v-inner-md-2 v-inner-2 style-8151 style-local-12527-c4 position-relative\">\n              <!---->\n              <!---->\n              <div class=\"w-100 h-y-container h-column__content h-column__v-align flex-basis-100 align-self-lg-start align-self-md-start align-self-start\">\n                <!---->\n                <div data-colibri-id=\"12527-c5\" class=\"h-global-transition-all h-heading style-8152 style-local-12527-c5 position-relative h-element\">\n                  <!---->\n                  <div class=\"h-heading__outer style-8152 style-local-12527-c5\">\n                    <!---->\n                    <!---->\n                    <h1 class=\"\">Els anticongelants<\/h1>\n                  <\/div>\n                <\/div>\n                <div data-colibri-id=\"12527-c6\" class=\"h-global-transition-all h-heading style-8153 style-local-12527-c6 position-relative h-element\">\n                  <!---->\n                  <div class=\"h-heading__outer style-8153 style-local-12527-c6\">\n                    <!---->\n                    <!---->\n                    <h2 class=\"\">Qu\u00e8 s\u00f3n els anticongelants?<\/h2>\n                  <\/div>\n                <\/div>\n                <div data-colibri-id=\"12527-c7\" class=\"h-text h-text-component style-8154 style-local-12527-c7 position-relative h-element\">\n                  <!---->\n                  <!---->\n                  <div class=\"\">\n                    <p>El l\u00edquid anticongelant \u00e9s un element indispensable del sistema de refrigeraci\u00f3 dels vehicles que ajuda a mantenir la temperatura del motor i evita el seu escalfament excessiu.<\/p>\n                    <p>A m\u00e9s, altres funcions menys conegudes s\u00f3n evitar la corrosi\u00f3 del sistema de refrigeraci\u00f3, prevenint possibles avaries i com a fluid de detecci\u00f3 de fugides ja que els seus colors brillants i intensos permeten detectar amb facilitat vessaments l\u00edquids.<\/p>\n                  <\/div>\n                <\/div>\n                <div data-colibri-id=\"12527-c8\" class=\"h-global-transition-all h-heading style-8153 style-local-12527-c8 position-relative h-element\">\n                  <!---->\n                  <div class=\"h-heading__outer style-8153 style-local-12527-c8\">\n                    <!---->\n                    <!---->\n                    <h2 class=\"\">Composici\u00f3 dels anticongelants<\/h2>\n                  <\/div>\n                <\/div>\n                <div data-colibri-id=\"12527-c9\" class=\"h-text h-text-component style-8158 style-local-12527-c9 position-relative h-element\">\n                  <!---->\n                  <!---->\n                  <div class=\"\">\n                    <p>La base de la gran majoria d'anticongelants en el mercat s\u00f3n els etilenglicols, compostos que redueixen la temperatura de congelaci\u00f3 i augmenten la d'ebullici\u00f3.<\/p>\n                    <p>Concretament el producte m\u00e9s utilitzat \u00e9s el monoetilenglicol.<\/p>\n                    <p>D'aquesta manera, es pot dividir la composici\u00f3 d'un anticongelant en tres elements principals: <span style=\"font-weight: 500;\">agua, monoetilenglicol y aditivos.<\/span><\/p>\n                    <p>La mescla d'aigua i monoetilenglicol constitueix la base activa d'aquest producte, i s\u00f3n les subst\u00e0ncies encarregades del control de la temperatura, oferint protecci\u00f3 tant a les temperatures baixes com a les altes.<\/p>\n                    <p>La protecci\u00f3 oferta dep\u00e8n de la concentraci\u00f3 de monoetilenglicol del producte, tolerant temperatures m\u00e9s extremes a majors concentracions.<\/p>\n                    <p>Habitualment en el mercat es poden trobar anticongelants amb concentracions entre un 10% i un 50%.<\/p>\n                    <p>Els additius es divideixen en dues categories, org\u00e0nics i inorg\u00e0nics, sent els primers els mes utilitzats, ja que ofereixen major estabilitat al llarg del temps i, a m\u00e9s s\u00f3n biodegradables.<\/p>\n                    <p>Principalment, ofereixen protecci\u00f3 contra la corrosi\u00f3 en el circuit del motor, per\u00f2 tamb\u00e9 li aporten moltes altres propietats com un efecte anti-espumant, control del pH, color, conservants...&nbsp;<\/p>\n                  <\/div>\n                <\/div>\n                <div data-colibri-id=\"12527-c10\" class=\"h-global-transition-all h-heading style-8153 style-local-12527-c10 position-relative h-element\">\n                  <!---->\n                  <div class=\"h-heading__outer style-8153 style-local-12527-c10\">\n                    <!---->\n                    <!---->\n                    <h2 class=\"\">Consells per al seu \u00fas<\/h2>\n                  <\/div>\n                <\/div>\n                <div data-colibri-id=\"12527-c11\" class=\"h-text h-text-component style-8160 style-local-12527-c11 position-relative h-element\">\n                  <!---->\n                  <!---->\n                  <div class=\"\">\n                    <ul>\n                      <li>Canviar l'anticongelant peri\u00f2dicament en funci\u00f3 de cada vehicle<\/li>\n                      <li>En casos generals es recomana canviar-ho cada 40.000 Km o dos anys, ja que amb l'\u00fas, el producte va perdent les seves propietats<\/li>\n                      <li>S'hauria d'evitar la mescla de diferents productes o marques, sempre \u00e9s preferible que es buidi completament el circuit abans d'afegir producte nou<\/li>\n                      <li>No s'ha d'afegir aigua ni diluir el producte tret que el fabricant l'indiqui<\/li>\n                      <li>La majoria de productes venen preparats directament per al seu \u00fas i qualsevol alteraci\u00f3 pot afectar les propietats esperades<\/li>\n                    <\/ul>\n                  <\/div>\n                <\/div>\n              <\/div>\n            <\/div>\n          <\/div>\n        <\/div>\n      <\/div>\n    <\/div>\n  <\/div>\n<\/div>","protected":false},"excerpt":{"rendered":"<p>Los anticongelantes \u00bfQu\u00e9 son los anticongelantes? El l\u00edquido anticongelante es un elemento indispensable del sistema de refrigeraci\u00f3n de los veh\u00edculos que ayuda a mantener la temperatura del motor y evita su calentamiento excesivo. Adem\u00e1s, otras funciones menos conocidas son evitar la corrosi\u00f3n del sistema de refrigeraci\u00f3n, previniendo posibles aver\u00edas y como fluido de detecci\u00f3n de [&hellip;]<\/p>\n","protected":false},"author":10,"featured_media":3727,"parent":3464,"menu_order":0,"comment_status":"closed","ping_status":"closed","template":"page-templates\/full-width-page.php","meta":{"footnotes":""},"class_list":["post-12527","page","type-page","status-publish","has-post-thumbnail","hentry"],"yoast_head":"<!-- This site is optimized with the Yoast SEO plugin v27.4 - https:\/\/yoast.com\/product\/yoast-seo-wordpress\/ -->\n<title>Los anticongelantes - Ecoquimic<\/title>\n<meta name=\"description\" content=\"Fabricaci\u00f3n de productos qu\u00edmicos, marcas blancas, productos de limpieza, automoci\u00f3n, n\u00e1utica, lavander\u00eda industrial, lavander\u00eda dom\u00e9stica, construcci\u00f3n, Canal Horeca, productos biol\u00f3gicos, ambientadores, piscina. Ecoquimic - Los anticongelantes\" \/>\n<meta name=\"robots\" content=\"index, follow, max-snippet:-1, max-image-preview:large, max-video-preview:-1\" \/>\n<link rel=\"canonical\" href=\"https:\/\/ecoquimic.com\/ca\/blog2\/los-anticongelantes\/\" \/>\n<meta property=\"og:locale\" content=\"ca_ES\" \/>\n<meta property=\"og:type\" content=\"article\" \/>\n<meta property=\"og:title\" content=\"Los anticongelantes - Ecoquimic\" \/>\n<meta property=\"og:description\" content=\"Fabricaci\u00f3n de productos qu\u00edmicos, marcas blancas, productos de limpieza, automoci\u00f3n, n\u00e1utica, lavander\u00eda industrial, lavander\u00eda dom\u00e9stica, construcci\u00f3n, Canal Horeca, productos biol\u00f3gicos, ambientadores, piscina. Ecoquimic - Los anticongelantes\" \/>\n<meta property=\"og:url\" content=\"https:\/\/ecoquimic.com\/ca\/blog2\/los-anticongelantes\/\" \/>\n<meta property=\"og:site_name\" content=\"Ecoquimic\" \/>\n<meta property=\"article:publisher\" content=\"https:\/\/www.facebook.com\/EcoquimicBalear\/\" \/>\n<meta property=\"article:modified_time\" content=\"2024-05-07T08:50:26+00:00\" \/>\n<meta property=\"og:image\" content=\"https:\/\/ecoquimic.com\/wp-content\/uploads\/2022\/03\/anticongelante-01-800x400-1.jpg\" \/>\n\t<meta property=\"og:image:width\" content=\"800\" \/>\n\t<meta property=\"og:image:height\" content=\"400\" \/>\n\t<meta property=\"og:image:type\" content=\"image\/jpeg\" \/>\n<meta name=\"twitter:card\" content=\"summary_large_image\" \/>\n<meta name=\"twitter:site\" content=\"@EcoquimicBalear\" \/>\n<meta name=\"twitter:label1\" content=\"Temps estimat de lectura\" \/>\n\t<meta name=\"twitter:data1\" content=\"1 minut\" \/>\n<script type=\"application\/ld+json\" class=\"yoast-schema-graph\">{\"@context\":\"https:\\\/\\\/schema.org\",\"@graph\":[{\"@type\":\"WebPage\",\"@id\":\"https:\\\/\\\/ecoquimic.com\\\/blog2\\\/los-anticongelantes\\\/\",\"url\":\"https:\\\/\\\/ecoquimic.com\\\/blog2\\\/los-anticongelantes\\\/\",\"name\":\"Los anticongelantes - Ecoquimic\",\"isPartOf\":{\"@id\":\"https:\\\/\\\/ecoquimic.com\\\/#website\"},\"primaryImageOfPage\":{\"@id\":\"https:\\\/\\\/ecoquimic.com\\\/blog2\\\/los-anticongelantes\\\/#primaryimage\"},\"image\":{\"@id\":\"https:\\\/\\\/ecoquimic.com\\\/blog2\\\/los-anticongelantes\\\/#primaryimage\"},\"thumbnailUrl\":\"https:\\\/\\\/ecoquimic.com\\\/wp-content\\\/uploads\\\/2022\\\/03\\\/anticongelante-01-800x400-1.jpg\",\"datePublished\":\"2024-04-17T11:19:21+00:00\",\"dateModified\":\"2024-05-07T08:50:26+00:00\",\"description\":\"Fabricaci\u00f3n de productos qu\u00edmicos, marcas blancas, productos de limpieza, automoci\u00f3n, n\u00e1utica, lavander\u00eda industrial, lavander\u00eda dom\u00e9stica, construcci\u00f3n, Canal Horeca, productos biol\u00f3gicos, ambientadores, piscina. Ecoquimic - Los anticongelantes\",\"breadcrumb\":{\"@id\":\"https:\\\/\\\/ecoquimic.com\\\/blog2\\\/los-anticongelantes\\\/#breadcrumb\"},\"inLanguage\":\"ca\",\"potentialAction\":[{\"@type\":\"ReadAction\",\"target\":[\"https:\\\/\\\/ecoquimic.com\\\/blog2\\\/los-anticongelantes\\\/\"]}]},{\"@type\":\"ImageObject\",\"inLanguage\":\"ca\",\"@id\":\"https:\\\/\\\/ecoquimic.com\\\/blog2\\\/los-anticongelantes\\\/#primaryimage\",\"url\":\"https:\\\/\\\/ecoquimic.com\\\/wp-content\\\/uploads\\\/2022\\\/03\\\/anticongelante-01-800x400-1.jpg\",\"contentUrl\":\"https:\\\/\\\/ecoquimic.com\\\/wp-content\\\/uploads\\\/2022\\\/03\\\/anticongelante-01-800x400-1.jpg\",\"width\":800,\"height\":400,\"caption\":\"CREATOR: gd-jpeg v1.0 (using IJG JPEG v62), quality = 85\"},{\"@type\":\"BreadcrumbList\",\"@id\":\"https:\\\/\\\/ecoquimic.com\\\/blog2\\\/los-anticongelantes\\\/#breadcrumb\",\"itemListElement\":[{\"@type\":\"ListItem\",\"position\":1,\"name\":\"Portada\",\"item\":\"https:\\\/\\\/ecoquimic.com\\\/\"},{\"@type\":\"ListItem\",\"position\":2,\"name\":\"Blog\",\"item\":\"https:\\\/\\\/ecoquimic.com\\\/blog2\\\/\"},{\"@type\":\"ListItem\",\"position\":3,\"name\":\"Los anticongelantes\"}]},{\"@type\":\"WebSite\",\"@id\":\"https:\\\/\\\/ecoquimic.com\\\/#website\",\"url\":\"https:\\\/\\\/ecoquimic.com\\\/\",\"name\":\"Ecoquimic\",\"description\":\"F\u00e1brica productos qu\u00edmicos de limpieza en Mallorca, Baleares, Espa\u00f1a\",\"publisher\":{\"@id\":\"https:\\\/\\\/ecoquimic.com\\\/#organization\"},\"potentialAction\":[{\"@type\":\"SearchAction\",\"target\":{\"@type\":\"EntryPoint\",\"urlTemplate\":\"https:\\\/\\\/ecoquimic.com\\\/?s={search_term_string}\"},\"query-input\":{\"@type\":\"PropertyValueSpecification\",\"valueRequired\":true,\"valueName\":\"search_term_string\"}}],\"inLanguage\":\"ca\"},{\"@type\":\"Organization\",\"@id\":\"https:\\\/\\\/ecoquimic.com\\\/#organization\",\"name\":\"Ecoquimic\",\"url\":\"https:\\\/\\\/ecoquimic.com\\\/\",\"logo\":{\"@type\":\"ImageObject\",\"inLanguage\":\"ca\",\"@id\":\"https:\\\/\\\/ecoquimic.com\\\/#\\\/schema\\\/logo\\\/image\\\/\",\"url\":\"https:\\\/\\\/ecoquimic.com\\\/wp-content\\\/uploads\\\/2021\\\/10\\\/ecoquimic.png\",\"contentUrl\":\"https:\\\/\\\/ecoquimic.com\\\/wp-content\\\/uploads\\\/2021\\\/10\\\/ecoquimic.png\",\"width\":200,\"height\":93,\"caption\":\"Ecoquimic\"},\"image\":{\"@id\":\"https:\\\/\\\/ecoquimic.com\\\/#\\\/schema\\\/logo\\\/image\\\/\"},\"sameAs\":[\"https:\\\/\\\/www.facebook.com\\\/EcoquimicBalear\\\/\",\"https:\\\/\\\/x.com\\\/EcoquimicBalear\",\"https:\\\/\\\/www.instagram.com\\\/ecoquimic\\\/\",\"https:\\\/\\\/www.linkedin.com\\\/company\\\/ecoquimicbalear\\\/\",\"https:\\\/\\\/www.youtube.com\\\/channel\\\/UCYxjbpYf4oB7iKCsjUM1J4g\"]}]}<\/script>\n<!-- \/ Yoast SEO plugin. -->","yoast_head_json":{"title":"Los anticongelantes - Ecoquimic","description":"Fabricaci\u00f3n de productos qu\u00edmicos, marcas blancas, productos de limpieza, automoci\u00f3n, n\u00e1utica, lavander\u00eda industrial, lavander\u00eda dom\u00e9stica, construcci\u00f3n, Canal Horeca, productos biol\u00f3gicos, ambientadores, piscina. Ecoquimic - Los anticongelantes","robots":{"index":"index","follow":"follow","max-snippet":"max-snippet:-1","max-image-preview":"max-image-preview:large","max-video-preview":"max-video-preview:-1"},"canonical":"https:\/\/ecoquimic.com\/ca\/blog2\/los-anticongelantes\/","og_locale":"ca_ES","og_type":"article","og_title":"Los anticongelantes - Ecoquimic","og_description":"Fabricaci\u00f3n de productos qu\u00edmicos, marcas blancas, productos de limpieza, automoci\u00f3n, n\u00e1utica, lavander\u00eda industrial, lavander\u00eda dom\u00e9stica, construcci\u00f3n, Canal Horeca, productos biol\u00f3gicos, ambientadores, piscina. Ecoquimic - Los anticongelantes","og_url":"https:\/\/ecoquimic.com\/ca\/blog2\/los-anticongelantes\/","og_site_name":"Ecoquimic","article_publisher":"https:\/\/www.facebook.com\/EcoquimicBalear\/","article_modified_time":"2024-05-07T08:50:26+00:00","og_image":[{"width":800,"height":400,"url":"https:\/\/ecoquimic.com\/wp-content\/uploads\/2022\/03\/anticongelante-01-800x400-1.jpg","type":"image\/jpeg"}],"twitter_card":"summary_large_image","twitter_site":"@EcoquimicBalear","twitter_misc":{"Temps estimat de lectura":"1 minut"},"schema":{"@context":"https:\/\/schema.org","@graph":[{"@type":"WebPage","@id":"https:\/\/ecoquimic.com\/blog2\/los-anticongelantes\/","url":"https:\/\/ecoquimic.com\/blog2\/los-anticongelantes\/","name":"Los anticongelantes - Ecoquimic","isPartOf":{"@id":"https:\/\/ecoquimic.com\/#website"},"primaryImageOfPage":{"@id":"https:\/\/ecoquimic.com\/blog2\/los-anticongelantes\/#primaryimage"},"image":{"@id":"https:\/\/ecoquimic.com\/blog2\/los-anticongelantes\/#primaryimage"},"thumbnailUrl":"https:\/\/ecoquimic.com\/wp-content\/uploads\/2022\/03\/anticongelante-01-800x400-1.jpg","datePublished":"2024-04-17T11:19:21+00:00","dateModified":"2024-05-07T08:50:26+00:00","description":"Fabricaci\u00f3n de productos qu\u00edmicos, marcas blancas, productos de limpieza, automoci\u00f3n, n\u00e1utica, lavander\u00eda industrial, lavander\u00eda dom\u00e9stica, construcci\u00f3n, Canal Horeca, productos biol\u00f3gicos, ambientadores, piscina. Ecoquimic - Los anticongelantes","breadcrumb":{"@id":"https:\/\/ecoquimic.com\/blog2\/los-anticongelantes\/#breadcrumb"},"inLanguage":"ca","potentialAction":[{"@type":"ReadAction","target":["https:\/\/ecoquimic.com\/blog2\/los-anticongelantes\/"]}]},{"@type":"ImageObject","inLanguage":"ca","@id":"https:\/\/ecoquimic.com\/blog2\/los-anticongelantes\/#primaryimage","url":"https:\/\/ecoquimic.com\/wp-content\/uploads\/2022\/03\/anticongelante-01-800x400-1.jpg","contentUrl":"https:\/\/ecoquimic.com\/wp-content\/uploads\/2022\/03\/anticongelante-01-800x400-1.jpg","width":800,"height":400,"caption":"CREATOR: gd-jpeg v1.0 (using IJG JPEG v62), quality = 85"},{"@type":"BreadcrumbList","@id":"https:\/\/ecoquimic.com\/blog2\/los-anticongelantes\/#breadcrumb","itemListElement":[{"@type":"ListItem","position":1,"name":"Portada","item":"https:\/\/ecoquimic.com\/"},{"@type":"ListItem","position":2,"name":"Blog","item":"https:\/\/ecoquimic.com\/blog2\/"},{"@type":"ListItem","position":3,"name":"Los anticongelantes"}]},{"@type":"WebSite","@id":"https:\/\/ecoquimic.com\/#website","url":"https:\/\/ecoquimic.com\/","name":"Ecoquimic","description":"F\u00e1brica productos qu\u00edmicos de limpieza en Mallorca, Baleares, Espa\u00f1a","publisher":{"@id":"https:\/\/ecoquimic.com\/#organization"},"potentialAction":[{"@type":"SearchAction","target":{"@type":"EntryPoint","urlTemplate":"https:\/\/ecoquimic.com\/?s={search_term_string}"},"query-input":{"@type":"PropertyValueSpecification","valueRequired":true,"valueName":"search_term_string"}}],"inLanguage":"ca"},{"@type":"Organization","@id":"https:\/\/ecoquimic.com\/#organization","name":"Ecoquimic","url":"https:\/\/ecoquimic.com\/","logo":{"@type":"ImageObject","inLanguage":"ca","@id":"https:\/\/ecoquimic.com\/#\/schema\/logo\/image\/","url":"https:\/\/ecoquimic.com\/wp-content\/uploads\/2021\/10\/ecoquimic.png","contentUrl":"https:\/\/ecoquimic.com\/wp-content\/uploads\/2021\/10\/ecoquimic.png","width":200,"height":93,"caption":"Ecoquimic"},"image":{"@id":"https:\/\/ecoquimic.com\/#\/schema\/logo\/image\/"},"sameAs":["https:\/\/www.facebook.com\/EcoquimicBalear\/","https:\/\/x.com\/EcoquimicBalear","https:\/\/www.instagram.com\/ecoquimic\/","https:\/\/www.linkedin.com\/company\/ecoquimicbalear\/","https:\/\/www.youtube.com\/channel\/UCYxjbpYf4oB7iKCsjUM1J4g"]}]}},"_links":{"self":[{"href":"https:\/\/ecoquimic.com\/ca\/wp-json\/wp\/v2\/pages\/12527","targetHints":{"allow":["GET"]}}],"collection":[{"href":"https:\/\/ecoquimic.com\/ca\/wp-json\/wp\/v2\/pages"}],"about":[{"href":"https:\/\/ecoquimic.com\/ca\/wp-json\/wp\/v2\/types\/page"}],"author":[{"embeddable":true,"href":"https:\/\/ecoquimic.com\/ca\/wp-json\/wp\/v2\/users\/10"}],"replies":[{"embeddable":true,"href":"https:\/\/ecoquimic.com\/ca\/wp-json\/wp\/v2\/comments?post=12527"}],"version-history":[{"count":4,"href":"https:\/\/ecoquimic.com\/ca\/wp-json\/wp\/v2\/pages\/12527\/revisions"}],"predecessor-version":[{"id":14281,"href":"https:\/\/ecoquimic.com\/ca\/wp-json\/wp\/v2\/pages\/12527\/revisions\/14281"}],"up":[{"embeddable":true,"href":"https:\/\/ecoquimic.com\/ca\/wp-json\/wp\/v2\/pages\/3464"}],"wp:featuredmedia":[{"embeddable":true,"href":"https:\/\/ecoquimic.com\/ca\/wp-json\/wp\/v2\/media\/3727"}],"wp:attachment":[{"href":"https:\/\/ecoquimic.com\/ca\/wp-json\/wp\/v2\/media?parent=12527"}],"curies":[{"name":"wp","href":"https:\/\/api.w.org\/{rel}","templated":true}]}}