{"id":12525,"date":"2024-04-17T10:44:06","date_gmt":"2024-04-17T10:44:06","guid":{"rendered":"https:\/\/ecoquimic.com\/?page_id=12525"},"modified":"2024-05-07T08:49:52","modified_gmt":"2024-05-07T08:49:52","slug":"desengrasante-industrial","status":"publish","type":"page","link":"https:\/\/ecoquimic.com\/ca\/blog2\/desengrasante-industrial\/","title":{"rendered":"Desgreixador industrial"},"content":{"rendered":"<div data-colibri-id=\"12525-c1\" class=\"style-8129 style-local-12525-c1 position-relative\">\n  <!---->\n  <div data-colibri-component=\"section\" data-colibri-id=\"12525-c2\" id=\"custom\" class=\"h-section h-section-global-spacing d-flex align-items-lg-center align-items-md-center align-items-center style-8130 style-local-12525-c2 position-relative\">\n    <!---->\n    <!---->\n    <div class=\"h-section-grid-container h-section-boxed-container\">\n      <!---->\n      <div data-colibri-id=\"12525-c3\" class=\"h-row-container gutters-row-lg-2 gutters-row-md-2 gutters-row-0 gutters-row-v-lg-2 gutters-row-v-md-2 gutters-row-v-2 style-8131 style-local-12525-c3 position-relative\">\n        <!---->\n        <div class=\"h-row justify-content-lg-center justify-content-md-center justify-content-center align-items-lg-stretch align-items-md-stretch align-items-stretch gutters-col-lg-2 gutters-col-md-2 gutters-col-0 gutters-col-v-lg-2 gutters-col-v-md-2 gutters-col-v-2\">\n          <!---->\n          <div class=\"h-column h-column-container d-flex h-col-lg-auto h-col-md-auto h-col-auto style-8132-outer style-local-12525-c4-outer\">\n            <div data-colibri-id=\"12525-c4\" class=\"d-flex h-flex-basis h-column__inner h-px-lg-2 h-px-md-2 h-px-2 v-inner-lg-2 v-inner-md-2 v-inner-2 style-8132 style-local-12525-c4 position-relative\">\n              <!---->\n              <!---->\n              <div class=\"w-100 h-y-container h-column__content h-column__v-align flex-basis-100 align-self-lg-start align-self-md-start align-self-start\">\n                <!---->\n                <div data-colibri-id=\"12525-c5\" class=\"h-global-transition-all h-heading style-8133 style-local-12525-c5 position-relative h-element\">\n                  <!---->\n                  <div class=\"h-heading__outer style-8133 style-local-12525-c5\">\n                    <!---->\n                    <!---->\n                    <h1 class=\"\">Desgreixador industrial<\/h1>\n                  <\/div>\n                <\/div>\n                <div data-colibri-id=\"12525-c6\" class=\"h-global-transition-all h-heading style-8135 style-local-12525-c6 position-relative h-element\">\n                  <!---->\n                  <div class=\"h-heading__outer style-8135 style-local-12525-c6\">\n                    <!---->\n                    <!---->\n                    <h2 class=\"\">Qu\u00e8 \u00e9s un desgreixador?<\/h2>\n                  <\/div>\n                <\/div>\n                <div data-colibri-id=\"12525-c7\" class=\"h-text h-text-component style-8134 style-local-12525-c7 position-relative h-element\">\n                  <!---->\n                  <!---->\n                  <div class=\"\">\n                    <p>El desgreixador industrial i dom\u00e8stic \u00e9s un agent de neteja capa\u00e7 d'eliminar olis i greixos de diverses superf\u00edcies. Segons la formulaci\u00f3 del desgreixador, les restes d'oli i greixos s'eliminen per diferents mecanismes d'acci\u00f3. Els desgreixadors a base de dissolvents eliminaran les taques per dissoluci\u00f3 i les formulades a base d'aigua ho faran per emulsionament dels greixos.<\/p>\n                  <\/div>\n                <\/div>\n                <div data-colibri-id=\"12525-c8\" class=\"h-global-transition-all h-heading style-8135 style-local-12525-c8 position-relative h-element\">\n                  <!---->\n                  <div class=\"h-heading__outer style-8135 style-local-12525-c8\">\n                    <!---->\n                    <!---->\n                    <h2 class=\"\">Tipus de desgreixador<\/h2>\n                  <\/div>\n                <\/div>\n                <div data-colibri-id=\"12525-c9\" class=\"h-text h-text-component style-8137 style-local-12525-c9 position-relative h-element\">\n                  <!---->\n                  <!---->\n                  <div class=\"\">\n                    <p><span style=\"font-weight: 500;\">Desgreixadors a base de dissolvent: <\/span>L'acci\u00f3 d'eliminaci\u00f3 d'olis \u00e9s produ\u00efda pel fet que aquest tipus de brut\u00edcia \u00e9s soluble en dissolvents org\u00e0nics i tindr\u00e0 major afinitat pel desgreixador que per la superf\u00edcie i es desprenen.<\/p>\n                    <p><span style=\"font-weight: 500;\">Desgreixador a base d'aigua:<\/span> Generalment, s\u00f3n alcalins, per\u00f2 tamb\u00e9 poden ser neutres o \u00e0cids, actuen com un emulsor. La seva habilitat consisteix a suspendre en aigua subst\u00e0ncies que normalment no es dissolen en aigua, com \u00e9s el cas dels greixos.<\/p>\n                  <\/div>\n                <\/div>\n                <div data-colibri-id=\"12525-c10\" class=\"h-global-transition-all h-heading style-8135 style-local-12525-c10 position-relative h-element\">\n                  <!---->\n                  <div class=\"h-heading__outer style-8135 style-local-12525-c10\">\n                    <!---->\n                    <!---->\n                    <h2 class=\"\">Usos comuns d'un desgreixador<\/h2>\n                  <\/div>\n                <\/div>\n                <div data-colibri-id=\"12525-c11\" class=\"h-text h-text-component style-8139 style-local-12525-c11 position-relative h-element\">\n                  <!---->\n                  <!---->\n                  <div class=\"\">\n                    <p>Per a \u00fas dom\u00e8stic, s\u00f3n de preu econ\u00f2mic i adequats per a l'\u00fas directe, sense dissoluci\u00f3, sobre les taques en superf\u00edcies de cuines, banys, s\u00f2ls, planxes, etc. Est\u00e0 dissenyat amb una for\u00e7a moderada, d'acord amb les taques que es poden trobar a nivell dom\u00e8stic.<\/p>\n                    <p>Per a \u00fas industrial s\u00f3n de formulacions m\u00e9s concentrades i netegen amb m\u00e9s facilitat. Estan dissenyats per a eliminar taques incrustades i m\u00e9s resistents que les dom\u00e8stiques.<\/p>\n                    <p>L'\u00fas dels desgreixadors convencionals va m\u00e9s enll\u00e0 que les cuines; poden utilitzar-se per a qualsevol tipus de taca en qualsevol tipus de taques grasses en diferents superf\u00edcies, des de s\u00f2ls greixosos que no estiguin tractats, a taques olioses sobre la roba.<\/p>\n                    <p>Avui dia els desgreixadors a base dissolvent estan caient en des\u00fas pel fet que s\u00f3n menys sostenibles i no es recomana la seva eliminaci\u00f3 pel desgu\u00e0s, encara queden usos espec\u00edfics en l'\u00e0mbit industrial, per\u00f2 es va transaccionant als desgreixadors de base aigua.<\/p>\n                    <p>Per a saber si un desgreixador \u00e9s basi aigua o dissolvent es pot comprovar en l'etiqueta de l'env\u00e0s o afegir una petita quantitat d'aigua al producte, en cas de romandre transparent \u00e9s de base aigua, si adquireix un color blanquin\u00f3s es tracta d'un desgreixador de base dissolvent.<\/p>\n                  <\/div>\n                <\/div>\n                <div data-colibri-id=\"12525-c12\" class=\"h-global-transition-all h-heading style-8135 style-local-12525-c12 position-relative h-element\">\n                  <!---->\n                  <div class=\"h-heading__outer style-8135 style-local-12525-c12\">\n                    <!---->\n                    <!---->\n                    <h2 class=\"\">Precaucions a l'hora d'usar un desgreixador<\/h2>\n                  <\/div>\n                <\/div>\n                <div data-colibri-id=\"12525-c13\" class=\"h-text h-text-component style-8141 style-local-12525-c13 position-relative h-element\">\n                  <!---->\n                  <!---->\n                  <div class=\"\">\n                    <p>A l'hora d'usar un desgreixador conv\u00e9 tenir en compte una s\u00e8rie de precaucions<\/p>\n                    <ul>\n                      <li>No emprar sobre superf\u00edcies tractades, com per exemple marbres i terratzos ja que podria danyar-les<\/li>\n                      <li>S'ha d'aclarir amb aigua o amb un drap humit per a evitar que quedin restes de producte<\/li>\n                      <li>\u00c9s recomanable utilitzar guants per a la seva aplicaci\u00f3 ja que tamb\u00e9 eliminar\u00e0 el greix natural que tenim en la pell<\/li>\n                      <li>Evitar el contacte amb els ulls<\/li>\n                    <\/ul>\n                  <\/div>\n                <\/div>\n              <\/div>\n            <\/div>\n          <\/div>\n        <\/div>\n      <\/div>\n    <\/div>\n  <\/div>\n<\/div>","protected":false},"excerpt":{"rendered":"<p>Desengrasante industrial \u00bfQu\u00e9 es un desengrasante? El desengrasante industrial y dom\u00e9stico es un agente de limpieza capaz de eliminar aceites y grasas de diversas superficies. Seg\u00fan la formulaci\u00f3n del desengrasante, los restos de aceite y grasas se eliminan por diferentes mecanismos de acci\u00f3n. Los desengrasantes a base de disolventes eliminar\u00e1n las manchas por disoluci\u00f3n y [&hellip;]<\/p>\n","protected":false},"author":10,"featured_media":0,"parent":3464,"menu_order":0,"comment_status":"closed","ping_status":"closed","template":"page-templates\/full-width-page.php","meta":{"footnotes":""},"class_list":["post-12525","page","type-page","status-publish","hentry"],"yoast_head":"<!-- This site is optimized with the Yoast SEO plugin v27.4 - https:\/\/yoast.com\/product\/yoast-seo-wordpress\/ -->\n<title>Desengrasante industrial - Ecoquimic<\/title>\n<meta name=\"description\" content=\"Fabricaci\u00f3n de productos qu\u00edmicos, marcas blancas, productos de limpieza, automoci\u00f3n, n\u00e1utica, lavander\u00eda industrial, lavander\u00eda dom\u00e9stica, construcci\u00f3n, Canal Horeca, productos biol\u00f3gicos, ambientadores, piscina. Ecoquimic - Desengrasante industrial\" \/>\n<meta name=\"robots\" content=\"index, follow, max-snippet:-1, max-image-preview:large, max-video-preview:-1\" \/>\n<link rel=\"canonical\" href=\"https:\/\/ecoquimic.com\/ca\/blog2\/desengrasante-industrial\/\" \/>\n<meta property=\"og:locale\" content=\"ca_ES\" \/>\n<meta property=\"og:type\" content=\"article\" \/>\n<meta property=\"og:title\" content=\"Desengrasante industrial - Ecoquimic\" \/>\n<meta property=\"og:description\" content=\"Fabricaci\u00f3n de productos qu\u00edmicos, marcas blancas, productos de limpieza, automoci\u00f3n, n\u00e1utica, lavander\u00eda industrial, lavander\u00eda dom\u00e9stica, construcci\u00f3n, Canal Horeca, productos biol\u00f3gicos, ambientadores, piscina. Ecoquimic - Desengrasante industrial\" \/>\n<meta property=\"og:url\" content=\"https:\/\/ecoquimic.com\/ca\/blog2\/desengrasante-industrial\/\" \/>\n<meta property=\"og:site_name\" content=\"Ecoquimic\" \/>\n<meta property=\"article:publisher\" content=\"https:\/\/www.facebook.com\/EcoquimicBalear\/\" \/>\n<meta property=\"article:modified_time\" content=\"2024-05-07T08:49:52+00:00\" \/>\n<meta name=\"twitter:card\" content=\"summary_large_image\" \/>\n<meta name=\"twitter:site\" content=\"@EcoquimicBalear\" \/>\n<meta name=\"twitter:label1\" content=\"Temps estimat de lectura\" \/>\n\t<meta name=\"twitter:data1\" content=\"3 minuts\" \/>\n<script type=\"application\/ld+json\" class=\"yoast-schema-graph\">{\"@context\":\"https:\\\/\\\/schema.org\",\"@graph\":[{\"@type\":\"WebPage\",\"@id\":\"https:\\\/\\\/ecoquimic.com\\\/blog2\\\/desengrasante-industrial\\\/\",\"url\":\"https:\\\/\\\/ecoquimic.com\\\/blog2\\\/desengrasante-industrial\\\/\",\"name\":\"Desengrasante industrial - Ecoquimic\",\"isPartOf\":{\"@id\":\"https:\\\/\\\/ecoquimic.com\\\/#website\"},\"datePublished\":\"2024-04-17T10:44:06+00:00\",\"dateModified\":\"2024-05-07T08:49:52+00:00\",\"description\":\"Fabricaci\u00f3n de productos qu\u00edmicos, marcas blancas, productos de limpieza, automoci\u00f3n, n\u00e1utica, lavander\u00eda industrial, lavander\u00eda dom\u00e9stica, construcci\u00f3n, Canal Horeca, productos biol\u00f3gicos, ambientadores, piscina. Ecoquimic - Desengrasante industrial\",\"breadcrumb\":{\"@id\":\"https:\\\/\\\/ecoquimic.com\\\/blog2\\\/desengrasante-industrial\\\/#breadcrumb\"},\"inLanguage\":\"ca\",\"potentialAction\":[{\"@type\":\"ReadAction\",\"target\":[\"https:\\\/\\\/ecoquimic.com\\\/blog2\\\/desengrasante-industrial\\\/\"]}]},{\"@type\":\"BreadcrumbList\",\"@id\":\"https:\\\/\\\/ecoquimic.com\\\/blog2\\\/desengrasante-industrial\\\/#breadcrumb\",\"itemListElement\":[{\"@type\":\"ListItem\",\"position\":1,\"name\":\"Portada\",\"item\":\"https:\\\/\\\/ecoquimic.com\\\/\"},{\"@type\":\"ListItem\",\"position\":2,\"name\":\"Blog\",\"item\":\"https:\\\/\\\/ecoquimic.com\\\/blog2\\\/\"},{\"@type\":\"ListItem\",\"position\":3,\"name\":\"Desengrasante industrial\"}]},{\"@type\":\"WebSite\",\"@id\":\"https:\\\/\\\/ecoquimic.com\\\/#website\",\"url\":\"https:\\\/\\\/ecoquimic.com\\\/\",\"name\":\"Ecoquimic\",\"description\":\"F\u00e1brica productos qu\u00edmicos de limpieza en Mallorca, Baleares, Espa\u00f1a\",\"publisher\":{\"@id\":\"https:\\\/\\\/ecoquimic.com\\\/#organization\"},\"potentialAction\":[{\"@type\":\"SearchAction\",\"target\":{\"@type\":\"EntryPoint\",\"urlTemplate\":\"https:\\\/\\\/ecoquimic.com\\\/?s={search_term_string}\"},\"query-input\":{\"@type\":\"PropertyValueSpecification\",\"valueRequired\":true,\"valueName\":\"search_term_string\"}}],\"inLanguage\":\"ca\"},{\"@type\":\"Organization\",\"@id\":\"https:\\\/\\\/ecoquimic.com\\\/#organization\",\"name\":\"Ecoquimic\",\"url\":\"https:\\\/\\\/ecoquimic.com\\\/\",\"logo\":{\"@type\":\"ImageObject\",\"inLanguage\":\"ca\",\"@id\":\"https:\\\/\\\/ecoquimic.com\\\/#\\\/schema\\\/logo\\\/image\\\/\",\"url\":\"https:\\\/\\\/ecoquimic.com\\\/wp-content\\\/uploads\\\/2021\\\/10\\\/ecoquimic.png\",\"contentUrl\":\"https:\\\/\\\/ecoquimic.com\\\/wp-content\\\/uploads\\\/2021\\\/10\\\/ecoquimic.png\",\"width\":200,\"height\":93,\"caption\":\"Ecoquimic\"},\"image\":{\"@id\":\"https:\\\/\\\/ecoquimic.com\\\/#\\\/schema\\\/logo\\\/image\\\/\"},\"sameAs\":[\"https:\\\/\\\/www.facebook.com\\\/EcoquimicBalear\\\/\",\"https:\\\/\\\/x.com\\\/EcoquimicBalear\",\"https:\\\/\\\/www.instagram.com\\\/ecoquimic\\\/\",\"https:\\\/\\\/www.linkedin.com\\\/company\\\/ecoquimicbalear\\\/\",\"https:\\\/\\\/www.youtube.com\\\/channel\\\/UCYxjbpYf4oB7iKCsjUM1J4g\"]}]}<\/script>\n<!-- \/ Yoast SEO plugin. -->","yoast_head_json":{"title":"Desengrasante industrial - Ecoquimic","description":"Fabricaci\u00f3n de productos qu\u00edmicos, marcas blancas, productos de limpieza, automoci\u00f3n, n\u00e1utica, lavander\u00eda industrial, lavander\u00eda dom\u00e9stica, construcci\u00f3n, Canal Horeca, productos biol\u00f3gicos, ambientadores, piscina. Ecoquimic - Desengrasante industrial","robots":{"index":"index","follow":"follow","max-snippet":"max-snippet:-1","max-image-preview":"max-image-preview:large","max-video-preview":"max-video-preview:-1"},"canonical":"https:\/\/ecoquimic.com\/ca\/blog2\/desengrasante-industrial\/","og_locale":"ca_ES","og_type":"article","og_title":"Desengrasante industrial - Ecoquimic","og_description":"Fabricaci\u00f3n de productos qu\u00edmicos, marcas blancas, productos de limpieza, automoci\u00f3n, n\u00e1utica, lavander\u00eda industrial, lavander\u00eda dom\u00e9stica, construcci\u00f3n, Canal Horeca, productos biol\u00f3gicos, ambientadores, piscina. Ecoquimic - Desengrasante industrial","og_url":"https:\/\/ecoquimic.com\/ca\/blog2\/desengrasante-industrial\/","og_site_name":"Ecoquimic","article_publisher":"https:\/\/www.facebook.com\/EcoquimicBalear\/","article_modified_time":"2024-05-07T08:49:52+00:00","twitter_card":"summary_large_image","twitter_site":"@EcoquimicBalear","twitter_misc":{"Temps estimat de lectura":"3 minuts"},"schema":{"@context":"https:\/\/schema.org","@graph":[{"@type":"WebPage","@id":"https:\/\/ecoquimic.com\/blog2\/desengrasante-industrial\/","url":"https:\/\/ecoquimic.com\/blog2\/desengrasante-industrial\/","name":"Desengrasante industrial - Ecoquimic","isPartOf":{"@id":"https:\/\/ecoquimic.com\/#website"},"datePublished":"2024-04-17T10:44:06+00:00","dateModified":"2024-05-07T08:49:52+00:00","description":"Fabricaci\u00f3n de productos qu\u00edmicos, marcas blancas, productos de limpieza, automoci\u00f3n, n\u00e1utica, lavander\u00eda industrial, lavander\u00eda dom\u00e9stica, construcci\u00f3n, Canal Horeca, productos biol\u00f3gicos, ambientadores, piscina. Ecoquimic - Desengrasante industrial","breadcrumb":{"@id":"https:\/\/ecoquimic.com\/blog2\/desengrasante-industrial\/#breadcrumb"},"inLanguage":"ca","potentialAction":[{"@type":"ReadAction","target":["https:\/\/ecoquimic.com\/blog2\/desengrasante-industrial\/"]}]},{"@type":"BreadcrumbList","@id":"https:\/\/ecoquimic.com\/blog2\/desengrasante-industrial\/#breadcrumb","itemListElement":[{"@type":"ListItem","position":1,"name":"Portada","item":"https:\/\/ecoquimic.com\/"},{"@type":"ListItem","position":2,"name":"Blog","item":"https:\/\/ecoquimic.com\/blog2\/"},{"@type":"ListItem","position":3,"name":"Desengrasante industrial"}]},{"@type":"WebSite","@id":"https:\/\/ecoquimic.com\/#website","url":"https:\/\/ecoquimic.com\/","name":"Ecoquimic","description":"F\u00e1brica productos qu\u00edmicos de limpieza en Mallorca, Baleares, Espa\u00f1a","publisher":{"@id":"https:\/\/ecoquimic.com\/#organization"},"potentialAction":[{"@type":"SearchAction","target":{"@type":"EntryPoint","urlTemplate":"https:\/\/ecoquimic.com\/?s={search_term_string}"},"query-input":{"@type":"PropertyValueSpecification","valueRequired":true,"valueName":"search_term_string"}}],"inLanguage":"ca"},{"@type":"Organization","@id":"https:\/\/ecoquimic.com\/#organization","name":"Ecoquimic","url":"https:\/\/ecoquimic.com\/","logo":{"@type":"ImageObject","inLanguage":"ca","@id":"https:\/\/ecoquimic.com\/#\/schema\/logo\/image\/","url":"https:\/\/ecoquimic.com\/wp-content\/uploads\/2021\/10\/ecoquimic.png","contentUrl":"https:\/\/ecoquimic.com\/wp-content\/uploads\/2021\/10\/ecoquimic.png","width":200,"height":93,"caption":"Ecoquimic"},"image":{"@id":"https:\/\/ecoquimic.com\/#\/schema\/logo\/image\/"},"sameAs":["https:\/\/www.facebook.com\/EcoquimicBalear\/","https:\/\/x.com\/EcoquimicBalear","https:\/\/www.instagram.com\/ecoquimic\/","https:\/\/www.linkedin.com\/company\/ecoquimicbalear\/","https:\/\/www.youtube.com\/channel\/UCYxjbpYf4oB7iKCsjUM1J4g"]}]}},"_links":{"self":[{"href":"https:\/\/ecoquimic.com\/ca\/wp-json\/wp\/v2\/pages\/12525","targetHints":{"allow":["GET"]}}],"collection":[{"href":"https:\/\/ecoquimic.com\/ca\/wp-json\/wp\/v2\/pages"}],"about":[{"href":"https:\/\/ecoquimic.com\/ca\/wp-json\/wp\/v2\/types\/page"}],"author":[{"embeddable":true,"href":"https:\/\/ecoquimic.com\/ca\/wp-json\/wp\/v2\/users\/10"}],"replies":[{"embeddable":true,"href":"https:\/\/ecoquimic.com\/ca\/wp-json\/wp\/v2\/comments?post=12525"}],"version-history":[{"count":6,"href":"https:\/\/ecoquimic.com\/ca\/wp-json\/wp\/v2\/pages\/12525\/revisions"}],"predecessor-version":[{"id":14274,"href":"https:\/\/ecoquimic.com\/ca\/wp-json\/wp\/v2\/pages\/12525\/revisions\/14274"}],"up":[{"embeddable":true,"href":"https:\/\/ecoquimic.com\/ca\/wp-json\/wp\/v2\/pages\/3464"}],"wp:attachment":[{"href":"https:\/\/ecoquimic.com\/ca\/wp-json\/wp\/v2\/media?parent=12525"}],"curies":[{"name":"wp","href":"https:\/\/api.w.org\/{rel}","templated":true}]}}