{"id":12523,"date":"2024-04-17T10:26:38","date_gmt":"2024-04-17T10:26:38","guid":{"rendered":"https:\/\/ecoquimic.com\/?page_id=12523"},"modified":"2024-05-07T08:48:54","modified_gmt":"2024-05-07T08:48:54","slug":"maquina-de-envasado","status":"publish","type":"page","link":"https:\/\/ecoquimic.com\/ca\/blog2\/maquina-de-envasado\/","title":{"rendered":"M\u00e1quina de envasado"},"content":{"rendered":"<div data-colibri-id=\"12523-c1\" class=\"style-8112 style-local-12523-c1 position-relative\">\n  <!---->\n  <div data-colibri-component=\"section\" data-colibri-id=\"12523-c2\" id=\"custom\" class=\"h-section h-section-global-spacing d-flex align-items-lg-center align-items-md-center align-items-center style-8113 style-local-12523-c2 position-relative\">\n    <!---->\n    <!---->\n    <div class=\"h-section-grid-container h-section-boxed-container\">\n      <!---->\n      <div data-colibri-id=\"12523-c3\" class=\"h-row-container gutters-row-lg-2 gutters-row-md-2 gutters-row-0 gutters-row-v-lg-2 gutters-row-v-md-2 gutters-row-v-2 style-8114 style-local-12523-c3 position-relative\">\n        <!---->\n        <div class=\"h-row justify-content-lg-center justify-content-md-center justify-content-center align-items-lg-stretch align-items-md-stretch align-items-stretch gutters-col-lg-2 gutters-col-md-2 gutters-col-0 gutters-col-v-lg-2 gutters-col-v-md-2 gutters-col-v-2\">\n          <!---->\n          <div class=\"h-column h-column-container d-flex h-col-lg-auto h-col-md-auto h-col-auto style-8115-outer style-local-12523-c4-outer\">\n            <div data-colibri-id=\"12523-c4\" class=\"d-flex h-flex-basis h-column__inner h-px-lg-2 h-px-md-2 h-px-2 v-inner-lg-2 v-inner-md-2 v-inner-2 style-8115 style-local-12523-c4 position-relative\">\n              <!---->\n              <!---->\n              <div class=\"w-100 h-y-container h-column__content h-column__v-align flex-basis-100 align-self-lg-start align-self-md-start align-self-start\">\n                <!---->\n                <div data-colibri-id=\"12523-c5\" class=\"h-global-transition-all h-heading style-8116 style-local-12523-c5 position-relative h-element\">\n                  <!---->\n                  <div class=\"h-heading__outer style-8116 style-local-12523-c5\">\n                    <!---->\n                    <!---->\n                    <h1 class=\"\">Nova m\u00e0quina d'envasament<\/h1>\n                  <\/div>\n                <\/div>\n                <div data-colibri-id=\"12523-c6\" class=\"h-text h-text-component style-8117 style-local-12523-c6 position-relative h-element\">\n                  <!---->\n                  <!---->\n                  <div class=\"\">\n                    <p><span style=\"font-weight: 600;\">Envasa, Etiqueta i Tapa<\/span><\/p>\n                  <\/div>\n                <\/div>\n                <div data-colibri-id=\"12523-c7\" class=\"h-text h-text-component style-8118 style-local-12523-c7 position-relative h-element\">\n                  <!---->\n                  <!---->\n                  <div class=\"\">\n                    <p>Amb aquesta nova l\u00ednia automatitzem l'envasament de productes en format 100ml fins a 1000ml. Ens permet omplir tant ampolles com pots i tapar-les.<\/p>\n                    <p>A Ecoquimic apostem per una millora continuada de les nostres instal\u00b7lacions. En l'\u00faltima d\u00e8cada hem ampliat les nostres instal\u00b7lacions, passant de dues naus industrials a les quatre que ocupem actualment. Hem unit la fabricaci\u00f3 amb els sistemes d'envasament, optimitzant d'aquesta manera els temps i facilitant les tasques d'ompliment.<\/p>\n                    <p>El millor \u00e9s que est\u00e0 indicada per a productes cremosos i d'alta viscositat, com per exemple la pasta de sab\u00f3 lleva taques per a la neteja de mans de mec\u00e0nics o de la pasta lleva taques per a t\u00e8xtils.<\/p>\n                    <p>Tamb\u00e9 ens permet produir nous formats dels productes que ja dispos\u00e0vem ja que disposa de diferents embuts i accessoris per al dosat. \u00c9s altament eficient i facilita la productivitat de l'operari i permetent una producci\u00f3 sense interrupcions.<\/p>\n                    <p>Amb aquesta envasadora ja sumen 6 les m\u00e0quines d'envasament que disposem en Ecoquimic! Cada dia ens esforcem a fer un passet m\u00e9s cap endavant per a millorar la qualitat dels nostres serveis i productes<\/p>\n                    <p>Us deixem un v\u00eddeo de l'estrena!!!<\/p>\n                  <\/div>\n                <\/div>\n              <\/div>\n            <\/div>\n          <\/div>\n        <\/div>\n      <\/div>\n      <div data-colibri-id=\"12523-c8\" class=\"h-row-container gutters-row-lg-2 gutters-row-md-2 gutters-row-0 gutters-row-v-lg-2 gutters-row-v-md-2 gutters-row-v-2 style-8119 style-local-12523-c8 position-relative\">\n        <!---->\n        <div class=\"h-row justify-content-lg-center justify-content-md-center justify-content-center align-items-lg-stretch align-items-md-stretch align-items-stretch gutters-col-lg-2 gutters-col-md-2 gutters-col-0 gutters-col-v-lg-2 gutters-col-v-md-2 gutters-col-v-2\">\n          <!---->\n          <div class=\"h-column h-column-container d-flex h-col-lg-auto h-col-md-auto h-col-auto style-8120-outer style-local-12523-c9-outer\">\n            <div data-colibri-id=\"12523-c9\" class=\"d-flex h-flex-basis h-column__inner h-px-lg-2 h-px-md-2 h-px-2 v-inner-lg-2 v-inner-md-2 v-inner-2 style-8120 style-local-12523-c9 position-relative\">\n              <!---->\n              <!---->\n              <div class=\"w-100 h-y-container h-column__content h-column__v-align flex-basis-100 align-self-lg-start align-self-md-start align-self-start\">\n                <!---->\n                <div data-colibri-component=\"video\" data-colibri-id=\"12523-c10\" class=\"d-block h-video d-block h-video style-8121 style-local-12523-c10 position-relative h-element\">\n                  <!---->\n                  <!---->\n                  <div class=\"video-container position-relative\">\n                    <div class=\"h-global-transition-all ratio-inner\"><video class=\"h-video-main\"  ><source src=\"https:\/\/ecoquimic.com\/wp-content\/uploads\/2021\/11\/Video-22-11-21-16-35-05.mp4\" type=\"video\/mp4\" \/><\/video><\/div>\n                  <\/div>\n                <\/div>\n              <\/div>\n            <\/div>\n          <\/div>\n        <\/div>\n      <\/div>\n    <\/div>\n  <\/div>\n<\/div>","protected":false},"excerpt":{"rendered":"<p>Nueva m\u00e1quina de envasado Envasa, Etiqueta y Tapona Con esta nueva l\u00ednea automatizamos el envasado de productos en formato 100ml hasta 1000ml. Nos permite llenar tanto botellas como botes y taponarlas. En Ecoquimic apostamos por una mejora continuada de nuestras instalaciones. En la \u00faltima d\u00e9cada hemos ampliado nuestras instalaciones, pasando de&nbsp;dos naves industriales a las [&hellip;]<\/p>\n","protected":false},"author":10,"featured_media":3288,"parent":3464,"menu_order":0,"comment_status":"closed","ping_status":"closed","template":"page-templates\/full-width-page.php","meta":{"footnotes":""},"class_list":["post-12523","page","type-page","status-publish","has-post-thumbnail","hentry"],"yoast_head":"<!-- This site is optimized with the Yoast SEO plugin v27.4 - https:\/\/yoast.com\/product\/yoast-seo-wordpress\/ -->\n<title>M\u00e1quina de envasado - Ecoquimic<\/title>\n<meta name=\"description\" content=\"Fabricaci\u00f3n de productos qu\u00edmicos, marcas blancas, productos de limpieza, automoci\u00f3n, n\u00e1utica, lavander\u00eda industrial, lavander\u00eda dom\u00e9stica, construcci\u00f3n, Canal Horeca, productos biol\u00f3gicos, ambientadores, piscina. Ecoquimic - M\u00e1quina de envasado\" \/>\n<meta name=\"robots\" content=\"index, follow, max-snippet:-1, max-image-preview:large, max-video-preview:-1\" \/>\n<link rel=\"canonical\" href=\"https:\/\/ecoquimic.com\/ca\/blog2\/maquina-de-envasado\/\" \/>\n<meta property=\"og:locale\" content=\"ca_ES\" \/>\n<meta property=\"og:type\" content=\"article\" \/>\n<meta property=\"og:title\" content=\"M\u00e1quina de envasado - Ecoquimic\" \/>\n<meta property=\"og:description\" content=\"Fabricaci\u00f3n de productos qu\u00edmicos, marcas blancas, productos de limpieza, automoci\u00f3n, n\u00e1utica, lavander\u00eda industrial, lavander\u00eda dom\u00e9stica, construcci\u00f3n, Canal Horeca, productos biol\u00f3gicos, ambientadores, piscina. Ecoquimic - M\u00e1quina de envasado\" \/>\n<meta property=\"og:url\" content=\"https:\/\/ecoquimic.com\/ca\/blog2\/maquina-de-envasado\/\" \/>\n<meta property=\"og:site_name\" content=\"Ecoquimic\" \/>\n<meta property=\"article:publisher\" content=\"https:\/\/www.facebook.com\/EcoquimicBalear\/\" \/>\n<meta property=\"article:modified_time\" content=\"2024-05-07T08:48:54+00:00\" \/>\n<meta property=\"og:image\" content=\"https:\/\/ecoquimic.com\/wp-content\/uploads\/2021\/11\/Post-Tip-Data-1-e1637693378550.png\" \/>\n\t<meta property=\"og:image:width\" content=\"631\" \/>\n\t<meta property=\"og:image:height\" content=\"509\" \/>\n\t<meta property=\"og:image:type\" content=\"image\/png\" \/>\n<meta name=\"twitter:card\" content=\"summary_large_image\" \/>\n<meta name=\"twitter:site\" content=\"@EcoquimicBalear\" \/>\n<meta name=\"twitter:label1\" content=\"Temps estimat de lectura\" \/>\n\t<meta name=\"twitter:data1\" content=\"2 minuts\" \/>\n<script type=\"application\/ld+json\" class=\"yoast-schema-graph\">{\"@context\":\"https:\\\/\\\/schema.org\",\"@graph\":[{\"@type\":\"WebPage\",\"@id\":\"https:\\\/\\\/ecoquimic.com\\\/blog2\\\/maquina-de-envasado\\\/\",\"url\":\"https:\\\/\\\/ecoquimic.com\\\/blog2\\\/maquina-de-envasado\\\/\",\"name\":\"M\u00e1quina de envasado - Ecoquimic\",\"isPartOf\":{\"@id\":\"https:\\\/\\\/ecoquimic.com\\\/#website\"},\"primaryImageOfPage\":{\"@id\":\"https:\\\/\\\/ecoquimic.com\\\/blog2\\\/maquina-de-envasado\\\/#primaryimage\"},\"image\":{\"@id\":\"https:\\\/\\\/ecoquimic.com\\\/blog2\\\/maquina-de-envasado\\\/#primaryimage\"},\"thumbnailUrl\":\"https:\\\/\\\/ecoquimic.com\\\/wp-content\\\/uploads\\\/2021\\\/11\\\/Post-Tip-Data-1-e1637693378550.png\",\"datePublished\":\"2024-04-17T10:26:38+00:00\",\"dateModified\":\"2024-05-07T08:48:54+00:00\",\"description\":\"Fabricaci\u00f3n de productos qu\u00edmicos, marcas blancas, productos de limpieza, automoci\u00f3n, n\u00e1utica, lavander\u00eda industrial, lavander\u00eda dom\u00e9stica, construcci\u00f3n, Canal Horeca, productos biol\u00f3gicos, ambientadores, piscina. Ecoquimic - M\u00e1quina de envasado\",\"breadcrumb\":{\"@id\":\"https:\\\/\\\/ecoquimic.com\\\/blog2\\\/maquina-de-envasado\\\/#breadcrumb\"},\"inLanguage\":\"ca\",\"potentialAction\":[{\"@type\":\"ReadAction\",\"target\":[\"https:\\\/\\\/ecoquimic.com\\\/blog2\\\/maquina-de-envasado\\\/\"]}]},{\"@type\":\"ImageObject\",\"inLanguage\":\"ca\",\"@id\":\"https:\\\/\\\/ecoquimic.com\\\/blog2\\\/maquina-de-envasado\\\/#primaryimage\",\"url\":\"https:\\\/\\\/ecoquimic.com\\\/wp-content\\\/uploads\\\/2021\\\/11\\\/Post-Tip-Data-1-e1637693378550.png\",\"contentUrl\":\"https:\\\/\\\/ecoquimic.com\\\/wp-content\\\/uploads\\\/2021\\\/11\\\/Post-Tip-Data-1-e1637693378550.png\",\"width\":631,\"height\":509},{\"@type\":\"BreadcrumbList\",\"@id\":\"https:\\\/\\\/ecoquimic.com\\\/blog2\\\/maquina-de-envasado\\\/#breadcrumb\",\"itemListElement\":[{\"@type\":\"ListItem\",\"position\":1,\"name\":\"Portada\",\"item\":\"https:\\\/\\\/ecoquimic.com\\\/\"},{\"@type\":\"ListItem\",\"position\":2,\"name\":\"Blog\",\"item\":\"https:\\\/\\\/ecoquimic.com\\\/blog2\\\/\"},{\"@type\":\"ListItem\",\"position\":3,\"name\":\"M\u00e1quina de envasado\"}]},{\"@type\":\"WebSite\",\"@id\":\"https:\\\/\\\/ecoquimic.com\\\/#website\",\"url\":\"https:\\\/\\\/ecoquimic.com\\\/\",\"name\":\"Ecoquimic\",\"description\":\"F\u00e1brica productos qu\u00edmicos de limpieza en Mallorca, Baleares, Espa\u00f1a\",\"publisher\":{\"@id\":\"https:\\\/\\\/ecoquimic.com\\\/#organization\"},\"potentialAction\":[{\"@type\":\"SearchAction\",\"target\":{\"@type\":\"EntryPoint\",\"urlTemplate\":\"https:\\\/\\\/ecoquimic.com\\\/?s={search_term_string}\"},\"query-input\":{\"@type\":\"PropertyValueSpecification\",\"valueRequired\":true,\"valueName\":\"search_term_string\"}}],\"inLanguage\":\"ca\"},{\"@type\":\"Organization\",\"@id\":\"https:\\\/\\\/ecoquimic.com\\\/#organization\",\"name\":\"Ecoquimic\",\"url\":\"https:\\\/\\\/ecoquimic.com\\\/\",\"logo\":{\"@type\":\"ImageObject\",\"inLanguage\":\"ca\",\"@id\":\"https:\\\/\\\/ecoquimic.com\\\/#\\\/schema\\\/logo\\\/image\\\/\",\"url\":\"https:\\\/\\\/ecoquimic.com\\\/wp-content\\\/uploads\\\/2021\\\/10\\\/ecoquimic.png\",\"contentUrl\":\"https:\\\/\\\/ecoquimic.com\\\/wp-content\\\/uploads\\\/2021\\\/10\\\/ecoquimic.png\",\"width\":200,\"height\":93,\"caption\":\"Ecoquimic\"},\"image\":{\"@id\":\"https:\\\/\\\/ecoquimic.com\\\/#\\\/schema\\\/logo\\\/image\\\/\"},\"sameAs\":[\"https:\\\/\\\/www.facebook.com\\\/EcoquimicBalear\\\/\",\"https:\\\/\\\/x.com\\\/EcoquimicBalear\",\"https:\\\/\\\/www.instagram.com\\\/ecoquimic\\\/\",\"https:\\\/\\\/www.linkedin.com\\\/company\\\/ecoquimicbalear\\\/\",\"https:\\\/\\\/www.youtube.com\\\/channel\\\/UCYxjbpYf4oB7iKCsjUM1J4g\"]}]}<\/script>\n<!-- \/ Yoast SEO plugin. -->","yoast_head_json":{"title":"M\u00e1quina de envasado - Ecoquimic","description":"Fabricaci\u00f3n de productos qu\u00edmicos, marcas blancas, productos de limpieza, automoci\u00f3n, n\u00e1utica, lavander\u00eda industrial, lavander\u00eda dom\u00e9stica, construcci\u00f3n, Canal Horeca, productos biol\u00f3gicos, ambientadores, piscina. Ecoquimic - M\u00e1quina de envasado","robots":{"index":"index","follow":"follow","max-snippet":"max-snippet:-1","max-image-preview":"max-image-preview:large","max-video-preview":"max-video-preview:-1"},"canonical":"https:\/\/ecoquimic.com\/ca\/blog2\/maquina-de-envasado\/","og_locale":"ca_ES","og_type":"article","og_title":"M\u00e1quina de envasado - Ecoquimic","og_description":"Fabricaci\u00f3n de productos qu\u00edmicos, marcas blancas, productos de limpieza, automoci\u00f3n, n\u00e1utica, lavander\u00eda industrial, lavander\u00eda dom\u00e9stica, construcci\u00f3n, Canal Horeca, productos biol\u00f3gicos, ambientadores, piscina. Ecoquimic - M\u00e1quina de envasado","og_url":"https:\/\/ecoquimic.com\/ca\/blog2\/maquina-de-envasado\/","og_site_name":"Ecoquimic","article_publisher":"https:\/\/www.facebook.com\/EcoquimicBalear\/","article_modified_time":"2024-05-07T08:48:54+00:00","og_image":[{"width":631,"height":509,"url":"https:\/\/ecoquimic.com\/wp-content\/uploads\/2021\/11\/Post-Tip-Data-1-e1637693378550.png","type":"image\/png"}],"twitter_card":"summary_large_image","twitter_site":"@EcoquimicBalear","twitter_misc":{"Temps estimat de lectura":"2 minuts"},"schema":{"@context":"https:\/\/schema.org","@graph":[{"@type":"WebPage","@id":"https:\/\/ecoquimic.com\/blog2\/maquina-de-envasado\/","url":"https:\/\/ecoquimic.com\/blog2\/maquina-de-envasado\/","name":"M\u00e1quina de envasado - Ecoquimic","isPartOf":{"@id":"https:\/\/ecoquimic.com\/#website"},"primaryImageOfPage":{"@id":"https:\/\/ecoquimic.com\/blog2\/maquina-de-envasado\/#primaryimage"},"image":{"@id":"https:\/\/ecoquimic.com\/blog2\/maquina-de-envasado\/#primaryimage"},"thumbnailUrl":"https:\/\/ecoquimic.com\/wp-content\/uploads\/2021\/11\/Post-Tip-Data-1-e1637693378550.png","datePublished":"2024-04-17T10:26:38+00:00","dateModified":"2024-05-07T08:48:54+00:00","description":"Fabricaci\u00f3n de productos qu\u00edmicos, marcas blancas, productos de limpieza, automoci\u00f3n, n\u00e1utica, lavander\u00eda industrial, lavander\u00eda dom\u00e9stica, construcci\u00f3n, Canal Horeca, productos biol\u00f3gicos, ambientadores, piscina. Ecoquimic - M\u00e1quina de envasado","breadcrumb":{"@id":"https:\/\/ecoquimic.com\/blog2\/maquina-de-envasado\/#breadcrumb"},"inLanguage":"ca","potentialAction":[{"@type":"ReadAction","target":["https:\/\/ecoquimic.com\/blog2\/maquina-de-envasado\/"]}]},{"@type":"ImageObject","inLanguage":"ca","@id":"https:\/\/ecoquimic.com\/blog2\/maquina-de-envasado\/#primaryimage","url":"https:\/\/ecoquimic.com\/wp-content\/uploads\/2021\/11\/Post-Tip-Data-1-e1637693378550.png","contentUrl":"https:\/\/ecoquimic.com\/wp-content\/uploads\/2021\/11\/Post-Tip-Data-1-e1637693378550.png","width":631,"height":509},{"@type":"BreadcrumbList","@id":"https:\/\/ecoquimic.com\/blog2\/maquina-de-envasado\/#breadcrumb","itemListElement":[{"@type":"ListItem","position":1,"name":"Portada","item":"https:\/\/ecoquimic.com\/"},{"@type":"ListItem","position":2,"name":"Blog","item":"https:\/\/ecoquimic.com\/blog2\/"},{"@type":"ListItem","position":3,"name":"M\u00e1quina de envasado"}]},{"@type":"WebSite","@id":"https:\/\/ecoquimic.com\/#website","url":"https:\/\/ecoquimic.com\/","name":"Ecoquimic","description":"F\u00e1brica productos qu\u00edmicos de limpieza en Mallorca, Baleares, Espa\u00f1a","publisher":{"@id":"https:\/\/ecoquimic.com\/#organization"},"potentialAction":[{"@type":"SearchAction","target":{"@type":"EntryPoint","urlTemplate":"https:\/\/ecoquimic.com\/?s={search_term_string}"},"query-input":{"@type":"PropertyValueSpecification","valueRequired":true,"valueName":"search_term_string"}}],"inLanguage":"ca"},{"@type":"Organization","@id":"https:\/\/ecoquimic.com\/#organization","name":"Ecoquimic","url":"https:\/\/ecoquimic.com\/","logo":{"@type":"ImageObject","inLanguage":"ca","@id":"https:\/\/ecoquimic.com\/#\/schema\/logo\/image\/","url":"https:\/\/ecoquimic.com\/wp-content\/uploads\/2021\/10\/ecoquimic.png","contentUrl":"https:\/\/ecoquimic.com\/wp-content\/uploads\/2021\/10\/ecoquimic.png","width":200,"height":93,"caption":"Ecoquimic"},"image":{"@id":"https:\/\/ecoquimic.com\/#\/schema\/logo\/image\/"},"sameAs":["https:\/\/www.facebook.com\/EcoquimicBalear\/","https:\/\/x.com\/EcoquimicBalear","https:\/\/www.instagram.com\/ecoquimic\/","https:\/\/www.linkedin.com\/company\/ecoquimicbalear\/","https:\/\/www.youtube.com\/channel\/UCYxjbpYf4oB7iKCsjUM1J4g"]}]}},"_links":{"self":[{"href":"https:\/\/ecoquimic.com\/ca\/wp-json\/wp\/v2\/pages\/12523","targetHints":{"allow":["GET"]}}],"collection":[{"href":"https:\/\/ecoquimic.com\/ca\/wp-json\/wp\/v2\/pages"}],"about":[{"href":"https:\/\/ecoquimic.com\/ca\/wp-json\/wp\/v2\/types\/page"}],"author":[{"embeddable":true,"href":"https:\/\/ecoquimic.com\/ca\/wp-json\/wp\/v2\/users\/10"}],"replies":[{"embeddable":true,"href":"https:\/\/ecoquimic.com\/ca\/wp-json\/wp\/v2\/comments?post=12523"}],"version-history":[{"count":6,"href":"https:\/\/ecoquimic.com\/ca\/wp-json\/wp\/v2\/pages\/12523\/revisions"}],"predecessor-version":[{"id":14267,"href":"https:\/\/ecoquimic.com\/ca\/wp-json\/wp\/v2\/pages\/12523\/revisions\/14267"}],"up":[{"embeddable":true,"href":"https:\/\/ecoquimic.com\/ca\/wp-json\/wp\/v2\/pages\/3464"}],"wp:featuredmedia":[{"embeddable":true,"href":"https:\/\/ecoquimic.com\/ca\/wp-json\/wp\/v2\/media\/3288"}],"wp:attachment":[{"href":"https:\/\/ecoquimic.com\/ca\/wp-json\/wp\/v2\/media?parent=12523"}],"curies":[{"name":"wp","href":"https:\/\/api.w.org\/{rel}","templated":true}]}}