{"id":12521,"date":"2024-04-17T09:40:09","date_gmt":"2024-04-17T09:40:09","guid":{"rendered":"https:\/\/ecoquimic.com\/?page_id=12521"},"modified":"2024-05-07T08:51:58","modified_gmt":"2024-05-07T08:51:58","slug":"plasticos-biodegradables","status":"publish","type":"page","link":"https:\/\/ecoquimic.com\/ca\/blog2\/plasticos-biodegradables\/","title":{"rendered":"Pl\u00e0stics Biodegradables"},"content":{"rendered":"<div data-colibri-id=\"12521-c1\" class=\"style-8094 style-local-12521-c1 position-relative\">\n  <!---->\n  <div data-colibri-component=\"section\" data-colibri-id=\"12521-c2\" id=\"custom\" class=\"h-section h-section-global-spacing d-flex align-items-lg-center align-items-md-center align-items-center style-8095 style-local-12521-c2 position-relative\">\n    <!---->\n    <!---->\n    <div class=\"h-section-grid-container h-section-boxed-container\">\n      <!---->\n      <div data-colibri-id=\"12521-c3\" class=\"h-row-container gutters-row-lg-2 gutters-row-md-2 gutters-row-0 gutters-row-v-lg-2 gutters-row-v-md-2 gutters-row-v-2 style-8096 style-local-12521-c3 position-relative\">\n        <!---->\n        <div class=\"h-row justify-content-lg-center justify-content-md-center justify-content-center align-items-lg-stretch align-items-md-stretch align-items-stretch gutters-col-lg-2 gutters-col-md-2 gutters-col-0 gutters-col-v-lg-2 gutters-col-v-md-2 gutters-col-v-2\">\n          <!---->\n          <div class=\"h-column h-column-container d-flex h-col-lg-auto h-col-md-auto h-col-auto style-8097-outer style-local-12521-c4-outer\">\n            <div data-colibri-id=\"12521-c4\" class=\"d-flex h-flex-basis h-column__inner h-px-lg-2 h-px-md-2 h-px-2 v-inner-lg-2 v-inner-md-2 v-inner-2 style-8097 style-local-12521-c4 position-relative\">\n              <!---->\n              <!---->\n              <div class=\"w-100 h-y-container h-column__content h-column__v-align flex-basis-100 align-self-lg-start align-self-md-start align-self-start\">\n                <!---->\n                <div data-colibri-id=\"12521-c5\" class=\"h-global-transition-all h-heading style-8100 style-local-12521-c5 position-relative h-element\">\n                  <!---->\n                  <div class=\"h-heading__outer style-8100 style-local-12521-c5\">\n                    <!---->\n                    <!---->\n                    <h1 class=\"\">Pl\u00e0stics Biodegradables<\/h1>\n                  <\/div>\n                <\/div>\n                <div data-colibri-id=\"12521-c6\" class=\"h-text h-text-component style-8101 style-local-12521-c6 position-relative h-element\">\n                  <!---->\n                  <!---->\n                  <div class=\"\">\n                    <p>Durant les \u00faltimes d\u00e8cades, el consum de pl\u00e0stics representen un dels materials m\u00e9s utilitzats en el nostre dia a dia. Els pl\u00e0stics, malgrat que ofereixen molts avantatges, s\u00f3n un dels problemes ambientals m\u00e9s greus del nostre present i, si seguim aquesta tend\u00e8ncia, del nostre futur tamb\u00e9. El seu \u00fas est\u00e8s i la seva dificultat tant per a reciclar-se com biodegradarse causa la seva acumulaci\u00f3 en el nostre ecosistema provocant danys irreparables.<\/p>\n                    <p>Per aquest motiu cada vegada m\u00e9s s'estableixen mesures per a reduir el consum de pl\u00e0stics, com l'eliminaci\u00f3 de pl\u00e0stics d'un sol \u00fas, per\u00f2 com a consumidors tamb\u00e9 hem d'actuar i intentar fer el possible per a combatre aquest problema.<\/p>\n                  <\/div>\n                <\/div>\n                <div data-colibri-id=\"12521-c7\" class=\"h-global-transition-all h-heading style-8102 style-local-12521-c7 position-relative h-element\">\n                  <!---->\n                  <div class=\"h-heading__outer style-8102 style-local-12521-c7\">\n                    <!---->\n                    <!---->\n                    <h2 class=\"\">Els pl\u00e0stics en el sector de la deterg\u00e8ncia<\/h2>\n                  <\/div>\n                <\/div>\n                <div data-colibri-id=\"12521-c8\" class=\"h-text h-text-component style-8103 style-local-12521-c8 position-relative h-element\">\n                  <!---->\n                  <!---->\n                  <div class=\"\">\n                    <p>Per a l'emmagatzematge de productes qu\u00edmics l\u00edquids en general, els pl\u00e0stics solen ser un dels materials m\u00e9s utilitzats ja que posseeix unes propietats id\u00f2nies per a aquest fi, els recipients tenen \u00e0mplia compatibilitat amb els\nproductes qu\u00edmics i una de les opcions m\u00e9s econ\u00f2miques.<\/p>\n                    <p>En l'\u00e0mbit industrial \u00e9s habitual trobar recipients de vidre o acer, per\u00f2 no s\u00f3n tan vers\u00e0tils ni tan econ\u00f2mics.<\/p>\n                    <p>Quant a l'\u00e0mbit dom\u00e8stic no \u00e9s habitual trobar alternatives a aquest material, ja que el podem trobar pr\u00e0cticament en qualsevol producte qu\u00edmic en qualsevol supermercat.<\/p>\n                    <p>Quant a l'\u00e0mbit dom\u00e8stic no \u00e9s habitual trobar alternatives a aquest material, ja que el podem trobar pr\u00e0cticament en qualsevol producte qu\u00edmic en qualsevol supermercat.<\/p>\n                  <\/div>\n                <\/div>\n                <div data-colibri-id=\"12521-c9\" class=\"h-global-transition-all h-heading style-8102 style-local-12521-c9 position-relative h-element\">\n                  <!---->\n                  <div class=\"h-heading__outer style-8102 style-local-12521-c9\">\n                    <!---->\n                    <!---->\n                    <h2 class=\"\">Alternatives per a reduir el pl\u00e0stic<\/h2>\n                  <\/div>\n                <\/div>\n                <div data-colibri-id=\"12521-c10\" class=\"h-text h-text-component style-8105 style-local-12521-c10 position-relative h-element\">\n                  <!---->\n                  <!---->\n                  <div class=\"\">\n                    <p>Des de Ecoquimic Balear treballem cada dia a poder donar una soluci\u00f3 al consum excessiu de pl\u00e0stics i encara que avui dia encara no hi hagi una alternativa per a substituir-lo \u00edntegrament, si que cada vegada hi ha m\u00e9s solucions per a reduir el seu consum.<\/p>\n                    <p>En primer lloc, el punt m\u00e9s important \u00e9s conscienciar al consumidor del problema que suposa aquest material i la import\u00e0ncia de valorar l'impacte mig ambiental del producte convertint-se aix\u00ed en un valor afegit sense fixar-se \u00fanicament en el cost.<\/p>\n                    <p>Una altra opci\u00f3 \u00e9s comprar productes concentrats, d'aquesta manera en un sol env\u00e0s de pl\u00e0stic, tindr\u00edem el que en 2 o 3 envasos d'un producte m\u00e9s dilu\u00eft.<\/p>\n                    <p>Avui dia tamb\u00e9 ja van sortint nous formats d'envasament com podria ser el Bag-*In-Box, \u00e9s a dir una bossa que cont\u00e9 el producte, amb una aixeta dispensadora en la part de baix, aquesta es guarda en una caixa de cart\u00f3 i d'aquesta manera cada vegada que s'acaba el producte \u00fanicament hem de canviar o emplenar la bossa amb el nostre producte, estalviant-nos un 60% de pl\u00e0stic en comparaci\u00f3 amb un env\u00e0s normal.<\/p>\n                    <p>I nosaltres fins i tot tenim l'opci\u00f3 de comprar directament a granel amb els nostres envasos reutilitzables, la qual cosa ens ajuda a no desaprofitar molta quantitat de pl\u00e0stic a final d'any.<\/p>\n                  <\/div>\n                <\/div>\n              <\/div>\n            <\/div>\n          <\/div>\n        <\/div>\n      <\/div>\n    <\/div>\n  <\/div>\n<\/div>","protected":false},"excerpt":{"rendered":"<p>Pl\u00e1sticos Biodegradables Durante las \u00faltimas d\u00e9cadas, el consumo de pl\u00e1sticos representan uno de los materiales m\u00e1s utilizados en nuestro d\u00eda a d\u00eda. Los pl\u00e1sticos, pese a que ofrecen muchas ventajas, son uno de los problemas ambientales m\u00e1s graves de nuestro presente y, si seguimos esta tendencia, de nuestro futuro tambi\u00e9n. Su uso extendido y su [&hellip;]<\/p>\n","protected":false},"author":10,"featured_media":12075,"parent":3464,"menu_order":0,"comment_status":"closed","ping_status":"closed","template":"page-templates\/full-width-page.php","meta":{"footnotes":""},"class_list":["post-12521","page","type-page","status-publish","has-post-thumbnail","hentry"],"yoast_head":"<!-- This site is optimized with the Yoast SEO plugin v27.4 - https:\/\/yoast.com\/product\/yoast-seo-wordpress\/ -->\n<title>Pl\u00e1sticos Biodegradables - Ecoquimic<\/title>\n<meta name=\"description\" content=\"Fabricaci\u00f3n de productos qu\u00edmicos, marcas blancas, productos de limpieza, automoci\u00f3n, n\u00e1utica, lavander\u00eda industrial, lavander\u00eda dom\u00e9stica, construcci\u00f3n, Canal Horeca, productos biol\u00f3gicos, ambientadores, piscina. Ecoquimic - Pl\u00e1sticos Biodegradables\" \/>\n<meta name=\"robots\" content=\"index, follow, max-snippet:-1, max-image-preview:large, max-video-preview:-1\" \/>\n<link rel=\"canonical\" href=\"https:\/\/ecoquimic.com\/ca\/blog2\/plasticos-biodegradables\/\" \/>\n<meta property=\"og:locale\" content=\"ca_ES\" \/>\n<meta property=\"og:type\" content=\"article\" \/>\n<meta property=\"og:title\" content=\"Pl\u00e1sticos Biodegradables - Ecoquimic\" \/>\n<meta property=\"og:description\" content=\"Fabricaci\u00f3n de productos qu\u00edmicos, marcas blancas, productos de limpieza, automoci\u00f3n, n\u00e1utica, lavander\u00eda industrial, lavander\u00eda dom\u00e9stica, construcci\u00f3n, Canal Horeca, productos biol\u00f3gicos, ambientadores, piscina. Ecoquimic - Pl\u00e1sticos Biodegradables\" \/>\n<meta property=\"og:url\" content=\"https:\/\/ecoquimic.com\/ca\/blog2\/plasticos-biodegradables\/\" \/>\n<meta property=\"og:site_name\" content=\"Ecoquimic\" \/>\n<meta property=\"article:publisher\" content=\"https:\/\/www.facebook.com\/EcoquimicBalear\/\" \/>\n<meta property=\"article:modified_time\" content=\"2024-05-07T08:51:58+00:00\" \/>\n<meta property=\"og:image\" content=\"https:\/\/ecoquimic.com\/wp-content\/uploads\/2024\/04\/DSC9861-scaled.jpg\" \/>\n\t<meta property=\"og:image:width\" content=\"2560\" \/>\n\t<meta property=\"og:image:height\" content=\"1696\" \/>\n\t<meta property=\"og:image:type\" content=\"image\/jpeg\" \/>\n<meta name=\"twitter:card\" content=\"summary_large_image\" \/>\n<meta name=\"twitter:site\" content=\"@EcoquimicBalear\" \/>\n<meta name=\"twitter:label1\" content=\"Temps estimat de lectura\" \/>\n\t<meta name=\"twitter:data1\" content=\"1 minut\" \/>\n<script type=\"application\/ld+json\" class=\"yoast-schema-graph\">{\"@context\":\"https:\\\/\\\/schema.org\",\"@graph\":[{\"@type\":\"WebPage\",\"@id\":\"https:\\\/\\\/ecoquimic.com\\\/blog2\\\/plasticos-biodegradables\\\/\",\"url\":\"https:\\\/\\\/ecoquimic.com\\\/blog2\\\/plasticos-biodegradables\\\/\",\"name\":\"Pl\u00e1sticos Biodegradables - Ecoquimic\",\"isPartOf\":{\"@id\":\"https:\\\/\\\/ecoquimic.com\\\/#website\"},\"primaryImageOfPage\":{\"@id\":\"https:\\\/\\\/ecoquimic.com\\\/blog2\\\/plasticos-biodegradables\\\/#primaryimage\"},\"image\":{\"@id\":\"https:\\\/\\\/ecoquimic.com\\\/blog2\\\/plasticos-biodegradables\\\/#primaryimage\"},\"thumbnailUrl\":\"https:\\\/\\\/ecoquimic.com\\\/wp-content\\\/uploads\\\/2024\\\/04\\\/DSC9861-scaled.jpg\",\"datePublished\":\"2024-04-17T09:40:09+00:00\",\"dateModified\":\"2024-05-07T08:51:58+00:00\",\"description\":\"Fabricaci\u00f3n de productos qu\u00edmicos, marcas blancas, productos de limpieza, automoci\u00f3n, n\u00e1utica, lavander\u00eda industrial, lavander\u00eda dom\u00e9stica, construcci\u00f3n, Canal Horeca, productos biol\u00f3gicos, ambientadores, piscina. Ecoquimic - Pl\u00e1sticos Biodegradables\",\"breadcrumb\":{\"@id\":\"https:\\\/\\\/ecoquimic.com\\\/blog2\\\/plasticos-biodegradables\\\/#breadcrumb\"},\"inLanguage\":\"ca\",\"potentialAction\":[{\"@type\":\"ReadAction\",\"target\":[\"https:\\\/\\\/ecoquimic.com\\\/blog2\\\/plasticos-biodegradables\\\/\"]}]},{\"@type\":\"ImageObject\",\"inLanguage\":\"ca\",\"@id\":\"https:\\\/\\\/ecoquimic.com\\\/blog2\\\/plasticos-biodegradables\\\/#primaryimage\",\"url\":\"https:\\\/\\\/ecoquimic.com\\\/wp-content\\\/uploads\\\/2024\\\/04\\\/DSC9861-scaled.jpg\",\"contentUrl\":\"https:\\\/\\\/ecoquimic.com\\\/wp-content\\\/uploads\\\/2024\\\/04\\\/DSC9861-scaled.jpg\",\"width\":2560,\"height\":1696},{\"@type\":\"BreadcrumbList\",\"@id\":\"https:\\\/\\\/ecoquimic.com\\\/blog2\\\/plasticos-biodegradables\\\/#breadcrumb\",\"itemListElement\":[{\"@type\":\"ListItem\",\"position\":1,\"name\":\"Portada\",\"item\":\"https:\\\/\\\/ecoquimic.com\\\/\"},{\"@type\":\"ListItem\",\"position\":2,\"name\":\"Blog\",\"item\":\"https:\\\/\\\/ecoquimic.com\\\/blog2\\\/\"},{\"@type\":\"ListItem\",\"position\":3,\"name\":\"Pl\u00e1sticos Biodegradables\"}]},{\"@type\":\"WebSite\",\"@id\":\"https:\\\/\\\/ecoquimic.com\\\/#website\",\"url\":\"https:\\\/\\\/ecoquimic.com\\\/\",\"name\":\"Ecoquimic\",\"description\":\"F\u00e1brica productos qu\u00edmicos de limpieza en Mallorca, Baleares, Espa\u00f1a\",\"publisher\":{\"@id\":\"https:\\\/\\\/ecoquimic.com\\\/#organization\"},\"potentialAction\":[{\"@type\":\"SearchAction\",\"target\":{\"@type\":\"EntryPoint\",\"urlTemplate\":\"https:\\\/\\\/ecoquimic.com\\\/?s={search_term_string}\"},\"query-input\":{\"@type\":\"PropertyValueSpecification\",\"valueRequired\":true,\"valueName\":\"search_term_string\"}}],\"inLanguage\":\"ca\"},{\"@type\":\"Organization\",\"@id\":\"https:\\\/\\\/ecoquimic.com\\\/#organization\",\"name\":\"Ecoquimic\",\"url\":\"https:\\\/\\\/ecoquimic.com\\\/\",\"logo\":{\"@type\":\"ImageObject\",\"inLanguage\":\"ca\",\"@id\":\"https:\\\/\\\/ecoquimic.com\\\/#\\\/schema\\\/logo\\\/image\\\/\",\"url\":\"https:\\\/\\\/ecoquimic.com\\\/wp-content\\\/uploads\\\/2021\\\/10\\\/ecoquimic.png\",\"contentUrl\":\"https:\\\/\\\/ecoquimic.com\\\/wp-content\\\/uploads\\\/2021\\\/10\\\/ecoquimic.png\",\"width\":200,\"height\":93,\"caption\":\"Ecoquimic\"},\"image\":{\"@id\":\"https:\\\/\\\/ecoquimic.com\\\/#\\\/schema\\\/logo\\\/image\\\/\"},\"sameAs\":[\"https:\\\/\\\/www.facebook.com\\\/EcoquimicBalear\\\/\",\"https:\\\/\\\/x.com\\\/EcoquimicBalear\",\"https:\\\/\\\/www.instagram.com\\\/ecoquimic\\\/\",\"https:\\\/\\\/www.linkedin.com\\\/company\\\/ecoquimicbalear\\\/\",\"https:\\\/\\\/www.youtube.com\\\/channel\\\/UCYxjbpYf4oB7iKCsjUM1J4g\"]}]}<\/script>\n<!-- \/ Yoast SEO plugin. -->","yoast_head_json":{"title":"Pl\u00e1sticos Biodegradables - Ecoquimic","description":"Fabricaci\u00f3n de productos qu\u00edmicos, marcas blancas, productos de limpieza, automoci\u00f3n, n\u00e1utica, lavander\u00eda industrial, lavander\u00eda dom\u00e9stica, construcci\u00f3n, Canal Horeca, productos biol\u00f3gicos, ambientadores, piscina. Ecoquimic - Pl\u00e1sticos Biodegradables","robots":{"index":"index","follow":"follow","max-snippet":"max-snippet:-1","max-image-preview":"max-image-preview:large","max-video-preview":"max-video-preview:-1"},"canonical":"https:\/\/ecoquimic.com\/ca\/blog2\/plasticos-biodegradables\/","og_locale":"ca_ES","og_type":"article","og_title":"Pl\u00e1sticos Biodegradables - Ecoquimic","og_description":"Fabricaci\u00f3n de productos qu\u00edmicos, marcas blancas, productos de limpieza, automoci\u00f3n, n\u00e1utica, lavander\u00eda industrial, lavander\u00eda dom\u00e9stica, construcci\u00f3n, Canal Horeca, productos biol\u00f3gicos, ambientadores, piscina. Ecoquimic - Pl\u00e1sticos Biodegradables","og_url":"https:\/\/ecoquimic.com\/ca\/blog2\/plasticos-biodegradables\/","og_site_name":"Ecoquimic","article_publisher":"https:\/\/www.facebook.com\/EcoquimicBalear\/","article_modified_time":"2024-05-07T08:51:58+00:00","og_image":[{"width":2560,"height":1696,"url":"https:\/\/ecoquimic.com\/wp-content\/uploads\/2024\/04\/DSC9861-scaled.jpg","type":"image\/jpeg"}],"twitter_card":"summary_large_image","twitter_site":"@EcoquimicBalear","twitter_misc":{"Temps estimat de lectura":"1 minut"},"schema":{"@context":"https:\/\/schema.org","@graph":[{"@type":"WebPage","@id":"https:\/\/ecoquimic.com\/blog2\/plasticos-biodegradables\/","url":"https:\/\/ecoquimic.com\/blog2\/plasticos-biodegradables\/","name":"Pl\u00e1sticos Biodegradables - Ecoquimic","isPartOf":{"@id":"https:\/\/ecoquimic.com\/#website"},"primaryImageOfPage":{"@id":"https:\/\/ecoquimic.com\/blog2\/plasticos-biodegradables\/#primaryimage"},"image":{"@id":"https:\/\/ecoquimic.com\/blog2\/plasticos-biodegradables\/#primaryimage"},"thumbnailUrl":"https:\/\/ecoquimic.com\/wp-content\/uploads\/2024\/04\/DSC9861-scaled.jpg","datePublished":"2024-04-17T09:40:09+00:00","dateModified":"2024-05-07T08:51:58+00:00","description":"Fabricaci\u00f3n de productos qu\u00edmicos, marcas blancas, productos de limpieza, automoci\u00f3n, n\u00e1utica, lavander\u00eda industrial, lavander\u00eda dom\u00e9stica, construcci\u00f3n, Canal Horeca, productos biol\u00f3gicos, ambientadores, piscina. Ecoquimic - Pl\u00e1sticos Biodegradables","breadcrumb":{"@id":"https:\/\/ecoquimic.com\/blog2\/plasticos-biodegradables\/#breadcrumb"},"inLanguage":"ca","potentialAction":[{"@type":"ReadAction","target":["https:\/\/ecoquimic.com\/blog2\/plasticos-biodegradables\/"]}]},{"@type":"ImageObject","inLanguage":"ca","@id":"https:\/\/ecoquimic.com\/blog2\/plasticos-biodegradables\/#primaryimage","url":"https:\/\/ecoquimic.com\/wp-content\/uploads\/2024\/04\/DSC9861-scaled.jpg","contentUrl":"https:\/\/ecoquimic.com\/wp-content\/uploads\/2024\/04\/DSC9861-scaled.jpg","width":2560,"height":1696},{"@type":"BreadcrumbList","@id":"https:\/\/ecoquimic.com\/blog2\/plasticos-biodegradables\/#breadcrumb","itemListElement":[{"@type":"ListItem","position":1,"name":"Portada","item":"https:\/\/ecoquimic.com\/"},{"@type":"ListItem","position":2,"name":"Blog","item":"https:\/\/ecoquimic.com\/blog2\/"},{"@type":"ListItem","position":3,"name":"Pl\u00e1sticos Biodegradables"}]},{"@type":"WebSite","@id":"https:\/\/ecoquimic.com\/#website","url":"https:\/\/ecoquimic.com\/","name":"Ecoquimic","description":"F\u00e1brica productos qu\u00edmicos de limpieza en Mallorca, Baleares, Espa\u00f1a","publisher":{"@id":"https:\/\/ecoquimic.com\/#organization"},"potentialAction":[{"@type":"SearchAction","target":{"@type":"EntryPoint","urlTemplate":"https:\/\/ecoquimic.com\/?s={search_term_string}"},"query-input":{"@type":"PropertyValueSpecification","valueRequired":true,"valueName":"search_term_string"}}],"inLanguage":"ca"},{"@type":"Organization","@id":"https:\/\/ecoquimic.com\/#organization","name":"Ecoquimic","url":"https:\/\/ecoquimic.com\/","logo":{"@type":"ImageObject","inLanguage":"ca","@id":"https:\/\/ecoquimic.com\/#\/schema\/logo\/image\/","url":"https:\/\/ecoquimic.com\/wp-content\/uploads\/2021\/10\/ecoquimic.png","contentUrl":"https:\/\/ecoquimic.com\/wp-content\/uploads\/2021\/10\/ecoquimic.png","width":200,"height":93,"caption":"Ecoquimic"},"image":{"@id":"https:\/\/ecoquimic.com\/#\/schema\/logo\/image\/"},"sameAs":["https:\/\/www.facebook.com\/EcoquimicBalear\/","https:\/\/x.com\/EcoquimicBalear","https:\/\/www.instagram.com\/ecoquimic\/","https:\/\/www.linkedin.com\/company\/ecoquimicbalear\/","https:\/\/www.youtube.com\/channel\/UCYxjbpYf4oB7iKCsjUM1J4g"]}]}},"_links":{"self":[{"href":"https:\/\/ecoquimic.com\/ca\/wp-json\/wp\/v2\/pages\/12521","targetHints":{"allow":["GET"]}}],"collection":[{"href":"https:\/\/ecoquimic.com\/ca\/wp-json\/wp\/v2\/pages"}],"about":[{"href":"https:\/\/ecoquimic.com\/ca\/wp-json\/wp\/v2\/types\/page"}],"author":[{"embeddable":true,"href":"https:\/\/ecoquimic.com\/ca\/wp-json\/wp\/v2\/users\/10"}],"replies":[{"embeddable":true,"href":"https:\/\/ecoquimic.com\/ca\/wp-json\/wp\/v2\/comments?post=12521"}],"version-history":[{"count":5,"href":"https:\/\/ecoquimic.com\/ca\/wp-json\/wp\/v2\/pages\/12521\/revisions"}],"predecessor-version":[{"id":14295,"href":"https:\/\/ecoquimic.com\/ca\/wp-json\/wp\/v2\/pages\/12521\/revisions\/14295"}],"up":[{"embeddable":true,"href":"https:\/\/ecoquimic.com\/ca\/wp-json\/wp\/v2\/pages\/3464"}],"wp:featuredmedia":[{"embeddable":true,"href":"https:\/\/ecoquimic.com\/ca\/wp-json\/wp\/v2\/media\/12075"}],"wp:attachment":[{"href":"https:\/\/ecoquimic.com\/ca\/wp-json\/wp\/v2\/media?parent=12521"}],"curies":[{"name":"wp","href":"https:\/\/api.w.org\/{rel}","templated":true}]}}