{"id":12516,"date":"2024-04-17T12:10:18","date_gmt":"2024-04-17T12:10:18","guid":{"rendered":"https:\/\/ecoquimic.com\/?page_id=12516"},"modified":"2024-05-07T08:52:32","modified_gmt":"2024-05-07T08:52:32","slug":"huella-articulo","status":"publish","type":"page","link":"https:\/\/ecoquimic.com\/ca\/blog2\/huella-articulo\/","title":{"rendered":"Huella de carbono"},"content":{"rendered":"<div data-colibri-id=\"12516-c1\" class=\"style-8062 style-local-12516-c1 position-relative\">\n  <!---->\n  <div data-colibri-component=\"section\" data-colibri-id=\"12516-c2\" id=\"custom\" class=\"h-section h-section-global-spacing d-flex align-items-lg-center align-items-md-center align-items-center style-8063 style-local-12516-c2 position-relative\">\n    <!---->\n    <!---->\n    <div class=\"h-section-grid-container h-section-boxed-container\">\n      <!---->\n      <div data-colibri-id=\"12516-c3\" class=\"h-row-container gutters-row-lg-2 gutters-row-md-2 gutters-row-0 gutters-row-v-lg-2 gutters-row-v-md-2 gutters-row-v-2 style-8064 style-local-12516-c3 position-relative\">\n        <!---->\n        <div class=\"h-row justify-content-lg-center justify-content-md-center justify-content-center align-items-lg-stretch align-items-md-stretch align-items-stretch gutters-col-lg-2 gutters-col-md-2 gutters-col-0 gutters-col-v-lg-2 gutters-col-v-md-2 gutters-col-v-2\">\n          <!---->\n          <div class=\"h-column h-column-container d-flex h-col-lg-auto h-col-md-auto h-col-auto style-8065-outer style-local-12516-c4-outer\">\n            <div data-colibri-id=\"12516-c4\" class=\"d-flex h-flex-basis h-column__inner h-px-lg-2 h-px-md-2 h-px-2 v-inner-lg-2 v-inner-md-2 v-inner-2 style-8065 style-local-12516-c4 position-relative\">\n              <!---->\n              <!---->\n              <div class=\"w-100 h-y-container h-column__content h-column__v-align flex-basis-100 align-self-lg-start align-self-md-start align-self-start\">\n                <!---->\n                <div data-colibri-id=\"12516-c5\" class=\"h-global-transition-all h-heading style-8066 style-local-12516-c5 position-relative h-element\">\n                  <!---->\n                  <div class=\"h-heading__outer style-8066 style-local-12516-c5\">\n                    <!---->\n                    <!---->\n                    <h1 class=\"\">Petjada de Carboni<\/h1>\n                  <\/div>\n                <\/div>\n                <div data-colibri-id=\"12516-c6\" class=\"h-global-transition-all h-heading style-8067 style-local-12516-c6 position-relative h-element\">\n                  <!---->\n                  <div class=\"h-heading__outer style-8067 style-local-12516-c6\">\n                    <!---->\n                    <!---->\n                    <h2 class=\"\">Qu\u00e8 \u00e9s la petjada de carboni?<\/h2>\n                  <\/div>\n                <\/div>\n                <div data-colibri-id=\"12516-c7\" class=\"h-text h-text-component style-8068 style-local-12516-c7 position-relative h-element\">\n                  <!---->\n                  <!---->\n                  <div class=\"\">\n                    <p>La petjada de carboni representa, de manera general, el volum total de gasos d'efecte d'hivernacle (GEI) emesos a l'atmosfera.<\/p>\n                    <p>Sabem que s\u00f3n produ\u00efts per les activitats econ\u00f2miques i quotidianes de l'\u00e9sser hum\u00e0 i hem de saber com reduir-los.<\/p>\n                  <\/div>\n                <\/div>\n                <div data-colibri-id=\"12516-c8\" class=\"h-global-transition-all h-heading style-8067 style-local-12516-c8 position-relative h-element\">\n                  <!---->\n                  <div class=\"h-heading__outer style-8067 style-local-12516-c8\">\n                    <!---->\n                    <!---->\n                    <h2 class=\"\">Quins s\u00f3n els compostos del GEI?<\/h2>\n                  <\/div>\n                <\/div>\n                <div data-colibri-id=\"12516-c9\" class=\"h-text h-text-component style-8070 style-local-12516-c9 position-relative h-element\">\n                  <!---->\n                  <!---->\n                  <div class=\"\">\n                    <p>Els GEI engloben composts com el&nbsp;<strong style=\"font-family: Calibri, sans-serif;\">met\u00e0 (CH<\/strong>\n                      <sub style=\"font-family: Calibri, sans-serif;\"><strong>4<\/strong><\/sub><strong style=\"font-family: Calibri, sans-serif;\">)<\/strong>, l' <strong style=\"font-family: Calibri, sans-serif;\">\u00f2xid de nitrogen (N<\/strong>\n                      <sub style=\"font-family: Calibri, sans-serif;\"><strong>2<\/strong><\/sub><strong style=\"font-family: Calibri, sans-serif;\">O<\/strong>), els <strong style=\"font-family: Calibri, sans-serif;\">Hidrofluorocarburs (HFCs)<\/strong>, els <strong style=\"font-family: Calibri, sans-serif;\">perfluororcarburs (PFCs)<\/strong>, l' <strong style=\"font-family: Calibri, sans-serif;\">hexafluorur de sofre (SF<\/strong>\n                      <sub style=\"font-family: Calibri, sans-serif;\"><strong>6<\/strong><\/sub><strong style=\"font-family: Calibri, sans-serif;\">) <\/strong>i, sobretot, del m\u00e9s abundant, el <strong style=\"font-family: Calibri, sans-serif;\">di\u00f2xid de carboni (CO<\/strong>\n                      <sub style=\"font-family: Calibri, sans-serif;\"><strong>2<\/strong><\/sub><strong style=\"font-family: Calibri, sans-serif;\">).<\/strong><\/p>\n                  <\/div>\n                <\/div>\n                <div data-colibri-id=\"12516-c10\" class=\"h-text h-text-component style-8071 style-local-12516-c10 position-relative h-element\">\n                  <!---->\n                  <!---->\n                  <div class=\"\">\n                    <p>Aquests gasos s\u00f3n els responsables de la formaci\u00f3 d'una capa permanent en la part mitjana de l'atmosfera.<\/p>\n                    <p>Aquesta fa que impedeixi la sortiu d'una part de la radiaci\u00f3 solar, provocant amb aix\u00f2 que la temperatura sota la capa augmenti.<\/p>\n                  <\/div>\n                <\/div>\n                <div data-colibri-id=\"12516-c11\" class=\"h-global-transition-all h-heading style-8067 style-local-12516-c11 position-relative h-element\">\n                  <!---->\n                  <div class=\"h-heading__outer style-8067 style-local-12516-c11\">\n                    <!---->\n                    <!---->\n                    <h2 class=\"\">Com es quantifica la petjada de carboni?<\/h2>\n                  <\/div>\n                <\/div>\n                <div data-colibri-id=\"12516-c12\" class=\"h-text h-text-component style-8073 style-local-12516-c12 position-relative h-element\">\n                  <!---->\n                  <!---->\n                  <div class=\"\">\n                    <p>Con\u00e8ixer aquest volum expressat en tones de CO\n                      <sub>2<\/sub> \u00e9s important per a prendre mesures i posar en marxa les iniciatives per a reduir l'efecte que tenen sobre el canvi clim\u00e0tic.<\/p>\n                  <\/div>\n                <\/div>\n                <div data-colibri-id=\"12516-c13\" class=\"h-global-transition-all h-heading style-8074 style-local-12516-c13 position-relative h-element\">\n                  <!---->\n                  <div class=\"h-heading__outer style-8074 style-local-12516-c13\">\n                    <!---->\n                    <!---->\n                    <h3 class=\"\">TIPUS D'ABAST D'EMISSIONS<\/h3>\n                  <\/div>\n                <\/div>\n                <div data-colibri-id=\"12516-c14\" class=\"h-text h-text-component style-8075 style-local-12516-c14 position-relative h-element\">\n                  <!---->\n                  <!---->\n                  <div class=\"\">\n                    <p>Aquest inventari es realitza seguint est\u00e0ndards internacionals, principalment GHG Protocol 2 o la norma ISO 14064-1.<\/p>\n                    <p>Per a les organitzacions es poden diferenciar 3 tipus d'emissions:<\/p>\n                    <ul>\n                      <li><span style=\"font-weight: 500;\">Emissions d'Abast 1 o Emissions Directes: <\/span>S\u00f3n els gasos d'efecte d'hivernacle emesos de manera directa per l'organitzaci\u00f3. Per exemple, per l'\u00fas de combustibles f\u00f2ssils en maquin\u00e0ria\no vehicles de propietat de l'organitzaci\u00f3, per p\u00e8rdues de gasos refrigerants o per reaccions qu\u00edmiques durant els processos productius de l'organitzaci\u00f3.<\/li>\n                      <li><span style=\"font-weight: 500;\">Emissions d'Abast<\/span> 2 <span style=\"font-weight: 500;\">o Emissions Indirectes: <\/span>S\u00f3n els gasos d'efecte d'hivernacle emesos pel productor de l'energia requerida per l'organitzaci\u00f3, \u00e9s a dir dep\u00e8n del consum energ\u00e8tic de l'empresa.<\/li>\n                      <li><span style=\"font-weight: 500;\">Emissions d'Abast 3 o Altres Emissions Indirectes:<\/span> Es comptabilitzen per productes i serveis adquirits per l'organitzaci\u00f3, que al seu torn hauran generat emissions pr\u00e8viament per a ser produ\u00efts. S\u00f3n les m\u00e9s dif\u00edcils de comptabilitzar a causa del seu abast.<\/li>\n                    <\/ul>\n                  <\/div>\n                <\/div>\n                <div data-colibri-id=\"12516-c15\" class=\"h-text h-text-component style-8076 style-local-12516-c15 position-relative h-element\">\n                  <!---->\n                  <!---->\n                  <div class=\"\">\n                    <p><span style=\"font-weight: 500;\">Els Inventaris d'Emissions<\/span> <span style=\"font-weight: 500;\">de GEI <\/span>han de contenir com a m\u00ednim les dues primeres emissions i poden ser certificades per una entitat de verificaci\u00f3 acreditada.<\/p>\n                    <p>En ell es comptabilitzen tamb\u00e9, per separat, les activitats d'absorci\u00f3 de CO\n                      <sub>2<\/sub> debidas directamente a la actividad de la organizaci\u00f3n.<\/p>\n                  <\/div>\n                <\/div>\n                <div data-colibri-id=\"12516-c16\" class=\"h-global-transition-all h-heading style-8067 style-local-12516-c16 position-relative h-element\">\n                  <!---->\n                  <div class=\"h-heading__outer style-8067 style-local-12516-c16\">\n                    <!---->\n                    <!---->\n                    <h2 class=\"\">Com es poden reduir les emissions de CO\n                      <sub>2<\/sub>?<\/h2>\n                  <\/div>\n                <\/div>\n                <div data-colibri-id=\"12516-c17\" class=\"h-text h-text-component style-8078 style-local-12516-c17 position-relative h-element\">\n                  <!---->\n                  <!---->\n                  <div class=\"\">\n                    <p>Des del primer gran informe del <span style=\"font-weight: 500;\">Panell Intergovernamental per al<\/span> C<span style=\"font-weight: 500;\">anvi Clim\u00e0tic(IPCC)<\/span> de l'ONU en 1990 i la signatura del Protocol de Kyoto en 1997 ha estat cada vegada m\u00e9s important la implementaci\u00f3 de mesures per a reduir l'impacte que tenen les emissions en el planeta<\/p>\n                    <p>Un dels passos m\u00e9s importants s\u00f3n les reducci\u00f3 de la <span style=\"font-weight: 500;\">Petjada de Carboni<\/span>, no solamente la de las organizaciones sino tambi\u00e9n la personal.<\/p>\n                  <\/div>\n                <\/div>\n                <div data-colibri-id=\"12516-c18\" class=\"h-global-transition-all h-heading style-8074 style-local-12516-c18 position-relative h-element\">\n                  <!---->\n                  <div class=\"h-heading__outer style-8074 style-local-12516-c18\">\n                    <!---->\n                    <!---->\n                    <h3 class=\"\">Algunes opcions per a reduir la petjada de carboni s\u00f3n:<\/h3>\n                  <\/div>\n                <\/div>\n                <div data-colibri-id=\"12516-c19\" class=\"h-text h-text-component style-8080 style-local-12516-c19 position-relative h-element\">\n                  <!---->\n                  <!---->\n                  <div class=\"\">\n                    <ul>\n                      <li>Apostar per un consum responsable, basat en productes de proximitat i elaborats sosteniblement<\/li>\n                      <li>Moure's de manera m\u00e9s eco-friendly amb el medi ambient<\/li>\n                      <li>Triar un consum d'energia d'origen renovable<\/li>\n                      <li>Disminuir la quantitat de residus<\/li>\n                    <\/ul>\n                    <p>\n                      <br>\n                    <\/p>\n                  <\/div>\n                <\/div>\n              <\/div>\n            <\/div>\n          <\/div>\n        <\/div>\n      <\/div>\n    <\/div>\n  <\/div>\n<\/div>","protected":false},"excerpt":{"rendered":"<p>Huella de Carbono \u00bfQu\u00e9 es la huella de carbono? La huella de carbono representa, de forma general, el volumen total de gases de efecto invernadero (GEI) emitidos a la atm\u00f3sfera. Sabemos que son producidos por las actividades econ\u00f3micas y cotidianas del ser humano y debemos de saber como reducirlos. \u00bfCu\u00e1les son los compuestos del GEI? [&hellip;]<\/p>\n","protected":false},"author":10,"featured_media":0,"parent":3464,"menu_order":0,"comment_status":"closed","ping_status":"closed","template":"page-templates\/full-width-page.php","meta":{"footnotes":""},"class_list":["post-12516","page","type-page","status-publish","hentry"],"yoast_head":"<!-- This site is optimized with the Yoast SEO plugin v27.4 - https:\/\/yoast.com\/product\/yoast-seo-wordpress\/ -->\n<title>Huella de carbono - Ecoquimic<\/title>\n<meta name=\"description\" content=\"Fabricaci\u00f3n de productos qu\u00edmicos, marcas blancas, productos de limpieza, automoci\u00f3n, n\u00e1utica, lavander\u00eda industrial, lavander\u00eda dom\u00e9stica, construcci\u00f3n, Canal Horeca, productos biol\u00f3gicos, ambientadores, piscina. Ecoquimic - Huella de carbono\" \/>\n<meta name=\"robots\" content=\"index, follow, max-snippet:-1, max-image-preview:large, max-video-preview:-1\" \/>\n<link rel=\"canonical\" href=\"https:\/\/ecoquimic.com\/ca\/blog2\/huella-articulo\/\" \/>\n<meta property=\"og:locale\" content=\"ca_ES\" \/>\n<meta property=\"og:type\" content=\"article\" \/>\n<meta property=\"og:title\" content=\"Huella de carbono - Ecoquimic\" \/>\n<meta property=\"og:description\" content=\"Fabricaci\u00f3n de productos qu\u00edmicos, marcas blancas, productos de limpieza, automoci\u00f3n, n\u00e1utica, lavander\u00eda industrial, lavander\u00eda dom\u00e9stica, construcci\u00f3n, Canal Horeca, productos biol\u00f3gicos, ambientadores, piscina. Ecoquimic - Huella de carbono\" \/>\n<meta property=\"og:url\" content=\"https:\/\/ecoquimic.com\/ca\/blog2\/huella-articulo\/\" \/>\n<meta property=\"og:site_name\" content=\"Ecoquimic\" \/>\n<meta property=\"article:publisher\" content=\"https:\/\/www.facebook.com\/EcoquimicBalear\/\" \/>\n<meta property=\"article:modified_time\" content=\"2024-05-07T08:52:32+00:00\" \/>\n<meta property=\"og:image\" content=\"https:\/\/ecoquimic.com\/wp-content\/uploads\/2022\/03\/assistance-gf36c5b12d_1920.jpg\" \/>\n\t<meta property=\"og:image:width\" content=\"1920\" \/>\n\t<meta property=\"og:image:height\" content=\"810\" \/>\n\t<meta property=\"og:image:type\" content=\"image\/jpeg\" \/>\n<meta name=\"twitter:card\" content=\"summary_large_image\" \/>\n<meta name=\"twitter:site\" content=\"@EcoquimicBalear\" \/>\n<meta name=\"twitter:label1\" content=\"Temps estimat de lectura\" \/>\n\t<meta name=\"twitter:data1\" content=\"1 minut\" \/>\n<script type=\"application\/ld+json\" class=\"yoast-schema-graph\">{\"@context\":\"https:\\\/\\\/schema.org\",\"@graph\":[{\"@type\":\"WebPage\",\"@id\":\"https:\\\/\\\/ecoquimic.com\\\/blog2\\\/huella-articulo\\\/\",\"url\":\"https:\\\/\\\/ecoquimic.com\\\/blog2\\\/huella-articulo\\\/\",\"name\":\"Huella de carbono - Ecoquimic\",\"isPartOf\":{\"@id\":\"https:\\\/\\\/ecoquimic.com\\\/#website\"},\"datePublished\":\"2024-04-17T12:10:18+00:00\",\"dateModified\":\"2024-05-07T08:52:32+00:00\",\"description\":\"Fabricaci\u00f3n de productos qu\u00edmicos, marcas blancas, productos de limpieza, automoci\u00f3n, n\u00e1utica, lavander\u00eda industrial, lavander\u00eda dom\u00e9stica, construcci\u00f3n, Canal Horeca, productos biol\u00f3gicos, ambientadores, piscina. Ecoquimic - Huella de carbono\",\"breadcrumb\":{\"@id\":\"https:\\\/\\\/ecoquimic.com\\\/blog2\\\/huella-articulo\\\/#breadcrumb\"},\"inLanguage\":\"ca\",\"potentialAction\":[{\"@type\":\"ReadAction\",\"target\":[\"https:\\\/\\\/ecoquimic.com\\\/blog2\\\/huella-articulo\\\/\"]}]},{\"@type\":\"BreadcrumbList\",\"@id\":\"https:\\\/\\\/ecoquimic.com\\\/blog2\\\/huella-articulo\\\/#breadcrumb\",\"itemListElement\":[{\"@type\":\"ListItem\",\"position\":1,\"name\":\"Portada\",\"item\":\"https:\\\/\\\/ecoquimic.com\\\/\"},{\"@type\":\"ListItem\",\"position\":2,\"name\":\"Blog\",\"item\":\"https:\\\/\\\/ecoquimic.com\\\/blog2\\\/\"},{\"@type\":\"ListItem\",\"position\":3,\"name\":\"Huella de carbono\"}]},{\"@type\":\"WebSite\",\"@id\":\"https:\\\/\\\/ecoquimic.com\\\/#website\",\"url\":\"https:\\\/\\\/ecoquimic.com\\\/\",\"name\":\"Ecoquimic\",\"description\":\"F\u00e1brica productos qu\u00edmicos de limpieza en Mallorca, Baleares, Espa\u00f1a\",\"publisher\":{\"@id\":\"https:\\\/\\\/ecoquimic.com\\\/#organization\"},\"potentialAction\":[{\"@type\":\"SearchAction\",\"target\":{\"@type\":\"EntryPoint\",\"urlTemplate\":\"https:\\\/\\\/ecoquimic.com\\\/?s={search_term_string}\"},\"query-input\":{\"@type\":\"PropertyValueSpecification\",\"valueRequired\":true,\"valueName\":\"search_term_string\"}}],\"inLanguage\":\"ca\"},{\"@type\":\"Organization\",\"@id\":\"https:\\\/\\\/ecoquimic.com\\\/#organization\",\"name\":\"Ecoquimic\",\"url\":\"https:\\\/\\\/ecoquimic.com\\\/\",\"logo\":{\"@type\":\"ImageObject\",\"inLanguage\":\"ca\",\"@id\":\"https:\\\/\\\/ecoquimic.com\\\/#\\\/schema\\\/logo\\\/image\\\/\",\"url\":\"https:\\\/\\\/ecoquimic.com\\\/wp-content\\\/uploads\\\/2021\\\/10\\\/ecoquimic.png\",\"contentUrl\":\"https:\\\/\\\/ecoquimic.com\\\/wp-content\\\/uploads\\\/2021\\\/10\\\/ecoquimic.png\",\"width\":200,\"height\":93,\"caption\":\"Ecoquimic\"},\"image\":{\"@id\":\"https:\\\/\\\/ecoquimic.com\\\/#\\\/schema\\\/logo\\\/image\\\/\"},\"sameAs\":[\"https:\\\/\\\/www.facebook.com\\\/EcoquimicBalear\\\/\",\"https:\\\/\\\/x.com\\\/EcoquimicBalear\",\"https:\\\/\\\/www.instagram.com\\\/ecoquimic\\\/\",\"https:\\\/\\\/www.linkedin.com\\\/company\\\/ecoquimicbalear\\\/\",\"https:\\\/\\\/www.youtube.com\\\/channel\\\/UCYxjbpYf4oB7iKCsjUM1J4g\"]}]}<\/script>\n<!-- \/ Yoast SEO plugin. -->","yoast_head_json":{"title":"Huella de carbono - Ecoquimic","description":"Fabricaci\u00f3n de productos qu\u00edmicos, marcas blancas, productos de limpieza, automoci\u00f3n, n\u00e1utica, lavander\u00eda industrial, lavander\u00eda dom\u00e9stica, construcci\u00f3n, Canal Horeca, productos biol\u00f3gicos, ambientadores, piscina. Ecoquimic - Huella de carbono","robots":{"index":"index","follow":"follow","max-snippet":"max-snippet:-1","max-image-preview":"max-image-preview:large","max-video-preview":"max-video-preview:-1"},"canonical":"https:\/\/ecoquimic.com\/ca\/blog2\/huella-articulo\/","og_locale":"ca_ES","og_type":"article","og_title":"Huella de carbono - Ecoquimic","og_description":"Fabricaci\u00f3n de productos qu\u00edmicos, marcas blancas, productos de limpieza, automoci\u00f3n, n\u00e1utica, lavander\u00eda industrial, lavander\u00eda dom\u00e9stica, construcci\u00f3n, Canal Horeca, productos biol\u00f3gicos, ambientadores, piscina. Ecoquimic - Huella de carbono","og_url":"https:\/\/ecoquimic.com\/ca\/blog2\/huella-articulo\/","og_site_name":"Ecoquimic","article_publisher":"https:\/\/www.facebook.com\/EcoquimicBalear\/","article_modified_time":"2024-05-07T08:52:32+00:00","og_image":[{"width":1920,"height":810,"url":"https:\/\/ecoquimic.com\/wp-content\/uploads\/2022\/03\/assistance-gf36c5b12d_1920.jpg","type":"image\/jpeg"}],"twitter_card":"summary_large_image","twitter_site":"@EcoquimicBalear","twitter_misc":{"Temps estimat de lectura":"1 minut"},"schema":{"@context":"https:\/\/schema.org","@graph":[{"@type":"WebPage","@id":"https:\/\/ecoquimic.com\/blog2\/huella-articulo\/","url":"https:\/\/ecoquimic.com\/blog2\/huella-articulo\/","name":"Huella de carbono - Ecoquimic","isPartOf":{"@id":"https:\/\/ecoquimic.com\/#website"},"datePublished":"2024-04-17T12:10:18+00:00","dateModified":"2024-05-07T08:52:32+00:00","description":"Fabricaci\u00f3n de productos qu\u00edmicos, marcas blancas, productos de limpieza, automoci\u00f3n, n\u00e1utica, lavander\u00eda industrial, lavander\u00eda dom\u00e9stica, construcci\u00f3n, Canal Horeca, productos biol\u00f3gicos, ambientadores, piscina. Ecoquimic - Huella de carbono","breadcrumb":{"@id":"https:\/\/ecoquimic.com\/blog2\/huella-articulo\/#breadcrumb"},"inLanguage":"ca","potentialAction":[{"@type":"ReadAction","target":["https:\/\/ecoquimic.com\/blog2\/huella-articulo\/"]}]},{"@type":"BreadcrumbList","@id":"https:\/\/ecoquimic.com\/blog2\/huella-articulo\/#breadcrumb","itemListElement":[{"@type":"ListItem","position":1,"name":"Portada","item":"https:\/\/ecoquimic.com\/"},{"@type":"ListItem","position":2,"name":"Blog","item":"https:\/\/ecoquimic.com\/blog2\/"},{"@type":"ListItem","position":3,"name":"Huella de carbono"}]},{"@type":"WebSite","@id":"https:\/\/ecoquimic.com\/#website","url":"https:\/\/ecoquimic.com\/","name":"Ecoquimic","description":"F\u00e1brica productos qu\u00edmicos de limpieza en Mallorca, Baleares, Espa\u00f1a","publisher":{"@id":"https:\/\/ecoquimic.com\/#organization"},"potentialAction":[{"@type":"SearchAction","target":{"@type":"EntryPoint","urlTemplate":"https:\/\/ecoquimic.com\/?s={search_term_string}"},"query-input":{"@type":"PropertyValueSpecification","valueRequired":true,"valueName":"search_term_string"}}],"inLanguage":"ca"},{"@type":"Organization","@id":"https:\/\/ecoquimic.com\/#organization","name":"Ecoquimic","url":"https:\/\/ecoquimic.com\/","logo":{"@type":"ImageObject","inLanguage":"ca","@id":"https:\/\/ecoquimic.com\/#\/schema\/logo\/image\/","url":"https:\/\/ecoquimic.com\/wp-content\/uploads\/2021\/10\/ecoquimic.png","contentUrl":"https:\/\/ecoquimic.com\/wp-content\/uploads\/2021\/10\/ecoquimic.png","width":200,"height":93,"caption":"Ecoquimic"},"image":{"@id":"https:\/\/ecoquimic.com\/#\/schema\/logo\/image\/"},"sameAs":["https:\/\/www.facebook.com\/EcoquimicBalear\/","https:\/\/x.com\/EcoquimicBalear","https:\/\/www.instagram.com\/ecoquimic\/","https:\/\/www.linkedin.com\/company\/ecoquimicbalear\/","https:\/\/www.youtube.com\/channel\/UCYxjbpYf4oB7iKCsjUM1J4g"]}]}},"_links":{"self":[{"href":"https:\/\/ecoquimic.com\/ca\/wp-json\/wp\/v2\/pages\/12516","targetHints":{"allow":["GET"]}}],"collection":[{"href":"https:\/\/ecoquimic.com\/ca\/wp-json\/wp\/v2\/pages"}],"about":[{"href":"https:\/\/ecoquimic.com\/ca\/wp-json\/wp\/v2\/types\/page"}],"author":[{"embeddable":true,"href":"https:\/\/ecoquimic.com\/ca\/wp-json\/wp\/v2\/users\/10"}],"replies":[{"embeddable":true,"href":"https:\/\/ecoquimic.com\/ca\/wp-json\/wp\/v2\/comments?post=12516"}],"version-history":[{"count":4,"href":"https:\/\/ecoquimic.com\/ca\/wp-json\/wp\/v2\/pages\/12516\/revisions"}],"predecessor-version":[{"id":14302,"href":"https:\/\/ecoquimic.com\/ca\/wp-json\/wp\/v2\/pages\/12516\/revisions\/14302"}],"up":[{"embeddable":true,"href":"https:\/\/ecoquimic.com\/ca\/wp-json\/wp\/v2\/pages\/3464"}],"wp:attachment":[{"href":"https:\/\/ecoquimic.com\/ca\/wp-json\/wp\/v2\/media?parent=12516"}],"curies":[{"name":"wp","href":"https:\/\/api.w.org\/{rel}","templated":true}]}}