{"id":11787,"date":"2024-04-12T10:33:10","date_gmt":"2024-04-12T10:33:10","guid":{"rendered":"https:\/\/ecoquimic.com\/?page_id=11787"},"modified":"2024-05-09T09:17:14","modified_gmt":"2024-05-09T09:17:14","slug":"granel","status":"publish","type":"page","link":"https:\/\/ecoquimic.com\/ca\/granel\/","title":{"rendered":"Granel"},"content":{"rendered":"<div data-colibri-id=\"11787-c1\" class=\"style-7663 style-local-11787-c1 position-relative\">\n  <!---->\n  <div data-colibri-component=\"section\" data-colibri-id=\"11787-c2\" id=\"custom\" class=\"h-section h-section-global-spacing d-flex align-items-lg-center align-items-md-center align-items-center style-7676 style-local-11787-c2 position-relative\">\n    <!---->\n    <!---->\n    <div class=\"h-section-grid-container h-section-boxed-container\">\n      <!---->\n      <div data-colibri-id=\"11787-c3\" class=\"h-row-container gutters-row-lg-2 gutters-row-md-2 gutters-row-0 gutters-row-v-lg-2 gutters-row-v-md-2 gutters-row-v-2 style-7677 style-local-11787-c3 position-relative\">\n        <!---->\n        <div class=\"h-row justify-content-lg-center justify-content-md-center justify-content-center align-items-lg-stretch align-items-md-stretch align-items-stretch gutters-col-lg-2 gutters-col-md-2 gutters-col-0 gutters-col-v-lg-2 gutters-col-v-md-2 gutters-col-v-2\">\n          <!---->\n          <div class=\"h-column h-column-container d-flex h-col-lg-auto h-col-md-auto h-col-auto style-7678-outer style-local-11787-c4-outer\">\n            <div data-colibri-id=\"11787-c4\" class=\"d-flex h-flex-basis h-column__inner h-px-lg-2 h-px-md-2 h-px-2 v-inner-lg-2 v-inner-md-2 v-inner-2 style-7678 style-local-11787-c4 position-relative\">\n              <!---->\n              <!---->\n              <div class=\"w-100 h-y-container h-column__content h-column__v-align flex-basis-100 align-self-lg-start align-self-md-start align-self-start\">\n                <!---->\n                <div data-colibri-id=\"11787-c5\" class=\"h-global-transition-all h-heading style-7671 style-local-11787-c5 position-relative h-element\">\n                  <!---->\n                  <div class=\"h-heading__outer style-7671 style-local-11787-c5\">\n                    <!---->\n                    <!---->\n                    <h5 class=\"\">GRANEL<\/h5>\n                  <\/div>\n                <\/div>\n                <div data-colibri-id=\"11787-c6\" class=\"h-global-transition-all h-heading style-7672 style-local-11787-c6 position-relative h-element\">\n                  <!---->\n                  <div class=\"h-heading__outer style-7672 style-local-11787-c6\">\n                    <!---->\n                    <!---->\n                    <h2 class=\"\">Descobreix les nostres solucions m\u00e9s eco-friendly<\/h2>\n                  <\/div>\n                <\/div>\n                <div data-colibri-id=\"11787-c7\" class=\"style-7701 style-local-11787-c7 position-relative h-element\">\n                  <!---->\n                <\/div>\n              <\/div>\n            <\/div>\n          <\/div>\n        <\/div>\n      <\/div>\n    <\/div>\n  <\/div>\n  <div data-colibri-component=\"section\" data-colibri-id=\"11787-c8\" id=\"overlappable\" class=\"h-section h-section-global-spacing d-flex align-items-lg-center align-items-md-center align-items-center style-7687 style-local-11787-c8 position-relative\">\n    <!---->\n    <!---->\n    <div class=\"h-section-grid-container h-section-boxed-container\">\n      <!---->\n      <div data-colibri-id=\"11787-c9\" class=\"h-row-container gutters-row-lg-2 gutters-row-md-2 gutters-row-2 gutters-row-v-lg-2 gutters-row-v-md-2 gutters-row-v-2 style-7688 style-local-11787-c9 position-relative\">\n        <!---->\n        <div class=\"h-row justify-content-lg-center justify-content-md-center justify-content-center align-items-lg-stretch align-items-md-stretch align-items-stretch gutters-col-lg-2 gutters-col-md-2 gutters-col-2 gutters-col-v-lg-2 gutters-col-v-md-2 gutters-col-v-2\">\n          <!---->\n          <div class=\"h-column h-column-container d-flex h-col-lg-6 h-col-md-6 h-col-12 style-7689-outer style-local-11787-c10-outer\">\n            <div data-colibri-id=\"11787-c10\" class=\"d-flex h-flex-basis h-column__inner h-px-lg-3 h-px-md-3 h-px-3 v-inner-lg-3 v-inner-md-3 v-inner-3 style-7689 style-local-11787-c10 position-relative\">\n              <!---->\n              <!---->\n              <div class=\"w-100 h-y-container h-column__content h-column__v-align flex-basis-100 align-self-lg-start align-self-md-start align-self-start\">\n                <!---->\n                <div data-colibri-id=\"11787-c11\" class=\"h-icon style-7690 style-local-11787-c11 position-relative h-element\">\n                  <!----><span class=\"h-svg-icon h-icon__icon style-7690-icon style-local-11787-c11-icon\"><!--Icon by Ionicons (https:\/\/ionicons.com)--><svg version=\"1.1\" xmlns=\"http:\/\/www.w3.org\/2000\/svg\" xmlns:xlink=\"http:\/\/www.w3.org\/1999\/xlink\" id=\"leaf\" viewbox=\"0 0 422.3384 512\"><path d=\"M412 379c18 3 10 41-5 39 0 0-21 1-63-12 0 0-16 19-39 30-26 12-118 33-197-38C0 301-12 44 8 65c86 90 197 47 270 106 55 44 88 127 77 192 0 0 5 8 57 16zm-96 4c5-5 10-16 10-24C165 307 74 199 74 199s104 143 242 184z\"><\/path><\/svg><\/span><\/div>\n                <div\n                  data-colibri-id=\"11787-c12\" class=\"h-global-transition-all h-heading style-7700 style-local-11787-c12 position-relative h-element\">\n                  <!---->\n                  <div class=\"h-heading__outer style-7700 style-local-11787-c12\">\n                    <!---->\n                    <!---->\n                    <a href=\"https:\/\/ecoquimic.com\/ca\/marcas\/just-granel-2\/\" h-use-smooth-scroll=\"true\">\n                      <h4 class=\"\"><span class=\"fancy-title-headline d-inline-flex\"><span class=\"text-wrapper-fancy\"><span class=\"text-animation-fancy bring-to-front\">Just Granel<\/span>\n                        <svg xmlns=\"http:\/\/www.w3.org\/2000\/svg\" viewbox=\"0 0 500 150\" preserveaspectratio=\"none\">\n                          <path d=\"M5,125.4c30.5-3.8,137.9-7.6,177.3-7.6c117.2,0,252.2,4.7,312.7,7.6\"><\/path>\n                          <path d=\"M26.9,143.8c55.1-6.1,126-6.3,162.2-6.1c46.5,0.2,203.9,3.2,268.9,6.4\"><\/path>\n                        <\/svg>\n                        <\/span>\n                        <\/span>\n                      <\/h4>\n                    <\/a>\n                  <\/div>\n              <\/div>\n              <div data-colibri-id=\"11787-c13\" class=\"h-text h-text-component style-7692 style-local-11787-c13 position-relative h-element\">\n                <!---->\n                <!---->\n                <div class=\"\">\n                  <p>Descobreix la nostra m\u00e0quina de productes a granel<\/p>\n                <\/div>\n              <\/div>\n            <\/div>\n          <\/div>\n        <\/div>\n        <div class=\"h-column h-column-container d-flex h-col-lg-6 h-col-md-6 h-col-12 style-7689-outer style-local-11787-c14-outer\">\n          <div data-colibri-id=\"11787-c14\" class=\"d-flex h-flex-basis h-column__inner h-px-lg-3 h-px-md-3 h-px-3 v-inner-lg-3 v-inner-md-3 v-inner-3 style-7689 style-local-11787-c14 position-relative\">\n            <!---->\n            <!---->\n            <div class=\"w-100 h-y-container h-column__content h-column__v-align flex-basis-100 align-self-lg-start align-self-md-start align-self-start\">\n              <!---->\n              <div data-colibri-id=\"11787-c15\" class=\"h-icon style-7690 style-local-11787-c15 position-relative h-element\">\n                <!----><span class=\"h-svg-icon h-icon__icon style-7690-icon style-local-11787-c15-icon\"><!--Icon by Font Awesome (https:\/\/fontawesome.com)--><svg version=\"1.1\" xmlns=\"http:\/\/www.w3.org\/2000\/svg\" xmlns:xlink=\"http:\/\/www.w3.org\/1999\/xlink\" id=\"dropbox\" viewbox=\"0 0 1792 1896.0833\"><path d=\"M402 707l494 305-342 285L64 978zm986 555v108l-490 293v1l-1-1-1 1v-1l-489-293v-108l147 96 342-284v-2l1 1 1-1v2l343 284zM554 118l342 285-494 304L64 437zm836 589l338 271-489 319-343-285zm-151-589l489 319-338 270-494-304z\"><\/path><\/svg><\/span><\/div>\n              <div\n                data-colibri-id=\"11787-c16\" class=\"h-global-transition-all h-heading style-7693 style-local-11787-c16 position-relative h-element\">\n                <!---->\n                <div class=\"h-heading__outer style-7693 style-local-11787-c16\">\n                  <!---->\n                  <!---->\n                  <a href=\"https:\/\/ecoquimic.com\/ca\/granel\/bag-in-box\/\" h-use-smooth-scroll=\"true\">\n                    <h4 class=\"\">Bag-in-box<\/h4>\n                  <\/a>\n                <\/div>\n            <\/div>\n            <div data-colibri-id=\"11787-c17\" class=\"h-text h-text-component style-7692 style-local-11787-c17 position-relative h-element\">\n              <!---->\n              <!---->\n              <div class=\"\">\n                <p>Tota la nostra gamma de productes, ara amb menys pl\u00e0stic<\/p>\n              <\/div>\n            <\/div>\n          <\/div>\n        <\/div>\n      <\/div>\n      <div class=\"h-column h-column-container d-flex h-col-lg-6 h-col-md-6 h-col-12 style-7689-outer style-local-11787-c18-outer\">\n        <div data-colibri-id=\"11787-c18\" class=\"d-flex h-flex-basis h-column__inner h-px-lg-3 h-px-md-3 h-px-3 v-inner-lg-3 v-inner-md-3 v-inner-3 style-7689 style-local-11787-c18 position-relative\">\n          <!---->\n          <!---->\n          <div class=\"w-100 h-y-container h-column__content h-column__v-align flex-basis-100 align-self-lg-start align-self-md-start align-self-start\">\n            <!---->\n            <div data-colibri-id=\"11787-c19\" class=\"h-icon style-8032 style-local-11787-c19 position-relative h-element\">\n              <!---->\n              <a href=\"https:\/\/ecoquimic.com\/ca\/granel\/gloval\/\" h-use-smooth-scroll=\"true\"><span class=\"h-svg-icon h-icon__icon style-8032-icon style-local-11787-c19-icon\"><!--Icon by Material Icons (https:\/\/material.io)--><svg version=\"1.1\" xmlns=\"http:\/\/www.w3.org\/2000\/svg\" xmlns:xlink=\"http:\/\/www.w3.org\/1999\/xlink\" id=\"local_laundry_service\" viewbox=\"0 0 512 512\"><path d=\"M165.5 389.5Q203 427 256 427t90.5-37.5Q384 352 384 299t-37.5-90.5Q309 171 256 171t-90.5 37.5Q128 246 128 299t37.5 90.5zm-1-298Q158 85 149 85t-15 6.5q-6 6.5-6 15.5t6 15q6 6 15 6t15.5-6q6.5-6 6.5-15t-6.5-15.5zm64 0Q222 85 213 85t-15 6.5q-6 6.5-6 15.5t6 15q6 6 15 6t15.5-6q6.5-6 6.5-15t-6.5-15.5zM384 43q18 0 30.5 12T427 85v342q0 18-12.5 30T384 469H128q-18 0-30.5-12T85 427V85q0-18 12.5-30T128 43h256zM196 359l120-121q25 25 25 60.5T316 359q-25 25-60 25t-60-25z\"><\/path><\/svg><\/span><\/a>\n            <\/div>\n            <div data-colibri-id=\"11787-c20\" class=\"h-global-transition-all h-heading style-8035 style-local-11787-c20 position-relative h-element\">\n              <!---->\n              <div class=\"h-heading__outer style-8035 style-local-11787-c20\">\n                <!---->\n                <!---->\n                <a href=\"https:\/\/ecoquimic.com\/ca\/granel\/gloval\/\" h-use-smooth-scroll=\"true\">\n                  <h4 class=\"\">GLOVAL \u2013 Gesti\u00f3 de bugaderies<\/h4>\n                <\/a>\n              <\/div>\n            <\/div>\n            <div data-colibri-id=\"11787-c21\" class=\"h-text h-text-component style-8034 style-local-11787-c21 position-relative h-element\">\n              <!---->\n              <!---->\n              <div class=\"\">\n                <p>Innovadors sistemes de rentada per a optimitzar l'efic\u00e0cia<\/p>\n              <\/div>\n            <\/div>\n          <\/div>\n        <\/div>\n      <\/div>\n      <div class=\"h-column h-column-container d-flex h-col-lg-6 h-col-md-6 h-col-12 style-7689-outer style-local-11787-c22-outer\">\n        <div data-colibri-id=\"11787-c22\" class=\"d-flex h-flex-basis h-column__inner h-px-lg-3 h-px-md-3 h-px-3 v-inner-lg-3 v-inner-md-3 v-inner-3 style-7689 style-local-11787-c22 position-relative\">\n          <!---->\n          <!---->\n          <div class=\"w-100 h-y-container h-column__content h-column__v-align flex-basis-100 align-self-lg-start align-self-md-start align-self-start\">\n            <!---->\n            <div data-colibri-id=\"11787-c23\" class=\"h-icon style-8032 style-local-11787-c23 position-relative h-element\">\n              <!----><span class=\"h-svg-icon h-icon__icon style-8032-icon style-local-11787-c23-icon\"><!--Icon by Font Awesome (https:\/\/fontawesome.com)--><svg version=\"1.1\" xmlns=\"http:\/\/www.w3.org\/2000\/svg\" xmlns:xlink=\"http:\/\/www.w3.org\/1999\/xlink\" id=\"recycle\" viewbox=\"0 0 1792 1896.0833\"><path d=\"M836 1169l-15 368-2 22-420-29q-36-3-67-31.5t-47-65.5q-11-27-14.5-55t4-65 12-55 21.5-64 19-53q78 12 509 28zM449 583l180 379-147-92q-63 72-111.5 144.5t-72.5 125-39.5 94.5-18.5 63l-4 21L46 961q-17-26-18-56t6-47l8-18q35-63 114-188L16 566zm1231 517l-188 359q-12 29-36.5 46.5T1412 1526l-18 4q-71 7-219 12l8 164-230-367 211-362 7 173q170 16 283 5t170-33zM895 176q-47 63-265 435L313 424l-19-12L519 56q20-31 60-45t80-10q24 2 48.5 12t42 21T791 67t36 34.5 36 39.5 32 35zm655 307l212 363q18 37 12.5 76t-27.5 74q-13 20-33 37t-38 28-48.5 22-47 16-51.5 14-46 12q-34-72-265-436l313-195zm-143-226l142-83-220 373-419-20 151-86q-34-89-75-166t-75.5-123.5-64.5-80T799 25l-17-13 405 1q31-3 58 10.5t39 28.5l11 15q39 61 112 190z\"><\/path><\/svg><\/span><\/div>\n            <div\n              data-colibri-id=\"11787-c24\" class=\"h-global-transition-all h-heading style-8035 style-local-11787-c24 position-relative h-element\">\n              <!---->\n              <div class=\"h-heading__outer style-8035 style-local-11787-c24\">\n                <!---->\n                <!---->\n                <a href=\"https:\/\/ecoquimic.com\/ca\/productos\/\" h-use-smooth-scroll=\"true\">\n                  <h4 class=\"\"><span class=\"fancy-title-headline d-inline-flex\"><span class=\"text-wrapper-fancy\"><span class=\"text-animation-fancy bring-to-front\">Plastic free<\/span>\n                    <svg xmlns=\"http:\/\/www.w3.org\/2000\/svg\" viewbox=\"0 0 500 150\" preserveaspectratio=\"none\">\n                      <path d=\"M5,125.4c30.5-3.8,137.9-7.6,177.3-7.6c117.2,0,252.2,4.7,312.7,7.6\"><\/path>\n                      <path d=\"M26.9,143.8c55.1-6.1,126-6.3,162.2-6.1c46.5,0.2,203.9,3.2,268.9,6.4\"><\/path>\n                    <\/svg>\n                    <\/span>\n                    <\/span>\n                  <\/h4>\n                <\/a>\n              <\/div>\n          <\/div>\n          <div data-colibri-id=\"11787-c25\" class=\"h-text h-text-component style-8034 style-local-11787-c25 position-relative h-element\">\n            <!---->\n            <!---->\n            <div class=\"\">\n              <p>Aconsegueix qualsevol dels nostres productes a granel<\/p>\n            <\/div>\n          <\/div>\n        <\/div>\n      <\/div>\n    <\/div>\n  <\/div>\n<\/div>\n<\/div>\n<\/div>\n<\/div>","protected":false},"excerpt":{"rendered":"<p>GRANEL Descubre nuestras soluciones m\u00e1s eco-friendly Just Granel Descubre nuestra m\u00e1quina de productos a granel Bag-in-box Toda nuestra gama de productos, ahora con menos pl\u00e1stico GLOVAL &#8211; Gesti\u00f3n de lavander\u00edas Innovadores sistemas de lavado para optimizar la eficacia Plastic free Consigue cualquiera de nuestros productos a granel<\/p>","protected":false},"author":10,"featured_media":5986,"parent":0,"menu_order":0,"comment_status":"closed","ping_status":"closed","template":"page-templates\/full-width-page.php","meta":{"footnotes":""},"class_list":["post-11787","page","type-page","status-publish","has-post-thumbnail","hentry"],"yoast_head":"<!-- This site is optimized with the Yoast SEO plugin v27.4 - https:\/\/yoast.com\/product\/yoast-seo-wordpress\/ -->\n<title>Granel - Ecoquimic<\/title>\n<meta name=\"description\" content=\"Fabricaci\u00f3n de productos qu\u00edmicos, marcas blancas, productos de limpieza, automoci\u00f3n, n\u00e1utica, lavander\u00eda industrial, lavander\u00eda dom\u00e9stica, construcci\u00f3n, Canal Horeca, productos biol\u00f3gicos, ambientadores, piscina. Ecoquimic - Granel\" \/>\n<meta name=\"robots\" content=\"index, follow, max-snippet:-1, max-image-preview:large, max-video-preview:-1\" \/>\n<link rel=\"canonical\" href=\"https:\/\/ecoquimic.com\/ca\/granel\/\" \/>\n<meta property=\"og:locale\" content=\"ca_ES\" \/>\n<meta property=\"og:type\" content=\"article\" \/>\n<meta property=\"og:title\" content=\"Granel - Ecoquimic\" \/>\n<meta property=\"og:description\" content=\"Fabricaci\u00f3n de productos qu\u00edmicos, marcas blancas, productos de limpieza, automoci\u00f3n, n\u00e1utica, lavander\u00eda industrial, lavander\u00eda dom\u00e9stica, construcci\u00f3n, Canal Horeca, productos biol\u00f3gicos, ambientadores, piscina. Ecoquimic - Granel\" \/>\n<meta property=\"og:url\" content=\"https:\/\/ecoquimic.com\/ca\/granel\/\" \/>\n<meta property=\"og:site_name\" content=\"Ecoquimic\" \/>\n<meta property=\"article:publisher\" content=\"https:\/\/www.facebook.com\/EcoquimicBalear\/\" \/>\n<meta property=\"article:modified_time\" content=\"2024-05-09T09:17:14+00:00\" \/>\n<meta property=\"og:image\" content=\"https:\/\/ecoquimic.com\/wp-content\/uploads\/2024\/01\/21x14.50-media-pag-2-Post-de-Instagram-Cuadrado.png\" \/>\n\t<meta property=\"og:image:width\" content=\"1080\" \/>\n\t<meta property=\"og:image:height\" content=\"1080\" \/>\n\t<meta property=\"og:image:type\" content=\"image\/png\" \/>\n<meta name=\"twitter:card\" content=\"summary_large_image\" \/>\n<meta name=\"twitter:site\" content=\"@EcoquimicBalear\" \/>\n<meta name=\"twitter:label1\" content=\"Temps estimat de lectura\" \/>\n\t<meta name=\"twitter:data1\" content=\"1 minut\" \/>\n<script type=\"application\/ld+json\" class=\"yoast-schema-graph\">{\"@context\":\"https:\\\/\\\/schema.org\",\"@graph\":[{\"@type\":\"WebPage\",\"@id\":\"https:\\\/\\\/ecoquimic.com\\\/granel\\\/\",\"url\":\"https:\\\/\\\/ecoquimic.com\\\/granel\\\/\",\"name\":\"Granel - Ecoquimic\",\"isPartOf\":{\"@id\":\"https:\\\/\\\/ecoquimic.com\\\/#website\"},\"primaryImageOfPage\":{\"@id\":\"https:\\\/\\\/ecoquimic.com\\\/granel\\\/#primaryimage\"},\"image\":{\"@id\":\"https:\\\/\\\/ecoquimic.com\\\/granel\\\/#primaryimage\"},\"thumbnailUrl\":\"https:\\\/\\\/ecoquimic.com\\\/wp-content\\\/uploads\\\/2024\\\/01\\\/21x14.50-media-pag-2-Post-de-Instagram-Cuadrado.png\",\"datePublished\":\"2024-04-12T10:33:10+00:00\",\"dateModified\":\"2024-05-09T09:17:14+00:00\",\"description\":\"Fabricaci\u00f3n de productos qu\u00edmicos, marcas blancas, productos de limpieza, automoci\u00f3n, n\u00e1utica, lavander\u00eda industrial, lavander\u00eda dom\u00e9stica, construcci\u00f3n, Canal Horeca, productos biol\u00f3gicos, ambientadores, piscina. Ecoquimic - Granel\",\"breadcrumb\":{\"@id\":\"https:\\\/\\\/ecoquimic.com\\\/granel\\\/#breadcrumb\"},\"inLanguage\":\"ca\",\"potentialAction\":[{\"@type\":\"ReadAction\",\"target\":[\"https:\\\/\\\/ecoquimic.com\\\/granel\\\/\"]}]},{\"@type\":\"ImageObject\",\"inLanguage\":\"ca\",\"@id\":\"https:\\\/\\\/ecoquimic.com\\\/granel\\\/#primaryimage\",\"url\":\"https:\\\/\\\/ecoquimic.com\\\/wp-content\\\/uploads\\\/2024\\\/01\\\/21x14.50-media-pag-2-Post-de-Instagram-Cuadrado.png\",\"contentUrl\":\"https:\\\/\\\/ecoquimic.com\\\/wp-content\\\/uploads\\\/2024\\\/01\\\/21x14.50-media-pag-2-Post-de-Instagram-Cuadrado.png\",\"width\":1080,\"height\":1080},{\"@type\":\"BreadcrumbList\",\"@id\":\"https:\\\/\\\/ecoquimic.com\\\/granel\\\/#breadcrumb\",\"itemListElement\":[{\"@type\":\"ListItem\",\"position\":1,\"name\":\"Portada\",\"item\":\"https:\\\/\\\/ecoquimic.com\\\/\"},{\"@type\":\"ListItem\",\"position\":2,\"name\":\"Granel\"}]},{\"@type\":\"WebSite\",\"@id\":\"https:\\\/\\\/ecoquimic.com\\\/#website\",\"url\":\"https:\\\/\\\/ecoquimic.com\\\/\",\"name\":\"Ecoquimic\",\"description\":\"F\u00e1brica productos qu\u00edmicos de limpieza en Mallorca, Baleares, Espa\u00f1a\",\"publisher\":{\"@id\":\"https:\\\/\\\/ecoquimic.com\\\/#organization\"},\"potentialAction\":[{\"@type\":\"SearchAction\",\"target\":{\"@type\":\"EntryPoint\",\"urlTemplate\":\"https:\\\/\\\/ecoquimic.com\\\/?s={search_term_string}\"},\"query-input\":{\"@type\":\"PropertyValueSpecification\",\"valueRequired\":true,\"valueName\":\"search_term_string\"}}],\"inLanguage\":\"ca\"},{\"@type\":\"Organization\",\"@id\":\"https:\\\/\\\/ecoquimic.com\\\/#organization\",\"name\":\"Ecoquimic\",\"url\":\"https:\\\/\\\/ecoquimic.com\\\/\",\"logo\":{\"@type\":\"ImageObject\",\"inLanguage\":\"ca\",\"@id\":\"https:\\\/\\\/ecoquimic.com\\\/#\\\/schema\\\/logo\\\/image\\\/\",\"url\":\"https:\\\/\\\/ecoquimic.com\\\/wp-content\\\/uploads\\\/2021\\\/10\\\/ecoquimic.png\",\"contentUrl\":\"https:\\\/\\\/ecoquimic.com\\\/wp-content\\\/uploads\\\/2021\\\/10\\\/ecoquimic.png\",\"width\":200,\"height\":93,\"caption\":\"Ecoquimic\"},\"image\":{\"@id\":\"https:\\\/\\\/ecoquimic.com\\\/#\\\/schema\\\/logo\\\/image\\\/\"},\"sameAs\":[\"https:\\\/\\\/www.facebook.com\\\/EcoquimicBalear\\\/\",\"https:\\\/\\\/x.com\\\/EcoquimicBalear\",\"https:\\\/\\\/www.instagram.com\\\/ecoquimic\\\/\",\"https:\\\/\\\/www.linkedin.com\\\/company\\\/ecoquimicbalear\\\/\",\"https:\\\/\\\/www.youtube.com\\\/channel\\\/UCYxjbpYf4oB7iKCsjUM1J4g\"]}]}<\/script>\n<!-- \/ Yoast SEO plugin. -->","yoast_head_json":{"title":"Granel - Ecoquimic","description":"Fabricaci\u00f3n de productos qu\u00edmicos, marcas blancas, productos de limpieza, automoci\u00f3n, n\u00e1utica, lavander\u00eda industrial, lavander\u00eda dom\u00e9stica, construcci\u00f3n, Canal Horeca, productos biol\u00f3gicos, ambientadores, piscina. Ecoquimic - Granel","robots":{"index":"index","follow":"follow","max-snippet":"max-snippet:-1","max-image-preview":"max-image-preview:large","max-video-preview":"max-video-preview:-1"},"canonical":"https:\/\/ecoquimic.com\/ca\/granel\/","og_locale":"ca_ES","og_type":"article","og_title":"Granel - Ecoquimic","og_description":"Fabricaci\u00f3n de productos qu\u00edmicos, marcas blancas, productos de limpieza, automoci\u00f3n, n\u00e1utica, lavander\u00eda industrial, lavander\u00eda dom\u00e9stica, construcci\u00f3n, Canal Horeca, productos biol\u00f3gicos, ambientadores, piscina. Ecoquimic - Granel","og_url":"https:\/\/ecoquimic.com\/ca\/granel\/","og_site_name":"Ecoquimic","article_publisher":"https:\/\/www.facebook.com\/EcoquimicBalear\/","article_modified_time":"2024-05-09T09:17:14+00:00","og_image":[{"width":1080,"height":1080,"url":"https:\/\/ecoquimic.com\/wp-content\/uploads\/2024\/01\/21x14.50-media-pag-2-Post-de-Instagram-Cuadrado.png","type":"image\/png"}],"twitter_card":"summary_large_image","twitter_site":"@EcoquimicBalear","twitter_misc":{"Temps estimat de lectura":"1 minut"},"schema":{"@context":"https:\/\/schema.org","@graph":[{"@type":"WebPage","@id":"https:\/\/ecoquimic.com\/granel\/","url":"https:\/\/ecoquimic.com\/granel\/","name":"Granel - Ecoquimic","isPartOf":{"@id":"https:\/\/ecoquimic.com\/#website"},"primaryImageOfPage":{"@id":"https:\/\/ecoquimic.com\/granel\/#primaryimage"},"image":{"@id":"https:\/\/ecoquimic.com\/granel\/#primaryimage"},"thumbnailUrl":"https:\/\/ecoquimic.com\/wp-content\/uploads\/2024\/01\/21x14.50-media-pag-2-Post-de-Instagram-Cuadrado.png","datePublished":"2024-04-12T10:33:10+00:00","dateModified":"2024-05-09T09:17:14+00:00","description":"Fabricaci\u00f3n de productos qu\u00edmicos, marcas blancas, productos de limpieza, automoci\u00f3n, n\u00e1utica, lavander\u00eda industrial, lavander\u00eda dom\u00e9stica, construcci\u00f3n, Canal Horeca, productos biol\u00f3gicos, ambientadores, piscina. Ecoquimic - Granel","breadcrumb":{"@id":"https:\/\/ecoquimic.com\/granel\/#breadcrumb"},"inLanguage":"ca","potentialAction":[{"@type":"ReadAction","target":["https:\/\/ecoquimic.com\/granel\/"]}]},{"@type":"ImageObject","inLanguage":"ca","@id":"https:\/\/ecoquimic.com\/granel\/#primaryimage","url":"https:\/\/ecoquimic.com\/wp-content\/uploads\/2024\/01\/21x14.50-media-pag-2-Post-de-Instagram-Cuadrado.png","contentUrl":"https:\/\/ecoquimic.com\/wp-content\/uploads\/2024\/01\/21x14.50-media-pag-2-Post-de-Instagram-Cuadrado.png","width":1080,"height":1080},{"@type":"BreadcrumbList","@id":"https:\/\/ecoquimic.com\/granel\/#breadcrumb","itemListElement":[{"@type":"ListItem","position":1,"name":"Portada","item":"https:\/\/ecoquimic.com\/"},{"@type":"ListItem","position":2,"name":"Granel"}]},{"@type":"WebSite","@id":"https:\/\/ecoquimic.com\/#website","url":"https:\/\/ecoquimic.com\/","name":"Ecoquimic","description":"F\u00e1brica productos qu\u00edmicos de limpieza en Mallorca, Baleares, Espa\u00f1a","publisher":{"@id":"https:\/\/ecoquimic.com\/#organization"},"potentialAction":[{"@type":"SearchAction","target":{"@type":"EntryPoint","urlTemplate":"https:\/\/ecoquimic.com\/?s={search_term_string}"},"query-input":{"@type":"PropertyValueSpecification","valueRequired":true,"valueName":"search_term_string"}}],"inLanguage":"ca"},{"@type":"Organization","@id":"https:\/\/ecoquimic.com\/#organization","name":"Ecoquimic","url":"https:\/\/ecoquimic.com\/","logo":{"@type":"ImageObject","inLanguage":"ca","@id":"https:\/\/ecoquimic.com\/#\/schema\/logo\/image\/","url":"https:\/\/ecoquimic.com\/wp-content\/uploads\/2021\/10\/ecoquimic.png","contentUrl":"https:\/\/ecoquimic.com\/wp-content\/uploads\/2021\/10\/ecoquimic.png","width":200,"height":93,"caption":"Ecoquimic"},"image":{"@id":"https:\/\/ecoquimic.com\/#\/schema\/logo\/image\/"},"sameAs":["https:\/\/www.facebook.com\/EcoquimicBalear\/","https:\/\/x.com\/EcoquimicBalear","https:\/\/www.instagram.com\/ecoquimic\/","https:\/\/www.linkedin.com\/company\/ecoquimicbalear\/","https:\/\/www.youtube.com\/channel\/UCYxjbpYf4oB7iKCsjUM1J4g"]}]}},"_links":{"self":[{"href":"https:\/\/ecoquimic.com\/ca\/wp-json\/wp\/v2\/pages\/11787","targetHints":{"allow":["GET"]}}],"collection":[{"href":"https:\/\/ecoquimic.com\/ca\/wp-json\/wp\/v2\/pages"}],"about":[{"href":"https:\/\/ecoquimic.com\/ca\/wp-json\/wp\/v2\/types\/page"}],"author":[{"embeddable":true,"href":"https:\/\/ecoquimic.com\/ca\/wp-json\/wp\/v2\/users\/10"}],"replies":[{"embeddable":true,"href":"https:\/\/ecoquimic.com\/ca\/wp-json\/wp\/v2\/comments?post=11787"}],"version-history":[{"count":17,"href":"https:\/\/ecoquimic.com\/ca\/wp-json\/wp\/v2\/pages\/11787\/revisions"}],"predecessor-version":[{"id":14892,"href":"https:\/\/ecoquimic.com\/ca\/wp-json\/wp\/v2\/pages\/11787\/revisions\/14892"}],"wp:featuredmedia":[{"embeddable":true,"href":"https:\/\/ecoquimic.com\/ca\/wp-json\/wp\/v2\/media\/5986"}],"wp:attachment":[{"href":"https:\/\/ecoquimic.com\/ca\/wp-json\/wp\/v2\/media?parent=11787"}],"curies":[{"name":"wp","href":"https:\/\/api.w.org\/{rel}","templated":true}]}}